{"id":960,"date":"2024-11-06T09:57:30","date_gmt":"2024-11-06T09:57:30","guid":{"rendered":"https:\/\/fumotxpress.de\/?post_type=product&#038;p=960"},"modified":"2025-05-20T09:51:57","modified_gmt":"2025-05-20T09:51:57","slug":"europeiskt-lager-fumot-randm-digitalbox-12000-puffar-lag-nikotinhalt-kop-original-autentisk-uppladdningsbar-engangspenna","status":"publish","type":"product","link":"https:\/\/fumotxpress.de\/sv\/produkt\/europeiskt-lager-fumot-randm-digitalbox-12000-puffar-lag-nikotinhalt-kop-original-autentisk-uppladdningsbar-engangspenna\/","title":{"rendered":"Europ\u00e9iskt lager Fumot RandM Digital Box 12000 Puffs L\u00e5g Nikotin K\u00f6p Original Autentisk Upp laddningsbar Eng\u00e5ngs Vape Pen"},"content":{"rendered":"<h1>Europeiskt lager Fumot RandM Digital Box 12000 bloss L\u00e5g nikotin Uppladdningsbar F\u00f6rbrukningsbar Vape Pen<\/h1>\n<p><strong>Utforska den ultimata vape-upplevelsen med Fumot RandM Digital Box 12000 Puffs<\/strong><\/p>\n<p>Den <a href=\"https:\/\/fumotxpress.de\/sv\/produkt\/europeiskt-lager-fumot-randm-digitalbox-12000-puffar-lag-nikotinhalt-kop-original-autentisk-uppladdningsbar-engangspenna\/\"><strong>Fumot RandM Digital Box 12000 Puffs<\/strong> <\/a>\u00e4r en revolutionerande eng\u00e5ngsvapepenna som kombinerar prestanda, stil och bekv\u00e4mlighet, vilket g\u00f6r den till det perfekta valet f\u00f6r b\u00e5de erfarna vapers och nyb\u00f6rjare. Designad f\u00f6r att leverera en exceptionell vapeupplevelse fr\u00e5n f\u00f6rsta till sista puff, erbjuder denna innovativa enhet upp till 12 000 puffs, vilket s\u00e4kerst\u00e4ller att du kan njuta av l\u00e5ngvarig tillfredsst\u00e4llelse utan besv\u00e4ret med konstanta p\u00e5fyllningar eller ers\u00e4ttningar.<\/p>\n<p>Enbart tillg\u00e4nglig p\u00e5 <strong>FumotXpress.de<\/strong>, den ledande online\u00e5terf\u00f6rs\u00e4ljaren f\u00f6r eng\u00e5ngsvape-produkter i Tyskland, <strong>Fumot RandM Digital Box<\/strong> skickas direkt fr\u00e5n v\u00e5rt europeiska lager, vilket s\u00e4kerst\u00e4ller snabb leverans \u00f6ver hela EU. Oavsett om du k\u00f6per en vapepenna eller k\u00f6per i bulk, erbjuder FumotXpress.de snabb, tillf\u00f6rlitlig service utan krav p\u00e5 minimiorder.<\/p>\n<h3>Produkt\u00f6versikt av Fumot RandM Digital Box 12000 Puffs<\/h3>\n<p>Den <a href=\"https:\/\/fumotxpress.de\/sv\/\"><strong>Fumot RandM Digital Box 12000 Puffs<\/strong><\/a> \u00e4r en avancerad uppladdningsbar eng\u00e5ngsvapepenna som integrerar b\u00e5de h\u00f6g prestanda och ett snyggt, anv\u00e4ndarv\u00e4nligt design. Med en <strong>20ml f\u00f6rfylld e-v\u00e4tska<\/strong> kapacitet och <strong>upp till 12 000 bloss<\/strong>Denna enhet \u00e4r konstruerad f\u00f6r ut\u00f6kat bruk och erbjuder o\u00f6vertr\u00e4ffad bekv\u00e4mlighet och kvalitet.<\/p>\n<p>Den<a href=\"https:\/\/fumotxpress.de\/sv\/\"> <strong>Fumot RandM Digital Box<\/strong><\/a> har en <strong>Typ-C laddningsport<\/strong>, vilket m\u00f6jligg\u00f6r snabbt och effektivt laddning av <strong>550mAh batteri<\/strong>, s\u00e5 att din enhet alltid \u00e4r redo att anv\u00e4ndas. Dessutom har den en intuitiv <strong>LED-sk\u00e4rm<\/strong> som visar b\u00e5de batteriniv\u00e5er och e-v\u00e4tskekapacitet, s\u00e5 att du \u00e4r informerad om din vape-upplevelse.<\/p>\n<p>Ut\u00f6ver prestandan erbjuder denna vape-penna anpassningsbara funktioner, inklusive <strong>RGB-belysning<\/strong> med sex f\u00e4rgalternativ, vilket l\u00e4gger till en touch av personalisering och stil till varje session. Oavsett om du letar efter en klassisk look eller en mer levande display, <strong>Fumot RandM Digital Box<\/strong> tillgodoser dina \u00f6nskem\u00e5l.<\/p>\n<h3>Viktiga Funktioner hos Fumot RandM Digital Box 12000 Puffs<\/h3>\n<ol>\n<li><strong>Imponerande puffkapacitet:<\/strong> Med <strong>upp till 12 000 bloss<\/strong>, den <strong>Fumot RandM Digital Box<\/strong> erbjuder en l\u00e5ngvarig vaping-upplevelse, perfekt f\u00f6r dem som vill ha en ut\u00f6kad, problemfri l\u00f6sning.<\/li>\n<li><strong>Storslagen E-v\u00e4tskevolym:<\/strong> F\u00f6rifylld med <strong>20ml e-v\u00e4tska<\/strong>Denna enhet eliminerar behovet av konstant p\u00e5fyllning och s\u00e4kerst\u00e4ller att du kan njuta av en j\u00e4mn och tillfredsst\u00e4llande vape under en l\u00e4ngre period.<\/li>\n<li><strong>Uppladdningsbar Batteri med Type-C Port:<\/strong> Utrustad med en <strong>550mAh uppladdningsbar batteri<\/strong>, den <strong>Fumot RandM Digital Box<\/strong> erbjuder snabb, effektiv uppladdning med den medf\u00f6ljande <strong>Typ-C laddningsport<\/strong>, s\u00e5 att din enhet alltid \u00e4r redo n\u00e4r du \u00e4r.<\/li>\n<li><strong>LED Batteri &amp; V\u00e4tskeindikator:<\/strong> Den <strong>LED-sk\u00e4rm<\/strong> tydligt visar b\u00e5da dina <strong>batteriets livsl\u00e4ngd<\/strong> och de \u00e5terst\u00e5ende <strong>e-v\u00e4tska<\/strong> niv\u00e5, s\u00e5 att du enkelt kan \u00f6vervaka enhetsprestandan och undvika \u00f6verraskningar.<\/li>\n<li><strong>Anpassningsbara RGB-Ljuseffekter:<\/strong> V\u00e4lj fr\u00e5n <strong>sex levande f\u00e4rger<\/strong> f\u00f6r att belysa din vapepenna och njuta av en personlig upplevelse med varje puff. RGB-belysningen f\u00f6rb\u00e4ttrar b\u00e5de estetik och det roliga med vaping.<\/li>\n<li><strong>Nikotinstyrka Alternativ:<\/strong> Den <strong>Fumot RandM Digital Box<\/strong> erbjudanden <strong>tv\u00e5 nikotinstyrka alternativ<\/strong>, s\u00e5 att du kan v\u00e4lja mellan <strong>5%<\/strong> (50mg\/ml) eller <strong>2%<\/strong> (20mg\/ml) nikotinstyrka f\u00f6r att matcha dina \u00f6nskem\u00e5l.<\/li>\n<li><strong>Justerbar luftfl\u00f6deskontroll:<\/strong> Anpassa din vape-upplevelse med j\u00e4mn, justerbar luftfl\u00f6deskontroll, vilket ger dig m\u00f6jlighet att personligen anpassa dragningen efter din smak.<\/li>\n<li><strong>48 Unika Smaker:<\/strong> Med ett urval av <strong>48 unika smaker<\/strong>, den <strong>Fumot RandM Digital Box<\/strong> garanterar att det finns n\u00e5got f\u00f6r alla, oavsett om du f\u00f6redrar fruktiga, mentolaktiga eller dessertinspirerade profiler.<\/li>\n<\/ol>\n<h3>Varf\u00f6r v\u00e4lja Fumot RandM Digital Box 12000 Puffs?<\/h3>\n<p>Den <strong>Fumot RandM Digital Box 12000 Puffs<\/strong> \u00e4r mer \u00e4n bara en eng\u00e5ngsbar vapepenna; det \u00e4r ett livsstilstillbeh\u00f6r som kombinerar stil, prestanda och m\u00e5ngsidighet. Med sina imponerande funktioner, ut\u00f6kade puffantal och anpassningsbara belysning skiljer sig denna vapedevice ut p\u00e5 en \u00f6verbelastad marknad. Oavsett om du \u00e4r hemma eller p\u00e5 v\u00e4g, <strong>Fumot RandM Digital Box<\/strong> \u00e4r ett tillf\u00f6rlitligt och trevligt val f\u00f6r dina vapingbehov.<\/p>\n<ol>\n<li><strong>L\u00e5ngvarig Prestanda<\/strong>: Upp till <strong>12 000 bloss \n(Or  could also be translated as  12.000 bloss, depends on context)<\/strong>du kan f\u00f6rlita dig p\u00e5 <strong>Fumot RandM Digital Box<\/strong> f\u00f6r att m\u00f6jligg\u00f6ra ut\u00f6kat bruk utan behov av konstanta ers\u00e4ttningar, vilket g\u00f6r det till ett mycket ekonomiskt val.<\/li>\n<li><strong>Personlig upplevelse<\/strong>: Den <strong>RGB ljuseffekter<\/strong> och <strong>justerbar luftfl\u00f6de<\/strong> ger dig m\u00f6jlighet att anpassa din vapingupplevelse, medan den <strong>LED-display<\/strong> g\u00f6r att du alltid \u00e4r medveten om din enhets status.<\/li>\n<li><strong>Bekv\u00e4mlighet och stil<\/strong>: Den eleganta, kompakta designen g\u00f6r enheten l\u00e4tt att b\u00e4ra och anv\u00e4nda, medan den uppladdningsbara batteriet och <strong>Typ-C laddningsport<\/strong> s\u00e4kerst\u00e4ll snabb och problemfri p\u00e5fyllning.<\/li>\n<li><strong>Premiumsmaker<\/strong>Med <strong>48 distinkta smaker<\/strong> att v\u00e4lja mellan, de <strong>Fumot RandM Digital Box<\/strong> tillfredsst\u00e4ller varje smakpreferens och levererar konsekvent smakrika puffs varje g\u00e5ng.<\/li>\n<\/ol>\n<h3>Fumot RandM Digital Box 12000 Puffar Smakguide<\/h3>\n<p>En av h\u00f6jdpunkterna <strong>Fumot RandM Digital Box 12000 Puffs<\/strong> \u00e4r dess exceptionella sortiment av smaker. Tillverkade med hj\u00e4lp av h\u00f6gkvalitativa ingredienser, \u00e4r varje smakprofil utformad f\u00f6r att ge en unik och tillfredsst\u00e4llande vapingupplevelse. Oavsett om du \u00e4r i hum\u00f6r f\u00f6r n\u00e5got s\u00f6tt, fruktigt eller uppfriskande, hittar du en smak som passar dina \u00f6nskem\u00e5l. H\u00e4r \u00e4r en titt p\u00e5 n\u00e5gra av de mest popul\u00e4ra alternativen:<\/p>\n<ol>\n<li><strong>Mango Glass \n Mango is translated as Mango in Swedish and Ice as glass.<\/strong>En tropisk klassiker, <strong>Mango Glass \n Mango is translated as Mango in Swedish and Ice as glass.<\/strong> Kombinerar den saftiga, s\u00f6ta smaken av mogna mango med en sval mentholfinish. Denna uppfriskande blandning \u00e4r perfekt f\u00f6r dem som njuter av en s\u00f6t men livlig vapingupplevelse.<\/li>\n<li><strong>Vattenmelon<\/strong>: F\u00e5nga essensen av sommaren, <strong>Vattenmelon<\/strong> levererar den uppfriskande smaken av mogen, saftig vattenmelon i varje puff. Den \u00e4r l\u00e4tt, s\u00f6t och perfekt f\u00f6r en \u00e5terfuktande vape-upplevelse.<\/li>\n<li><strong>Cola<\/strong>: Om du l\u00e4ngtar efter en mousserande, kraftfull vape, <strong>Cola<\/strong> \u00e4r smaken f\u00f6r dig. Denna nostalgiska profil efterliknar smaken av din favoritl\u00e4sk, och erbjuder en s\u00f6t och n\u00e5got syrlig vape med en kolsyrad k\u00e4nsla.<\/li>\n<li><strong>Bl\u00e5b\u00e4rsmynta<\/strong>Kombinationen av <strong>mogna bl\u00e5b\u00e4r<\/strong> och <strong>mint<\/strong> skapar en perfekt balans mellan s\u00f6tt och fr\u00e4scht. <strong>Bl\u00e5b\u00e4rsmynta<\/strong> \u00e4r ett smakrikt och uppfriskande alternativ f\u00f6r alla tider p\u00e5 dagen.<\/li>\n<li><strong>Energidryck<\/strong>: F\u00f6r de som \u00e4lskar en energikick, den <strong>Energidryck<\/strong> smaken f\u00e5ngar den livliga och pulserande energin hos en energidryck och ger en kryddig och smakrik upplevelse som s\u00e4kerligen v\u00e4cker dina sinnen.<\/li>\n<li><strong>Jordgubbst\u00e5rta<\/strong>: \u00d6vertyga dig sj\u00e4lv med den kr\u00e4miga, dessertliknande smaken av <strong>Jordgubbst\u00e5rta<\/strong>som kombinerar s\u00f6ta, mogna jordgubbar med en rik, sl\u00e4t cheesecakebas f\u00f6r en dekadent godbit.<\/li>\n<li><strong>Ananas Kokos<\/strong>: F\u00f6rflytta dig till ett tropiskt paradis med kombinationen av <strong>s\u00f6t ananas<\/strong> och j\u00e4mn <strong>kokosn\u00f6t<\/strong>, skapa en strandinspirerad vape som \u00e4r b\u00e5de s\u00f6t och uppfriskande.<\/li>\n<li><strong>Drueis<\/strong>: <strong>Drueis<\/strong> erbjuder den djupa, fruktiga smaken av druvor, kompletterad med en kylande mentolfinish. Denna kombination \u00e4r perfekt f\u00f6r dem som \u00e4lskar en uppfriskande, s\u00f6t fruktsmak med en isig twist.<\/li>\n<li><strong>Vaniljkr\u00e4m<\/strong>: F\u00f6r dessert\u00e4lskare, <strong>Vaniljkr\u00e4m<\/strong> erbjuder en rik, kr\u00e4mig vaniljsmak med en mjuk, kr\u00e4mig finish. Det \u00e4r ett s\u00f6tt, lyxigt val f\u00f6r dem som uppskattar en tr\u00f6stande, dessertinspirerad vape.<\/li>\n<li><strong>\u00c4ppel is \nno translation needed for \"Apple\" as it is a proper noun,  \"Ice\" is translated to \"is\" no,  \"Ice\" = \"is\" no. \nApple Ice \n= \u00c4pple is no \n \u00c4ppel Ice \n= \u00c4ppel \n Ice \nno \n= Apple \n translation \n Ice \n Proper \n translation \n= \nApple \n Ice \nno \n translation \n needed \n Proper \n Noun \n common \n translation \n for \n Ice \nis \nis \n no \n \u00c4ppel \nis \n Ice \n translation \nof \n Ice \nis \n= \n no \n Ice \n= \nis \n no \n= \n \u00c4ppel \n Ice \n Proper \n translation \nof \n Ice \nis \n Ice \n= \n Ice \nno \n= \nApple \n Ice \n Proper \n Noun \n= \n \u00c4ppel \nis \nno \n Ice \n translation \nof \n Ice \n= \n Ice \nno \n translation \n= \nApple \n Ice \n= \n \u00c4ppel \n Ice<\/strong>Denna smak f\u00e5ngar den skarpa, friska smaken av en nyplockad \u00e4pple, f\u00f6rst\u00e4rkt av en sval mentholfinish. <strong>\u00c4ppel is \nno translation needed for \"Apple\" as it is a proper noun,  \"Ice\" is translated to \"is\" no,  \"Ice\" = \"is\" no. \nApple Ice \n= \u00c4pple is no \n \u00c4ppel Ice \n= \u00c4ppel \n Ice \nno \n= Apple \n translation \n Ice \n Proper \n translation \n= \nApple \n Ice \nno \n translation \n needed \n Proper \n Noun \n common \n translation \n for \n Ice \nis \nis \n no \n \u00c4ppel \nis \n Ice \n translation \nof \n Ice \nis \n= \n no \n Ice \n= \nis \n no \n= \n \u00c4ppel \n Ice \n Proper \n translation \nof \n Ice \nis \n Ice \n= \n Ice \nno \n= \nApple \n Ice \n Proper \n Noun \n= \n \u00c4ppel \nis \nno \n Ice \n translation \nof \n Ice \n= \n Ice \nno \n translation \n= \nApple \n Ice \n= \n \u00c4ppel \n Ice<\/strong> \u00e4r den perfekta blandningen av s\u00f6tt och uppfriskande med en kyld kant.<\/li>\n<\/ol>\n<p>Med totalt <strong>48 smaker<\/strong> att utforska, det finns ingen brist p\u00e5 variation att njuta med <strong>Fumot RandM Digital Box 12000 Puffs<\/strong>Oavsett om du letar efter n\u00e5got fruktigt, mintigt eller dessertinspirerat, hittar du den perfekta smaken som passar ditt hum\u00f6r.<\/p>\n<h3>Best\u00e4ll Fumot RandM Digital Box 12000 Puffs fr\u00e5n FumotXpress.de<\/h3>\n<p>P\u00e5 <strong>FumotXpress.de<\/strong>, vi \u00e4r stolta \u00f6ver att vara den st\u00f6rsta online-retailplattformen f\u00f6r eng\u00e5ngsvape-produkter i Tyskland. Vi erbjuder ett omfattande urval av h\u00f6gkvalitativa vape-produkter, inklusive <strong>Fumot RandM Digital Box 12000 Puffs<\/strong>, som kan k\u00f6pas utan minimikvantitet. Oavsett om du beh\u00f6ver en enhet eller en storbest\u00e4llning f\u00f6r detaljhandelsgrupper, s\u00e5 har vi dig t\u00e4ckt. Alla v\u00e5ra produkter skickas direkt fr\u00e5n v\u00e5rt europeiska lager, vilket s\u00e4kerst\u00e4ller snabb leverans inom <strong>3-7 dagar<\/strong>.<\/p>\n<p>N\u00e4r du handlar med <a href=\"https:\/\/fumotxpress.de\/sv\/\"><strong>FumotXpress.de<\/strong>,<\/a> Du \u00e4r garanterad att f\u00e5 originalprodukter som uppfyller de h\u00f6gsta kvalitetsstandarderna. V\u00e5r l\u00e4ttnavigerade webbplats och tillf\u00f6rlitliga kundservice g\u00f6r det m\u00f6jligt f\u00f6r dig att k\u00f6pa dina eng\u00e5ngsvape-produkter p\u00e5 ett smidigt s\u00e4tt.<\/p>\n<h3>Slutsats<\/h3>\n<p>Den <a href=\"https:\/\/fumotxpress.de\/sv\/\"><strong>Fumot RandM Digital Box 12000 Puffs<\/strong> <\/a>\u00e4r det ultimata valet f\u00f6r vapers som kr\u00e4ver kvalitet, stil och prestanda. Med sin l\u00e5ngvariga puffkapacitet, premiumm\u00e4ngd e-v\u00e4tska, uppladdningsbar batteri och omfattande smakalternativ erbjuder denna enhet allt du beh\u00f6ver f\u00f6r en \u00f6verl\u00e4gsen vapingupplevelse. Handla hos <strong>FumotXpress.de<\/strong> Idag och njut av snabb, p\u00e5litlig leverans direkt fr\u00e5n v\u00e5rt europeiska lager. Oavsett om du \u00e4r en avslappnad vaper eller en h\u00e4ngiven entusiast<\/p>","protected":false},"excerpt":{"rendered":"<p>K\u00f6p Fumot RandM Digital Box 12000 Puffs uppladdningsbar eng\u00e5ngsvapepenna p\u00e5 FumotXpress.de, med l\u00e5gt nikotin, premiumsmaker och snabb leverans fr\u00e5n v\u00e5rt europeiska lager.<\/p>","protected":false},"featured_media":2455,"comment_status":"open","ping_status":"closed","template":"","meta":{"om_disable_all_campaigns":false},"product_brand":[],"product_cat":[24,91,92,94,95,96,97,99,101,103,104,107,108,109,111,112,78,79,80,81,82,83,84,85,86,87,88,89,90,70,73,56,61,63,65,67],"product_tag":[],"class_list":{"0":"post-960","1":"product","2":"type-product","3":"status-publish","4":"has-post-thumbnail","6":"product_cat-fumot-tornado-disposable-vapes","7":"product_cat-buy-best-disposable-vape-flavors","8":"product_cat-apple-flavor-disposable-vapes","9":"product_cat-blueberry-flavor-disposable-vapes","10":"product_cat-cherry-flavor-disposable-vapes","11":"product_cat-cola-flavor-disposable-vapes","12":"product_cat-grape-flavor-disposable-vapes","13":"product_cat-ice-flavor-disposable-vapes","14":"product_cat-lemon-flavor-disposable-vapes","15":"product_cat-mango-flavor-disposable-vapes","16":"product_cat-mint-flavor-disposable-vapes","17":"product_cat-peach-flavor-disposable-vapes","18":"product_cat-pineapple-flavor-disposable-vapes","19":"product_cat-raspberry-flavor-disposable-vapes","20":"product_cat-strawberry-flavor-disposable-vapes","21":"product_cat-watermelon-flavor-disposable-vapes","22":"product_cat-best-disposable-vape-in-europe","23":"product_cat-buy-disposable-vapes-in-austria","24":"product_cat-buy-disposable-vapes-in-belgium","25":"product_cat-buy-disposable-vapes-in-france","26":"product_cat-buy-disposable-vapes-in-germany","27":"product_cat-buy-disposable-vapes-in-italy","28":"product_cat-buy-disposable-vapes-in-netherlands","29":"product_cat-buy-disposable-vapes-in-norway","30":"product_cat-buy-disposable-vapes-in-poland","31":"product_cat-buy-disposable-vapes-in-portugal","32":"product_cat-buy-disposable-vapes-in-spain","33":"product_cat-buy-disposable-vapes-in-sweden","34":"product_cat-buy-disposable-vapes-in-switzerland","35":"product_cat-shop-disposable-vapes-by-puffs","36":"product_cat-12000-puff-disposable-vape","37":"product_cat-disposable-vape-types","38":"product_cat-big-puffs-disposable-vapes","39":"product_cat-digital-box-disposable-vapes","40":"product_cat-lower-nicotine-disposable-vapes","41":"product_cat-rechargeable-disposable-vapes","43":"first","44":"instock","45":"shipping-taxable","46":"purchasable","47":"product-type-variable"},"_links":{"self":[{"href":"https:\/\/fumotxpress.de\/sv\/wp-json\/wp\/v2\/product\/960","targetHints":{"allow":["GET"]}}],"collection":[{"href":"https:\/\/fumotxpress.de\/sv\/wp-json\/wp\/v2\/product"}],"about":[{"href":"https:\/\/fumotxpress.de\/sv\/wp-json\/wp\/v2\/types\/product"}],"replies":[{"embeddable":true,"href":"https:\/\/fumotxpress.de\/sv\/wp-json\/wp\/v2\/comments?post=960"}],"wp:featuredmedia":[{"embeddable":true,"href":"https:\/\/fumotxpress.de\/sv\/wp-json\/wp\/v2\/media\/2455"}],"wp:attachment":[{"href":"https:\/\/fumotxpress.de\/sv\/wp-json\/wp\/v2\/media?parent=960"}],"wp:term":[{"taxonomy":"product_brand","embeddable":true,"href":"https:\/\/fumotxpress.de\/sv\/wp-json\/wp\/v2\/product_brand?post=960"},{"taxonomy":"product_cat","embeddable":true,"href":"https:\/\/fumotxpress.de\/sv\/wp-json\/wp\/v2\/product_cat?post=960"},{"taxonomy":"product_tag","embeddable":true,"href":"https:\/\/fumotxpress.de\/sv\/wp-json\/wp\/v2\/product_tag?post=960"}],"curies":[{"name":"wp","href":"https:\/\/api.w.org\/{rel}","templated":true}]}}