{"id":763,"date":"2024-11-05T07:04:55","date_gmt":"2024-11-05T07:04:55","guid":{"rendered":"https:\/\/fumotxpress.de\/?post_type=product&#038;p=763"},"modified":"2025-05-20T09:51:57","modified_gmt":"2025-05-20T09:51:57","slug":"europeiskt-lager-airmez-matrix-25000-puffar-lag-nikotinhalt-kop-original-autentisk-uppladdningsbar-engangspenna","status":"publish","type":"product","link":"https:\/\/fumotxpress.de\/sv\/produkt\/europeiskt-lager-airmez-matrix-25000-puffar-lag-nikotinhalt-kop-original-autentisk-uppladdningsbar-engangspenna\/","title":{"rendered":"Europeiskt lager Airmez Matrix 25000 puffar L\u00e5g nikotin K\u00f6p original \u00c4kta uppladdningsbar eng\u00e5ngsvapepenna"},"content":{"rendered":"<h2>Airmez Matrix 25000 Puffs Uppladdningsbar Eng\u00e5ngs Vape Pen \u2013 H\u00f6j Din Vaping Upplevelse<\/h2>\n<h3>Introduktion till Airmez Matrix 25000 Puffs<\/h3>\n<p>Den <a href=\"https:\/\/fumotxpress.de\/sv\/produkt\/europeiskt-lager-airmez-matrix-25000-puffar-lag-nikotinhalt-kop-original-autentisk-uppladdningsbar-engangspenna\/\"><strong>Airmez Matrix 25000 Puffs Upp laddningsbar eng\u00e5ngsvapepenna<\/strong><\/a> s\u00e4tter en ny standard f\u00f6r vaping-entusiaster. Utvecklad f\u00f6r b\u00e5de erfarna vapers och nyb\u00f6rjare, kombinerar denna eleganta och innovativa vape-apparat banbrytande teknologi med exceptionell prestanda. Finns exklusivt p\u00e5 <a href=\"https:\/\/fumotxpress.de\/sv\/\"><strong>FumotXpress.de<\/strong><\/a>, Tysklands ledande online-retailplattform f\u00f6r eng\u00e5ngsvape-produkter, erbjuder denna produkt exceptionell smak och h\u00e5llbarhet. Designad f\u00f6r de som uppskattar l\u00e5ngvarighet, bekv\u00e4mlighet och kvalitet, \u00e4r Airmez Matrix ett m\u00e5ste-ha-tillbeh\u00f6r f\u00f6r alla som s\u00f6ker en premium-vape-upplevelse. Med den imponerande f\u00f6rm\u00e5gan att leverera upp till 25 000 bloss, s\u00e4kerst\u00e4ller denna uppladdningsbara vape-penna att du inte beh\u00f6ver konstanta ers\u00e4ttningar, vilket g\u00f6r den till ett perfekt val f\u00f6r dagliga vapers och de som \u00e4r p\u00e5 spr\u00e5ng.<\/p>\n<p><img loading=\"lazy\" decoding=\"async\" class=\"alignnone size-full wp-image-798\" src=\"https:\/\/fumotxpress.de\/wp-content\/uploads\/2024\/11\/Airmez-Matrix-25000.webp\" alt=\"Airmez-Matrix-25000\" width=\"1016\" height=\"1452\" srcset=\"https:\/\/fumotxpress.de\/wp-content\/uploads\/2024\/11\/Airmez-Matrix-25000.webp 1016w, https:\/\/fumotxpress.de\/wp-content\/uploads\/2024\/11\/Airmez-Matrix-25000-600x857.webp 600w, https:\/\/fumotxpress.de\/wp-content\/uploads\/2024\/11\/Airmez-Matrix-25000-210x300.webp 210w, https:\/\/fumotxpress.de\/wp-content\/uploads\/2024\/11\/Airmez-Matrix-25000-717x1024.webp 717w, https:\/\/fumotxpress.de\/wp-content\/uploads\/2024\/11\/Airmez-Matrix-25000-768x1098.webp 768w\" sizes=\"auto, (max-width: 1016px) 100vw, 1016px\" \/><\/p>\n<h3>Vad g\u00f6r Airmez Matrix 25000 Puffs unik?<\/h3>\n<p>Den <strong>Airmez Matrix 25000 Puffs Disposable Vape Pen<\/strong> utm\u00e4rker sig fr\u00e5n konkurrensen tack vare sina avancerade funktioner och anv\u00e4ndarv\u00e4nliga design. Fr\u00e5n kraftfull batterikapacitet till innovativ luftfl\u00f6desteknologi, h\u00e4r \u00e4r det som g\u00f6r denna enhet till ett utm\u00e4rkt val f\u00f6r vaping-entusiaster:<\/p>\n<h4>L\u00e5ngvarig puffkapacitet<\/h4>\n<ul>\n<li><strong>Upp till 25 000 bloss<\/strong> i normalt l\u00e4ge och <strong>15 000 bloss<\/strong> i Boost-l\u00e4ge - perfekt f\u00f6r ut\u00f6kat vaping utan t\u00e4ta byten.<\/li>\n<\/ul>\n<h4>Dubbel-Mesh Coil-teknik<\/h4>\n<ul>\n<li>Njut av j\u00e4mna, aromatiska moln med varje puff. Dubbelmesarspolarna f\u00f6rb\u00e4ttrar smaken och \u00e5ngproduktionen, vilket ger en rik, j\u00e4mn vapingupplevelse.<\/li>\n<\/ul>\n<h4>Justerbar luftfl\u00f6de<\/h4>\n<ul>\n<li>Anpassa din vape-upplevelse med justerbar luftfl\u00f6de f\u00f6r att passa dina personliga preferenser, oavsett om du f\u00f6redrar en tight, tillfredsst\u00e4llande dragning eller en j\u00e4mnare inandning.<\/li>\n<\/ul>\n<h4>H\u00f6g Nikotinstyrka<\/h4>\n<ul>\n<li>Den <strong>5% nikotinstyrka<\/strong> levererar en potent, tillfredsst\u00e4llande nikotinshugg, vilket g\u00f6r den ideal f\u00f6r de som s\u00f6ker en starkare upplevelse.<\/li>\n<\/ul>\n<h4>2,1-tums peksk\u00e4rmdisplay<\/h4>\n<ul>\n<li>En unik egenskap hos Airmez Matrix \u00e4r dess <strong>peksk\u00e4rmdisplay<\/strong>som l\u00e5ter dig enkelt \u00f6vervaka din batteriniv\u00e5 och e-v\u00e4tskaniv\u00e5 i realtid.<\/li>\n<\/ul>\n<h4>Laddas via USB Type-C<\/h4>\n<ul>\n<li>Enheten levereras med en <strong>USB Type-C laddningsport<\/strong>, vilket m\u00f6jligg\u00f6r snabb och enkel uppladdning, vilket g\u00f6r den till ett milj\u00f6v\u00e4nligt alternativ till eng\u00e5ngsvape.<\/li>\n<\/ul>\n<h4>Teckenaktiverad teknik<\/h4>\n<ul>\n<li>Denna enhet \u00e4r utrustad med <strong>ritningsaktiverad teknik<\/strong>, vilket inneb\u00e4r att inga knappar kr\u00e4vs - andas helt enkelt in f\u00f6r att aktivera vape:n och njut av den sl\u00e4ta \u00e5ngan.<\/li>\n<\/ul>\n<h3>Varf\u00f6r v\u00e4lja Airmez Matrix 25000 Puffs Disposable Vape Pen?<\/h3>\n<p>Om du letar efter en h\u00f6gpresterande, milj\u00f6v\u00e4nlig och smakfull eng\u00e5ngsvape, \u00e4r <a href=\"https:\/\/fumotxpress.de\/sv\/\"><strong>Airmez Matrix 25000 Puffs<\/strong><\/a> \u00e4r det perfekta alternativet f\u00f6r dig. H\u00e4r \u00e4r flera sk\u00e4l till varf\u00f6r denna vapepenna borde vara ditt f\u00f6rsta val:<\/p>\n<ol>\n<li><strong>L\u00e5ngvarig Prestanda<\/strong>: Upp till <strong>25 000 bloss \n(Or  could also be translated as 25.000 bloss)<\/strong> I normalt l\u00e4ge \u00e4r denna vapepen konstruerad f\u00f6r att h\u00e5lla, vilket ger dig konsekvent tillfredsst\u00e4llelse under en l\u00e4ngre period.<\/li>\n<li><strong>Premium smak kvalitet<\/strong>: Den dubbla n\u00e4t-spoltekniken s\u00e4kerst\u00e4ller rik, smakfull \u00e5nga med varje puff och erbjuder en mycket tillfredsst\u00e4llande vapingupplevelse.<\/li>\n<li><strong>Justerbar luftfl\u00f6de<\/strong>: Du kan anpassa din dragmotst\u00e5nd f\u00f6r att passa dina \u00f6nskem\u00e5l, vilket g\u00f6r den m\u00e5ngsidig f\u00f6r olika vapingstilar.<\/li>\n<li><strong>Eko-V\u00e4nlig \u00c5teruppladdningsbar Design<\/strong>: Till skillnad fr\u00e5n traditionella eng\u00e5ngsvape-produkter \u00e4r Airmez Matrix <strong>uppladdningsbar<\/strong>, minska avfall och fr\u00e4mja h\u00e5llbarhet.<\/li>\n<li><strong>Anv\u00e4ndarv\u00e4nliga funktioner<\/strong>: Den intuitiva <strong>peksk\u00e4rmdisplay<\/strong> och <strong>ritningsaktiverad teknik<\/strong> G\u00f6r Airmez Matrix till en av de enklaste disponibla vapeprodukterna som finns tillg\u00e4ngliga idag.<\/li>\n<li><strong>Snabb Leverans \u00d6ver Hela Europa<\/strong>Med <strong>FumotXpress.de<\/strong> hantering av din best\u00e4llning kan du f\u00f6rv\u00e4nta dig snabb leverans fr\u00e5n v\u00e5rt europeiska lager, vilket s\u00e4kerst\u00e4ller att din vapepen kommer fram p\u00e5 bara <strong>3-7 dagar<\/strong>.<\/li>\n<\/ol>\n<h3>Airmez Matrix 25000 Puffs Smaker<\/h3>\n<p>Den <strong>Airmez Matrix 25000 Puffs<\/strong> kommer med ett brett utbud av noggrant utformade smaker, vilket s\u00e4kerst\u00e4ller att det finns n\u00e5got f\u00f6r varje smak. Nedan f\u00f6ljer en detaljerad uppdelning av de tillg\u00e4ngliga smakerna som ger en unik, of\u00f6rgl\u00f6mlig upplevelse med varje puff:<\/p>\n<ol>\n<li><strong>Midnight Cherry<\/strong><br \/>\nUpplev den djupa, intensiva smaken av mogna k\u00f6rsb\u00e4r, med en dj\u00e4rv, rik smakprofil kompletterad av en subtil s\u00f6tma. <strong>Midnight Cherry<\/strong> erbjuder en livlig, tillfredsst\u00e4llande vape som frukt\u00e4lskare s\u00e4kert kommer att \u00e4lska. Varje andetag ger en explosion av saftig k\u00f6rsb\u00e4rsglod, vilket l\u00e4mnar en kvarvarande s\u00f6tma p\u00e5 dina smakl\u00f6kar.<\/li>\n<li><strong>Nattkryparen<\/strong><br \/>\nEn h\u00e4rlig blandning av mogna b\u00e4r med en antydan till syrlighet, <strong>Nattkryparen<\/strong> Levererar en balanserad, uppfriskande vape-upplevelse. Denna smakprofil utvecklas med varje puff, och kombinerar s\u00f6tman fr\u00e5n b\u00e4r och syrligheten fr\u00e5n citrus f\u00f6r att skapa en smak som \u00e4r lika sp\u00e4nnande som den \u00e4r tillfredsst\u00e4llande.<\/li>\n<li><strong>Mjuk Jordgubbsbr\u00f6d<\/strong><br \/>\nNjut av en dessertinspirerad smak med <strong>Mjuk Jordgubbsbr\u00f6d<\/strong>Denna blandning kombinerar s\u00f6tman av mogna jordgubbar med v\u00e4rmen fr\u00e5n en nybakad kaka. Det \u00e4r en mjuk, sidenlen erfarenhet, vilket g\u00f6r den till ett perfekt val f\u00f6r de som l\u00e4ngtar efter en s\u00f6t, tr\u00f6sterik behandling.<\/li>\n<li><strong>Banan Jordgubbs Fantasi<\/strong><br \/>\nDen exotiska kombinationen av <strong>banan<\/strong> och <strong>b\u00e4r<\/strong> skapar en sp\u00e4nnande och uppfriskande smak som \u00e4r s\u00f6t och fruktig med precis r\u00e4tt balans. En tropisk vridning, <strong>Banan Jordgubbs Fantasi<\/strong> levererar den ideala blandningen av kr\u00e4mig banan och syrlig b\u00e4r, och erbjuder en saftig, tillfredsst\u00e4llande vape.<\/li>\n<li><strong>K\u00f6rsb\u00e4r Citron Zest<\/strong><br \/>\nDenna uppfriskande blandning av s\u00f6tt <strong>k\u00f6rsb\u00e4r<\/strong> och syrlig <strong>citron<\/strong> \u00e4r perfekt f\u00f6r de som njuter av en kryddig, fruktig smak med lite extra slagkraft. Resultatet \u00e4r en smak som b\u00e5de \u00e4r fr\u00e4sch och syrlig, med en citrus kant som h\u00e5ller sakerna intressanta. <strong>K\u00f6rsb\u00e4r Citron Zest<\/strong> \u00e4r perfekt f\u00f6r vapers som letar efter en ljus och energisk vape.<\/li>\n<li><strong>Drakonfrukt Lemonad<\/strong><br \/>\nTa med en smak av tropikerna in i din vape-rutin med <strong>Drakonfrukt Lemonad<\/strong>Den exotiska drakfrukten blandas harmoniskt med den syrliga och uppfriskande lemonaden och erbjuder en syrlig, tropisk upplevelse som \u00e4r j\u00e4mn och tillfredsst\u00e4llande. Den \u00e4r perfekt f\u00f6r de som vill ha en uppiggande, fruktig smak som inte \u00e4r f\u00f6r dominerande.<\/li>\n<li><strong>Mystiska Drakens Fusion<\/strong><br \/>\nEn sp\u00e4nnande och dj\u00e4rv blandning av <strong>drakonfrukt<\/strong> och tropiska undertoner, <strong>Mystiska Drakens Fusion<\/strong> \u00e4r en sp\u00e4nnande vape som transporterar dig till ett exotiskt paradis. Denna smak \u00e4r rik, mystisk och skiktad, och erbjuder en upplevelse som utvecklas med varje puff, vilket g\u00f6r den till ett bra val f\u00f6r \u00e4ventyrslystna vapers.<\/li>\n<li><strong>Mango Colada<\/strong><br \/>\nFly till ett tropiskt strandparadis med <strong>Mango Colada<\/strong>En j\u00e4mn och s\u00f6t blandning av mogen mango och kr\u00e4mig kokos. Denna smakrika kombination levererar essensen av en uppfriskande tropisk dryck med varje puff, vilket g\u00f6r den till ett idealiskt val f\u00f6r alla som njuter av en l\u00e4cker, exotisk vape.<\/li>\n<\/ol>\n<h3>K\u00f6p Airmez Matrix 25000 Puffs p\u00e5 FumotXpress.de<\/h3>\n<p>S\u00f6ker du efter ett s\u00e4tt att f\u00f6rb\u00e4ttra din vape-upplevelse? <strong>FumotXpress.de<\/strong> erbjuder <strong>Airmez Matrix 25000 Puffs<\/strong> till ost\u00f6rbara priser. Som den st\u00f6rsta online\u00e5terf\u00f6rs\u00e4ljaren av eng\u00e5ngsvape-produkter i Tyskland s\u00e4kerst\u00e4ller vi toppkvalitativ kundservice, snabb leverans och ett brett utbud av premium-vape-produkter.<\/p>\n<p>Genom att v\u00e4lja FumotXpress.de f\u00e5r du tillg\u00e5ng till:<\/p>\n<ul>\n<li><strong>Exklusiv \u00e5tkomst<\/strong> till <strong>Airmez Matrix 25000 Puffs<\/strong> och andra h\u00f6gkvalitativa eng\u00e5ngsvape-produkter.<\/li>\n<li><strong>Ingen minimiorderkvantitet<\/strong>, vilket g\u00f6r det enklare \u00e4n n\u00e5gonsin att f\u00e5 tag p\u00e5 den perfekta vape f\u00f6r dig.<\/li>\n<li><strong>Snabb europeisk leverans<\/strong> fr\u00e5n v\u00e5ra <strong>Europeiskt lager<\/strong>anl\u00e4ndande inom <strong>3-7 dagar<\/strong>.<\/li>\n<li><strong>Konkurrenskraftig priss\u00e4ttning<\/strong> utan dolda avgifter.<\/li>\n<\/ul>\n<p>Best\u00e4ll idag och uppt\u00e4ck varf\u00f6r<a href=\"https:\/\/fumotxpress.de\/sv\/\"> <strong>Airmez Matrix 25000 Puffs<\/strong><\/a> \u00e4r en spelomvandlare i v\u00e4rlden av eng\u00e5ngsvape.<\/p>","protected":false},"excerpt":{"rendered":"<p>K\u00f6p Airmez Matrix 25000 Puffs Uppladdningsbar Eng\u00e5ngs Vape Pen p\u00e5 FumotXpress.de. Njut av l\u00e5ngvarig prestanda, anpassningsbar luftfl\u00f6de och rika smakprofiler med upp till 25 000 puffs. Snabb leverans \u00f6ver hela Europa!<\/p>","protected":false},"featured_media":764,"comment_status":"open","ping_status":"closed","template":"","meta":{"om_disable_all_campaigns":false},"product_brand":[],"product_cat":[21,91,95,96,97,99,101,103,111,112,78,79,80,81,82,83,84,85,86,87,88,89,90,70,114,56,61,63,64,60,65,67],"product_tag":[],"class_list":{"0":"post-763","1":"product","2":"type-product","3":"status-publish","4":"has-post-thumbnail","6":"product_cat-airmez-matrix-disposable-vapes","7":"product_cat-buy-best-disposable-vape-flavors","8":"product_cat-cherry-flavor-disposable-vapes","9":"product_cat-cola-flavor-disposable-vapes","10":"product_cat-grape-flavor-disposable-vapes","11":"product_cat-ice-flavor-disposable-vapes","12":"product_cat-lemon-flavor-disposable-vapes","13":"product_cat-mango-flavor-disposable-vapes","14":"product_cat-strawberry-flavor-disposable-vapes","15":"product_cat-watermelon-flavor-disposable-vapes","16":"product_cat-best-disposable-vape-in-europe","17":"product_cat-buy-disposable-vapes-in-austria","18":"product_cat-buy-disposable-vapes-in-belgium","19":"product_cat-buy-disposable-vapes-in-france","20":"product_cat-buy-disposable-vapes-in-germany","21":"product_cat-buy-disposable-vapes-in-italy","22":"product_cat-buy-disposable-vapes-in-netherlands","23":"product_cat-buy-disposable-vapes-in-norway","24":"product_cat-buy-disposable-vapes-in-poland","25":"product_cat-buy-disposable-vapes-in-portugal","26":"product_cat-buy-disposable-vapes-in-spain","27":"product_cat-buy-disposable-vapes-in-sweden","28":"product_cat-buy-disposable-vapes-in-switzerland","29":"product_cat-shop-disposable-vapes-by-puffs","30":"product_cat-25000-puff-disposable-vape","31":"product_cat-disposable-vape-types","32":"product_cat-big-puffs-disposable-vapes","33":"product_cat-digital-box-disposable-vapes","34":"product_cat-dual-mesh-disposable-vapes","35":"product_cat-full-screen-disposable-vapes","36":"product_cat-lower-nicotine-disposable-vapes","37":"product_cat-rechargeable-disposable-vapes","39":"first","40":"instock","41":"shipping-taxable","42":"purchasable","43":"product-type-variable"},"_links":{"self":[{"href":"https:\/\/fumotxpress.de\/sv\/wp-json\/wp\/v2\/product\/763","targetHints":{"allow":["GET"]}}],"collection":[{"href":"https:\/\/fumotxpress.de\/sv\/wp-json\/wp\/v2\/product"}],"about":[{"href":"https:\/\/fumotxpress.de\/sv\/wp-json\/wp\/v2\/types\/product"}],"replies":[{"embeddable":true,"href":"https:\/\/fumotxpress.de\/sv\/wp-json\/wp\/v2\/comments?post=763"}],"wp:featuredmedia":[{"embeddable":true,"href":"https:\/\/fumotxpress.de\/sv\/wp-json\/wp\/v2\/media\/764"}],"wp:attachment":[{"href":"https:\/\/fumotxpress.de\/sv\/wp-json\/wp\/v2\/media?parent=763"}],"wp:term":[{"taxonomy":"product_brand","embeddable":true,"href":"https:\/\/fumotxpress.de\/sv\/wp-json\/wp\/v2\/product_brand?post=763"},{"taxonomy":"product_cat","embeddable":true,"href":"https:\/\/fumotxpress.de\/sv\/wp-json\/wp\/v2\/product_cat?post=763"},{"taxonomy":"product_tag","embeddable":true,"href":"https:\/\/fumotxpress.de\/sv\/wp-json\/wp\/v2\/product_tag?post=763"}],"curies":[{"name":"wp","href":"https:\/\/api.w.org\/{rel}","templated":true}]}}