{"id":52,"date":"2024-09-23T08:32:31","date_gmt":"2024-09-23T08:32:31","guid":{"rendered":"https:\/\/fumotxpress.de\/?post_type=product&#038;p=52"},"modified":"2025-07-13T13:10:35","modified_gmt":"2025-07-13T13:10:35","slug":"kolsyrad-stor-10000-puffar-2-5-lag-nikotin-gram-bar-laddningsbara-engangs-vapes","status":"publish","type":"product","link":"https:\/\/fumotxpress.de\/sv\/produkt\/kolsyrad-stor-10000-puffar-2-5-lag-nikotin-gram-bar-laddningsbara-engangs-vapes\/","title":{"rendered":"Fizzy Great 10000 Puffs 2% 5% L\u00e5g Nikotin  GRAMM Bar Uppfyllningsbar F\u00f6rbrukningsbar Vapes"},"content":{"rendered":"<h2><strong>O\u00f6vertr\u00e4ffad Vaping med Fizzy Great 10000 Puffs Eng\u00e5ngs-Vape<\/strong><\/h2>\n<p>Den<a href=\"https:\/\/fumotxpress.de\/sv\/produkt\/kolsyrad-stor-10000-puffar-2-5-lag-nikotin-gram-bar-laddningsbara-engangs-vapes\/\"> <strong>Fizzy Great 10000 Puffs<\/strong> Eng\u00e5ngs Vape<\/a> omdefinierar standarderna f\u00f6r eng\u00e5ngsvape med sin omfattande puffantal, uppladdningsbara bekv\u00e4mlighet och \u00f6verl\u00e4gsen smakleverans. Genom att kombinera banbrytande vapingteknologi med en kompakt, snygg design \u00e4r denna eng\u00e5ngsvape perfekt f\u00f6r b\u00e5de nyb\u00f6rjare och erfarna vapers som s\u00f6ker kvalitet och l\u00e4tthet. Varje enhet erbjuder mellan 2% och 5% alternativ med l\u00e5gnikotin, vilket tillgodoser anv\u00e4ndare som s\u00f6ker en skr\u00e4ddarsydd vapingupplevelse med imponerande l\u00e5ngvarighet.<\/p>\n<p><strong>Finns tillg\u00e4nglig p\u00e5 FumotXpress.de<\/strong>, Tysklands st\u00f6rsta online-retailplattform f\u00f6r eng\u00e5ngsvape,<a href=\"https:\/\/fumotxpress.de\/sv\/\"> Fizzy<\/a> Great levereras fr\u00e5n v\u00e5rt europeiska lager, vilket s\u00e4kerst\u00e4ller snabb leverans till EU inom 3-7 dagar. V\u00e5r webbplats erbjuder en policy utan minimibest\u00e4llningskvantitet, vilket g\u00f6r det m\u00f6jligt f\u00f6r v\u00e5ra kunder att best\u00e4lla bara en enhet eller mer f\u00f6r att passa deras behov.<\/p>\n<p><img loading=\"lazy\" decoding=\"async\" class=\"alignnone size-full wp-image-190\" src=\"https:\/\/fumotxpress.de\/wp-content\/uploads\/2024\/09\/Fizzy-Great-10000-Puffs-2-5-Low-Nicotine-Rechargeable-Disposable-Vapes-scaled.jpg\" alt=\"Fizzy Great 10000 Puffs 2% 5% L\u00e5g Nikotin Uppladdningsbar Eng\u00e5ngs Vapes.\" width=\"1810\" height=\"2560\" srcset=\"https:\/\/fumotxpress.de\/wp-content\/uploads\/2024\/09\/Fizzy-Great-10000-Puffs-2-5-Low-Nicotine-Rechargeable-Disposable-Vapes-scaled.jpg 1810w, https:\/\/fumotxpress.de\/wp-content\/uploads\/2024\/09\/Fizzy-Great-10000-Puffs-2-5-Low-Nicotine-Rechargeable-Disposable-Vapes-scaled-600x849.jpg 600w, https:\/\/fumotxpress.de\/wp-content\/uploads\/2024\/09\/Fizzy-Great-10000-Puffs-2-5-Low-Nicotine-Rechargeable-Disposable-Vapes-212x300.jpg 212w, https:\/\/fumotxpress.de\/wp-content\/uploads\/2024\/09\/Fizzy-Great-10000-Puffs-2-5-Low-Nicotine-Rechargeable-Disposable-Vapes-724x1024.jpg 724w, https:\/\/fumotxpress.de\/wp-content\/uploads\/2024\/09\/Fizzy-Great-10000-Puffs-2-5-Low-Nicotine-Rechargeable-Disposable-Vapes-768x1086.jpg 768w, https:\/\/fumotxpress.de\/wp-content\/uploads\/2024\/09\/Fizzy-Great-10000-Puffs-2-5-Low-Nicotine-Rechargeable-Disposable-Vapes-1086x1536.jpg 1086w, https:\/\/fumotxpress.de\/wp-content\/uploads\/2024\/09\/Fizzy-Great-10000-Puffs-2-5-Low-Nicotine-Rechargeable-Disposable-Vapes-1448x2048.jpg 1448w\" sizes=\"auto, (max-width: 1810px) 100vw, 1810px\" \/><\/p>\n<h3>Funktioner som g\u00f6r Fizzy Great unik<\/h3>\n<p>Fizzy Greats eng\u00e5ngsvape-paket har premi\u00e4rfunktioner, fr\u00e5n ett h\u00f6gkapacitets uppladdningsbart batteri till ett innovativt coilsystem. H\u00e4r \u00e4r det som g\u00f6r den till ett topval:<\/p>\n<ul>\n<li><strong>Upp till 10 000 Puffs<\/strong>: En stor kapacitet utformad f\u00f6r ut\u00f6kat bruk, ideal f\u00f6r de som s\u00f6ker l\u00e5ngvarig bekv\u00e4mlighet.<\/li>\n<li><strong>Uppladdningsbar 650mAh Batteri<\/strong>: Den uppladdningsbara batteriet minimerar avfall, f\u00f6rl\u00e4nger enheten livsl\u00e4ngd och maximerar v\u00e4rdet.<\/li>\n<li><strong>18ml E-v\u00e4tskekapacitet<\/strong>: S\u00e4kerst\u00e4ller ett l\u00e5ngvarigt bruk med minimala p\u00e5fyllningar, perfekt f\u00f6r en stressfri vape-upplevelse.<\/li>\n<li><strong>Mesh Coil-teknik<\/strong>: Avancerad mesh-spole fr\u00e4mjar rika, fylliga smaker med varje puff, vilket f\u00f6rb\u00e4ttrar smakprofilen.<\/li>\n<li><strong>L\u00e5ga nikotinalternativ (2% &amp; 5%)<\/strong>: Erbjuder anpassningsbar nikotinstyrka, s\u00e5 att du kan v\u00e4lja baserat p\u00e5 dina \u00f6nskem\u00e5l.<\/li>\n<li><strong>Kompakt &amp; Portabel<\/strong>: L\u00e4ttvikts- och slitstark design g\u00f6r det enkelt att b\u00e4ra \u00f6verallt, och h\u00e5ller n\u00f6jet inom r\u00e4ckh\u00e5ll hela tiden.<\/li>\n<li><strong>Milj\u00f6v\u00e4nlig design<\/strong>: Uppladdningsbar teknik minskar avfall, vilket g\u00f6r den till ett milj\u00f6m\u00e4ssigt medvetet val.<\/li>\n<\/ul>\n<p>Varje komponent i Fizzy Great 10000 Puffs Disposable Vape har noggrant utformats f\u00f6r att ge en j\u00e4mn och njutbar \u00e5ngupplevelse. Med sin uppladdningsbara funktionalitet och l\u00e5ngvariga effekt utm\u00e4rker den sig som ett premiumalternativ bland eng\u00e5ngsvape-produkter.<\/p>\n<h3>En smakrik \u00e4ventyrsresa med Fizzy Great<\/h3>\n<p>Den <strong>Fizzy Great 10000 Puffs Eng\u00e5ngs Vape<\/strong> \u00e4r tillverkad med en m\u00e4ngd uppfriskande smaker som tillgodoser olika smakpreferenser. Varje smaksprofil \u00e4r rik och tillfredsst\u00e4llande, utformad f\u00f6r att erbjuda en j\u00e4mn, fyllig upplevelse fr\u00e5n f\u00f6rsta bloss till sista. H\u00e4r \u00e4r ett lockande urval av smaker som finns tillg\u00e4ngliga med Fizzy Great:<\/p>\n<ol>\n<li><strong>L\u00e4sk<\/strong>: En ljus, kryddig blandning som bringar en touch av sommar med varje inandning.<\/li>\n<li><strong>Jordgubb Vattenmelon<\/strong>S\u00f6ta jordgubbar och saftig vattenmelon f\u00f6renas i ett perfekt par.<\/li>\n<li><strong>Bl\u00e5b\u00e4rsglass<\/strong>Mogna bl\u00e5b\u00e4r f\u00f6rst\u00e4rkta med en uppfriskande mentholfinish.<\/li>\n<li><strong>P\u00e4ron Mango<\/strong>En tropisk blandning av persika och mango med en rik, j\u00e4mn smak.<\/li>\n<li><strong>Cool Mint \nbecomes \nKyla Mint \n No, it is \nKylmint<\/strong>: Klassisk mintsmak som b\u00e5de \u00e4r uppfriskande och st\u00e4rkande.<\/li>\n<li><strong>Blandb\u00e4r<\/strong>: En blandning av b\u00e4r f\u00f6r en balanserad, syrlig och s\u00f6t profil.<\/li>\n<li><strong>Ananas Glass<\/strong>: Exotisk ananas smak med en sval utandning f\u00f6r en tropisk twist.<\/li>\n<li><strong>R\u00f6d \u00c4pple Is<\/strong>: Krispig \u00e4ppelsmak kompletterad med en antydan av kylande mentol.<\/li>\n<li><strong>Jordgubbs-Banan<\/strong>: Smidig banan och f\u00e4rska jordgubbar kombineras f\u00f6r en kr\u00e4mig blandning.<\/li>\n<li><strong>Aloe druva<\/strong>Unikt aloe smak med en s\u00f6t druvfinish.<\/li>\n<\/ol>\n<p>Varje smak erbjuder en unik upplevelse, utformad f\u00f6r att ge tillfredsst\u00e4llelse och njutning med varje puff. Oavsett om du f\u00f6redrar n\u00e5got fruktigt, mintigt eller tropiskt, har Fizzy Greats utbud n\u00e5got som tillfredsst\u00e4ller varje smak.<\/p>\n<h3>Varf\u00f6r v\u00e4lja FumotXpress.de?<\/h3>\n<p>Som <strong>Tysklands ledande onlineplattform f\u00f6r eng\u00e5ngsvape<\/strong>FumotXpress.de erbjuder en o\u00f6vertr\u00e4ffad shoppingupplevelse. Vi lager en m\u00e4ngd popul\u00e4ra m\u00e4rken, inklusive Al Fakher, Fizzy, OBEELAB HHC och SMPO DL02, med snabb EU-vid leverans och inga krav p\u00e5 minimiorder.<\/p>\n<p>H\u00e4r \u00e4r varf\u00f6r det \u00e4r det b\u00e4sta valet att k\u00f6pa fr\u00e5n FumotXpress.de f\u00f6r h\u00f6gkvalitativa eng\u00e5ngsvape-produkter:<\/p>\n<ul>\n<li><strong>Brett urval<\/strong>: Fr\u00e5n HHC-infunderade pennor till uppladdningsbara eng\u00e5ngsprodukter, v\u00e5r samling \u00e4r anpassad f\u00f6r att m\u00f6ta varje persons preferenser.<\/li>\n<li><strong>Snabb Leverans<\/strong>V\u00e5r europeiska lager s\u00e4kerst\u00e4ller att din best\u00e4llning anl\u00e4nder inom 3-7 dagar \u00f6ver hela EU.<\/li>\n<li><strong>Ingen minimiorder kr\u00e4vs<\/strong>: Best\u00e4llning startar fr\u00e5n en enda stycken, vilket m\u00f6jligg\u00f6r en bekv\u00e4m och flexibel shoppingupplevelse.<\/li>\n<li><strong>Utm\u00e4rkt kundservice<\/strong>V\u00e5rt team \u00e4r dedikerat till att s\u00e4kerst\u00e4lla en s\u00f6ml\u00f6s och tillfredsst\u00e4llande shoppingupplevelse fr\u00e5n b\u00f6rjan till slut.<\/li>\n<li><strong>Konkurrenskraftig priss\u00e4ttning<\/strong>: Prisv\u00e4rda priser p\u00e5 premiumprodukter m\u00f6jligg\u00f6r att du kan njuta av kvalitet utan kompromisser.<\/li>\n<\/ul>\n<p>Genom att v\u00e4lja FumotXpress.de kan du utforska de b\u00e4sta eng\u00e5ngsvape som finns tillg\u00e4ngliga p\u00e5 marknaden, levererade direkt till din d\u00f6rr med den enkla onlinehandeln.<\/p>\n<h3>Varf\u00f6r Fizzy Great 10000 Puffs \u00e4r perfekt f\u00f6r varje vape-anv\u00e4ndare<\/h3>\n<p>Den <strong>Fizzy Great 10000 Puffs<\/strong> Disposable Vape kombinerar det b\u00e4sta inom modern vapingteknologi med en rad trevliga smaker och anv\u00e4ndarv\u00e4nliga funktioner. Dess l\u00e5ngvariga puffantal, uppladdningsbara batteri och rika smakalternativ g\u00f6r den till ett utm\u00e4rkt val, vare sig du \u00e4r en tillf\u00e4llig vaper eller en daglig anv\u00e4ndare. Med sin snygga design och kvalitetsbyggnad levererar Fizzy Great den ultimata vapingupplevelsen.<\/p>\n<p>Bes\u00f6k <a href=\"https:\/\/fumotxpress.de\/sv\/\"><strong>FumotXpress.de<\/strong><\/a> idag f\u00f6r att l\u00e4gga din best\u00e4llning f\u00f6r<a href=\"https:\/\/fumotxpress.de\/sv\/\"> <strong>Fizzy Great 10000 Puffs<\/strong> <\/a>och njut av bekv\u00e4mligheten med en eng\u00e5ngsvape som erbjuder l\u00e5ngvarig tillfredsst\u00e4llelse och robust smak i varje puff.<\/p>","protected":false},"excerpt":{"rendered":"<p>Uppt\u00e4ck den l\u00e5ngvariga, smakrika upplevelsen av <strong>Fizzy Great 10000 Puffs Upp laddningsbar eng\u00e5ngsvape<\/strong>, nu tillg\u00e4nglig med snabb EU-leverans p\u00e5 FumotXpress.de.<\/p>","protected":false},"featured_media":54,"comment_status":"open","ping_status":"closed","template":"","meta":{"om_disable_all_campaigns":false},"product_brand":[],"product_cat":[20,91,92,94,97,99,101,103,104,105,106,107,108,109,111,112,78,79,80,81,82,83,84,85,86,87,88,89,90,70,72,56,61,65,67],"product_tag":[],"class_list":{"0":"post-52","1":"product","2":"type-product","3":"status-publish","4":"has-post-thumbnail","6":"product_cat-fizzy-disposable-vapes","7":"product_cat-buy-best-disposable-vape-flavors","8":"product_cat-apple-flavor-disposable-vapes","9":"product_cat-blueberry-flavor-disposable-vapes","10":"product_cat-grape-flavor-disposable-vapes","11":"product_cat-ice-flavor-disposable-vapes","12":"product_cat-lemon-flavor-disposable-vapes","13":"product_cat-mango-flavor-disposable-vapes","14":"product_cat-mint-flavor-disposable-vapes","15":"product_cat-mixed-berries-flavor-disposable-vapes","16":"product_cat-passion-fruit-flavor-disposable-vapes","17":"product_cat-peach-flavor-disposable-vapes","18":"product_cat-pineapple-flavor-disposable-vapes","19":"product_cat-raspberry-flavor-disposable-vapes","20":"product_cat-strawberry-flavor-disposable-vapes","21":"product_cat-watermelon-flavor-disposable-vapes","22":"product_cat-best-disposable-vape-in-europe","23":"product_cat-buy-disposable-vapes-in-austria","24":"product_cat-buy-disposable-vapes-in-belgium","25":"product_cat-buy-disposable-vapes-in-france","26":"product_cat-buy-disposable-vapes-in-germany","27":"product_cat-buy-disposable-vapes-in-italy","28":"product_cat-buy-disposable-vapes-in-netherlands","29":"product_cat-buy-disposable-vapes-in-norway","30":"product_cat-buy-disposable-vapes-in-poland","31":"product_cat-buy-disposable-vapes-in-portugal","32":"product_cat-buy-disposable-vapes-in-spain","33":"product_cat-buy-disposable-vapes-in-sweden","34":"product_cat-buy-disposable-vapes-in-switzerland","35":"product_cat-shop-disposable-vapes-by-puffs","36":"product_cat-10000-puff-disposable-vape","37":"product_cat-disposable-vape-types","38":"product_cat-big-puffs-disposable-vapes","39":"product_cat-lower-nicotine-disposable-vapes","40":"product_cat-rechargeable-disposable-vapes","42":"first","43":"instock","44":"shipping-taxable","45":"purchasable","46":"product-type-variable"},"_links":{"self":[{"href":"https:\/\/fumotxpress.de\/sv\/wp-json\/wp\/v2\/product\/52","targetHints":{"allow":["GET"]}}],"collection":[{"href":"https:\/\/fumotxpress.de\/sv\/wp-json\/wp\/v2\/product"}],"about":[{"href":"https:\/\/fumotxpress.de\/sv\/wp-json\/wp\/v2\/types\/product"}],"replies":[{"embeddable":true,"href":"https:\/\/fumotxpress.de\/sv\/wp-json\/wp\/v2\/comments?post=52"}],"wp:featuredmedia":[{"embeddable":true,"href":"https:\/\/fumotxpress.de\/sv\/wp-json\/wp\/v2\/media\/54"}],"wp:attachment":[{"href":"https:\/\/fumotxpress.de\/sv\/wp-json\/wp\/v2\/media?parent=52"}],"wp:term":[{"taxonomy":"product_brand","embeddable":true,"href":"https:\/\/fumotxpress.de\/sv\/wp-json\/wp\/v2\/product_brand?post=52"},{"taxonomy":"product_cat","embeddable":true,"href":"https:\/\/fumotxpress.de\/sv\/wp-json\/wp\/v2\/product_cat?post=52"},{"taxonomy":"product_tag","embeddable":true,"href":"https:\/\/fumotxpress.de\/sv\/wp-json\/wp\/v2\/product_tag?post=52"}],"curies":[{"name":"wp","href":"https:\/\/api.w.org\/{rel}","templated":true}]}}