{"id":4687,"date":"2026-01-27T06:02:05","date_gmt":"2026-01-27T06:02:05","guid":{"rendered":"https:\/\/fumotxpress.de\/?post_type=product&#038;p=4687"},"modified":"2026-03-27T08:22:35","modified_gmt":"2026-03-27T08:22:35","slug":"exotisk-pisk-original-kram-patron-670-gram","status":"publish","type":"product","link":"https:\/\/fumotxpress.de\/sv\/produkt\/exotisk-pisk-original-kram-patron-670-gram\/","title":{"rendered":"Exotic Whip Original Cream Charger 670 gram"},"content":{"rendered":"<p>Den klassiska 670g-kr\u00e4mberedaren \u00e4r fylld med premium-kvalitet av lustgas fr\u00e5n EU. P\u00e5 grund av v\u00e5ra kompressionsstandarder,<\/p>\n<p>V\u00e5r 670g Classic \u00e4r marknadens h\u00f6gkapacitiva laddare f\u00f6r sin storlek och, som alltid, i en design som utm\u00e4rker oss.<\/p>\n<p><img loading=\"lazy\" decoding=\"async\" class=\"alignnone size-full wp-image-4696\" src=\"https:\/\/fumotxpress.de\/wp-content\/uploads\/2026\/01\/s-l500-3-1.jpg\" alt=\"\" width=\"500\" height=\"500\" srcset=\"https:\/\/fumotxpress.de\/wp-content\/uploads\/2026\/01\/s-l500-3-1.jpg 500w, https:\/\/fumotxpress.de\/wp-content\/uploads\/2026\/01\/s-l500-3-1-300x300.jpg 300w, https:\/\/fumotxpress.de\/wp-content\/uploads\/2026\/01\/s-l500-3-1-150x150.jpg 150w, https:\/\/fumotxpress.de\/wp-content\/uploads\/2026\/01\/s-l500-3-1-12x12.jpg 12w, https:\/\/fumotxpress.de\/wp-content\/uploads\/2026\/01\/s-l500-3-1-247x247.jpg 247w, https:\/\/fumotxpress.de\/wp-content\/uploads\/2026\/01\/s-l500-3-1-100x100.jpg 100w\" sizes=\"auto, (max-width: 500px) 100vw, 500px\" \/><\/p>","protected":false},"excerpt":{"rendered":"<p>Exotic Whip Original Cream Charger 670 gram<\/p>","protected":false},"featured_media":4688,"comment_status":"open","ping_status":"closed","template":"","meta":{"om_disable_all_campaigns":false},"product_brand":[],"product_cat":[134],"product_tag":[],"class_list":{"0":"post-4687","1":"product","2":"type-product","3":"status-publish","4":"has-post-thumbnail","6":"product_cat-exotic","8":"first","9":"instock","10":"shipping-taxable","11":"purchasable","12":"product-type-variable"},"_links":{"self":[{"href":"https:\/\/fumotxpress.de\/sv\/wp-json\/wp\/v2\/product\/4687","targetHints":{"allow":["GET"]}}],"collection":[{"href":"https:\/\/fumotxpress.de\/sv\/wp-json\/wp\/v2\/product"}],"about":[{"href":"https:\/\/fumotxpress.de\/sv\/wp-json\/wp\/v2\/types\/product"}],"replies":[{"embeddable":true,"href":"https:\/\/fumotxpress.de\/sv\/wp-json\/wp\/v2\/comments?post=4687"}],"wp:featuredmedia":[{"embeddable":true,"href":"https:\/\/fumotxpress.de\/sv\/wp-json\/wp\/v2\/media\/4688"}],"wp:attachment":[{"href":"https:\/\/fumotxpress.de\/sv\/wp-json\/wp\/v2\/media?parent=4687"}],"wp:term":[{"taxonomy":"product_brand","embeddable":true,"href":"https:\/\/fumotxpress.de\/sv\/wp-json\/wp\/v2\/product_brand?post=4687"},{"taxonomy":"product_cat","embeddable":true,"href":"https:\/\/fumotxpress.de\/sv\/wp-json\/wp\/v2\/product_cat?post=4687"},{"taxonomy":"product_tag","embeddable":true,"href":"https:\/\/fumotxpress.de\/sv\/wp-json\/wp\/v2\/product_tag?post=4687"}],"curies":[{"name":"wp","href":"https:\/\/api.w.org\/{rel}","templated":true}]}}