{"id":4602,"date":"2025-11-28T12:37:27","date_gmt":"2025-11-28T12:37:27","guid":{"rendered":"https:\/\/fumotxpress.de\/?post_type=product&#038;p=4602"},"modified":"2025-11-28T12:45:51","modified_gmt":"2025-11-28T12:45:51","slug":"al-fakher-30k-disponibel-vape-kop-idag-fran-europeiskt-lager-ingen-minimiorderkvantitet","status":"publish","type":"product","link":"https:\/\/fumotxpress.de\/sv\/produkt\/al-fakher-30k-disponibel-vape-kop-idag-fran-europeiskt-lager-ingen-minimiorderkvantitet\/","title":{"rendered":"Al Fakher 30K Disposable Vape: K\u00f6p idag fr\u00e5n Europeiskt lager, ingen MOQ."},"content":{"rendered":"<p>&nbsp;<\/p>\n<article style=\"background-color: #2c2c2c; color: #ffffff; font-family: Arial, sans-serif; padding: 20px; border-radius: 10px;\">\n<h2 style=\"font-family: Arial, sans-serif; color: #f1f1f1;\">Din Super L\u00e5ngvariga Smakkompis: The <a href=\"https:\/\/fumotxpress.de\/sv\/\">Al Fakher 30K Hypermax<\/a>!<\/h2>\n<p style=\"font-family: Arial, sans-serif; font-size: 16px; line-height: 1.6; color: #f1f1f1;\">\u00c4r du tr\u00f6tt p\u00e5 vapes som tar slut p\u00e5 roligt s\u00e4tt alldeles f\u00f6r snabbt? Jo, var redo f\u00f6r en smakfest som k\u00e4nns som den aldrig tar slut med Al Fakher 30K Hypermax! F\u00f6rest\u00e4ll dig att f\u00e5 upp till 30 000 fantastiska bloss fr\u00e5n bara en enhet. Det \u00e4r som att ha en fickstorlek regnb\u00e5ge av smak som forts\u00e4tter att ge! Den \u00e4r byggd f\u00f6r att vara super enkel att anv\u00e4nda, vilket g\u00f6r den perfekt f\u00f6r alla.<\/p>\n<p style=\"font-family: Arial, sans-serif; font-size: 16px; line-height: 1.6; color: #f1f1f1;\">Du kan gripa denna lilla kraftk\u00e4lla av smak just h\u00e4r p\u00e5 v\u00e5r webbplats, fumotxpress.de! Vi \u00e4r en supercool online grossistplattform f\u00f6r eng\u00e5ngsvape-produkter i Europa. Och den allra b\u00e4sta delen? Det finns ingen minsta orderkvantitet (ingen MOQ), s\u00e5 du kan k\u00f6pa bara en f\u00f6r att b\u00f6rja. Vi skickar den direkt fr\u00e5n v\u00e5rt europeiska lager, vilket betyder att den kommer till dig super snabbt, p\u00e5 bara 2 till 7 dagar!<\/p>\n<h3 style=\"font-family: Arial, sans-serif; color: #f1f1f1;\">Vad g\u00f6r Al Fakher 30K Hypermax s\u00e5 fantastisk?<\/h3>\n<ul style=\"color: #f1f1f1;\">\n<li style=\"font-family: Arial, sans-serif; font-size: 16px; line-height: 1.6;\">En o\u00e4ndlig historia av puffar!: Med massiva 30 000 puffar kan du njuta av dina favorit smaker i veckor och veckor!<\/li>\n<li style=\"font-family: Arial, sans-serif; font-size: 16px; line-height: 1.6;\">En stor smakdamm: Den kommer f\u00f6rfylld med 20ml superdelicious e-v\u00e4tska. Det \u00e4r en massa smakrika moln som v\u00e4ntar p\u00e5 dig!<\/li>\n<li style=\"font-family: Arial, sans-serif; font-size: 16px; line-height: 1.6;\">Mjuk och skonsam: Den har en 2% nikotinstyrka, som \u00e4r perfekt f\u00f6r en avslappnande och mjuk upplevelse.<\/li>\n<li style=\"font-family: Arial, sans-serif; font-size: 16px; line-height: 1.6;\">Ladda upp och g\u00e5!: 650mAh-batteriet \u00e4r starkt och uppladdningsbart med en enkel Type-C-kabel. Du kommer aldrig att sl\u00f6sa bort en droppe energi!<\/li>\n<li style=\"font-family: Arial, sans-serif; font-size: 16px; line-height: 1.6;\">Passar perfekt i din hand: Den \u00e4r designad f\u00f6r att vara super bekv\u00e4m att h\u00e5lla och b\u00e4ra med dig p\u00e5 alla dina \u00e4ventyr.<\/li>\n<li style=\"font-family: Arial, sans-serif; font-size: 16px; line-height: 1.6;\">Ren, L\u00e4cker Smak: Den speciella 1,2 ohm mesh-spolen s\u00e4kerst\u00e4ller att varje puff \u00e4r fylld med sann, fantastisk smak, utan n\u00e5gon br\u00e4nd smak.<\/li>\n<\/ul>\n<h3 style=\"font-family: Arial, sans-serif; color: #f1f1f1;\">V\u00e4lj Din Favoritsmak\u00e4ventyr!<\/h3>\n<p style=\"font-family: Arial, sans-serif; font-size: 16px; line-height: 1.6; color: #f1f1f1;\">Var redo f\u00f6r att utforska en smakv\u00e4rld! Vilken blir din favorit?<\/p>\n<div style=\"font-family: Arial, sans-serif; font-size: 16px; line-height: 1.6; color: #f1f1f1; column-count: 2;\">\n<p>Mynta<\/p>\n<p>Jordgubbs Punch<\/p>\n<p>Magisk k\u00e4rlek<\/p>\n<p>Mentol<\/p>\n<p>Blandb\u00e4r<\/p>\n<p>Citron Lime<\/p>\n<p>Vinsylt Mint<\/p>\n<p>Citron Mint<\/p>\n<p>Bl\u00e5b\u00e4r Cherry<\/p>\n<p>Mango Ananas<\/p>\n<p>Bl\u00e5b\u00e4rsmynta<\/p>\n<p>Sommar dr\u00f6m<\/p>\n<\/div>\n<h3 style=\"font-family: Arial, sans-serif; color: #f1f1f1;\">Se Hur Det Glittrar Brighter!<\/h3>\n<div style=\"margin: 20px auto; width: 90%; overflow-x: auto;\">\n<table style=\"width: 100%; border-collapse: collapse; font-family: Arial, sans-serif; border-radius: 8px; box-shadow: 0 4px 8px 0 rgba(0,0,0,0.5); background-color: #3d3d3d;\">\n<thead>\n<tr>\n<th style=\"padding: 12px; text-align: left; background-color: #1e1e1e; color: #ffffff;\">Funktion<\/th>\n<th style=\"padding: 12px; text-align: left; background-color: #87ceeb; color: #ffffff;\">Al Fakher 30K Hypermax<\/th>\n<th style=\"padding: 12px; text-align: left; background-color: #1e1e1e; color: #ffffff;\">Andra Vapes<\/th>\n<\/tr>\n<\/thead>\n<tbody>\n<tr>\n<td style=\"padding: 12px; border-bottom: 1px solid #555; color: #000000;\">Puffantal<\/td>\n<td style=\"padding: 12px; border-bottom: 1px solid #555; color: #000000;\">En hel del 30 000!<\/td>\n<td style=\"padding: 12px; border-bottom: 1px solid #555; color: #000000;\">Vanligtvis mycket mindre (runt 600-800)<\/td>\n<\/tr>\n<tr style=\"background-color: #4c4c4c;\">\n<td style=\"padding: 12px; border-bottom: 1px solid #555; color: #000000;\">E-V\u00e4tskem\u00e4ngd<\/td>\n<td style=\"padding: 12px; border-bottom: 1px solid #555; color: #000000;\">En enorm 20ml!<\/td>\n<td style=\"padding: 12px; border-bottom: 1px solid #555; color: #000000;\">Mycket mindre tankar<\/td>\n<\/tr>\n<tr>\n<td style=\"padding: 12px; border-bottom: 1px solid #555; color: #000000;\">Batteri<\/td>\n<td style=\"padding: 12px; border-bottom: 1px solid #555; color: #000000;\">Uppladdningsbar med Type-C!<\/td>\n<td style=\"padding: 12px; border-bottom: 1px solid #555; color: #000000;\">Ofta inte uppladdningsbar<\/td>\n<\/tr>\n<tr style=\"background-color: #4c4c4c;\">\n<td style=\"padding: 12px; color: #000000;\">Best\u00e4llning p\u00e5 fumotxpress.de<\/td>\n<td style=\"padding: 12px; color: #000000;\">K\u00f6p bara en! Ingen minimiorder!<\/td>\n<td style=\"padding: 12px; color: #000000;\">Ofta m\u00e5ste k\u00f6pa i stora l\u00e5dor<\/td>\n<\/tr>\n<\/tbody>\n<\/table>\n<\/div>\n<h3 style=\"font-family: Arial, sans-serif; color: #f1f1f1;\">Dina fr\u00e5gor, besvarade!<\/h3>\n<div style=\"font-family: Arial, sans-serif; font-size: 16px; line-height: 1.6;\">\n<div style=\"background-color: #223344; border-left: 5px solid #87CEEB; padding: 15px; margin-bottom: 10px; border-radius: 5px; color: #ffffff;\">\n<p><strong>Hur anv\u00e4nder jag det?<\/strong>Det \u00e4r superenkelt! Enheten \u00e4r ritningsaktiverad, vilket betyder att du bara beh\u00f6ver bl\u00e5sa p\u00e5 den f\u00f6r att komma ig\u00e5ng. Det finns inga knappar att trycka p\u00e5 eller komplicerade inst\u00e4llningar att lista ut!<\/p>\n<\/div>\n<div style=\"background-color: #223344; border-left: 5px solid #87CEEB; padding: 15px; margin-bottom: 10px; border-radius: 5px; color: #ffffff;\">\n<p><strong>Har den en sk\u00e4rm f\u00f6r att visa batteriet?<\/strong>Ja, m\u00e5nga modeller kommer med en praktisk LED-display som h\u00e5ller dig uppdaterad om batteriets livsl\u00e4ngd och puffantal. P\u00e5 s\u00e5 s\u00e4tt kommer du alltid att veta n\u00e4r det \u00e4r dags att ladda om.<\/p>\n<\/div>\n<div style=\"background-color: #223344; border-left: 5px solid #87CEEB; padding: 15px; margin-bottom: 10px; border-radius: 5px; color: #ffffff;\">\n<p><strong>Varf\u00f6r \u00e4r fumotxpress.de den b\u00e4sta platsen att k\u00f6pa?<\/strong>D\u00e4rf\u00f6r att vi \u00e4r dina v\u00e4nner i Europa f\u00f6r vapes! Vi levererar super snabbt (2-7 dagar) direkt fr\u00e5n v\u00e5rt europeiska lager. Och den b\u00e4sta delen? Inga minimiorderkvantiteter! Du kan k\u00f6pa bara en f\u00f6r att se hur mycket du \u00e4lskar den. Det \u00e4r det enklaste och v\u00e4nligaste s\u00e4ttet att f\u00e5 din nya vape.<\/p>\n<\/div>\n<div style=\"background-color: #223344; border-left: 5px solid #87CEEB; padding: 15px; margin-bottom: 10px; border-radius: 5px; color: #ffffff;\">\n<p><strong>Kan jag fylla p\u00e5 vape med olika juice?<\/strong>Nej! Detta \u00e4r en f\u00f6rfylld vape, s\u00e5 du beh\u00f6ver inte oroa dig f\u00f6r r\u00f6rigt p\u00e5fyllning. Det handlar allt om bekv\u00e4mlighet. N\u00e4r du har njutit av alla bloss kan du helt enkelt b\u00f6rja med en ny.<\/p>\n<\/div>\n<\/div>\n<\/article>","protected":false},"excerpt":{"rendered":"<p>Al Fakher 30K Hypermax: Ditt \u00c4ventyr in i 30 000 Puffs av Smak\u201d<\/p>","protected":false},"featured_media":4600,"comment_status":"open","ping_status":"closed","template":"","meta":{"om_disable_all_campaigns":false},"product_brand":[],"product_cat":[132],"product_tag":[],"class_list":{"0":"post-4602","1":"product","2":"type-product","3":"status-publish","4":"has-post-thumbnail","6":"product_cat-al-fakher-30k-hypermax","8":"first","9":"instock","10":"shipping-taxable","11":"purchasable","12":"product-type-variable"},"_links":{"self":[{"href":"https:\/\/fumotxpress.de\/sv\/wp-json\/wp\/v2\/product\/4602","targetHints":{"allow":["GET"]}}],"collection":[{"href":"https:\/\/fumotxpress.de\/sv\/wp-json\/wp\/v2\/product"}],"about":[{"href":"https:\/\/fumotxpress.de\/sv\/wp-json\/wp\/v2\/types\/product"}],"replies":[{"embeddable":true,"href":"https:\/\/fumotxpress.de\/sv\/wp-json\/wp\/v2\/comments?post=4602"}],"wp:featuredmedia":[{"embeddable":true,"href":"https:\/\/fumotxpress.de\/sv\/wp-json\/wp\/v2\/media\/4600"}],"wp:attachment":[{"href":"https:\/\/fumotxpress.de\/sv\/wp-json\/wp\/v2\/media?parent=4602"}],"wp:term":[{"taxonomy":"product_brand","embeddable":true,"href":"https:\/\/fumotxpress.de\/sv\/wp-json\/wp\/v2\/product_brand?post=4602"},{"taxonomy":"product_cat","embeddable":true,"href":"https:\/\/fumotxpress.de\/sv\/wp-json\/wp\/v2\/product_cat?post=4602"},{"taxonomy":"product_tag","embeddable":true,"href":"https:\/\/fumotxpress.de\/sv\/wp-json\/wp\/v2\/product_tag?post=4602"}],"curies":[{"name":"wp","href":"https:\/\/api.w.org\/{rel}","templated":true}]}}