{"id":4175,"date":"2025-07-20T05:14:13","date_gmt":"2025-07-20T05:14:13","guid":{"rendered":"https:\/\/fumotxpress.de\/?post_type=product&#038;p=4175"},"modified":"2025-07-20T05:18:14","modified_gmt":"2025-07-20T05:18:14","slug":"adalya-adl-16k-puffs-pro-engangsvape-e-cigaretter-2-stark-nikotin-grossist-en-lada-10st","status":"publish","type":"product","link":"https:\/\/fumotxpress.de\/sv\/produkt\/adalya-adl-16k-puffs-pro-engangsvape-e-cigaretter-2-stark-nikotin-grossist-en-lada-10st\/","title":{"rendered":"ADALYA ADL 16K blossningar Pro Eng\u00e5ngs Vape E cigs 2% Stark Nikotin Grossist en l\u00e5da (10PCS)"},"content":{"rendered":"<p><img loading=\"lazy\" decoding=\"async\" class=\"alignnone size-full wp-image-4176\" src=\"https:\/\/fumotxpress.de\/wp-content\/uploads\/2025\/07\/Adalya16kpuffs-3.webp\" alt=\"\" width=\"959\" height=\"547\" srcset=\"https:\/\/fumotxpress.de\/wp-content\/uploads\/2025\/07\/Adalya16kpuffs-3.webp 959w, https:\/\/fumotxpress.de\/wp-content\/uploads\/2025\/07\/Adalya16kpuffs-3-300x171.webp 300w, https:\/\/fumotxpress.de\/wp-content\/uploads\/2025\/07\/Adalya16kpuffs-3-768x438.webp 768w, https:\/\/fumotxpress.de\/wp-content\/uploads\/2025\/07\/Adalya16kpuffs-3-18x10.webp 18w, https:\/\/fumotxpress.de\/wp-content\/uploads\/2025\/07\/Adalya16kpuffs-3-600x342.webp 600w\" sizes=\"auto, (max-width: 959px) 100vw, 959px\" \/><\/p>\n<p><strong><b>Specifikationer<\/b><\/strong><\/p>\n<ul>\n<li>Puffkapacitet: Upp till 16000 puffar<\/li>\n<li>Spraystil: DTL (Direct-To-Lung)<\/li>\n<li>Nikotininneh\u00e5ll: 20mg (2%)<\/li>\n<li>S\u00e4kerhet: L\u00e5sknapp<\/li>\n<li>Luftfl\u00f6detyp: justerbar dragkraft<\/li>\n<li>Spolans resistans: 0,6 Ohm resistans<\/li>\n<li>Spolkonstruktion: Spolans resistans<\/li>\n<li>Justerbar luftfl\u00f6de<\/li>\n<li>E-liquid volym: 25 ml<\/li>\n<li>Batterikapacitet: 850 mAh<\/li>\n<li>Laddning: Port C<\/li>\n<li>Batterityp: Uppladdningsbar<\/li>\n<li>V\u00e4tsket\u00e5lig<\/li>\n<li>Digitalt display som visar batteri- och oljeniv\u00e5<\/li>\n<li>Ingen underh\u00e5ll kr\u00e4vs<\/li>\n<\/ul>\n<p>&nbsp;<\/p>\n<p><strong><b>Huvudanledningar att k\u00f6pa<\/b><\/strong><\/p>\n<ul>\n<li>Gratis frakt<\/li>\n<li>Efter f\u00f6rs\u00e4ljningsgaranti<\/li>\n<li>S\u00e4ker betalning<\/li>\n<li>V\u00e4rldsomsp\u00e4nnande d\u00f6rr-till-d\u00f6rr-leverans<\/li>\n<li>Tullklarering och f\u00f6rs\u00e4kring<\/li>\n<li>Onlinesp\u00e5rning<\/li>\n<li>24h online kundtj\u00e4nst<\/li>\n<\/ul>","protected":false},"excerpt":{"rendered":"<ul>\n<li>Puffkapacitet: Upp till 16000 puffar<\/li>\n<li>Spraystil: DTL (Direct-To-Lung)<\/li>\n<li>Nikotininneh\u00e5ll: 20mg (2%)<\/li>\n<\/ul>","protected":false},"featured_media":4177,"comment_status":"open","ping_status":"closed","template":"","meta":{"om_disable_all_campaigns":false},"product_brand":[],"product_cat":[126],"product_tag":[],"class_list":{"0":"post-4175","1":"product","2":"type-product","3":"status-publish","4":"has-post-thumbnail","6":"product_cat-adalya-adl-16k-puffs-pro","8":"first","9":"instock","10":"shipping-taxable","11":"purchasable","12":"product-type-variable"},"_links":{"self":[{"href":"https:\/\/fumotxpress.de\/sv\/wp-json\/wp\/v2\/product\/4175","targetHints":{"allow":["GET"]}}],"collection":[{"href":"https:\/\/fumotxpress.de\/sv\/wp-json\/wp\/v2\/product"}],"about":[{"href":"https:\/\/fumotxpress.de\/sv\/wp-json\/wp\/v2\/types\/product"}],"replies":[{"embeddable":true,"href":"https:\/\/fumotxpress.de\/sv\/wp-json\/wp\/v2\/comments?post=4175"}],"wp:featuredmedia":[{"embeddable":true,"href":"https:\/\/fumotxpress.de\/sv\/wp-json\/wp\/v2\/media\/4177"}],"wp:attachment":[{"href":"https:\/\/fumotxpress.de\/sv\/wp-json\/wp\/v2\/media?parent=4175"}],"wp:term":[{"taxonomy":"product_brand","embeddable":true,"href":"https:\/\/fumotxpress.de\/sv\/wp-json\/wp\/v2\/product_brand?post=4175"},{"taxonomy":"product_cat","embeddable":true,"href":"https:\/\/fumotxpress.de\/sv\/wp-json\/wp\/v2\/product_cat?post=4175"},{"taxonomy":"product_tag","embeddable":true,"href":"https:\/\/fumotxpress.de\/sv\/wp-json\/wp\/v2\/product_tag?post=4175"}],"curies":[{"name":"wp","href":"https:\/\/api.w.org\/{rel}","templated":true}]}}