{"id":4109,"date":"2025-07-17T06:54:16","date_gmt":"2025-07-17T06:54:16","guid":{"rendered":"https:\/\/fumotxpress.de\/?post_type=product&#038;p=4109"},"modified":"2025-08-07T15:46:01","modified_gmt":"2025-08-07T15:46:01","slug":"fumot-leopard-40k-40000-blossningar-disponibel-vape-grossist","status":"publish","type":"product","link":"https:\/\/fumotxpress.de\/sv\/produkt\/fumot-leopard-40k-40000-blossningar-disponibel-vape-grossist\/","title":{"rendered":"Fumot Leopard 40000 Puffs Disposable Vape Grossist"},"content":{"rendered":"<p>Den\u00a0<a title=\"Fumot\" href=\"https:\/\/www.vape4wholesale.com\/product_brand\/fumot\" target=\"_blank\" rel=\"noopener\">Fumot<\/a>\u00a0Leopard 40K \u00e4r en h\u00f6gkapacitets eng\u00e5ngsvape som erbjuder upp till 40 000 bloss. Designad med dubbla mesh-spolar och ett genomskinligt yttre skal, har den en dj\u00e4rv leopardillustration som ger en unik visuell touch. Den inbyggda LED-indikatorn visar inte bara e-v\u00e4tska och batteriniv\u00e5er utan levererar ocks\u00e5 livliga ljuseffekter. Leopard 40K \u00e4r tillg\u00e4nglig i 25 smaker och erbjuder 4 nikotinstyrkaalternativ f\u00f6r att passa en m\u00e4ngd olika preferenser.<\/p>\n<p>Den dubbla mesh-vapen anv\u00e4nder ett v\u00e4rmeelement med tv\u00e5 lager meshmaterial, vilket skapar en st\u00f6rre yta f\u00f6r e-v\u00e4tskan att komma i kontakt med och v\u00e4rma j\u00e4mnt. Detta resulterar i en j\u00e4mnare och mer tillfredsst\u00e4llande smak, samt en mer stabil smak under hela vape-livsl\u00e4ngden.<\/p>\n<p>Leopard 40k:s display visar ocks\u00e5 str\u00f6m- och e-v\u00e4tskeniv\u00e5n! Siffran till v\u00e4nster (ovanf\u00f6r vattendroppssymbolen) representerar m\u00e4ngden e-v\u00e4tska som f\u00f6r n\u00e4rvarande \u00e5terst\u00e5r i enheten, och siffran till h\u00f6ger (ovanf\u00f6r batterisymbolen) representerar enhetens nuvarande str\u00f6mstatus.<\/p>\n<p>Leopard 40K har ett kristallklart genomskinligt skal sombriljant visar upp sin fantastiska leopardillustration i full detalj.Varje linje, f\u00e4rg och uttryck i konstverket bringas till liv,skapar en dj\u00e4rv visuell deklaration som skiljer den fr\u00e5n vanliga vape-designs.<\/p>\n<p>USB-C eller USB Type-C \u00e4r den senaste universella standarden f\u00f6r tr\u00e5dbunden anslutning av smarta enheter. Det \u00e4r eftertr\u00e4daren till \u00e4ldre standarder som Micro-USB och USB-A, som fortfarande \u00e4r vanliga men snabbt f\u00f6rsvinner. Den inbyggda 700 mAh-batteriet \u00e4r uppladdningsbart s\u00e5 du inte fastnar med urladdade eng\u00e5ngsbatterier tills e-v\u00e4tskan tar slut.<\/p>\n<h2><strong>Fumot Leopard 40K Puffs Disposable Vape Snabbdetaljer<\/strong><\/h2>\n<ul>\n<li>\n<p class=\"ds-markdown-paragraph\"><strong>Nikotinstyrka:<\/strong> 2% (20mg)<\/p>\n<\/li>\n<li>\n<p class=\"ds-markdown-paragraph\"><strong>Batteri:<\/strong>\u00a0700mAh Uppladdningsbar (USB Typ-C)<\/p>\n<\/li>\n<li>\n<p class=\"ds-markdown-paragraph\"><strong>Puffantal:<\/strong>\u00a0Upp till\u00a0<strong>40 000 bloss \n(Or 40,000 bloss as well, depends on context) \n40,000 bloss<\/strong><\/p>\n<\/li>\n<li>\n<p class=\"ds-markdown-paragraph\"><strong>Spolteknik:<\/strong>\u00a0<strong>Dubbel Mesh Coil<\/strong>\u00a0f\u00f6r rikare smak<\/p>\n<\/li>\n<li>\n<p class=\"ds-markdown-paragraph\"><strong>Smaker:<\/strong>\u00a0<strong>16 premiumalternativ<\/strong><\/p>\n<\/li>\n<li>\n<p class=\"ds-markdown-paragraph\"><strong>Visa:<\/strong>\u00a0<strong>HD-sk\u00e4rm<\/strong>\u00a0(e-v\u00e4tske- och batteriindikatorer)<\/p>\n<\/li>\n<\/ul>\n<h2><strong>Tillg\u00e4ngliga smaker<\/strong><\/h2>\n<ol>\n<li>Blandb\u00e4r<\/li>\n<li>Bl\u00e5b\u00e4r Hallon<\/li>\n<li>Jordgubb Vattenmelon<\/li>\n<li>Jordgubbssorbet<\/li>\n<li>Cherry Ice<\/li>\n<li>Vattenmelon Glass<\/li>\n<li>Kiwi Passionsfrukt Guava<\/li>\n<li>Dr Blue<\/li>\n<li>Bl\u00e5b\u00e4r p\u00e5 is<\/li>\n<li>P\u00e4ron Jordgubbe<\/li>\n<li>Pink Lemonad<\/li>\n<li>Jordgubbs-Banan<\/li>\n<li>Vattenmelon Tuggummi<\/li>\n<li>Persika Mango Ananas<\/li>\n<li>Black Dragon Ice<\/li>\n<li>Bl\u00e5b\u00e4r Kirsch Tranb\u00e4r<\/li>\n<\/ol>\n<figure id=\"attachment_23232\" class=\"wp-caption alignnone\" aria-describedby=\"caption-attachment-23232\"><img loading=\"lazy\" decoding=\"async\" class=\"size-full wp-image-23232\" title=\"Fumot Leopard 40K 40000 Puffs Disposable Vape\" src=\"https:\/\/fumotxpress.de\/wp-content\/uploads\/2025\/07\/Fumot-Leopard-40K-40000-Puffs-Disposable-Vape-scaled.webp\" sizes=\"auto, (max-width: 2560px) 100vw, 2560px\" srcset=\"https:\/\/fumotxpress.de\/wp-content\/uploads\/2025\/07\/Fumot-Leopard-40K-40000-Puffs-Disposable-Vape-scaled.webp 2560w, https:\/\/fumotxpress.de\/wp-content\/uploads\/2025\/07\/Fumot-Leopard-40K-40000-Puffs-Disposable-Vape-300x180.webp 300w, https:\/\/fumotxpress.de\/wp-content\/uploads\/2025\/07\/Fumot-Leopard-40K-40000-Puffs-Disposable-Vape-1024x614.webp 1024w, https:\/\/fumotxpress.de\/wp-content\/uploads\/2025\/07\/Fumot-Leopard-40K-40000-Puffs-Disposable-Vape-768x461.webp 768w, https:\/\/fumotxpress.de\/wp-content\/uploads\/2025\/07\/Fumot-Leopard-40K-40000-Puffs-Disposable-Vape-1536x922.webp 1536w, https:\/\/fumotxpress.de\/wp-content\/uploads\/2025\/07\/Fumot-Leopard-40K-40000-Puffs-Disposable-Vape-2048x1229.webp 2048w, https:\/\/fumotxpress.de\/wp-content\/uploads\/2025\/07\/Fumot-Leopard-40K-40000-Puffs-Disposable-Vape-18x12.webp 18w, https:\/\/fumotxpress.de\/wp-content\/uploads\/2025\/07\/Fumot-Leopard-40K-40000-Puffs-Disposable-Vape-510x306.webp 510w, https:\/\/fumotxpress.de\/wp-content\/uploads\/2025\/07\/Fumot-Leopard-40K-40000-Puffs-Disposable-Vape-64x38.webp 64w\" alt=\"Fumot Leopard 40K 40000 Puffs Disposable Vape\" width=\"2560\" height=\"1536\" \/><figcaption id=\"caption-attachment-23232\" class=\"wp-caption-text\">Fumot Leopard 40K 40000 Puffs Disposable Vape<\/figcaption><\/figure>\n<h2>Varf\u00f6r oss?<\/h2>\n<ul>\n<li>Riktig, p\u00e5litlig och professionell vape-k\u00e4lla.<\/li>\n<li>100% \u00c4kta garanti: Vi tillhandah\u00e5ller endast original- och \u00e4kta produkter, avb\u00f6jer f\u00f6rfalskning.<\/li>\n<li>100% Leveransgaranti: Vi anv\u00e4nder den b\u00e4sta fraktmetoden f\u00f6r att s\u00e4kerst\u00e4lla att du f\u00e5r best\u00e4llningen 100%.<\/li>\n<li>Vi kommer att ge er sp\u00e5rningsnumret och fraktetiketten efter att varan har skickats och sp\u00e5ra varorna \u00e5t er tills ni undertecknar f\u00f6r dem.<\/li>\n<li>Inga tullproblem, inga tullar<\/li>\n<\/ul>","protected":false},"excerpt":{"rendered":"<ul>\n<li>\n<p class=\"ds-markdown-paragraph\"><strong>Nikotinstyrka:<\/strong> 2% (20mg)<\/p>\n<\/li>\n<li>\n<h4 class=\"ds-markdown-paragraph\"><strong>Batteri:<\/strong>\u00a0700mAh Uppladdningsbar (USB Typ-C)<\/h4>\n<\/li>\n<\/ul>","protected":false},"featured_media":4110,"comment_status":"open","ping_status":"closed","template":"","meta":{"om_disable_all_campaigns":false},"product_brand":[],"product_cat":[24,123],"product_tag":[],"class_list":{"0":"post-4109","1":"product","2":"type-product","3":"status-publish","4":"has-post-thumbnail","6":"product_cat-fumot-tornado-disposable-vapes","7":"product_cat-fumot-leopard-40k-40000-puffs","9":"first","10":"instock","11":"shipping-taxable","12":"purchasable","13":"product-type-variable"},"_links":{"self":[{"href":"https:\/\/fumotxpress.de\/sv\/wp-json\/wp\/v2\/product\/4109","targetHints":{"allow":["GET"]}}],"collection":[{"href":"https:\/\/fumotxpress.de\/sv\/wp-json\/wp\/v2\/product"}],"about":[{"href":"https:\/\/fumotxpress.de\/sv\/wp-json\/wp\/v2\/types\/product"}],"replies":[{"embeddable":true,"href":"https:\/\/fumotxpress.de\/sv\/wp-json\/wp\/v2\/comments?post=4109"}],"wp:featuredmedia":[{"embeddable":true,"href":"https:\/\/fumotxpress.de\/sv\/wp-json\/wp\/v2\/media\/4110"}],"wp:attachment":[{"href":"https:\/\/fumotxpress.de\/sv\/wp-json\/wp\/v2\/media?parent=4109"}],"wp:term":[{"taxonomy":"product_brand","embeddable":true,"href":"https:\/\/fumotxpress.de\/sv\/wp-json\/wp\/v2\/product_brand?post=4109"},{"taxonomy":"product_cat","embeddable":true,"href":"https:\/\/fumotxpress.de\/sv\/wp-json\/wp\/v2\/product_cat?post=4109"},{"taxonomy":"product_tag","embeddable":true,"href":"https:\/\/fumotxpress.de\/sv\/wp-json\/wp\/v2\/product_tag?post=4109"}],"curies":[{"name":"wp","href":"https:\/\/api.w.org\/{rel}","templated":true}]}}