{"id":3650,"date":"2025-04-07T12:39:00","date_gmt":"2025-04-07T12:39:00","guid":{"rendered":"https:\/\/fumotxpress.de\/?post_type=product&#038;p=3650"},"modified":"2025-11-24T07:50:49","modified_gmt":"2025-11-24T07:50:49","slug":"request-failed-with-status-code-570","status":"publish","type":"product","link":"https:\/\/fumotxpress.de\/sv\/produkt\/request-failed-with-status-code-570\/","title":{"rendered":"RandM Tornado 30000 Ljusshow K\u00f6p Original \u00c4kta Uppfyllningsbar Eng\u00e5ngs Vape Pen"},"content":{"rendered":"<h2 class=\"\" data-start=\"0\" data-end=\"93\">RandM Tornado 30000 Ljusshow \u2013 K\u00f6p Original, Autentiska, Uppladdningsbara Eng\u00e5ngs Vape Pen<\/h2>\n<div style=\"width: 1020px;\" class=\"wp-video\"><!--[if lt IE 9]><script>document.createElement('video');<\/script><![endif]-->\n<video class=\"wp-video-shortcode\" id=\"video-3650-1\" width=\"1020\" height=\"574\" preload=\"metadata\" controls=\"controls\"><source type=\"video\/mp4\" src=\"https:\/\/fumotxpress.de\/wp-content\/uploads\/2025\/04\/tornado-30k-music-\u5b9e\u62cd\u58f0\u63a7\u5f00\u517311-5.mp4?_=1\" \/><a href=\"https:\/\/fumotxpress.de\/wp-content\/uploads\/2025\/04\/tornado-30k-music-\u5b9e\u62cd\u58f0\u63a7\u5f00\u517311-5.mp4\">https:\/\/fumotxpress.de\/wp-content\/uploads\/2025\/04\/tornado-30k-music-\u5b9e\u62cd\u58f0\u63a7\u5f00\u517311-5.mp4<\/a><\/video><\/div>\n<p>&nbsp;<\/p>\n<p>&nbsp;<\/p>\n<p class=\"\" data-start=\"95\" data-end=\"485\">Den <strong data-start=\"99\" data-end=\"122\">RandM Tornado 30000<\/strong> tar en ny niv\u00e5 av vaping genom att kombinera smak, prestanda och underh\u00e5llning i en enda extraordin\u00e4r enhet. Med en imponerande kapacitet p\u00e5 30 000 bloss, en integrerad musikfunktion och en anpassningsbar RGB-ljusvisning, erbjuder Tornado 30000 mer \u00e4n bara intensiv \u00e5ngproduktion - det \u00e4r en komplett sensorisk upplevelse som ger sp\u00e4nning till ditt vardagsliv.<\/p>\n<h3 class=\"\" data-start=\"487\" data-end=\"553\">Den Ultimata Vapingupplevelsen med Stunning Visuella Effekter och Ljud<\/h3>\n<p class=\"\" data-start=\"555\" data-end=\"1077\">RandM Tornado 30000 \u00e4r inte din vanliga disponibla vapepenna. Den \u00e4r designad f\u00f6r dem som vill ha mer \u00e4n bara smak - enheten f\u00f6rb\u00e4ttrar din vapeupplevelse med en immersiv ljus- och ljudshow som anpassar sig till din musik. Den inbyggda RGB-ljusshowen dansar till rytmen i dina favoritmelodier och skapar en dynamisk, visuell show som s\u00e4kerligen drar till sig uppm\u00e4rksamhet vart du \u00e4n g\u00e5r. Oavsett om du \u00e4r hemma och kopplar av eller ute med v\u00e4nner, f\u00f6rh\u00f6jer Tornado 30000 dina vape-sessioner till en komplett underh\u00e5llningsupplevelse.<\/p>\n<p class=\"\" data-start=\"1079\" data-end=\"1449\">Musikfunktionen \u00e4r helt anpassningsbar, vilket ger dig kontroll \u00f6ver n\u00e4r du ska aktivera ljusspelet. Du kan v\u00e4lja att njuta av de levande ljusen eller st\u00e4nga av dem f\u00f6r en mer subtil \u00e5ngningsupplevelse, beroende p\u00e5 ditt hum\u00f6r. Denna flexibilitet s\u00e4kerst\u00e4ller att Tornado 30000 passar perfekt i alla milj\u00f6er, oavsett om du vill ha den som en avslappnad f\u00f6ljeslagare eller en rolig samtalspartner.<\/p>\n<h3 class=\"\" data-start=\"1451\" data-end=\"1495\">L\u00e5ngvarig njutning med 30 000 bloss<\/h3>\n<p class=\"\" data-start=\"1497\" data-end=\"1992\">Med en kolossal 30 000 bloss \u00e4r RandM Tornado 30000 konstruerad f\u00f6r ut\u00f6kade sessioner. Du kommer att uppleva tillf\u00f6rlitlig, j\u00e4mn \u00e5nga under hela enhetens livsl\u00e4ngd. Den h\u00f6gpresterande 0,9 Ohm-spolen s\u00e4kerst\u00e4ller en perfekt balans mellan intensiv smak och tjock \u00e5nga, s\u00e5 att du kan njuta av ett tillfredsst\u00e4llande bloss varje g\u00e5ng. Oavsett om du \u00e4r en avslappnad vaper eller n\u00e5gon som njuter av l\u00e4ngre sessioner, garanterar Tornado 30000 en konsekvent och h\u00f6gkvalitativ \u00e5ngupplevelse som inte besviker.<\/p>\n<p class=\"\" data-start=\"1994\" data-end=\"2288\">Denna kraftfulla spoleknologi \u00e4r ideal f\u00f6r de som kr\u00e4ver rik, robust smak fr\u00e5n sina disponibla vape-produkter. Oavsett om du f\u00f6redrar fruktiga, mentolbaserade eller dessertinspirerade smaker, levererar Tornado 30000 varje puff med exceptionell intensitet och ger dina favorit smaker liv med varje inandning.<\/p>\n<h3 class=\"\" data-start=\"2290\" data-end=\"2328\">Effektiv Kraft och Snabb Uppladdning<\/h3>\n<p class=\"\" data-start=\"2330\" data-end=\"2717\">Oroa dig aldrig f\u00f6r att f\u00e5 slut p\u00e5 batteri under dina vape-sessioner. RandM Tornado 30000 \u00e4r utrustad med ett 600mAh batteri, vilket ger tillr\u00e4ckligt med energi f\u00f6r en hel dag av vaping. N\u00e4r det \u00e4r dags att ladda om, s\u00e4kerst\u00e4ller Type-C snabbladdningsporten att din enhet \u00e4r redo att anv\u00e4ndas p\u00e5 nolltid. Tillbring mindre tid med att v\u00e4nta p\u00e5 en laddning och mer tid med att njuta av dina favorit smaker och ljusspektakel.<\/p>\n<p class=\"\" data-start=\"2719\" data-end=\"2917\">Inkluderingen av Type-C-laddning \u00e4r en spelv\u00e4xlare, vilket ger snabbare och mer effektiv str\u00f6mf\u00f6rs\u00f6rjning. Detta inneb\u00e4r f\u00e4rre avbrott i din \u00e5ngningsupplevelse och mer bekv\u00e4mlighet f\u00f6r de som \u00e4r p\u00e5 spr\u00e5ng.<\/p>\n<h3 class=\"\" data-start=\"2919\" data-end=\"2947\">Ett design som sticker ut<\/h3>\n<p class=\"\" data-start=\"2949\" data-end=\"3374\">Inspirerad av den popul\u00e4ra Tornado 9000, har Tornado 30000 en snygg, modern design som \u00e4r lika stilren som den \u00e4r funktionell. Enheten robusta konstruktion s\u00e4kerst\u00e4ller h\u00e5llbarhet, medan dess i\u00f6gonfallande utseende g\u00f6r den till ett i\u00f6gonfallande tillbeh\u00f6r, oavsett om du \u00e4r hemma eller p\u00e5 spr\u00e5ng. Med sin sl\u00e4ta finish, enkla design som \u00e4r l\u00e4tt att h\u00e5lla i och livliga f\u00e4rger, g\u00f6r Tornado 30000 ett dj\u00e4rvt statement i v\u00e4rlden av eng\u00e5ngsvape.<\/p>\n<p class=\"\" data-start=\"3376\" data-end=\"3599\">Den kompakta formfaktorn och det premiumm\u00e4ssiga bygget s\u00e4kerst\u00e4ller att den \u00e4r l\u00e4tt att b\u00e4ra med sig, vilket g\u00f6r den perfekt f\u00f6r resor, fester eller daglig anv\u00e4ndning. Dessutom m\u00f6jligg\u00f6r det ergonomiska designen ett bekv\u00e4mt grepp, \u00e4ven under l\u00e4ngre vaping-sessioner.<\/p>\n<h3 class=\"\" data-start=\"3601\" data-end=\"3644\">Nyckelfunktioner hos RandM Tornado 30000<\/h3>\n<ul data-start=\"3646\" data-end=\"4217\">\n<li class=\"\" data-start=\"3646\" data-end=\"3720\">\n<p class=\"\" data-start=\"3648\" data-end=\"3720\"><strong data-start=\"3648\" data-end=\"3665\">30 000 Puffs:<\/strong> En l\u00e5ngvarig, eng\u00e5ngsbar vape f\u00f6r ut\u00f6kat n\u00f6je.<\/p>\n<\/li>\n<li class=\"\" data-start=\"3721\" data-end=\"3813\">\n<p class=\"\" data-start=\"3723\" data-end=\"3813\"><strong data-start=\"3723\" data-end=\"3755\">Anpassningsbar RGB-Ljusshow:<\/strong> Synkroniseras med musik f\u00f6r en helt immersiv upplevelse.<\/p>\n<\/li>\n<li class=\"\" data-start=\"3814\" data-end=\"3896\">\n<p class=\"\" data-start=\"3816\" data-end=\"3896\"><strong data-start=\"3816\" data-end=\"3836\">Musikaktiverad:<\/strong> Ljusshow som r\u00f6r sig till rytmen i dina favoritmelodier.<\/p>\n<\/li>\n<li class=\"\" data-start=\"3897\" data-end=\"3967\">\n<p class=\"\" data-start=\"3899\" data-end=\"3967\"><strong data-start=\"3899\" data-end=\"3916\">0,9 Ohm Coil:<\/strong> Levererar intensiv smak och riklig \u00e5ngproduktion.<\/p>\n<\/li>\n<li class=\"\" data-start=\"3968\" data-end=\"4054\">\n<p class=\"\" data-start=\"3970\" data-end=\"4054\"><strong data-start=\"3970\" data-end=\"4010\">600mAh batteri med Type-C-laddning:<\/strong> Snabb och p\u00e5litlig laddning f\u00f6r hela dagen.<\/p>\n<\/li>\n<li class=\"\" data-start=\"4055\" data-end=\"4131\">\n<p class=\"\" data-start=\"4057\" data-end=\"4131\"><strong data-start=\"4057\" data-end=\"4086\">Snygg och h\u00e5llbar design:<\/strong> Kompakt, stilfull och byggd f\u00f6r bekv\u00e4mlighet.<\/p>\n<\/li>\n<li class=\"\" data-start=\"4132\" data-end=\"4217\">\n<p class=\"\" data-start=\"4134\" data-end=\"4217\"><strong data-start=\"4134\" data-end=\"4151\">Uppladdningsbar:<\/strong> Kan laddas om f\u00f6r l\u00e4ngre anv\u00e4ndning, till skillnad fr\u00e5n typiska eng\u00e5ngsvape.<\/p>\n<\/li>\n<\/ul>\n<h3 class=\"\" data-start=\"4219\" data-end=\"4257\">Smakar av RandM Tornado 30000<\/h3>\n<p class=\"\" data-start=\"4259\" data-end=\"4438\">RandM Tornado 30000 kommer med en stor variation av premiumsmaker utformade f\u00f6r att ge en tillfredsst\u00e4llande och underh\u00e5llande \u00e5ngupplevelse. H\u00e4r \u00e4r en lista \u00f6ver de b\u00e4sta tillg\u00e4ngliga smakerna:<\/p>\n<ol data-start=\"4440\" data-end=\"5951\">\n<li class=\"\" data-start=\"4440\" data-end=\"4613\">\n<p class=\"\" data-start=\"4443\" data-end=\"4613\"><strong data-start=\"4443\" data-end=\"4457\">Mango Glass:<\/strong> En tropisk explosion av mogna mangoer, perfekt balanserad med en uppfriskande iskyld finish. Ideal f\u00f6r de som njuter av en s\u00f6t, fruktig vape med en krispig utandning.<\/p>\n<\/li>\n<li class=\"\" data-start=\"4614\" data-end=\"4780\">\n<p class=\"\" data-start=\"4617\" data-end=\"4780\"><strong data-start=\"4617\" data-end=\"4641\">Bl\u00e5b\u00e4r Hallon:<\/strong> En smakrik kombination av s\u00f6ta bl\u00e5b\u00e4r och syrliga hallon, som skapar en balanserad, b\u00e4rrik smak med en touch av syrlighet.<\/p>\n<\/li>\n<li class=\"\" data-start=\"4781\" data-end=\"4918\">\n<p class=\"\" data-start=\"4784\" data-end=\"4918\"><strong data-start=\"4784\" data-end=\"4804\">Jordgubb Kiwi:<\/strong> En s\u00f6t och syrlig blandning av f\u00e4rska jordgubbar och exotisk kiwi, som erbjuder en saftig och uppfriskande vape med varje puff.<\/p>\n<\/li>\n<li class=\"\" data-start=\"4919\" data-end=\"5067\">\n<p class=\"\" data-start=\"4922\" data-end=\"5067\"><strong data-start=\"4922\" data-end=\"4936\">Persika Glass:<\/strong> En j\u00e4mn, saftig persika smak med en iskyld avslutning som bringar det b\u00e4sta fr\u00e5n b\u00e5da v\u00e4rldarna - s\u00f6t frukt och en kylig k\u00e4nsla.<\/p>\n<\/li>\n<li class=\"\" data-start=\"5068\" data-end=\"5229\">\n<p class=\"\" data-start=\"5071\" data-end=\"5229\"><strong data-start=\"5071\" data-end=\"5095\">Vattenmelonslemonad:<\/strong> En saftig vattenmelonssmak kombinerad med en syrlig, zesty lemonadbas, som skapar en livlig, t\u00f6rstsl\u00e4ckande smak perfekt f\u00f6r varma dagar.<\/p>\n<\/li>\n<li class=\"\" data-start=\"5230\" data-end=\"5359\">\n<p class=\"\" data-start=\"5233\" data-end=\"5359\"><strong data-start=\"5233\" data-end=\"5247\">Drueis:<\/strong> En rik, djup grape-smak kombinerad med en iskyld undertone, som erbjuder en j\u00e4mn, s\u00f6t och kall vape-upplevelse.<\/p>\n<\/li>\n<li class=\"\" data-start=\"5360\" data-end=\"5499\">\n<p class=\"\" data-start=\"5363\" data-end=\"5499\"><strong data-start=\"5363\" data-end=\"5385\">Ananas Kokos:<\/strong> En tropisk njutning av s\u00f6t ananas med en kr\u00e4mig kokosn\u00f6tsslut, som erbjuder en mjuk och exotisk \u00e5ngupplevelse.<\/p>\n<\/li>\n<li class=\"\" data-start=\"5500\" data-end=\"5664\">\n<p class=\"\" data-start=\"5503\" data-end=\"5664\"><strong data-start=\"5503\" data-end=\"5520\">Energidryck:<\/strong> En uppfriskande smak inspirerad av din favorit energidryck, med citrus och l\u00e4tt syrliga toner som ger en uppiggande smakexplosion.<\/p>\n<\/li>\n<li class=\"\" data-start=\"5665\" data-end=\"5818\">\n<p class=\"\" data-start=\"5668\" data-end=\"5818\"><strong data-start=\"5668\" data-end=\"5684\">\u00c4ppelberry:<\/strong> En l\u00e4cker fusion av krispig \u00e4pple och s\u00f6t, mogen b\u00e4r, som skapar en saftig och smakfull vape som \u00e4r b\u00e5de uppfriskande och tillfredsst\u00e4llande.<\/p>\n<\/li>\n<li class=\"\" data-start=\"5819\" data-end=\"5951\">\n<p class=\"\" data-start=\"5823\" data-end=\"5951\"><strong data-start=\"5823\" data-end=\"5842\">Tropisk Punch:<\/strong> En fruktpunchmix av olika tropiska frukter, som levererar en s\u00f6t och syrlig smakexplosion med varje puff.<\/p>\n<\/li>\n<\/ol>\n<p class=\"\" data-start=\"5953\" data-end=\"6233\">Varje av dessa smaker \u00e4r noggrant utformad f\u00f6r att erbjuda maximal njutning och ge dig en tillfredsst\u00e4llande och smakrik vape-upplevelse som varar vid varje puff. Oavsett om du njuter av fruktiga, menthol eller dessertinspirerade profiler, har Tornado 30000 n\u00e5got f\u00f6r varje smak.<\/p>\n<h3 class=\"\" data-start=\"6235\" data-end=\"6291\">Varf\u00f6r k\u00f6pa RandM Tornado 30000 fr\u00e5n FumotXpress.de?<\/h3>\n<p class=\"\" data-start=\"6293\" data-end=\"6712\">FumotXpress.de \u00e4r den ledande onlineplattformen f\u00f6r k\u00f6p av premium eng\u00e5ngsvape-produkter i Tyskland. Vi erbjuder ett brett utbud av produkter, inklusive <strong data-start=\"6444\" data-end=\"6467\">RandM Tornado 30000<\/strong>, <strong data-start=\"6469\" data-end=\"6482\">Al Fakher<\/strong>, <strong data-start=\"6484\" data-end=\"6493\">Fizzy<\/strong>, <strong data-start=\"6495\" data-end=\"6510\">OBEELAB HHC<\/strong>och <strong data-start=\"6516\" data-end=\"6529\">SMPO DL02<\/strong> varum\u00e4rken, allt till konkurrenskraftiga priser. V\u00e5ra produkter s\u00e4ljs fr\u00e5n en enda enhet, utan minimikrav p\u00e5 best\u00e4llningskvantitet, vilket g\u00f6r dem ideala f\u00f6r b\u00e5de detaljhandelsgrupper och enskilda k\u00f6pare.<\/p>\n<p class=\"\" data-start=\"6714\" data-end=\"7054\">Vi \u00e4r stolta \u00f6ver att erbjuda snabb och tillf\u00f6rlitlig frakt fr\u00e5n v\u00e5rt europeiska lager. Din best\u00e4llning kommer att anl\u00e4nda p\u00e5 bara 3-7 dagar, vilket s\u00e4kerst\u00e4ller att du kan njuta av dina favorit vapes utan dr\u00f6jsm\u00e5l. Oavsett om du \u00e4r en erfaren vaper eller nykomling p\u00e5 scenen, \u00e4r vi h\u00e4r f\u00f6r att ge dig en s\u00f6ml\u00f6s shoppingupplevelse och utm\u00e4rkt kundservice.<\/p>\n<h3 class=\"\" data-start=\"7056\" data-end=\"7107\">K\u00f6p Nu och H\u00f6j Din Vapningsupplevelse<\/h3>\n<p class=\"\" data-start=\"7109\" data-end=\"7532\">N\u00e4r du \u00e4r redo att uppgradera din vape-upplevelse, <strong data-start=\"7166\" data-end=\"7189\">RandM Tornado 30000<\/strong> \u00e4r det perfekta valet. Med sina innovativa funktioner, l\u00e5ngvariga batteri, anpassningsbara ljusshow och exceptionella smakalternativ \u00e4r det en enhet som erbjuder mycket mer \u00e4n bara \u00e5nga - den ger en komplett, uppslukande upplevelse. Bes\u00f6k <strong data-start=\"7422\" data-end=\"7440\">FumotXpress.de<\/strong> idag f\u00f6r att k\u00f6pa <strong data-start=\"7463\" data-end=\"7486\">RandM Tornado 30000<\/strong> och uppt\u00e4ck en ny v\u00e4rld av \u00e5ngningsgl\u00e4dje.<\/p>\n<p class=\"\" data-start=\"7534\" data-end=\"7675\">Acceptera inte det vanliga - f\u00e5 tag p\u00e5 <strong data-start=\"7582\" data-end=\"7625\">original, \u00e4kta RandM Tornado 30000<\/strong> Nu och h\u00f6j din vaping till en helt ny niv\u00e5!<\/p>","protected":false},"excerpt":{"rendered":"<p><strong data-start=\"7166\" data-end=\"7189\">RandM Tornado 30000<\/strong> \u00e4r det perfekta valet. Med sina innovativa funktioner, l\u00e5ngvariga batteri, anpassningsbara ljusshow och exceptionella smakalternativ,<\/p>","protected":false},"featured_media":3655,"comment_status":"open","ping_status":"closed","template":"","meta":{"om_disable_all_campaigns":false},"product_brand":[],"product_cat":[24],"product_tag":[],"class_list":{"0":"post-3650","1":"product","2":"type-product","3":"status-publish","4":"has-post-thumbnail","6":"product_cat-fumot-tornado-disposable-vapes","8":"first","9":"instock","10":"shipping-taxable","11":"purchasable","12":"product-type-variable"},"_links":{"self":[{"href":"https:\/\/fumotxpress.de\/sv\/wp-json\/wp\/v2\/product\/3650","targetHints":{"allow":["GET"]}}],"collection":[{"href":"https:\/\/fumotxpress.de\/sv\/wp-json\/wp\/v2\/product"}],"about":[{"href":"https:\/\/fumotxpress.de\/sv\/wp-json\/wp\/v2\/types\/product"}],"replies":[{"embeddable":true,"href":"https:\/\/fumotxpress.de\/sv\/wp-json\/wp\/v2\/comments?post=3650"}],"wp:featuredmedia":[{"embeddable":true,"href":"https:\/\/fumotxpress.de\/sv\/wp-json\/wp\/v2\/media\/3655"}],"wp:attachment":[{"href":"https:\/\/fumotxpress.de\/sv\/wp-json\/wp\/v2\/media?parent=3650"}],"wp:term":[{"taxonomy":"product_brand","embeddable":true,"href":"https:\/\/fumotxpress.de\/sv\/wp-json\/wp\/v2\/product_brand?post=3650"},{"taxonomy":"product_cat","embeddable":true,"href":"https:\/\/fumotxpress.de\/sv\/wp-json\/wp\/v2\/product_cat?post=3650"},{"taxonomy":"product_tag","embeddable":true,"href":"https:\/\/fumotxpress.de\/sv\/wp-json\/wp\/v2\/product_tag?post=3650"}],"curies":[{"name":"wp","href":"https:\/\/api.w.org\/{rel}","templated":true}]}}