{"id":365,"date":"2024-10-15T12:26:48","date_gmt":"2024-10-15T12:26:48","guid":{"rendered":"https:\/\/fumotxpress.de\/?post_type=product&#038;p=365"},"modified":"2025-05-20T04:44:34","modified_gmt":"2025-05-20T04:44:34","slug":"fizzy-nova-20000-puffar-luftflodeskontroll-20k-gram-bar-lager-laddningsbar-engangs-vapes-penna","status":"publish","type":"product","link":"https:\/\/fumotxpress.de\/sv\/produkt\/fizzy-nova-20000-puffar-luftflodeskontroll-20k-gram-bar-lager-laddningsbar-engangs-vapes-penna\/","title":{"rendered":"Fizzy Nova 20000 Puffs Luftfl\u00f6deskontroll 20K GRAMM Bar Lager Rechargeable Disposable Vapes Pen"},"content":{"rendered":"<h2>Fizzy Nova 20000 Puffs Luftfl\u00f6deskontroll 20K Eng\u00e5ngsvape \u2013 Ett Premium-Vapingeupplevelse<\/h2>\n<p>Der <strong><a href=\"https:\/\/fumotxpress.de\/sv\/produkt\/fizzy-nova-20000-puffs-airflow-control-20k-disposable-vape\/\">Fizzy Nova 20000 Puffs<\/a> Luftfl\u00f6deskontroll 20K Eng\u00e5ngsvape<\/strong> \u00e4r en modern eng\u00e5ngsvara som kombinerar avancerad teknik och elegant design f\u00f6r att ge en exceptionell \u00e5ngupplevelse. Utvecklad f\u00f6r b\u00e5de erfarna \u00e5ngare och nyb\u00f6rjare, kombinerar denna uppladdningsbara vapepen komfort, stil och prestanda i en enhet. Den utm\u00e4rker sig genom sin h\u00e5llbarhet, avancerade funktioner och h\u00f6gkvalitativa design j\u00e4mf\u00f6rt med konkurrenterna och \u00e4r ideal f\u00f6r b\u00e5de detaljhandel och grossist. Hos <a href=\"https:\/\/fumotxpress.de\/sv\/\"><strong>Fumotxpress.de<\/strong><\/a>, den ledande plattformen f\u00f6r eng\u00e5ngs-Vapes i Tyskland, kan du k\u00f6pa denna Premium-Vape Pen och dra nytta av v\u00e5ra ostoppbara erbjudanden.<\/p>\n<h3>Produktbeskrivning: H\u00f6gsta kvalitet och innovation<\/h3>\n<p>Der <strong>Fizzy Nova 20000 Puffs<\/strong> utm\u00e4rker sig genom sin otroliga kapacitet p\u00e5 20 000 drag och sina avancerade funktioner. Denna uppladdningsbara eng\u00e5ngs-Vape Pen erbjuder en o\u00f6vertr\u00e4ffad \u00e5ngupplevelse och s\u00e4tter nya standarder inom branschen. <strong>Dubbel Mesh Coil Teknologi<\/strong>die <strong>Luftfl\u00f6deskontroll<\/strong> och den <strong>LCD-sk\u00e4rm<\/strong> G\u00f6r enheten till ett idealiskt val f\u00f6r alla som v\u00e4rdes\u00e4tter prestanda och anv\u00e4ndarv\u00e4nlighet.<\/p>\n<p>Med den <strong>2% eller 5% nikotinoption<\/strong> och en <strong>850mAh batteri<\/strong> st\u00e4ller den <strong>Fizzy Nova<\/strong> s\u00e4kert att du under en l\u00e4ngre period kan njuta av en intensiv, men kontrollerad \u00e5ngupplevelse. Den intelligenta <strong>Eco- och Turbo-l\u00e4gen<\/strong> erm\u00f6glichen es Ihnen, Ihre Dampfsitzungen individuell anzupassen und entweder die Akkulaufzeit zu verl\u00e4ngern oder eine kr\u00e4ftigere Dampferfahrung zu genie\u00dfen.<\/p>\n<h3>Funktioner hos Fizzy Nova 20000 Puffs<\/h3>\n<ol>\n<li><strong>20.000 t\u00e5gs kapacitet<\/strong>: L\u00e5ngvarig prestanda, perfekt f\u00f6r vapers som f\u00f6redrar intensiva och frekventa sessioner.<\/li>\n<li><strong>Rechargeable<\/strong>Tack vare den uppladdningsbara funktionen och LCD-sk\u00e4rmen kan du alltid kontrollera batteriniv\u00e5n och E-v\u00e4tskeniv\u00e5n.<\/li>\n<li><strong>Dubbel Mesh Coil Teknologi<\/strong>: F\u00f6r ett intensivt smak- och \u00e5ngupplevelse med j\u00e4mn och optimerad f\u00f6r\u00e5ngning.<\/li>\n<li><strong>Luftfl\u00f6deskontroll<\/strong>: Justera luftfl\u00f6det efter dina \u00f6nskem\u00e5l f\u00f6r att njuta av antingen en l\u00f6s eller t\u00e4t dragning.<\/li>\n<li><strong>850mAh Batteri<\/strong>L\u00e5ngvarig batterilivsl\u00e4ngd f\u00f6r oavbruten anv\u00e4ndning, ideal f\u00f6r anv\u00e4ndning p\u00e5 spr\u00e5ng.<\/li>\n<li><strong>Eco- och Turbo-l\u00e4gen<\/strong>: V\u00e4xla mellan batteribesparing eller intensiv \u00e5nga f\u00f6r en personlig upplevelse.<\/li>\n<li><strong>LCD-sk\u00e4rm<\/strong>: Visar batteristatus och \u00e5terst\u00e5ende e-v\u00e4tska s\u00e5 att du alltid har koll.<\/li>\n<li><strong>Hochwertiges Metallgeh\u00e4use \nbecomes \nH\u00f6gkvalitativ metallh\u00f6lje<\/strong>: Ett stilfullt och robust design som f\u00f6renar h\u00e5llbarhet och elegans.<\/li>\n<\/ol>\n<h3>Die m\u00e5ngfald av smaks\u00e4tt<\/h3>\n<p>Der <strong>Fizzy Nova 20000 Puffs<\/strong> erbjuder en m\u00e4ngd sp\u00e4nnande smaker som passar alla smaker. Oavsett om du f\u00f6redrar fruktigt, uppfriskande eller komplext - varje smak har noggrant utarbetats f\u00f6r att ge dig en intensiv och of\u00f6rgl\u00f6mlig vapeupplevelse.<\/p>\n<ul>\n<li><strong>Citron Lime<\/strong>: Frisk och uppfriskande, den perfekta blandningen av citron och lime.<\/li>\n<li><strong>Fizzy Cherry<\/strong>: Ett klassiskt k\u00f6rsb\u00e4rsdoft med en stickande anteckning.<\/li>\n<li><strong>Blandb\u00e4r<\/strong>En l\u00e4cker kombination av olika skogsb\u00e4r f\u00f6r den perfekta fruktupplevelsen.<\/li>\n<li><strong>Jordgubb Kiwi<\/strong>Den fruktiga kombinationen av jordgubbe och kiwi ger ett harmoniskt smakupplevelse.<\/li>\n<li><strong>Vattenmelon<\/strong>Saftig och uppfriskande \u2013 den perfekta sommarsmaken.<\/li>\n<li><strong>Pink Lemonad<\/strong>En uppfriskande l\u00e4sk med en touch av frukt.<\/li>\n<li><strong>jordgubbe<\/strong>S\u00f6t och saftig, en klassisk jordb\u00e4rssmak.<\/li>\n<li><strong>Persika<\/strong>Der smak av saftig persika, mjuk och s\u00f6t.<\/li>\n<li><strong>Bl\u00e5b\u00e4r<\/strong>: Ett intensivt bl\u00e5b\u00e4rsarom som kommer att sk\u00e4mma bort dina smakl\u00f6kar.<\/li>\n<li><strong>Vindruva<\/strong>S\u00f6ta druvor med en touch av friskhet.<\/li>\n<li><strong>Bl\u00e5b\u00e4r Kokos<\/strong>En exotisk blandning av bl\u00e5b\u00e4r och kokosn\u00f6t f\u00f6r en speciell \u00e5ngupplevelse.<\/li>\n<li><strong>Hallon Citron<\/strong>En harmonisk kombination av syrlig citron och s\u00f6t hallon.<\/li>\n<\/ul>\n<h3>Detaljerad smakbeskrivning: <strong>Citron Lime<\/strong><\/h3>\n<p>Bland de m\u00e5nga smakerna av <strong>Fizzy Nova 20000 Puffs<\/strong> s\u00e4rskilt framst\u00e5r den uppfriskande <strong>Citron Lime<\/strong> fram. Denna smak erbjuder en sp\u00e4nnande kombination av den friska syran fr\u00e5n citron och den l\u00e4tt beskna s\u00f6tman fr\u00e5n lime. Med varje drag k\u00e4nner du dig som om du dricker ett kyligt glas lemonad p\u00e5 en varm sommardag \u2013 livlig och uppfriskande p\u00e5 samma g\u00e5ng.<\/p>\n<p>den fina balansen mellan syran i citronen och den milda s\u00f6tman i limetten g\u00f6r denna smak till ett riktigt h\u00f6jdpunkt. Perfekt f\u00f6r vapers som f\u00f6redrar friska och livliga aromer \u00e4r <strong>Citron Lime<\/strong> Den ideala valet f\u00f6r l\u00e5nga \u00e5ngsittningar, utan att vara p\u00e5tr\u00e4ngande. Smaken kvarst\u00e5r under hela 20 000 drag och s\u00e4kerst\u00e4ller en j\u00e4mnt h\u00f6g \u00e5ngupplevelse.<\/p>\n<p>Der <strong>Citron Lime<\/strong> smak av <strong>Fizzy Nova<\/strong> erbjuder inte bara friskhet, utan ocks\u00e5 en djuphet som kan uppt\u00e4ckas p\u00e5 nytt med varje drag. Den \u00e4r ideal f\u00f6r alla som \u00e4lskar fruktiga, men inte f\u00f6r s\u00f6ta aromer och samtidigt s\u00f6ker en uppfriskning vid vaping. Kombinerat med den mjuka \u00e5ngutvecklingen hos <strong>Dubbel Mesh Coil Teknologi<\/strong> Denna smak ger en mjuk, behaglig munk\u00e4nsla.<\/p>\n<h3>Varf\u00f6r k\u00f6pa Fizzy Nova 20000 Puffs p\u00e5 Fumotxpress.de?<\/h3>\n<p>Bei <strong>Fumotxpress.de<\/strong>den st\u00f6rsta plattformen f\u00f6r <strong>Einv\u00e4g-Vapes i Tyskland<\/strong>erbjuder vi er inte bara den <strong>Fizzy Nova 20000 Puffs<\/strong>sondern auch erstklassigen Service und konkurrenzf\u00e4hige Preise. Mit einer gro\u00dfen Auswahl an Geschmacksrichtungen und der M\u00f6glichkeit, sowohl Einzel- als auch Gro\u00dfhandelsk\u00e4ufe zu t\u00e4tigen, sind wir Ihr bevorzugter Partner f\u00fcr hochwertige Vapes. Profitieren Sie von unseren exklusiven Angeboten und erleben Sie ein unvergleichliches Dampferlebnis.\n\n becomes \n\nmen ocks\u00e5 f\u00f6rstklassig service och konkurrenskraftiga priser. Med ett brett utbud av smaker och m\u00f6jlighet att k\u00f6pa b\u00e5de enskilda och grossistk\u00f6p \u00e4r vi din f\u00f6redragna partner f\u00f6r h\u00f6gkvalitativa Vapes. Ta del av v\u00e5ra exklusiva erbjudanden och upplev en o\u00f6vertr\u00e4ffad \u00e5ngupplevelse.<\/p>\n<h3>Slutsats<\/h3>\n<p>Der <strong>F<a href=\"https:\/\/fumotxpress.de\/sv\/\">Izzy Nova 20000 Puffs<\/a> Luftfl\u00f6deskontroll 20K Eng\u00e5ngsvape<\/strong> \u00e4r det ultimata \u00e5ngupplevelsen f\u00f6r alla som v\u00e4rdes\u00e4tter kvalitet, l\u00e5ngvarighet och individuella anpassningsm\u00f6jligheter. Med sin innovativa <strong>Dubbel Mesh Coil Teknologi<\/strong>den <strong>Eco- och Turbo-l\u00e4gen<\/strong> s\u00e5som <strong>LCD-sk\u00e4rm<\/strong> bietar han allt vad moderna Vapers f\u00f6rv\u00e4ntar sig. Bes\u00f6k \u00e4n idag <a href=\"https:\/\/fumotxpress.de\/sv\/\"><strong>Fumotxpress.de<\/strong><\/a>, f\u00f6r att k\u00f6pa din enhet och l\u00e5ta sig \u00f6vertygas av v\u00e5rt erbjudande!<\/p>","protected":false},"excerpt":{"rendered":"<p>Der <strong>Fizzy Nova 20000 Puffs Luftfl\u00f6deskontroll 20K Eng\u00e5ngsvape<\/strong> \u00e4r en uppladdningsbar eng\u00e5ngs-Vape Pen med 20 000 drag, Dual Mesh Coil-teknik, justerbar luftstr\u00f6m, LCD-sk\u00e4rm och ett brett utbud av smaker f\u00f6r en skr\u00e4ddarsydd \u00e5ngupplevelse<\/p>","protected":false},"featured_media":398,"comment_status":"open","ping_status":"closed","template":"","meta":{"om_disable_all_campaigns":false},"product_brand":[],"product_cat":[20,91,94,95,97,99,100,101,107,109,111,112,78,79,80,81,82,83,84,85,86,87,88,89,90,70,76,56,61,63,64,65,67],"product_tag":[],"class_list":{"0":"post-365","1":"product","2":"type-product","3":"status-publish","4":"has-post-thumbnail","6":"product_cat-fizzy-disposable-vapes","7":"product_cat-buy-best-disposable-vape-flavors","8":"product_cat-blueberry-flavor-disposable-vapes","9":"product_cat-cherry-flavor-disposable-vapes","10":"product_cat-grape-flavor-disposable-vapes","11":"product_cat-ice-flavor-disposable-vapes","12":"product_cat-kiwi-flavor-disposable-vapes","13":"product_cat-lemon-flavor-disposable-vapes","14":"product_cat-peach-flavor-disposable-vapes","15":"product_cat-raspberry-flavor-disposable-vapes","16":"product_cat-strawberry-flavor-disposable-vapes","17":"product_cat-watermelon-flavor-disposable-vapes","18":"product_cat-best-disposable-vape-in-europe","19":"product_cat-buy-disposable-vapes-in-austria","20":"product_cat-buy-disposable-vapes-in-belgium","21":"product_cat-buy-disposable-vapes-in-france","22":"product_cat-buy-disposable-vapes-in-germany","23":"product_cat-buy-disposable-vapes-in-italy","24":"product_cat-buy-disposable-vapes-in-netherlands","25":"product_cat-buy-disposable-vapes-in-norway","26":"product_cat-buy-disposable-vapes-in-poland","27":"product_cat-buy-disposable-vapes-in-portugal","28":"product_cat-buy-disposable-vapes-in-spain","29":"product_cat-buy-disposable-vapes-in-sweden","30":"product_cat-buy-disposable-vapes-in-switzerland","31":"product_cat-shop-disposable-vapes-by-puffs","32":"product_cat-20000-puff-disposable-vape","33":"product_cat-disposable-vape-types","34":"product_cat-big-puffs-disposable-vapes","35":"product_cat-digital-box-disposable-vapes","36":"product_cat-dual-mesh-disposable-vapes","37":"product_cat-lower-nicotine-disposable-vapes","38":"product_cat-rechargeable-disposable-vapes","40":"first","41":"outofstock","42":"shipping-taxable","43":"product-type-variable"},"_links":{"self":[{"href":"https:\/\/fumotxpress.de\/sv\/wp-json\/wp\/v2\/product\/365","targetHints":{"allow":["GET"]}}],"collection":[{"href":"https:\/\/fumotxpress.de\/sv\/wp-json\/wp\/v2\/product"}],"about":[{"href":"https:\/\/fumotxpress.de\/sv\/wp-json\/wp\/v2\/types\/product"}],"replies":[{"embeddable":true,"href":"https:\/\/fumotxpress.de\/sv\/wp-json\/wp\/v2\/comments?post=365"}],"wp:featuredmedia":[{"embeddable":true,"href":"https:\/\/fumotxpress.de\/sv\/wp-json\/wp\/v2\/media\/398"}],"wp:attachment":[{"href":"https:\/\/fumotxpress.de\/sv\/wp-json\/wp\/v2\/media?parent=365"}],"wp:term":[{"taxonomy":"product_brand","embeddable":true,"href":"https:\/\/fumotxpress.de\/sv\/wp-json\/wp\/v2\/product_brand?post=365"},{"taxonomy":"product_cat","embeddable":true,"href":"https:\/\/fumotxpress.de\/sv\/wp-json\/wp\/v2\/product_cat?post=365"},{"taxonomy":"product_tag","embeddable":true,"href":"https:\/\/fumotxpress.de\/sv\/wp-json\/wp\/v2\/product_tag?post=365"}],"curies":[{"name":"wp","href":"https:\/\/api.w.org\/{rel}","templated":true}]}}