{"id":3598,"date":"2025-04-02T13:57:30","date_gmt":"2025-04-02T13:57:30","guid":{"rendered":"https:\/\/fumotxpress.de\/?post_type=product&#038;p=3598"},"modified":"2025-12-23T11:48:07","modified_gmt":"2025-12-23T11:48:07","slug":"request-failed-with-status-code-565","status":"publish","type":"product","link":"https:\/\/fumotxpress.de\/sv\/produkt\/request-failed-with-status-code-565\/","title":{"rendered":"Nexa Ultra 800mAh 20ml (40000 Puffs) Nikotin K\u00f6p Original Autentisk Uppladdningsbar Eng\u00e5ngs Vape Pen"},"content":{"rendered":"<h1 class=\"\" data-start=\"0\" data-end=\"111\"><strong data-start=\"2\" data-end=\"109\"><a href=\"https:\/\/fumotxpress.de\/sv\/\">Nexa Ultra 800mAh 20ml (40 000 puffar)<\/a> Uppladdningsbar Eng\u00e5ngs Vape Pen \u2013 Den Ultimata Vapingupplevelsen<\/strong><\/h1>\n<div style=\"width: 640px;\" class=\"wp-video\"><!--[if lt IE 9]><script>document.createElement('video');<\/script><![endif]-->\n<video class=\"wp-video-shortcode\" id=\"video-3598-1\" width=\"640\" height=\"360\" preload=\"metadata\" controls=\"controls\"><source type=\"video\/mp4\" src=\"https:\/\/fumotxpress.de\/wp-content\/uploads\/2025\/04\/nexa-vape.mp4?_=1\" \/><a href=\"https:\/\/fumotxpress.de\/wp-content\/uploads\/2025\/04\/nexa-vape.mp4\">https:\/\/fumotxpress.de\/wp-content\/uploads\/2025\/04\/nexa-vape.mp4<\/a><\/video><\/div>\n<p class=\"\" data-start=\"113\" data-end=\"644\">Den <strong data-start=\"117\" data-end=\"191\">Nexa Ultra 800mAh 20ml (40 000 Puffs) Uppladdningsbar Eng\u00e5ngs Vape Pen<\/strong> \u00e4r en n\u00e4sta generations enhet designad f\u00f6r vapers som kr\u00e4ver l\u00e5ngvarighet, prestanda och anpassning. F\u00f6rpackad med <strong data-start=\"306\" data-end=\"329\">avancerad teknologi<\/strong>denna <strong data-start=\"336\" data-end=\"358\">H\u00f6gkapacitetsvape<\/strong> erbjudanden <strong data-start=\"366\" data-end=\"395\">justerbara effektinst\u00e4llningar<\/strong>, en <strong data-start=\"399\" data-end=\"424\">synlig e-v\u00e4tsketank<\/strong>och <strong data-start=\"430\" data-end=\"464\">en premiumval av smaker<\/strong>\u2014in en elegant och h\u00e5llbar design. Oavsett om du letar efter intensiv \u00e5ngproduktion eller ut\u00f6kat antal bloss har Nexa Ultra flexibiliteten att matcha din vape-stil.<\/p>\n<hr class=\"\" data-start=\"646\" data-end=\"649\" \/>\n<h2 class=\"\" data-start=\"651\" data-end=\"712\"><strong data-start=\"654\" data-end=\"710\">O\u00f6vertr\u00e4ffad prestanda med justerbara effektl\u00e4gen<\/strong><\/h2>\n<p class=\"\" data-start=\"714\" data-end=\"841\">Till skillnad fr\u00e5n standard eng\u00e5ngsvape, <strong data-start=\"752\" data-end=\"766\"><a href=\"https:\/\/fumotxpress.de\/sv\/\">Nexa<\/a> Ultra<\/strong> \u00e4r konstruerad f\u00f6r anpassning med sin <strong data-start=\"808\" data-end=\"838\">tv\u00e5 justerbara effektl\u00e4gen<\/strong>:<\/p>\n<ul data-start=\"842\" data-end=\"1097\">\n<li class=\"\" data-start=\"842\" data-end=\"984\">\n<p class=\"\" data-start=\"844\" data-end=\"984\"><strong data-start=\"844\" data-end=\"874\">Normal l\u00e4ge (40 000 bloss)<\/strong> \u2013 Optimerad f\u00f6r l\u00e5ngvarighet, ger en konsekvent smak och en tillfredsst\u00e4llande upplevelse under en l\u00e4ngre period.<\/p>\n<\/li>\n<li class=\"\" data-start=\"985\" data-end=\"1097\">\n<p class=\"\" data-start=\"987\" data-end=\"1097\"><strong data-start=\"987\" data-end=\"1016\">Turbo-l\u00e4ge (25 000 bloss)<\/strong> \u2013 \u00d6kar kraften f\u00f6r f\u00f6rb\u00e4ttrad \u00e5ngproduktion och mer intensiv smakleverans.<\/p>\n<\/li>\n<\/ul>\n<p class=\"\" data-start=\"1099\" data-end=\"1361\">Detta <strong data-start=\"1104\" data-end=\"1131\">justerbar kraftsystem<\/strong> l\u00e5ter dig <strong data-start=\"1146\" data-end=\"1189\">v\u00e4xla mellan effektivitet och intensitet<\/strong>, och tillgodoser b\u00e5de avslappnade och erfarna vapers. Oavsett om du f\u00f6redrar en l\u00e5ngvarig, stadig vape-session eller en mer kraftfull, dj\u00e4rv puff, anpassar sig Nexa Ultra till dina behov.<\/p>\n<hr class=\"\" data-start=\"1363\" data-end=\"1366\" \/>\n<h2 class=\"\" data-start=\"1368\" data-end=\"1429\"><strong data-start=\"1371\" data-end=\"1427\">Innovativa funktioner f\u00f6r en s\u00f6ml\u00f6s vapingupplevelse<\/strong><\/h2>\n<p class=\"\" data-start=\"1431\" data-end=\"1526\">Varje detalj av <strong data-start=\"1451\" data-end=\"1465\">Nexa Ultra<\/strong> \u00e4r utformad f\u00f6r bekv\u00e4mlighet, effektivitet och tillfredsst\u00e4llelse.<\/p>\n<ul data-start=\"1528\" data-end=\"2540\">\n<li class=\"\" data-start=\"1528\" data-end=\"1637\">\n<p class=\"\" data-start=\"1530\" data-end=\"1637\"><strong data-start=\"1530\" data-end=\"1566\">Maximal kapacitet p\u00e5 40 000 bloss<\/strong> \u2013 En marknadsledande puffantal s\u00e4kerst\u00e4ller en ut\u00f6kad vapingupplevelse.<\/p>\n<\/li>\n<li class=\"\" data-start=\"1638\" data-end=\"1747\">\n<p class=\"\" data-start=\"1640\" data-end=\"1747\"><strong data-start=\"1640\" data-end=\"1674\">H\u00f6gpresterande 800mAh batteri<\/strong> \u2013 Levererar tillf\u00f6rlitlig prestanda och st\u00f6djer flera vape-sessioner.<\/p>\n<\/li>\n<li class=\"\" data-start=\"1748\" data-end=\"1827\">\n<p class=\"\" data-start=\"1750\" data-end=\"1827\"><strong data-start=\"1750\" data-end=\"1776\">USB Type-C-laddning<\/strong> \u2013 Snabb och effektiv laddning h\u00e5ller dig ig\u00e5ng.<\/p>\n<\/li>\n<li class=\"\" data-start=\"1828\" data-end=\"1946\">\n<p class=\"\" data-start=\"1830\" data-end=\"1946\"><strong data-start=\"1830\" data-end=\"1859\">20mL E-Liquid Kapacitet<\/strong> \u2013 Har en <strong data-start=\"1873\" data-end=\"1898\">synlig e-v\u00e4tsketank<\/strong>, s\u00e5 att du enkelt kan \u00f6vervaka v\u00e4tskeniv\u00e5erna.<\/p>\n<\/li>\n<li class=\"\" data-start=\"1947\" data-end=\"2047\">\n<p class=\"\" data-start=\"1949\" data-end=\"2047\"><strong data-start=\"1949\" data-end=\"1974\">Justerbar luftfl\u00f6de<\/strong> \u2013 Anpassa din dragmotst\u00e5nd f\u00f6r en personlig \u00e5ngupplevelse.<\/p>\n<\/li>\n<li class=\"\" data-start=\"2048\" data-end=\"2168\">\n<p class=\"\" data-start=\"2050\" data-end=\"2168\"><strong data-start=\"2050\" data-end=\"2073\">3D b\u00f6jd sk\u00e4rm<\/strong> \u2013 Visar batteritid, puffantal och e-v\u00e4tskeniv\u00e5er med en modern, h\u00f6gteknologisk estetik.<\/p>\n<\/li>\n<li class=\"\" data-start=\"2169\" data-end=\"2295\">\n<p class=\"\" data-start=\"2171\" data-end=\"2295\"><strong data-start=\"2171\" data-end=\"2205\">50mg (5%) Nikotinstyrka<\/strong> \u2013 Levererar en stark och tillfredsst\u00e4llande effekt f\u00f6r de som f\u00f6redrar en kraftfull nikotinerfarenhet.<\/p>\n<\/li>\n<li class=\"\" data-start=\"2296\" data-end=\"2421\">\n<p class=\"\" data-start=\"2298\" data-end=\"2421\"><strong data-start=\"2298\" data-end=\"2326\">H\u00e5llbar PC\/PCTG-konstruktion<\/strong> \u2013 H\u00f6gkvalitativa material f\u00f6rb\u00e4ttrar h\u00e5llbarheten samtidigt som de beh\u00e5ller en <strong data-start=\"2391\" data-end=\"2418\">premium, ergonomisk k\u00e4nsla<\/strong>.<\/p>\n<\/li>\n<li class=\"\" data-start=\"2422\" data-end=\"2540\">\n<p class=\"\" data-start=\"2424\" data-end=\"2540\"><strong data-start=\"2424\" data-end=\"2456\">F\u00f6rfylld &amp; Redo att Anv\u00e4nda<\/strong> \u2013 Levereras helt monterad och f\u00f6rfylld, s\u00e5 att du kan b\u00f6rja vapa omedelbart.<\/p>\n<\/li>\n<\/ul>\n<p class=\"\" data-start=\"2542\" data-end=\"2693\">Detta <strong data-start=\"2547\" data-end=\"2572\">funktionst\u00e4t vape-penna<\/strong> ger en <strong data-start=\"2584\" data-end=\"2619\">Premi\u00e4r, problemfri upplevelse<\/strong> medan man uppr\u00e4tth\u00e5ller <strong data-start=\"2638\" data-end=\"2690\">stark \u00e5ngproduktion och rik smakleverans<\/strong>.<\/p>\n<hr class=\"\" data-start=\"2695\" data-end=\"2698\" \/>\n<h2 class=\"\" data-start=\"2700\" data-end=\"2760\"><strong data-start=\"2703\" data-end=\"2758\">Premium Smaksortiment \u2013 Skr\u00e4ddarsytt f\u00f6r varje smak<\/strong><\/h2>\n<p class=\"\" data-start=\"2762\" data-end=\"2997\">Den <strong data-start=\"2766\" data-end=\"2809\">Nexa Ultra 40 000 Puffs Eng\u00e5ngs Vape<\/strong> erbjuder ett imponerande urval av <strong data-start=\"2844\" data-end=\"2875\">25 expertiskt utformade smaker<\/strong>, och tillfredsst\u00e4ller alla preferenser. Oavsett om du l\u00e4ngtar efter fruktiga, isiga, kr\u00e4miga eller mentolhaltiga blandningar, finns det en smak f\u00f6r varje vaper.<\/p>\n<h3 class=\"\" data-start=\"2999\" data-end=\"3036\"><strong data-start=\"3003\" data-end=\"3034\">Smakslista &amp; Beskrivningar:<\/strong><\/h3>\n<ol data-start=\"3038\" data-end=\"5899\">\n<li class=\"\" data-start=\"3038\" data-end=\"3161\">\n<p class=\"\" data-start=\"3041\" data-end=\"3161\"><strong data-start=\"3041\" data-end=\"3059\">Sour Apple Ice<\/strong><br data-start=\"3059\" data-end=\"3062\" \/>Knappar gr\u00f6na \u00e4pplen med en syrlig och frisk smak, avslutad med en iskyld utandning f\u00f6r en uppfriskande smak.<\/p>\n<\/li>\n<li class=\"\" data-start=\"3163\" data-end=\"3282\">\n<p class=\"\" data-start=\"3166\" data-end=\"3282\"><strong data-start=\"3166\" data-end=\"3190\">Bl\u00e5b\u00e4r Vattenmelon<\/strong><br data-start=\"3190\" data-end=\"3193\" \/>Saftig vattenmelon kombinerad med s\u00f6ta bl\u00e5b\u00e4r f\u00f6r en perfekt balanserad fruktig blandning.<\/p>\n<\/li>\n<li class=\"\" data-start=\"3284\" data-end=\"3407\">\n<p class=\"\" data-start=\"3287\" data-end=\"3407\"><strong data-start=\"3287\" data-end=\"3305\">Vattenmelon Glass<\/strong><br data-start=\"3305\" data-end=\"3308\" \/>Klassisk vattenmelons s\u00f6tma kombinerad med en sval mentholfinish f\u00f6r en uppfriskande sommardamp.<\/p>\n<\/li>\n<li class=\"\" data-start=\"3409\" data-end=\"3543\">\n<p class=\"\" data-start=\"3412\" data-end=\"3543\"><strong data-start=\"3412\" data-end=\"3429\">Blue Razz Ice<\/strong><br data-start=\"3429\" data-end=\"3432\" \/>En l\u00e4cker blandning av syrliga bl\u00e5 hallon med en frostig mentholst\u00f6t, som ger en j\u00e4mn men syrlig effekt.<\/p>\n<\/li>\n<li class=\"\" data-start=\"3545\" data-end=\"3661\">\n<p class=\"\" data-start=\"3548\" data-end=\"3661\"><strong data-start=\"3548\" data-end=\"3562\">Miami Mint<\/strong><br data-start=\"3562\" data-end=\"3565\" \/>En dj\u00e4rv och uppfriskande mintsmak inspirerad av svala havsbrisar och tropisk friskhet.<\/p>\n<\/li>\n<li class=\"\" data-start=\"3663\" data-end=\"3787\">\n<p class=\"\" data-start=\"3666\" data-end=\"3787\"><strong data-start=\"3666\" data-end=\"3682\">Triple Berry \n(Triple Berry \u00e4r troligen en egen namn s\u00e5 ingen \u00f6vers\u00e4ttning beh\u00f6vs)\n Triple Berry<\/strong><br data-start=\"3682\" data-end=\"3685\" \/>En uts\u00f6kt kombination av jordgubbar, bl\u00e5b\u00e4r och hallon f\u00f6r en blandning av b\u00e4rexplosion.<\/p>\n<\/li>\n<li class=\"\" data-start=\"3789\" data-end=\"3914\">\n<p class=\"\" data-start=\"3792\" data-end=\"3914\"><strong data-start=\"3792\" data-end=\"3813\">Jordgubbs-Banan<\/strong><br data-start=\"3813\" data-end=\"3816\" \/>Den perfekta balansen av mogna jordgubbar och kr\u00e4miga bananer f\u00f6r en j\u00e4mn och tillfredsst\u00e4llande vape.<\/p>\n<\/li>\n<li class=\"\" data-start=\"3916\" data-end=\"4030\">\n<p class=\"\" data-start=\"3919\" data-end=\"4030\"><strong data-start=\"3919\" data-end=\"3932\">Cool Mint \nbecomes \nKyla Mint \n No, it is \nKylmint<\/strong><br data-start=\"3932\" data-end=\"3935\" \/>Ren, frisk mint med en isig touch - ideal f\u00f6r mentollskare som njuter av en kylande k\u00e4nsla.<\/p>\n<\/li>\n<li class=\"\" data-start=\"4032\" data-end=\"4153\">\n<p class=\"\" data-start=\"4035\" data-end=\"4153\"><strong data-start=\"4035\" data-end=\"4050\">Mango Oasis<\/strong><br data-start=\"4050\" data-end=\"4053\" \/>Exotisk mango med en tropisk twist, som erbjuder en saftig och s\u00f6t inandning med en uppfriskande finish.<\/p>\n<\/li>\n<li class=\"\" data-start=\"4155\" data-end=\"4283\">\n<p class=\"\" data-start=\"4159\" data-end=\"4283\"><strong data-start=\"4159\" data-end=\"4174\">Fcuking Fab<\/strong><br data-start=\"4174\" data-end=\"4177\" \/>En mystisk blandning av livliga, dj\u00e4rva smaker designad f\u00f6r dem som \u00e4lskar en ov\u00e4ntad fruktig upplevelse.<\/p>\n<\/li>\n<li class=\"\" data-start=\"4285\" data-end=\"4399\">\n<p class=\"\" data-start=\"4289\" data-end=\"4399\"><strong data-start=\"4289\" data-end=\"4304\">Cherry Bomb<\/strong><br data-start=\"4304\" data-end=\"4307\" \/>En djup, rik k\u00f6rsb\u00e4rs smak med en intensiv s\u00f6tma som liknar godis och en syrlig eftersmak.<\/p>\n<\/li>\n<li class=\"\" data-start=\"4401\" data-end=\"4497\">\n<p class=\"\" data-start=\"4405\" data-end=\"4497\"><strong data-start=\"4405\" data-end=\"4424\">Vit Gummib\u00e4ris<\/strong><br data-start=\"4424\" data-end=\"4427\" \/>En nostalgisk vit gel\u00e9kandid smak med en uppfriskande isig finish.<\/p>\n<\/li>\n<li class=\"\" data-start=\"4499\" data-end=\"4612\">\n<p class=\"\" data-start=\"4503\" data-end=\"4612\"><strong data-start=\"4503\" data-end=\"4512\">B-Pop<\/strong><br data-start=\"4512\" data-end=\"4515\" \/>En lekfull, bubbelguminspirerad blandning som levererar en s\u00f6t, tuggig smak med en antydan av frukt.<\/p>\n<\/li>\n<li class=\"\" data-start=\"4614\" data-end=\"4728\">\n<p class=\"\" data-start=\"4618\" data-end=\"4728\"><strong data-start=\"4618\" data-end=\"4639\">Georgia Peach Ice<\/strong><br data-start=\"4639\" data-end=\"4642\" \/>Saftiga sydliga persikor med en isig finish f\u00f6r en cool, s\u00f6t och uppfriskande vape.<\/p>\n<\/li>\n<li class=\"\" data-start=\"4730\" data-end=\"4849\">\n<p class=\"\" data-start=\"4734\" data-end=\"4849\"><strong data-start=\"4734\" data-end=\"4752\">Jordgubbssorbet<\/strong><br data-start=\"4752\" data-end=\"4755\" \/>Frysta jordgubbar t\u00e4ckta med ett lager av frostig mentol f\u00f6r en kyligt s\u00f6t upplevelse.<\/p>\n<\/li>\n<li class=\"\" data-start=\"4851\" data-end=\"4956\">\n<p class=\"\" data-start=\"4855\" data-end=\"4956\"><strong data-start=\"4855\" data-end=\"4874\">Sur Vattenmelon<\/strong><br data-start=\"4874\" data-end=\"4877\" \/>En syrlig vattenmelonssmak med en sur twist och en uppfriskande finish.<\/p>\n<\/li>\n<li class=\"\" data-start=\"4958\" data-end=\"5124\">\n<p class=\"\" data-start=\"4962\" data-end=\"5124\"><strong data-start=\"4962\" data-end=\"4978\">Drakmelon<\/strong> <em data-start=\"4979\" data-end=\"5015\">(Vattenmelon + P\u00e4ron + Drakfrukt)<\/em><br data-start=\"5015\" data-end=\"5018\" \/>En tropisk blandning av saftig vattenmelon, krispig p\u00e4ron och exotisk drakfrukt f\u00f6r en unik fruktig blandning.<\/p>\n<\/li>\n<li class=\"\" data-start=\"5126\" data-end=\"5243\">\n<p class=\"\" data-start=\"5130\" data-end=\"5243\"><strong data-start=\"5130\" data-end=\"5146\">Vintergr\u00f6n<\/strong><br data-start=\"5146\" data-end=\"5149\" \/>En cool, frisk vintergr\u00f6n blandning som ger en uppfriskande mintig k\u00e4nsla vid varje inandning.<\/p>\n<\/li>\n<li class=\"\" data-start=\"5245\" data-end=\"5395\">\n<p class=\"\" data-start=\"5249\" data-end=\"5395\"><strong data-start=\"5249\" data-end=\"5264\">Rosa och Bl\u00e5<\/strong> <em data-start=\"5265\" data-end=\"5287\">(Rosa Bl\u00e5b\u00e4rssmak)<\/em><br data-start=\"5287\" data-end=\"5290\" \/>En b\u00e4r-infunderad l\u00e4ckerhet med s\u00f6ta och syrliga bl\u00e5b\u00e4rsflavor, avslutad med en uppfriskande iskyla touch.<\/p>\n<\/li>\n<li class=\"\" data-start=\"5397\" data-end=\"5504\">\n<p class=\"\" data-start=\"5401\" data-end=\"5504\"><strong data-start=\"5401\" data-end=\"5415\">Cinnarulle<\/strong><br data-start=\"5415\" data-end=\"5418\" \/>Varm kanelbulle toppad med en rik, kr\u00e4mig glasyr - perfekt f\u00f6r dessert\u00e4lskare.<\/p>\n<\/li>\n<li class=\"\" data-start=\"5506\" data-end=\"5639\">\n<p class=\"\" data-start=\"5510\" data-end=\"5639\"><strong data-start=\"5510\" data-end=\"5531\">Strawberry Colada<\/strong><br data-start=\"5531\" data-end=\"5534\" \/>En tropisk semester i varje puff, blandar kr\u00e4mig kokos, s\u00f6t jordgubbar och saftig ananas.<\/p>\n<\/li>\n<li class=\"\" data-start=\"5641\" data-end=\"5757\">\n<p class=\"\" data-start=\"5645\" data-end=\"5757\"><strong data-start=\"5645\" data-end=\"5670\">Guava Ananas Shake<\/strong><br data-start=\"5670\" data-end=\"5673\" \/>Exotisk guava och mogen ananas blandas till en sl\u00e4t, kr\u00e4mig milkshake-smak.<\/p>\n<\/li>\n<li class=\"\" data-start=\"5759\" data-end=\"5899\">\n<p class=\"\" data-start=\"5763\" data-end=\"5899\"><strong data-start=\"5763\" data-end=\"5779\">Citrus Bliss<\/strong> <em data-start=\"5780\" data-end=\"5802\">(Vild Orange + P\u00e4ron)<\/em><br data-start=\"5802\" data-end=\"5805\" \/>En frisk apelsin explosion i kombination med p\u00e4rlans subtila s\u00f6tma f\u00f6r en balanserad fruktig vape.<\/p>\n<\/li>\n<\/ol>\n<p class=\"\" data-start=\"5901\" data-end=\"6035\">Var och en av dessa <strong data-start=\"5915\" data-end=\"5934\">Premium smaker<\/strong> \u00e4r utformad f\u00f6r att leverera en <strong data-start=\"5959\" data-end=\"5982\">rik och tillfredsst\u00e4llande<\/strong> upplevelse, och s\u00e4kerst\u00e4ller att varje puff \u00e4r njutbar.<\/p>\n<hr class=\"\" data-start=\"6037\" data-end=\"6040\" \/>\n<h2 class=\"\" data-start=\"6042\" data-end=\"6116\"><strong data-start=\"6045\" data-end=\"6114\">Varf\u00f6r v\u00e4lja Nexa Ultra 800mAh 20ml (40 000 bloss) disponibel vape?<\/strong><\/h2>\n<p class=\"\" data-start=\"6118\" data-end=\"6648\">\u2714 <strong data-start=\"6120\" data-end=\"6155\">L\u00e5ngvarigaste eng\u00e5ngsvape<\/strong> med upp till <strong data-start=\"6167\" data-end=\"6183\">40 000 bloss \n(Or 40,000 bloss as well, depends on context) \n40,000 bloss<\/strong> i Normal l\u00e4ge.<br data-start=\"6199\" data-end=\"6202\" \/>\u2714 <strong data-start=\"6204\" data-end=\"6227\">Dubbla effektinst\u00e4llningar<\/strong> l\u00e5ta anv\u00e4ndare v\u00e4xla mellan <strong data-start=\"6258\" data-end=\"6305\">Turbo (25K bloss) &amp; Normal l\u00e4ge (40K bloss)<\/strong>.<br data-start=\"6306\" data-end=\"6309\" \/>\u2714 <strong data-start=\"6311\" data-end=\"6356\">Synlig e-v\u00e4tsketank &amp; 3D-krummad display<\/strong> ge en intuitiv, anv\u00e4ndarv\u00e4nlig upplevelse.<br data-start=\"6404\" data-end=\"6407\" \/>\u2714 <strong data-start=\"6409\" data-end=\"6448\">Justerbar luftfl\u00f6de &amp; effektinst\u00e4llning<\/strong> tillgodose alla f\u00f6rvapingpreferenser.<br data-start=\"6481\" data-end=\"6484\" \/>\u2714 <strong data-start=\"6486\" data-end=\"6505\">Premiumsmaker<\/strong> med h\u00f6gkvalitativ e-v\u00e4tska f\u00f6r <strong data-start=\"6537\" data-end=\"6564\">smidiga, smakrika puffar<\/strong>.<br data-start=\"6565\" data-end=\"6568\" \/>\u2714 <strong data-start=\"6570\" data-end=\"6598\">Snabb USB Type-C-laddning<\/strong> H\u00e5ller enheten str\u00f6mf\u00f6rs\u00f6rjd med minimal driftstopp.<\/p>\n<hr class=\"\" data-start=\"6650\" data-end=\"6653\" \/>\n<h2 class=\"\" data-start=\"6655\" data-end=\"6721\"><strong data-start=\"6658\" data-end=\"6719\">Var kan man k\u00f6pa Nexa Ultra 40 000 Puffs Disposable Vape?<\/strong><\/h2>\n<p class=\"\" data-start=\"6723\" data-end=\"6939\">Den <strong data-start=\"6727\" data-end=\"6801\">Nexa Ultra 800mAh 20ml (40 000 Puffs) Uppladdningsbar Eng\u00e5ngs Vape Pen<\/strong> finns exklusivt tillg\u00e4nglig p\u00e5 <strong data-start=\"6830\" data-end=\"6875\"><a class=\"\" href=\"https:\/\/fumotxpress.de\/sv\/\" target=\"_new\" rel=\"noopener\" data-start=\"6832\" data-end=\"6873\">FumotXpress.de<\/a><\/strong> \u2013 <strong data-start=\"6878\" data-end=\"6936\">Tysklands st\u00f6rsta online\u00e5terf\u00f6rs\u00e4ljare av eng\u00e5ngsvape<\/strong>.<\/p>\n<h3 class=\"\" data-start=\"6941\" data-end=\"6979\"><strong data-start=\"6945\" data-end=\"6977\">Varf\u00f6r k\u00f6pa fr\u00e5n FumotXpress.de?<\/strong><\/h3>\n<p class=\"\" data-start=\"6981\" data-end=\"7188\">\u2705 <strong data-start=\"6983\" data-end=\"7003\">Ingen minimiorder<\/strong> \u2013 K\u00f6p fr\u00e5n <strong data-start=\"7020\" data-end=\"7036\">endast 1 stycke<\/strong><br data-start=\"7036\" data-end=\"7039\" \/>\u2705 <strong data-start=\"7041\" data-end=\"7061\">Snabb EU-leverans<\/strong> \u2013 <strong data-start=\"7064\" data-end=\"7084\">3-7 dagars leverans<\/strong> Fr\u00e5n v\u00e5rt europeiska lager<br data-start=\"7112\" data-end=\"7115\" \/>\u2705 <strong data-start=\"7117\" data-end=\"7144\">100% Autentiska Produkter<\/strong> \u2013 Garanterade original, h\u00f6gkvalitativa vapes<\/p>\n<p class=\"\" data-start=\"7190\" data-end=\"7322\">F\u00f6rb\u00e4ttra din vape-upplevelse idag med den <strong data-start=\"7236\" data-end=\"7279\">Nexa Ultra <a href=\"https:\/\/fumotxpress.de\/sv\/\">40 000 Puffs Eng\u00e5ngsvape<\/a><\/strong>\u2013<strong data-start=\"7280\" data-end=\"7319\">d\u00e4r innovation m\u00f6ter prestanda.<\/strong> \ud83d\ude80<\/p>","protected":false},"excerpt":{"rendered":"<p><strong data-start=\"6727\" data-end=\"6801\">Nexa Ultra 800mAh 20ml (40 000 Puffs) Uppladdningsbar Eng\u00e5ngs Vape Pen<\/strong> finns exklusivt tillg\u00e4nglig p\u00e5 <strong data-start=\"6830\" data-end=\"6875\"><a class=\"\" href=\"https:\/\/fumotxpress.de\/sv\/\" target=\"_new\" rel=\"noopener\" data-start=\"6832\" data-end=\"6873\">FumotXpress.de<\/a><\/strong> \u2013 <strong data-start=\"6878\" data-end=\"6936\">Tysklands st\u00f6rsta online\u00e5terf\u00f6rs\u00e4ljare av eng\u00e5ngsvape<\/strong><\/p>","protected":false},"featured_media":3638,"comment_status":"open","ping_status":"closed","template":"","meta":{"om_disable_all_campaigns":false},"product_brand":[],"product_cat":[133],"product_tag":[],"class_list":{"0":"post-3598","1":"product","2":"type-product","3":"status-publish","4":"has-post-thumbnail","6":"product_cat-nexa-ultra","8":"first","9":"instock","10":"shipping-taxable","11":"purchasable","12":"product-type-variable"},"_links":{"self":[{"href":"https:\/\/fumotxpress.de\/sv\/wp-json\/wp\/v2\/product\/3598","targetHints":{"allow":["GET"]}}],"collection":[{"href":"https:\/\/fumotxpress.de\/sv\/wp-json\/wp\/v2\/product"}],"about":[{"href":"https:\/\/fumotxpress.de\/sv\/wp-json\/wp\/v2\/types\/product"}],"replies":[{"embeddable":true,"href":"https:\/\/fumotxpress.de\/sv\/wp-json\/wp\/v2\/comments?post=3598"}],"wp:featuredmedia":[{"embeddable":true,"href":"https:\/\/fumotxpress.de\/sv\/wp-json\/wp\/v2\/media\/3638"}],"wp:attachment":[{"href":"https:\/\/fumotxpress.de\/sv\/wp-json\/wp\/v2\/media?parent=3598"}],"wp:term":[{"taxonomy":"product_brand","embeddable":true,"href":"https:\/\/fumotxpress.de\/sv\/wp-json\/wp\/v2\/product_brand?post=3598"},{"taxonomy":"product_cat","embeddable":true,"href":"https:\/\/fumotxpress.de\/sv\/wp-json\/wp\/v2\/product_cat?post=3598"},{"taxonomy":"product_tag","embeddable":true,"href":"https:\/\/fumotxpress.de\/sv\/wp-json\/wp\/v2\/product_tag?post=3598"}],"curies":[{"name":"wp","href":"https:\/\/api.w.org\/{rel}","templated":true}]}}