{"id":3534,"date":"2025-04-02T13:22:00","date_gmt":"2025-04-02T13:22:00","guid":{"rendered":"https:\/\/fumotxpress.de\/?post_type=product&#038;p=3534"},"modified":"2025-11-24T07:50:10","modified_gmt":"2025-11-24T07:50:10","slug":"request-failed-with-status-code-564","status":"publish","type":"product","link":"https:\/\/fumotxpress.de\/sv\/produkt\/request-failed-with-status-code-564\/","title":{"rendered":"Vozol Star 12000 Puffs Nikotin K\u00f6p Original Autentisk Upp laddningsbar Eng\u00e5ngs Vape Pen"},"content":{"rendered":"<h2>Vozol Star 12000 Puffs Nikotin \u2013 Uppladdningsbar \u00c5teranv\u00e4ndbar Vape Pen<\/h2>\n<p>&nbsp;<\/p>\n<p class=\"\" data-start=\"71\" data-end=\"563\">Den <strong data-start=\"75\" data-end=\"143\">Vozol Star 12000 Puffs Nikotin \u00c5teranv\u00e4ndbar Eng\u00e5ngs Vape Pen<\/strong> \u00e4r designad f\u00f6r vapers som kr\u00e4ver b\u00e5de premiummkvalitet och l\u00e5ngvarig prestanda i en snygg, innovativ enhet. Erbjuder en imponerande <strong data-start=\"284\" data-end=\"299\">12000 bloss \n( Ingen translation needed f\u00f6r \"puffs\" i detta sammanhang f\u00f6rblir detsamma ) \nNej \n\n12000 bloss<\/strong>Denna eng\u00e5ngsvapepenna levererar konsekvent smak och tillfredsst\u00e4llande \u00e5nga, med en uppladdningsfunktion f\u00f6r ut\u00f6kat bruk. Oavsett om du \u00e4r nyb\u00f6rjare eller erfaren vaper, lovar denna produkt bekv\u00e4mlighet, utm\u00e4rkt smak och banbrytande teknologi i ett paket.<\/p>\n<h3 class=\"\" data-start=\"565\" data-end=\"626\">\u00d6versikt av Vozol Star 12000 Puffs Vape<\/h3>\n<p class=\"\" data-start=\"628\" data-end=\"995\">Den <strong data-start=\"632\" data-end=\"658\">Vozol Star 12000 Puffs<\/strong> \u00e4r mycket mer \u00e4n bara en standardm\u00e4ssig eng\u00e5ngsvape. Utrustad med <strong data-start=\"724\" data-end=\"754\">S.i.L.C. Flavor Technology<\/strong>, det s\u00e4kerst\u00e4ller att varje puff ger en rikare, j\u00e4mnare smakprofil. Oavsett om du f\u00f6r\u00e5ngar din favorit frukt- eller mentolsmak, maximerar denna teknik smakutmatningen, vilket ger dig en tillfredsst\u00e4llande och aromatisk upplevelse med varje inandning.<\/p>\n<p class=\"\" data-start=\"997\" data-end=\"1449\">Detta <strong data-start=\"1002\" data-end=\"1027\">uppladdningsbar vapepenna<\/strong> \u00e4r utformad f\u00f6r <strong data-start=\"1044\" data-end=\"1074\">MTL (Mouth to Lung) vaping<\/strong>, vilket g\u00f6r den till ett perfekt val f\u00f6r de som f\u00f6redrar en dragning som liknar traditionell r\u00f6kning. Enheten \u00e4r packad med en <strong data-start=\"1191\" data-end=\"1222\">650mAh uppladdningsbar batteri<\/strong>, vilket g\u00f6r att du kan ladda den och anv\u00e4nda den l\u00e4ngre utan att oroa dig f\u00f6r att batteriet d\u00f6r snabbt. Denna funktion g\u00f6r <strong data-start=\"1343\" data-end=\"1357\">Vozol Star<\/strong> Stick ut bland eng\u00e5ngsvapepennor, d\u00e4r typiska vapes \u00e4r utformade f\u00f6r eng\u00e5ngsbruk endast.<\/p>\n<p class=\"\" data-start=\"1451\" data-end=\"1739\">D\u00e4rut\u00f6ver har <strong data-start=\"1468\" data-end=\"1494\">Vozol Star 12000 Puffs<\/strong> kommer med en <strong data-start=\"1508\" data-end=\"1521\">mesh coil \n\n(Translation is not needed for this term as it is a technical term commonly used in vaping and is likely to remain the same in Swedish as well)\n\nmesh coil<\/strong>, vilket s\u00e4kerst\u00e4ller snabbare och j\u00e4mnare v\u00e4rme f\u00f6r en j\u00e4mnare upplevelse vid varje puff. Och med <strong data-start=\"1617\" data-end=\"1635\">TPD-\u00f6verensst\u00e4mmelse<\/strong>Denna vape \u00e4r helt laglig och redo f\u00f6r f\u00f6rs\u00e4ljning i EU, vilket ger dig sinnesro n\u00e4r du k\u00f6per den.<\/p>\n<p class=\"\" data-start=\"1741\" data-end=\"2142\">En av de mest praktiska funktionerna \u00e4r <strong data-start=\"1784\" data-end=\"1806\">LED-sk\u00e4rmdisplay<\/strong>som visar <strong data-start=\"1824\" data-end=\"1855\">batteri- och e-v\u00e4tskeniv\u00e5er<\/strong>s\u00e5 du aldrig beh\u00f6ver gissa n\u00e4r det \u00e4r dags f\u00f6r en uppladdning eller p\u00e5fyllning. Plus, <strong data-start=\"1935\" data-end=\"1960\">munskydd<\/strong> funktionen s\u00e4kerst\u00e4ller att din vape-upplevelse f\u00f6rblir hygienisk och s\u00e4ker. Med sin snabba <strong data-start=\"2045\" data-end=\"2072\">30 minuters laddningstid<\/strong>, den <strong data-start=\"2078\" data-end=\"2092\">Vozol Star<\/strong> s\u00e5 att du kan \u00e5terg\u00e5 till vaping s\u00e5 snabbt som m\u00f6jligt.<\/p>\n<p class=\"\" data-start=\"2144\" data-end=\"2457\">Den <strong data-start=\"2148\" data-end=\"2167\">marmoreringsdesign<\/strong> tillf\u00f6r en touch av elegans och stil till denna enhet, vilket ger den ett premi\u00e4rutseende som matchar dess prestanda. Som ett milj\u00f6v\u00e4nligt alternativ \u00e4r denna vape tillverkad med hj\u00e4lp av <strong data-start=\"2325\" data-end=\"2359\">\u00e5tervunnen plast fr\u00e5n konsumenter<\/strong>genom att s\u00e4kerst\u00e4lla att du g\u00f6r ett mer h\u00e5llbart val samtidigt som du njuter av dina favorit vape-smaker.<\/p>\n<p class=\"\" data-start=\"2459\" data-end=\"2592\">F\u00f6r dem som s\u00f6ker en p\u00e5litlig, h\u00f6gpresterande och milj\u00f6v\u00e4nlig vaping-apparat, \u00e4r <strong data-start=\"2548\" data-end=\"2574\">Vozol Star 12000 Puffs<\/strong> \u00e4r en perfekt passning.<\/p>\n<h3 class=\"\" data-start=\"2594\" data-end=\"2665\">Funktioner hos Vozol Star 12000 Puffs \u00c5teranv\u00e4ndbar Eng\u00e5ngsvape<\/h3>\n<ul data-start=\"2667\" data-end=\"3683\">\n<li class=\"\" data-start=\"2667\" data-end=\"2757\">\n<p class=\"\" data-start=\"2669\" data-end=\"2757\"><strong data-start=\"2669\" data-end=\"2684\">12000 Puffs<\/strong>: Njut av ut\u00f6kade vaping-sessioner med en l\u00e5ngvarig kapacitet p\u00e5 12000 puffar.<\/p>\n<\/li>\n<li class=\"\" data-start=\"2758\" data-end=\"2898\">\n<p class=\"\" data-start=\"2760\" data-end=\"2898\"><strong data-start=\"2760\" data-end=\"2784\">Uppladdningsbar Batteri<\/strong>: Utrustad med en <strong data-start=\"2802\" data-end=\"2833\">650mAh uppladdningsbar batteri<\/strong>, kan denna enhet enkelt laddas och anv\u00e4ndas under en l\u00e4ngre period.<\/p>\n<\/li>\n<li class=\"\" data-start=\"2899\" data-end=\"3005\">\n<p class=\"\" data-start=\"2901\" data-end=\"3005\"><strong data-start=\"2901\" data-end=\"2931\">S.i.L.C. Flavor Technology<\/strong>: Maximaliserar smakens konsistens och f\u00f6rb\u00e4ttrar den totala vape-upplevelsen.<\/p>\n<\/li>\n<li class=\"\" data-start=\"3006\" data-end=\"3064\">\n<p class=\"\" data-start=\"3008\" data-end=\"3064\"><strong data-start=\"3008\" data-end=\"3021\">Mesh Coil<\/strong>: Ger j\u00e4mn v\u00e4rme och j\u00e4mnare \u00e5nga.<\/p>\n<\/li>\n<li class=\"\" data-start=\"3065\" data-end=\"3165\">\n<p class=\"\" data-start=\"3067\" data-end=\"3165\"><strong data-start=\"3067\" data-end=\"3089\">LED-sk\u00e4rmdisplay<\/strong>: Visar batteri- och e-v\u00e4tskeniv\u00e5er, vilket g\u00f6r det l\u00e4ttare att hantera din vaping.<\/p>\n<\/li>\n<li class=\"\" data-start=\"3166\" data-end=\"3263\">\n<p class=\"\" data-start=\"3168\" data-end=\"3263\"><strong data-start=\"3168\" data-end=\"3193\">Mundstycke Skydd<\/strong>: Hygien uppr\u00e4tth\u00e5lls med en inbyggd skyddsfunktion f\u00f6r munstycke.<\/p>\n<\/li>\n<li class=\"\" data-start=\"3264\" data-end=\"3364\">\n<p class=\"\" data-start=\"3266\" data-end=\"3364\"><strong data-start=\"3266\" data-end=\"3288\">30 minuters laddning<\/strong>: Enheten laddas <strong data-start=\"3309\" data-end=\"3323\">30% snabbare<\/strong>fullt uppladdad p\u00e5 bara <strong data-start=\"3349\" data-end=\"3363\">30 minuter<\/strong>.<\/p>\n<\/li>\n<li class=\"\" data-start=\"3365\" data-end=\"3412\">\n<p class=\"\" data-start=\"3367\" data-end=\"3412\"><strong data-start=\"3367\" data-end=\"3379\">MTL Vape<\/strong>: Ideal f\u00f6r mouth-to-lung-vaping.<\/p>\n<\/li>\n<li class=\"\" data-start=\"3413\" data-end=\"3508\">\n<p class=\"\" data-start=\"3415\" data-end=\"3508\"><strong data-start=\"3415\" data-end=\"3431\">Milj\u00f6v\u00e4nlig<\/strong>: Tillverkad av <strong data-start=\"3443\" data-end=\"3477\">\u00e5tervunnen plast fr\u00e5n konsumenter<\/strong> f\u00f6r ett mer h\u00e5llbart val.<\/p>\n<\/li>\n<li class=\"\" data-start=\"3509\" data-end=\"3600\">\n<p class=\"\" data-start=\"3511\" data-end=\"3600\"><strong data-start=\"3511\" data-end=\"3528\">TPD-kompatibel<\/strong>: Helt kompatibel med EU-regler, vilket g\u00f6r det lagligt f\u00f6r f\u00f6rs\u00e4ljning och anv\u00e4ndning.<\/p>\n<\/li>\n<li class=\"\" data-start=\"3601\" data-end=\"3683\">\n<p class=\"\" data-start=\"3603\" data-end=\"3683\"><strong data-start=\"3603\" data-end=\"3628\">Snygg marmorering design<\/strong>: Ett stilrent och modernt utseende som matchar dess funktionalitet.<\/p>\n<\/li>\n<\/ul>\n<h3 class=\"\" data-start=\"3685\" data-end=\"3736\">Detaljerad Smaklista f\u00f6r Vozol Star 12000 Puffs<\/h3>\n<p class=\"\" data-start=\"3738\" data-end=\"3959\">Den <strong data-start=\"3742\" data-end=\"3768\">Vozol Star 12000 Puffs<\/strong> \u00e4r tillg\u00e4nglig i en m\u00e4ngd olika lockande och uppfriskande smaker, vilket ger ett brett utbud av valm\u00f6jligheter f\u00f6r varje vaper. Nedan f\u00f6ljer <strong data-start=\"3896\" data-end=\"3918\">25 premium smaker<\/strong> tillg\u00e4nglig i denna uppladdningsbara vapepenna:<\/p>\n<ol data-start=\"3961\" data-end=\"5886\">\n<li class=\"\" data-start=\"3961\" data-end=\"4083\">\n<p class=\"\" data-start=\"3964\" data-end=\"4083\"><strong data-start=\"3964\" data-end=\"3981\">Blue Razz Ice<\/strong><br data-start=\"3981\" data-end=\"3984\" \/>En syrlig blandning av mogna hallon med en uppfriskande isfinish f\u00f6r en uppiggande vapeupplevelse.<\/p>\n<\/li>\n<li class=\"\" data-start=\"4085\" data-end=\"4212\">\n<p class=\"\" data-start=\"4088\" data-end=\"4212\"><strong data-start=\"4088\" data-end=\"4107\">Bl\u00e5b\u00e4rsstorm<\/strong><br data-start=\"4107\" data-end=\"4110\" \/>S\u00f6ta, saftiga bl\u00e5b\u00e4r blandade med en subtil syrlighet, vilket skapar en storm av smak med varje puff.<\/p>\n<\/li>\n<li class=\"\" data-start=\"4214\" data-end=\"4329\">\n<p class=\"\" data-start=\"4217\" data-end=\"4329\"><strong data-start=\"4217\" data-end=\"4230\">Cool Mint \nbecomes \nKyla Mint \n No, it is \nKylmint<\/strong><br data-start=\"4230\" data-end=\"4233\" \/>En frisk och uppfriskande mintsmak som ger en j\u00e4mn, kylande k\u00e4nsla vid varje drag.<\/p>\n<\/li>\n<li class=\"\" data-start=\"4331\" data-end=\"4456\">\n<p class=\"\" data-start=\"4334\" data-end=\"4456\"><strong data-start=\"4334\" data-end=\"4347\">Drueis<\/strong><br data-start=\"4347\" data-end=\"4350\" \/>En l\u00e4cker balans av s\u00f6t, mogen vindruva med en iskyld, sval utandning som l\u00e4mnar en uppfriskande eftersmak.<\/p>\n<\/li>\n<li class=\"\" data-start=\"4458\" data-end=\"4614\">\n<p class=\"\" data-start=\"4461\" data-end=\"4614\"><strong data-start=\"4461\" data-end=\"4489\">Kiwi Passionsfrukt Guava<\/strong><br data-start=\"4489\" data-end=\"4492\" \/>En exotisk kombination av syrlig kiwi, tropisk passionsfrukt och j\u00e4mn guava, som levererar en fruktblandning som ingen annan.<\/p>\n<\/li>\n<li class=\"\" data-start=\"4616\" data-end=\"4748\">\n<p class=\"\" data-start=\"4619\" data-end=\"4748\"><strong data-start=\"4619\" data-end=\"4636\">Blandb\u00e4r<\/strong><br data-start=\"4636\" data-end=\"4639\" \/>En s\u00f6t, fruktig blandning av jordgubbar, bl\u00e5b\u00e4r och hallon f\u00f6r en explosion av naturlig b\u00e4rgodhet.<\/p>\n<\/li>\n<li class=\"\" data-start=\"4750\" data-end=\"4885\">\n<p class=\"\" data-start=\"4753\" data-end=\"4885\"><strong data-start=\"4753\" data-end=\"4779\">Persika Mango Vattenmelon<\/strong><br data-start=\"4779\" data-end=\"4782\" \/>En saftig trio av persikor, mango och vattenmelon, som erbjuder en uppfriskande, tropisk fruktupplevelse.<\/p>\n<\/li>\n<li class=\"\" data-start=\"4887\" data-end=\"4996\">\n<p class=\"\" data-start=\"4890\" data-end=\"4996\"><strong data-start=\"4890\" data-end=\"4907\">Pink Lemonad<\/strong><br data-start=\"4907\" data-end=\"4910\" \/>En syrlig, citrusaktig lemonad blandad med s\u00f6ta, fruktiga toner f\u00f6r en perfekt sommardamp.<\/p>\n<\/li>\n<li class=\"\" data-start=\"4998\" data-end=\"5130\">\n<p class=\"\" data-start=\"5001\" data-end=\"5130\"><strong data-start=\"5001\" data-end=\"5025\">Hallonvattenmelon<\/strong><br data-start=\"5025\" data-end=\"5028\" \/>En s\u00f6t, uppfriskande kombination av mogna hallon och saftig vattenmelon f\u00f6r en vattenf\u00f6rande upplevelse.<\/p>\n<\/li>\n<li class=\"\" data-start=\"5132\" data-end=\"5255\">\n<p class=\"\" data-start=\"5136\" data-end=\"5255\"><strong data-start=\"5136\" data-end=\"5154\">Sour Apple Ice<\/strong><br data-start=\"5154\" data-end=\"5157\" \/>Tarta, krispiga gr\u00f6na \u00e4pplen kombinerade med en kyla av is f\u00f6r en skarp, s\u00f6t och uppfriskande vape.<\/p>\n<\/li>\n<li class=\"\" data-start=\"5257\" data-end=\"5379\">\n<p class=\"\" data-start=\"5261\" data-end=\"5379\"><strong data-start=\"5261\" data-end=\"5285\">jordgubbsglass<\/strong><br data-start=\"5285\" data-end=\"5288\" \/>S\u00f6ta, kr\u00e4miga jordgubbar blandade i en glasssmak som \u00e4r j\u00e4mn och dekadent.<\/p>\n<\/li>\n<li class=\"\" data-start=\"5381\" data-end=\"5505\">\n<p class=\"\" data-start=\"5385\" data-end=\"5505\"><strong data-start=\"5385\" data-end=\"5404\">Jordgubb Kiwi<\/strong><br data-start=\"5404\" data-end=\"5407\" \/>En klassisk smak kombination av mogna jordgubbar och syrliga kiwier, perfekt f\u00f6r fruktiga vape-entusiaster.<\/p>\n<\/li>\n<li class=\"\" data-start=\"5507\" data-end=\"5625\">\n<p class=\"\" data-start=\"5511\" data-end=\"5625\"><strong data-start=\"5511\" data-end=\"5522\">Tobak<\/strong><br data-start=\"5522\" data-end=\"5525\" \/>En rik, robust tobakssmak f\u00f6r de som l\u00e4ngtar efter en mer traditionell och kraftfull vape-upplevelse.<\/p>\n<\/li>\n<li class=\"\" data-start=\"5627\" data-end=\"5751\">\n<p class=\"\" data-start=\"5631\" data-end=\"5751\"><strong data-start=\"5631\" data-end=\"5656\">Vattenmelon Tuggummi<\/strong><br data-start=\"5656\" data-end=\"5659\" \/>S\u00f6tt, saftigt vattenmelon parat med en tuggummi-smak f\u00f6r en nostalgisk, fruktig njutning.<\/p>\n<\/li>\n<li class=\"\" data-start=\"5753\" data-end=\"5886\">\n<p class=\"\" data-start=\"5757\" data-end=\"5886\"><strong data-start=\"5757\" data-end=\"5775\">Vattenmelon Glass<\/strong><br data-start=\"5775\" data-end=\"5778\" \/>En uppfriskande kombination av saftig vattenmelon med en sval isfinish, som erbjuder en balanserad smakprofil.<\/p>\n<\/li>\n<\/ol>\n<h3 class=\"\" data-start=\"5888\" data-end=\"5926\">Varf\u00f6r v\u00e4lja Vozol Star 12000 Puffs?<\/h3>\n<p class=\"\" data-start=\"5928\" data-end=\"6390\">Om du letar efter en <strong data-start=\"5952\" data-end=\"6004\">tillf\u00f6rlitlig och h\u00f6gpresterande eng\u00e5ngsvapepenna<\/strong>, den <strong data-start=\"6010\" data-end=\"6036\">Vozol Star 12000 Puffs<\/strong> \u00e4r det ideala valet. Med en m\u00e4ngd l\u00e4ckra smaker, en <strong data-start=\"6097\" data-end=\"6120\">milj\u00f6v\u00e4nlig design<\/strong>, och imponerande teknik som s\u00e4kerst\u00e4ller \u00f6verl\u00e4gsen smak och prestanda, \u00e4r denna enhet en framst\u00e5ende p\u00e5 vaping-marknaden. Oavsett om du just har b\u00f6rjat din vaping-resa eller \u00e4r en erfaren anv\u00e4ndare, erbjuder denna penna en s\u00f6ml\u00f6s upplevelse som s\u00e4kerligen kommer att h\u00e5lla dig n\u00f6jd.<\/p>\n<h3 class=\"\" data-start=\"6392\" data-end=\"6435\">Var kan man k\u00f6pa Vozol Star 12000 Puffs<\/h3>\n<p class=\"\" data-start=\"6437\" data-end=\"6852\">Den <strong data-start=\"6441\" data-end=\"6467\">Vozol Star 12000 Puffs<\/strong> \u00e4r tillg\u00e4nglig f\u00f6r k\u00f6p direkt fr\u00e5n <strong data-start=\"6508\" data-end=\"6526\">FumotXpress.de<\/strong>, den st\u00f6rsta online-plattformen f\u00f6r detaljhandel <strong data-start=\"6567\" data-end=\"6598\">Eng\u00e5ngsvape i Tyskland<\/strong>Vi erbjuder <strong data-start=\"6609\" data-end=\"6642\">Detaljhandel till EU-marknaden<\/strong>och <strong data-start=\"6648\" data-end=\"6660\">frakt<\/strong> fr\u00e5n v\u00e5rt europeiska lager garanterar <strong data-start=\"6700\" data-end=\"6717\">Snabb leverans<\/strong> inom <strong data-start=\"6725\" data-end=\"6737\">3-7 dagar<\/strong>Ingen minsta orderkvantitet kr\u00e4vs, och vi s\u00e4kerst\u00e4ller att v\u00e5ra kunder f\u00e5r <strong data-start=\"6819\" data-end=\"6851\">originella, \u00e4kta produkter<\/strong>.<\/p>\n<p class=\"\" data-start=\"6854\" data-end=\"7061\">Upplev bekv\u00e4mlighet, prestanda och smak med <strong data-start=\"6911\" data-end=\"6979\">Vozol Star 12000 Puffs Nikotin \u00c5teranv\u00e4ndbar Eng\u00e5ngs Vape Pen<\/strong> idag. Utforska v\u00e5r stora sortiment av <strong data-start=\"7013\" data-end=\"7024\">smaker<\/strong> och h\u00f6j din vape-upplevelse.<\/p>\n<hr class=\"\" data-start=\"7063\" data-end=\"7066\" \/>\n<p class=\"\" data-start=\"7068\" data-end=\"7213\">K\u00e4nn dig fri att kontakta oss f\u00f6r ytterligare fr\u00e5gor eller hj\u00e4lp ang\u00e5ende ditt k\u00f6p av <strong data-start=\"7162\" data-end=\"7188\">Vozol Star 12000 Puffs<\/strong> fr\u00e5n <strong data-start=\"7194\" data-end=\"7212\">FumotXpress.de<\/strong>.<\/p>","protected":false},"excerpt":{"rendered":"<p>K\u00f6p originalet <strong data-start=\"17\" data-end=\"85\">Vozol Star 12000 Puffs Nikotin \u00c5teranv\u00e4ndbar Eng\u00e5ngs Vape Pen<\/strong> P\u00e5 FumotXpress.de. Njut av 25 l\u00e4ckra smaker, snabb 30-minuters laddning och milj\u00f6v\u00e4nlig design. Levereras inom 3-7 dagar \u00f6ver hela EU.<\/p>","protected":false},"featured_media":3568,"comment_status":"open","ping_status":"closed","template":"","meta":{"om_disable_all_campaigns":false},"product_brand":[],"product_cat":[23],"product_tag":[],"class_list":{"0":"post-3534","1":"product","2":"type-product","3":"status-publish","4":"has-post-thumbnail","6":"product_cat-vozol-disposable-vapes","8":"first","9":"instock","10":"shipping-taxable","11":"purchasable","12":"product-type-variable"},"_links":{"self":[{"href":"https:\/\/fumotxpress.de\/sv\/wp-json\/wp\/v2\/product\/3534","targetHints":{"allow":["GET"]}}],"collection":[{"href":"https:\/\/fumotxpress.de\/sv\/wp-json\/wp\/v2\/product"}],"about":[{"href":"https:\/\/fumotxpress.de\/sv\/wp-json\/wp\/v2\/types\/product"}],"replies":[{"embeddable":true,"href":"https:\/\/fumotxpress.de\/sv\/wp-json\/wp\/v2\/comments?post=3534"}],"wp:featuredmedia":[{"embeddable":true,"href":"https:\/\/fumotxpress.de\/sv\/wp-json\/wp\/v2\/media\/3568"}],"wp:attachment":[{"href":"https:\/\/fumotxpress.de\/sv\/wp-json\/wp\/v2\/media?parent=3534"}],"wp:term":[{"taxonomy":"product_brand","embeddable":true,"href":"https:\/\/fumotxpress.de\/sv\/wp-json\/wp\/v2\/product_brand?post=3534"},{"taxonomy":"product_cat","embeddable":true,"href":"https:\/\/fumotxpress.de\/sv\/wp-json\/wp\/v2\/product_cat?post=3534"},{"taxonomy":"product_tag","embeddable":true,"href":"https:\/\/fumotxpress.de\/sv\/wp-json\/wp\/v2\/product_tag?post=3534"}],"curies":[{"name":"wp","href":"https:\/\/api.w.org\/{rel}","templated":true}]}}