{"id":318,"date":"2024-10-15T08:39:34","date_gmt":"2024-10-15T08:39:34","guid":{"rendered":"https:\/\/fumotxpress.de\/?post_type=product&#038;p=318"},"modified":"2025-01-12T13:52:53","modified_gmt":"2025-01-12T13:52:53","slug":"fizzy-luxus-15000-puffs-grosshandel-wiederaufladbare-2-5-low-nikotin-bulk-kaufen-einweg-vapes-pen","status":"publish","type":"product","link":"https:\/\/fumotxpress.de\/sv\/produkt\/fizzy-luxus-15000-puffs-grosshandel-wiederaufladbare-2-5-low-nikotin-bulk-kaufen-einweg-vapes-pen\/","title":{"rendered":"Fizzy Luxus 15000 Puffs Gro\u00dfhandel wiederaufladbare 2% 5% Low Nikotin Bulk kaufen Einweg Vapes Pen \n\nbecomes \n\nFizzy Luxus 15000 Puffs grosshandel uppladdningsbar 2% 5% l\u00e5gt nikotin bulkk\u00f6p eng\u00e5ngs vape pen"},"content":{"rendered":"<div class=\"flex-shrink-0 flex flex-col relative items-end\">\n<div class=\"pt-0\">\n<div class=\"gizmo-shadow-stroke flex h-8 w-8 items-center justify-center overflow-hidden rounded-full\">\n<div class=\"h-full w-full\">\n<h2 class=\"gizmo-shadow-stroke overflow-hidden rounded-full\">FIZZY Luxus 15000 Puffs: Ditt ultimata vapingupplevelse<\/h2>\n<\/div>\n<\/div>\n<\/div>\n<\/div>\n<div class=\"group\/conversation-turn relative flex w-full min-w-0 flex-col agent-turn\">\n<div class=\"flex-col gap-1 md:gap-3\">\n<div class=\"flex max-w-full flex-col flex-grow\">\n<div class=\"min-h-8 text-message flex w-full flex-col items-end gap-2 whitespace-normal break-words [.text-message+&amp;]:mt-5\" dir=\"auto\" data-message-author-role=\"assistant\" data-message-id=\"b213dfcf-4b5f-4f27-a81b-e931bff6bb01\" data-message-model-slug=\"gpt-4o\">\n<div class=\"flex w-full flex-col gap-1 empty:hidden first:pt-[3px]\">\n<div class=\"markdown prose w-full break-words dark:prose-invert light\">\n<p>Med det <strong>FIZZY Luxus 15000 Puffs Grossist uppladdningsbara eng\u00e5ngs Vapes Pen<\/strong>Upplev en premium-dampupplevelse som inte bara imponerar med sin enorma kapacitet, utan ocks\u00e5 med ett brett urval av l\u00e4ckra smaker. Denna vapepen erbjuder en exceptionell prestanda f\u00f6r vapers som s\u00f6ker l\u00e5nga och intensiva sessioner, utan att beh\u00f6va oroa sig f\u00f6r konstant laddning. Den <strong>FIZZY Luxus<\/strong> wurde entwickelt, um Dampf-Liebhabern ein hochwertiges und befriedigendes Erlebnis zu bieten \u2013 ideal f\u00fcr den Gro\u00dfhandel oder den Kauf in gr\u00f6\u00dferen Mengen.<\/p>\n<h4>\u00f6verl\u00e4gset prestation och funktioner<\/h4>\n<p>Der <strong>FIZZY Luxus 15000 Puffs<\/strong> erbjuder upp till <strong>15.000 t\u00e5g<\/strong>, vilket g\u00f6r den till en av de mest l\u00e5ngvariga eng\u00e5ngs-Vapes p\u00e5 marknaden. Med sin uppladdningsbara funktion kan du vara s\u00e4ker p\u00e5 att ingen dragning g\u00e5r till spillo, medan <strong>2%- eller 5%-Nikotinoption<\/strong> den m\u00f6jligg\u00f6r f\u00f6r dig att anpassa din \u00e5ngupplevelse efter dina egna \u00f6nskem\u00e5l. Perfekt f\u00f6r vapers som f\u00f6redrar en stark men \u00e4nd\u00e5 kontrollerad nikotinerfarenhet.<\/p>\n<p><strong>Funktioner hos FIZZY Luxus 15000 Puffs:<\/strong><\/p>\n<ul>\n<li><strong>Kapacitet f\u00f6r 15 000 t\u00e5g<\/strong>Langvarig \u00e5ngupplevelse, ideal f\u00f6r Vaper som v\u00e4rdes\u00e4tter h\u00e5llbarhet.<\/li>\n<li><strong>Rechargeable<\/strong>: Ingen orsak till problem med outnyttjad \u00e5nga, eftersom batteriet kan laddas om enkelt.<\/li>\n<li><strong>Nikotinoptionen 2% och 5%<\/strong>: V\u00e4lj mellan en mild eller starkare nikotinkoncentration, beroende p\u00e5 dina \u00f6nskem\u00e5l.<\/li>\n<li><strong>Stor smakvariation<\/strong>Med ett urval av <strong>15 olika smaker<\/strong> Det finns n\u00e5got f\u00f6r alla smaker.<\/li>\n<li><strong>K\u00f6pa i bulk<\/strong>Ideal f\u00f6r grosshandel eller k\u00f6p i st\u00f6rre m\u00e4ngder, s\u00e4rskilt f\u00f6r \u00e5terf\u00f6rs\u00e4ljare eller f\u00f6r \u00e5ngare som vill fylla p\u00e5 sin lager.<\/li>\n<li><strong>Enkel anv\u00e4ndning<\/strong>: Inga komplicerade inst\u00e4llningar - bara andas in och njut.<\/li>\n<\/ul>\n<h4>Uppt\u00e4ck smakpaletten hos FIZZY Luxus<\/h4>\n<p>En av de framst\u00e5ende f\u00f6rdelarna med <strong>FIZZY Luxus 15000 Puffs<\/strong> \u00e4r den breda utbudet av smaker som kommer att tillfredsst\u00e4lla varje \u00e5ngare. Fr\u00e5n fruktigt till uppfriskande - det finns en smak f\u00f6r varje preferens och hum\u00f6r. H\u00e4r \u00e4r n\u00e5gra av de mest popul\u00e4ra smakerna:<\/p>\n<ul>\n<li><strong>Bl\u00e5b\u00e4rsgel\u00e9 \nNej \nBl\u00e5b\u00e4rssorbet<\/strong>En uppfriskande kall dryck med s\u00f6tt bl\u00e5b\u00e4rsarom - perfekt f\u00f6r varma sommardagar.<\/li>\n<li><strong>Vattenmelon glass<\/strong>: Saftig vattenmelon kombineras med en isig eftersmak - en riktig h\u00f6jdpunkt.<\/li>\n<li><strong>Drueis<\/strong>S\u00f6ta druvor f\u00f6renade med en frysande spark.<\/li>\n<li><strong>Ananas Glass<\/strong>Tropiskt s\u00f6tt med en sval touch.<\/li>\n<li><strong>Himbeere<\/strong>Fruchtig, s\u00f6tt och lite syrligt - en l\u00e4cker klassiker.<\/li>\n<li><strong>Saurer Apfel<\/strong>Den saftiga, syrliga smaken av gr\u00f6n \u00e4pple kommer att f\u00e5 dina smakl\u00f6kar att sticka.<\/li>\n<li><strong>Jordgubb-Vattenmelon<\/strong>: Den perfekta fusionen av tv\u00e5 sommarfrukter f\u00f6r en of\u00f6rgl\u00f6mlig vapeupplevelse.<\/li>\n<li><strong>Tranb\u00e4r-druva<\/strong>En intressant blandning av syrliga tranb\u00e4r och s\u00f6ta druvor.<\/li>\n<\/ul>\n<h3>enskild smakbeskrivning <strong>Bl\u00e5b\u00e4rsgel\u00e9 \nNej \nBl\u00e5b\u00e4rssorbet<\/strong><\/h3>\n<p>\u30aa\u30d6\u30b9 \u3055\u305b\u3089\u308c\u308b\u3053\u3068\u306a\u304f\u3001\u306e\u30e6\u30cb\u30fc\u30af\u306a\u5473\u306b <strong>Bl\u00e5b\u00e4rsgel\u00e9 \nNej \nBl\u00e5b\u00e4rssorbet<\/strong> f\u00f6rf\u00f6ra \u2013 en perfekt blandning av s\u00f6tman fr\u00e5n mogna bl\u00e5b\u00e4r och den uppfriskande kyla av is. Denna smak \u00e4r det ideala valet f\u00f6r alla som \u00e4lskar fruktiga och samtidigt kyliga vapeupplevelser. Varje drag ger en behaglig friskhet som kan begeistra b\u00e5de p\u00e5 sommaren och vintern. Balansen mellan s\u00f6tma och kyla s\u00e4kerst\u00e4ller att denna smak aldrig \u00f6verv\u00e4ldigar, utan f\u00f6rblir behaglig och mild.<\/p>\n<p>Das <strong>Bl\u00e5b\u00e4rsgel\u00e9 \nNej \nBl\u00e5b\u00e4rssorbet<\/strong> \u00e4r inte bara en smak, utan en upplevelse. Med varje drag f\u00f6rdjupar du dig i en v\u00e4rld d\u00e4r s\u00f6tman fr\u00e5n bl\u00e5b\u00e4ret harmoniskt f\u00f6renas med en kylig finish. Perfekt f\u00f6r vapers som f\u00f6redrar fruktiga aromer med en cool finish.<\/p>\n<p>smaksutvecklingen \u00e4r j\u00e4mn och stabil, utan att smaken avtar. Tack vare den l\u00e5nga livsl\u00e4ngden hos <strong>FIZZY Luxus 15000 Puffs<\/strong> Det \u00e4r ingen \u00f6vers\u00e4ttning som beh\u00f6vs, texten \u00e4r redan p\u00e5 Svenska. Men om du vill ha den p\u00e5 ett annat s\u00e4tt s\u00e5 kan den ses ut s\u00e5 h\u00e4r: \nupplevelsen av \u00e5ngan \u00e4r konstant l\u00e4cker fr\u00e5n f\u00f6rsta till sista drag.<\/p>\n<h3>Varf\u00f6r k\u00f6pa FIZZY Luxus p\u00e5 Fumotxpress.de?<\/h3>\n<p>Bei <strong>Fumotxpress.de<\/strong>der st\u00f6rsta online-plattformen f\u00f6r <strong>Einv\u00e4g-Vapes i Tyskland<\/strong>Vi erbjuder dig de b\u00e4sta priserna och det st\u00f6rsta urvalet <strong>FIZZY Luxus 15000 Puffs<\/strong>V\u00e5rt sortiment \u00e4r noggrant kurerat f\u00f6r att s\u00e4kerst\u00e4lla att du bara f\u00e5r h\u00f6gkvalitativa produkter. Dessutom kan du hos oss dra nytta av snabb frakt och utm\u00e4rkt kundservice. Vi erbjuder inte bara konkurrenskraftiga priser, utan \u00e4ven exklusiva erbjudanden f\u00f6r grossistkunder.<\/p>\n<p>F\u00f6rs\u00e4kra dig om att inte missa chansen att prova denna exceptionella produkt och njut av en o\u00f6vertr\u00e4ffad \u00e5ngupplevelse med den <strong>FIZZY Luxus 15000 Puffs<\/strong>Bes\u00f6k <strong>Fumotxpress.de<\/strong> och uppt\u00e4ck v\u00e5ra exklusiva erbjudanden f\u00f6r eng\u00e5ngs-Vapes - perfekt f\u00f6r privat anv\u00e4ndning eller \u00e5terf\u00f6rs\u00e4ljning.<\/p>\n<h4>Zusammenfassung \nbecomes \nSummary \nin English, \nhowever \nin Swedish \nit becomes \nSammanfattning<\/h4>\n<p>Der <strong>FIZZY Luxus 15000 Puffs Einweg Vape Pen<\/strong> erbjuder allt som vapers kan \u00f6nska sig fr\u00e5n en modern enhet: exceptionell h\u00e5llbarhet, uppladdningsbar funktion och ett enormt urval av l\u00e4ckra smaker. Med alternativ f\u00f6r 2% och 5% nikotin \u00e4r denna vapepen ideal f\u00f6r alla som s\u00f6ker en anpassningsbar och tillfredsst\u00e4llande \u00e5ngupplevelse. Bes\u00f6k oss idag <strong>Fumotxpress.de<\/strong>f\u00f6r att <strong>FIZZY Luxus 15000 Puffs<\/strong> zu kaufen und die besten Preise im Gro\u00dfhandel zu sichern<\/p>\n<\/div>\n<\/div>\n<\/div>\n<\/div>\n<\/div>\n<\/div>","protected":false},"excerpt":{"rendered":"<p>Der <strong>FIZZY Luxus 15000 Puffs Grossist uppladdningsbara eng\u00e5ngs Vapes Pen<\/strong> erbjuder upp till 15 000 drag, ett enormt urval av smaker och en uppladdningsbar funktion, i kombination med valbar 2% eller 5% nikotinkoncentration f\u00f6r en l\u00e5ngvarig och skr\u00e4ddarsydd \u00e5ngupplevelse<\/p>","protected":false},"featured_media":319,"comment_status":"open","ping_status":"closed","template":"","meta":{"om_disable_all_campaigns":false},"product_brand":[],"product_cat":[20,91,92,94,95,97,98,99,100,101,103,106,107,108,109,110,111,112,78,79,80,81,82,83,84,85,86,87,88,89,90,70,74,56,61,63,65,67],"product_tag":[],"class_list":{"0":"post-318","1":"product","2":"type-product","3":"status-publish","4":"has-post-thumbnail","6":"product_cat-fizzy-disposable-vapes","7":"product_cat-buy-best-disposable-vape-flavors","8":"product_cat-apple-flavor-disposable-vapes","9":"product_cat-blueberry-flavor-disposable-vapes","10":"product_cat-cherry-flavor-disposable-vapes","11":"product_cat-grape-flavor-disposable-vapes","12":"product_cat-guava-flavor-disposable-vapes","13":"product_cat-ice-flavor-disposable-vapes","14":"product_cat-kiwi-flavor-disposable-vapes","15":"product_cat-lemon-flavor-disposable-vapes","16":"product_cat-mango-flavor-disposable-vapes","17":"product_cat-passion-fruit-flavor-disposable-vapes","18":"product_cat-peach-flavor-disposable-vapes","19":"product_cat-pineapple-flavor-disposable-vapes","20":"product_cat-raspberry-flavor-disposable-vapes","21":"product_cat-red-bull-flavor-disposable-vapes","22":"product_cat-strawberry-flavor-disposable-vapes","23":"product_cat-watermelon-flavor-disposable-vapes","24":"product_cat-best-disposable-vape-in-europe","25":"product_cat-buy-disposable-vapes-in-austria","26":"product_cat-buy-disposable-vapes-in-belgium","27":"product_cat-buy-disposable-vapes-in-france","28":"product_cat-buy-disposable-vapes-in-germany","29":"product_cat-buy-disposable-vapes-in-italy","30":"product_cat-buy-disposable-vapes-in-netherlands","31":"product_cat-buy-disposable-vapes-in-norway","32":"product_cat-buy-disposable-vapes-in-poland","33":"product_cat-buy-disposable-vapes-in-portugal","34":"product_cat-buy-disposable-vapes-in-spain","35":"product_cat-buy-disposable-vapes-in-sweden","36":"product_cat-buy-disposable-vapes-in-switzerland","37":"product_cat-shop-disposable-vapes-by-puffs","38":"product_cat-15000-puff-disposable-vape","39":"product_cat-disposable-vape-types","40":"product_cat-big-puffs-disposable-vapes","41":"product_cat-digital-box-disposable-vapes","42":"product_cat-lower-nicotine-disposable-vapes","43":"product_cat-rechargeable-disposable-vapes","45":"first","46":"outofstock","47":"shipping-taxable","48":"purchasable","49":"product-type-variable","50":"has-default-attributes"},"_links":{"self":[{"href":"https:\/\/fumotxpress.de\/sv\/wp-json\/wp\/v2\/product\/318","targetHints":{"allow":["GET"]}}],"collection":[{"href":"https:\/\/fumotxpress.de\/sv\/wp-json\/wp\/v2\/product"}],"about":[{"href":"https:\/\/fumotxpress.de\/sv\/wp-json\/wp\/v2\/types\/product"}],"replies":[{"embeddable":true,"href":"https:\/\/fumotxpress.de\/sv\/wp-json\/wp\/v2\/comments?post=318"}],"wp:featuredmedia":[{"embeddable":true,"href":"https:\/\/fumotxpress.de\/sv\/wp-json\/wp\/v2\/media\/319"}],"wp:attachment":[{"href":"https:\/\/fumotxpress.de\/sv\/wp-json\/wp\/v2\/media?parent=318"}],"wp:term":[{"taxonomy":"product_brand","embeddable":true,"href":"https:\/\/fumotxpress.de\/sv\/wp-json\/wp\/v2\/product_brand?post=318"},{"taxonomy":"product_cat","embeddable":true,"href":"https:\/\/fumotxpress.de\/sv\/wp-json\/wp\/v2\/product_cat?post=318"},{"taxonomy":"product_tag","embeddable":true,"href":"https:\/\/fumotxpress.de\/sv\/wp-json\/wp\/v2\/product_tag?post=318"}],"curies":[{"name":"wp","href":"https:\/\/api.w.org\/{rel}","templated":true}]}}