{"id":2961,"date":"2025-01-01T04:25:57","date_gmt":"2025-01-01T04:25:57","guid":{"rendered":"https:\/\/fumotxpress.de\/?post_type=product&#038;p=2961"},"modified":"2025-07-16T07:27:51","modified_gmt":"2025-07-16T07:27:51","slug":"europeiskt-lager-smpo-dl02-10000-puffar-lag-nikotinhalt-kop-original-autentisk-uppladdningsbar-engangspenna-2","status":"publish","type":"product","link":"https:\/\/fumotxpress.de\/sv\/produkt\/europeiskt-lager-smpo-dl02-10000-puffar-lag-nikotinhalt-kop-original-autentisk-uppladdningsbar-engangspenna-2\/","title":{"rendered":"Europeiskt lager SMPO Shisha 10000  Puffs L\u00e5g nikotin K\u00f6p Original Autentisk Upp laddningsbar Eng\u00e5ngs Vape-Pen"},"content":{"rendered":"<h2>Europeiska lagret <strong>SMPO Shisha 10000 Puffs 10000 Puffs \nbecomes \nSMPO Shisha 10000 Puffs 10000 Puffs<\/strong> Uppladdningsbar Eng\u00e5ngs Vape Pen: Premium Vaping Upplevelse f\u00f6r Tysklands Vape Entusiaster<\/h2>\n<p>P\u00e5 FumotXpress, Tysklands st\u00f6rsta online-retailplattform f\u00f6r eng\u00e5ngsvape, \u00e4r vi entusiastiska \u00f6ver att presentera\u00a0<a href=\"https:\/\/fumotxpress.de\/sv\/produkt\/europeiskt-lager-smpo-dl02-10000-puffar-lag-nikotinhalt-kop-original-autentisk-uppladdningsbar-engangspenna\/\"><strong>SMPO Shisha DL02 10000 Puffs Uppladdningsbar F\u00f6rbrukningsbar Vape Pen<\/strong><\/a>. Utformad f\u00f6r dem som s\u00f6ker h\u00f6gsta vapingprestanda utan kompromisser, erbjuder SMPO DL02 upp till 10 000 bloss av premiumsmak och konsekvent \u00e5ngproduktion. Oavsett om du \u00e4r en erfaren vaper eller just b\u00f6rjar din vapingresa, \u00e4r denna enhet konstruerad f\u00f6r att leverera en exceptionell upplevelse fr\u00e5n det f\u00f6rsta bloss till det sista.<\/p>\n<p>Denna produkt \u00e4r tillg\u00e4nglig i praktiska bulkpaket, vilket g\u00f6r det m\u00f6jligt f\u00f6r dig att fylla p\u00e5 f\u00f6r l\u00e4ngre anv\u00e4ndning eller f\u00f6r detaljhandelsbruk. Utan minimikrav p\u00e5 best\u00e4llningskvantitet och snabb leverans fr\u00e5n v\u00e5rt europeiska lager s\u00e4kerst\u00e4ller FumotXpress att dina behov av vapingprodukter tillgodoses snabbt och effektivt \u00f6ver hela EU.<\/p>\n<p><img loading=\"lazy\" decoding=\"async\" class=\"alignnone size-full wp-image-815\" src=\"https:\/\/fumotxpress.de\/wp-content\/uploads\/2024\/11\/SMPO-DL02-10000-Zuge-4-scaled-1.webp\" alt=\"SMPO-DL02-10000-Zuge\" width=\"2560\" height=\"2560\" srcset=\"https:\/\/fumotxpress.de\/wp-content\/uploads\/2024\/11\/SMPO-DL02-10000-Zuge-4-scaled-1.webp 2560w, https:\/\/fumotxpress.de\/wp-content\/uploads\/2024\/11\/SMPO-DL02-10000-Zuge-4-scaled-1-247x247.webp 247w, https:\/\/fumotxpress.de\/wp-content\/uploads\/2024\/11\/SMPO-DL02-10000-Zuge-4-scaled-1-100x100.webp 100w, https:\/\/fumotxpress.de\/wp-content\/uploads\/2024\/11\/SMPO-DL02-10000-Zuge-4-scaled-1-600x600.webp 600w, https:\/\/fumotxpress.de\/wp-content\/uploads\/2024\/11\/SMPO-DL02-10000-Zuge-4-scaled-1-300x300.webp 300w, https:\/\/fumotxpress.de\/wp-content\/uploads\/2024\/11\/SMPO-DL02-10000-Zuge-4-scaled-1-1024x1024.webp 1024w, https:\/\/fumotxpress.de\/wp-content\/uploads\/2024\/11\/SMPO-DL02-10000-Zuge-4-scaled-1-150x150.webp 150w, https:\/\/fumotxpress.de\/wp-content\/uploads\/2024\/11\/SMPO-DL02-10000-Zuge-4-scaled-1-768x768.webp 768w, https:\/\/fumotxpress.de\/wp-content\/uploads\/2024\/11\/SMPO-DL02-10000-Zuge-4-scaled-1-1536x1536.webp 1536w, https:\/\/fumotxpress.de\/wp-content\/uploads\/2024\/11\/SMPO-DL02-10000-Zuge-4-scaled-1-2048x2048.webp 2048w\" sizes=\"auto, (max-width: 2560px) 100vw, 2560px\" \/><\/p>\n<h3>Varf\u00f6r v\u00e4lja SMPO DL02 eng\u00e5ngsvapepenna?<\/h3>\n<p>Den\u00a0<a href=\"https:\/\/fumotxpress.de\/sv\/\"><strong>SMPOShisha DL02<\/strong>\u00a0<\/a>utm\u00e4rker sig bland eng\u00e5ngsvapepennor tack vare sin anm\u00e4rkningsv\u00e4rda h\u00e5llbarhet och banbrytande funktioner. Denna enhet \u00e4r utformad f\u00f6r att ge en s\u00f6ml\u00f6s vapeupplevelse med l\u00e5ngvarig prestanda och ett tillfredsst\u00e4llande utbud av smaker. H\u00e4r \u00e4r varf\u00f6r\u00a0<strong>SMPO shisha DL02<\/strong>\u00a0\u00e4r ett toppval f\u00f6r vape-anv\u00e4ndare:<\/p>\n<ul>\n<li><strong>10 000 Puff Kapacitet<\/strong>Med ett otroligt 10 000 bloss per enhet erbjuder SMPO DL02 en av de l\u00e4ngsta upplevelserna i kategorin f\u00f6r eng\u00e5ngsvape. Denna ut\u00f6kade kapacitet s\u00e4kerst\u00e4ller att du kan njuta av din vape under en l\u00e4ngre period utan att beh\u00f6va oroa dig f\u00f6r frekventa ers\u00e4ttningar.<\/li>\n<li><strong>750mAh Uppladdningsbar Batteri<\/strong>: Den kraftfulla, uppladdningsbara batteriet s\u00e4kerst\u00e4ller tillf\u00f6rlitlig prestanda under hela enhetens livscykel. Ladda helt enkelt via USB-C f\u00f6r fortsatt anv\u00e4ndning.<\/li>\n<li><strong>CRUX Torr V\u00e4rme Skydd Teknologi<\/strong>: Denna innovativa funktion f\u00f6rhindrar \u00f6verhettning och s\u00e4kerst\u00e4ller att din vape producerar konsekvent smak med varje drag.<\/li>\n<li><strong>0,6\u03a9 Mesh Coil<\/strong>: Mesh-kolven ger snabb uppv\u00e4rmning och j\u00e4mn \u00e5nga, vilket optimerar energif\u00f6rbrukningen f\u00f6r en l\u00e4ngre och mer effektiv vapingupplevelse.<\/li>\n<li><strong>20ml E-Liquid Kapacitet<\/strong>Med en gener\u00f6s e-v\u00e4tske reservoar s\u00e4kerst\u00e4ller SMPO DL02 att du har gott om v\u00e4tska f\u00f6r l\u00e5nga, trevliga sessioner, vilket g\u00f6r p\u00e5fyllningar till n\u00e5got fr\u00e5n f\u00f6rflutna.<\/li>\n<li><strong>Justerbar Luftfl\u00f6deskontroll<\/strong>: Anpassa din vape-upplevelse med justerbar luftfl\u00f6de, som l\u00e5ter dig anpassa \u00e5ngdensiteten till din \u00f6nskan, oavsett om du njuter av subtila bloss eller tjocka moln.<\/li>\n<li><strong>Ergonomisk och kompakt design<\/strong>: Den snygga, ergonomiska designen g\u00f6r SMPO Shisha DL02 bekv\u00e4m att h\u00e5lla i och enkel att b\u00e4ra, vilket g\u00f6r den ideal f\u00f6r anv\u00e4ndning p\u00e5 spr\u00e5ng.<\/li>\n<\/ul>\n<h3>SMPO DL02 \u2013 Ett Premiumval f\u00f6r Vaporer<\/h3>\n<p>Den\u00a0<strong>SMPO Shisha DL02 10000 Puffs Eng\u00e5ngs Vape Pen<\/strong>\u00a0\u00e4r utformad f\u00f6r att m\u00f6ta behoven hos moderna vapers som prioriterar prestanda, smak och bekv\u00e4mlighet. Oavsett om du \u00e4r en tillf\u00e4llig vaper eller en regelbunden anv\u00e4ndare, garanterar denna vape-pen tillfredsst\u00e4llelse med sin kombination av h\u00e5llbar konstruktion och innovativa funktioner.<\/p>\n<p>P\u00e5\u00a0<strong>FumotXpress<\/strong>, vi \u00e4r stolta \u00f6ver att erbjuda denna premiumprodukt, som h\u00e4mtas direkt fr\u00e5n p\u00e5litliga tillverkare. Du kan k\u00f6pa den i bulk, utan krav p\u00e5 minsta best\u00e4llningskvantitet, vilket g\u00f6r den till ett utm\u00e4rkt alternativ f\u00f6r b\u00e5de enskilda anv\u00e4ndare och detaljhandelsgrupper. Vi skickar direkt fr\u00e5n v\u00e5rt europeiska lager, vilket s\u00e4kerst\u00e4ller snabba leveranstider p\u00e5 3-7 dagar \u00f6ver hela EU.<\/p>\n<h3>Smaksortiment: Ett Spektrum av Rikliga Smaker<\/h3>\n<p>Den\u00a0<strong>SMPO DL02<\/strong>\u00a0<a href=\"https:\/\/fumotxpress.de\/sv\/\">Eng\u00e5ngs Vape Penna<\/a> \u00e4r tillg\u00e4nglig i ett brett spektrum av smaker, vilket g\u00f6r att du kan njuta av en ny \u00e5ngningsupplevelse med varje puff. Nedan f\u00f6ljer en detaljerad titt p\u00e5 de olika smakprofiler du kan v\u00e4lja mellan:<\/p>\n<ol>\n<li><strong>Mangojuice<\/strong><br \/>\nDenna tropiska smak exploderar med s\u00f6tman av mogna mango, och erbjuder en uppfriskande, exotisk smak som transporterar dig direkt till en solstr\u00e5lande strand. Perfekt f\u00f6r dem som l\u00e4ngtar efter en fruktig, s\u00f6t upplevelse.<\/li>\n<li><strong>jordn\u00f6tsm\u00f6r<\/strong><br \/>\nEn unik och lyxig smak som kombinerar jordn\u00f6tssm\u00f6rrets kr\u00e4miga, n\u00f6tiga rikedom med en j\u00e4mn finish. Ideal f\u00f6r de som uppskattar en mer salig vape-upplevelse, den \u00e4r perfekt f\u00f6r daglig anv\u00e4ndning.<\/li>\n<li><strong>jordgubbsglass<\/strong><br \/>\nEn s\u00f6t och kr\u00e4mig blandning av f\u00e4rska jordgubbar och sidenmjuk glass, denna smak levererar en tillfredsst\u00e4llande dessertupplevelse. Det \u00e4r ett smidigt och uppfriskande alternativ som ger en underbar balans av fruktiga och kr\u00e4miga toner.<\/li>\n<li><strong>Citrongodis<\/strong><br \/>\nOm du \u00e4r ett fan av citrusflavors kommer denna syrliga, tangiga citron smak blandad med en sockerhaltig s\u00f6tma att l\u00e4mna dina smakl\u00f6kar stickande. Det \u00e4r ett perfekt val f\u00f6r de som f\u00f6redrar en fr\u00e4sch, skarp smakprofil med en s\u00f6t finish.<\/li>\n<li><strong>Blandade b\u00e4r<\/strong><br \/>\nEn livlig blandning av blandade b\u00e4r, denna smak kombinerar s\u00f6ta jordgubbar, tart hallon och saftiga bl\u00e5b\u00e4r. Det \u00e4r en perfekt balans av fruktiga smaker som \u00e4r b\u00e5de uppfriskande och tillfredsst\u00e4llande.<\/li>\n<li><strong>Jordgubb Kiwi<\/strong><br \/>\nEn perfekt fusion av s\u00f6t jordgubbe och syrlig kiwi, denna kombination erbjuder en fr\u00e4sch, livlig smak som \u00e4r b\u00e5de syrlig och s\u00f6t. Det \u00e4r en smak som tilltalar massor som \u00e4r ideal f\u00f6r fruktiga vape-entusiaster.<\/li>\n<li><strong>Tranb\u00e4r Grape<\/strong><br \/>\nDenna dynamiska smak kombinerar tranb\u00e4rens syrlighet med druvans djupa s\u00f6tma. Resultatet \u00e4r en perfekt balanserad vape som erbjuder b\u00e5de komplexitet och tillfredsst\u00e4llelse i varje puff.<\/li>\n<li><strong>Vattenmelon Glass<\/strong><br \/>\nOm du \u00e4lskar coola, uppfriskande smaker,\u00a0<strong>Vattenmelon Glass<\/strong>\u00a0kommer att vara precis vad som beh\u00f6vs. Den saftiga, s\u00f6ta smaken av vattenmelon kompletteras av en kylig, isig finish som \u00e4r perfekt f\u00f6r varma dagar eller n\u00e4r du bara vill ha n\u00e5got l\u00e4tt och uppfriskande.<\/li>\n<li><strong>Bl\u00e5b\u00e4rsglass<\/strong><br \/>\nDenna smak kombinerar mogna bl\u00e5b\u00e4r med en krispig, sval mentol explosion. Resultatet \u00e4r en j\u00e4mn, uppfriskande vape med en s\u00f6t fruktig bas och en mintig finish, vilket g\u00f6r den till en perfekt hela-dagen-vape.<\/li>\n<li><strong>Vanilj Tobak<\/strong><br \/>\nF\u00f6r de som f\u00f6redrar en mer klassisk smak,\u00a0<strong>Vanilj Tobak<\/strong>\u00a0erbjuder en j\u00e4mn, rik kombination av robust tobak och den subtila s\u00f6tman av vanilj. Det \u00e4r en raffinerad och balanserad smak, perfekt f\u00f6r de som njuter av en mer traditionell vape med en twist av s\u00f6tma.<\/li>\n<\/ol>\n<h3>Varf\u00f6r k\u00f6pa SMPO DL02 Disposable Vape Pen?<\/h3>\n<p>Det finns flera orsaker till varf\u00f6r\u00a0<strong>SMPO Shishi DL02 10000 Puffs Disposable Vape Pen<\/strong>\u00a0\u00e4r ett utm\u00e4rkt val f\u00f6r dina vapingbehov:<\/p>\n<ul>\n<li><strong>L\u00e5ngvarig Prestanda<\/strong>Med sin imponerande kapacitet p\u00e5 10 000 bloss kan du njuta av ut\u00f6kade vaping-sessioner utan behov av frekventa utbyten.<\/li>\n<li><strong>Uppladdningsbar Bekv\u00e4mlighet<\/strong>: Den uppladdningsbara 750mAh-batteriet s\u00e4kerst\u00e4ller att du kan anv\u00e4nda vapepen under l\u00e5ng tid innan du beh\u00f6ver ladda den igen, vilket reducerar avfall och f\u00f6rb\u00e4ttrar din upplevelse.<\/li>\n<li><strong>Avancerade funktioner<\/strong>: CRUX:s torra v\u00e4rme-skydd, mesh-spolteknologi och justerbar luftfl\u00f6de ger en \u00f6verl\u00e4gsen vape-upplevelse som rivaliserar andra eng\u00e5ngsprodukter p\u00e5 marknaden.<\/li>\n<li><strong>Brett urval av smaker<\/strong>Med en varierad rad av sp\u00e4nnande smaker,\u00a0<strong>SMPO DL02<\/strong>\u00a0\u00e4r perfekt f\u00f6r de som vill utforska olika smakupplevelser.<\/li>\n<li><strong>Ingen minimiorder kr\u00e4vs<\/strong>Oavsett om du k\u00f6per f\u00f6r personligt bruk eller f\u00f6r detaljhandel kan du k\u00f6pa s\u00e5 lite som en penna utan n\u00e5gon minimikvantitet.<\/li>\n<li><strong>Snabb EU-leverans<\/strong>FumotXpress erbjuder snabb och tillf\u00f6rlitlig frakt \u00f6ver hela EU, med produkter som levereras inom 3-7 dagar.<\/li>\n<\/ul>\n<h3>Best\u00e4ll din SMPO DL02 10000 Puffs Disposable Vape Pen idag<\/h3>\n<p>Den\u00a0<strong><a href=\"https:\/\/fumotxpress.de\/sv\/\">SMPO Shashi DL02 10000 Puffs<\/a> Eng\u00e5ngs Vape Penna<\/strong>\u00a0\u00e4r nu tillg\u00e4nglig f\u00f6r k\u00f6p p\u00e5 FumotXpress.de, Tysklands ledande \u00e5terf\u00f6rs\u00e4ljare av eng\u00e5ngsvape. Med ett brett urval av smaker, h\u00f6gpresterande funktioner och snabb leverans fr\u00e5n v\u00e5rt europeiska lager, \u00e4r detta den ultimata enheten f\u00f6r b\u00e5de avslappnade vapers och entusiaster. Bes\u00f6k\u00a0<a href=\"https:\/\/fumotxpress.de\/sv\/\"><strong>FumotXpress.de<\/strong><\/a>\u00a0F\u00f6r att best\u00e4lla nu och njuta av snabb, p\u00e5litlig leverans direkt till din d\u00f6rr.<\/p>\n<p>F\u00f6r alla dina disponibla vape-behov, lita p\u00e5 FumotXpress f\u00f6r kvalitet, service och tillfredsst\u00e4llelse!<\/p>","protected":false},"excerpt":{"rendered":"<p>K\u00f6p <strong>SMPO DL02 10000 Puffs Rechargeable Disposable Vape Pen<\/strong> p\u00e5 FumotXpress.de. Njut av l\u00e5ngvarig prestanda, j\u00e4mn \u00e5nga och ett brett urval av smaker med snabb EU-leverans!<\/p>","protected":false},"featured_media":875,"comment_status":"open","ping_status":"closed","template":"","meta":{"om_disable_all_campaigns":false},"product_brand":[],"product_cat":[22,91,94,97,99,100,101,103,104,105,111,112,78,79,80,81,82,83,84,85,86,87,88,89,90,70,72,56,61,65,67],"product_tag":[],"class_list":{"0":"post-2961","1":"product","2":"type-product","3":"status-publish","4":"has-post-thumbnail","6":"product_cat-smpo-dl02-disposable-vapes","7":"product_cat-buy-best-disposable-vape-flavors","8":"product_cat-blueberry-flavor-disposable-vapes","9":"product_cat-grape-flavor-disposable-vapes","10":"product_cat-ice-flavor-disposable-vapes","11":"product_cat-kiwi-flavor-disposable-vapes","12":"product_cat-lemon-flavor-disposable-vapes","13":"product_cat-mango-flavor-disposable-vapes","14":"product_cat-mint-flavor-disposable-vapes","15":"product_cat-mixed-berries-flavor-disposable-vapes","16":"product_cat-strawberry-flavor-disposable-vapes","17":"product_cat-watermelon-flavor-disposable-vapes","18":"product_cat-best-disposable-vape-in-europe","19":"product_cat-buy-disposable-vapes-in-austria","20":"product_cat-buy-disposable-vapes-in-belgium","21":"product_cat-buy-disposable-vapes-in-france","22":"product_cat-buy-disposable-vapes-in-germany","23":"product_cat-buy-disposable-vapes-in-italy","24":"product_cat-buy-disposable-vapes-in-netherlands","25":"product_cat-buy-disposable-vapes-in-norway","26":"product_cat-buy-disposable-vapes-in-poland","27":"product_cat-buy-disposable-vapes-in-portugal","28":"product_cat-buy-disposable-vapes-in-spain","29":"product_cat-buy-disposable-vapes-in-sweden","30":"product_cat-buy-disposable-vapes-in-switzerland","31":"product_cat-shop-disposable-vapes-by-puffs","32":"product_cat-10000-puff-disposable-vape","33":"product_cat-disposable-vape-types","34":"product_cat-big-puffs-disposable-vapes","35":"product_cat-lower-nicotine-disposable-vapes","36":"product_cat-rechargeable-disposable-vapes","38":"first","39":"outofstock","40":"shipping-taxable","41":"product-type-variable"},"_links":{"self":[{"href":"https:\/\/fumotxpress.de\/sv\/wp-json\/wp\/v2\/product\/2961","targetHints":{"allow":["GET"]}}],"collection":[{"href":"https:\/\/fumotxpress.de\/sv\/wp-json\/wp\/v2\/product"}],"about":[{"href":"https:\/\/fumotxpress.de\/sv\/wp-json\/wp\/v2\/types\/product"}],"replies":[{"embeddable":true,"href":"https:\/\/fumotxpress.de\/sv\/wp-json\/wp\/v2\/comments?post=2961"}],"wp:featuredmedia":[{"embeddable":true,"href":"https:\/\/fumotxpress.de\/sv\/wp-json\/wp\/v2\/media\/875"}],"wp:attachment":[{"href":"https:\/\/fumotxpress.de\/sv\/wp-json\/wp\/v2\/media?parent=2961"}],"wp:term":[{"taxonomy":"product_brand","embeddable":true,"href":"https:\/\/fumotxpress.de\/sv\/wp-json\/wp\/v2\/product_brand?post=2961"},{"taxonomy":"product_cat","embeddable":true,"href":"https:\/\/fumotxpress.de\/sv\/wp-json\/wp\/v2\/product_cat?post=2961"},{"taxonomy":"product_tag","embeddable":true,"href":"https:\/\/fumotxpress.de\/sv\/wp-json\/wp\/v2\/product_tag?post=2961"}],"curies":[{"name":"wp","href":"https:\/\/api.w.org\/{rel}","templated":true}]}}