{"id":2878,"date":"2024-12-27T10:33:47","date_gmt":"2024-12-27T10:33:47","guid":{"rendered":"https:\/\/fumotxpress.de\/?post_type=product&#038;p=2878"},"modified":"2025-07-16T07:27:51","modified_gmt":"2025-07-16T07:27:51","slug":"europeiskt-lager-jnr-shisha-vattenpipa-12000-puffar-lag-nikotinhalt-kop-original-autentisk-uppladdningsbar-engangspenna","status":"publish","type":"product","link":"https:\/\/fumotxpress.de\/sv\/produkt\/europeiskt-lager-jnr-shisha-vattenpipa-12000-puffar-lag-nikotinhalt-kop-original-autentisk-uppladdningsbar-engangspenna\/","title":{"rendered":"Europeiskt lager JNR Shisha Hookah 12000 bloss L\u00e5g nikotin K\u00f6p original \u00c4kta uppladdningsbar eng\u00e5ngsvapepenna"},"content":{"rendered":"<h2><strong>Europeiskt lager JNR Shisha Hookah 12000 bloss L\u00e5g nikotin - H\u00f6gt prestationsniv\u00e5 K\u00f6p Original \u00c4kta Uppfyllningsbar Eng\u00e5ngs Vape Pen<\/strong><\/h2>\n<div style=\"width: 1020px;\" class=\"wp-video\"><!--[if lt IE 9]><script>document.createElement('video');<\/script><![endif]-->\n<video class=\"wp-video-shortcode\" id=\"video-2878-1\" width=\"1020\" height=\"1020\" preload=\"metadata\" controls=\"controls\"><source type=\"video\/mp4\" src=\"https:\/\/fumotxpress.de\/wp-content\/uploads\/2024\/12\/SHISHIA-3D-material.mp4?_=1\" \/><a href=\"https:\/\/fumotxpress.de\/wp-content\/uploads\/2024\/12\/SHISHIA-3D-material.mp4\">https:\/\/fumotxpress.de\/wp-content\/uploads\/2024\/12\/SHISHIA-3D-material.mp4<\/a><\/video><\/div>\n<h4><strong>Produkt\u00f6versikt<\/strong><\/h4>\n<p>Den <a href=\"https:\/\/fumotxpress.de\/sv\/?post_type=product&amp;p=2788&amp;preview=true\"><strong>JNR Shisha Hookah 12000 Disposable Vape Pen<\/strong><\/a> omdefinierar bekv\u00e4mlighet och premiumkvalitet i vapingv\u00e4rlden. Genom att kombinera det traditionella shishans charm med modern teknik erbjuder denna vapepen en imponerande <strong>12 000 puffkapacitet<\/strong>, levererar konsekvent smak och j\u00e4mn \u00e5nga. Designad f\u00f6r enkel anv\u00e4ndning, \u00e4r denna enhet perfekt f\u00f6r vapers som v\u00e4rdes\u00e4tter portabilitet utan att kompromissa med kvalitet.<\/p>\n<p>Tillverkad med precision, JNR Shisha Hookah 12000 \u00e4r skr\u00e4ddad f\u00f6r den europeiska marknaden och erbjuder <strong>\u00e4kta shisha-smaker<\/strong> i ett uppladdningsbart, eng\u00e5ngsformat. Denna eleganta enhet \u00e4r utformad f\u00f6r att ge anv\u00e4ndare en lyxig upplevelse samtidigt som den s\u00e4kerst\u00e4ller tillf\u00f6rlitlig prestanda och smakkonsekvens. P\u00e5<a href=\"https:\/\/fumotxpress.de\/sv\/\"> <strong>FumotXpress.de<\/strong>,<\/a> vi levererar denna premiumprodukt direkt till din d\u00f6rr, med frakt fr\u00e5n v\u00e5rt europeiska lager, vilket s\u00e4kerst\u00e4ller leverans inom <strong>3-7 dagar<\/strong> \u00f6ver hela EU. Upplev premiumvaping idag - fr\u00e5n bara ett stycke, med <strong>Ingen minimiorderkvantitet<\/strong>.<\/p>\n<hr \/>\n<h4><strong>Viktiga Funktioner<\/strong><\/h4>\n<ul>\n<li><strong>Ultimata Shisha-upplevelsen<\/strong>: F\u00f6rdjupa dig i rika, traditionella shisha-smaker med varje drag.<\/li>\n<li><strong>Massiv Puffkapacitet<\/strong>: Njut av upp till <strong>12 000 bloss \n(Or  could also be translated as  12.000 bloss, depends on context)<\/strong>, perfekt f\u00f6r l\u00e5ngvariga sessioner.<\/li>\n<li><strong>Uppladdningsbar Bekv\u00e4mlighet<\/strong>: Byggd med en <strong>250mAh uppladdningsbar batteri<\/strong>, maximera e-v\u00e4tskeanv\u00e4ndningen.<\/li>\n<li><strong>Snygg och b\u00e4rbar design<\/strong>: L\u00e4tt och ergonomisk f\u00f6r vaping p\u00e5 spr\u00e5ng.<\/li>\n<li><strong>Avancerad Mesh Coil-teknik<\/strong>: S\u00e4kerst\u00e4ller en j\u00e4mn, konsekvent smak och \u00e5ngproduktion.<\/li>\n<li><strong>L\u00e5gt Nikotin f\u00f6r Balanserad Njutning<\/strong>: Med \n( Ingen \u00f6vers\u00e4ttning av \"Featuring a\" d\u00e5 det \u00e4r en del av en titel eller uttryck ) \n Featuring a <strong>2% salt nikotin<\/strong> En formel som ger en tillfredsst\u00e4llande men mild struphits.<\/li>\n<li><strong>M\u00e5ngsidigt smakomr\u00e5de<\/strong>: V\u00e4lj bland 20 noggrant utvalda smaker.<\/li>\n<li><strong>Europeiska lagerutskick<\/strong>: Snabb leverans \u00f6ver hela EU, backad av v\u00e5r p\u00e5litliga plattform.<\/li>\n<\/ul>\n<hr \/>\n<h4><strong>Smaksamling<\/strong><\/h4>\n<p><img loading=\"lazy\" decoding=\"async\" class=\"alignnone size-full wp-image-2834\" src=\"https:\/\/fumotxpress.de\/wp-content\/uploads\/2024\/12\/\u8be6\u60c5\u9875-PC\u7aef_06.jpg\" alt=\"\" width=\"1920\" height=\"1527\" srcset=\"https:\/\/fumotxpress.de\/wp-content\/uploads\/2024\/12\/\u8be6\u60c5\u9875-PC\u7aef_06.jpg 1920w, https:\/\/fumotxpress.de\/wp-content\/uploads\/2024\/12\/\u8be6\u60c5\u9875-PC\u7aef_06-300x239.jpg 300w, https:\/\/fumotxpress.de\/wp-content\/uploads\/2024\/12\/\u8be6\u60c5\u9875-PC\u7aef_06-1024x814.jpg 1024w, https:\/\/fumotxpress.de\/wp-content\/uploads\/2024\/12\/\u8be6\u60c5\u9875-PC\u7aef_06-768x611.jpg 768w, https:\/\/fumotxpress.de\/wp-content\/uploads\/2024\/12\/\u8be6\u60c5\u9875-PC\u7aef_06-1536x1222.jpg 1536w, https:\/\/fumotxpress.de\/wp-content\/uploads\/2024\/12\/\u8be6\u60c5\u9875-PC\u7aef_06-15x12.jpg 15w, https:\/\/fumotxpress.de\/wp-content\/uploads\/2024\/12\/\u8be6\u60c5\u9875-PC\u7aef_06-600x477.jpg 600w\" sizes=\"auto, (max-width: 1920px) 100vw, 1920px\" \/><\/p>\n<p>Sk\u00e4m bort dig i en m\u00e4ngd olika <strong>20 expertly tillverkade smaker<\/strong>, alla utformade f\u00f6r att leverera en unik och tillfredsst\u00e4llande upplevelse.<\/p>\n<ol>\n<li><strong>Bl\u00e5b\u00e4rsglass<\/strong>S\u00f6tman av mogna bl\u00e5b\u00e4r m\u00f6ter den uppfriskande kyla av mentol.<\/li>\n<li><strong>Cherry Watermelon Freeze<\/strong>: En lyxig fusion av k\u00f6rsb\u00e4r och vattenmelon med en isig finish.<\/li>\n<li><strong>Frusen \u00c4pple<\/strong>: Krispig \u00e4ppelsmak f\u00f6rst\u00e4rkt av en frostig underton.<\/li>\n<li><strong>Tuggummi &amp; Mint<\/strong>: Den klassiska s\u00f6tman av tuggummi i balans med frisk mint.<\/li>\n<li><strong>Saftiga Persikor<\/strong>: En explosion av naturlig s\u00f6tma fr\u00e5n solmogna persikor.<\/li>\n<li><strong>Kiwi Mint<\/strong>: Exotisk kiwi kombinerad med en uppfriskande mintig touch.<\/li>\n<li><strong>Lady Killa<\/strong>En dj\u00e4rv och g\u00e5tfull blandning av exotiska frukter.<\/li>\n<li><strong>K\u00e4rlek 66<\/strong>: Tropiska fruktnoter med en subtil kylande effekt.<\/li>\n<li><strong>Mix Berry Ice -&gt; \nBl\u00e5b\u00e4r-Ice \nNej \nBlandad Jordgubbs- och Bl\u00e5b\u00e4rssmak \nNej \nBland Berry Ice \n Bl\u00e5b\u00e4r, Jordgubbe, Hallon \nNej \nMix Berry Ice<\/strong>: En blandning av b\u00e4r som f\u00f6rst\u00e4rks av en kylig utandning.<\/li>\n<li><strong>Ananas Kokos<\/strong>: Den ultimata tropiska duon av saftig ananas och kr\u00e4mig kokos.<\/li>\n<li><strong>R\u00f6d Jordgubbs Slask<\/strong>: En uppfriskande, b\u00e4rinfunderad slushig sensation.<\/li>\n<li><strong>Jordgubb Vindruva<\/strong>En underbar balans av jordgubbss\u00f6tma och druvrikedom.<\/li>\n<li><strong>Jordgubbssorbet<\/strong>: En kylig twist p\u00e5 klassisk jordgubbe.<\/li>\n<li><strong>Jordgubb Kiwi<\/strong>En livlig kombination av s\u00f6ta jordgubbar och syrliga kiwi.<\/li>\n<li><strong>Jordgubbs Hallongodis<\/strong>En syrlig och s\u00f6t godisexplosion.<\/li>\n<li><strong>Vattenmelonsbulle<\/strong>Saftig vattenmelon med en antydan av energidryckszest.<\/li>\n<li><strong>Vattenmelon Glass<\/strong>: Uppfriskande vattenmelonsmak kompletterad med iskyla svalka.<\/li>\n<li><strong>Vattenmelon Jordgubbsskum<\/strong>: Nostalgiska tuggumminoteringar blandade med vattenmelon och jordgubbe.<\/li>\n<li><strong>Vit Mamba<\/strong>En sofistikerad och mystisk fruktblandning med en sval kant.<\/li>\n<\/ol>\n<hr \/>\n<h4><strong>Varf\u00f6r v\u00e4lja FumotXpress.de?<\/strong><\/h4>\n<ul>\n<li><strong>P\u00e5litlig leverant\u00f6r<\/strong>: Skickas fr\u00e5n v\u00e5r <strong>Europeiskt lager<\/strong> f\u00f6r snabb, p\u00e5litlig leverans.<\/li>\n<li><strong>Ingen minimiorder<\/strong>: K\u00f6p s\u00e5 lite som en stycke - perfekt f\u00f6r personligt bruk eller detaljhandel.<\/li>\n<li><strong>Brett urval av premiumsmaker<\/strong>: Njut av ett brett utbud av <strong>20 ost\u00e5liga smaker<\/strong> skr\u00e4ddarsydd f\u00f6r varje smak.<\/li>\n<li><strong>Snabb EU-leverans<\/strong>: Best\u00e4llningar levererade inom <strong>3-7 dagar<\/strong> till din plats.<\/li>\n<li><strong>Omatchad kvalitetss\u00e4kring<\/strong>: F\u00f6rtroende f\u00f6r v\u00e5r dedikation till \u00f6verl\u00e4gsna vapingprodukter och kundn\u00f6jdhet.<\/li>\n<\/ul>\n<hr \/>\n<h3>Redo att ta din vaping-upplevelse till en ny niv\u00e5? Uppt\u00e4ck<a href=\"https:\/\/fumotxpress.de\/sv\/\"> JNR Shisha Hookah 12000<\/a> Eng\u00e5ngs Vape exklusivt p\u00e5 <a href=\"https:\/\/fumotxpress.de\/sv\/\"><strong>FumotXpress.de<\/strong><\/a>\u2014din p\u00e5litliga europeiska plattform f\u00f6r h\u00f6gkvalitativa eng\u00e5ngsvape-produkter.<\/h3>","protected":false},"excerpt":{"rendered":"<p>&#8220;<strong>Upplev premium vaping med JNR Shisha Hookah 12000 Puffs disponibel vape<\/strong> \u2013 upp till 12 000 bloss, \u00e4kta smaker, l\u00e5gt nikotin och snabb EU-leverans fr\u00e5n FumotXpress.de!<\/p>","protected":false},"featured_media":2787,"comment_status":"open","ping_status":"closed","template":"","meta":{"om_disable_all_campaigns":false},"product_brand":[],"product_cat":[55,91,92,94,95,97,99,100,102,104,107,108,109,110,111,112,78,79,80,81,82,83,84,85,86,87,88,89,90,70,73,56,61,65,67,68],"product_tag":[],"class_list":{"0":"post-2878","1":"product","2":"type-product","3":"status-publish","4":"has-post-thumbnail","6":"product_cat-jnr-shisha-disposable-vapes","7":"product_cat-buy-best-disposable-vape-flavors","8":"product_cat-apple-flavor-disposable-vapes","9":"product_cat-blueberry-flavor-disposable-vapes","10":"product_cat-cherry-flavor-disposable-vapes","11":"product_cat-grape-flavor-disposable-vapes","12":"product_cat-ice-flavor-disposable-vapes","13":"product_cat-kiwi-flavor-disposable-vapes","14":"product_cat-lush-flavor-disposable-vapes","15":"product_cat-mint-flavor-disposable-vapes","16":"product_cat-peach-flavor-disposable-vapes","17":"product_cat-pineapple-flavor-disposable-vapes","18":"product_cat-raspberry-flavor-disposable-vapes","19":"product_cat-red-bull-flavor-disposable-vapes","20":"product_cat-strawberry-flavor-disposable-vapes","21":"product_cat-watermelon-flavor-disposable-vapes","22":"product_cat-best-disposable-vape-in-europe","23":"product_cat-buy-disposable-vapes-in-austria","24":"product_cat-buy-disposable-vapes-in-belgium","25":"product_cat-buy-disposable-vapes-in-france","26":"product_cat-buy-disposable-vapes-in-germany","27":"product_cat-buy-disposable-vapes-in-italy","28":"product_cat-buy-disposable-vapes-in-netherlands","29":"product_cat-buy-disposable-vapes-in-norway","30":"product_cat-buy-disposable-vapes-in-poland","31":"product_cat-buy-disposable-vapes-in-portugal","32":"product_cat-buy-disposable-vapes-in-spain","33":"product_cat-buy-disposable-vapes-in-sweden","34":"product_cat-buy-disposable-vapes-in-switzerland","35":"product_cat-shop-disposable-vapes-by-puffs","36":"product_cat-12000-puff-disposable-vape","37":"product_cat-disposable-vape-types","38":"product_cat-big-puffs-disposable-vapes","39":"product_cat-lower-nicotine-disposable-vapes","40":"product_cat-rechargeable-disposable-vapes","41":"product_cat-shisha-hookah-disposable-vapes","43":"first","44":"instock","45":"featured","46":"shipping-taxable","47":"purchasable","48":"product-type-variable"},"_links":{"self":[{"href":"https:\/\/fumotxpress.de\/sv\/wp-json\/wp\/v2\/product\/2878","targetHints":{"allow":["GET"]}}],"collection":[{"href":"https:\/\/fumotxpress.de\/sv\/wp-json\/wp\/v2\/product"}],"about":[{"href":"https:\/\/fumotxpress.de\/sv\/wp-json\/wp\/v2\/types\/product"}],"replies":[{"embeddable":true,"href":"https:\/\/fumotxpress.de\/sv\/wp-json\/wp\/v2\/comments?post=2878"}],"wp:featuredmedia":[{"embeddable":true,"href":"https:\/\/fumotxpress.de\/sv\/wp-json\/wp\/v2\/media\/2787"}],"wp:attachment":[{"href":"https:\/\/fumotxpress.de\/sv\/wp-json\/wp\/v2\/media?parent=2878"}],"wp:term":[{"taxonomy":"product_brand","embeddable":true,"href":"https:\/\/fumotxpress.de\/sv\/wp-json\/wp\/v2\/product_brand?post=2878"},{"taxonomy":"product_cat","embeddable":true,"href":"https:\/\/fumotxpress.de\/sv\/wp-json\/wp\/v2\/product_cat?post=2878"},{"taxonomy":"product_tag","embeddable":true,"href":"https:\/\/fumotxpress.de\/sv\/wp-json\/wp\/v2\/product_tag?post=2878"}],"curies":[{"name":"wp","href":"https:\/\/api.w.org\/{rel}","templated":true}]}}