{"id":2674,"date":"2024-12-20T10:55:31","date_gmt":"2024-12-20T10:55:31","guid":{"rendered":"https:\/\/fumotxpress.de\/?post_type=product&#038;p=2674"},"modified":"2025-11-24T07:49:49","modified_gmt":"2025-11-24T07:49:49","slug":"europeiskt-lager-sista-karleken-20000-puffar-lag-nikotinhalt-kop-original-autentisk-uppladdningsbar-engangspenna-2","status":"publish","type":"product","link":"https:\/\/fumotxpress.de\/sv\/produkt\/europeiskt-lager-sista-karleken-20000-puffar-lag-nikotinhalt-kop-original-autentisk-uppladdningsbar-engangspenna-2\/","title":{"rendered":"Europeiskt lager Sista K\u00e4rlek 20000 Puffs L\u00e5g Nikotin K\u00f6p Original Autentisk \u00c5teranv\u00e4ndbar Eng\u00e5ngs Vape Pen 1 l\u00e5da (12 st)"},"content":{"rendered":"<div class=\"flex max-w-full flex-col flex-grow\">\n<div class=\"min-h-8 text-message flex w-full flex-col items-end gap-2 whitespace-normal break-words [.text-message+&amp;]:mt-5\" dir=\"auto\" data-message-author-role=\"assistant\" data-message-id=\"7774bd88-5843-480b-a616-9aa0730633a5\" data-client-thread-id=\"WEB:5163763a-dd3e-4377-a6ad-548896bb6062\" data-message-model-slug=\"gpt-4o\">\n<div class=\"flex w-full flex-col gap-1 empty:hidden first:pt-[3px]\">\n<div class=\"markdown prose w-full break-words dark:prose-invert light\">\n<h2>Europeiskt lager Sista K\u00e4rlek 20000 Puffs L\u00e5g Nikotin K\u00f6p Original Autentisk \u00c5teranv\u00e4ndbar Eng\u00e5ngs Vape Pen 1 l\u00e5da (12 st)<\/h2>\n<p>&nbsp;<\/p>\n<p>Den <strong><a href=\"https:\/\/fumotxpress.de\/sv\/\">Last Love 20000 Puffs Rechargeable Disposable Vape \nbecomes \n\nLast Love 20000 Puffs Rechargeable Disposable Vape<\/a> Kit<\/strong> omdefinierar standarderna f\u00f6r bekv\u00e4mlighet, prestanda och stil inom vaping. Designad med moderna vapers i \u00e5tanke, erbjuder denna innovativa enhet en l\u00e5ngvarig, premi\u00e4rupplevelse utan behov av frekventa ers\u00e4ttningar. Oavsett om du \u00e4r en tillf\u00e4llig anv\u00e4ndare eller en erfaren vaper, den <a href=\"https:\/\/fumotxpress.de\/sv\/\"><strong>Last Love Vape Kit \nbecomes \nLast Love Vape Kit<\/strong><\/a> garanterar att varje puff \u00e4r smakrik, j\u00e4mn och tillfredsst\u00e4llande.<\/p>\n<p>Upp till <strong>20 000 bloss \n(Or  could also be translated as  20.000 bloss )<\/strong>, ett snyggt EURO2024-tema-design, och en uppladdningsbar funktion, kombinerar denna vape-kit avancerad teknologi med praktiskt anv\u00e4ndning. Finns tillg\u00e4nglig i <strong>12 distinkta smaker<\/strong>Denna enhet garanterar en personlig vapingupplevelse som tillgodoser varje smak.<\/p>\n<hr \/>\n<h2><strong>Europeiska Lager sista k\u00e4rlek 20000 Puffar\u00a0<\/strong><strong>Detaljerad Produktbeskrivning<\/strong><\/h2>\n<p>Den <strong>Last Love 20000 Puffs Rechargeable Disposable Vape Kit \nbecomes \nLast Love 20000 Puffs Rechargeable Disposable Vape Kit<\/strong> \u00e4r en underbarhet av ingenj\u00f6rskonst och estetisk excellens. Byggd f\u00f6r dem som s\u00f6ker tillf\u00f6rlitlighet och stil, f\u00f6r\u00e5ngarpennan har en robust design, ett rymligt <strong>22ml e-v\u00e4tsketank<\/strong>och en integrerad <strong>800mAh uppladdningsbar batteri<\/strong>.<\/p>\n<p>Det \u00e4r <strong>EURO2024 Limited Edition<\/strong> designen firar den globala passionen f\u00f6r fotboll samtidigt som den s\u00e4kerst\u00e4ller optimal vape-prestanda. Utformad f\u00f6r att minska avfall, har enheten en bekv\u00e4m laddningsport l\u00e4ngst ner, vilket m\u00f6jligg\u00f6r att du kan njuta av varje droppe e-v\u00e4tska innan du kasserar den.<\/p>\n<h2><strong>Europeiska Lager sista k\u00e4rlek 20000 Puffar <\/strong><strong>L\u00e5gt nikotin f\u00f6r en balanserad upplevelse<\/strong><\/h2>\n<p>Enheten kommer f\u00f6rfylld med <strong>2% nikotinstyrka (20mg)<\/strong>, erbjuder en j\u00e4mn men tillfredsst\u00e4llande effekt som passar b\u00e5de nyb\u00f6rjare och erfarna anv\u00e4ndare. Denna l\u00e5ga nikotinkoncentration ger det perfekta balansen f\u00f6r att njuta av de rika smakerna utan \u00f6verv\u00e4ldigande intensitet.<\/p>\n<h2><strong>Europeiska Lager sista k\u00e4rlek 20000 Puffar <\/strong><strong>Avancerad Teknologi f\u00f6r Smidig Vaping<\/strong><\/h2>\n<p>Den inbyggda <strong>0,6 Mesh Coil<\/strong> h\u00f6jer vape-upplevelsen genom att producera konsekvent, t\u00e4t \u00e5nga. \u00c5ngproduktionen \u00e4r j\u00e4mn, vilket f\u00f6rb\u00e4ttrar smakupplevelsen vid varje puff. Dessutom h\u00e5ller den intuitiva batteri- och v\u00e4tskeniv\u00e5displayen dig informerad om enhetsstatusen, vilket s\u00e4kerst\u00e4ller en problemfri vape-session.<\/p>\n<hr \/>\n<h2><strong>Europeiska Lager sista k\u00e4rlek 20000 Puffar <\/strong><strong>Huvudfunktioner hos Last Love 20000 Puffs Vape Kit<\/strong><\/h2>\n<ul>\n<li><strong>20 000 bloss per enhet<\/strong><br \/>\nNjut av en ut\u00f6kad \u00e5ngupplevelse med ett imponerande antal bloss som \u00f6vertr\u00e4ffar de flesta eng\u00e5ngsvape-kit.<\/li>\n<li><strong>22ml E-Likvid Tank<\/strong><br \/>\nEn stor tank eliminerar behovet av frekventa p\u00e5fyllningar och m\u00f6jligg\u00f6r ost\u00f6rd njutning.<\/li>\n<li><strong>Uppladdningsbar Port<\/strong><br \/>\nBel\u00e4gen vid enheten bas, maximerar den uppladdningsbara porten nytten genom att s\u00e4kerst\u00e4lla att ingen e-v\u00e4tska g\u00e5r till spillo.<\/li>\n<li><strong>800mAh Integrerad Batteri<\/strong><br \/>\nDenna kraftfulla och uppladdningsbara batteri st\u00f6der l\u00e5nga vaping-sessioner, vilket g\u00f6r den till ett kostnadseffektivt och milj\u00f6v\u00e4nligt val.<\/li>\n<li><strong>0,6 Mesh Coil Teknologi<\/strong><br \/>\nF\u00f6rb\u00e4ttrar \u00e5ngkvaliteten och smakintensiteten och levererar en j\u00e4mnt j\u00e4mn vapingupplevelse.<\/li>\n<li><strong>Batteri- och v\u00e4tskeniv\u00e5indikatorer<\/strong><br \/>\nH\u00e5ll dig informerad med realtids\u00f6vervakning av batteriets livsl\u00e4ngd och e-v\u00e4tskeniv\u00e5er f\u00f6r s\u00f6ml\u00f6s anv\u00e4ndning.<\/li>\n<li><strong>EURO2024 Begr\u00e4nsad utg\u00e5va Design<\/strong><br \/>\nEtt fotbollstematiskt, i\u00f6gonfallande design som kompletterar enhetsens premiumfunktioner.<\/li>\n<li><strong>Brett urval av smaker<\/strong><br \/>\nV\u00e4lj mellan 12 unika och sp\u00e4nnande smaker, alla skapade f\u00f6r en unik \u00e5ngningsupplevelse.<\/li>\n<\/ul>\n<hr \/>\n<h2><strong>Europeiska Lager sista k\u00e4rlek 20000 Puffar <\/strong><strong>Smaksidor<\/strong><\/h2>\n<h3><strong>Smaksorter<\/strong><\/h3>\n<ol>\n<li><strong>Lush Vattenmelon<\/strong><br \/>\nSaftig, s\u00f6t och uppfriskande, denna smak f\u00e5ngar essensen av mogna vattenmeloner med en krispig, kylande avslutning.<\/li>\n<li><strong>Mango Delight \n\nbecomes \n\nMango Delight<\/strong><br \/>\nEn tropisk explosion av saftiga mangos, som levererar en rik, fruktig smak med en j\u00e4mn eftersmak.<\/li>\n<li><strong>Bl\u00e5b\u00e4rsgl\u00e4dje<\/strong><br \/>\nEn explosion av friska bl\u00e5b\u00e4r med en antydan till s\u00f6tma, perfekt f\u00f6r frukt\u00e4lskare.<\/li>\n<li><strong>Cool Mint \nbecomes \nKyla Mint \n No, it is \nKylmint<\/strong><br \/>\nEn uppfriskande mintig k\u00e4nsla som l\u00e4mnar en krispig, ren och kylande effekt med varje puff.<\/li>\n<li><strong>Jordgubbsexplosion<\/strong><br \/>\nS\u00f6t och lockande, denna smak kombinerar jordgubbarnas naturliga godhet med en tillfredsst\u00e4llande djup.<\/li>\n<li><strong>Tropisk Mix<\/strong><br \/>\nEn blandning av exotiska frukter blandade till ett harmoniskt och livligt tropiskt paradis.<\/li>\n<li><strong>Vaniljkr\u00e4m<\/strong><br \/>\nMjuk och kr\u00e4mig, denna l\u00e4ckra smak ger en dekadent dessertliknande upplevelse.<\/li>\n<li><strong>\u00c4ppel is \nno translation needed for \"Apple\" as it is a proper noun,  \"Ice\" is translated to \"is\" no,  \"Ice\" = \"is\" no. \nApple Ice \n= \u00c4pple is no \n \u00c4ppel Ice \n= \u00c4ppel \n Ice \nno \n= Apple \n translation \n Ice \n Proper \n translation \n= \nApple \n Ice \nno \n translation \n needed \n Proper \n Noun \n common \n translation \n for \n Ice \nis \nis \n no \n \u00c4ppel \nis \n Ice \n translation \nof \n Ice \nis \n= \n no \n Ice \n= \nis \n no \n= \n \u00c4ppel \n Ice \n Proper \n translation \nof \n Ice \nis \n Ice \n= \n Ice \nno \n= \nApple \n Ice \n Proper \n Noun \n= \n \u00c4ppel \nis \nno \n Ice \n translation \nof \n Ice \n= \n Ice \nno \n translation \n= \nApple \n Ice \n= \n \u00c4ppel \n Ice<\/strong><br \/>\nEn syrlig men s\u00f6t \u00e4ppelsmak med en kylande isig twist som fr\u00e4schar gommen.<\/li>\n<li><strong>Druvexplosion<\/strong><br \/>\nKraftfull och saftig, denna smak f\u00e5ngar rikheten hos f\u00e4rska druvor med en l\u00e4tt syrlig underton.<\/li>\n<li><strong>Cherry Frost<\/strong><br \/>\nS\u00f6ta k\u00f6rsb\u00e4r m\u00f6ts av en knaprig, frostig finish, vilket levererar en underbar och balanserad vape-upplevelse.<\/li>\n<li><strong>Cola Fizz<\/strong><br \/>\nNjut av den nostalgiska smaken av mousserande cola med en antydan av citrusaktig zest f\u00f6r en brusande godbit.<\/li>\n<li><strong>Persika Bliss<\/strong><br \/>\nS\u00f6t, mjuk och aromatisk, denna persika smak levererar en l\u00e4tt och underbar \u00e5ngupplevelse.<\/li>\n<\/ol>\n<hr \/>\n<h2><strong>Europeiska Lager sista k\u00e4rlek 20000 Puffar <\/strong><strong>Varf\u00f6r k\u00f6pa fr\u00e5n FumotXpress.de?<\/strong><\/h2>\n<p>P\u00e5 <strong>FumotXpress.de<\/strong>Vi specialiserar oss p\u00e5 att erbjuda h\u00f6gkvalitativa eng\u00e5ngsvape-produkter, inklusive p\u00e5litliga m\u00e4rken som <strong>Al Fakher<\/strong>, <strong>Fizzy<\/strong>, <strong>OBEELAB HHC<\/strong>och <strong>SMPO DL02<\/strong>H\u00e4r \u00e4r varf\u00f6r du b\u00f6r handla med oss:<\/p>\n<ul>\n<li><strong>Amazon.de<\/strong><br \/>\nVi \u00e4r den b\u00e4sta plattformen f\u00f6r att k\u00f6pa \u00e4kta eng\u00e5ngsvape-produkter inom EU.<\/li>\n<li><strong>Ingen minimiorderkvantitet<\/strong><br \/>\nK\u00f6p bara en eller lagra upp f\u00f6r detaljhandel - allt enligt din bekv\u00e4mlighet.<\/li>\n<li><strong>Snabb Europeisk Frakt<\/strong><br \/>\nV\u00e5r <strong>Europeiskt lager<\/strong> garanterar att din best\u00e4llning kommer fram inom <strong>3-7 dagar<\/strong>, vilket garanterar en snabb och tillf\u00f6rlitlig leveransprocess.<\/li>\n<li><strong>Autenticitet Garanterad<\/strong><br \/>\nHandla med tillf\u00f6rsikt och vet att du k\u00f6per \u00e4kta produkter som backas upp av utm\u00e4rkt kundservice.<\/li>\n<\/ul>\n<hr \/>\n<h2><strong>Europeiska Lager sista k\u00e4rlek 20000 Puffar <\/strong><strong>Slutgiltiga tankar<\/strong><\/h2>\n<p>Den <strong>Last Love 20000 Puffs Rechargeable Disposable Vape Kit \nbecomes \nLast Love 20000 Puffs Rechargeable Disposable Vape Kit<\/strong> \u00e4r det ultimata valet f\u00f6r alla som s\u00f6ker en premium vape-upplevelse med o\u00f6vertr\u00e4ffad bekv\u00e4mlighet. Fr\u00e5n dess imponerande antal puffs till dess milj\u00f6v\u00e4nliga uppladdningsbara design, \u00e4r denna enhet ett bevis p\u00e5 modern vape-innovation.<\/p>\n<p>Bes\u00f6k <a href=\"https:\/\/fumotxpress.de\/sv\/\"><strong>FumotXpress.de<\/strong><\/a> Idag f\u00f6r att utforska v\u00e5r omfattande sortiment av eng\u00e5ngsvape-produkter och uppleva det b\u00e4sta inom kvalitet och service. Inga minimikrav p\u00e5 best\u00e4llningar och snabb EU-leverans g\u00f6r att vaping aldrig har varit s\u00e5 enkelt eller tillg\u00e4ngligt!<\/p>\n<\/div>\n<\/div>\n<\/div>\n<\/div>","protected":false},"excerpt":{"rendered":"<p>\"Uppt\u00e4ck de <strong>Last Love 20000 Puffs Rechargeable Disposable Vape Pen<\/strong> \u2013 \u00e4kta, l\u00e5ngvarig och med l\u00e5gt nikotininneh\u00e5ll, tillg\u00e4nglig fr\u00e5n v\u00e5rt europeiska lager med snabb leverans!<\/p>","protected":false},"featured_media":2688,"comment_status":"open","ping_status":"closed","template":"","meta":{"om_disable_all_campaigns":false},"product_brand":[],"product_cat":[29,91,92,94,95,96,97,99,102,103,104,106,107,111,112,78,79,80,81,82,83,84,85,86,87,88,89,90,70,76,56,61,63,65,67],"product_tag":[],"class_list":{"0":"post-2674","1":"product","2":"type-product","3":"status-publish","4":"has-post-thumbnail","6":"product_cat-last-love-disposable-vapes","7":"product_cat-buy-best-disposable-vape-flavors","8":"product_cat-apple-flavor-disposable-vapes","9":"product_cat-blueberry-flavor-disposable-vapes","10":"product_cat-cherry-flavor-disposable-vapes","11":"product_cat-cola-flavor-disposable-vapes","12":"product_cat-grape-flavor-disposable-vapes","13":"product_cat-ice-flavor-disposable-vapes","14":"product_cat-lush-flavor-disposable-vapes","15":"product_cat-mango-flavor-disposable-vapes","16":"product_cat-mint-flavor-disposable-vapes","17":"product_cat-passion-fruit-flavor-disposable-vapes","18":"product_cat-peach-flavor-disposable-vapes","19":"product_cat-strawberry-flavor-disposable-vapes","20":"product_cat-watermelon-flavor-disposable-vapes","21":"product_cat-best-disposable-vape-in-europe","22":"product_cat-buy-disposable-vapes-in-austria","23":"product_cat-buy-disposable-vapes-in-belgium","24":"product_cat-buy-disposable-vapes-in-france","25":"product_cat-buy-disposable-vapes-in-germany","26":"product_cat-buy-disposable-vapes-in-italy","27":"product_cat-buy-disposable-vapes-in-netherlands","28":"product_cat-buy-disposable-vapes-in-norway","29":"product_cat-buy-disposable-vapes-in-poland","30":"product_cat-buy-disposable-vapes-in-portugal","31":"product_cat-buy-disposable-vapes-in-spain","32":"product_cat-buy-disposable-vapes-in-sweden","33":"product_cat-buy-disposable-vapes-in-switzerland","34":"product_cat-shop-disposable-vapes-by-puffs","35":"product_cat-20000-puff-disposable-vape","36":"product_cat-disposable-vape-types","37":"product_cat-big-puffs-disposable-vapes","38":"product_cat-digital-box-disposable-vapes","39":"product_cat-lower-nicotine-disposable-vapes","40":"product_cat-rechargeable-disposable-vapes","42":"first","43":"instock","44":"shipping-taxable","45":"purchasable","46":"product-type-simple"},"_links":{"self":[{"href":"https:\/\/fumotxpress.de\/sv\/wp-json\/wp\/v2\/product\/2674","targetHints":{"allow":["GET"]}}],"collection":[{"href":"https:\/\/fumotxpress.de\/sv\/wp-json\/wp\/v2\/product"}],"about":[{"href":"https:\/\/fumotxpress.de\/sv\/wp-json\/wp\/v2\/types\/product"}],"replies":[{"embeddable":true,"href":"https:\/\/fumotxpress.de\/sv\/wp-json\/wp\/v2\/comments?post=2674"}],"wp:featuredmedia":[{"embeddable":true,"href":"https:\/\/fumotxpress.de\/sv\/wp-json\/wp\/v2\/media\/2688"}],"wp:attachment":[{"href":"https:\/\/fumotxpress.de\/sv\/wp-json\/wp\/v2\/media?parent=2674"}],"wp:term":[{"taxonomy":"product_brand","embeddable":true,"href":"https:\/\/fumotxpress.de\/sv\/wp-json\/wp\/v2\/product_brand?post=2674"},{"taxonomy":"product_cat","embeddable":true,"href":"https:\/\/fumotxpress.de\/sv\/wp-json\/wp\/v2\/product_cat?post=2674"},{"taxonomy":"product_tag","embeddable":true,"href":"https:\/\/fumotxpress.de\/sv\/wp-json\/wp\/v2\/product_tag?post=2674"}],"curies":[{"name":"wp","href":"https:\/\/api.w.org\/{rel}","templated":true}]}}