{"id":2495,"date":"2024-12-16T08:27:45","date_gmt":"2024-12-16T08:27:45","guid":{"rendered":"https:\/\/fumotxpress.de\/?post_type=product&#038;p=2495"},"modified":"2025-07-02T05:37:41","modified_gmt":"2025-07-02T05:37:41","slug":"vozol-gear-shisha-25000-puffar-lag-nikotinhalt-kop-original-autentisk-uppladdningsbar-engangspenna","status":"publish","type":"product","link":"https:\/\/fumotxpress.de\/sv\/produkt\/vozol-gear-shisha-25000-puffar-lag-nikotinhalt-kop-original-autentisk-uppladdningsbar-engangspenna\/","title":{"rendered":"Vozol Gear Shisha 25000 Puffs L\u00e5g Nikotin K\u00f6p Original Autentisk Upp laddningsbar Eng\u00e5ngs Vape Pen"},"content":{"rendered":"<h2><strong>Vozol Gear Shisha 25000 Puffs L\u00e5g Nikotin Uppladdningsbar Eng\u00e5ngs Vape Pen <\/strong><strong>F\u00f6rh\u00f6j Din Vaporerfarenhet Med Banbrytande Innovation<\/strong><\/h2>\n<p><img loading=\"lazy\" decoding=\"async\" class=\"alignnone size-full wp-image-2497\" src=\"https:\/\/fumotxpress.de\/wp-content\/uploads\/2024\/12\/vozol-gear-shisha-25k-2-scaled.webp\" alt=\"vozol gear shisha 25k becomes  Vozol Gear Shisha 25k \" width=\"2560\" height=\"1280\" srcset=\"https:\/\/fumotxpress.de\/wp-content\/uploads\/2024\/12\/vozol-gear-shisha-25k-2-scaled.webp 2560w, https:\/\/fumotxpress.de\/wp-content\/uploads\/2024\/12\/vozol-gear-shisha-25k-2-300x150.webp 300w, https:\/\/fumotxpress.de\/wp-content\/uploads\/2024\/12\/vozol-gear-shisha-25k-2-1024x512.webp 1024w, https:\/\/fumotxpress.de\/wp-content\/uploads\/2024\/12\/vozol-gear-shisha-25k-2-768x384.webp 768w, https:\/\/fumotxpress.de\/wp-content\/uploads\/2024\/12\/vozol-gear-shisha-25k-2-1536x768.webp 1536w, https:\/\/fumotxpress.de\/wp-content\/uploads\/2024\/12\/vozol-gear-shisha-25k-2-2048x1024.webp 2048w, https:\/\/fumotxpress.de\/wp-content\/uploads\/2024\/12\/vozol-gear-shisha-25k-2-18x9.webp 18w, https:\/\/fumotxpress.de\/wp-content\/uploads\/2024\/12\/vozol-gear-shisha-25k-2-600x300.webp 600w\" sizes=\"auto, (max-width: 2560px) 100vw, 2560px\" \/><\/p>\n<p>Den <a href=\"https:\/\/fumotxpress.de\/sv\/?post_type=product&amp;p=2495&amp;preview=true\"><strong>Vozol Gear Shisha 25000 Puffs Uppladdningsbar Eng\u00e5ngs Vape Pen<\/strong><\/a> \u00e4r en avancerad l\u00f6sning f\u00f6r vapers som s\u00f6ker premiummkvalitet, ut\u00f6kat bruk och o\u00f6vertr\u00e4ffad smakdiversitet. Tillverkat med precision och designat f\u00f6r l\u00e5ngvarighet, passar denna enhet den moderna vaper som v\u00e4rderar prestanda och stil. Finns exklusivt p\u00e5 <a href=\"https:\/\/fumotxpress.de\/sv\/\"><strong>FumotXpress.de<\/strong>,<\/a> Den st\u00f6rsta onlineplattformen i Tyskland f\u00f6r eng\u00e5ngsvape, denna produkt \u00e4r perfekt f\u00f6r detaljhandelsgrupper \u00f6ver hela EU.<\/p>\n<div>\n<hr \/>\n<\/div>\n<h3>Detaljerad Produktbeskrivning<\/h3>\n<p>Vozol Gear Shisha 25000 Puffs Disposable Vape Pen \u00e4r konstruerad f\u00f6r att ge en \u00f6verl\u00e4gsen vapingupplevelse. Med sin <strong>1000mAh uppladdningsbar batteri<\/strong>\u2014 erbjuder enheten exceptionell h\u00e5llbarhet och flexibilitet, vilket g\u00f6r den till ett idealiskt val b\u00e5de f\u00f6r nyb\u00f6rjare och erfarna vapers. Det dubbla l\u00e4get\u2014<strong>Eko-l\u00e4ge<\/strong> och <strong>Energil\u00e4ge<\/strong>\u2014ger anv\u00e4ndare m\u00f6jlighet att anpassa sin vape-upplevelse efter sina egna \u00f6nskem\u00e5l.<\/p>\n<ul data-spread=\"false\">\n<li><strong>Eko-l\u00e4ge<\/strong>: Levererar h\u00e4pnadsv\u00e4ckande 25 000 bloss, perfekt f\u00f6r anv\u00e4ndare som prioriterar ut\u00f6kat bruk.<\/li>\n<li><strong>Energil\u00e4ge<\/strong>: Erbjuder upp till 18 000 bloss med intensiv smak och \u00e5ngproduktion.<\/li>\n<\/ul>\n<p>Denna eleganta och ergonomiska enhet har en <strong>2,1-tums f\u00e4rgsk\u00e4rm<\/strong> det visar viktig information, inklusive puffantal, batteristatus och valt l\u00e4ge. Med ett l\u00e5gt nikotininneh\u00e5ll p\u00e5 <strong>5mg\/ml<\/strong>Den ger en j\u00e4mn och tillfredsst\u00e4llande hit samtidigt som den beh\u00e5ller kontrollen \u00f6ver nikotinintaget. Oavsett om du njuter av en avslappnad session eller en mer intensiv upplevelse, anpassar sig Vozol Gear Shisha utan anstr\u00e4ngning till dina behov.<\/p>\n<div>\n<hr \/>\n<\/div>\n<h3>Funktionstyp Beskrivning<\/h3>\n<ul data-spread=\"false\">\n<li><strong>H\u00f6gkapacitetsbatteri<\/strong>: Ett 1000mAh uppladdningsbart batteri s\u00e4kerst\u00e4ller l\u00e5ngvarig prestanda.<\/li>\n<li><strong>Dubbla Vapningsl\u00e4gen<\/strong>:\n<ul data-spread=\"false\">\n<li><em>Eko-l\u00e4ge<\/em>: Maximera puffar f\u00f6r kostnadseffektiv vaping.<\/li>\n<li><em>Energil\u00e4ge<\/em>: F\u00f6rb\u00e4ttra smak och \u00e5nga f\u00f6r en mer robust upplevelse.<\/li>\n<\/ul>\n<\/li>\n<li><strong>L\u00e5gt nikotin inneh\u00e5ll<\/strong>: Erbjuder kontrollerad nikotinkonsumtion vid 5mg\/ml.<\/li>\n<li><strong>Smaksortiment<\/strong>: \u00d6ver 40 premiumsmaker utformade f\u00f6r att m\u00f6ta olika preferenser.<\/li>\n<li><strong>Avancerad Mesh Coil-teknik<\/strong>: Dubbla mesh-spolar f\u00f6rb\u00e4ttrar smakintensiteten och \u00e5ngproduktionen.<\/li>\n<li><strong>Interaktiv ljud\u00e5terkoppling<\/strong>: Moderna ljudfunktioner l\u00e4gger till en engagerande touch till dina sessioner.<\/li>\n<li><strong>Konfigurerbar Airflow<\/strong>: Justerbara luftfl\u00f6desinst\u00e4llningar ger exakt kontroll f\u00f6r skr\u00e4ddarsydda tr\u00e4ffar.<\/li>\n<li><strong>Anv\u00e4ndarv\u00e4nlig display<\/strong>: En livlig 2,1-tums sk\u00e4rm s\u00e4kerst\u00e4ller s\u00f6ml\u00f6s navigering och \u00f6vervakning.<\/li>\n<li><strong>Ergonomisk design<\/strong>: Snygg och bekv\u00e4m, perfekt f\u00f6r vape p\u00e5 spr\u00e5ng.<\/li>\n<\/ul>\n<p>&nbsp;<\/p>\n<p><img loading=\"lazy\" decoding=\"async\" class=\"alignnone size-full wp-image-2498\" src=\"https:\/\/fumotxpress.de\/wp-content\/uploads\/2024\/12\/vozol-gear-shisha-25k-3-scaled.webp\" alt=\"vozol gear shisha 25k becomes  Vozol Gear Shisha 25k \" width=\"2071\" height=\"2560\" srcset=\"https:\/\/fumotxpress.de\/wp-content\/uploads\/2024\/12\/vozol-gear-shisha-25k-3-scaled.webp 2071w, https:\/\/fumotxpress.de\/wp-content\/uploads\/2024\/12\/vozol-gear-shisha-25k-3-243x300.webp 243w, https:\/\/fumotxpress.de\/wp-content\/uploads\/2024\/12\/vozol-gear-shisha-25k-3-828x1024.webp 828w, https:\/\/fumotxpress.de\/wp-content\/uploads\/2024\/12\/vozol-gear-shisha-25k-3-768x949.webp 768w, https:\/\/fumotxpress.de\/wp-content\/uploads\/2024\/12\/vozol-gear-shisha-25k-3-1243x1536.webp 1243w, https:\/\/fumotxpress.de\/wp-content\/uploads\/2024\/12\/vozol-gear-shisha-25k-3-1657x2048.webp 1657w, https:\/\/fumotxpress.de\/wp-content\/uploads\/2024\/12\/vozol-gear-shisha-25k-3-10x12.webp 10w, https:\/\/fumotxpress.de\/wp-content\/uploads\/2024\/12\/vozol-gear-shisha-25k-3-600x742.webp 600w\" sizes=\"auto, (max-width: 2071px) 100vw, 2071px\" \/><\/p>\n<div>\n<hr \/>\n<\/div>\n<h3>Smaksamling<\/h3>\n<p>Vozol Gear Shisha 25000 Puffs erbjuder ett kurerat urval av \u00f6ver 40 uts\u00f6kta smaker. Nedan f\u00f6ljer n\u00e5gra av de framst\u00e5ende alternativen, utformade f\u00f6r att ge en minnesv\u00e4rd vapeupplevelse:<\/p>\n<h4>1. <strong>Mango Tropic Delight \n\n Mango Tropisk Fr\u00f6jd<\/strong><\/h4>\n<p>Smaka den saftiga s\u00f6tman av tropiska mango med subtila citrus undertoner f\u00f6r en uppfriskande flykt.<\/p>\n<h4>2. <strong>Cool Mint Breeze \n\n(Translation not needed, but if you'd like it in another format)\n\nKylig Mint Breeze \n\nbecomes \n\nCool Mint Breeze is translated to: Kylig Mint Breeze \n\n No, \n\nCool Mint Breeze \nbecomes \nKylig Mintfrisk \nor \nFrisk Mint \nor \nKylig Mynta \n No \n\nCool Mint Breeze \nis \nKylig Mint Breeze<\/strong><\/h4>\n<p>Upplev den uppfriskande kyla av f\u00e4rsk mint med en j\u00e4mn och isig finish.<\/p>\n<h4>3. <strong>Jordgubbs Kiwi Harmoni<\/strong><\/h4>\n<p>En balanserad blandning av mogna jordgubbar och syrliga kiwi f\u00f6r en fruktig explosion.<\/p>\n<h4>4. <strong>Bl\u00e5b\u00e4rsgl\u00e4dje<\/strong><\/h4>\n<p>\u00d6vertyga dig om den rika, s\u00f6ta smaken av solmogna bl\u00e5b\u00e4r med en sammetslen eftersmak.<\/p>\n<h4>5. <strong>Vanilj Latte Kr\u00e4m<\/strong><\/h4>\n<p>En sofistikerad blandning av kr\u00e4mig vanilj och stark espresso f\u00f6r kaffekon\u00e4ss\u00f6rer.<\/p>\n<h4>6. <strong>Vattenmelonsfrys<\/strong><\/h4>\n<p>Njut av den knasiga, saftiga smaken av vattenmelon som f\u00f6rst\u00e4rks av en sval, uppfriskande isig touch.<\/p>\n<h4>7. <strong>Persika Citrus Twist<\/strong><\/h4>\n<p>Saftiga persikor m\u00f6ter kryddiga citrusnoter f\u00f6r en livlig och lockande kombination.<\/p>\n<h4>8. <strong>Cola Ice Sparkle<\/strong><\/h4>\n<p>Den klassiska smaken av mousserande cola med en uppfriskande isky cool twist f\u00f6r en nostalgisk men modern vibe.<\/p>\n<h4>9. <strong>Berry Citron Fusion<\/strong><\/h4>\n<p>En syrlig blandning av blandade b\u00e4r och syrliga citroner, som erbjuder en explosion av livliga smaker.<\/p>\n<h4>10. <strong>Vin Frost Supreme<\/strong><\/h4>\n<p>L\u00e5t dig njuta av den dj\u00e4rva, saftiga smaken av mogna druvor i kombination med en iskyld finish f\u00f6r en lyxig upplevelse.<\/p>\n<div>\n<hr \/>\n<\/div>\n<h3>Varf\u00f6r Handla Hos <a href=\"https:\/\/fumotxpress.de\/sv\/\">FumotXpress.de<\/a>?<\/h3>\n<p>P\u00e5 <strong>FumotXpress.de<\/strong>Vi \u00e4r stolta \u00f6ver att vara den mest p\u00e5litliga onlineplattformen f\u00f6r eng\u00e5ngsvape-produkter i Tyskland. H\u00e4r \u00e4r varf\u00f6r:<\/p>\n<ul data-spread=\"false\">\n<li><strong>\u00c4kta Produkter<\/strong>: Vi erbjuder endast \u00e4kta produkter fr\u00e5n toppm\u00e4rken som Al Fakher, Fizzy, OBEELAB HHC och SMPO DL02.<\/li>\n<li><strong>Flexibla best\u00e4llningar<\/strong>: B\u00f6rja med bara en enhet - ingen minimiorder kr\u00e4vs.<\/li>\n<li><strong>Snabb Leverans<\/strong>Med lagerhus \u00f6ver hela Europa s\u00e4kerst\u00e4ller vi leverans inom 3-7 dagar.<\/li>\n<li><strong>EU-\u00f6vergripande r\u00e4ckvidd<\/strong>: Betj\u00e4nar detaljhandelsgrupper \u00f6ver hela Tyskland, Nederl\u00e4nderna, Belgien, Spanien, Frankrike och \u00f6vriga l\u00e4nder.<\/li>\n<\/ul>\n<div>\n<hr \/>\n<\/div>\n<h3>Placera Din Best\u00e4llning Idag<\/h3>\n<p>Uppt\u00e4ck den ultimata vape-upplevelsen med den <strong>Vozol Gear Shisha 25000 Puffs Uppladdningsbar Eng\u00e5ngs Vape Pen<\/strong>Bes\u00f6k <a href=\"https:\/\/fumotxpress.de\/sv\/\"><strong>FumotXpress.de<\/strong><\/a> att bl\u00e4ddra i v\u00e5r omfattande samling, njut av konkurrenskraftiga priser och dra nytta av tillf\u00f6rlitlig leverans. F\u00f6rb\u00e4ttra din vape-upplevelse med premi\u00e4rprodukter och exceptionell service - din tillfredsst\u00e4llelse \u00e4r v\u00e5r prioritet!<\/p>","protected":false},"excerpt":{"rendered":"<p>\u201cHandla i <strong>Vozol Gear Shisha 25000 Puffs<\/strong> Vape Pen med uppladdningsbar batteri, l\u00e5gt nikotininneh\u00e5ll<\/p>","protected":false},"featured_media":2496,"comment_status":"open","ping_status":"closed","template":"","meta":{"om_disable_all_campaigns":false},"product_brand":[],"product_cat":[23,91,94,95,96,97,99,100,101,102,103,104,105,107,111,112,78,79,80,81,82,83,84,85,86,87,88,89,90,70,114,56,61,63,64,60,65,67,68],"product_tag":[],"class_list":{"0":"post-2495","1":"product","2":"type-product","3":"status-publish","4":"has-post-thumbnail","6":"product_cat-vozol-disposable-vapes","7":"product_cat-buy-best-disposable-vape-flavors","8":"product_cat-blueberry-flavor-disposable-vapes","9":"product_cat-cherry-flavor-disposable-vapes","10":"product_cat-cola-flavor-disposable-vapes","11":"product_cat-grape-flavor-disposable-vapes","12":"product_cat-ice-flavor-disposable-vapes","13":"product_cat-kiwi-flavor-disposable-vapes","14":"product_cat-lemon-flavor-disposable-vapes","15":"product_cat-lush-flavor-disposable-vapes","16":"product_cat-mango-flavor-disposable-vapes","17":"product_cat-mint-flavor-disposable-vapes","18":"product_cat-mixed-berries-flavor-disposable-vapes","19":"product_cat-peach-flavor-disposable-vapes","20":"product_cat-strawberry-flavor-disposable-vapes","21":"product_cat-watermelon-flavor-disposable-vapes","22":"product_cat-best-disposable-vape-in-europe","23":"product_cat-buy-disposable-vapes-in-austria","24":"product_cat-buy-disposable-vapes-in-belgium","25":"product_cat-buy-disposable-vapes-in-france","26":"product_cat-buy-disposable-vapes-in-germany","27":"product_cat-buy-disposable-vapes-in-italy","28":"product_cat-buy-disposable-vapes-in-netherlands","29":"product_cat-buy-disposable-vapes-in-norway","30":"product_cat-buy-disposable-vapes-in-poland","31":"product_cat-buy-disposable-vapes-in-portugal","32":"product_cat-buy-disposable-vapes-in-spain","33":"product_cat-buy-disposable-vapes-in-sweden","34":"product_cat-buy-disposable-vapes-in-switzerland","35":"product_cat-shop-disposable-vapes-by-puffs","36":"product_cat-25000-puff-disposable-vape","37":"product_cat-disposable-vape-types","38":"product_cat-big-puffs-disposable-vapes","39":"product_cat-digital-box-disposable-vapes","40":"product_cat-dual-mesh-disposable-vapes","41":"product_cat-full-screen-disposable-vapes","42":"product_cat-lower-nicotine-disposable-vapes","43":"product_cat-rechargeable-disposable-vapes","44":"product_cat-shisha-hookah-disposable-vapes","46":"first","47":"instock","48":"shipping-taxable","49":"purchasable","50":"product-type-variable"},"_links":{"self":[{"href":"https:\/\/fumotxpress.de\/sv\/wp-json\/wp\/v2\/product\/2495","targetHints":{"allow":["GET"]}}],"collection":[{"href":"https:\/\/fumotxpress.de\/sv\/wp-json\/wp\/v2\/product"}],"about":[{"href":"https:\/\/fumotxpress.de\/sv\/wp-json\/wp\/v2\/types\/product"}],"replies":[{"embeddable":true,"href":"https:\/\/fumotxpress.de\/sv\/wp-json\/wp\/v2\/comments?post=2495"}],"wp:featuredmedia":[{"embeddable":true,"href":"https:\/\/fumotxpress.de\/sv\/wp-json\/wp\/v2\/media\/2496"}],"wp:attachment":[{"href":"https:\/\/fumotxpress.de\/sv\/wp-json\/wp\/v2\/media?parent=2495"}],"wp:term":[{"taxonomy":"product_brand","embeddable":true,"href":"https:\/\/fumotxpress.de\/sv\/wp-json\/wp\/v2\/product_brand?post=2495"},{"taxonomy":"product_cat","embeddable":true,"href":"https:\/\/fumotxpress.de\/sv\/wp-json\/wp\/v2\/product_cat?post=2495"},{"taxonomy":"product_tag","embeddable":true,"href":"https:\/\/fumotxpress.de\/sv\/wp-json\/wp\/v2\/product_tag?post=2495"}],"curies":[{"name":"wp","href":"https:\/\/api.w.org\/{rel}","templated":true}]}}