{"id":2296,"date":"2024-12-10T09:25:05","date_gmt":"2024-12-10T09:25:05","guid":{"rendered":"https:\/\/fumotxpress.de\/?post_type=product&#038;p=2296"},"modified":"2025-07-16T07:27:51","modified_gmt":"2025-07-16T07:27:51","slug":"europeiskt-lager-platina-bar-20000-puffar-med-lag-nikotinhalt-kop-original-autentisk-uppladdningsbar-engangspenna","status":"publish","type":"product","link":"https:\/\/fumotxpress.de\/sv\/produkt\/europeiskt-lager-platina-bar-20000-puffar-med-lag-nikotinhalt-kop-original-autentisk-uppladdningsbar-engangspenna\/","title":{"rendered":"Europeiskt lager Platina Bar 20000 Puffs L\u00e5g Nikotin K\u00f6p Original Autentisk Upp laddningsbar Eng\u00e5ngs Vape Pen"},"content":{"rendered":"<div class=\"flex max-w-full flex-col flex-grow\">\n<div class=\"min-h-8 text-message flex w-full flex-col items-end gap-2 whitespace-normal break-words text-start [.text-message+&amp;]:mt-5\" dir=\"auto\" data-message-author-role=\"assistant\" data-message-id=\"b4785c2f-3ba4-4433-b664-e003ba3f2660\" data-message-model-slug=\"gpt-4o\">\n<div class=\"flex w-full flex-col gap-1 empty:hidden first:pt-[3px]\">\n<h2 class=\"markdown prose w-full break-words dark:prose-invert light\"><strong>Platinum Bar 20 000 Puffs Disposable Vape: Den Ultimata Vapingupplevelsen<\/strong><\/h2>\n<h3>O\u00f6vertr\u00e4ffad bekv\u00e4mlighet och l\u00e5ngvarighet<\/h3>\n<div style=\"width: 1020px;\" class=\"wp-video\"><!--[if lt IE 9]><script>document.createElement('video');<\/script><![endif]-->\n<video class=\"wp-video-shortcode\" id=\"video-2296-1\" width=\"1020\" height=\"1813\" preload=\"metadata\" controls=\"controls\"><source type=\"video\/mp4\" src=\"https:\/\/fumotxpress.de\/wp-content\/uploads\/2024\/12\/PB20K_VIDEO.mp4?_=1\" \/><a href=\"https:\/\/fumotxpress.de\/wp-content\/uploads\/2024\/12\/PB20K_VIDEO.mp4\">https:\/\/fumotxpress.de\/wp-content\/uploads\/2024\/12\/PB20K_VIDEO.mp4<\/a><\/video><\/div>\n<p>Den <a href=\"https:\/\/fumotxpress.de\/sv\/?post_type=product&amp;p=2296&amp;preview=true\"><strong>Platinum Bar 20 000 Puffs Eng\u00e5ngs Vape Pen<\/strong><\/a> erbjuder en banbrytande l\u00f6sning f\u00f6r de som s\u00f6ker bekv\u00e4mlighet, prestanda och en o\u00f6vertr\u00e4ffad vape-upplevelse. Med en imponerande <strong>20 000 bloss \n(Or  could also be translated as  20.000 bloss )<\/strong> Per enhet \u00e4r detta inte bara en annan eng\u00e5ngsvape - det \u00e4r en revolution n\u00e4r det g\u00e4ller l\u00e5ngvarig prestanda. Oavsett om du \u00e4r en avslappnad vaper eller en h\u00e4ngiven entusiast \u00e4r Platinum Bar utformad f\u00f6r att tillfredsst\u00e4lla alla dina behov.<\/p>\n<p>Till skillnad fr\u00e5n de flesta eng\u00e5ngsvape-produkterna p\u00e5 marknaden erbjuder Platinum Bar <strong>undantaglig l\u00e5nglivlighet<\/strong>, vilket inneb\u00e4r att du kan vapa i veckor eller till och med m\u00e5nader innan du beh\u00f6ver byta ut den. Dess <strong>premium uppladdningsbar batteri<\/strong> s\u00e4kerst\u00e4ller att varje puff \u00e4r konsekvent och tillfredsst\u00e4llande, \u00e4nda fram till den sista.<\/p>\n<p>Med sitt <strong>Snygg och b\u00e4rbar design<\/strong>denna enhet \u00e4r perfekt f\u00f6r alla som \u00e4r p\u00e5 spr\u00e5ng. Dess kompakta storlek g\u00f6r att den enkelt passar i fickan, vilket g\u00f6r den diskret och bekv\u00e4m f\u00f6r daglig anv\u00e4ndning. Och eftersom den \u00e4r f\u00f6rfylld med <strong>premium e-v\u00e4tska<\/strong>Det finns inget behov av p\u00e5fyllningar eller r\u00f6ran - bara packa upp och du \u00e4r redo att vapa.<\/p>\n<h3>Varf\u00f6r v\u00e4lja Platinum Bar 20 000 Puffs Vape Pen?<\/h3>\n<p>H\u00e4r \u00e4r de fr\u00e4msta orsakerna till varf\u00f6r <a href=\"https:\/\/fumotxpress.de\/sv\/?post_type=product&amp;p=2296&amp;preview=true\"><strong>Platinum Bar 20 000 Puffs<\/strong><\/a> Eng\u00e5ngs Vape \u00e4r det perfekta valet f\u00f6r dina vapingbehov:<\/p>\n<h4>1. <strong>Omatchad puffantal:<\/strong><\/h4>\n<p>Upp till <strong>20 000 bloss \n(Or  could also be translated as  20.000 bloss )<\/strong>, Platinum Bar erbjuder en extraordin\u00e4r \u00e5ngupplevelse. Till skillnad fr\u00e5n andra eng\u00e5ngsvape som kr\u00e4ver frekventa byten, erbjuder denna enhet en <strong>L\u00e5ngvarig vape-upplevelse<\/strong>, sparar dig tid och pengar.<\/p>\n<h4>2. <strong>Uppladdningsbar bekv\u00e4mlighet:<\/strong><\/h4>\n<p>Platinabarmen kommer utrustad med en <strong>uppladdningsbar batteri<\/strong>, vilket g\u00f6r att du kan anv\u00e4nda enheten under en l\u00e4ngre period utan att beh\u00f6va konstant ers\u00e4tta den. Koppla helt enkelt in enheten, ladda den och njut av ytterligare \u00e5ngnings sessioner\u2014<strong>ett milj\u00f6v\u00e4nligt val<\/strong>.<\/p>\n<h4>3. <strong>Konsistent Prestanda:<\/strong><\/h4>\n<p>Platinumbaren s\u00e4kerst\u00e4ller <strong>konsekvent \u00e5ngproduktion och smak<\/strong> Fr\u00e5n den f\u00f6rsta bloss till den sista. Denna h\u00f6gkvalitativa prestation inneb\u00e4r att du inte kommer att uppleva oj\u00e4mna bloss eller en minskning av smak, \u00e4ven efter l\u00e5ngvarig anv\u00e4ndning.<\/p>\n<h4>4. <strong>Premiumsmaker f\u00f6r varje Vaper:<\/strong><\/h4>\n<p>The Platinum Bar erbjuder en <strong>bred smakskala<\/strong>, och passar alla smaker. Oavsett om du \u00e4r intresserad av fruktiga blandningar, mentol eller klassisk tobak, finns det en smakprofil som passar dina \u00f6nskem\u00e5l.<\/p>\n<h4>5. <strong>Elegant och kompakt design:<\/strong><\/h4>\n<p>Med en <strong>Snygg, modern design<\/strong>Platinabarren \u00e4r inte bara funktionell utan ocks\u00e5 stilfull. Dess ergonomiska design passar bekv\u00e4mt i din hand, vilket g\u00f6r det enkelt att b\u00e4ra med dig vart du \u00e4n g\u00e5r utan att offra stil eller praktiska egenskaper.<\/p>\n<h4>6. <strong>Ingen r\u00f6ra, ingen kr\u00e5ngel:<\/strong><\/h4>\n<p>Enheten \u00e4r f\u00f6rfylld och <strong>klar att anv\u00e4nda direkt ur l\u00e5dan<\/strong>Det betyder inga p\u00e5fyllningar, inga l\u00e4ckor och ingen r\u00f6ra. Det \u00e4r den ideala enheten f\u00f6r vapers som vill njuta av en j\u00e4mn, problemfri upplevelse.<\/p>\n<hr \/>\n<h2>Platinum Bar 20 000 Puffs Smaker<\/h2>\n<p>Den <strong>Platina Bar<\/strong> erbjuder ett brett spektrum av smaker utformade f\u00f6r att h\u00f6ja din vape-upplevelse. Oavsett om du njuter av fruktiga, mentoliga eller klassiska smaker, hittar du n\u00e5got du \u00e4lskar. Nedan listas de tillg\u00e4ngliga smakerna:<\/p>\n<ol>\n<li><strong>Black Cola Ice<\/strong><br \/>\nEn knasig, uppfriskande colasmak med en sval, isig finish. Perfekt f\u00f6r dem som \u00e4lskar det brusiga och kyliga i en klassisk cola med en twist.<\/li>\n<li><strong>Svart Frisk Mint<\/strong><br \/>\nEn ren och uppfriskande mintsmak, som ger en sval och krispig k\u00e4nsla vid varje puff. Den \u00e4r ideal f\u00f6r mint\u00e4lskare som s\u00f6ker en ren, uppiggande smak.<\/li>\n<li><strong>Svart Druv Is<\/strong><br \/>\nDenna smak har s\u00f6tman av svarta druvor, f\u00f6rst\u00e4rkt av en frostig isfinish. Det \u00e4r en l\u00e4cker fruktig vape med en cool mentolkick.<\/li>\n<li><strong>Svart druva Lychee Grapefrukt<\/strong><br \/>\nEn tropisk blandning av <strong>svart druva<\/strong>exotisk <strong>Lychee<\/strong>och tart <strong>grapefrukt<\/strong>, erbjuder en v\u00e4ldragen fruktig vape med en syrlig kant.<\/li>\n<li><strong>Svart Tobak<\/strong><br \/>\nF\u00f6r dem som f\u00f6redrar traditionella smaker erbjuder denna rika tobakblandning en djup, r\u00f6kig upplevelse. Den \u00e4r ideal f\u00f6r tidigare r\u00f6kare som s\u00f6ker en autentisk och tillfredsst\u00e4llande smak.<\/li>\n<li><strong>Guld Banana Glass<\/strong><br \/>\nKr\u00e4meaktig, s\u00f6t <strong>banan<\/strong> smak kombinerad med en sval, isig finish. Detta \u00e4r en perfekt balanserad vape f\u00f6r dem som l\u00e4ngtar efter en tropisk, uppfriskande upplevelse.<\/li>\n<li><strong>Guld Citron Is<\/strong><br \/>\nEn kryddig, syrlig <strong>citron<\/strong> smak med en iskyld vridning. Denna smak \u00e4r perfekt f\u00f6r citrus\u00e4lskare som njuter av en kylande k\u00e4nsla med sin vape.<\/li>\n<li><strong>Guld Ananas Glass<\/strong><br \/>\nEn uppfriskande tropisk <strong>ananas<\/strong> smak, f\u00f6rb\u00e4ttrad av en sl\u00e4t isfinish, vilket ger en tillfredsst\u00e4llande och luftig vapeupplevelse.<\/li>\n<li><strong>Guld Mogna Mango<\/strong><br \/>\nSaftig, mogen <strong>mango<\/strong> smak som f\u00e5ngar sommarsmaken i varje puff. Denna smak \u00e4r s\u00f6t och aromatisk, och ger solsken \u00e5t dina vape-sessioner.<\/li>\n<li><strong>Guld Tropisk Ananas P\u00e4rsimen<\/strong><br \/>\nEn underbar blandning av syrlig <strong>ananas<\/strong> och s\u00f6tt <strong>persika<\/strong>Denna tropiska fusion erbjuder en uppfriskande och fruktig vape-upplevelse.<\/li>\n<li><strong>Ros\u00e4pple Jordgubbe<\/strong><br \/>\nEn harmonisk kombination av s\u00f6tt, saftigt <strong>\u00e4pple<\/strong> och fr\u00e4sch <strong>jordgubbe<\/strong>skapar en l\u00e4tt, uppfriskande fruktsmak som \u00e4r perfekt f\u00f6r daglig anv\u00e4ndning.<\/li>\n<li><strong>Ros Fizzy Cherry<\/strong><br \/>\nEn syrlig, mousserande <strong>k\u00f6rsb\u00e4r<\/strong> smak med en mousserande, syrlig avslutning. Denna smak l\u00e4gger till en extra spark till din vape-upplevelse med sin unika, bubbliga k\u00e4nsla.<\/li>\n<li><strong>Ros Jordgubb Vattenmelon<\/strong><br \/>\nEn frodig blandning av <strong>jordgubbe<\/strong> och <strong>vattenmelon<\/strong>, och erbjuder en saftig, v\u00e4lsmakande kombination som \u00e4r lika uppfriskande som den \u00e4r s\u00f6t.<\/li>\n<li><strong>Ros Sommarmariner<\/strong><br \/>\nEn rik blandning av mogna <strong>Sommarb\u00e4r<\/strong>, inklusive bl\u00e5b\u00e4r, hallon och jordgubbar. Denna smak \u00e4r en dr\u00f6m f\u00f6r b\u00e4rliebhaber och erbjuder en s\u00f6t, syrlig vape.<\/li>\n<li><strong>Rosa Vattenmelon Tuggummi<\/strong><br \/>\nEn rolig, nostalgisk kombination av s\u00f6tt <strong>vattenmelon<\/strong> och <strong>tuggummi<\/strong> smak. Denna lekfulla vape \u00e4r perfekt f\u00f6r de som vill \u00e5teruppleva sina barndomsminnen.<\/li>\n<li><strong>Silverbl\u00e5 hallon<\/strong><br \/>\nEn syrlig men j\u00e4mn <strong>bl\u00e5 hallon<\/strong> smak, kompletterad med en s\u00f6t finish. Detta \u00e4r ett l\u00e4ckert uppfriskande val f\u00f6r de som gillar sina fruktsmaker starka.<\/li>\n<li><strong>Silver Bl\u00e5b\u00e4rs Raspberry Lemonad<\/strong><br \/>\nEn kryddig, citrusfylld <strong>lemonad<\/strong> blanda med <strong>bl\u00e5b\u00e4r<\/strong> och <strong>hallon<\/strong> anteckningar. Det \u00e4r en syrlig och uppfriskande vape som \u00e4r perfekt f\u00f6r varma sommardagar.<\/li>\n<li><strong>Silver Kiwi Passionsfrukt Guava<\/strong><br \/>\nEn tropisk fusion av <strong>kiwi<\/strong>, <strong>passionsfrukt<\/strong>och <strong>guava<\/strong>som ger en exotisk, s\u00f6t och syrlig smakupplevelse som transporterar dig till ett tropiskt paradis.<\/li>\n<li><strong>Silver Peach Glass<\/strong><br \/>\nDen sl\u00e4ta, saftiga smaken av <strong>persika<\/strong> i kombination med en uppfriskande <strong>isig<\/strong> Slutfinish. Det \u00e4r en perfekt, fruktig kyla f\u00f6r dem som gillar sina vapes coola och s\u00f6ta.<\/li>\n<li><strong>Silvervattenmelon Glass<\/strong><br \/>\nS\u00f6tt och saftigt <strong>vattenmelon<\/strong> smak, avslutat med en kylig <strong>is<\/strong> upplevelse. Det \u00e4r en perfekt sommardags-vape f\u00f6r att svalka och njuta.<\/li>\n<\/ol>\n<hr \/>\n<h2>Varf\u00f6r k\u00f6pa Platinum Bar 20 000 Puffs disponibel vape fr\u00e5n FumotXpress?<\/h2>\n<p>P\u00e5 <strong>FumotXpress.de<\/strong>Vi \u00e4r stolta \u00f6ver att erbjuda <strong>\u00e4kta, h\u00f6gkvalitativa produkter<\/strong> Rakt fr\u00e5n v\u00e5r <strong>Europeiskt lager<\/strong>, f\u00f6r att s\u00e4kerst\u00e4lla att du f\u00e5r din best\u00e4llning inom <strong>3-7 dagar<\/strong> var som helst i <strong>EU<\/strong>Vi \u00e4r stolta \u00f6ver att vara <strong>Tysklands st\u00f6rsta online-retaplattform<\/strong> f\u00f6r eng\u00e5ngsvape och vi b\u00e4r toppm\u00e4rken som <strong>Al Fakher<\/strong>, <strong>Fizzy<\/strong>, <strong>OBEELAB HHC<\/strong>och <strong>SMPO DL02<\/strong>.<\/p>\n<p>Med v\u00e5r <strong>Ingen minimiorderkvantitet<\/strong>Du kan k\u00f6pa <strong>s\u00e5 lite som en enhet<\/strong>, vilket g\u00f6r det l\u00e4tt f\u00f6r \u00e5terf\u00f6rs\u00e4ljare och avslappnade vapers att njuta av premiumprodukter. Vi s\u00e4kerst\u00e4ller <strong>b\u00e4sta priserna<\/strong> och den <strong>Snabbaste leveranstiderna<\/strong>s\u00e5 du inte beh\u00f6ver v\u00e4nta f\u00f6r att njuta av dina favorit eng\u00e5ngsvape-produkter.<\/p>\n<p>V\u00e4nta inte l\u00e4ngre p\u00e5 att uppleva <strong>Platinum Bar 20 000 Puffs Eng\u00e5ngs Vape Pen<\/strong>. <strong>Best\u00e4ll idag fr\u00e5n <a href=\"https:\/\/fumotxpress.de\/sv\/?post_type=product&amp;p=2296&amp;preview=true\">FumotXpress.de<\/a><\/strong> och h\u00f6j din vape-upplevelse till n\u00e4sta niv\u00e5!<\/p>\n<\/div>\n<\/div>\n<\/div>\n<div class=\"mb-2 flex gap-3 empty:hidden -ml-2\">\n<div class=\"items-center justify-start rounded-xl p-1 flex\">\n<div class=\"flex items-center\"><\/div>\n<\/div>\n<\/div>","protected":false},"excerpt":{"rendered":"<p>K\u00f6p <strong>Platinum Bar 20 000 Puffs Eng\u00e5ngs Vape Pen<\/strong> P\u00e5 FumotXpress.de. Njut av l\u00e5ngvarig, h\u00f6gpresterande vaping med uppladdningsbar bekv\u00e4mlighet och premiumsmaker. Snabb EU-leverans!<\/p>","protected":false},"featured_media":2295,"comment_status":"open","ping_status":"closed","template":"","meta":{"om_disable_all_campaigns":false},"product_brand":[],"product_cat":[42,91,92,94,95,96,97,98,99,100,101,102,103,104,106,107,108,109,111,112,78,79,80,81,82,83,84,85,86,87,88,89,90,70,76,56,61,63,65,67],"product_tag":[],"class_list":{"0":"post-2296","1":"product","2":"type-product","3":"status-publish","4":"has-post-thumbnail","6":"product_cat-platinum-bar-disposable-vapes","7":"product_cat-buy-best-disposable-vape-flavors","8":"product_cat-apple-flavor-disposable-vapes","9":"product_cat-blueberry-flavor-disposable-vapes","10":"product_cat-cherry-flavor-disposable-vapes","11":"product_cat-cola-flavor-disposable-vapes","12":"product_cat-grape-flavor-disposable-vapes","13":"product_cat-guava-flavor-disposable-vapes","14":"product_cat-ice-flavor-disposable-vapes","15":"product_cat-kiwi-flavor-disposable-vapes","16":"product_cat-lemon-flavor-disposable-vapes","17":"product_cat-lush-flavor-disposable-vapes","18":"product_cat-mango-flavor-disposable-vapes","19":"product_cat-mint-flavor-disposable-vapes","20":"product_cat-passion-fruit-flavor-disposable-vapes","21":"product_cat-peach-flavor-disposable-vapes","22":"product_cat-pineapple-flavor-disposable-vapes","23":"product_cat-raspberry-flavor-disposable-vapes","24":"product_cat-strawberry-flavor-disposable-vapes","25":"product_cat-watermelon-flavor-disposable-vapes","26":"product_cat-best-disposable-vape-in-europe","27":"product_cat-buy-disposable-vapes-in-austria","28":"product_cat-buy-disposable-vapes-in-belgium","29":"product_cat-buy-disposable-vapes-in-france","30":"product_cat-buy-disposable-vapes-in-germany","31":"product_cat-buy-disposable-vapes-in-italy","32":"product_cat-buy-disposable-vapes-in-netherlands","33":"product_cat-buy-disposable-vapes-in-norway","34":"product_cat-buy-disposable-vapes-in-poland","35":"product_cat-buy-disposable-vapes-in-portugal","36":"product_cat-buy-disposable-vapes-in-spain","37":"product_cat-buy-disposable-vapes-in-sweden","38":"product_cat-buy-disposable-vapes-in-switzerland","39":"product_cat-shop-disposable-vapes-by-puffs","40":"product_cat-20000-puff-disposable-vape","41":"product_cat-disposable-vape-types","42":"product_cat-big-puffs-disposable-vapes","43":"product_cat-digital-box-disposable-vapes","44":"product_cat-lower-nicotine-disposable-vapes","45":"product_cat-rechargeable-disposable-vapes","47":"first","48":"outofstock","49":"shipping-taxable","50":"product-type-variable"},"_links":{"self":[{"href":"https:\/\/fumotxpress.de\/sv\/wp-json\/wp\/v2\/product\/2296","targetHints":{"allow":["GET"]}}],"collection":[{"href":"https:\/\/fumotxpress.de\/sv\/wp-json\/wp\/v2\/product"}],"about":[{"href":"https:\/\/fumotxpress.de\/sv\/wp-json\/wp\/v2\/types\/product"}],"replies":[{"embeddable":true,"href":"https:\/\/fumotxpress.de\/sv\/wp-json\/wp\/v2\/comments?post=2296"}],"wp:featuredmedia":[{"embeddable":true,"href":"https:\/\/fumotxpress.de\/sv\/wp-json\/wp\/v2\/media\/2295"}],"wp:attachment":[{"href":"https:\/\/fumotxpress.de\/sv\/wp-json\/wp\/v2\/media?parent=2296"}],"wp:term":[{"taxonomy":"product_brand","embeddable":true,"href":"https:\/\/fumotxpress.de\/sv\/wp-json\/wp\/v2\/product_brand?post=2296"},{"taxonomy":"product_cat","embeddable":true,"href":"https:\/\/fumotxpress.de\/sv\/wp-json\/wp\/v2\/product_cat?post=2296"},{"taxonomy":"product_tag","embeddable":true,"href":"https:\/\/fumotxpress.de\/sv\/wp-json\/wp\/v2\/product_tag?post=2296"}],"curies":[{"name":"wp","href":"https:\/\/api.w.org\/{rel}","templated":true}]}}