{"id":2115,"date":"2024-12-07T01:32:41","date_gmt":"2024-12-07T01:32:41","guid":{"rendered":"https:\/\/fumotxpress.de\/?post_type=product&#038;p=2115"},"modified":"2025-05-20T09:51:56","modified_gmt":"2025-05-20T09:51:56","slug":"arymi-i-fun-40k-puffar-kop-original-autentisk-uppladdningsbar-engangspenna-2","status":"publish","type":"product","link":"https:\/\/fumotxpress.de\/sv\/produkt\/arymi-i-fun-40k-puffar-kop-original-autentisk-uppladdningsbar-engangspenna-2\/","title":{"rendered":"Europeiskt lager Arymi Hookalit 40000 puffar L\u00e5g nikotin K\u00f6p original \u00c4kta uppladdningsbar eng\u00e5ngs vapepen"},"content":{"rendered":"<h2><strong>Arymi Hookalit 40000 Puffs Rechargeable Disposable Vapes Pen \u2013 Den Ultimata Vapingupplevelsen<\/strong><strong>Introduktion till Arymi Hookalit 40000 Puffs<\/strong><\/h2>\n<div style=\"width: 1020px;\" class=\"wp-video\"><!--[if lt IE 9]><script>document.createElement('video');<\/script><![endif]-->\n<video class=\"wp-video-shortcode\" id=\"video-2115-1\" width=\"1020\" height=\"574\" preload=\"metadata\" controls=\"controls\"><source type=\"video\/mp4\" src=\"https:\/\/fumotxpress.de\/wp-content\/uploads\/2024\/12\/ARYMI\u89c6\u9891.mp4?_=1\" \/><a href=\"https:\/\/fumotxpress.de\/wp-content\/uploads\/2024\/12\/ARYMI\u89c6\u9891.mp4\">https:\/\/fumotxpress.de\/wp-content\/uploads\/2024\/12\/ARYMI\u89c6\u9891.mp4<\/a><\/video><\/div>\n<p>Arymi Hookalit 40000 Puffs Rechargeable Disposable Vape Pen \u00e4r den perfekta f\u00f6ljes\u00e4llskapet f\u00f6r de som s\u00f6ker en extraordin\u00e4r \u00e5ngupplevelse. Tillverkad med precision och utformad f\u00f6r att leverera upp till 48 000 puffs, erbjuder denna premium-\u00e5ngare en exceptionell blandning av h\u00e5llbarhet, smak och m\u00e5ngsidighet. Oavsett om du \u00e4r en erfaren \u00e5ngare eller ny i v\u00e4rlden av eng\u00e5ngs\u00e5ngare, lovar Arymi I Fun 48K att m\u00f6ta och \u00f6vertr\u00e4ffa dina f\u00f6rv\u00e4ntningar med sina framst\u00e5ende funktioner och prestanda.<\/p>\n<p>P\u00e5 FumotXpress.de, den st\u00f6rsta online-retailplattformen f\u00f6r eng\u00e5ngsvape i Tyskland och Europa, \u00e4r vi stolta \u00f6ver att erbjuda Arymi Hookalit 40000 Puffs till konkurrenskraftiga priser. V\u00e5r plattform specialiserar sig p\u00e5 att tillhandah\u00e5lla h\u00f6gkvalitativa vapingprodukter, inklusive popul\u00e4ra m\u00e4rken som Al Fakher, Fizzy, OBEELAB HHC och SMPO DL02. Med inget krav p\u00e5 minimiorder och snabb leverans inom 3-7 dagar fr\u00e5n v\u00e5ra europeiska lager har det aldrig varit enklare att k\u00f6pa eng\u00e5ngsvape.<\/p>\n<h2>Huvudfunktioner f\u00f6r Arymi Hookalit 40000 Puffs Disposable Vape Pen<\/h2>\n<p>Arymi Hookalit 40000 Puffs utm\u00e4rker sig p\u00e5 den tr\u00e5nga vape-marknaden tack vare sina avancerade funktioner och anv\u00e4ndarcentrerade design. H\u00e4r \u00e4r en detaljerad \u00f6versikt av dess nyckelfunktioner:<\/p>\n<h3>1. <strong>O\u00f6vertr\u00e4ffad puffkapacitet<\/strong><\/h3>\n<ul>\n<li>Med en otrolig kapacitet p\u00e5 upp till <strong>48 000 bloss \n(Or  48 000 puffar, but since bloss is more common in this context:) 48 000 bloss<\/strong>\u00e4r Arymi Hookalit 40000 Puffs en av de l\u00e5ngvarigaste eng\u00e5ngsvape som finns tillg\u00e4ngliga idag. Oavsett om du \u00e4r en avslappnad anv\u00e4ndare eller en tung vaper, s\u00e4kerst\u00e4ller denna enhet att du inte beh\u00f6ver oroa dig f\u00f6r att f\u00e5 slut p\u00e5 puffs n\u00e4r som helst snart.<\/li>\n<\/ul>\n<h3>2. <strong>Stor E-Liquid-beh\u00e5llare (50ml)<\/strong><\/h3>\n<ul>\n<li>The vape \u00e4r utrustad med en <strong>50ml e-liquid kapacitet<\/strong>, vilket minskar behovet av frekventa p\u00e5fyllningar betydligt. Detta g\u00f6r det idealiskt f\u00f6r l\u00e5ngvarig anv\u00e4ndning och ger konsekvent smak och tillfredsst\u00e4llelse med varje puff.<\/li>\n<\/ul>\n<h3>3. <strong>Uppladdningsbar batteri (1300mAh)<\/strong><\/h3>\n<ul>\n<li>Driven av en <strong>1300mAh uppladdningsbar batteri<\/strong>, erbjuder denna enhet p\u00e5litlig prestanda under hela sin livstid. N\u00e4r batteriet b\u00f6rjar ta slut, ladda helt enkelt om det f\u00f6r att forts\u00e4tta njuta av dina vaping-sessioner utan att beh\u00f6va byta ut det helt.<\/li>\n<\/ul>\n<h3>4. <strong>Justerbar Luftfl\u00f6de f\u00f6r Anpassad Vaping<\/strong><\/h3>\n<ul>\n<li>Arymi Hookalit 40000 Puffs l\u00e5ter dig finjustera din vape-upplevelse med sin <strong>justerbar luftfl\u00f6dessystem<\/strong>. V\u00e4xla mellan <strong>MTL (Mouth-To-Lung)<\/strong> och <strong>DTL (Direkt-Till-Lunga)<\/strong> stilar f\u00f6r en mer personlig vapingupplevelse. Denna funktion l\u00e5ter dig justera intensiteten och j\u00e4mnheten i dragningen enligt dina \u00f6nskem\u00e5l.<\/li>\n<\/ul>\n<h3>5. <strong>L\u00e4ttvikts- och b\u00e4rbar design<\/strong><\/h3>\n<ul>\n<li>Designad med bekv\u00e4mlighet i \u00e5tanke, Arymi Hookalit 40000 Puffs \u00e4r <strong>l\u00e4tt och b\u00e4rbar<\/strong>, vilket g\u00f6r det enkelt att b\u00e4ra med sig vart du \u00e4n g\u00e5r. Dess ergonomiska design s\u00e4kerst\u00e4ller ett bekv\u00e4mt grepp, \u00e4ven under l\u00e4ngre vaping-sessioner.<\/li>\n<\/ul>\n<h3>6. <strong>Stylish och modern estetik<\/strong><\/h3>\n<ul>\n<li>Den eleganta, moderna designen p\u00e5 Arymi Hookalit 40000 Puffs kombinerar stil med funktionalitet. Tillg\u00e4nglig i en rad f\u00e4rger, erbjuder enheten ocks\u00e5 anpassningsalternativ f\u00f6r att matcha din personliga stil. Oavsett om du f\u00f6redrar en elegant metallisk finish eller ett mer levande utseende, kompletterar Arymi Hookalit 40000 Puffs din personlighet.<\/li>\n<\/ul>\n<h3>7. <strong>F\u00f6rfyllda med Premium E-Liquids<\/strong><\/h3>\n<ul>\n<li>Arymi Hookalit 40000 Puffs kommer f\u00f6rfylld med <strong>premium e-v\u00e4tskor<\/strong>, levererar rika och autentiska smaker som f\u00f6rb\u00e4ttrar din vape-upplevelse. Med en m\u00e4ngd olika smakalternativ lovar varje puff en tillfredsst\u00e4llande och njutbar smak.<\/li>\n<\/ul>\n<h3>8. <strong>Nikotinstyrka Alternativ<\/strong><\/h3>\n<ul>\n<li>Arymi Hookalit 40000 Puffs finns tillg\u00e4nglig i olika <strong>Nikotinstyrka alternativ<\/strong>, s\u00e5 att du kan v\u00e4lja den ideala niv\u00e5n baserat p\u00e5 dina personliga preferenser. Oavsett om du f\u00f6redrar en stark nikotinp\u00e5verkan eller en mildare upplevelse, finns det en nikotinstyrka f\u00f6r alla.<\/li>\n<\/ul>\n<p>&nbsp;<\/p>\n<p><img loading=\"lazy\" decoding=\"async\" class=\"alignnone wp-image-2118 size-full\" src=\"https:\/\/fumotxpress.de\/wp-content\/uploads\/2024\/12\/ARymi-40k.webp\" alt=\"Europeiskt lager Arymi Hookalit 40000 puffar L\u00e5g nikotin K\u00f6p original \u00c4kta uppladdningsbar eng\u00e5ngs vapepen\" width=\"2000\" height=\"2000\" srcset=\"https:\/\/fumotxpress.de\/wp-content\/uploads\/2024\/12\/ARymi-40k.webp 2000w, https:\/\/fumotxpress.de\/wp-content\/uploads\/2024\/12\/ARymi-40k-300x300.webp 300w, https:\/\/fumotxpress.de\/wp-content\/uploads\/2024\/12\/ARymi-40k-1024x1024.webp 1024w, https:\/\/fumotxpress.de\/wp-content\/uploads\/2024\/12\/ARymi-40k-150x150.webp 150w, https:\/\/fumotxpress.de\/wp-content\/uploads\/2024\/12\/ARymi-40k-768x768.webp 768w, https:\/\/fumotxpress.de\/wp-content\/uploads\/2024\/12\/ARymi-40k-1536x1536.webp 1536w, https:\/\/fumotxpress.de\/wp-content\/uploads\/2024\/12\/ARymi-40k-12x12.webp 12w, https:\/\/fumotxpress.de\/wp-content\/uploads\/2024\/12\/ARymi-40k-247x247.webp 247w, https:\/\/fumotxpress.de\/wp-content\/uploads\/2024\/12\/ARymi-40k-600x600.webp 600w, https:\/\/fumotxpress.de\/wp-content\/uploads\/2024\/12\/ARymi-40k-100x100.webp 100w\" sizes=\"auto, (max-width: 2000px) 100vw, 2000px\" \/><\/p>\n<h2>Tillg\u00e4ngliga smaker av Arymi Hookalit 40000 Puffs<\/h2>\n<p>En av h\u00f6jdpunkterna med Arymi Hookalit 40000 Puffs \u00e4r dess breda utbud av l\u00e4ckra och unika smaker. H\u00e4r \u00e4r de tillg\u00e4ngliga smakalternativen, noggrant utformade f\u00f6r att ge en rik och tillfredsst\u00e4llande smakupplevelse:<\/p>\n<h3>1. <strong>Tropisk Mango<\/strong><\/h3>\n<ul>\n<li>njut av den exotiska och saftiga smaken av <strong>Tropisk Mango<\/strong>Denna smak erbjuder en perfekt blandning av mogna, s\u00f6ta mango med en subtil syrlighet som kommer att transportera dina sinnen till ett tropiskt paradis.<\/li>\n<\/ul>\n<h3>2. <strong>Bl\u00e5b\u00e4rsblandning explosion<\/strong><\/h3>\n<ul>\n<li><strong>Bl\u00e5b\u00e4rsblandning explosion<\/strong> Kombinerar den livliga s\u00f6tman av jordgubbar, bl\u00e5b\u00e4r och hallon f\u00f6r en uppfriskande och syrlig vapeupplevelse. Det \u00e4r en b\u00e4rlovers dr\u00f6m, som levererar en explosion av fruktig godhet med varje puff.<\/li>\n<\/ul>\n<h3>3. <strong>Mintigt Fr\u00e4scht<\/strong><\/h3>\n<ul>\n<li>F\u00f6r de som njuter av en kylande k\u00e4nsla, den <strong>Mintigt Fr\u00e4scht<\/strong> smaken levererar en knasig, isig mint som fr\u00e4schar upp din gom. Den \u00e4r perfekt f\u00f6r vapers som \u00e4lskar en j\u00e4mn, mintig smak med en touch av kylighet.<\/li>\n<\/ul>\n<h3>4. <strong>Vattenmelonsplask<\/strong><\/h3>\n<ul>\n<li>Njut av den saftiga, s\u00f6ta smaken av mogna <strong>vattenmelon<\/strong> i varje puff. The <strong>Vattenmelonsplask<\/strong> \u00e4r en s\u00f6t och uppfriskande smak som levererar den perfekta balansen av saftig fruktighet, vilket g\u00f6r den ideal f\u00f6r varmt v\u00e4der-vaping.<\/li>\n<\/ul>\n<h3>5. <strong>Tropisk Ananas<\/strong><\/h3>\n<ul>\n<li>Den <strong>Tropisk Ananas<\/strong> smaken \u00e4r en s\u00f6t, syrlig och l\u00e4tt sur profil som f\u00e5ngar essensen av f\u00e4rsk ananas. Denna smak \u00e4r perfekt f\u00f6r dem som l\u00e4ngtar efter en tropisk flykt med varje bloss.<\/li>\n<\/ul>\n<h3>6. <strong>Persika Glass<\/strong><\/h3>\n<ul>\n<li><strong>Persika Glass<\/strong> erbjuder en l\u00e4ckert j\u00e4mn persika smak med en menthol tonvik. Den naturliga s\u00f6tman hos persika kompletteras av en sval, isig finish, vilket g\u00f6r den till en perfekt hela-dagen-vape.<\/li>\n<\/ul>\n<h3>7. <strong>Jordgubb Kiwi<\/strong><\/h3>\n<ul>\n<li>kombinationen av mogna jordgubbar och syrliga kiwi i <strong>Jordgubb Kiwi<\/strong> smaken skapar en balanserad och harmonisk fruktblandning. Denna smak \u00e4r s\u00f6t, uppfriskande och perfekt f\u00f6r frukt\u00e4lskare.<\/li>\n<\/ul>\n<h3>8. <strong>Dr\u00f6mmar om vindruvor<\/strong><\/h3>\n<ul>\n<li><strong>Dr\u00f6mmar om vindruvor<\/strong> levererar den djupa, rika s\u00f6tman av mogna druvor. Smaken \u00e4r fyllig och j\u00e4mn, med en l\u00e4tt syrlig eftersmak som balanserar ut s\u00f6tman och skapar en tillfredsst\u00e4llande vapeupplevelse.<\/li>\n<\/ul>\n<h3>9. <strong>Lush Ice<\/strong><\/h3>\n<ul>\n<li>F\u00f6r de som njuter av en dj\u00e4rv, uppfriskande upplevelse, den <strong>Lush Ice<\/strong> smaken kombinerar vattenmelonens s\u00f6tma med en kall, isig mentolfinish. Den \u00e4r perfekt f\u00f6r en sval, j\u00e4mn vapeupplevelse.<\/li>\n<\/ul>\n<h3>10. <strong>Bl\u00e5b\u00e4rslemonad<\/strong><\/h3>\n<ul>\n<li>Den <strong>Bl\u00e5b\u00e4rslemonad<\/strong> smaken kombinerar det syrliga fr\u00e5n f\u00e4rsk citronad och s\u00f6tman fr\u00e5n mogna bl\u00e5b\u00e4r. Det \u00e4r en syrlig, uppfriskande blandning som \u00e4r ideal f\u00f6r en uppfriskande vape-session.<\/li>\n<\/ul>\n<h2>Varf\u00f6r v\u00e4lja Arymi Hookalit 40000 Puffs Disposable Vape Pen?<\/h2>\n<p>Det finns flera orsaker till varf\u00f6r Arymi Hookalit 40000 Puffs Disposable Vape Pen \u00e4r det perfekta valet f\u00f6r dig:<\/p>\n<ul>\n<li><strong>L\u00e5ngvarig Prestanda<\/strong>: Med upp till 48 000 bloss \u00f6vertr\u00e4ffar den de flesta eng\u00e5ngsvape p\u00e5 marknaden och erbjuder dig en p\u00e5litlig, problemfri \u00e5ngupplevelse.<\/li>\n<li><strong>Premium Smaksortiment<\/strong>: Njut av en m\u00e4ngd rika, livliga smaker som tillgodoser varje smak, fr\u00e5n fruktigt till mentol till tropiskt.<\/li>\n<li><strong>Bekv\u00e4mlighet<\/strong>: Enheten \u00e4r uppladdningsbar, vilket m\u00f6jligg\u00f6r l\u00e4ngre anv\u00e4ndningstid utan att beh\u00f6va en fullst\u00e4ndig ers\u00e4ttning.<\/li>\n<li><strong>Anpassning<\/strong>: Anpassa din vape-upplevelse med justerbar luftfl\u00f6de och v\u00e4lj mellan ett brett utbud av nikotinstyrkor.<\/li>\n<li><strong>Ingen minimiorder<\/strong>: P\u00e5 FumotXpress.de kan du k\u00f6pa bara ett stycke eller mer utan n\u00e5gon minimibest\u00e4llningskvantitet. Vi betj\u00e4nar b\u00e5de enskilda kunder och detaljhandelsgrupper \u00f6ver hela Europa.<\/li>\n<\/ul>\n<h2>Hur du k\u00f6per Arymi Hookalit 40000 Puffs fr\u00e5n FumotXpress.de<\/h2>\n<p>Redo att ta din vaping-upplevelse till n\u00e4sta niv\u00e5? Bes\u00f6k <a href=\"https:\/\/fumotxpress.de\/sv\/\"><strong>FumotXpress.de<\/strong><\/a>, Europas st\u00f6rsta onlineplattform f\u00f6r eng\u00e5ngsvape, och f\u00e5 tag p\u00e5 Arymi Hookalit 40000 Puffs Uppladdningsbar Eng\u00e5ngsvape Pen idag. Med snabb leverans fr\u00e5n v\u00e5ra europeiska lager och ingen minimiorder, har det aldrig varit enklare att f\u00e5 tillg\u00e5ng till h\u00f6gkvalitativa vapes. Best\u00e4ll nu och upplev n\u00e4sta niv\u00e5 av vaping-tillfredsst\u00e4llelse!<\/p>\n<hr \/>\n<p>F\u00f6r dem som s\u00f6ker h\u00f6gkvalitativa eng\u00e5ngsvape-produkter i Tyskland och Europa erbjuder FumotXpress.de den mest p\u00e5litliga tj\u00e4nsten, det mest omfattande produktsortimentet och snabba leveransalternativ. K\u00f6p din Arymi Hookalit 40000 Puffs idag och njut av den ultimata vape-upplevelsen med l\u00e4tthet!<\/p>","protected":false},"excerpt":{"rendered":"<p>Redo att ta din vaping-upplevelse till n\u00e4sta niv\u00e5? Bes\u00f6k <a href=\"https:\/\/fumotxpress.de\/sv\/\"><strong>FumotXpress.de<\/strong><\/a>, Europas st\u00f6rsta online-plattform f\u00f6r eng\u00e5ngsvape, och f\u00e5 tag p\u00e5 Arymi Hookalit 40000 Puffs Uppladdningsbar Eng\u00e5ngsvape Pen idag.<\/p>","protected":false},"featured_media":2116,"comment_status":"open","ping_status":"closed","template":"","meta":{"om_disable_all_campaigns":false},"product_brand":[],"product_cat":[39,91,92,93,94,97,99,100,101,102,103,104,105,106,107,108,111,112,78,79,80,81,82,83,84,85,86,87,88,89,90,70,113,56,61,63,64,65,67,68],"product_tag":[],"class_list":{"0":"post-2115","1":"product","2":"type-product","3":"status-publish","4":"has-post-thumbnail","6":"product_cat-arymi-i-fun-28000-28k-puff","7":"product_cat-buy-best-disposable-vape-flavors","8":"product_cat-apple-flavor-disposable-vapes","9":"product_cat-blue-razz-flavor-disposable-vapes","10":"product_cat-blueberry-flavor-disposable-vapes","11":"product_cat-grape-flavor-disposable-vapes","12":"product_cat-ice-flavor-disposable-vapes","13":"product_cat-kiwi-flavor-disposable-vapes","14":"product_cat-lemon-flavor-disposable-vapes","15":"product_cat-lush-flavor-disposable-vapes","16":"product_cat-mango-flavor-disposable-vapes","17":"product_cat-mint-flavor-disposable-vapes","18":"product_cat-mixed-berries-flavor-disposable-vapes","19":"product_cat-passion-fruit-flavor-disposable-vapes","20":"product_cat-peach-flavor-disposable-vapes","21":"product_cat-pineapple-flavor-disposable-vapes","22":"product_cat-strawberry-flavor-disposable-vapes","23":"product_cat-watermelon-flavor-disposable-vapes","24":"product_cat-best-disposable-vape-in-europe","25":"product_cat-buy-disposable-vapes-in-austria","26":"product_cat-buy-disposable-vapes-in-belgium","27":"product_cat-buy-disposable-vapes-in-france","28":"product_cat-buy-disposable-vapes-in-germany","29":"product_cat-buy-disposable-vapes-in-italy","30":"product_cat-buy-disposable-vapes-in-netherlands","31":"product_cat-buy-disposable-vapes-in-norway","32":"product_cat-buy-disposable-vapes-in-poland","33":"product_cat-buy-disposable-vapes-in-portugal","34":"product_cat-buy-disposable-vapes-in-spain","35":"product_cat-buy-disposable-vapes-in-sweden","36":"product_cat-buy-disposable-vapes-in-switzerland","37":"product_cat-shop-disposable-vapes-by-puffs","38":"product_cat-40000-puff-disposable-vape","39":"product_cat-disposable-vape-types","40":"product_cat-big-puffs-disposable-vapes","41":"product_cat-digital-box-disposable-vapes","42":"product_cat-dual-mesh-disposable-vapes","43":"product_cat-lower-nicotine-disposable-vapes","44":"product_cat-rechargeable-disposable-vapes","45":"product_cat-shisha-hookah-disposable-vapes","47":"first","48":"instock","49":"shipping-taxable","50":"purchasable","51":"product-type-variable"},"_links":{"self":[{"href":"https:\/\/fumotxpress.de\/sv\/wp-json\/wp\/v2\/product\/2115","targetHints":{"allow":["GET"]}}],"collection":[{"href":"https:\/\/fumotxpress.de\/sv\/wp-json\/wp\/v2\/product"}],"about":[{"href":"https:\/\/fumotxpress.de\/sv\/wp-json\/wp\/v2\/types\/product"}],"replies":[{"embeddable":true,"href":"https:\/\/fumotxpress.de\/sv\/wp-json\/wp\/v2\/comments?post=2115"}],"wp:featuredmedia":[{"embeddable":true,"href":"https:\/\/fumotxpress.de\/sv\/wp-json\/wp\/v2\/media\/2116"}],"wp:attachment":[{"href":"https:\/\/fumotxpress.de\/sv\/wp-json\/wp\/v2\/media?parent=2115"}],"wp:term":[{"taxonomy":"product_brand","embeddable":true,"href":"https:\/\/fumotxpress.de\/sv\/wp-json\/wp\/v2\/product_brand?post=2115"},{"taxonomy":"product_cat","embeddable":true,"href":"https:\/\/fumotxpress.de\/sv\/wp-json\/wp\/v2\/product_cat?post=2115"},{"taxonomy":"product_tag","embeddable":true,"href":"https:\/\/fumotxpress.de\/sv\/wp-json\/wp\/v2\/product_tag?post=2115"}],"curies":[{"name":"wp","href":"https:\/\/api.w.org\/{rel}","templated":true}]}}