{"id":1723,"date":"2024-11-25T09:51:02","date_gmt":"2024-11-25T09:51:02","guid":{"rendered":"https:\/\/fumotxpress.de\/?post_type=product&#038;p=1723"},"modified":"2025-05-20T04:44:34","modified_gmt":"2025-05-20T04:44:34","slug":"europeiskt-lager-lavande-bm18000-puffar-kop-original-autentisk-uppladdningsbar-engangspenna-2","status":"publish","type":"product","link":"https:\/\/fumotxpress.de\/sv\/produkt\/europeiskt-lager-lavande-bm18000-puffar-kop-original-autentisk-uppladdningsbar-engangspenna-2\/","title":{"rendered":"Europeiskt lager Lavande BM18000 Puffs K\u00f6p Original \u00c4kta Uppfyllningsbar Eng\u00e5ngs Vape Pen"},"content":{"rendered":"<h2><strong>Lavande BM 18000 Puffs \u2013 Den ultimata eng\u00e5ngsvape-upplevelsen<\/strong><\/h2>\n<p>Om du letar efter en avancerad och effektiv vaping-upplevelse \u00e4r Lavande BM 18000 Puffs det ultimata valet f\u00f6r kr\u00e4sna vapers. Med sin sofistikerade design, banbrytande teknologi och imponerande funktioner st\u00e5r den som en av de b\u00e4sta uppladdningsbara eng\u00e5ngsvape-pennorna som finns tillg\u00e4ngliga idag. Som ett av de l\u00e4ngsta alternativen p\u00e5 marknaden erbjuder Lavande BM 18000 Puffs o\u00f6vertr\u00e4ffad prestanda, bekv\u00e4mlighet och smak som du kan lita p\u00e5.<\/p>\n<p>P\u00e5 <a href=\"https:\/\/fumotxpress.de\/sv\/\"><strong>FumotXpress.de<\/strong><\/a>, vi \u00e4r stolta \u00f6ver att erbjuda denna revolutionerande produkt tillsammans med ett brett utbud av premium eng\u00e5ngsvapepennor fr\u00e5n p\u00e5litliga m\u00e4rken som <strong>Al Fakher<\/strong>, <strong>Fizzy<\/strong>, <strong>OBEELAB HHC<\/strong>, <strong>Randm Fumot<\/strong>och <strong>SMPO DL02<\/strong>Oavsett om du \u00e4r en \u00e5terf\u00f6rs\u00e4ljare eller en vape-entusiast som s\u00f6ker h\u00f6gkvalitativa produkter, \u00e4r vi den st\u00f6rsta online-retailf\u00f6rs\u00e4ljningsplattformen f\u00f6r eng\u00e5ngsvape i Tyskland. Vi levererar direkt fr\u00e5n v\u00e5r <strong>Europeiskt lager<\/strong>, vilket s\u00e4kerst\u00e4ller att du f\u00e5r dina produkter snabbt - inom 3 till 7 dagar. V\u00e5r tj\u00e4nst \u00e4r anpassad f\u00f6r att m\u00f6ta detaljhandelsgruppers behov, utan minimikrav p\u00e5 best\u00e4llningskvantitet och \u00f6verkomliga priser som b\u00f6rjar vid bara en enhet.<\/p>\n<p>L\u00e5t oss f\u00f6rdjupa oss i de unika egenskaperna och f\u00f6rdelarna med Lavande BM 18000 Puffs.<\/p>\n<p><img loading=\"lazy\" decoding=\"async\" class=\"alignnone size-full wp-image-1788\" src=\"https:\/\/fumotxpress.de\/wp-content\/uploads\/2024\/11\/Lavande-BM18000\uff085\uff09.webp\" alt=\"Lavande-BM18000\uff08\" width=\"800\" height=\"800\" srcset=\"https:\/\/fumotxpress.de\/wp-content\/uploads\/2024\/11\/Lavande-BM18000\uff085\uff09.webp 800w, https:\/\/fumotxpress.de\/wp-content\/uploads\/2024\/11\/Lavande-BM18000\uff085\uff09-300x300.webp 300w, https:\/\/fumotxpress.de\/wp-content\/uploads\/2024\/11\/Lavande-BM18000\uff085\uff09-150x150.webp 150w, https:\/\/fumotxpress.de\/wp-content\/uploads\/2024\/11\/Lavande-BM18000\uff085\uff09-768x768.webp 768w, https:\/\/fumotxpress.de\/wp-content\/uploads\/2024\/11\/Lavande-BM18000\uff085\uff09-12x12.webp 12w, https:\/\/fumotxpress.de\/wp-content\/uploads\/2024\/11\/Lavande-BM18000\uff085\uff09-247x247.webp 247w, https:\/\/fumotxpress.de\/wp-content\/uploads\/2024\/11\/Lavande-BM18000\uff085\uff09-600x600.webp 600w, https:\/\/fumotxpress.de\/wp-content\/uploads\/2024\/11\/Lavande-BM18000\uff085\uff09-100x100.webp 100w\" sizes=\"auto, (max-width: 800px) 100vw, 800px\" \/><\/p>\n<h3>Lavande BM 18000 Puffs: Produktfunktioner &amp; Prestanda<\/h3>\n<p>Lavande BM 18000 Puffs \u00e4r en enast\u00e5ende uppladdningsbar disponibel vapepenna som levererar en extraordin\u00e4r \u00e5ngupplevelse. H\u00e4r \u00e4r en detaljerad titt p\u00e5 vad som g\u00f6r denna enhet till ett m\u00e5ste f\u00f6r \u00e5ngentusiaster:<\/p>\n<ul>\n<li><strong>F\u00f6rfylld E-Liquid Kapacitet<\/strong>: Lavande BM kommer med en 24ml f\u00f6rfylld e-v\u00e4tskekapacitet, vilket s\u00e4kerst\u00e4ller att du har tillr\u00e4ckligt med juice f\u00f6r att r\u00e4cka dig en l\u00e5ng stund utan att beh\u00f6va fylla p\u00e5 ofta.<\/li>\n<li><strong>L\u00e5ngvariga Puffar<\/strong>Med imponerande 18 000 bloss ger denna enhet en l\u00e5ngvarig vapingupplevelse, ideal f\u00f6r b\u00e5de tillf\u00e4lliga och dagliga vapers. Du beh\u00f6ver inte oroa dig f\u00f6r att byta ut enheten konstant.<\/li>\n<li><strong>Uppladdningsbar och H\u00e5llbar<\/strong>: Till skillnad fr\u00e5n traditionella eng\u00e5ngsvape-produkter som \u00e4r utformade f\u00f6r eng\u00e5ngsbruk, kan Lavande BM laddas om via <strong>USB Type-C<\/strong>, minska avfallet och ge dig mer v\u00e4rde f\u00f6r dina pengar.<\/li>\n<li><strong>Mesh-spolv\u00e4rme-teknik<\/strong>: Utrustad med 6x mesh-spolar f\u00f6rb\u00e4ttrar denna vape-pen smak och \u00e5ngkvalitet och levererar sl\u00e4ta och rika moln vid varje puff. Mesh-v\u00e4rmesystemet s\u00e4kerst\u00e4ller konsistens och h\u00f6g prestanda.<\/li>\n<li><strong>Batterikapacitet<\/strong>: En robust 650mAh batteri driver enheten, vilket erbjuder gott om anv\u00e4ndning mellan laddningarna. Den \u00e4r optimerad f\u00f6r att h\u00e5lla under de 18 000 blossningarna, vilket ger effektiv och stabil prestanda.<\/li>\n<li><strong>Teckenaktiverad drift<\/strong>Lavande BM 18000 Puffs \u00e4r otroligt anv\u00e4ndarv\u00e4nlig. Den utandningsaktiverade funktionen inneb\u00e4r att du inte beh\u00f6ver trycka p\u00e5 n\u00e5gra knappar; helt enkelt andas in, s\u00e5 aktiveras enheten automatiskt och levererar omedelbar tillfredsst\u00e4llelse.<\/li>\n<li><strong>Anpassning<\/strong>: Oavsett om du f\u00f6redrar en standard e-cigarettupplevelse eller vill \u00f6ka smaken, har enheten funktioner f\u00f6r <strong>Normal l\u00e4ge<\/strong> och <strong>Turbol\u00e4ge<\/strong>. Boost-l\u00e4get intensifierar smaken f\u00f6r dem som tycker om en kraftigare effekt.<\/li>\n<li><strong>Bildsk\u00e4rm<\/strong>: Enheten har en <strong>3,0\u201d Full HD Mega-sk\u00e4rm<\/strong>, s\u00e5 att du kan \u00f6vervaka viktig information som puffantal, batteriets livsl\u00e4ngd och enhetsinst\u00e4llningar enkelt. Denna tillagda funktionalitet g\u00f6r vape-upplevelsen mer anv\u00e4ndarv\u00e4nlig och effektiv.<\/li>\n<\/ul>\n<h3>Varf\u00f6r v\u00e4lja Lavande BM 18000 Puffs?<\/h3>\n<ol>\n<li><strong>L\u00e5ngsiktig Vapning Njutning<\/strong>Med 18 000 bloss \u00e4r Lavande BM konstruerad f\u00f6r att h\u00e5lla l\u00e4nge, s\u00e5 att du inte beh\u00f6ver oroa dig f\u00f6r t\u00e4ta utbyten. Oavsett om du f\u00f6r\u00e5ngar d\u00e5 och d\u00e5 eller som en del av din dagliga rutin, \u00e4r denna enhet byggd f\u00f6r att leverera en ut\u00f6kad f\u00f6r\u00e5ngningsupplevelse utan kompromisser.<\/li>\n<li><strong>Premium Smak och \u00c5ngkvalitet<\/strong>: 6x mesh coil-tekniken g\u00f6r en m\u00e4rkbar skillnad i kvaliteten p\u00e5 \u00e5nga och smak. Oavsett om du \u00e4r ett fan av fruktiga, mentol- eller dessertsmaker, ger Lavande BM j\u00e4mna, tillfredsst\u00e4llande moln som \u00e4r konsekvent njutbara.<\/li>\n<li><strong>Uppladdningsbarhet<\/strong>: Den uppladdningsbara funktionen g\u00f6r Lavande BM annorlunda j\u00e4mf\u00f6rt med vanliga eng\u00e5ngsvape-produkter. Den erbjuder h\u00e5llbarhet och bekv\u00e4mlighet, reducerar avfall utan att kompromissa med prestanda. En snabb uppladdning s\u00e4kerst\u00e4ller att du alltid \u00e4r redo f\u00f6r din n\u00e4sta vape-session.<\/li>\n<li><strong>Anv\u00e4ndarv\u00e4nlig upplevelse<\/strong>: Designad med enkelhet i \u00e5tanke, \u00e4r den ritaktiverade driften perfekt f\u00f6r b\u00e5de nyb\u00f6rjare och erfarna vapers. Tillsatsen av en <strong>Boost-l\u00e4ge<\/strong> g\u00f6r det m\u00f6jligt f\u00f6r dig att justera intensiteten p\u00e5 din vape s\u00e5 att den matchar dina \u00f6nskem\u00e5l.<\/li>\n<li><strong>Snabb och effektiv laddning<\/strong>Tack vare <strong>USB Type-C<\/strong> Laddning, Lavande BM laddas snabbt, vilket minimerar driftstopp och maximerar ditt vape-n\u00f6je. Den \u00e4r ideal f\u00f6r vape-anv\u00e4ndare p\u00e5 spr\u00e5ng som beh\u00f6ver sin enhet redo s\u00e5 snabbt som m\u00f6jligt.<\/li>\n<li><strong>Snygg och modern design<\/strong>Med sin eleganta, portabla och diskreta design ser Lavande BM 18000 Puffs lika bra ut som den fungerar. Det \u00e4r den perfekta enheten att ha i fickan eller v\u00e4skan utan att dra till sig uppm\u00e4rksamhet, och erbjuder en sofistikerad vape-upplevelse n\u00e4r som helst, var som helst.<\/li>\n<\/ol>\n<h3>Smakprofil f\u00f6r Lavande BM 18000 Puffs<\/h3>\n<p>Lavande BM 18000 Puffs erbjuder ett brett urval av l\u00e4ckra smaker som tillgodoser olika preferenser. F\u00f6ljande smaker \u00e4r bara n\u00e5gra exempel p\u00e5 vad du kan njuta av:<\/p>\n<ol>\n<li><strong>Bl\u00e5b\u00e4r<\/strong><br \/>\nNjut av den uppfriskande, syrliga s\u00f6tman av mogna bl\u00e5b\u00e4r i varje puff. Denna smak erbjuder en j\u00e4mn och s\u00f6t b\u00e4rsmak med en l\u00e4tt syrlighet som f\u00e5r dig att komma tillbaka f\u00f6r mer. Perfekt f\u00f6r fans av fruktiga, uppfriskande vapes.<\/li>\n<li><strong>Hallon<\/strong><br \/>\nEn syrlig och livlig hallon smak, detta alternativ ger perfekt balans mellan s\u00f6ta och syrliga toner. Den \u00e4r ideal f\u00f6r de som uppskattar dj\u00e4rva fruktsmaker som \u00e4r b\u00e5de uppfriskande och tillfredsst\u00e4llande.<\/li>\n<li><strong>Lavendel Bliss<\/strong><br \/>\nEn floralt och lugnande smak med en touch av s\u00f6tma, <strong>Lavendel Bliss<\/strong> erbjuder en unik lugnande upplevelse. Dess \u00f6rtartade, aromatiska egenskaper g\u00f6r den till ett fantastiskt val f\u00f6r dem som njuter av delikata, doftande smaker.<\/li>\n<li><strong>Tropisk Brisa<\/strong><br \/>\nDenna exotiska blandning kombinerar en m\u00e4ngd tropiska frukter, inklusive mango, ananas och papaya. Det \u00e4r en s\u00f6t, saftig kombination som transporterar dina smakl\u00f6kar till ett varmt, solbadat paradis med varje puff.<\/li>\n<li><strong>Mintigt Fr\u00e4scht<\/strong><br \/>\nKyligt och friskt, <strong>Mintigt Fr\u00e4scht<\/strong> erbjuder en uppfriskande mentolerfarenhet. Det \u00e4r det perfekta valet f\u00f6r mint\u00e4lskare och erbjuder en skarp, ren smak med en kylig finish som l\u00e4mnar din mun k\u00e4nsla uppfriskad.<\/li>\n<li><strong>Islemonad<\/strong><br \/>\nDen syrliga smaken av citronad kombineras med en kylig mentolfinish och skapar en uppfriskande, krispig vape som \u00e4r perfekt f\u00f6r en varm sommardag. Det \u00e4r en uppiggande blandning som balanserar citrusnoter med iskyla friskhet.<\/li>\n<li><strong>Druvfusion<\/strong><br \/>\nEn saftig och s\u00f6t vindruvs smak som \u00e4r b\u00e5de dj\u00e4rv och tillfredsst\u00e4llande. The <strong>Druvfusion<\/strong> levererar en fyllig, naturlig druvsmak, vilket g\u00f6r den perfekt f\u00f6r de som njuter av rikheten hos fruktiga vapes.<\/li>\n<\/ol>\n<h3>Hur du k\u00f6per Lavande BM 18000 Puffs<\/h3>\n<p>N\u00e4r du \u00e4r redo att uppgradera din vape-upplevelse kan du bekv\u00e4mt k\u00f6pa den <a href=\"https:\/\/fumotxpress.de\/sv\/\"><strong>Lavande BM 18000 Puffs<\/strong> <\/a>och andra premium eng\u00e5ngsvapepennor direkt fr\u00e5n <strong>FumotXpress.de<\/strong>V\u00e5r plattform erbjuder:<\/p>\n<ul>\n<li><strong>Ingen minimiorderkvantitet<\/strong>: Du kan best\u00e4lla s\u00e5 f\u00e5 som en enhet, vilket g\u00f6r det enkelt f\u00f6r b\u00e5de \u00e5terf\u00f6rs\u00e4ljare och enskilda k\u00f6pare att fylla p\u00e5 med sina favoritprodukter.<\/li>\n<li><strong>Snabb Leverans<\/strong>: Vi skickar direkt fr\u00e5n v\u00e5r <a href=\"https:\/\/fumotxpress.de\/sv\/\"><strong>Europeiskt lager<\/strong><\/a>, och s\u00e4kerst\u00e4ller att din best\u00e4llning ankommer inom 3-7 dagar.<\/li>\n<li><strong>Konkurrenskraftiga priser<\/strong>: Som den st\u00f6rsta onlineplattformen f\u00f6r detaljhandelsf\u00f6rs\u00e4ljning av eng\u00e5ngsvape-produkter i Tyskland erbjuder vi de b\u00e4sta priserna p\u00e5 marknaden f\u00f6r h\u00f6gkvalitativa produkter.<\/li>\n<\/ul>\n<p>Njut av bekv\u00e4mligheten med att shoppa med oss och upplev premium eng\u00e5ngsvape som levereras direkt till din d\u00f6rrtr\u00f6skel. Missa inte chansen att <strong>Lavande BM 18000 Puffs<\/strong>\u2014K\u00f6p nu och ta din vapingupplevelse till n\u00e4sta niv\u00e5.<\/p>","protected":false},"excerpt":{"rendered":"<p>K\u00f6p <strong>Lavande BM 18000 Puffs uppladdningsbar eng\u00e5ngsvapepenna<\/strong> med bl\u00e5b\u00e4rs- och hallon-smaker. Njut av l\u00e5ngvarig, smakfull vaping med snabb leverans fr\u00e5n v\u00e5rt europeiska lager.<\/p>","protected":false},"featured_media":2190,"comment_status":"open","ping_status":"closed","template":"","meta":{"om_disable_all_campaigns":false},"product_brand":[],"product_cat":[54,91,92,94,97,99,101,103,104,107,108,109,111,112,78,79,80,81,82,83,84,85,86,87,88,89,90,70,115,56,61,63,65,67],"product_tag":[],"class_list":{"0":"post-1723","1":"product","2":"type-product","3":"status-publish","4":"has-post-thumbnail","6":"product_cat-lavande-disposable-vapes","7":"product_cat-buy-best-disposable-vape-flavors","8":"product_cat-apple-flavor-disposable-vapes","9":"product_cat-blueberry-flavor-disposable-vapes","10":"product_cat-grape-flavor-disposable-vapes","11":"product_cat-ice-flavor-disposable-vapes","12":"product_cat-lemon-flavor-disposable-vapes","13":"product_cat-mango-flavor-disposable-vapes","14":"product_cat-mint-flavor-disposable-vapes","15":"product_cat-peach-flavor-disposable-vapes","16":"product_cat-pineapple-flavor-disposable-vapes","17":"product_cat-raspberry-flavor-disposable-vapes","18":"product_cat-strawberry-flavor-disposable-vapes","19":"product_cat-watermelon-flavor-disposable-vapes","20":"product_cat-best-disposable-vape-in-europe","21":"product_cat-buy-disposable-vapes-in-austria","22":"product_cat-buy-disposable-vapes-in-belgium","23":"product_cat-buy-disposable-vapes-in-france","24":"product_cat-buy-disposable-vapes-in-germany","25":"product_cat-buy-disposable-vapes-in-italy","26":"product_cat-buy-disposable-vapes-in-netherlands","27":"product_cat-buy-disposable-vapes-in-norway","28":"product_cat-buy-disposable-vapes-in-poland","29":"product_cat-buy-disposable-vapes-in-portugal","30":"product_cat-buy-disposable-vapes-in-spain","31":"product_cat-buy-disposable-vapes-in-sweden","32":"product_cat-buy-disposable-vapes-in-switzerland","33":"product_cat-shop-disposable-vapes-by-puffs","34":"product_cat-18000-puff-disposable-vape","35":"product_cat-disposable-vape-types","36":"product_cat-big-puffs-disposable-vapes","37":"product_cat-digital-box-disposable-vapes","38":"product_cat-lower-nicotine-disposable-vapes","39":"product_cat-rechargeable-disposable-vapes","41":"first","42":"outofstock","43":"shipping-taxable","44":"product-type-variable"},"_links":{"self":[{"href":"https:\/\/fumotxpress.de\/sv\/wp-json\/wp\/v2\/product\/1723","targetHints":{"allow":["GET"]}}],"collection":[{"href":"https:\/\/fumotxpress.de\/sv\/wp-json\/wp\/v2\/product"}],"about":[{"href":"https:\/\/fumotxpress.de\/sv\/wp-json\/wp\/v2\/types\/product"}],"replies":[{"embeddable":true,"href":"https:\/\/fumotxpress.de\/sv\/wp-json\/wp\/v2\/comments?post=1723"}],"wp:featuredmedia":[{"embeddable":true,"href":"https:\/\/fumotxpress.de\/sv\/wp-json\/wp\/v2\/media\/2190"}],"wp:attachment":[{"href":"https:\/\/fumotxpress.de\/sv\/wp-json\/wp\/v2\/media?parent=1723"}],"wp:term":[{"taxonomy":"product_brand","embeddable":true,"href":"https:\/\/fumotxpress.de\/sv\/wp-json\/wp\/v2\/product_brand?post=1723"},{"taxonomy":"product_cat","embeddable":true,"href":"https:\/\/fumotxpress.de\/sv\/wp-json\/wp\/v2\/product_cat?post=1723"},{"taxonomy":"product_tag","embeddable":true,"href":"https:\/\/fumotxpress.de\/sv\/wp-json\/wp\/v2\/product_tag?post=1723"}],"curies":[{"name":"wp","href":"https:\/\/api.w.org\/{rel}","templated":true}]}}