{"id":1009,"date":"2024-11-07T06:29:10","date_gmt":"2024-11-07T06:29:10","guid":{"rendered":"https:\/\/fumotxpress.de\/?post_type=product&#038;p=1009"},"modified":"2025-05-23T07:04:07","modified_gmt":"2025-05-23T07:04:07","slug":"europeiskt-lager-fumot-randm-tornado-15000-puffar-lag-nikotinhalt-kop-original-autentisk-uppladdningsbar-engangspenna","status":"publish","type":"product","link":"https:\/\/fumotxpress.de\/sv\/produkt\/europeiskt-lager-fumot-randm-tornado-15000-puffar-lag-nikotinhalt-kop-original-autentisk-uppladdningsbar-engangspenna\/","title":{"rendered":"Europ\u00e9iskt lager Fumot RandM Tornado 15000 Puffs L\u00e5g Nikotin K\u00f6p Original Autentisk \u00c5teranv\u00e4ndbar Eng\u00e5ngs Vape Pen"},"content":{"rendered":"<h2><strong>Europeiskt lager Fumot RandM Tornado 15000 Puffs disponibel vapepenna \u2013 En ny era inom vaping<\/strong><\/h2>\n<div style=\"width: 1020px;\" class=\"wp-video\"><!--[if lt IE 9]><script>document.createElement('video');<\/script><![endif]-->\n<video class=\"wp-video-shortcode\" id=\"video-1009-1\" width=\"1020\" height=\"574\" preload=\"metadata\" controls=\"controls\"><source type=\"video\/mp4\" src=\"https:\/\/fumotxpress.de\/wp-content\/uploads\/2024\/11\/tornado-15000-\u89c6\u9891-\u538b\u7f29\u7248.mp4?_=1\" \/><a href=\"https:\/\/fumotxpress.de\/wp-content\/uploads\/2024\/11\/tornado-15000-\u89c6\u9891-\u538b\u7f29\u7248.mp4\">https:\/\/fumotxpress.de\/wp-content\/uploads\/2024\/11\/tornado-15000-\u89c6\u9891-\u538b\u7f29\u7248.mp4<\/a><\/video><\/div>\n<p>Uppt\u00e4ck framtiden f\u00f6r vaping med <a href=\"https:\/\/fumotxpress.de\/sv\/produkt\/europeiskt-lager-fumot-randm-tornado-15000-puffar-lag-nikotinhalt-kop-original-autentisk-uppladdningsbar-engangspenna\/\"><strong>Fumot RandM Tornado 15000 Puffs Disposable Vape Pen<\/strong>,<\/a> nu tillg\u00e4nglig exklusivt p\u00e5 <strong>FumotXpress.de<\/strong>\u2014den ledande online-retailplattformen f\u00f6r eng\u00e5ngsvape-produkter i Tyskland. Genom att kombinera banbrytande teknologi, exceptionell bekv\u00e4mlighet och ett brett utbud av tillfredsst\u00e4llande smaker \u00e4r RandM Tornado 15000 Puffs utformad f\u00f6r att ge en o\u00f6vertr\u00e4ffad vape-upplevelse.<\/p>\n<p>Om du letar efter en h\u00f6gpresterande, l\u00e4ttanv\u00e4nd enhet som levererar konsekvent smak, l\u00e5ngvarig anv\u00e4ndning och en stilren design, s\u00e5 leta inte l\u00e4ngre. Fumot RandM Tornado \u00e4r din b\u00e4sta l\u00f6sning f\u00f6r en premium disponibel vape som passar b\u00e5de nya vapers och erfarna entusiaster.<\/p>\n<h3>Fumot RandM Tornado 15000 Puffs \u2013 Produkt\u00f6versikt<\/h3>\n<p>Den <a href=\"https:\/\/fumotxpress.de\/sv\/\"><strong>Fumot RandM Tornado 15000 Puffs<\/strong> <\/a>\u00e4r inte bara en annan eng\u00e5ngsvape; det \u00e4r en revolution i bekv\u00e4mlighet och prestanda. Med en massiv <strong>15 000 bloss<\/strong> Kapacitet, denna enhet ger mer \u00e4n tillr\u00e4ckligt med \u00e5ngnings n\u00f6je utan frekventa uppladdningar eller p\u00e5fyllningar. Designad med b\u00e5de estetik och funktion i \u00e5tanke, har RandM Tornado en snygg design, premiumfunktioner och ett fantastiskt urval av smaker, allt inhyst i en kompakt och l\u00e4tt penna-liknande enhet.<\/p>\n<ul>\n<li><strong>850mAh Uppladdningsbar Batteri<\/strong>Denna enhet har ett l\u00e5ngvarigt batteri, vilket s\u00e4kerst\u00e4ller att varje \u00e5ngnings session \u00e4r lika njutbar som den sista. Med <strong>Typ-C-laddning<\/strong> F\u00f6r snabbare uppladdning kan du snabbt ladda upp din enhet f\u00f6r en oavbruten upplevelse.<\/li>\n<li><strong>25ml E-Liquid Kapacitet<\/strong>: RandM Tornados gener\u00f6sa e-v\u00e4tskreservoir inneb\u00e4r att du inte beh\u00f6ver oroa dig f\u00f6r att st\u00e4ndigt byta ut eller fylla p\u00e5 din enhet. Denna stora kapacitet s\u00e4kerst\u00e4ller att du f\u00e5r ut det mesta av din vape-upplevelse.<\/li>\n<li><strong>0,90hm Mesh Coil Teknologi<\/strong>Med denna avancerade spoleteknik f\u00e5r du konsekvent \u00e5ngproduktion och rika smakprofiler med varje puff. Oavsett om du \u00e4r p\u00e5 hum\u00f6r f\u00f6r en fruktig explosion eller en sval mentolexperiensis, garanterar mesh-spolen j\u00e4mna och smakrika moln.<\/li>\n<li><strong>Justerbar Luftfl\u00f6deskontroll<\/strong>Denna funktion l\u00e5ter dig finjustera din vape-upplevelse f\u00f6r att passa dina personliga preferenser. Oavsett om du njuter av en tightare dragning f\u00f6r en mer intensiv smak eller en l\u00f6sare inandning f\u00f6r en j\u00e4mnare upplevelse, g\u00f6r den justerbara luftfl\u00f6deskontrollen det enkelt.<\/li>\n<li><strong>RGB-ljusindikator<\/strong>: RGB-ljuset f\u00f6rb\u00e4ttrar inte bara enheten stilrena utseende, utan indikerar ocks\u00e5 den aktuella batteristatusen. Njut av ett till visuellt element till din \u00e5ngupplevelse, vare sig du \u00e4r ute med v\u00e4nner eller kopplar av hemma.<\/li>\n<\/ul>\n<p>Med alla dessa kraftfulla funktioner kombinerade, <strong>Fumot RandM Tornado 15000 Puffs<\/strong> levererar en enast\u00e5ende vapingupplevelse fr\u00e5n f\u00f6rsta till sista puff.<\/p>\n<h3>Fumot RandM Tornado 15000 Puffs Disposable Vape huvuddragen<\/h3>\n<ul>\n<li><strong>850mAh Batteri<\/strong>: S\u00e4kerst\u00e4ller l\u00e5ngvarig anv\u00e4ndning utan frekvent uppladdning.<\/li>\n<li><strong>25ml E-v\u00e4tskekapacitet<\/strong>: Erbjuder en gener\u00f6s m\u00e4ngd e-v\u00e4tska f\u00f6r ut\u00f6kade sessioner.<\/li>\n<li><strong>Upp till 15000 Puffs<\/strong>: Erbjuder en exceptionellt l\u00e5ng livsl\u00e4ngd j\u00e4mf\u00f6rt med de flesta eng\u00e5ngsvape-produkter.<\/li>\n<li><strong>0,90hm Mesh Coil<\/strong>: Levererar j\u00e4mn, rik \u00e5nga med konsekvent smak.<\/li>\n<li><strong>Typ-C laddningsport<\/strong>: M\u00f6jligg\u00f6r snabbt och effektivt laddning.<\/li>\n<li><strong>Justerbar Luftfl\u00f6deskontroll<\/strong>: Anpassa din dragning f\u00f6r en personlig \u00e5ngupplevelse.<\/li>\n<li><strong>RGB-ljusindikator<\/strong>: L\u00e4gg till en visuell effekt och visar batteristatus.<\/li>\n<li><\/li>\n<\/ul>\n<h3>Djupg\u00e5ende smakprofil \u2013 En smakexplosion i varje puff<\/h3>\n<p>Vad skiljer <strong>Fumot RandM Tornado 15000 Puffs<\/strong> Bortsett fr\u00e5n andra eng\u00e5ngsvape-produkter \u00e4r det den stora och sp\u00e4nnande urvalet av smaker. Designad f\u00f6r att tillgodose varje smakpreferens kommer Tornado 15000 med en samling p\u00e5 41 distinkta smaker, var och en noggrant utformad f\u00f6r att s\u00e4kerst\u00e4lla en rik, tillfredsst\u00e4llande vape. Fr\u00e5n fruktiga blandningar till isiga mentoler, finns det n\u00e5got f\u00f6r alla.<\/p>\n<p>H\u00e4r \u00e4r en uppdelning av n\u00e5gra av de enast\u00e5ende smaker du kan njuta av:<\/p>\n<p><strong>Bl\u00e5 Razz Lemonad<\/strong><br \/>\nEn perfekt kombination av syrlig citronad och s\u00f6t bl\u00e5 hallon, denna smak sl\u00e5r den ideala balansen mellan uppfriskande och fruktig. Citrusens sk\u00e4rpa av citronad kompletterar den sl\u00e4ta s\u00f6tman av bl\u00e5 hallon, och levererar en livlig, kryddig upplevelse.<\/p>\n<p><strong>2. Persika Glass<\/strong><br \/>\nF\u00f6r \u00e4lskare av saftiga, fruktiga smaker, <strong>Persika Glass<\/strong> \u00e4r en riktig hit. S\u00f6tman fr\u00e5n mogna persikor kombineras med en sval mentholfinish, vilket ger en uppfriskande och st\u00e4rkande vape som \u00e4r perfekt f\u00f6r alla tider p\u00e5 dagen.<\/p>\n<p><strong>3. Syrlig \u00c4pple<\/strong><br \/>\nOm du \u00e4r ute efter n\u00e5got dj\u00e4rvt, s\u00e5 <strong>Sur \u00c4pple<\/strong> smak \u00e4r ett m\u00e5ste att prova. Denna syrliga, tart vape f\u00e5ngar essensen av gr\u00f6na \u00e4pplen med en extra vridning av syra som kommer att excitera dina smakl\u00f6kar med varje puff.<\/p>\n<p><strong>4. Vattenmelonssorbet<\/strong><br \/>\nNjut av den s\u00f6ta och \u00e5terfuktande smaken av vattenmelon, kompletterad av den isiga finishen av mentol. <strong>Vattenmelon Glass<\/strong> \u00e4r den perfekta sommarsmaken som kyler dig med varje tillfredsst\u00e4llande inandning.<\/p>\n<p><strong>5. Bl\u00e5b\u00e4r p\u00e5 is<\/strong><br \/>\nDen <strong>Bl\u00e5b\u00e4r p\u00e5 is<\/strong> smak erbjuder en perfekt blandning av mogna, s\u00f6ta bl\u00e5b\u00e4r med ett till\u00e4gg av iskyrlig friskhet. Denna balans mellan b\u00e4r och mentol skapar en uppfriskande och s\u00f6t \u00e5ngningsupplevelse.<\/p>\n<p><strong>6. Druvglass<\/strong><br \/>\nEn favorit bland fans, <strong>Drueis<\/strong> Kombinerar den rika, aromatiska smaken av mogna druvor med en sval mentolfinish. Denna smak levererar den perfekta fusionen av s\u00f6tma och svalka, vilket g\u00f6r den till ett uppfriskande val f\u00f6r vapers som njuter av b\u00e5de fruktiga och mintiga toner.<\/p>\n<p>Med ett urval av 41 smaker, <strong>Fumot RandM Tornado 15000 Puffs<\/strong> garanterar att du aldrig kommer att bli uttr\u00e5kad av din vape. Oavsett om du f\u00f6redrar fruktiga, uppfriskande, syrliga eller s\u00f6ta smaker, s\u00e5 har denna enhet dig t\u00e4ckt.<\/p>\n<h3>Varf\u00f6r v\u00e4lja Fumot RandM Tornado 15000 Puffs disponibel vape?<\/h3>\n<p>Den <strong>Fumot RandM Tornado 15000 Puffs<\/strong> \u00e4r byggd med bekv\u00e4mlighet, stil och prestanda i \u00e5tanke. H\u00e4r \u00e4r varf\u00f6r den sticker ut:<\/p>\n<ul>\n<li><strong>Omatchad bekv\u00e4mlighet<\/strong>: Utan behov av p\u00e5fyllning eller underh\u00e5ll kan du helt enkelt njuta av din enhet tills den \u00e4r slut, och sedan g\u00f6ra av med den p\u00e5 ett ansvarsfullt s\u00e4tt. Detta \u00e4r den ultimata problemfria vape-upplevelsen.<\/li>\n<li><strong>H\u00e5llbarhet<\/strong>Trots att det \u00e4r en eng\u00e5ngsvape, \u00e4r den <strong>Tornado 15000<\/strong> \u00e4r konstruerad f\u00f6r att h\u00e5lla l\u00e4ngre \u00e4n de flesta andra och erbjuder ett \u00f6verl\u00e4gset v\u00e4rde med f\u00e4rre utbyten som beh\u00f6vs.<\/li>\n<li><strong>Styliserad design<\/strong>: Den eleganta kroppen, i kombination med det anpassningsbara RGB-ljuset, ger enheten ett modernt, stilrent utseende som kompletterar dess exceptionella prestanda.<\/li>\n<li><strong>Anpassningsbar upplevelse<\/strong>: Den justerbara luftfl\u00f6det l\u00e5ter dig anpassa din dragning, s\u00e5 att varje puff blir precis som du vill ha den.<\/li>\n<li><strong>Exklusiv tillg\u00e4nglighet<\/strong>: Endast tillg\u00e4nglig p\u00e5 <a href=\"https:\/\/fumotxpress.de\/sv\/\"><strong>FumotXpress.de<\/strong><\/a>, Tysklands st\u00f6rsta onlineplattform f\u00f6r eng\u00e5ngsvape, kan du vara s\u00e4ker p\u00e5 att du f\u00e5r en h\u00f6gkvalitativ produkt.<\/li>\n<\/ul>\n<h3>K\u00f6p nu Fumot RandM Tornado 15000 Puffs disponibel vape<\/h3>\n<p>Upplev det b\u00e4sta inom vaping med <strong>Fumot RandM Tornado 15000 Puffs<\/strong> Eng\u00e5ngs Vape. Endast tillg\u00e4nglig p\u00e5 <strong>FumotXpress.de<\/strong>Du kommer att njuta av snabb leverans fr\u00e5n v\u00e5rt europeiska lager till din d\u00f6rr, vanligtvis inom 3-7 dagar. Utan krav p\u00e5 minimiorder kan du k\u00f6pa s\u00e5 m\u00e5nga du beh\u00f6ver med l\u00e4tthet.<\/p>\n<p>Bl\u00e4ddra igenom v\u00e5rt fulla utbud av premium eng\u00e5ngsvape-produkter och utforska andra ledande m\u00e4rken, inklusive <strong>Al Fakher<\/strong>, <strong>Fizzy<\/strong>, <strong>OBEELAB HHC<\/strong>och <strong>SMPO DL02<\/strong>Oavsett om du \u00e4r en detaljhandelsgrupp eller en enskild vape-anv\u00e4ndare, <strong>FumotXpress.de<\/strong> \u00e4r din one-stop-shop f\u00f6r alla dina behov av eng\u00e5ngsvape-produkter. V\u00e4nta inte - best\u00e4ll din <strong>Fumot RandM Tornado 15000 Puffs<\/strong> Idag och upplev den ultimata \u00e5ngningsupplevelsen.<\/p>\n<h3>Slutsats<\/h3>\n<p>Den <strong>Fumot RandM Tornado 15000 Puffs<\/strong> F\u00f6rbrukningsbart E-Cigaretter erbjuder allt en vaper kan \u00f6nska: l\u00e5ngvarighet, prestanda, smak och stil. Oavsett om du just har b\u00f6rjat din resa inom vaping eller letar efter att uppgradera din nuvarande enhet, s\u00e4kerst\u00e4ller denna f\u00f6rbrukningsbara vape en exceptionell upplevelse med varje puff. K\u00f6p nu fr\u00e5n <a href=\"https:\/\/fumotxpress.de\/sv\/\"><strong>FumotXpress.de<\/strong> <\/a>och njut av snabb och tillf\u00f6rlitlig leverans fr\u00e5n v\u00e5rt europeiska lager.<img loading=\"lazy\" decoding=\"async\" class=\"alignnone size-full wp-image-1011\" src=\"https:\/\/fumotxpress.de\/wp-content\/uploads\/2024\/11\/Fumot-RandM-Tornado-15000-1-2048x1313-1.webp\" alt=\"Fumot-RandM-Tornado-15000-\" width=\"2048\" height=\"1313\" srcset=\"https:\/\/fumotxpress.de\/wp-content\/uploads\/2024\/11\/Fumot-RandM-Tornado-15000-1-2048x1313-1.webp 2048w, https:\/\/fumotxpress.de\/wp-content\/uploads\/2024\/11\/Fumot-RandM-Tornado-15000-1-2048x1313-1-600x385.webp 600w, https:\/\/fumotxpress.de\/wp-content\/uploads\/2024\/11\/Fumot-RandM-Tornado-15000-1-2048x1313-1-300x192.webp 300w, https:\/\/fumotxpress.de\/wp-content\/uploads\/2024\/11\/Fumot-RandM-Tornado-15000-1-2048x1313-1-1024x657.webp 1024w, https:\/\/fumotxpress.de\/wp-content\/uploads\/2024\/11\/Fumot-RandM-Tornado-15000-1-2048x1313-1-768x492.webp 768w, https:\/\/fumotxpress.de\/wp-content\/uploads\/2024\/11\/Fumot-RandM-Tornado-15000-1-2048x1313-1-1536x985.webp 1536w\" sizes=\"auto, (max-width: 2048px) 100vw, 2048px\" \/><\/p>","protected":false},"excerpt":{"rendered":"<p>Handla <strong>Fumot RandM Tornado 15000 Puffs Disposable Vape Pen<\/strong> med l\u00e5gt nikotin, uppladdningsbar design och 41 l\u00e4ckra smaker. K\u00f6p original, \u00e4kta vapes fr\u00e5n FumotXpress.de och njut av snabb leverans \u00f6ver hela Europa!<\/p>","protected":false},"featured_media":1013,"comment_status":"open","ping_status":"closed","template":"","meta":{"om_disable_all_campaigns":false},"product_brand":[],"product_cat":[24,91,92,93,94,95,96,97,98,99,100,101,102,103,104,106,107,108,109,111,112,78,79,80,81,82,83,84,85,86,87,88,89,90,70,74,56,61,63,65,67,69],"product_tag":[],"class_list":{"0":"post-1009","1":"product","2":"type-product","3":"status-publish","4":"has-post-thumbnail","6":"product_cat-fumot-tornado-disposable-vapes","7":"product_cat-buy-best-disposable-vape-flavors","8":"product_cat-apple-flavor-disposable-vapes","9":"product_cat-blue-razz-flavor-disposable-vapes","10":"product_cat-blueberry-flavor-disposable-vapes","11":"product_cat-cherry-flavor-disposable-vapes","12":"product_cat-cola-flavor-disposable-vapes","13":"product_cat-grape-flavor-disposable-vapes","14":"product_cat-guava-flavor-disposable-vapes","15":"product_cat-ice-flavor-disposable-vapes","16":"product_cat-kiwi-flavor-disposable-vapes","17":"product_cat-lemon-flavor-disposable-vapes","18":"product_cat-lush-flavor-disposable-vapes","19":"product_cat-mango-flavor-disposable-vapes","20":"product_cat-mint-flavor-disposable-vapes","21":"product_cat-passion-fruit-flavor-disposable-vapes","22":"product_cat-peach-flavor-disposable-vapes","23":"product_cat-pineapple-flavor-disposable-vapes","24":"product_cat-raspberry-flavor-disposable-vapes","25":"product_cat-strawberry-flavor-disposable-vapes","26":"product_cat-watermelon-flavor-disposable-vapes","27":"product_cat-best-disposable-vape-in-europe","28":"product_cat-buy-disposable-vapes-in-austria","29":"product_cat-buy-disposable-vapes-in-belgium","30":"product_cat-buy-disposable-vapes-in-france","31":"product_cat-buy-disposable-vapes-in-germany","32":"product_cat-buy-disposable-vapes-in-italy","33":"product_cat-buy-disposable-vapes-in-netherlands","34":"product_cat-buy-disposable-vapes-in-norway","35":"product_cat-buy-disposable-vapes-in-poland","36":"product_cat-buy-disposable-vapes-in-portugal","37":"product_cat-buy-disposable-vapes-in-spain","38":"product_cat-buy-disposable-vapes-in-sweden","39":"product_cat-buy-disposable-vapes-in-switzerland","40":"product_cat-shop-disposable-vapes-by-puffs","41":"product_cat-15000-puff-disposable-vape","42":"product_cat-disposable-vape-types","43":"product_cat-big-puffs-disposable-vapes","44":"product_cat-digital-box-disposable-vapes","45":"product_cat-lower-nicotine-disposable-vapes","46":"product_cat-rechargeable-disposable-vapes","47":"product_cat-tornado-disposable-vapes","49":"first","50":"instock","51":"shipping-taxable","52":"purchasable","53":"product-type-variable"},"_links":{"self":[{"href":"https:\/\/fumotxpress.de\/sv\/wp-json\/wp\/v2\/product\/1009","targetHints":{"allow":["GET"]}}],"collection":[{"href":"https:\/\/fumotxpress.de\/sv\/wp-json\/wp\/v2\/product"}],"about":[{"href":"https:\/\/fumotxpress.de\/sv\/wp-json\/wp\/v2\/types\/product"}],"replies":[{"embeddable":true,"href":"https:\/\/fumotxpress.de\/sv\/wp-json\/wp\/v2\/comments?post=1009"}],"wp:featuredmedia":[{"embeddable":true,"href":"https:\/\/fumotxpress.de\/sv\/wp-json\/wp\/v2\/media\/1013"}],"wp:attachment":[{"href":"https:\/\/fumotxpress.de\/sv\/wp-json\/wp\/v2\/media?parent=1009"}],"wp:term":[{"taxonomy":"product_brand","embeddable":true,"href":"https:\/\/fumotxpress.de\/sv\/wp-json\/wp\/v2\/product_brand?post=1009"},{"taxonomy":"product_cat","embeddable":true,"href":"https:\/\/fumotxpress.de\/sv\/wp-json\/wp\/v2\/product_cat?post=1009"},{"taxonomy":"product_tag","embeddable":true,"href":"https:\/\/fumotxpress.de\/sv\/wp-json\/wp\/v2\/product_tag?post=1009"}],"curies":[{"name":"wp","href":"https:\/\/api.w.org\/{rel}","templated":true}]}}