{"id":1280,"date":"2024-11-09T09:06:45","date_gmt":"2024-11-09T09:06:45","guid":{"rendered":"https:\/\/fumotxpress.de\/?page_id=1280"},"modified":"2024-11-09T09:06:45","modified_gmt":"2024-11-09T09:06:45","slug":"hur-man-koper-engangsvapor-pa-fumotxpress","status":"publish","type":"page","link":"https:\/\/fumotxpress.de\/sv\/hur-man-koper-engangsvapor-pa-fumotxpress\/","title":{"rendered":"Hur man k\u00f6per eng\u00e5ngsvape p\u00e5 Fumotxpress"},"content":{"rendered":"<p>V\u00e4lkommen till Fumotxpress \u2013 din p\u00e5litliga k\u00e4lla f\u00f6r premium eng\u00e5ngsvape-produkter som levereras snabbt och s\u00e4kert \u00f6ver hela Europa. Oavsett om du \u00e4r en erfaren vape-entusiast eller ny i v\u00e4rlden av eng\u00e5ngsvape-produkter, \u00e4r shopping hos oss enkelt och bekv\u00e4mt. F\u00f6lj dessa enkla steg f\u00f6r att l\u00e4gga din best\u00e4llning och njut av h\u00f6gkvalitativa vape-produkter fr\u00e5n v\u00e4lk\u00e4nda m\u00e4rken som Al Fakher, Fizzy, SMPO DL02 och OBEELAB HHC.<\/p>\n<h4>1. <strong>Bl\u00e4ddra Genom V\u00e5r Utf\u00f6rliga Vape-Samling<\/strong><\/h4>\n<p>B\u00f6rja med att utforska v\u00e5rt m\u00e5ngfaldiga urval av eng\u00e5ngsvape-produkter. Vi erbjuder en m\u00e4ngd olika smaker och nikotinstyrkor, alla fr\u00e5n n\u00e5gra av de mest respekterade varum\u00e4rkena inom branschen. Oavsett om du letar efter mjuka, fruktiga alternativ eller n\u00e5got mer exotiskt, har vi n\u00e5got f\u00f6r alla. Navigera helt enkelt genom v\u00e5ra produktkategorier, d\u00e4r du hittar:<\/p>\n<ul>\n<li><strong>Al Fakher<\/strong>K\u00e4nd f\u00f6r sina rika och autentiska smaker.<\/li>\n<li><strong>Fizzy<\/strong>: Ett premiumval f\u00f6r en uppfriskande vapeupplevelse.<\/li>\n<li><strong>SMPO DL02<\/strong>: F\u00f6r de som s\u00f6ker en j\u00e4mn och tillfredsst\u00e4llande hit.<\/li>\n<li><strong>OBEELAB HHC<\/strong>: En banbrytande, h\u00f6gkvalitativ eng\u00e5ngsvape med en unik upplevelse.<\/li>\n<\/ul>\n<p>Varje produktlista inneh\u00e5ller detaljerade beskrivningar, smakalternativ och priser s\u00e5 att du kan fatta ett informerat beslut.<\/p>\n<h4>2. <strong>V\u00e4lj \u00f6nskade kvantiteter<\/strong><\/h4>\n<p>N\u00e4r du har valt din favorit eng\u00e5ngsvape kan du v\u00e4lja den kvantitet du vill k\u00f6pa. P\u00e5 Fumotxpress kr\u00e4ver vi inte en minimiorder - oavsett om du vill ha bara en vape eller flera, \u00e4r valet helt ditt. L\u00e4gg till dina val i varukorgen, s\u00e5 \u00e4r du redo att g\u00e5 vidare till n\u00e4sta steg.<\/p>\n<h4>3. <strong>G\u00e5 till Kassan<\/strong><\/h4>\n<p>N\u00e4r du \u00e4r redo att genomf\u00f6ra ditt k\u00f6p, g\u00e5 helt enkelt till kassan. H\u00e4r kommer du att bli ombedd att ange dina leveransdetaljer, inklusive ditt namn, adress och kontaktinformation. Se till att allt \u00e4r korrekt f\u00f6r att s\u00e4kerst\u00e4lla snabb och exakt leverans. Om du skickar inom Tyskland eller den bredare EU, se till att ta del av v\u00e5ra erbjudanden om gratis leverans:<\/p>\n<ul>\n<li><strong>Gratis frakt i Tyskland<\/strong> p\u00e5 best\u00e4llningar \u00f6ver \u20ac49,99.<\/li>\n<li><strong>Gratis frakt inom EU<\/strong> p\u00e5 best\u00e4llningar \u00f6ver \u20ac99,99.<\/li>\n<\/ul>\n<h4>4. <strong>V\u00e4lj Din Betalningsmetod<\/strong><\/h4>\n<p>P\u00e5 Fumotxpress erbjuder vi flera s\u00e4kra betalningsalternativ f\u00f6r att s\u00e4kerst\u00e4lla en smidig och bekv\u00e4m transaktion:<\/p>\n<ul>\n<li><strong>PayPal<\/strong>: Snabb och s\u00e4ker, med k\u00f6parskydd.<\/li>\n<li><strong>Kryptovaluta<\/strong>: F\u00f6r de som f\u00f6redrar att anv\u00e4nda digital valuta.<\/li>\n<li><strong>SEPA-bank\u00f6verf\u00f6ring<\/strong>: Tillg\u00e4nglig f\u00f6r kunder inom EU, vilket ger ett tillf\u00f6rlitligt alternativ f\u00f6r bank\u00f6verf\u00f6ring.<\/li>\n<\/ul>\n<p>N\u00e4r din betalningsmetod \u00e4r vald, f\u00f6lj instruktionerna f\u00f6r att s\u00e4kert genomf\u00f6ra betalningen.<\/p>\n<h4>5. <strong>Njut av snabb och p\u00e5litlig leverans<\/strong><\/h4>\n<p>N\u00e4r din best\u00e4llning \u00e4r placerad och betalningen \u00e4r bekr\u00e4ftad kommer v\u00e5rt team snabbt att bearbeta och skicka dina produkter fr\u00e5n v\u00e5rt europeiska lager. Vi f\u00f6rst\u00e5r hur viktigt det \u00e4r att f\u00e5 dina produkter i tid, vilket \u00e4r varf\u00f6r vi syftar till leverans inom <strong>3-7 dagar<\/strong>.<\/p>\n<ul>\n<li><strong>Gratis frakt<\/strong>: Njut av gratis frakt inom Tyskland p\u00e5 best\u00e4llningar \u00f6ver 49,99 \u20ac och inom EU p\u00e5 best\u00e4llningar \u00f6ver 99,99 \u20ac.<\/li>\n<li><strong>Sp\u00e5rning<\/strong>: Du kommer att f\u00e5 sp\u00e5rningsinformation s\u00e5 snart din best\u00e4llning har skickats, s\u00e5 att du kan f\u00f6lja dess framsteg \u00e4nda till din d\u00f6rrtr\u00f6skel.<\/li>\n<\/ul>\n<h4>6. <strong>Kundsupport \u2013 Vi \u00e4r h\u00e4r f\u00f6r dig<\/strong><\/h4>\n<p>Om du har n\u00e5gra fr\u00e5gor eller beh\u00f6ver hj\u00e4lp under din shoppingupplevelse \u00e4r v\u00e5rt kundservice-team alltid redo att hj\u00e4lpa till. Du kan n\u00e5 oss via e-post p\u00e5 <strong><a rel=\"noopener\">info@fumotxpress.de<\/a><\/strong>Oavsett om du beh\u00f6ver hj\u00e4lp med att v\u00e4lja en produkt, sp\u00e5ra din best\u00e4llning eller har n\u00e5gra andra fr\u00e5gor, \u00e4r vi h\u00e4r f\u00f6r att s\u00e4kerst\u00e4lla att din upplevelse \u00e4r s\u00e5 smidig som m\u00f6jligt.<\/p>\n<hr \/>\n<h3>Varf\u00f6r v\u00e4lja Fumotxpress?<\/h3>\n<ul>\n<li><strong>Premiumprodukter<\/strong>: Vi erbjuder endast de b\u00e4sta eng\u00e5ngsvape-produkterna fr\u00e5n p\u00e5litliga m\u00e4rken, vilket s\u00e4kerst\u00e4ller en h\u00f6gkvalitativ upplevelse vid varje k\u00f6p.<\/li>\n<li><strong>Snabb leverans<\/strong>Med v\u00e5rt effektiva fraktsystem kan du f\u00f6rv\u00e4nta dig att din best\u00e4llning ankommer inom 3-7 dagar \u00f6ver hela Europa.<\/li>\n<li><strong>Flexibla betalningsalternativ<\/strong>Betala med PayPal, kryptovaluta eller SEPA-bank\u00f6verf\u00f6ring f\u00f6r en problemfri transaktion.<\/li>\n<li><strong>Ingen minimiorder<\/strong>: Oavsett om du beh\u00f6ver en enda eng\u00e5ngsvape eller flera, har vi inget krav p\u00e5 minsta best\u00e4llningskvantitet.<\/li>\n<\/ul>\n<hr \/>\n<p>Njut av din shoppingupplevelse p\u00e5 Fumotxpress, d\u00e4r bekv\u00e4mlighet m\u00f6ter kvalitet. Vi ser fram emot att tillgodose dina vapingbehov med de b\u00e4sta produkterna, snabb leverans och utm\u00e4rkt kundservice.<\/p>","protected":false},"excerpt":{"rendered":"<p>V\u00e4lkommen till Fumotxpress \u2013 din p\u00e5litliga k\u00e4lla f\u00f6r premium eng\u00e5ngsvape-produkter som levereras snabbt och s\u00e4kert \u00f6ver hela Europa. Oavsett om du \u00e4r en erfaren vape-entusiast eller ny i v\u00e4rlden av eng\u00e5ngsvape-produkter, \u00e4r shopping hos oss enkelt och bekv\u00e4mt. F\u00f6lj dessa enkla steg f\u00f6r att l\u00e4gga din best\u00e4llning och njut av h\u00f6gkvalitativa vape-produkter fr\u00e5n v\u00e4lk\u00e4nda m\u00e4rken som [\u2026]","protected":false},"author":1,"featured_media":0,"parent":0,"menu_order":0,"comment_status":"closed","ping_status":"closed","template":"page-blank-title-center.php","meta":{"om_disable_all_campaigns":false,"footnotes":""},"class_list":["post-1280","page","type-page","status-publish","hentry"],"_links":{"self":[{"href":"https:\/\/fumotxpress.de\/sv\/wp-json\/wp\/v2\/pages\/1280","targetHints":{"allow":["GET"]}}],"collection":[{"href":"https:\/\/fumotxpress.de\/sv\/wp-json\/wp\/v2\/pages"}],"about":[{"href":"https:\/\/fumotxpress.de\/sv\/wp-json\/wp\/v2\/types\/page"}],"author":[{"embeddable":true,"href":"https:\/\/fumotxpress.de\/sv\/wp-json\/wp\/v2\/users\/1"}],"replies":[{"embeddable":true,"href":"https:\/\/fumotxpress.de\/sv\/wp-json\/wp\/v2\/comments?post=1280"}],"version-history":[{"count":0,"href":"https:\/\/fumotxpress.de\/sv\/wp-json\/wp\/v2\/pages\/1280\/revisions"}],"wp:attachment":[{"href":"https:\/\/fumotxpress.de\/sv\/wp-json\/wp\/v2\/media?parent=1280"}],"curies":[{"name":"wp","href":"https:\/\/api.w.org\/{rel}","templated":true}]}}