{"id":1268,"date":"2024-11-09T08:08:21","date_gmt":"2024-11-09T08:08:21","guid":{"rendered":"https:\/\/fumotxpress.de\/?page_id=1268"},"modified":"2024-11-09T08:08:21","modified_gmt":"2024-11-09T08:08:21","slug":"fumotxpress-aterbetalningspolicy","status":"publish","type":"page","link":"https:\/\/fumotxpress.de\/sv\/fumotxpress-aterbetalningspolicy\/","title":{"rendered":"Fumotxpress \u00c5terbetalningspolicy"},"content":{"rendered":"<p>P\u00e5 <strong>Fumotxpress<\/strong>, vi tar stolthet i att leverera h\u00f6gkvalitativa eng\u00e5ngsvape-produkter till din d\u00f6rrtr\u00f6skel \u00f6ver hela Europa. Din tillfredsst\u00e4llelse \u00e4r v\u00e5r h\u00f6gsta prioritet, och vi \u00e4r fast beslutna att tillhandah\u00e5lla en smidig och tillf\u00f6rlitlig upplevelse f\u00f6r alla v\u00e5ra kunder. Nedan f\u00f6ljer en detaljerad guide till v\u00e5r returpolicy:<\/p>\n<h4>1. <strong>R\u00f6relse f\u00f6r \u00e5terbetalning<\/strong><\/h4>\n<p>Vi vill att du ska vara helt n\u00f6jd med ditt k\u00f6p. Om du av n\u00e5gon anledning inte \u00e4r helt n\u00f6jd med din produkt, erbjuder vi en enkel returpolicy. Returer \u00e4r tillg\u00e4ngliga under f\u00f6ljande villkor:<\/p>\n<ul>\n<li><strong>Skadade eller defekta produkter:<\/strong> Om du f\u00e5r en vara som \u00e4r defekt eller skadad under transporten, v\u00e4nligen meddela oss inom <strong>14 dagar<\/strong> av din best\u00e4llning. Vi kommer med gl\u00e4dje att utf\u00e4rda en fullst\u00e4ndig \u00e5terbetalning eller byta ut det felaktiga f\u00f6rem\u00e5let utan ytterligare kostnad.<\/li>\n<li><strong>Felaktig vara mottagen:<\/strong> I det s\u00e4llsynta fall d\u00e5 fel vara levererades till dig, kontakta oss inom <strong>14 dagar<\/strong> fr\u00e5n kvittot. Vi kommer att skicka dig r\u00e4tt vara och ge en full \u00e5terbetalning eller byta ut den, beroende p\u00e5 din \u00f6nskan.<\/li>\n<li><strong>Orderavbokningar:<\/strong> Om du \u00e5ngrar ditt beslut och vill avboka din best\u00e4llning, v\u00e4nligen kontakta oss innan best\u00e4llningen skickas. Om varan inte har l\u00e4mnat v\u00e5rt lager \u00e4nnu, kommer vi att behandla avbokningen och utf\u00e4rda en fullst\u00e4ndig \u00e5terbetalning. Tyv\u00e4rr kan avbokningar inte behandlas n\u00e4r en best\u00e4llning har skickats.<\/li>\n<\/ul>\n<h4>2. <strong>Returprocess<\/strong><\/h4>\n<ul>\n<li>F\u00f6r att starta returprocessen, v\u00e4nligen <strong>Kontakta oss<\/strong> p\u00e5 <a rel=\"noopener\">info@fumotxpress.de<\/a> med dina best\u00e4llningsdetaljer och en beskrivning av problemet. En representant fr\u00e5n v\u00e5rt kundservice-team kommer att guida dig genom retur- eller \u00e5terbetalningsprocessen.<\/li>\n<li>V\u00e4nligen beh\u00e5ll produkten i dess ursprungliga, oanv\u00e4nda skick f\u00f6r att kvalificera f\u00f6r en \u00e5terbetalning. Anv\u00e4nda eller \u00f6ppnade f\u00f6rem\u00e5l \u00e4r, av hygien- och s\u00e4kerhetssk\u00e4l, inte ber\u00e4ttigade till retur.<\/li>\n<li>Om du returnerar en produkt, var v\u00e4nlig och se till att den \u00e4r s\u00e4kert paketerad f\u00f6r att undvika ytterligare skador under transporten. Returfraktkostnaden \u00e4r kundens ansvar, s\u00e5vida inte varan \u00e4r defekt eller felaktig.<\/li>\n<\/ul>\n<h4>3. <strong>\u00c5terbetalningsbehandling<\/strong><\/h4>\n<p>N\u00e4r din retur- eller \u00e5terbetalningsbeg\u00e4ran godk\u00e4nns f\u00e5r du ett bekr\u00e4ftelsemail. \u00c5terbetalningar kommer att behandlas till den ursprungliga betalningsmetoden, som kan omfatta PayPal, kreditkort eller bank\u00f6verf\u00f6ring (beroende p\u00e5 din betalningsmetod).<\/p>\n<ul>\n<li><strong>PayPal-transaktioner:<\/strong> Om du betalade via PayPal kommer \u00e5terbetalningen att krediteras ditt PayPal-konto inom <strong>5-7 arbetsdagar<\/strong>.<\/li>\n<li><strong>Kreditkort\/SEPA-betalningar:<\/strong> \u00c5terbetalningar som g\u00f6rs via kreditkort eller SEPA-bank\u00f6verf\u00f6ring kan ta <strong>upp till 10 arbetsdagar<\/strong> att behandla.<\/li>\n<li><strong>Kryptovalutabetalningar:<\/strong> Om du betalade med kryptovaluta kommer returer att behandlas i samma kryptovaluta som anv\u00e4ndes f\u00f6r den ursprungliga betalningen.<\/li>\n<\/ul>\n<h4>4. <strong>Icke-\u00e5terbetalningsbara f\u00f6rem\u00e5l<\/strong><\/h4>\n<p>Av h\u00e4lsosk\u00e4l och hygieniska orsaker kan vissa varor inte returneras eller \u00e5terbetalas. Dessa inkluderar:<\/p>\n<ul>\n<li>\u00d6ppnade eller anv\u00e4nda eng\u00e5ngsvape<\/li>\n<li>E-v\u00e4tskor och andra f\u00f6rbrukningsprodukter<\/li>\n<li>Produkter som k\u00f6ptes till salu eller med reklamrabatt (s\u00e5vida de inte \u00e4r felaktiga)<\/li>\n<\/ul>\n<h4>5. <strong>Fraktkostnader<\/strong><\/h4>\n<p>Observera att fraktkostnader i allm\u00e4nhet inte \u00e4r \u00e5terbetalningsbara, s\u00e5vida produkten inte \u00e4r defekt eller skadad. I h\u00e4ndelse av defekta eller felaktiga f\u00f6rem\u00e5l, <strong>Fumotxpress<\/strong> t\u00e4cker returfraktkostnaderna.<\/p>\n<h4>6. <strong>V\u00e4xlingar<\/strong><\/h4>\n<p>Om du hellre vill byta till en annan vara (s\u00e5som en annan smak eller modell), kommer vi att ordna ett byte vid mottagandet av din returerade produkt. Eventuella prisdifferenser mellan den ursprungliga och den utbytta varan kommer att debiteras eller \u00e5terbetalas d\u00e4refter.<\/p>\n<h4>7. <strong>Best\u00e4llning inte mottagen \/ F\u00f6rlorad under transport<\/strong><\/h4>\n<p>Om din best\u00e4llning f\u00f6rsvinner eller inte levereras inom den angivna tidsramen (3-7 arbetsdagar f\u00f6r de flesta europeiska l\u00e4nder), kontakta v\u00e5r kundservicegrupp omedelbart. Vi hj\u00e4lper dig att sp\u00e5ra paketet eller initierar en ans\u00f6kan hos transport\u00f6ren f\u00f6r att lokalisera paketet. Om best\u00e4llningen inte kan hittas erbjuder vi ett ers\u00e4ttningsalternativ eller \u00e5terbetalning, beroende p\u00e5 din \u00f6nskan.<\/p>\n<h4>8. <strong>Kundservice<\/strong><\/h4>\n<p>F\u00f6r alla fr\u00e5gor relaterade till returer eller \u00e5terbetalningar, v\u00e4nligen kontakta v\u00e5rt kundservice-team p\u00e5 <a rel=\"noopener\">info@fumotxpress.de<\/a>Vi \u00e4r tillg\u00e4ngliga f\u00f6r att hj\u00e4lpa dig med eventuella problem du kan st\u00f6ta p\u00e5 och s\u00e4kerst\u00e4lla din upplevelse med <strong>Fumotxpress<\/strong> \u00e4r problemfri.<\/p>\n<hr \/>\n<p><strong>Fumotxpress<\/strong> str\u00e4var efter att tillhandah\u00e5lla en s\u00f6ml\u00f6s shoppingupplevelse med h\u00f6gkvalitativa produkter, och vi \u00e4r fast beslutna att l\u00f6sa eventuella problem med yttersta professionalism och omsorg.<\/p>\n<p>Tack f\u00f6r att du valt <strong>Fumotxpress<\/strong> \u2013 Premium eng\u00e5ngsvape fr\u00e5n Tyskland!<\/p>","protected":false},"excerpt":{"rendered":"<p>P\u00e5 Fumotxpress \u00e4r vi stolta \u00f6ver att leverera h\u00f6gkvalitativa eng\u00e5ngsvape-produkter till din d\u00f6rrtr\u00f6skel \u00f6ver hela Europa. Din tillfredsst\u00e4llelse \u00e4r v\u00e5r h\u00f6gsta prioritet, och vi \u00e4r fast beslutna att tillhandah\u00e5lla en smidig och p\u00e5litlig upplevelse f\u00f6r alla v\u00e5ra kunder. Nedan f\u00f6ljer en detaljerad guide till v\u00e5r returpolicy: 1. R\u00e4tt till retur Vi vill att du ska vara helt [\u2026]","protected":false},"author":1,"featured_media":0,"parent":0,"menu_order":0,"comment_status":"closed","ping_status":"closed","template":"page-blank-title-center.php","meta":{"om_disable_all_campaigns":false,"footnotes":""},"class_list":["post-1268","page","type-page","status-publish","hentry"],"_links":{"self":[{"href":"https:\/\/fumotxpress.de\/sv\/wp-json\/wp\/v2\/pages\/1268","targetHints":{"allow":["GET"]}}],"collection":[{"href":"https:\/\/fumotxpress.de\/sv\/wp-json\/wp\/v2\/pages"}],"about":[{"href":"https:\/\/fumotxpress.de\/sv\/wp-json\/wp\/v2\/types\/page"}],"author":[{"embeddable":true,"href":"https:\/\/fumotxpress.de\/sv\/wp-json\/wp\/v2\/users\/1"}],"replies":[{"embeddable":true,"href":"https:\/\/fumotxpress.de\/sv\/wp-json\/wp\/v2\/comments?post=1268"}],"version-history":[{"count":0,"href":"https:\/\/fumotxpress.de\/sv\/wp-json\/wp\/v2\/pages\/1268\/revisions"}],"wp:attachment":[{"href":"https:\/\/fumotxpress.de\/sv\/wp-json\/wp\/v2\/media?parent=1268"}],"curies":[{"name":"wp","href":"https:\/\/api.w.org\/{rel}","templated":true}]}}