{"id":1266,"date":"2024-11-09T08:05:03","date_gmt":"2024-11-09T08:05:03","guid":{"rendered":"https:\/\/fumotxpress.de\/?page_id=1266"},"modified":"2024-11-09T08:05:03","modified_gmt":"2024-11-09T08:05:03","slug":"fumotxpress-fraktpolicy","status":"publish","type":"page","link":"https:\/\/fumotxpress.de\/sv\/fumotxpress-fraktpolicy\/","title":{"rendered":"Fumotxpress fraktpolicy"},"content":{"rendered":"<p>P\u00e5 Fumotxpress \u00e4r vi stolta \u00f6ver att leverera h\u00f6gkvalitativa eng\u00e5ngsvape-produkter direkt fr\u00e5n v\u00e5rt lager i Tyskland till din d\u00f6rr. Vi str\u00e4var efter att erbjuda snabb, tillf\u00f6rlitlig och s\u00e4ker frakt f\u00f6r alla best\u00e4llningar inom Europeiska unionen.<\/p>\n<p><strong>Orderbehandlingstid:<\/strong><br \/>\nVi behandlar best\u00e4llningar inom 1-2 arbetsdagar. Observera att under hektiska perioder eller helgdagar kan det f\u00f6rekomma mindre f\u00f6rseningar, men vi str\u00e4var alltid efter att f\u00e5 din best\u00e4llning skickad s\u00e5 snabbt som m\u00f6jligt.<\/p>\n<p><strong>Leveranstid:<\/strong><br \/>\nN\u00e4r din best\u00e4llning har behandlats, skickar vi den direkt fr\u00e5n v\u00e5rt europeiska lager. Leveranstiderna varierar vanligtvis fr\u00e5n 3 till 7 arbetsdagar, beroende p\u00e5 destinationens land. Du kommer att f\u00e5 ett sp\u00e5rningsnummer n\u00e4r din best\u00e4llning har skickats, s\u00e5 att du enkelt kan \u00f6vervaka dess framsteg.<\/p>\n<p><strong>Gratis frakt:<\/strong><\/p>\n<ul>\n<li><strong>Tyskland:<\/strong> Vi erbjuder gratis frakt p\u00e5 alla best\u00e4llningar \u00f6ver <strong>\u20ac49.99<\/strong>.<\/li>\n<li><strong>Europeiska unionen<\/strong> Njut av gratis frakt p\u00e5 alla best\u00e4llningar \u00f6ver <strong>\u20ac99.99<\/strong>.<br \/>\nF\u00f6r best\u00e4llningar under tr\u00f6skeln f\u00f6r gratis frakt ber\u00e4knas fraktkostnaderna vid kassan baserat p\u00e5 din leveransplats.<\/li>\n<\/ul>\n<p><strong>Fraktf\u00f6retag:<\/strong><br \/>\nVi samarbetar med p\u00e5litliga budtj\u00e4nster f\u00f6r att s\u00e4kerst\u00e4lla att din best\u00e4llning levereras s\u00e4kert och snabbt. Beroende p\u00e5 din plats kan transport\u00f6ren variera, men var s\u00e4ker, alla best\u00e4llningar kan sp\u00e5ras helt.<\/p>\n<p><strong>Betals\u00e4tt:<\/strong><br \/>\nF\u00f6r att g\u00f6ra din shoppingupplevelse s\u00e5 bekv\u00e4m som m\u00f6jligt accepterar vi en m\u00e4ngd olika betalningsmetoder, inklusive:<\/p>\n<ul>\n<li><strong>PayPal<\/strong> \u2013 Det snabba och s\u00e4kra s\u00e4ttet att betala online.<\/li>\n<li><strong>Kryptovaluta<\/strong> \u2013 Vi accepterar ocks\u00e5 ett antal kryptovalutor f\u00f6r ett mer flexibelt betalningsalternativ.<\/li>\n<li><strong>SEPA-bank\u00f6verf\u00f6ring<\/strong> \u2013 F\u00f6r v\u00e5ra europeiska kunder \u00e4r SEPA-bank\u00f6verf\u00f6ringar ocks\u00e5 tillg\u00e4ngliga som betalningsmetod.<\/li>\n<\/ul>\n<p><strong>Orderbekr\u00e4ftelse och sp\u00e5rning:<\/strong><br \/>\nN\u00e4r din best\u00e4llning har placerats f\u00e5r du ett e-postmeddelande med orderbekr\u00e4ftelse som inneh\u00e5ller alla relevanta detaljer. N\u00e4r din best\u00e4llning har skickats kommer vi att skicka dig ett sp\u00e5rningsnummer s\u00e5 att du kan f\u00f6lja dess resa.<\/p>\n<p><strong>Kundsupport:<\/strong><br \/>\nOm du har n\u00e5gra fr\u00e5gor eller problem ang\u00e5ende din best\u00e4llning, frakt eller n\u00e5gon annan aspekt av ditt k\u00f6p, tveka inte att kontakta v\u00e5rt kundservice-team p\u00e5 <strong><a rel=\"noopener\">info@fumotxpress.de<\/a><\/strong>Vi str\u00e4var efter att svara p\u00e5 alla fr\u00e5gor s\u00e5 snabbt som m\u00f6jligt, vanligtvis inom 1 arbetsdag.<\/p>\n<p><strong>Viktiga Anteckningar:<\/strong><\/p>\n<ul>\n<li>Se till att din leveransadress \u00e4r komplett och korrekt f\u00f6r att undvika f\u00f6rseningar eller leveransproblem.<\/li>\n<li>Om en best\u00e4llning returneras till oss p\u00e5 grund av ett felaktigt adress eller om mottagaren \u00e4r otillg\u00e4nglig f\u00f6r leverans, kan vi ta ut en extra fraktkostnad f\u00f6r att skicka om best\u00e4llningen.<\/li>\n<\/ul>\n<p>Tack f\u00f6r att du valt Fumotxpress f\u00f6r dina premiumbehov av eng\u00e5ngsvape. Vi \u00e4r dedikerade till att ge dig en s\u00f6ml\u00f6s shoppingupplevelse och h\u00f6gkvalitativa produkter levererade direkt till din d\u00f6rr.<\/p>","protected":false},"excerpt":{"rendered":"<p>P\u00e5 Fumotxpress \u00e4r vi stolta \u00f6ver att leverera h\u00f6gkvalitativa eng\u00e5ngsvape-produkter direkt fr\u00e5n v\u00e5rt lager i Tyskland till din d\u00f6rr. Vi str\u00e4var efter att erbjuda snabb, tillf\u00f6rlitlig och s\u00e4ker frakt f\u00f6r alla best\u00e4llningar inom Europeiska unionen. Best\u00e4llningsbehandlingstid: Vi behandlar best\u00e4llningar inom 1-2 arbetsdagar. Observera att under hektiska perioder eller helgdagar kan det [\u2026]","protected":false},"author":1,"featured_media":0,"parent":0,"menu_order":0,"comment_status":"closed","ping_status":"closed","template":"page-blank-title-center.php","meta":{"om_disable_all_campaigns":false,"footnotes":""},"class_list":["post-1266","page","type-page","status-publish","hentry"],"_links":{"self":[{"href":"https:\/\/fumotxpress.de\/sv\/wp-json\/wp\/v2\/pages\/1266","targetHints":{"allow":["GET"]}}],"collection":[{"href":"https:\/\/fumotxpress.de\/sv\/wp-json\/wp\/v2\/pages"}],"about":[{"href":"https:\/\/fumotxpress.de\/sv\/wp-json\/wp\/v2\/types\/page"}],"author":[{"embeddable":true,"href":"https:\/\/fumotxpress.de\/sv\/wp-json\/wp\/v2\/users\/1"}],"replies":[{"embeddable":true,"href":"https:\/\/fumotxpress.de\/sv\/wp-json\/wp\/v2\/comments?post=1266"}],"version-history":[{"count":0,"href":"https:\/\/fumotxpress.de\/sv\/wp-json\/wp\/v2\/pages\/1266\/revisions"}],"wp:attachment":[{"href":"https:\/\/fumotxpress.de\/sv\/wp-json\/wp\/v2\/media?parent=1266"}],"curies":[{"name":"wp","href":"https:\/\/api.w.org\/{rel}","templated":true}]}}