{"id":1259,"date":"2024-11-08T13:46:27","date_gmt":"2024-11-08T13:46:27","guid":{"rendered":"https:\/\/fumotxpress.de\/?page_id=1259"},"modified":"2024-11-08T13:51:40","modified_gmt":"2024-11-08T13:51:40","slug":"fumotxpress-kupongerbjudanden","status":"publish","type":"page","link":"https:\/\/fumotxpress.de\/sv\/fumotxpress-kupongerbjudanden\/","title":{"rendered":"Fumotxpress kuponger &amp; erbjudanden"},"content":{"rendered":"<section class=\"section\" id=\"section_1819938939\">\n\t\t<div class=\"section-bg fill\" >\n\t\t\t\t\t\t\t\t\t\n\t\t\t\n\n\t\t<\/div>\n\n\t\t\n\n\t\t<div class=\"section-content relative\">\n\t\t\t\n\t<div id=\"gap-1108406161\" class=\"gap-element clearfix\" style=\"display:block; height:auto;\">\n\t\t\n<style>\n#gap-1108406161 {\n  padding-top: 30px;\n}\n<\/style>\n\t<\/div>\n\t\n<div class=\"row row-large\"  id=\"row-2037609678\">\n\n\t<div id=\"col-203015367\" class=\"col medium-12 small-12 large-6\"  >\n\t\t\t\t<div class=\"col-inner\"  >\n\t\t\t\n\t\t\t\n\t<div id=\"text-1282725752\" class=\"text\">\n\t\t\n<p><strong>Fumotxpress-kuponger och erbjudanden - Spara stort p\u00e5 premium eng\u00e5ngsvape<\/strong><\/p>\n\t\t\n<style>\n#text-1282725752 {\n  font-size: 1.5rem;\n}\n<\/style>\n\t<\/div>\n\t\n<p>P\u00e5 Fumotxpress \u00e4r vi dedikerade till att erbjuda de b\u00e4sta eng\u00e5ngsvapearna till ostoppbara priser. Oavsett om du k\u00f6per en enda enhet eller l\u00e4gger en bulkbest\u00e4llning, hj\u00e4lper v\u00e5ra exklusiva kuponger och kampanjer dig att spara p\u00e5 premiumvarum\u00e4rken som Al Fakher, Fizzy, OBEELAB HHC och SMPO DL02. Kontrollera ofta f\u00f6r de senaste rabatter, s\u00e4songsbest\u00e4llda erbjudanden och bulkink\u00f6psavtal.<\/p>\n<p><strong>Hur du f\u00e5r Fumotxpress-kuponger<\/strong><\/p>\n<ul>\n<li><strong>Anm\u00e4l dig till v\u00e5rt nyhetsbrev:<\/strong> H\u00e5ll dig uppdaterad med exklusiva kupongkoder och specialerbjudanden direkt till din inkorg.<\/li>\n<li><strong>F\u00f6lj oss p\u00e5 sociala medier:<\/strong> F\u00e5 notiser om blixtf\u00f6rs\u00e4ljningar och specialerbjudanden genom att f\u00f6lja oss p\u00e5 Instagram, Facebook och Twitter.<\/li>\n<li><strong>Kontrollera V\u00e5r Kampanjsida Regelbundet:<\/strong> Bes\u00f6k v\u00e5r webbplats f\u00f6r att hitta uppdaterade s\u00e4songsrabatter och kupongkoder f\u00f6r alla dina favorit eng\u00e5ngsvape-produkter.<\/li>\n<\/ul>\n<p><strong>Aktuella erbjudanden<\/strong><\/p>\n<ul>\n<li><strong>Gratis frakt:<\/strong> Best\u00e4llningar \u00f6ver 49,99 \u20ac inom Tyskland och 99,99 \u20ac inom EU kvalificerar sig f\u00f6r gratis frakt.<\/li>\n<li><strong>Exklusiva rabatter:<\/strong> H\u00e5ll ett \u00f6ga p\u00e5 tidsbegr\u00e4nsade kampanjkoder och s\u00e4songsbetonade erbjudanden.<\/li>\n<\/ul>\n<p><strong>Villkor och Best\u00e4mmelser<\/strong> Kuponger \u00e4r f\u00f6rem\u00e5l f\u00f6r villkor. Rabatter kan inte kombineras och vissa undantag kan g\u00e4lla. F\u00f6r mer information, kontakta v\u00e5rt kundsupportteam.<\/p>\n<p><strong>B\u00f6rja spara idag!<\/strong> Utforska v\u00e5r premiumsamling av eng\u00e5ngsvape och anv\u00e4nd v\u00e5ra senaste kuponger f\u00f6r att f\u00e5 de b\u00e4sta priserna. Fumotxpress levererar direkt fr\u00e5n v\u00e5rt europeiska lager, vilket s\u00e4kerst\u00e4ller snabb leverans p\u00e5 3-7 dagar.<\/p>\n<p>F\u00f6r mer information eller fr\u00e5gor, kontakta oss p\u00e5: <a rel=\"noopener\">info@fumotxpress.de<\/a>.<\/p>\n<a href=\"https:\/\/vapebaz.com\/shop\/\" class=\"button primary\" target=\"_blank\" rel=\"noopener\">\n\t\t<span>Best\u00e4ll nu!<\/span>\n\t<\/a>\n\n\t\t<\/div>\n\t\t\t\t\t<\/div>\n\n\t\n\n\t<div id=\"col-1557590932\" class=\"col medium-12 small-12 large-6\"  >\n\t\t\t\t<div class=\"col-inner\"  >\n\t\t\t\n\t\t\t\n\n\t\t<div class=\"icon-box featured-box icon-box-left text-left\"  >\n\t\t\t\t\t<div class=\"icon-box-img\" style=\"width: 50px\">\n\t\t\t\t<div class=\"icon\">\n\t\t\t\t\t<div class=\"icon-inner\" >\n\t\t\t\t\t\t\t\t\t\t\t<\/div>\n\t\t\t\t<\/div>\n\t\t\t<\/div>\n\t\t\t\t<div class=\"icon-box-text last-reset\">\n\t\t\t\t\t\t\t\t\t\n<h3>GET 1% OFF<\/h3>\n<h4><strong>F\u00c5 11% RABATT P\u00c5 BEST\u00c4LLNINGAR \u00d6VER 100\u20ac<\/strong><\/h4>\n<p>Utg\u00e5r den: 31\/12\/2024<\/p>\n<a class=\"button primary\"  >\n\t\t<span>Coupon: fumotx1<\/span>\n\t<\/a>\n\n\t\t<\/div>\n\t<\/div>\n\t\n\t\n\t<div id=\"gap-30434745\" class=\"gap-element clearfix\" style=\"display:block; height:auto;\">\n\t\t\n<style>\n#gap-30434745 {\n  padding-top: 30px;\n}\n<\/style>\n\t<\/div>\n\t\n\n\t\t<div class=\"icon-box featured-box icon-box-left text-left\"  >\n\t\t\t\t\t<div class=\"icon-box-img\" style=\"width: 50px\">\n\t\t\t\t<div class=\"icon\">\n\t\t\t\t\t<div class=\"icon-inner\" >\n\t\t\t\t\t\t\t\t\t\t\t<\/div>\n\t\t\t\t<\/div>\n\t\t\t<\/div>\n\t\t\t\t<div class=\"icon-box-text last-reset\">\n\t\t\t\t\t\t\t\t\t\n<h3>GET 2% OFF<\/h3>\n<h4><strong>F\u00c5 21% RABATT P\u00c5 BEST\u00c4LLNINGAR \u00d6VER 250\u20ac\/$250<\/strong><\/h4>\n<p>Utg\u00e5r den: 31\/12\/2024<\/p>\n<a class=\"button primary\"  >\n\t\t<span>Coupon: fumotx2<\/span>\n\t<\/a>\n\n\t\t<\/div>\n\t<\/div>\n\t\n\t\n\t<div id=\"gap-216938019\" class=\"gap-element clearfix\" style=\"display:block; height:auto;\">\n\t\t\n<style>\n#gap-216938019 {\n  padding-top: 30px;\n}\n<\/style>\n\t<\/div>\n\t\n\n\t\t<div class=\"icon-box featured-box icon-box-left text-left\"  >\n\t\t\t\t\t<div class=\"icon-box-img\" style=\"width: 50px\">\n\t\t\t\t<div class=\"icon\">\n\t\t\t\t\t<div class=\"icon-inner\" >\n\t\t\t\t\t\t\t\t\t\t\t<\/div>\n\t\t\t\t<\/div>\n\t\t\t<\/div>\n\t\t\t\t<div class=\"icon-box-text last-reset\">\n\t\t\t\t\t\t\t\t\t\n<h3>GET 3% OFF<\/h3>\n<h4><strong>F\u00c5 3% RABATT P\u00c5 BEST\u00c4LLNINGAR \u00d6VER \u20ac500\/$500<\/strong><\/h4>\n<p>Utg\u00e5r den: 31\/12\/2024<\/p>\n<a class=\"button primary\"  >\n\t\t<span>Coupon: fumotx3<\/span>\n\t<\/a>\n\n\t\t<\/div>\n\t<\/div>\n\t\n\t\n\t<div id=\"gap-470340751\" class=\"gap-element clearfix\" style=\"display:block; height:auto;\">\n\t\t\n<style>\n#gap-470340751 {\n  padding-top: 50px;\n}\n<\/style>\n\t<\/div>\n\t\n\n  <div class=\"banner has-hover\" id=\"banner-1474942792\">\n          <div class=\"banner-inner fill\">\n        <div class=\"banner-bg fill\" >\n            <img loading=\"lazy\" decoding=\"async\" width=\"1000\" height=\"1000\" src=\"https:\/\/fumotxpress.de\/wp-content\/uploads\/2024\/11\/Fumot-RandM-Digital-Box-12000.webp\" class=\"bg attachment-original size-original\" alt=\"Fumot-RandM-Digital-Box-12000.\" \/>                                    \n                    <\/div>\n\t\t\n        <div class=\"banner-layers container\">\n            <div class=\"fill banner-link\"><\/div>            \n   <div id=\"text-box-648275788\" class=\"text-box banner-layer x50 md-x50 lg-x50 y50 md-y50 lg-y50 res-text\">\n                                <div class=\"text-box-content text dark\">\n              \n              <div class=\"text-inner text-center\">\n                  \n              <\/div>\n           <\/div>\n                            \n<style>\n#text-box-648275788 {\n  width: 60%;\n}\n#text-box-648275788 .text-box-content {\n  font-size: 100%;\n}\n@media (min-width:550px) {\n  #text-box-648275788 {\n    width: 60%;\n  }\n}\n<\/style>\n    <\/div>\n \n        <\/div>\n      <\/div>\n\n            \n<style>\n#banner-1474942792 {\n  padding-top: 99%;\n}\n#banner-1474942792 .banner-bg img {\n  object-position: 18% 0%;\n}\n<\/style>\n  <\/div>\n\n\n\t\t<\/div>\n\t\t\t\t\t<\/div>\n\n\t\n<\/div>\n\t\t<\/div>\n\n\t\t\n<style>\n#section_1819938939 {\n  padding-top: 30px;\n  padding-bottom: 30px;\n}\n<\/style>\n\t<\/section>","protected":false},"excerpt":{"rendered":"","protected":false},"author":1,"featured_media":0,"parent":0,"menu_order":0,"comment_status":"closed","ping_status":"closed","template":"page-blank-title-center.php","meta":{"om_disable_all_campaigns":false,"footnotes":""},"class_list":["post-1259","page","type-page","status-publish","hentry"],"_links":{"self":[{"href":"https:\/\/fumotxpress.de\/sv\/wp-json\/wp\/v2\/pages\/1259","targetHints":{"allow":["GET"]}}],"collection":[{"href":"https:\/\/fumotxpress.de\/sv\/wp-json\/wp\/v2\/pages"}],"about":[{"href":"https:\/\/fumotxpress.de\/sv\/wp-json\/wp\/v2\/types\/page"}],"author":[{"embeddable":true,"href":"https:\/\/fumotxpress.de\/sv\/wp-json\/wp\/v2\/users\/1"}],"replies":[{"embeddable":true,"href":"https:\/\/fumotxpress.de\/sv\/wp-json\/wp\/v2\/comments?post=1259"}],"version-history":[{"count":0,"href":"https:\/\/fumotxpress.de\/sv\/wp-json\/wp\/v2\/pages\/1259\/revisions"}],"wp:attachment":[{"href":"https:\/\/fumotxpress.de\/sv\/wp-json\/wp\/v2\/media?parent=1259"}],"curies":[{"name":"wp","href":"https:\/\/api.w.org\/{rel}","templated":true}]}}