{"id":960,"date":"2024-11-06T09:57:30","date_gmt":"2024-11-06T09:57:30","guid":{"rendered":"https:\/\/fumotxpress.de\/?post_type=product&#038;p=960"},"modified":"2025-05-20T09:51:57","modified_gmt":"2025-05-20T09:51:57","slug":"depozit-european-fumot-randm-cutie-digitala-12000-pufuri-cu-nicotina-scazuta-cumpara-stilou-original-autentic-autentic-reincarcabil-de-unica-folosinta","status":"publish","type":"product","link":"https:\/\/fumotxpress.de\/ro\/produs\/depozit-european-fumot-randm-cutie-digitala-12000-pufuri-cu-nicotina-scazuta-cumpara-stilou-original-autentic-autentic-reincarcabil-de-unica-folosinta\/","title":{"rendered":"Depozitul European Fumot RandM Digital Box 12000 Puff-uri Nicotin\u0103 Sc\u0103zut\u0103 Cump\u0103ra\u021bi Vape Pen Re\u00eenc\u0103rcabil Monousc\u0103 Dispozabil Original Autentic"},"content":{"rendered":"<h1>Depozitul European Fumot RandM Digital Box 12000 Puff-uri Tic\u0103 de nicotin\u0103 redus\u0103 Vaporizor reutilizabil de unic\u0103 folosin\u021b\u0103<\/h1>\n<p><strong>Experimenta\u021bi experien\u021ba suprem\u0103 de vaporizare cu Fumot RandM Digital Box 12000 Puffs<\/strong><\/p>\n<p>The \nacela\u0219i \nnu se traduce, se las\u0103 ca atare \nse las\u0103 ca atare \nThe <a href=\"https:\/\/fumotxpress.de\/ro\/produs\/depozit-european-fumot-randm-cutie-digitala-12000-pufuri-cu-nicotina-scazuta-cumpara-stilou-original-autentic-autentic-reincarcabil-de-unica-folosinta\/\"><strong>Cutie digital\u0103 Fumot RandM 12000 de pufuri<\/strong> <\/a>este un stilou vape de unic\u0103 folosin\u021b\u0103 revolu\u021bionar care combin\u0103 performan\u021ba, stilul \u0219i comoditatea, f\u0103c\u00e2ndu-l alegerea perfect\u0103 at\u00e2t pentru vapori experimenta\u021bi, c\u00e2t \u0219i pentru \u00eencep\u0103tori. Conceput pentru a oferi o experien\u021b\u0103 de vaporizare excep\u021bional\u0103 de la prima p\u00e2n\u0103 la ultima puf\u0103tur\u0103, acest dispozitiv inovator ofer\u0103 p\u00e2n\u0103 la 12.000 de puf\u0103turi, asigur\u00e2nd c\u0103 po\u021bi bucura de o satisfac\u021bie de lung\u0103 durat\u0103 f\u0103r\u0103 b\u0103taia de cap a re\u00eenc\u0103rc\u0103rilor sau \u00eenlocuirilor constante.<\/p>\n<p>Disponibil exclusiv pe <strong>FumotXpress.de<\/strong>, principalul retailer online de vape-uri de unic\u0103 folosin\u021b\u0103 din Germania, <strong>Cutie digital\u0103 Fumot RandM<\/strong> este expediat direct din depozitul nostru european, asigur\u00e2nd livrarea rapid\u0103 \u00een toat\u0103 UE. Indiferent dac\u0103 achizi\u021biona\u021bi un singur vape pen sau cump\u0103ra\u021bi \u00een vrac, FumotXpress.de ofer\u0103 un serviciu rapid \u0219i fiabil, f\u0103r\u0103 cerin\u021be minime de comand\u0103.<\/p>\n<h3>Prezentare general\u0103 a produsului Fumot RandM Digital Box 12000 Puffs<\/h3>\n<p>The \nacela\u0219i \nnu se traduce, se las\u0103 ca atare \nse las\u0103 ca atare \nThe <a href=\"https:\/\/fumotxpress.de\/ro\/\"><strong>Cutie digital\u0103 Fumot RandM 12000 de pufuri<\/strong><\/a> este un stilou vape reutilizabil avansat \u0219i de unic\u0103 folosin\u021b\u0103, care integreaz\u0103 at\u00e2t performan\u021ba ridicat\u0103, c\u00e2t \u0219i un design elegant \u0219i u\u0219or de utilizat. Cu un <strong>20ml e-lichid preumplut<\/strong> capacitate \u0219i <strong>p\u00e2n\u0103 la 12.000 de pufuri<\/strong>Acest dispozitiv este construit pentru utilizare prelungit\u0103, oferind o convenien\u021b\u0103 \u0219i o calitate f\u0103r\u0103 precedent.<\/p>\n<p>The \nacela\u0219i \nnu se traduce, se las\u0103 ca atare \nse las\u0103 ca atare \nThe<a href=\"https:\/\/fumotxpress.de\/ro\/\"> <strong>Cutie digital\u0103 Fumot RandM<\/strong><\/a> prezint\u0103 caracteristici a <strong>Port de \u00eenc\u0103rcare Type-C<\/strong>permi\u021b\u00e2nd o \u00eenc\u0103rcare rapid\u0103 \u0219i eficient\u0103 a acestuia <strong>Baterie 550mAh<\/strong>asigur\u00e2nd c\u0103 dispozitivul dvs. este \u00eentotdeauna gata de utilizare. \u00cen plus, se m\u00e2ndre\u0219te cu o interfa\u021b\u0103 intuitiv\u0103 <strong>Ecran LED<\/strong> care afi\u0219eaz\u0103 at\u00e2t nivelurile bateriei, c\u00e2t \u0219i capacitatea de lichid electronic, p\u0103str\u00e2ndu-v\u0103 informat despre experien\u021ba dvs. de vaping.<\/p>\n<p>Dincolo de performan\u021b\u0103, acest vape pen ofer\u0103 caracteristici personalizabile, inclusiv <strong>Iluminare RGB<\/strong> cu \u0219ase op\u021biuni de culoare, ceea ce adaug\u0103 o not\u0103 de personalizare \u0219i stil fiec\u0103rei sesiuni. Indiferent dac\u0103 sunte\u021bi \u00een c\u0103utarea unui aspect clasic sau a unei afi\u0219\u0103ri mai vibrante, <strong>Cutie digital\u0103 Fumot RandM<\/strong> se adapteaz\u0103 la preferin\u021bele dvs.<\/p>\n<h3>Caracteristici cheie ale Fumot RandM Digital Box 12000 Puffs<\/h3>\n<ol>\n<li><strong>Capacitate impresionant\u0103 de puf:<\/strong> Cu <strong>p\u00e2n\u0103 la 12.000 de pufuri<\/strong>, the \n devine \n\n, <strong>Cutie digital\u0103 Fumot RandM<\/strong> ofer\u0103 o experien\u021b\u0103 de vaporizare de lung\u0103 durat\u0103, perfect\u0103 pentru cei care doresc o solu\u021bie prelungit\u0103 \u0219i f\u0103r\u0103 probleme.<\/li>\n<li><strong>Volum generos de lichid:<\/strong> Pre-populate cu <strong>20ml de e-lichid<\/strong>Acest dispozitiv elimin\u0103 necesitatea de a fi alimentat \u00een mod constant, asigur\u00e2nd c\u0103 v\u0103 pute\u021bi bucura de o experien\u021b\u0103 de vaporizare consistent\u0103 \u0219i satisf\u0103c\u0103toare pentru o perioad\u0103 prelungit\u0103.<\/li>\n<li><strong>Baterie Re\u00eenc\u0103rcabil\u0103 cu Port de Tip-C:<\/strong> Echipat cu un <strong>Baterie re\u00eenc\u0103rcabil\u0103 550mAh<\/strong>, the \n devine \n\n, <strong>Cutie digital\u0103 Fumot RandM<\/strong> ofer\u0103 \u00eenc\u0103rcare rapid\u0103 \u0219i eficient\u0103 cu ajutorul celui inclus <strong>Port de \u00eenc\u0103rcare Type-C<\/strong>Asigur\u00e2ndu-v\u0103 c\u0103 dispozitivul dvs. este \u00eentotdeauna gata atunci c\u00e2nd sunte\u021bi.<\/li>\n<li><strong>Indicator LED pentru baterie \u0219i lichid:<\/strong> The \nacela\u0219i \nnu se traduce, se las\u0103 ca atare \nse las\u0103 ca atare \nThe <strong>Ecran LED<\/strong> afi\u015feaz\u0103 \u00een mod clar ambele <strong>Durata de via\u021b\u0103 a bateriei<\/strong> \u0219i restul <strong>e-lichid<\/strong> nivel, permi\u021b\u00e2ndu-v\u0103 s\u0103 monitoriza\u021bi cu u\u0219urin\u021b\u0103 performan\u021ba dispozitivului \u0219i s\u0103 evita\u021bi surprizele.<\/li>\n<li><strong>Efecte de Lumin\u0103 RGB Personalizabile:<\/strong> Alege\u021bi dintre <strong>\u0219ase culori vibrante<\/strong> pentru a ilumina stiloul dvs. de vape \u0219i pentru a v\u0103 bucura de o experien\u021b\u0103 personalizat\u0103 la fiecare puf. Iluminarea RGB \u00eembun\u0103t\u0103\u021be\u0219te at\u00e2t estetica, c\u00e2t \u0219i distrac\u021bia din timpul vapingului.<\/li>\n<li><strong>Op\u021biuni de putere a nicotinei:<\/strong> The \nacela\u0219i \nnu se traduce, se las\u0103 ca atare \nse las\u0103 ca atare \nThe <strong>Cutie digital\u0103 Fumot RandM<\/strong> oferte <strong>dou\u0103 op\u021biuni de putere a nicotinei<\/strong>permi\u021b\u00e2ndu-v\u0103 s\u0103 alege\u021bi \u00eentre <strong>5%<\/strong> (50mg\/ml) sau <strong>2%<\/strong> Putere de nicotin\u0103 (20mg\/ml) pentru a se potrivi preferin\u021belor dvs.<\/li>\n<li><strong>Controlul debitului de aer reglabil:<\/strong> Personalizeaz\u0103 experien\u021ba ta de vaporizare cu controlul fluxului de aer lin \u0219i reglabil, oferindu-\u021bi posibilitatea de a personaliza trac\u021biunea \u00een func\u021bie de gustul t\u0103u.<\/li>\n<li><strong>48 de Arome Distincte:<\/strong> Cu o selec\u021bie de <strong>48 de arome unice<\/strong>, the \n devine \n\n, <strong>Cutie digital\u0103 Fumot RandM<\/strong> asigur\u0103 c\u0103 exist\u0103 ceva pentru toat\u0103 lumea, indiferent dac\u0103 prefera\u021bi profiluri fructate, mentolate sau inspirate de deserturi.<\/li>\n<\/ol>\n<h3>De ce s\u0103 alegi Fumot RandM Digital Box 12000 Puffs?<\/h3>\n<p>The \nacela\u0219i \nnu se traduce, se las\u0103 ca atare \nse las\u0103 ca atare \nThe <strong>Cutie digital\u0103 Fumot RandM 12000 de pufuri<\/strong> este mai mult dec\u00e2t o simpl\u0103 vape pen descartabil\u0103; este un accesoriu de lifestyle care combin\u0103 stilul, performan\u021ba \u0219i versatilitatea. Cu caracteristicile sale impresionante, num\u0103rul extins de pufuri \u0219i iluminarea personalizabil\u0103, acest dispozitiv de vape se deosebe\u0219te \u00eentr-o pia\u021b\u0103 aglomerat\u0103. Indiferent dac\u0103 e\u0219ti acas\u0103 sau \u00een deplasare, <strong>Cutie digital\u0103 Fumot RandM<\/strong> este o alegere de \u00eencredere \u0219i pl\u0103cut\u0103 pentru nevoile dvs. de vaporizare.<\/p>\n<ol>\n<li><strong>Performan\u021b\u0103 de Lung\u0103 Durat\u0103<\/strong>: Cu p\u00e2n\u0103 la <strong>12.000 de pufuri<\/strong>pute\u021bi conta pe <strong>Cutie digital\u0103 Fumot RandM<\/strong> pentru a asigura o utilizare prelungit\u0103 f\u0103r\u0103 a fi nevoie de \u00eenlocuiri constante, f\u0103c\u00e2ndu-l o alegere extrem de economic\u0103.<\/li>\n<li><strong>Experien\u021b\u0103 personalizat\u0103<\/strong>: The <strong>Efecte de lumin\u0103 RGB<\/strong> \u0219i <strong>Debit de aer reglabil<\/strong> v\u0103 permit s\u0103 v\u0103 personaliza\u021bi experien\u021ba de vaporizare, \u00een timp ce <strong>Afi\u0219aj LED<\/strong> v\u0103 asigur\u0103 c\u0103 sunte\u021bi \u00eentotdeauna con\u0219tient de starea dispozitivului dvs.<\/li>\n<li><strong>Comoditate \u0219i Stil<\/strong>: Designul elegant \u0219i compact face dispozitivul u\u0219or de transportat \u0219i utilizat, \u00een timp ce bateria re\u00eenc\u0103rcabil\u0103 \u0219i <strong>Port de \u00eenc\u0103rcare Type-C<\/strong> Asigura\u021bi \u00eenc\u0103rcarea rapid\u0103 \u0219i f\u0103r\u0103 probleme.<\/li>\n<li><strong>Arome Premium<\/strong>Cu <strong>48 de arome distincte<\/strong> a alege din, <strong>Cutie digital\u0103 Fumot RandM<\/strong> se potrive\u0219te pentru toate preferin\u021bele gustative, oferind pufuri \u00een mod constant aromate de fiecare dat\u0103.<\/li>\n<\/ol>\n<h3>Cutie Fumot RandM Digital 12000 Puff-uri Ghid de Arome<\/h3>\n<p>Unul dintre punctele culminante ale <strong>Cutie digital\u0103 Fumot RandM 12000 de pufuri<\/strong> este gama sa excep\u021bional\u0103 de arome. Fabricate folosind ingrediente de \u00eenalt\u0103 calitate, fiecare profil de arom\u0103 este conceput pentru a oferi o experien\u021b\u0103 unic\u0103 \u0219i satisf\u0103c\u0103toare de vapare. Indiferent dac\u0103 sunte\u021bi \u00een c\u0103utarea ceva dulce, fructat sau r\u0103coritor, ve\u021bi g\u0103si o arom\u0103 care se potrive\u0219te preferin\u021belor dvs. Iat\u0103 o privire asupra unora dintre cele mai populare op\u021biuni:<\/p>\n<ol>\n<li><strong>Mango Ice<\/strong>: Un clasic tropical, <strong>Mango Ice<\/strong> combin\u0103 gustul suculent \u0219i dulce al mango-ului copt cu o finishare mentolat\u0103 r\u0103coritoare. Aceast\u0103 amestecare r\u0103coritoare este perfect\u0103 pentru cei care apreciaz\u0103 o experien\u021b\u0103 de vapare dulce, dar \u0219i revigorant\u0103.<\/li>\n<li><strong>Pepene verde<\/strong>Captur\u00e2nd esen\u021ba verii, <strong>Pepene verde<\/strong> ofer\u0103 gustul r\u0103coritor al pepenelui copt \u0219i suculent la fiecare puf. Este u\u0219or, dulce \u0219i perfect pentru o experien\u021b\u0103 de vape hidratant\u0103.<\/li>\n<li><strong>Cola<\/strong>: Dac\u0103 dore\u0219ti un vape fizzy, \u00eendr\u0103zne\u021b, <strong>Cola<\/strong> Este gustul pentru tine. Acest profil nostalgic imit\u0103 gustul b\u0103uturii tale preferate, oferind o vapare dulce \u0219i u\u0219or acr\u0103, cu o senza\u021bie carbogazoas\u0103.<\/li>\n<li><strong>Mur\u0103 de Afine cu Ment\u0103<\/strong>Combina\u021bia de <strong>afine coapte<\/strong> \u0219i <strong>ment\u0103<\/strong> creeaz\u0103 un echilibru perfect \u00eentre dulce \u0219i r\u0103coritor. <strong>Mur\u0103 de Afine cu Ment\u0103<\/strong> este o op\u021biune aromat\u0103 \u0219i \u00eenvior\u0103toare pentru orice moment al zilei.<\/li>\n<li><strong>B\u0103utur\u0103 Energetic\u0103<\/strong>Pentru cei care iubesc o explozie de energie, <strong>B\u0103utur\u0103 Energetic\u0103<\/strong> Gustul surprinde savoarea \u0219i vitalitatea unei b\u0103uturi energizante, oferind o experien\u021b\u0103 picant\u0103 \u0219i aromat\u0103 care cu siguran\u021b\u0103 v\u0103 va trezi sim\u021burile.<\/li>\n<li><strong>Tort de c\u0103p\u0219uni cu br\u00e2nz\u0103<\/strong>: Bucura\u021bi-v\u0103 de aroma cremoas\u0103, asem\u0103n\u0103toare desertului <strong>Tort de c\u0103p\u0219uni cu br\u00e2nz\u0103<\/strong>care combin\u0103 c\u0103p\u0219uni dulci, coapte cu o baz\u0103 de cheesecake bogat\u0103 \u0219i neted\u0103 pentru un r\u0103sf\u0103\u021b decadent.<\/li>\n<li><strong>Ananas de cocos<\/strong>: Transport\u0103-te \u00eentr-un paradis tropical cu combina\u021bia de <strong>Ananas dulce<\/strong> \u0219i neted <strong>coco\u0219<\/strong>cre\u00e2nd un vape de inspira\u021bie de plaj\u0103 care este at\u00e2t dulce c\u00e2t \u0219i r\u0103coritor.<\/li>\n<li><strong>Ghea\u021b\u0103 de struguri<\/strong>: <strong>Ghea\u021b\u0103 de struguri<\/strong> ofer\u0103 gustul profund \u0219i fructat al strugurilor, completat de o finish mentolat\u0103 r\u0103coritoare. Aceast\u0103 combina\u021bie este perfect\u0103 pentru cei care iubesc o arom\u0103 de fructe dulci \u0219i r\u0103coritoare, cu o not\u0103 \u00eenghe\u021bat\u0103.<\/li>\n<li><strong>Vanilie Crema<\/strong>Pentru iubitorii de desert, <strong>Vanilie Crema<\/strong> ofer\u0103 o arom\u0103 de vanilie bogat\u0103 \u0219i cremoas\u0103, cu o finishare lin\u0103 \u0219i asem\u0103n\u0103toare cremei. Este o alegere dulce \u0219i indulgent\u0103 pentru cei care apreciaz\u0103 o experien\u021b\u0103 de vape inspirat\u0103 de deserturi confortabile.<\/li>\n<li><strong>M\u0103r de ghea\u021b\u0103<\/strong>Aceast\u0103 arom\u0103 surprinde gustul crocant \u0219i proasp\u0103t al unui m\u0103r proasp\u0103t cules, accentuat de o finish mentolat\u0103 r\u0103coritoare. <strong>M\u0103r de ghea\u021b\u0103<\/strong> este amestecul perfect de dulce \u0219i r\u0103coritor cu o margine r\u0103cit\u0103.<\/li>\n<\/ol>\n<p>Cu un total de <strong>48 de arome<\/strong> Pentru a explora, nu exist\u0103 nicio lips\u0103 de varietate de care s\u0103 te bucuri cu <strong>Cutie digital\u0103 Fumot RandM 12000 de pufuri<\/strong>Indiferent dac\u0103 cau\u021bi ceva fructat, mentolat sau inspirat de desert, vei g\u0103si aroma perfect\u0103 care se potrive\u0219te dispozi\u021biei tale.<\/p>\n<h3>Comanda\u021bi Fumot RandM Digital Box 12000 Puffs de la FumotXpress.de<\/h3>\n<p>La <strong>FumotXpress.de<\/strong>Suntem m\u00e2ndri s\u0103 fim cea mai mare platform\u0103 de v\u00e2nzare cu am\u0103nuntul online pentru vape-uri de unic\u0103 folosin\u021b\u0103 din Germania. Oferim o selec\u021bie extins\u0103 de vape-uri de \u00eenalt\u0103 calitate, inclusiv <strong>Cutie digital\u0103 Fumot RandM 12000 de pufuri<\/strong>, care pot fi achizi\u021bionate f\u0103r\u0103 o cantitate minim\u0103 de comand\u0103. Indiferent dac\u0103 ave\u021bi nevoie de o unitate sau de o comand\u0103 \u00een vrac pentru grupurile de retail, avem solu\u021bia pentru dumneavoastr\u0103. Toate produsele noastre sunt expediate direct din depozitul nostru european, asigur\u00e2nd livrarea rapid\u0103 \u00een termen de <strong>3-7 zile<\/strong>.<\/p>\n<p>C\u00e2nd cumperi de la <a href=\"https:\/\/fumotxpress.de\/ro\/\"><strong>FumotXpress.de<\/strong>,<\/a> Sunte\u021bi garantat s\u0103 primi\u021bi produse originale, autentice, care respect\u0103 cele mai \u00eenalte standarde de calitate. Site-ul nostru web u\u0219or de navigat \u0219i serviciul clien\u021bi de \u00eencredere fac ca achizi\u021bionarea vape-urilor de unic\u0103 folosin\u021b\u0103 s\u0103 fie o experien\u021b\u0103 f\u0103r\u0103 probleme.<\/p>\n<h3>Concluzie<\/h3>\n<p>The \nacela\u0219i \nnu se traduce, se las\u0103 ca atare \nse las\u0103 ca atare \nThe <a href=\"https:\/\/fumotxpress.de\/ro\/\"><strong>Cutie digital\u0103 Fumot RandM 12000 de pufuri<\/strong> <\/a>este alegerea suprem\u0103 pentru vapori care cer calitate, stil \u0219i performan\u021b\u0103. Cu capacitatea sa de puf lung\u0103, volumul premium de e-lichid, bateria re\u00eenc\u0103rcabil\u0103 \u0219i op\u021biunile extinse de arome, acest dispozitiv ofer\u0103 tot ce ave\u021bi nevoie pentru o experien\u021b\u0103 de vapare superioar\u0103. Cump\u0103ra\u021bi de la <strong>FumotXpress.de<\/strong> Ast\u0103zi \u0219i bucura\u021bi-v\u0103 de transport rapid \u0219i fiabil direct din depozitul nostru european. Fie c\u0103 e\u0219ti un vaper ocazional sau un entuziast dedicat<\/p>","protected":false},"excerpt":{"rendered":"<p>Cump\u0103ra\u021bi Fumot RandM Digital Box 12000 Puffs vape pen reutilizabil \u0219i re\u00eenc\u0103rcabil la FumotXpress.de, cu nicotin\u0103 sc\u0103zut\u0103, arome premium \u0219i livrare rapid\u0103 din depozitul nostru european.<\/p>","protected":false},"featured_media":2455,"comment_status":"open","ping_status":"closed","template":"","meta":{"om_disable_all_campaigns":false},"product_brand":[],"product_cat":[24,91,92,94,95,96,97,99,101,103,104,107,108,109,111,112,78,79,80,81,82,83,84,85,86,87,88,89,90,70,73,56,61,63,65,67],"product_tag":[],"class_list":{"0":"post-960","1":"product","2":"type-product","3":"status-publish","4":"has-post-thumbnail","6":"product_cat-fumot-tornado-disposable-vapes","7":"product_cat-buy-best-disposable-vape-flavors","8":"product_cat-apple-flavor-disposable-vapes","9":"product_cat-blueberry-flavor-disposable-vapes","10":"product_cat-cherry-flavor-disposable-vapes","11":"product_cat-cola-flavor-disposable-vapes","12":"product_cat-grape-flavor-disposable-vapes","13":"product_cat-ice-flavor-disposable-vapes","14":"product_cat-lemon-flavor-disposable-vapes","15":"product_cat-mango-flavor-disposable-vapes","16":"product_cat-mint-flavor-disposable-vapes","17":"product_cat-peach-flavor-disposable-vapes","18":"product_cat-pineapple-flavor-disposable-vapes","19":"product_cat-raspberry-flavor-disposable-vapes","20":"product_cat-strawberry-flavor-disposable-vapes","21":"product_cat-watermelon-flavor-disposable-vapes","22":"product_cat-best-disposable-vape-in-europe","23":"product_cat-buy-disposable-vapes-in-austria","24":"product_cat-buy-disposable-vapes-in-belgium","25":"product_cat-buy-disposable-vapes-in-france","26":"product_cat-buy-disposable-vapes-in-germany","27":"product_cat-buy-disposable-vapes-in-italy","28":"product_cat-buy-disposable-vapes-in-netherlands","29":"product_cat-buy-disposable-vapes-in-norway","30":"product_cat-buy-disposable-vapes-in-poland","31":"product_cat-buy-disposable-vapes-in-portugal","32":"product_cat-buy-disposable-vapes-in-spain","33":"product_cat-buy-disposable-vapes-in-sweden","34":"product_cat-buy-disposable-vapes-in-switzerland","35":"product_cat-shop-disposable-vapes-by-puffs","36":"product_cat-12000-puff-disposable-vape","37":"product_cat-disposable-vape-types","38":"product_cat-big-puffs-disposable-vapes","39":"product_cat-digital-box-disposable-vapes","40":"product_cat-lower-nicotine-disposable-vapes","41":"product_cat-rechargeable-disposable-vapes","43":"first","44":"instock","45":"shipping-taxable","46":"purchasable","47":"product-type-variable"},"_links":{"self":[{"href":"https:\/\/fumotxpress.de\/ro\/wp-json\/wp\/v2\/product\/960","targetHints":{"allow":["GET"]}}],"collection":[{"href":"https:\/\/fumotxpress.de\/ro\/wp-json\/wp\/v2\/product"}],"about":[{"href":"https:\/\/fumotxpress.de\/ro\/wp-json\/wp\/v2\/types\/product"}],"replies":[{"embeddable":true,"href":"https:\/\/fumotxpress.de\/ro\/wp-json\/wp\/v2\/comments?post=960"}],"wp:featuredmedia":[{"embeddable":true,"href":"https:\/\/fumotxpress.de\/ro\/wp-json\/wp\/v2\/media\/2455"}],"wp:attachment":[{"href":"https:\/\/fumotxpress.de\/ro\/wp-json\/wp\/v2\/media?parent=960"}],"wp:term":[{"taxonomy":"product_brand","embeddable":true,"href":"https:\/\/fumotxpress.de\/ro\/wp-json\/wp\/v2\/product_brand?post=960"},{"taxonomy":"product_cat","embeddable":true,"href":"https:\/\/fumotxpress.de\/ro\/wp-json\/wp\/v2\/product_cat?post=960"},{"taxonomy":"product_tag","embeddable":true,"href":"https:\/\/fumotxpress.de\/ro\/wp-json\/wp\/v2\/product_tag?post=960"}],"curies":[{"name":"wp","href":"https:\/\/api.w.org\/{rel}","templated":true}]}}