{"id":877,"date":"2024-11-05T08:14:12","date_gmt":"2024-11-05T08:14:12","guid":{"rendered":"https:\/\/fumotxpress.de\/?post_type=product&#038;p=877"},"modified":"2025-07-16T07:27:51","modified_gmt":"2025-07-16T07:27:51","slug":"depozit-european-smpo-dl02-10000-puf-uri-cu-nicotina-scazuta-cumpara-stilou-original-authentisch-reincarcabil-de-unica-folosinta","status":"publish","type":"product","link":"https:\/\/fumotxpress.de\/ro\/produs\/depozit-european-smpo-dl02-10000-puf-uri-cu-nicotina-scazuta-cumpara-stilou-original-authentisch-reincarcabil-de-unica-folosinta\/","title":{"rendered":"Depozitul European SMPO Shisha 10000  Puff-uri Nicotin\u0103 Sc\u0103zut\u0103 Cump\u0103ra\u021bi Vape Pen Re\u00eenc\u0103rcabil de Unic\u0103 Folosin\u021b\u0103 Autentic Original"},"content":{"rendered":"<h2>Depozitul European <strong>SMPO Shisha 10000 Puffs 10000 Puffs<\/strong> Re\u00eenc\u0103rcabil\u0103 Vaporizator de Unic\u0103 Folosin\u021b\u0103: Experien\u021b\u0103 Premium de Vaping pentru Entuzia\u0219tii de Vapoare din Germania<\/h2>\n<p>La FumotXpress, cea mai mare platform\u0103 de retail online din Germania pentru vape de unic\u0103 folosin\u021b\u0103, suntem \u00eenc\u00e2nta\u021bi s\u0103 prezent\u0103m\u00a0<a href=\"https:\/\/fumotxpress.de\/ro\/produs\/depozit-european-smpo-dl02-10000-puf-uri-cu-nicotina-scazuta-cumpara-stilou-original-authentisch-reincarcabil-de-unica-folosinta\/\"><strong>Pen\u0103 de vape reutilizabil\u0103 SMPO Shisha DL02 10000 pufuri, de unic\u0103 folosin\u021b\u0103<\/strong><\/a>Conceput pentru cei care caut\u0103 performan\u021be de vaporizare de top f\u0103r\u0103 compromisuri, SMPO DL02 ofer\u0103 p\u00e2n\u0103 la 10.000 de pufuri de arom\u0103 premium \u0219i produc\u021bie de vapori constant\u0103. Indiferent dac\u0103 sunte\u021bi un vaper experimentat sau abia \u00eencepe\u021bi c\u0103l\u0103toria de vaporizare, acest dispozitiv este conceput pentru a oferi o experien\u021b\u0103 excep\u021bional\u0103 de la prima puf\u0103tur\u0103 p\u00e2n\u0103 la ultima.<\/p>\n<p>Acest produs este disponibil \u00een pachete mari convenabile, permi\u021b\u00e2ndu-v\u0103 s\u0103 v\u0103 aproviza\u021bi pentru o perioad\u0103 lung\u0103 de utilizare sau \u00een scopuri de v\u00e2nzare cu am\u0103nuntul. F\u0103r\u0103 cantitate minim\u0103 de comand\u0103 \u0219i cu livrare rapid\u0103 din depozitul nostru european, FumotXpress asigur\u0103 c\u0103 nevoile dvs. de vaporizare sunt satisf\u0103cute rapid \u0219i eficient \u00een \u00eentreaga UE.<\/p>\n<p><img loading=\"lazy\" decoding=\"async\" class=\"alignnone size-full wp-image-815\" src=\"https:\/\/fumotxpress.de\/wp-content\/uploads\/2024\/11\/SMPO-DL02-10000-Zuge-4-scaled-1.webp\" alt=\"SMPO-DL02-10000-Zuge\" width=\"2560\" height=\"2560\" srcset=\"https:\/\/fumotxpress.de\/wp-content\/uploads\/2024\/11\/SMPO-DL02-10000-Zuge-4-scaled-1.webp 2560w, https:\/\/fumotxpress.de\/wp-content\/uploads\/2024\/11\/SMPO-DL02-10000-Zuge-4-scaled-1-247x247.webp 247w, https:\/\/fumotxpress.de\/wp-content\/uploads\/2024\/11\/SMPO-DL02-10000-Zuge-4-scaled-1-100x100.webp 100w, https:\/\/fumotxpress.de\/wp-content\/uploads\/2024\/11\/SMPO-DL02-10000-Zuge-4-scaled-1-600x600.webp 600w, https:\/\/fumotxpress.de\/wp-content\/uploads\/2024\/11\/SMPO-DL02-10000-Zuge-4-scaled-1-300x300.webp 300w, https:\/\/fumotxpress.de\/wp-content\/uploads\/2024\/11\/SMPO-DL02-10000-Zuge-4-scaled-1-1024x1024.webp 1024w, https:\/\/fumotxpress.de\/wp-content\/uploads\/2024\/11\/SMPO-DL02-10000-Zuge-4-scaled-1-150x150.webp 150w, https:\/\/fumotxpress.de\/wp-content\/uploads\/2024\/11\/SMPO-DL02-10000-Zuge-4-scaled-1-768x768.webp 768w, https:\/\/fumotxpress.de\/wp-content\/uploads\/2024\/11\/SMPO-DL02-10000-Zuge-4-scaled-1-1536x1536.webp 1536w, https:\/\/fumotxpress.de\/wp-content\/uploads\/2024\/11\/SMPO-DL02-10000-Zuge-4-scaled-1-2048x2048.webp 2048w\" sizes=\"auto, (max-width: 2560px) 100vw, 2560px\" \/><\/p>\n<h3>De ce s\u0103 alegi stiloul vape de unic\u0103 folosin\u021b\u0103 SMPO DL02?<\/h3>\n<p>The \nacela\u0219i \nnu se traduce, se las\u0103 ca atare \nse las\u0103 ca atare \nThe\u00a0<a href=\"https:\/\/fumotxpress.de\/ro\/\"><strong>SMPOShisha DL02<\/strong>\u00a0<\/a>se remarc\u0103 printre stilourile vape de unic\u0103 folosin\u021b\u0103 datorit\u0103 durabilit\u0103\u021bii sale remarcabile \u0219i caracteristicilor de ultim\u0103 or\u0103. Acest dispozitiv este conceput pentru a oferi o experien\u021b\u0103 de vapare f\u0103r\u0103 \u00eentreruperi, cu o performan\u021b\u0103 de lung\u0103 durat\u0103 \u0219i o gam\u0103 satisf\u0103c\u0103toare de arome. Iat\u0103 de ce\u00a0<strong>SMPO shisha DL02<\/strong>\u00a0este o alegere de top pentru vapori:<\/p>\n<ul>\n<li><strong>10.000 de puf-uri capacitate<\/strong>Cu o cantitate incredibil\u0103 de 10.000 de pufuri per dispozitiv, SMPO DL02 ofer\u0103 una dintre experien\u021bele cu cea mai lung\u0103 durat\u0103 din categoria vape-urilor de unic\u0103 folosin\u021b\u0103. Aceast\u0103 capacitate extins\u0103 v\u0103 asigur\u0103 c\u0103 v\u0103 bucura\u021bi de vape pentru o perioad\u0103 prelungit\u0103 f\u0103r\u0103 s\u0103 v\u0103 face\u021bi griji cu privire la \u00eenlocuirile frecvente.<\/li>\n<li><strong>Baterie Re\u00eenc\u0103rcabil\u0103 750mAh<\/strong>Bateria puternic\u0103 \u0219i re\u00eenc\u0103rcabil\u0103 asigur\u0103 performan\u021be fiabile pe toat\u0103 durata ciclului de via\u021b\u0103 al dispozitivului. Pur \u0219i simplu re\u00eenc\u0103rca\u021bi prin USB-C pentru utilizare continu\u0103.<\/li>\n<li><strong>Tehnologia de protec\u021bie \u00eempotriva c\u0103ldurii uscate CRUX<\/strong>Aceast\u0103 caracteristic\u0103 inovatoare previne supra\u00eenc\u0103lzirea \u0219i asigur\u0103 c\u0103 vape-ul dvs. produce un gust constant la fiecare tragere.<\/li>\n<li><strong>0,6\u03a9 Mesh Coil<\/strong>: Bobina mesh asigur\u0103 o \u00eenc\u0103lzire rapid\u0103 \u0219i o vaporizare lin\u0103, optimiz\u00e2nd consumul de energie pentru o experien\u021b\u0103 de vaping mai lung\u0103 \u0219i mai eficient\u0103.<\/li>\n<li><strong>Capacitate E-Liquid 20ml<\/strong>: Cu un rezervor generos de e-lichid, SMPO DL02 asigur\u0103 c\u0103 ave\u021bi suficient lichid pentru sesiuni lungi \u0219i pl\u0103cute, f\u0103c\u00e2nd realiment\u0103rile o amintire a trecutului.<\/li>\n<li><strong>Controlul debitului de aer reglabil<\/strong>: Personalizeaz\u0103 experien\u021ba ta de vaporizare cu fluxul de aer reglabil, care \u00ee\u021bi permite s\u0103 ajustezi densitatea vaporilor \u00een func\u021bie de preferin\u021bele tale, fie c\u0103 \u00ee\u021bi plac loviturile subtile sau nori gro\u0219i.<\/li>\n<li><strong>Design Ergonomic \u0219i Compact<\/strong>Designul elegant \u0219i ergonomic face ca SMPO Shisha DL02 s\u0103 fie confortabil de \u021binut \u0219i u\u0219or de transportat, ceea ce \u00eel face ideal pentru utilizare \u00een deplasare.<\/li>\n<\/ul>\n<h3>SMPO DL02 \u2013 O Alegere Premium pentru Vaperi<\/h3>\n<p>The \nacela\u0219i \nnu se traduce, se las\u0103 ca atare \nse las\u0103 ca atare \nThe\u00a0<strong>SMPO Shisha DL02 10000 Puffs Vaporizator de unic\u0103 folosin\u021b\u0103<\/strong>\u00a0este conceput pentru a satisface nevoile vaperilor moderni care prioritizeaz\u0103 performan\u021ba, aroma \u0219i comoditatea. Indiferent dac\u0103 e\u0219ti un vaper ocazional sau un utilizator regulat, acest vape pen garanteaz\u0103 satisfac\u021bie prin combina\u021bia sa de construc\u021bie durabil\u0103 \u0219i caracteristici inovatoare.<\/p>\n<p>La\u00a0<strong>FumotXpress<\/strong>Ne m\u00e2ndrim s\u0103 oferim acest produs premium, procurat direct de la produc\u0103tori de \u00eencredere. Pute\u021bi achizi\u021biona produsul \u00een cantit\u0103\u021bi mari, f\u0103r\u0103 cerin\u021be minime de comand\u0103, ceea ce \u00eel face o op\u021biune excelent\u0103 at\u00e2t pentru utilizatorii individuali, c\u00e2t \u0219i pentru grupurile de retail. Expediem direct din depozitul nostru european, asigur\u00e2nd timpi de livrare rapizi \u00een termen de 3-7 zile \u00een \u00eentreaga UE.<\/p>\n<h3>Alegerea Aromelor: Un Spectru de Gusturi Bogate<\/h3>\n<p>The \nacela\u0219i \nnu se traduce, se las\u0103 ca atare \nse las\u0103 ca atare \nThe\u00a0<strong>SMPO DL02<\/strong>\u00a0<a href=\"https:\/\/fumotxpress.de\/ro\/\">Vaporizor de unic\u0103 folosin\u021b\u0103<\/a> este disponibil \u00eentr-o gam\u0103 larg\u0103 de arome, permi\u021b\u00e2ndu-v\u0103 s\u0103 v\u0103 bucura\u021bi de o experien\u021b\u0103 de vaporizare nou\u0103 la fiecare puf. Mai jos este o privire detaliat\u0103 asupra diferitelor profiluri de arom\u0103 din care pute\u021bi alege:<\/p>\n<ol>\n<li><strong>Suc de mango<\/strong><br \/>\nAcest gust tropical explodeaz\u0103 cu dulcea\u021ba mangoilor coapte, oferind o experien\u021b\u0103 r\u0103coritoare \u0219i exotic\u0103 care te transport\u0103 direct pe o plaj\u0103 \u00eensorit\u0103. Perfect pentru cei care t\u00e2njesc dup\u0103 o experien\u021b\u0103 dulce \u0219i fructat\u0103.<\/li>\n<li><strong>Past\u0103 de arahide<\/strong><br \/>\nO arom\u0103 unic\u0103 \u0219i indulgent\u0103 care combin\u0103 bog\u0103\u021bia cremoas\u0103 \u0219i nucat\u0103 a untului de arahide cu o finishare lin\u0103. Ideal\u0103 pentru cei care apreciaz\u0103 o experien\u021b\u0103 de vaping mai s\u0103rat\u0103, este perfect\u0103 pentru utilizare zilnic\u0103.<\/li>\n<li><strong>Gelat de c\u0103p\u0219uni<\/strong><br \/>\nO combina\u021bie dulce \u0219i cremoas\u0103 de c\u0103p\u0219uni proaspete \u0219i \u00eenghe\u021bat\u0103 catifelat\u0103, aceast\u0103 arom\u0103 ofer\u0103 o experien\u021b\u0103 de desert satisf\u0103c\u0103toare. Este o op\u021biune neted\u0103 \u0219i r\u0103coritoare care ofer\u0103 un echilibru \u00eenc\u00e2nt\u0103tor de note fructate \u0219i cremoase.<\/li>\n<li><strong>Bomboane de l\u0103m\u00e2ie<\/strong><br \/>\nDac\u0103 e\u0219ti un fan al aromelor citrice, aceast\u0103 esen\u021b\u0103 de l\u0103m\u00e2ie zesty \u0219i acr\u0103, amestecat\u0103 cu o dulcea\u021b\u0103 zaharoas\u0103, te va l\u0103sa cu papilele gustative \u00eenfiorate. Este alegerea perfect\u0103 pentru cei care prefer\u0103 un profil de arom\u0103 proasp\u0103t \u0219i puternic, cu un final dulce.<\/li>\n<li><strong>Amestec de Fructe de P\u0103dure<\/strong><br \/>\nO amestec vibrant de fructe de p\u0103dure amestecate, aceast\u0103 arom\u0103 reune\u0219te c\u0103p\u0219uni dulci, zmeur\u0103 acr\u0103 \u0219i afine suculente. Este un echilibru perfect de arome fructate care este at\u00e2t de r\u0103coritor, c\u00e2t \u0219i de satisf\u0103c\u0103tor.<\/li>\n<li><strong>Strawberry Kiwi \n\n becomes \n\n Capsuni Kiwi<\/strong><br \/>\nO fuziune perfect\u0103 de c\u0103p\u0219uni dulci \u0219i kiwi acri\u0219or, aceast\u0103 combina\u021bie ofer\u0103 un gust proasp\u0103t \u0219i vibrant, care este at\u00e2t acru, c\u00e2t \u0219i dulce. Este un gust care mul\u021bume\u0219te pe toat\u0103 lumea \u0219i care este ideal pentru iubitorii de vape cu fructe.<\/li>\n<li><strong>Cranberry Grape<\/strong><br \/>\nAcest gust dinamictrebuie  \u00eempreun\u0103 aciditatea meri\u0219orului \u0219i dulcea\u021ba profund\u0103 a strugurilor. Rezultatul este o vape perfect echilibrat\u0103 care ofer\u0103 at\u00e2t complexitate, c\u00e2t \u0219i satisfac\u021bie la fiecare puf.<\/li>\n<li><strong>Ghea\u021b\u0103 de pepene verde<\/strong><br \/>\nDac\u0103 iube\u0219ti aromele reci \u0219i r\u0103coritoare,\u00a0<strong>Ghea\u021b\u0103 de pepene verde<\/strong>\u00a0va fi exact ceea ce trebuie. Gustul suculent \u0219i dulce al pepenelui verde este completat de o finish r\u0103coritoare \u0219i \u00eenghe\u021bat\u0103 care este perfect\u0103 pentru zilele calde sau c\u00e2nd vrei ceva u\u0219or \u0219i revigorant.<\/li>\n<li><strong>Ghea\u021b\u0103 de Afine<\/strong><br \/>\nAceast\u0103 arom\u0103 combin\u0103 afine coapte cu o explozie de mentol crocant\u0103 \u0219i r\u0103coroas\u0103. Rezultatul este o vapare lin\u0103 \u0219i r\u0103refreshant\u0103, cu o baz\u0103 dulce de fructe \u0219i o finish mentolat\u0103, f\u0103c\u00e2nd-o o vapare perfect\u0103 pentru toat\u0103 ziua.<\/li>\n<li><strong>Vanilie Tutun<\/strong><br \/>\nPentru cei care prefer\u0103 un gust mai clasic,\u00a0<strong>Vanilie Tutun<\/strong>\u00a0ofer\u0103 o combina\u021bie lin\u0103 \u0219i bogat\u0103 de tutun robust \u0219i dulcea\u021ba subtil\u0103 a vaniliei. Este un gust rafinat \u0219i echilibrat, perfect pentru cei care apreciaz\u0103 o vape mai tradi\u021bional\u0103 cu o not\u0103 de dulcea\u021b\u0103.<\/li>\n<\/ol>\n<h3>De ce s\u0103 cump\u0103ra\u021bi stiloul vape de unic\u0103 folosin\u021b\u0103 SMPO DL02?<\/h3>\n<p>Exist\u0103 mai multe motive pentru care\u00a0<strong>SMPO Shishi DL02 10000 Puffs Disposable Vape Pen<\/strong>\u00a0este o alegere excelent\u0103 pentru nevoile dvs. de vaporizare:<\/p>\n<ul>\n<li><strong>Performan\u021b\u0103 de Lung\u0103 Durat\u0103<\/strong>: Cu capacitatea sa impresionant\u0103 de 10.000 de pufuri, v\u0103 pute\u021bi bucura de sesiuni prelungite de vaporizare f\u0103r\u0103 a fi nevoie de \u00eenlocuiri frecvente.<\/li>\n<li><strong>Re\u00eenc\u0103rcabile comoditate<\/strong>Bateria re\u00eenc\u0103rcabil\u0103 de 750mAh asigur\u0103 c\u0103 pute\u021bi utiliza vape-ul pentru o perioad\u0103 lung\u0103 de timp \u00eenainte de a fi nevoie s\u0103 o re\u00eenc\u0103rca\u021bi, reduc\u00e2nd de\u0219eurile \u0219i \u00eembun\u0103t\u0103\u021bind experien\u021ba dvs.<\/li>\n<li><strong>Func\u021bii avansate<\/strong>: Protec\u021bia CRUX \u00eempotriva c\u0103ldurii uscate, tehnologia mesh coil \u0219i fluxul de aer reglabil asigur\u0103 o experien\u021b\u0103 de vaporizare superioar\u0103 care rivalizeaz\u0103 cu alte dispozitive de unic\u0103 folosin\u021b\u0103 de pe pia\u021b\u0103.<\/li>\n<li><strong>Vast\u0103 Selec\u021bie de Arome<\/strong>: Cu o varietate de arome incitante,\u00a0<strong>SMPO DL02<\/strong>\u00a0Este perfect pentru cei care vor s\u0103 exploreze diferite experien\u021be de gust.<\/li>\n<li><strong>Nu exist\u0103 cerin\u021b\u0103 minim\u0103 de comand\u0103<\/strong>: Indiferent dac\u0103 cump\u0103ra\u021bi pentru utilizare personal\u0103 sau pentru v\u00e2nzare cu am\u0103nuntul, pute\u021bi cump\u0103ra chiar \u0219i un singur stilou, f\u0103r\u0103 o cantitate minim\u0103 de comand\u0103.<\/li>\n<li><strong>Livrare rapid\u0103 \u00een UE<\/strong>FumotXpress ofer\u0103 transport rapid \u0219i fiabil \u00een toat\u0103 UE, produsele fiind livrate \u00een termen de 3-7 zile.<\/li>\n<\/ul>\n<h3>Comanda\u021bi Ast\u0103zi Vape Pen-ul De Unic\u0103 Folosin\u021b\u0103 SMPO DL02 10000 Puffs<\/h3>\n<p>The \nacela\u0219i \nnu se traduce, se las\u0103 ca atare \nse las\u0103 ca atare \nThe\u00a0<strong><a href=\"https:\/\/fumotxpress.de\/ro\/\">SMPO Shashi DL02 10000 Puffs<\/a> Vaporizor de unic\u0103 folosin\u021b\u0103<\/strong>\u00a0este acum disponibil pentru cump\u0103rare la FumotXpress.de, cel mai important retailer din Germania de vape-uri de unic\u0103 folosin\u021b\u0103. Cu o gam\u0103 larg\u0103 de arome, caracteristici de \u00eenalt\u0103 performan\u021b\u0103 \u0219i expediere rapid\u0103 din depozitul nostru european, acesta este dispozitivul suprem at\u00e2t pentru vapori ocazionali, c\u00e2t \u0219i pentru entuzia\u0219ti. Vizita\u021bi\u00a0<a href=\"https:\/\/fumotxpress.de\/ro\/\"><strong>FumotXpress.de<\/strong><\/a>\u00a0Pentru a comanda acum \u0219i a v\u0103 bucura de o livrare rapid\u0103 \u0219i sigur\u0103 direct la u\u0219a dumneavoastr\u0103.<\/p>\n<p>Pentru toate nevoile dvs. de vape de unic\u0103 folosin\u021b\u0103, ave\u021bi \u00eencredere \u00een FumotXpress pentru calitate, servicii \u0219i satisfac\u021bie!<\/p>","protected":false},"excerpt":{"rendered":"<p>Cump\u0103r\u0103 <strong>SMPO DL02 10000 Puffs Rechargeable Disposable Vape Pen<\/strong> la FumotXpress.de. Bucura\u021bi-v\u0103 de performan\u021b\u0103 de lung\u0103 durat\u0103, vapori netezi \u0219i o gam\u0103 larg\u0103 de arome cu livrare rapid\u0103 \u00een UE!<\/p>","protected":false},"featured_media":875,"comment_status":"open","ping_status":"closed","template":"","meta":{"om_disable_all_campaigns":false},"product_brand":[],"product_cat":[22,91,94,97,99,100,101,103,104,105,111,112,78,79,80,81,82,83,84,85,86,87,88,89,90,70,72,56,61,65,67],"product_tag":[],"class_list":{"0":"post-877","1":"product","2":"type-product","3":"status-publish","4":"has-post-thumbnail","6":"product_cat-smpo-dl02-disposable-vapes","7":"product_cat-buy-best-disposable-vape-flavors","8":"product_cat-blueberry-flavor-disposable-vapes","9":"product_cat-grape-flavor-disposable-vapes","10":"product_cat-ice-flavor-disposable-vapes","11":"product_cat-kiwi-flavor-disposable-vapes","12":"product_cat-lemon-flavor-disposable-vapes","13":"product_cat-mango-flavor-disposable-vapes","14":"product_cat-mint-flavor-disposable-vapes","15":"product_cat-mixed-berries-flavor-disposable-vapes","16":"product_cat-strawberry-flavor-disposable-vapes","17":"product_cat-watermelon-flavor-disposable-vapes","18":"product_cat-best-disposable-vape-in-europe","19":"product_cat-buy-disposable-vapes-in-austria","20":"product_cat-buy-disposable-vapes-in-belgium","21":"product_cat-buy-disposable-vapes-in-france","22":"product_cat-buy-disposable-vapes-in-germany","23":"product_cat-buy-disposable-vapes-in-italy","24":"product_cat-buy-disposable-vapes-in-netherlands","25":"product_cat-buy-disposable-vapes-in-norway","26":"product_cat-buy-disposable-vapes-in-poland","27":"product_cat-buy-disposable-vapes-in-portugal","28":"product_cat-buy-disposable-vapes-in-spain","29":"product_cat-buy-disposable-vapes-in-sweden","30":"product_cat-buy-disposable-vapes-in-switzerland","31":"product_cat-shop-disposable-vapes-by-puffs","32":"product_cat-10000-puff-disposable-vape","33":"product_cat-disposable-vape-types","34":"product_cat-big-puffs-disposable-vapes","35":"product_cat-lower-nicotine-disposable-vapes","36":"product_cat-rechargeable-disposable-vapes","38":"first","39":"outofstock","40":"shipping-taxable","41":"product-type-variable"},"_links":{"self":[{"href":"https:\/\/fumotxpress.de\/ro\/wp-json\/wp\/v2\/product\/877","targetHints":{"allow":["GET"]}}],"collection":[{"href":"https:\/\/fumotxpress.de\/ro\/wp-json\/wp\/v2\/product"}],"about":[{"href":"https:\/\/fumotxpress.de\/ro\/wp-json\/wp\/v2\/types\/product"}],"replies":[{"embeddable":true,"href":"https:\/\/fumotxpress.de\/ro\/wp-json\/wp\/v2\/comments?post=877"}],"wp:featuredmedia":[{"embeddable":true,"href":"https:\/\/fumotxpress.de\/ro\/wp-json\/wp\/v2\/media\/875"}],"wp:attachment":[{"href":"https:\/\/fumotxpress.de\/ro\/wp-json\/wp\/v2\/media?parent=877"}],"wp:term":[{"taxonomy":"product_brand","embeddable":true,"href":"https:\/\/fumotxpress.de\/ro\/wp-json\/wp\/v2\/product_brand?post=877"},{"taxonomy":"product_cat","embeddable":true,"href":"https:\/\/fumotxpress.de\/ro\/wp-json\/wp\/v2\/product_cat?post=877"},{"taxonomy":"product_tag","embeddable":true,"href":"https:\/\/fumotxpress.de\/ro\/wp-json\/wp\/v2\/product_tag?post=877"}],"curies":[{"name":"wp","href":"https:\/\/api.w.org\/{rel}","templated":true}]}}