{"id":52,"date":"2024-09-23T08:32:31","date_gmt":"2024-09-23T08:32:31","guid":{"rendered":"https:\/\/fumotxpress.de\/?post_type=product&#038;p=52"},"modified":"2025-07-13T13:10:35","modified_gmt":"2025-07-13T13:10:35","slug":"fizzy-great-10000-puf-uri-2-5-grame-cu-nicotina-scazuta-vape-reincarcabile-de-unica-folosinta","status":"publish","type":"product","link":"https:\/\/fumotxpress.de\/ro\/produs\/fizzy-great-10000-puf-uri-2-5-grame-cu-nicotina-scazuta-vape-reincarcabile-de-unica-folosinta\/","title":{"rendered":"Fizzy Great 10000 Puffs 2% 5% Nicotin\u0103 Sc\u0103zut\u0103  BAR Gramm Vape Rechargeabile de Unic\u0103 Folosin\u021b\u0103"},"content":{"rendered":"<h2><strong>Vaping f\u0103r\u0103 precedent cu Fizzy Great 10000 Puffs Disposable Vape<\/strong><\/h2>\n<p>The \nacela\u0219i \nnu se traduce, se las\u0103 ca atare \nse las\u0103 ca atare \nThe<a href=\"https:\/\/fumotxpress.de\/ro\/produs\/fizzy-great-10000-puf-uri-2-5-grame-cu-nicotina-scazuta-vape-reincarcabile-de-unica-folosinta\/\"> <strong>Fizzy Great 10000 Puffs<\/strong> Vaporizator de unic\u0103 folosin\u021b\u0103<\/a> redefineste standardele pentru vape-urile de unic\u0103 folosin\u021b\u0103 cu num\u0103rul s\u0103u extins de pufuri, confortul re\u00eenc\u0103rcabil \u0219i livrarea superioar\u0103 a aromei. Combin\u00e2nd tehnologia de v\u00e2rf pentru vape cu un design compact \u0219i elegant, acest vape de unic\u0103 folosin\u021b\u0103 este perfect at\u00e2t pentru vaperii \u00eencep\u0103tori, c\u00e2t \u0219i pentru cei experimenta\u021bi care caut\u0103 calitate \u0219i u\u0219urin\u021b\u0103 \u00een utilizare. Fiecare dispozitiv ofer\u0103 \u00eentre 21.000 \u0219i 51.000 de pufuri, cu op\u021biuni de nicotin\u0103 sc\u0103zut\u0103, adapt\u00e2ndu-se astfel la utilizatorii care caut\u0103 o experien\u021b\u0103 de vape personalizat\u0103, cu o longevitate impresionant\u0103.<\/p>\n<p><strong>Disponibil la FumotXpress.de<\/strong>cea mai mare platform\u0103 de retail online din Germania pentru vape de unic\u0103 folosin\u021b\u0103,<a href=\"https:\/\/fumotxpress.de\/ro\/\"> Fizzy<\/a> M\u0103rfurile sunt expediate din depozitul nostru european, asigur\u00e2nd livrarea prompt\u0103 \u00een UE \u00een termen de 3-7 zile. Site-ul nostru ofer\u0103 o politic\u0103 de cantitate de comand\u0103 f\u0103r\u0103 minimum, permi\u021b\u00e2nd clien\u021bilor no\u0219tri s\u0103 ordone doar o unitate sau mai multe pentru a se potrivi nevoilor lor.<\/p>\n<p><img loading=\"lazy\" decoding=\"async\" class=\"alignnone size-full wp-image-190\" src=\"https:\/\/fumotxpress.de\/wp-content\/uploads\/2024\/09\/Fizzy-Great-10000-Puffs-2-5-Low-Nicotine-Rechargeable-Disposable-Vapes-scaled.jpg\" alt=\"Fizzy Great 10000 Puffs 2% 5% Vape de unic\u0103 folosin\u021b\u0103 re\u00eenc\u0103rcabile cu nicotin\u0103 sc\u0103zut\u0103.\" width=\"1810\" height=\"2560\" srcset=\"https:\/\/fumotxpress.de\/wp-content\/uploads\/2024\/09\/Fizzy-Great-10000-Puffs-2-5-Low-Nicotine-Rechargeable-Disposable-Vapes-scaled.jpg 1810w, https:\/\/fumotxpress.de\/wp-content\/uploads\/2024\/09\/Fizzy-Great-10000-Puffs-2-5-Low-Nicotine-Rechargeable-Disposable-Vapes-scaled-600x849.jpg 600w, https:\/\/fumotxpress.de\/wp-content\/uploads\/2024\/09\/Fizzy-Great-10000-Puffs-2-5-Low-Nicotine-Rechargeable-Disposable-Vapes-212x300.jpg 212w, https:\/\/fumotxpress.de\/wp-content\/uploads\/2024\/09\/Fizzy-Great-10000-Puffs-2-5-Low-Nicotine-Rechargeable-Disposable-Vapes-724x1024.jpg 724w, https:\/\/fumotxpress.de\/wp-content\/uploads\/2024\/09\/Fizzy-Great-10000-Puffs-2-5-Low-Nicotine-Rechargeable-Disposable-Vapes-768x1086.jpg 768w, https:\/\/fumotxpress.de\/wp-content\/uploads\/2024\/09\/Fizzy-Great-10000-Puffs-2-5-Low-Nicotine-Rechargeable-Disposable-Vapes-1086x1536.jpg 1086w, https:\/\/fumotxpress.de\/wp-content\/uploads\/2024\/09\/Fizzy-Great-10000-Puffs-2-5-Low-Nicotine-Rechargeable-Disposable-Vapes-1448x2048.jpg 1448w\" sizes=\"auto, (max-width: 1810px) 100vw, 1810px\" \/><\/p>\n<h3>Caracteristici care diferen\u021biaz\u0103 Fizzy Great<\/h3>\n<p>Pachetele de vape de unic\u0103 folosin\u021b\u0103 Fizzy Great includ caracteristici premium, de la o baterie re\u00eenc\u0103rcabil\u0103 de mare capacitate la un sistem inovativ de bobine. Iat\u0103 ce o face o alegere de top:<\/p>\n<ul>\n<li><strong>P\u00e2n\u0103 la 10.000 de pufuri<\/strong>: O capacitate masiv\u0103 conceput\u0103 pentru utilizare prelungit\u0103, ideal\u0103 pentru cei care caut\u0103 confortul de durat\u0103.<\/li>\n<li><strong>Baterie re\u00eenc\u0103rcabil\u0103 650mAh<\/strong>Bateria re\u00eenc\u0103rcabil\u0103 minimizeaz\u0103 de\u0219eurile, prelunge\u0219te durata de via\u021b\u0103 a dispozitivului \u0219i maximizeaz\u0103 valoarea.<\/li>\n<li><strong>Capacitate E-Liquid 18ml<\/strong>Asigur\u0103 o utilizare sus\u021binut\u0103 cu reumpleri minime, perfect\u0103 pentru o experien\u021b\u0103 de vapare f\u0103r\u0103 griji.<\/li>\n<li><strong>Tehnologie Mesh Coil<\/strong>: Bobina avansat\u0103 cu plas\u0103 promoveaz\u0103 arome bogate \u0219i intense la fiecare puf, \u00eembun\u0103t\u0103\u021bind profilul de arom\u0103.<\/li>\n<li><strong>Op\u021biuni cu con\u021binut sc\u0103zut de nicotin\u0103 (2% \u0219i 5%)<\/strong>Ofer\u0103 o putere de nicotin\u0103 personalizabil\u0103, permi\u021b\u00e2ndu-v\u0103 s\u0103 alege\u021bi \u00een func\u021bie de preferin\u021bele dvs.<\/li>\n<li><strong>Compact \u0219i portabil<\/strong>Designul u\u0219or \u0219i durabil \u00eel face u\u0219or de transportat oriunde, men\u021bin\u00e2nd distrac\u021bia la \u00eendem\u00e2n\u0103 \u00een orice moment.<\/li>\n<li><strong>Design Eco-Friendly<\/strong>: Tehnologia re\u00eenc\u0103rcabil\u0103 reduce de\u0219eurile, f\u0103c\u00e2nd-o o alegere con\u0219tient\u0103 din punct de vedere ecologic.<\/li>\n<\/ul>\n<p>Fiecare element al dispozitivului Fizzy Great 10000 Puffs Disposable Vape a fost conceput cu aten\u021bie pentru a oferi o experien\u021b\u0103 de vaporizare lin\u0103 \u0219i pl\u0103cut\u0103. Cu func\u021bionalitatea sa re\u00eenc\u0103rcabil\u0103 \u0219i puterea de lung\u0103 durat\u0103, acesta se remarc\u0103 ca o op\u021biune premium printre dispozitivele de vaporizare de unic\u0103 folosin\u021b\u0103.<\/p>\n<h3>O Aventur\u0103 Savorat\u0103 cu Fizzy Great<\/h3>\n<p>The \nacela\u0219i \nnu se traduce, se las\u0103 ca atare \nse las\u0103 ca atare \nThe <strong>Fizzy Great 10000 Puffs Vaporizator de unic\u0103 folosin\u021b\u0103<\/strong> este creat cu o varietate de arome r\u0103coritoare care se potrivesc cu diverse gusturi. Fiecare profil de arom\u0103 este bogat \u0219i satisf\u0103c\u0103tor, conceput pentru a oferi o experien\u021b\u0103 lin\u0103 \u0219i plin\u0103 de corp de la prima puf\u0103tur\u0103 p\u00e2n\u0103 la ultima. Iat\u0103 o selec\u021bie atr\u0103g\u0103toare de arome disponibile la Fizzy Great:<\/p>\n<ol>\n<li><strong>Limonad\u0103<\/strong>O amestec luminos \u0219i zesty care aduce o atingere de var\u0103 cu fiecare inhalare.<\/li>\n<li><strong>Stafid\u0103 de pepene verde<\/strong>: Dulci c\u0103p\u0219uni \u0219i pepene verde suculent se unesc \u00eentr-o pereche perfect\u0103.<\/li>\n<li><strong>Ghea\u021b\u0103 de Afine<\/strong>Mure coapte, \u00eembun\u0103t\u0103\u021bite cu o finish mentolat\u0103 r\u0103coritoare.<\/li>\n<li><strong>P\u0103r Mango<\/strong>O combina\u021bie tropical\u0103 de piersic\u0103 \u0219i mango cu un gust bogat \u0219i neted.<\/li>\n<li><strong>R\u0103citor de Ment\u0103<\/strong>: Aroma clasic\u0103 de ment\u0103 care este at\u00e2t de r\u0103coritoare, c\u00e2t \u0219i invigorant\u0103.<\/li>\n<li><strong>Fructe de p\u0103dure amestecate<\/strong>O amestec\u0103tur\u0103 de fructe de p\u0103dure pentru un profil echilibrat, acru \u0219i dulce.<\/li>\n<li><strong>Pineapple Ice<\/strong>: Arom\u0103 exotic\u0103 de ananas cu o expira\u021bie r\u0103coritoare pentru o \u00eentors\u0103tur\u0103 tropical\u0103.<\/li>\n<li><strong>M\u0103r Ro\u0219u Ghea\u021b\u0103<\/strong>Gust de m\u0103r crocant, completat de o not\u0103 de mentol r\u0103coritor.<\/li>\n<li><strong>Strawberry Banana<\/strong>: Banana neted\u0103 \u0219i c\u0103p\u0219uni proaspete se combin\u0103 pentru un amestec cremos.<\/li>\n<li><strong>Aloe Grape<\/strong>: Gust unic de aloe cu o finishare dulce de struguri.<\/li>\n<\/ol>\n<p>Fiecare arom\u0103 ofer\u0103 o experien\u021b\u0103 unic\u0103, creat\u0103 pentru a oferi satisfac\u021bie \u0219i pl\u0103cere la fiecare puf. Indiferent dac\u0103 prefera\u021bi ceva fructat, mentolat sau tropical, selec\u021bia Fizzy Great are ceva care s\u0103 satisfac\u0103 toate gusturile.<\/p>\n<h3>De ce s\u0103 alege\u021bi FumotXpress.de?<\/h3>\n<p>Ca <strong>Cea mai important\u0103 platform\u0103 online din Germania pentru vape-uri de unic\u0103 folosin\u021b\u0103<\/strong>FumotXpress.de ofer\u0103 o experien\u021b\u0103 de cump\u0103r\u0103turi f\u0103r\u0103 egal. Avem \u00een stoc o varietate de m\u0103rci populare, inclusiv Al Fakher, Fizzy, OBEELAB HHC \u0219i SMPO DL02, cu livrare rapid\u0103 \u00een toat\u0103 UE \u0219i f\u0103r\u0103 cerin\u021be minime de comand\u0103.<\/p>\n<p>De ce cump\u0103rarea de la FumotXpress.de este cea mai bun\u0103 alegere pentru vape-uri de unic\u0103 folosin\u021b\u0103 de \u00eenalt\u0103 calitate:<\/p>\n<ul>\n<li><strong>Vast\u0103 selec\u021bie<\/strong>: De la pixuri infuzate cu HHC la dispozitive de unic\u0103 folosin\u021b\u0103 re\u00eenc\u0103rcabile, colec\u021bia noastr\u0103 este conceput\u0103 pentru a satisface fiecare preferin\u021b\u0103.<\/li>\n<li><strong>Livrare Rapid\u0103<\/strong>Depozitul nostru european asigur\u0103 c\u0103 comanda dvs. ajunge \u00een termen de 3-7 zile \u00een toat\u0103 UE.<\/li>\n<li><strong>Nu exist\u0103 cerin\u021b\u0103 minim\u0103 de comand\u0103<\/strong>: Comanda \u00eencep\u00e2nd de la o singur\u0103 bucat\u0103, permi\u021b\u00e2nd o experien\u021b\u0103 de cump\u0103r\u0103turi convenabil\u0103 \u0219i flexibil\u0103.<\/li>\n<li><strong>Serviciu clien\u021bi excep\u021bional<\/strong>Echipa noastr\u0103 este dedicat\u0103 asigur\u0103rii unei experien\u021be de cump\u0103r\u0103turi f\u0103r\u0103 probleme \u0219i satisf\u0103c\u0103toare de la \u00eenceput p\u00e2n\u0103 la sf\u00e2r\u0219it.<\/li>\n<li><strong>Pre\u021buri competitive<\/strong>Pre\u021burile accesibile pentru produsele premium v\u0103 permit s\u0103 v\u0103 bucura\u021bi de calitate f\u0103r\u0103 compromisuri.<\/li>\n<\/ul>\n<p>Prin alegerea FumotXpress.de, pute\u021bi explora cele mai bune vape-uri de unic\u0103 folosin\u021b\u0103 disponibile pe pia\u021b\u0103, livrate direct la u\u0219a dumneavoastr\u0103, cu u\u0219urin\u021ba cump\u0103r\u0103turilor online.<\/p>\n<h3>De ce Fizzy Great 10000 Puffs este perfect pentru fiecare vaporizator<\/h3>\n<p>The \nacela\u0219i \nnu se traduce, se las\u0103 ca atare \nse las\u0103 ca atare \nThe <strong>Fizzy Great 10000 Puffs<\/strong> Disposable Vape combin\u0103 cele mai bune tehnologii moderne de vaporizare cu o gam\u0103 de arome pl\u0103cute \u0219i caracteristici u\u0219or de utilizat. Num\u0103rul s\u0103u mare de pufuri de lung\u0103 durat\u0103, bateria re\u00eenc\u0103rcabil\u0103 \u0219i op\u021biunile bogate de arome \u00eel fac o alegere remarcabil\u0103, fie c\u0103 e\u0219ti un vaporizator ocazional sau unul zilnic. Cu designul s\u0103u elegant \u0219i construc\u021bia de calitate, Fizzy Great ofer\u0103 experien\u021ba suprem\u0103 de vaporizare.<\/p>\n<p>Vizita\u021bi <a href=\"https:\/\/fumotxpress.de\/ro\/\"><strong>FumotXpress.de<\/strong><\/a> ast\u0103zi pentru a plasa comanda pentru<a href=\"https:\/\/fumotxpress.de\/ro\/\"> <strong>Fizzy Great 10000 Puffs<\/strong> <\/a>\u0219i bucura\u021bi-v\u0103 de confortul unui vape de unic\u0103 folosin\u021b\u0103 care ofer\u0103 o satisfac\u021bie de durat\u0103 \u0219i un gust robust la fiecare puf.<\/p>","protected":false},"excerpt":{"rendered":"<p>Descoper\u0103 experien\u021ba de lung\u0103 durat\u0103, plin\u0103 de arom\u0103 a <strong>Fizzy Great 10000 Puffs Rechargeable Disposable Vape -&gt; Fizzy Great 10000 Puffs Vaporizator Rechargeable De Unic\u0103 Folosin\u021b\u0103<\/strong>Acum disponibil cu livrare rapid\u0103 \u00een UE la FumotXpress.de.<\/p>","protected":false},"featured_media":54,"comment_status":"open","ping_status":"closed","template":"","meta":{"om_disable_all_campaigns":false},"product_brand":[],"product_cat":[20,91,92,94,97,99,101,103,104,105,106,107,108,109,111,112,78,79,80,81,82,83,84,85,86,87,88,89,90,70,72,56,61,65,67],"product_tag":[],"class_list":{"0":"post-52","1":"product","2":"type-product","3":"status-publish","4":"has-post-thumbnail","6":"product_cat-fizzy-disposable-vapes","7":"product_cat-buy-best-disposable-vape-flavors","8":"product_cat-apple-flavor-disposable-vapes","9":"product_cat-blueberry-flavor-disposable-vapes","10":"product_cat-grape-flavor-disposable-vapes","11":"product_cat-ice-flavor-disposable-vapes","12":"product_cat-lemon-flavor-disposable-vapes","13":"product_cat-mango-flavor-disposable-vapes","14":"product_cat-mint-flavor-disposable-vapes","15":"product_cat-mixed-berries-flavor-disposable-vapes","16":"product_cat-passion-fruit-flavor-disposable-vapes","17":"product_cat-peach-flavor-disposable-vapes","18":"product_cat-pineapple-flavor-disposable-vapes","19":"product_cat-raspberry-flavor-disposable-vapes","20":"product_cat-strawberry-flavor-disposable-vapes","21":"product_cat-watermelon-flavor-disposable-vapes","22":"product_cat-best-disposable-vape-in-europe","23":"product_cat-buy-disposable-vapes-in-austria","24":"product_cat-buy-disposable-vapes-in-belgium","25":"product_cat-buy-disposable-vapes-in-france","26":"product_cat-buy-disposable-vapes-in-germany","27":"product_cat-buy-disposable-vapes-in-italy","28":"product_cat-buy-disposable-vapes-in-netherlands","29":"product_cat-buy-disposable-vapes-in-norway","30":"product_cat-buy-disposable-vapes-in-poland","31":"product_cat-buy-disposable-vapes-in-portugal","32":"product_cat-buy-disposable-vapes-in-spain","33":"product_cat-buy-disposable-vapes-in-sweden","34":"product_cat-buy-disposable-vapes-in-switzerland","35":"product_cat-shop-disposable-vapes-by-puffs","36":"product_cat-10000-puff-disposable-vape","37":"product_cat-disposable-vape-types","38":"product_cat-big-puffs-disposable-vapes","39":"product_cat-lower-nicotine-disposable-vapes","40":"product_cat-rechargeable-disposable-vapes","42":"first","43":"instock","44":"shipping-taxable","45":"purchasable","46":"product-type-variable"},"_links":{"self":[{"href":"https:\/\/fumotxpress.de\/ro\/wp-json\/wp\/v2\/product\/52","targetHints":{"allow":["GET"]}}],"collection":[{"href":"https:\/\/fumotxpress.de\/ro\/wp-json\/wp\/v2\/product"}],"about":[{"href":"https:\/\/fumotxpress.de\/ro\/wp-json\/wp\/v2\/types\/product"}],"replies":[{"embeddable":true,"href":"https:\/\/fumotxpress.de\/ro\/wp-json\/wp\/v2\/comments?post=52"}],"wp:featuredmedia":[{"embeddable":true,"href":"https:\/\/fumotxpress.de\/ro\/wp-json\/wp\/v2\/media\/54"}],"wp:attachment":[{"href":"https:\/\/fumotxpress.de\/ro\/wp-json\/wp\/v2\/media?parent=52"}],"wp:term":[{"taxonomy":"product_brand","embeddable":true,"href":"https:\/\/fumotxpress.de\/ro\/wp-json\/wp\/v2\/product_brand?post=52"},{"taxonomy":"product_cat","embeddable":true,"href":"https:\/\/fumotxpress.de\/ro\/wp-json\/wp\/v2\/product_cat?post=52"},{"taxonomy":"product_tag","embeddable":true,"href":"https:\/\/fumotxpress.de\/ro\/wp-json\/wp\/v2\/product_tag?post=52"}],"curies":[{"name":"wp","href":"https:\/\/api.w.org\/{rel}","templated":true}]}}