{"id":476,"date":"2024-10-23T08:42:47","date_gmt":"2024-10-23T08:42:47","guid":{"rendered":"https:\/\/fumotxpress.de\/?post_type=product&#038;p=476"},"modified":"2025-07-16T07:27:51","modified_gmt":"2025-07-16T07:27:51","slug":"al-fakher-crown-bar-12000-zuege-einweg-e-zigarette-mit-nikotin","status":"publish","type":"product","link":"https:\/\/fumotxpress.de\/ro\/produs\/al-fakher-crown-bar-12000-zuege-einweg-e-zigarette-mit-nikotin\/","title":{"rendered":"Depozitul European Al Fakher Crown Bar 12000 Puffs Hookah Integrat Und\u0103 Sonor\u0103 Nicotin\u0103 Sc\u0103zut\u0103 Cump\u0103ra\u021bi Vape Pen Rechargeable De Unic\u0103 Folosin\u021b\u0103 Autentic Original"},"content":{"rendered":"<h2><strong>Depozitul European Al Fakher Crown Bar 12000 Puffs<\/strong> Tub Integrat Hookah Sunet Und\u0103 Nicotin\u0103 Sc\u0103zut\u0103 Cump\u0103ra\u021bi Original Autentic Vape Pen Re\u00eenc\u0103rcabil de Unic\u0103 Folosin\u021b\u0103<\/h2>\n<p>The \nacela\u0219i \nnu se traduce, se las\u0103 ca atare \nse las\u0103 ca atare \nThe <a href=\"https:\/\/fumotxpress.de\/ro\/produs\/al-fakher-crown-bar-12000-zuege-einweg-e-zigarette-mit-nikotin\/\">AL Fakher Crown Bar 12000 Puff \n(al doilea \"Puff\" se traduce in functie de context, insa in acest caz se pastreaza original) \nse traduce in \nAL Fakher Crown Bar 12000 Puff<\/a> Vaporizator Rechargeable de Unic\u0103 Folosin\u021b\u0103 de Lux combin\u0103 luxul \u0219i confortul pentru o experien\u021b\u0103 de vaporizare de neegalat. Caracterizat prin p\u00e2n\u0103 la 12.000 de pufuri, un design elegant \u0219i o baterie puternic\u0103, re\u00eenc\u0103rcabil\u0103 de 550mAh, acest vaporizator de unic\u0103 folosin\u021b\u0103 premium este conceput pentru a v\u0103 ridica experien\u021ba de vaporizare. Cu tehnologie inovatoare de bobin\u0103 cu plas\u0103, un afi\u0219aj digital intuitiv pentru nivelurile de baterie \u0219i ulei \u0219i un port de \u00eenc\u0103rcare USB de tip C, <a href=\"https:\/\/fumotxpress.de\/ro\/\">AL Fakher<\/a> Crown Bar ofer\u0103 o experien\u021b\u0103 de tragere impresionant\u0103 \u0219i lin\u0103, care surprinde esen\u021ba shisha-ului la fiecare inhalare. Disponibil exclusiv la<a href=\"https:\/\/fumotxpress.de\/ro\/\"> FumotXpress.de<\/a>, cel mai mare retailer online de vape-uri de unic\u0103 folosin\u021b\u0103 din Germania, asigur\u0103m livrarea rapid\u0103 \u00een toat\u0103 Europa \u00een termen de 3-7 zile de la depozitul nostru european. Cump\u0103ra\u021bi vape-uri de unic\u0103 folosin\u021b\u0103 Al Fakher autentice, f\u0103r\u0103 cantitate minim\u0103 de comand\u0103, ideale pentru utilizare personal\u0103 sau cu am\u0103nuntul.<\/p>\n<p><img loading=\"lazy\" decoding=\"async\" class=\"alignnone wp-image-484 size-full\" src=\"https:\/\/fumotxpress.de\/wp-content\/uploads\/2024\/10\/AL-Fakher-Crown-Bar-12000-Zuge-Einweg-E-Zigarette-Mit-Nikotin.webp\" alt=\"Al Fakher Crown Bar 12000 Puffs\" width=\"800\" height=\"980\" srcset=\"https:\/\/fumotxpress.de\/wp-content\/uploads\/2024\/10\/AL-Fakher-Crown-Bar-12000-Zuge-Einweg-E-Zigarette-Mit-Nikotin.webp 800w, https:\/\/fumotxpress.de\/wp-content\/uploads\/2024\/10\/AL-Fakher-Crown-Bar-12000-Zuge-Einweg-E-Zigarette-Mit-Nikotin-600x735.webp 600w, https:\/\/fumotxpress.de\/wp-content\/uploads\/2024\/10\/AL-Fakher-Crown-Bar-12000-Zuge-Einweg-E-Zigarette-Mit-Nikotin-245x300.webp 245w, https:\/\/fumotxpress.de\/wp-content\/uploads\/2024\/10\/AL-Fakher-Crown-Bar-12000-Zuge-Einweg-E-Zigarette-Mit-Nikotin-768x941.webp 768w\" sizes=\"auto, (max-width: 800px) 100vw, 800px\" \/><\/p>\n<p>&nbsp;<\/p>\n<h2>Al Fakher Crown Bar 12000 Puffs Caracteristici produs<\/h2>\n<ul>\n<li><strong>Num\u0103r mare de puf:<\/strong> P\u00e2n\u0103 la 12.000 de pufuri pentru o experien\u021b\u0103 de lung\u0103 durat\u0103 f\u0103r\u0103 \u00eenlocuiri frecvente.<\/li>\n<li><strong>Baterie re\u00eenc\u0103rcabil\u0103:<\/strong> Echipat cu o baterie re\u00eenc\u0103rcabil\u0103 de 550mAh care suport\u0103 utilizarea prelungit\u0103 \u0219i men\u021bine performan\u021ba constant\u0103.<\/li>\n<li><strong>Tehnologie Mesh Coil:<\/strong> Bobin\u0103 avansat\u0103 cu ochiuri de 0,6 ohm pentru nori bogati, aromatici \u0219i lovituri netede, directe \u00een pl\u0103m\u00e2ni (DTL).<\/li>\n<li><strong>Port\u0103 de \u00eenc\u0103rcare Type-C:<\/strong> Port de \u00eenc\u0103rcare Type-C convenabil pentru o alimentare rapid\u0103 \u0219i sigur\u0103.<\/li>\n<li><strong>Afi\u0219aj digital:<\/strong> Afi\u0219aj LED clar care indic\u0103 at\u00e2t nivelul bateriei, c\u00e2t \u0219i cel al uleiului pentru a preveni \u00eentreruperile \u00een timpul utiliz\u0103rii.<\/li>\n<li><strong>Design f\u0103r\u0103 scurgeri:<\/strong> Construit cu tehnologie anti-scurgere pentru a asigura o experien\u021b\u0103 curat\u0103 \u0219i f\u0103r\u0103 probleme.<\/li>\n<li><strong>Compact \u0219i u\u0219or:<\/strong> Design portabil ideal pentru utilizare \u00een deplasare, fiind \u00een acela\u0219i timp puternic \u0219i eficient.<\/li>\n<li><strong>Con\u021binut sc\u0103zut de nicotin\u0103:<\/strong> Perfect pentru utilizatorii care caut\u0103 o op\u021biune cu nicotin\u0103 mai mic\u0103, f\u0103r\u0103 a sacrifica gustul \u0219i calitatea vaporului.<\/li>\n<li><strong>Iluminare RGB vibrant\u0103:<\/strong> Caracteristica de lumin\u0103 RGB elegant\u0103 se activeaz\u0103 la fiecare puf, cre\u00e2nd un efect izbitor pentru un plus de stil.<\/li>\n<\/ul>\n<h2>Al Fakher Crown Bar 12000 Puffs Arome Unice: Un Ghid Detaliat<\/h2>\n<p>AL Fakher Crown Bar 12000 Puff este disponibil \u00eentr-o selec\u021bie de arome vibrante \u0219i r\u0103coritoare, concepute pentru a satisface diverse preferin\u021be. Iat\u0103 o privire mai atent\u0103 asupra fiec\u0103rei arome disponibile:<\/p>\n<h3>1. <strong>Mur\u0103 de Afine cu Ment\u0103<\/strong><\/h3>\n<p>O combina\u021bie clasic\u0103 care echilibreaz\u0103 \u00een mod armonios dulcea\u021ba afinelor coapte cu o finish r\u0103coritoare de ment\u0103. Fiecare inhalare aduce \u00een prim plan gustul natural al afinelor, \u00een timp ce menta las\u0103 o senza\u021bie de r\u0103coare, perfect\u0103 pentru o experien\u021b\u0103 r\u0103coritoare \u0219i revigorant\u0103.<\/p>\n<h3>2. <strong>Mango Passion<\/strong><\/h3>\n<p>Aceast\u0103 delicates\u0103 tropical\u0103 combin\u0103 esen\u021ba suculent\u0103 a mangoilor coap\u021bi cu aciditatea subtil\u0103 a pasiunii, cre\u00e2nd un profil bogat \u0219i exotic. Ideal pentru vapori care apreciaz\u0103 aromele predominant fructate care ofer\u0103 o not\u0103 de dulcea\u021b\u0103 echilibrat\u0103 de o urm\u0103 de aciditate.<\/p>\n<h3>3. <strong>Ghea\u021b\u0103 de pepene verde<\/strong><\/h3>\n<p>O preferin\u021b\u0103 pentru var\u0103, Watermelon Ice ofer\u0103 aroma suculent\u0103 \u0219i apetisant\u0103 de pepene verde cu un ton \u00eenghe\u021bat ad\u0103ugat, l\u0103s\u00e2nd o senza\u021bie de r\u0103coare care persist\u0103 la fiecare exhalare. Este alegerea perfect\u0103 pentru o vape r\u0103coritoare, pe tot parcursul zilei.<\/p>\n<h3>4. <strong>Sod\u0103 de struguri<\/strong><\/h3>\n<p>Acest\u0103 arom\u0103 surprinde esen\u021ba fizic\u0103 \u0219i dulce a sucului de struguri, aduc\u00e2nd un sentiment de nostalgie la fiecare puf. Aroma de struguri \u00eendr\u0103znea\u021b\u0103 este neted\u0103 \u0219i are o efervescen\u021b\u0103 juc\u0103u\u0219\u0103 care face ca fiecare tragere s\u0103 se simt\u0103 ca un tratament carbogazos.<\/p>\n<h3>5. <strong>Strawberry Kiwi \n\n becomes \n\n Capsuni Kiwi<\/strong><\/h3>\n<p>O pereche clasic\u0103, Strawberry Kiwi combin\u0103 dulcea\u021ba c\u0103p\u0219unilor coapte cu lovitura u\u0219or acr\u0103 a kiwi-ului. \u00cempreun\u0103, ele creeaz\u0103 o arom\u0103 echilibrat\u0103 \u0219i fructat\u0103, care este at\u00e2t de r\u0103coritoare, c\u00e2t \u0219i de satisf\u0103c\u0103toare, fiind perfect\u0103 pentru bucuria de zi cu zi.<\/p>\n<h3>6. <strong>Ananas de cocos<\/strong><\/h3>\n<p>Inspirat\u0103 de aromele tropicale, Pineapple Coconut ofer\u0103 un gust cremos \u0219i r\u0103coritor care te transport\u0103 \u00eentr-o escapad\u0103 la plaj\u0103. Notele de ananas suculent sunt atenuate de nuc\u0103 de cocos cremoas\u0103, cre\u00e2nd un profil \u00eenc\u00e2nt\u0103tor \u0219i bine echilibrat.<\/p>\n<h3>7. <strong>Cola Ice<\/strong><\/h3>\n<p>Pentru cei care apreciaz\u0103 aromele unice \u0219i aventuroase, Cola Ice ofer\u0103 gustul recunoscut al cola cu o r\u0103sucire rece \u0219i \u00eenghe\u021bat\u0103. Profilul de arom\u0103 este reminiscent al unei sifon\u0103ri reci \u00eentr-o zi cald\u0103, oferind o senza\u021bie r\u0103coritoare \u0219i carbogazoas\u0103 la fiecare sorbitur\u0103.<\/p>\n<h3>8. <strong>Inele de piersic\u0103<\/strong><\/h3>\n<p>Aceast\u0103 arom\u0103 inspirat\u0103 de dulciuri ofer\u0103 o arom\u0103 dulce \u0219i suculent\u0103 de piureuri de piersic\u0103 la fiecare puf. Perfect\u0103 pentru vapori cu dinte dulce, aroma este foarte asem\u0103n\u0103toare cu cea a dulciului clasic, cu o urm\u0103 de piersic\u0103 suculent\u0103.<\/p>\n<h3>9. <strong>Minty Melon<\/strong><\/h3>\n<p>O fuziune sofisticat\u0103 de ment\u0103 \u0219i pepene, aceast\u0103 arom\u0103 este r\u0103coritoare, dar subtil dulce. Pepenele aduce o baz\u0103 suculent\u0103, \u00een timp ce menta completeaz\u0103 profilul de arom\u0103, fiind ideal\u0103 pentru cei care prefer\u0103 o experien\u021b\u0103 r\u0103coritoare \u0219i crocant\u0103.<\/p>\n<h3>10. <strong>Coaj\u0103 de l\u0103m\u00e2ie<\/strong><\/h3>\n<p>O op\u021biune zesty \u0219i invigorant\u0103, Lemon Zest combin\u0103 aciditatea l\u0103m\u00e2iei cu o u\u0219oar\u0103 dulcea\u021b\u0103, oferind un profil ascu\u021bit \u0219i r\u0103coritor care este at\u00e2t de ap\u0103sat, c\u00e2t \u0219i vibrant.<\/p>\n<h3>11. <strong>Berry Blast<\/strong><\/h3>\n<p>Ambalat cu aromele bogate \u0219i intense ale fructelor de p\u0103dure amestecate, Berry Blast ofer\u0103 o explozie de bun\u0103tate de fructe de p\u0103dure care este dulce, dar echilibrat\u0103 de aciditatea natural\u0103 a fructelor. Perfect pentru iubitorii de fructe de p\u0103dure care iubesc o vape \u00eendr\u0103znea\u021b\u0103 \u0219i fructat\u0103.<\/p>\n<h3>12. <strong>M\u0103r afine<\/strong><\/h3>\n<p>O combina\u021bie unic\u0103 care echilibreaz\u0103 croc\u0103n\u0103tatea merelor proaspete cu mu\u0219c\u0103tura acr\u0103 a afinelor, Apple Cranberry ofer\u0103 o arom\u0103 dinamic\u0103 care este at\u00e2t suculent\u0103, c\u00e2t \u0219i u\u0219or acr\u0103, f\u0103c\u00e2nd-o o vape interesant\u0103 pentru toat\u0103 ziua.<\/p>\n<h3>13. <strong>Vanilie Crema<\/strong><\/h3>\n<p>Pentru o experien\u021b\u0103 mai indulgent\u0103, Vanilla Custard ofer\u0103 gustul cremos, bogat de custard de vanilie la fiecare puf. Neted\u0103, catifelat\u0103 \u0219i u\u0219or dulce, aceast\u0103 arom\u0103 este perfect\u0103 pentru cei care caut\u0103 o op\u021biune asem\u0103n\u0103toare desertului.<\/p>\n<h3>14. <strong>Orange Fizz<\/strong><\/h3>\n<p>O r\u0103sucire r\u0103coritoare, Orange Fizz combin\u0103 gustul acru \u0219i citric al portocalei cu o not\u0103 fizic\u0103, amintind de o b\u0103utur\u0103 de portocale carbogazoas\u0103. Aceast\u0103 arom\u0103 este luminoas\u0103, vesel\u0103 \u0219i las\u0103 o senza\u021bie subtil\u0103, efervescent\u0103.<\/p>\n<h3>15. <strong>Punc tropical<\/strong><\/h3>\n<p>Experimenteaz\u0103 amestecul de mai multe fructe tropicale, de la ananas la mango \u0219i multe altele, toate \u00eenf\u0103\u0219urate \u00eentr-un singur gust puternic. Acesta este ideal pentru cei care vor o senza\u021bie a tropicelor la fiecare puf.<\/p>\n<h2>De ce s\u0103 alegi Al Fakher Crown Bar 12000 Puffs?<\/h2>\n<p>La<a href=\"https:\/\/fumotxpress.de\/ro\/\"> FumotXpress.de<\/a>Ne angaj\u0103m s\u0103 oferim dispozitive de vape de unic\u0103 folosin\u021b\u0103 de cea mai \u00eenalt\u0103 calitate, cu servicii rapide \u0219i fiabile pe pia\u021ba european\u0103. Ca cea mai mare platform\u0103 online pentru dispozitive de vape de unic\u0103 folosin\u021b\u0103 din Germania, oferim o gam\u0103 larg\u0103 de m\u0103rci premium, inclusiv AL Fakher, Fizzy, OBEELAB HHC \u0219i SMPO DL02. Toate produsele noastre sunt procurate din depozitul nostru european, asigur\u00e2nd livrarea rapid\u0103 (\u00een termen de 3-7 zile) f\u0103r\u0103 cantitate minim\u0103 de comand\u0103.<\/p>\n<p>Cu site-ul nostru u\u0219or de navigat \u0219i serviciul clien\u021bi excep\u021bional, FumotXpress.de face achizi\u021bionarea m\u0103rcilor dvs. preferate de vape de unic\u0103 folosin\u021b\u0103 o experien\u021b\u0103 lin\u0103 \u0219i satisf\u0103c\u0103toare.<\/p>","protected":false},"excerpt":{"rendered":"<p>Cump\u0103ra\u021bi produsele autentice<strong> AL Fakher Crown Bar 12000 Puffs \n(al doilea \"al\" se traduce in \"Al\", deoarece este parte din nume) devine \nAL Fakher Crown Bar 12000 Puffs<\/strong> Re\u00eenc\u0103rcabil\u0103 Vaporizator de Unic\u0103 Folosin\u021b\u0103 pe FumotXpress.de \u2013 oferind arome premium, p\u00e2n\u0103 la 12.000 de pufuri, \u0219i livrare rapid\u0103 \u00een UE din depozitul nostru european.<\/p>","protected":false},"featured_media":478,"comment_status":"open","ping_status":"closed","template":"","meta":{"om_disable_all_campaigns":false},"product_brand":[],"product_cat":[16,91,92,93,94,95,96,97,99,100,101,102,103,104,105,106,107,108,111,112,78,79,80,81,82,83,84,85,86,87,88,89,90,70,73,56,61,63,65,67,68],"product_tag":[],"class_list":{"0":"post-476","1":"product","2":"type-product","3":"status-publish","4":"has-post-thumbnail","6":"product_cat-al-fakher-disposable-vapes","7":"product_cat-buy-best-disposable-vape-flavors","8":"product_cat-apple-flavor-disposable-vapes","9":"product_cat-blue-razz-flavor-disposable-vapes","10":"product_cat-blueberry-flavor-disposable-vapes","11":"product_cat-cherry-flavor-disposable-vapes","12":"product_cat-cola-flavor-disposable-vapes","13":"product_cat-grape-flavor-disposable-vapes","14":"product_cat-ice-flavor-disposable-vapes","15":"product_cat-kiwi-flavor-disposable-vapes","16":"product_cat-lemon-flavor-disposable-vapes","17":"product_cat-lush-flavor-disposable-vapes","18":"product_cat-mango-flavor-disposable-vapes","19":"product_cat-mint-flavor-disposable-vapes","20":"product_cat-mixed-berries-flavor-disposable-vapes","21":"product_cat-passion-fruit-flavor-disposable-vapes","22":"product_cat-peach-flavor-disposable-vapes","23":"product_cat-pineapple-flavor-disposable-vapes","24":"product_cat-strawberry-flavor-disposable-vapes","25":"product_cat-watermelon-flavor-disposable-vapes","26":"product_cat-best-disposable-vape-in-europe","27":"product_cat-buy-disposable-vapes-in-austria","28":"product_cat-buy-disposable-vapes-in-belgium","29":"product_cat-buy-disposable-vapes-in-france","30":"product_cat-buy-disposable-vapes-in-germany","31":"product_cat-buy-disposable-vapes-in-italy","32":"product_cat-buy-disposable-vapes-in-netherlands","33":"product_cat-buy-disposable-vapes-in-norway","34":"product_cat-buy-disposable-vapes-in-poland","35":"product_cat-buy-disposable-vapes-in-portugal","36":"product_cat-buy-disposable-vapes-in-spain","37":"product_cat-buy-disposable-vapes-in-sweden","38":"product_cat-buy-disposable-vapes-in-switzerland","39":"product_cat-shop-disposable-vapes-by-puffs","40":"product_cat-12000-puff-disposable-vape","41":"product_cat-disposable-vape-types","42":"product_cat-big-puffs-disposable-vapes","43":"product_cat-digital-box-disposable-vapes","44":"product_cat-lower-nicotine-disposable-vapes","45":"product_cat-rechargeable-disposable-vapes","46":"product_cat-shisha-hookah-disposable-vapes","48":"first","49":"outofstock","50":"shipping-taxable","51":"product-type-variable"},"_links":{"self":[{"href":"https:\/\/fumotxpress.de\/ro\/wp-json\/wp\/v2\/product\/476","targetHints":{"allow":["GET"]}}],"collection":[{"href":"https:\/\/fumotxpress.de\/ro\/wp-json\/wp\/v2\/product"}],"about":[{"href":"https:\/\/fumotxpress.de\/ro\/wp-json\/wp\/v2\/types\/product"}],"replies":[{"embeddable":true,"href":"https:\/\/fumotxpress.de\/ro\/wp-json\/wp\/v2\/comments?post=476"}],"wp:featuredmedia":[{"embeddable":true,"href":"https:\/\/fumotxpress.de\/ro\/wp-json\/wp\/v2\/media\/478"}],"wp:attachment":[{"href":"https:\/\/fumotxpress.de\/ro\/wp-json\/wp\/v2\/media?parent=476"}],"wp:term":[{"taxonomy":"product_brand","embeddable":true,"href":"https:\/\/fumotxpress.de\/ro\/wp-json\/wp\/v2\/product_brand?post=476"},{"taxonomy":"product_cat","embeddable":true,"href":"https:\/\/fumotxpress.de\/ro\/wp-json\/wp\/v2\/product_cat?post=476"},{"taxonomy":"product_tag","embeddable":true,"href":"https:\/\/fumotxpress.de\/ro\/wp-json\/wp\/v2\/product_tag?post=476"}],"curies":[{"name":"wp","href":"https:\/\/api.w.org\/{rel}","templated":true}]}}