{"id":4413,"date":"2025-07-25T05:07:59","date_gmt":"2025-07-25T05:07:59","guid":{"rendered":"https:\/\/fumotxpress.de\/?post_type=product&#038;p=4413"},"modified":"2025-07-26T04:49:24","modified_gmt":"2025-07-26T04:49:24","slug":"elfbar-combo-pro-30000-puffs-vape-de-unica-folosinta","status":"publish","type":"product","link":"https:\/\/fumotxpress.de\/ro\/produs\/elfbar-combo-pro-30000-puffs-vape-de-unica-folosinta\/","title":{"rendered":"ELFBAR Combo Pro 30000 Puffs Disposable Vape  O cutie (10 buc)"},"content":{"rendered":"<h2><strong>Detalii:<\/strong>Num\u0103rul maxim de trenuri\u00a0<strong>ELF Bar Combo Pro 30000<\/strong><\/h2>\n<p>Este de 30.000 de trageri. Acest dispozitiv inovativ de vape de unic\u0103 folosin\u021b\u0103 combin\u0103 trei arome, dou\u0103 moduri \u0219i dou\u0103 sisteme de flux de aer \u00eentr-un singur dispozitiv, oferind o experien\u021b\u0103 de vaporizare f\u0103r\u0103 precedent. Acest lucru se realizeaz\u0103 prin utilizarea unor concepte de design moderne \u0219i tehnici de fabrica\u021bie avansate. Designul dual al fluxului de aer \u0219i combina\u021bia de arome a ELF Bar Combo Pro 30000 sunt punctele sale forte. Comutatorul combo permite trei variante ale Combo Pro 30000. Fiecare dintre cele trei pozi\u021bii ale comutatorului - lateral \u0219i \u00een centru - reprezint\u0103 un mod de arom\u0103 diferit. Ambele p\u0103r\u021bi ale comutatorului combo sunt reglabile.<\/p>\n<p><strong>Date tehnice:<\/strong><br \/>\n700 mAh baterie<br \/>\n17 ml capacitate<br \/>\n5 % Putere<br \/>\nP\u00e2n\u0103 la 30.000 de trenuri<br \/>\nSistem dublu de curgere a aerului<br \/>\nAfi\u015feaz\u0103<br \/>\nTyp-C-Ladeanschluss \n\n(Translation not needed, outputting original text as it seems to be a technical term and proper noun) \n becomes \nConector de \u00eenc\u0103rcare USB-C \n NO, \n Typ-C-Ladeanschluss<\/p>\n<p><strong>Pachetul include:<\/strong><br \/>\n1 buc\u0103* Kit ELF Bar Combo Pro 30000 de unic\u0103 folosin\u021b\u0103<\/p>\n<p><img decoding=\"async\" src=\"https:\/\/fumotxpress.de\/wp-content\/uploads\/2025\/07\/1750413917740.png\" alt=\"\" \/><\/p>","protected":false},"excerpt":{"rendered":"<p>700 mAh baterie<br \/>\n17 ml capacitate<br \/>\n5 % Putere<br \/>\nP\u00e2n\u0103 la 30.000 de trenuri<br \/>\nSistem dublu de curgere a aerului<br \/>\nAfi\u015feaz\u0103<br \/>\nTyp-C-Ladeanschluss \n\n(Translation not needed, outputting original text as it seems to be a technical term and proper noun) \n becomes \nConector de \u00eenc\u0103rcare USB-C \n NO, \n Typ-C-Ladeanschluss<\/p>","protected":false},"featured_media":4414,"comment_status":"open","ping_status":"closed","template":"","meta":{"om_disable_all_campaigns":false},"product_brand":[],"product_cat":[130],"product_tag":[],"class_list":{"0":"post-4413","1":"product","2":"type-product","3":"status-publish","4":"has-post-thumbnail","6":"product_cat-elfbar-combo-pro-30000-puffs","8":"first","9":"instock","10":"shipping-taxable","11":"purchasable","12":"product-type-variable"},"_links":{"self":[{"href":"https:\/\/fumotxpress.de\/ro\/wp-json\/wp\/v2\/product\/4413","targetHints":{"allow":["GET"]}}],"collection":[{"href":"https:\/\/fumotxpress.de\/ro\/wp-json\/wp\/v2\/product"}],"about":[{"href":"https:\/\/fumotxpress.de\/ro\/wp-json\/wp\/v2\/types\/product"}],"replies":[{"embeddable":true,"href":"https:\/\/fumotxpress.de\/ro\/wp-json\/wp\/v2\/comments?post=4413"}],"wp:featuredmedia":[{"embeddable":true,"href":"https:\/\/fumotxpress.de\/ro\/wp-json\/wp\/v2\/media\/4414"}],"wp:attachment":[{"href":"https:\/\/fumotxpress.de\/ro\/wp-json\/wp\/v2\/media?parent=4413"}],"wp:term":[{"taxonomy":"product_brand","embeddable":true,"href":"https:\/\/fumotxpress.de\/ro\/wp-json\/wp\/v2\/product_brand?post=4413"},{"taxonomy":"product_cat","embeddable":true,"href":"https:\/\/fumotxpress.de\/ro\/wp-json\/wp\/v2\/product_cat?post=4413"},{"taxonomy":"product_tag","embeddable":true,"href":"https:\/\/fumotxpress.de\/ro\/wp-json\/wp\/v2\/product_tag?post=4413"}],"curies":[{"name":"wp","href":"https:\/\/api.w.org\/{rel}","templated":true}]}}