{"id":4109,"date":"2025-07-17T06:54:16","date_gmt":"2025-07-17T06:54:16","guid":{"rendered":"https:\/\/fumotxpress.de\/?post_type=product&#038;p=4109"},"modified":"2025-08-07T15:46:01","modified_gmt":"2025-08-07T15:46:01","slug":"fumot-leopard-40k-40000-de-pufuri-vape-de-unica-folosinta-en-gros","status":"publish","type":"product","link":"https:\/\/fumotxpress.de\/ro\/produs\/fumot-leopard-40k-40000-de-pufuri-vape-de-unica-folosinta-en-gros\/","title":{"rendered":"Fumot Leopard 40000 Puffs Vape de Unic\u0103 Folosin\u021b\u0103 \u00een Vrac"},"content":{"rendered":"<p>The \nacela\u0219i \nnu se traduce, se las\u0103 ca atare \nse las\u0103 ca atare \nThe\u00a0<a title=\"Fumot\" href=\"https:\/\/www.vape4wholesale.com\/product_brand\/fumot\" target=\"_blank\" rel=\"noopener\">Fumot<\/a>\u00a0Leopard 40K este o vape de unic\u0103 folosin\u021b\u0103 cu capacitate mare care ofer\u0103 p\u00e2n\u0103 la 40.000 de pufuri. Conceput cu bobine duble cu plas\u0103 \u0219i o carcas\u0103 exterioar\u0103 transparent\u0103, prezint\u0103 o ilustra\u021bie \u00eendr\u0103znea\u021b\u0103 a leopardului care adaug\u0103 o not\u0103 vizual\u0103 unic\u0103. Indicatorul LED \u00eencorporat nu numai c\u0103 arat\u0103 nivelurile de e-lichid \u0219i baterie, ci \u0219i ofer\u0103 efecte de iluminare vibrant\u0103. Leopard 40K este disponibil \u00een 25 de arome \u0219i ofer\u0103 4 op\u021biuni de putere de nicotin\u0103 pentru a se potrivi cu o varietate de preferin\u021be.<\/p>\n<p>Dual Mesh Vape utilizeaz\u0103 un element de \u00eenc\u0103lzire cu dou\u0103 straturi de material mesh, cre\u00e2nd o suprafa\u021b\u0103 mai mare pentru ca lichidul electronic s\u0103 intre \u00een contact \u0219i s\u0103 se \u00eenc\u0103lzeasc\u0103 uniform. Acest lucru duce la un gust mai lin \u0219i mai satisf\u0103c\u0103tor, precum \u0219i la o arom\u0103 mai stabil\u0103 pe toat\u0103 durata de via\u021b\u0103 a vape-ului.<\/p>\n<p>Afichage-ul Leopard 40k arat\u0103, de asemenea, nivelul de putere \u0219i de e-lichid! Num\u0103rul din st\u00e2nga (deasupra simbolului pic\u0103turii de ap\u0103) reprezint\u0103 cantitatea de e-lichid r\u0103mas\u0103 \u00een dispozitiv, iar num\u0103rul din dreapta (deasupra simbolului bateriei) reprezint\u0103 starea curent\u0103 de putere a dispozitivului.<\/p>\n<p>Leopardul 40K prezint\u0103 o carcas\u0103 transparent\u0103 cristalin\u0103 care prezint\u0103 \u00een mod str\u0103lucit ilustra\u021bia impresionant\u0103 a leopardului \u00een toate detaliile. Fiecare linie, culoare \u0219i expresie a operei de art\u0103 este adus\u0103 \u00een via\u021b\u0103, cre\u00e2nd o declara\u021bie vizual\u0103 \u00eendr\u0103znea\u021b\u0103 care \u00eel deosebe\u0219te de design-urile obi\u0219nuite de vape.<\/p>\n<p>USB-C sau USB Tip-C este ultimul standard universal pentru conexiunea prin cablu a dispozitivelor inteligente. Este succesorul standardelor mai vechi, cum ar fi Micro-USB \u0219i USB-A, care sunt \u00eenc\u0103 comune, dar dispar rapid. Bateria \u00eencorporat\u0103 de 700 mAh este re\u00eenc\u0103rcabil\u0103, astfel \u00eenc\u00e2t nu ve\u021bi r\u0103m\u00e2ne blocat cu baterii de unic\u0103 folosin\u021b\u0103 desc\u0103rcate p\u00e2n\u0103 c\u00e2nd lichidul electronic nu se epuizeaz\u0103.<\/p>\n<h2><strong>Fumot Leopard 40K Puffs Vaporizator de Unic\u0103 Folosin\u021b\u0103 Detalii Rapide<\/strong><\/h2>\n<ul>\n<li>\n<p class=\"ds-markdown-paragraph\"><strong>Puterea nicotinei:<\/strong> 2% (20mg)<\/p>\n<\/li>\n<li>\n<p class=\"ds-markdown-paragraph\"><strong>Baterie:<\/strong>\u00a0700mAh Rechargeabil\u0103 (USB Tip-C)<\/p>\n<\/li>\n<li>\n<p class=\"ds-markdown-paragraph\"><strong>Num\u0103r de puf\u0103turi:<\/strong>\u00a0P\u00e2n\u0103 la\u00a0<strong>40.000 pufuri<\/strong><\/p>\n<\/li>\n<li>\n<p class=\"ds-markdown-paragraph\"><strong>Tehnologie de bobin\u0103:<\/strong>\u00a0<strong>Bobin\u0103 cu dubl\u0103 re\u021bea<\/strong>\u00a0pentru un gust mai bogat<\/p>\n<\/li>\n<li>\n<p class=\"ds-markdown-paragraph\"><strong>Arome:<\/strong>\u00a0<strong>16 op\u021biuni premium<\/strong><\/p>\n<\/li>\n<li>\n<p class=\"ds-markdown-paragraph\"><strong>Afisha:<\/strong>\u00a0<strong>Ecran HD<\/strong>\u00a0(indicatori pentru e-lichid \u0219i baterie)<\/p>\n<\/li>\n<\/ul>\n<h2><strong>Aromele disponibile<\/strong><\/h2>\n<ol>\n<li>Fructe de p\u0103dure amestecate<\/li>\n<li>Mure Afine<\/li>\n<li>Stafid\u0103 de pepene verde<\/li>\n<li>Strawberry Ice<\/li>\n<li>Cherry Ice<\/li>\n<li>Ghea\u021b\u0103 de pepene verde<\/li>\n<li>Kiwi Passiune de Guava<\/li>\n<li>Dr Blue<\/li>\n<li>Mur\u0103 de afine pe ghea\u021b\u0103<\/li>\n<li>Peach Berry<\/li>\n<li>Limonad\u0103 roz<\/li>\n<li>Strawberry Banana<\/li>\n<li>Gum\u0103 de Mestecat de Pepene Verde<\/li>\n<li>Pe\u0219ti Mango Ananas<\/li>\n<li>Dragonul Negru Ghea\u021b\u0103<\/li>\n<li>Mur\u0103 de Afine Vi\u0219in\u0103 Meri\u0219or<\/li>\n<\/ol>\n<figure id=\"attachment_23232\" class=\"wp-caption alignnone\" aria-describedby=\"caption-attachment-23232\"><img loading=\"lazy\" decoding=\"async\" class=\"size-full wp-image-23232\" title=\"Fumot Leopard 40K 40000 Puffs Vaporizator de unic\u0103 folosin\u021b\u0103\" src=\"https:\/\/fumotxpress.de\/wp-content\/uploads\/2025\/07\/Fumot-Leopard-40K-40000-Puffs-Disposable-Vape-scaled.webp\" sizes=\"auto, (max-width: 2560px) 100vw, 2560px\" srcset=\"https:\/\/fumotxpress.de\/wp-content\/uploads\/2025\/07\/Fumot-Leopard-40K-40000-Puffs-Disposable-Vape-scaled.webp 2560w, https:\/\/fumotxpress.de\/wp-content\/uploads\/2025\/07\/Fumot-Leopard-40K-40000-Puffs-Disposable-Vape-300x180.webp 300w, https:\/\/fumotxpress.de\/wp-content\/uploads\/2025\/07\/Fumot-Leopard-40K-40000-Puffs-Disposable-Vape-1024x614.webp 1024w, https:\/\/fumotxpress.de\/wp-content\/uploads\/2025\/07\/Fumot-Leopard-40K-40000-Puffs-Disposable-Vape-768x461.webp 768w, https:\/\/fumotxpress.de\/wp-content\/uploads\/2025\/07\/Fumot-Leopard-40K-40000-Puffs-Disposable-Vape-1536x922.webp 1536w, https:\/\/fumotxpress.de\/wp-content\/uploads\/2025\/07\/Fumot-Leopard-40K-40000-Puffs-Disposable-Vape-2048x1229.webp 2048w, https:\/\/fumotxpress.de\/wp-content\/uploads\/2025\/07\/Fumot-Leopard-40K-40000-Puffs-Disposable-Vape-18x12.webp 18w, https:\/\/fumotxpress.de\/wp-content\/uploads\/2025\/07\/Fumot-Leopard-40K-40000-Puffs-Disposable-Vape-510x306.webp 510w, https:\/\/fumotxpress.de\/wp-content\/uploads\/2025\/07\/Fumot-Leopard-40K-40000-Puffs-Disposable-Vape-64x38.webp 64w\" alt=\"Fumot Leopard 40K 40000 Puffs Vaporizator de unic\u0103 folosin\u021b\u0103\" width=\"2560\" height=\"1536\" \/><figcaption id=\"caption-attachment-23232\" class=\"wp-caption-text\">Fumot Leopard 40K 40000 Puffs Vaporizator de unic\u0103 folosin\u021b\u0103<\/figcaption><\/figure>\n<h2>De ce noi?<\/h2>\n<ul>\n<li>Surs\u0103 real\u0103, de \u00eencredere \u0219i profesional\u0103 de vape.<\/li>\n<li>Garantia 100% Autentic\u0103: Noi oferim numai produse originale \u0219i autentice, refuz\u0103m contrafacerea.<\/li>\n<li>Garantia de Livrare 100%: Noi folosim cea mai bun\u0103 metod\u0103 de expediere pentru a ne asigura c\u0103 primi\u021bi comanda 100%.<\/li>\n<li>V\u0103 vom furniza num\u0103rul de urm\u0103rire \u0219i eticheta de expediere dup\u0103 expediere \u0219i vom urm\u0103ri m\u0103rfurile pentru dvs. p\u00e2n\u0103 c\u00e2nd le primi\u021bi \u0219i semna\u021bi pentru ele.<\/li>\n<li>F\u0103r\u0103 probleme vamale, f\u0103r\u0103 tarife<\/li>\n<\/ul>","protected":false},"excerpt":{"rendered":"<ul>\n<li>\n<p class=\"ds-markdown-paragraph\"><strong>Puterea nicotinei:<\/strong> 2% (20mg)<\/p>\n<\/li>\n<li>\n<h4 class=\"ds-markdown-paragraph\"><strong>Baterie:<\/strong>\u00a0700mAh Rechargeabil\u0103 (USB Tip-C)<\/h4>\n<\/li>\n<\/ul>","protected":false},"featured_media":4110,"comment_status":"open","ping_status":"closed","template":"","meta":{"om_disable_all_campaigns":false},"product_brand":[],"product_cat":[24,123],"product_tag":[],"class_list":{"0":"post-4109","1":"product","2":"type-product","3":"status-publish","4":"has-post-thumbnail","6":"product_cat-fumot-tornado-disposable-vapes","7":"product_cat-fumot-leopard-40k-40000-puffs","9":"first","10":"instock","11":"shipping-taxable","12":"purchasable","13":"product-type-variable"},"_links":{"self":[{"href":"https:\/\/fumotxpress.de\/ro\/wp-json\/wp\/v2\/product\/4109","targetHints":{"allow":["GET"]}}],"collection":[{"href":"https:\/\/fumotxpress.de\/ro\/wp-json\/wp\/v2\/product"}],"about":[{"href":"https:\/\/fumotxpress.de\/ro\/wp-json\/wp\/v2\/types\/product"}],"replies":[{"embeddable":true,"href":"https:\/\/fumotxpress.de\/ro\/wp-json\/wp\/v2\/comments?post=4109"}],"wp:featuredmedia":[{"embeddable":true,"href":"https:\/\/fumotxpress.de\/ro\/wp-json\/wp\/v2\/media\/4110"}],"wp:attachment":[{"href":"https:\/\/fumotxpress.de\/ro\/wp-json\/wp\/v2\/media?parent=4109"}],"wp:term":[{"taxonomy":"product_brand","embeddable":true,"href":"https:\/\/fumotxpress.de\/ro\/wp-json\/wp\/v2\/product_brand?post=4109"},{"taxonomy":"product_cat","embeddable":true,"href":"https:\/\/fumotxpress.de\/ro\/wp-json\/wp\/v2\/product_cat?post=4109"},{"taxonomy":"product_tag","embeddable":true,"href":"https:\/\/fumotxpress.de\/ro\/wp-json\/wp\/v2\/product_tag?post=4109"}],"curies":[{"name":"wp","href":"https:\/\/api.w.org\/{rel}","templated":true}]}}