{"id":3713,"date":"2025-04-11T12:41:26","date_gmt":"2025-04-11T12:41:26","guid":{"rendered":"https:\/\/fumotxpress.de\/?post_type=product&#038;p=3713"},"modified":"2025-05-20T09:51:56","modified_gmt":"2025-05-20T09:51:56","slug":"request-failed-with-status-code-574","status":"publish","type":"product","link":"https:\/\/fumotxpress.de\/ro\/produs\/request-failed-with-status-code-574\/","title":{"rendered":"Depozitul European Fumot RandM Tornado 7000 Puff-uri Nicotin\u0103 Sc\u0103zut\u0103 Cump\u0103ra\u021bi Vape Pen Re\u00eenc\u0103rcabil de Unic\u0103 Folosin\u021b\u0103 Autentic Original"},"content":{"rendered":"<h1 class=\"\" data-start=\"0\" data-end=\"81\"><a href=\"https:\/\/fumotxpress.de\/ro\/\">FUMOT RandM Tornado 7000 Puffs Vaporizator de unic\u0103 folosin\u021b\u0103<\/a> \u2013 Experien\u021ba Ultim\u0103 de Vaping<\/h1>\n<div style=\"width: 1020px;\" class=\"wp-video\"><!--[if lt IE 9]><script>document.createElement('video');<\/script><![endif]-->\n<video class=\"wp-video-shortcode\" id=\"video-3713-1\" width=\"1020\" height=\"574\" preload=\"metadata\" controls=\"controls\"><source type=\"video\/mp4\" src=\"https:\/\/fumotxpress.de\/wp-content\/uploads\/2025\/04\/AQOLfTyix6axaeO6TzluAYl6Rgo7NvU7N2qWjsiurqiQkUiM7ncEfMbEHWZKEcD4zPZgte2F6yGG9ZsX7hkJlXhH.mp4?_=1\" \/><a href=\"https:\/\/fumotxpress.de\/wp-content\/uploads\/2025\/04\/AQOLfTyix6axaeO6TzluAYl6Rgo7NvU7N2qWjsiurqiQkUiM7ncEfMbEHWZKEcD4zPZgte2F6yGG9ZsX7hkJlXhH.mp4\">https:\/\/fumotxpress.de\/wp-content\/uploads\/2025\/04\/AQOLfTyix6axaeO6TzluAYl6Rgo7NvU7N2qWjsiurqiQkUiM7ncEfMbEHWZKEcD4zPZgte2F6yGG9ZsX7hkJlXhH.mp4<\/a><\/video><\/div>\n<p class=\"\" data-start=\"83\" data-end=\"669\"><strong data-start=\"83\" data-end=\"118\">Lansarea Inova\u021biei \u00een Vaping<\/strong><br data-start=\"118\" data-end=\"121\" \/>FUMOT RandM Tornado 7000 Puffs Disposable Vape este o adev\u0103rat\u0103 revolu\u021bie \u00een lumea vapingului. Conceput pentru cei care apreciaz\u0103 at\u00e2t performan\u021ba ridicat\u0103, c\u00e2t \u0219i stilul, acest stilou de vape de unic\u0103 folosin\u021b\u0103 redefine\u0219te standardul. Indiferent dac\u0103 e\u0219ti un vaper experimentat sau un \u00eencep\u0103tor, Tornado 7000 promite o experien\u021b\u0103 excep\u021bional\u0103 care combin\u0103 tehnologia puternic\u0103 cu estetica modern\u0103. Disponibil exclusiv la <strong data-start=\"512\" data-end=\"530\">FumotXpress.de<\/strong>, cea mai mare platform\u0103 de retail online pentru vape-uri de unic\u0103 folosin\u021b\u0103 din Germania, acest produs este poarta ta de intrare c\u0103tre cea mai bun\u0103 experien\u021b\u0103 de vaping din Europa.<\/p>\n<p class=\"\" data-start=\"671\" data-end=\"1145\">Creat cu aten\u021bie meticuloas\u0103 pentru detalii, FUMOT RandM Tornado 7000 nu este doar un alt stilou vape de unic\u0103 folosin\u021b\u0103 - este o fuziune de calitate superioar\u0103, capacitate mare \u0219i personalizare personalizat\u0103. Prezent\u00e2nd un design inspirat de graffiti, iluminare RGB \u0219i o construc\u021bie ergonomic\u0103 elegant\u0103, Tornado 7000 este la fel de captivant vizual ca \u0219i func\u021bional. Perfect pentru cei care caut\u0103 comoditate, performan\u021b\u0103 \u0219i o gam\u0103 divers\u0103 de arome, acest dispozitiv este conceput pentru a dep\u0103\u0219i a\u0219tept\u0103rile.<\/p>\n<p class=\"\" data-start=\"1147\" data-end=\"1444\"><strong data-start=\"1147\" data-end=\"1190\">Disponibil exclusiv pe FumotXpress.de<\/strong>Politica noastr\u0103 de a nu impune o comand\u0103 minim\u0103 asigur\u0103 c\u0103 at\u00e2t cump\u0103r\u0103torii individuali, c\u00e2t \u0219i grupurile de retail pot avea acces la Tornado 7000. Cu o expediere rapid\u0103 \u0219i fiabil\u0103 din partea noastr\u0103, <strong data-start=\"1341\" data-end=\"1363\">Depozit european<\/strong>v\u0103 a\u0219tepta\u021bi ca comanda dvs. s\u0103 ajung\u0103 \u00een termen de 3-7 zile, indiferent de locul \u00een care v\u0103 afla\u021bi \u00een UE.<\/p>\n<hr class=\"\" data-start=\"1446\" data-end=\"1449\" \/>\n<h2 class=\"\" data-start=\"1451\" data-end=\"1494\">De ce s\u0103 alege\u021bi FUMOT<a href=\"https:\/\/fumotxpress.de\/ro\/\"> RandM Tornado 7000<\/a>?<\/h2>\n<p class=\"\" data-start=\"1496\" data-end=\"1631\">FUMOT RandM Tornado 7000 nu este doar un vape de unic\u0103 folosin\u021b\u0103 - este o declara\u021bie. Iat\u0103 de ce iese \u00een eviden\u021b\u0103 pe pia\u021ba aglomerat\u0103 a vape-urilor:<\/p>\n<h3 class=\"\" data-start=\"1633\" data-end=\"1672\"><strong data-start=\"1637\" data-end=\"1670\">Caracteristici cheie \u0219i specifica\u021bii<\/strong><\/h3>\n<ul data-start=\"1674\" data-end=\"3283\">\n<li class=\"\" data-start=\"1674\" data-end=\"1870\">\n<p class=\"\" data-start=\"1676\" data-end=\"1870\"><strong data-start=\"1676\" data-end=\"1701\">7000 de pufuri per dispozitiv<\/strong>: Perfect pentru utilizare pe termen lung, Tornado 7000 ofer\u0103 p\u00e2n\u0103 la <strong data-start=\"1760\" data-end=\"1774\">7000 puffs<\/strong> Per dispozitiv, oferind o experien\u021b\u0103 de vaporizare extins\u0103 f\u0103r\u0103 a fi nevoie de \u00eenlocuiri constante.<\/p>\n<\/li>\n<li class=\"\" data-start=\"1874\" data-end=\"2051\">\n<p class=\"\" data-start=\"1876\" data-end=\"2051\"><strong data-start=\"1876\" data-end=\"1902\">Capacitate E-lichid 14ml<\/strong>Precompletat cu <strong data-start=\"1920\" data-end=\"1948\">e-lichid de calitate premium<\/strong>Tornado 7000 ofer\u0103 o capacitate generoas\u0103 de 14 ml, asigur\u00e2nd o satisfac\u021bie de lung\u0103 durat\u0103 la fiecare puf.<\/p>\n<\/li>\n<li class=\"\" data-start=\"2055\" data-end=\"2235\">\n<p class=\"\" data-start=\"2057\" data-end=\"2235\"><strong data-start=\"2057\" data-end=\"2092\">Puteri de nicotin\u0103 personalizabile<\/strong>: Alege\u021bi din <strong data-start=\"2106\" data-end=\"2136\">0%, 2%, 3% sau 5% nicotin\u0103<\/strong> op\u021biuni care s\u0103 r\u0103spund\u0103 preferin\u021belor dvs. personale, permi\u021b\u00e2ndu-v\u0103 s\u0103 adapta\u021bi experien\u021ba la nevoile dvs.<\/p>\n<\/li>\n<li class=\"\" data-start=\"2239\" data-end=\"2414\">\n<p class=\"\" data-start=\"2241\" data-end=\"2414\"><strong data-start=\"2241\" data-end=\"2284\">Baterie Re\u00eenc\u0103rcabil\u0103 Integrat\u0103 1000mAh<\/strong>: Prezent\u00e2nd o <strong data-start=\"2298\" data-end=\"2326\">Baterie re\u00eenc\u0103rcabil\u0103 prin USB<\/strong>, Tornado 7000 v\u0103 permite s\u0103 v\u0103 bucura\u021bi de dispozitiv p\u00e2n\u0103 la ultima pic\u0103tur\u0103 de e-lichid.<\/p>\n<\/li>\n<li class=\"\" data-start=\"2418\" data-end=\"2602\">\n<p class=\"\" data-start=\"2420\" data-end=\"2602\"><strong data-start=\"2420\" data-end=\"2449\">Sistem de Debit de Aer Reglabil<\/strong>: The <strong data-start=\"2455\" data-end=\"2477\">Debit de aer reglabil<\/strong> Caracteristica v\u0103 permite s\u0103 personaliza\u021bi tragerea, indiferent dac\u0103 prefera\u021bi o inhalare mai str\u00e2ns\u0103, mai controlat\u0103 sau o puf\u0103 mai aerisit\u0103, mai deschis\u0103.<\/p>\n<\/li>\n<li class=\"\" data-start=\"2606\" data-end=\"2761\">\n<p class=\"\" data-start=\"2608\" data-end=\"2761\"><strong data-start=\"2608\" data-end=\"2632\">Tehnologie Mesh Coil<\/strong>Tornado 7000 utilizeaz\u0103 <strong data-start=\"2656\" data-end=\"2680\">tehnologie mesh coil<\/strong>, asigur\u00e2nd o vapoare mai lin\u0103, lovituri mai curate \u0219i un gust mai intens la fiecare puf.<\/p>\n<\/li>\n<li class=\"\" data-start=\"2765\" data-end=\"2922\">\n<p class=\"\" data-start=\"2767\" data-end=\"2922\"><strong data-start=\"2767\" data-end=\"2787\">Design Ergonomic<\/strong>: Echipat cu un <strong data-start=\"2805\" data-end=\"2843\">o pies\u0103 bucal\u0103 din cauciuc moale, de calitate alimentar\u0103<\/strong>Aceast\u0103 vape pen asigur\u0103 o experien\u021b\u0103 de inhalare confortabil\u0103 \u0219i premium de fiecare dat\u0103.<\/p>\n<\/li>\n<li class=\"\" data-start=\"2926\" data-end=\"3089\">\n<p class=\"\" data-start=\"2928\" data-end=\"3089\"><strong data-start=\"2928\" data-end=\"2949\">Afi\u0219aj de lumin\u0103 RGB<\/strong>: Ad\u0103ug\u00e2nd o not\u0103 vizual\u0103, <strong data-start=\"2978\" data-end=\"3007\">Afi\u0219aj de lumin\u0103 RGB cu 6 culori<\/strong> face ca Tornado 7000 s\u0103 fie un dispozitiv care atrage aten\u021bia, lumin\u00e2nd la fiecare puf.<\/p>\n<\/li>\n<li class=\"\" data-start=\"3093\" data-end=\"3283\">\n<p class=\"\" data-start=\"3095\" data-end=\"3283\"><strong data-start=\"3095\" data-end=\"3121\">Ambalare gata pentru v\u00e2nzare cu am\u0103nuntul<\/strong>: Ideal pentru comercian\u021bii cu am\u0103nuntul, Tornado 7000 este disponibil \u00een <strong data-start=\"3170\" data-end=\"3195\">Cutii de afi\u0219are cu 10 unit\u0103\u021bi<\/strong> \u0219i <strong data-start=\"3200\" data-end=\"3224\">240 de unit\u0103\u021bi pe cutie<\/strong>, f\u0103c\u00e2ndu-l produsul perfect pentru comenzi de retail \u0219i \u00een cantit\u0103\u021bi mari.<\/p>\n<\/li>\n<\/ul>\n<hr class=\"\" data-start=\"3285\" data-end=\"3288\" \/>\n<h2 class=\"\" data-start=\"3290\" data-end=\"3356\">Experien\u021b\u0103 de Arom\u0103 \u2013 20 de Profiluri Diverse pentru a Satisface Fiecare Palet\u0103<\/h2>\n<p class=\"\" data-start=\"3358\" data-end=\"3735\">Unul dintre principalele atrac\u021bii ale FUMOT RandM Tornado 7000 este selec\u021bia sa impresionant\u0103 de <strong data-start=\"3448\" data-end=\"3481\">20 de arome delicioase \u0219i dinamice<\/strong>Indiferent dac\u0103 dori\u021bi amestecuri fructate, refresc\u0103toare reci sau delicii inspirate de deserturi, Tornado 7000 are ceva care s\u0103 plac\u0103 fiec\u0103rui vaporizator. Mai jos este lista complet\u0103 a gusturilor disponibile, fiecare creat cu grij\u0103 pentru a oferi o experien\u021b\u0103 de vaporizare de neuitat:<\/p>\n<h3 class=\"\" data-start=\"3737\" data-end=\"3766\"><strong data-start=\"3741\" data-end=\"3764\">1. Ghea\u021b\u0103 de coac\u0103ze negre<\/strong><\/h3>\n<p class=\"\" data-start=\"3767\" data-end=\"3903\">O explozie ascu\u021bit\u0103 \u0219i \u00eendr\u0103znea\u021b\u0103 de coac\u0103ze negre, perfect echilibrat\u0103 cu o finish r\u0103coritoare de mentol. Ideal pentru iubitorii de fructe care apreciaz\u0103 o senza\u021bie r\u0103coritoare.<\/p>\n<h3 class=\"\" data-start=\"3905\" data-end=\"3925\"><strong data-start=\"3909\" data-end=\"3923\">2. Popsicle de ghea\u021b\u0103<\/strong><\/h3>\n<p class=\"\" data-start=\"3926\" data-end=\"4062\">O amestec nostalgic de arome de \u00eenghe\u021bat\u0103 cu fructe care te transport\u0103 \u00eenapoi \u00een var\u0103. Gustul r\u0103coritor de mentol dup\u0103 gust este cirea\u0219a de pe tort.<\/p>\n<h3 class=\"\" data-start=\"4064\" data-end=\"4095\"><strong data-start=\"4068\" data-end=\"4093\">3. Bluesour Raspberry<\/strong><\/h3>\n<p class=\"\" data-start=\"4096\" data-end=\"4213\">O fuziune acr\u0103 de zmeur\u0103 albastr\u0103 cu o lovitur\u0103 de citrice care \u00eei tenteaz\u0103 pe papilele gustative. Un echilibru perfect de dulce \u0219i acru.<\/p>\n<h3 class=\"\" data-start=\"4215\" data-end=\"4245\"><strong data-start=\"4219\" data-end=\"4243\">4. Explozia de M\u0103r \u0219i Afine<\/strong><\/h3>\n<p class=\"\" data-start=\"4246\" data-end=\"4355\">O combina\u021bie dulce \u0219i suculent\u0103 de mere coapte, combinate cu un amestec de fructe de p\u0103dure pentru un gust r\u0103coritor \u0219i echilibrat.<\/p>\n<h3 class=\"\" data-start=\"4357\" data-end=\"4376\"><strong data-start=\"4361\" data-end=\"4374\">5. Cire\u0219<\/strong><\/h3>\n<p class=\"\" data-start=\"4377\" data-end=\"4500\">Arom\u0103 de cire\u0219e pur\u0103 \u0219i dulce, cu exact cantitatea potrivit\u0103 de aciditate. Simpl\u0103, dar satisf\u0103c\u0103toare, aceast\u0103 arom\u0103 este un clasic atemporal.<\/p>\n<h3 class=\"\" data-start=\"4502\" data-end=\"4529\"><strong data-start=\"4506\" data-end=\"4527\">6. Pacific Cooler<\/strong><\/h3>\n<p class=\"\" data-start=\"4530\" data-end=\"4659\">O lovitur\u0103 tropical\u0103 de ananas, mango \u0219i citrice, toate \u00eenf\u0103\u0219urate \u00eentr-o briz\u0103 r\u0103coritoare de mentol. O experien\u021b\u0103 cu adev\u0103rat exotic\u0103 \u0219i r\u0103coritoare.<\/p>\n<h3 class=\"\" data-start=\"4661\" data-end=\"4688\"><strong data-start=\"4665\" data-end=\"4686\">7. L\u0103mad\u0103 de fructe de p\u0103dure<\/strong><\/h3>\n<p class=\"\" data-start=\"4689\" data-end=\"4798\">Un amestec perfect de fructe de p\u0103dure coapte \u0219i l\u0103m\u00e2iad\u0103 acri\u0219oar\u0103, cre\u00e2nd un amestec dulce-acri\u0219or care r\u0103core\u0219te la fiecare \u00eenghi\u021bitur\u0103.<\/p>\n<h3 class=\"\" data-start=\"4800\" data-end=\"4824\"><strong data-start=\"4804\" data-end=\"4822\">8. S\u00e2nge de Tigru<\/strong><\/h3>\n<p class=\"\" data-start=\"4825\" data-end=\"4936\">O combina\u021bie exotic\u0103 de c\u0103p\u0219uni, pepene verde \u0219i nuc\u0103 de cocos, care ofer\u0103 o arom\u0103 puternic\u0103 \u0219i \u00eendr\u0103znea\u021b\u0103 care face o declara\u021bie.<\/p>\n<h3 class=\"\" data-start=\"4938\" data-end=\"4958\"><strong data-start=\"4942\" data-end=\"4956\">9. Dl Blue<\/strong><\/h3>\n<p class=\"\" data-start=\"4959\" data-end=\"5075\">O combina\u021bie misterioas\u0103 de fructe de p\u0103dure \u0219i mentol, cu o not\u0103 de dulcea\u021b\u0103 care adaug\u0103 o \u00eentors\u0103tur\u0103 r\u0103coritoare experien\u021bei.<\/p>\n<h3 class=\"\" data-start=\"5077\" data-end=\"5105\"><strong data-start=\"5081\" data-end=\"5103\">10. Red Energy Ice<\/strong><\/h3>\n<p class=\"\" data-start=\"5106\" data-end=\"5254\">Inspirat de b\u0103uturile energizante, aceast\u0103 arom\u0103 ofer\u0103 o explozie energizant\u0103 cu un final mentolat r\u0103coritor \u0219i rece. Perfect pentru cei care au nevoie de un impuls.<\/p>\n<h3 class=\"\" data-start=\"5256\" data-end=\"5283\"><strong data-start=\"5260\" data-end=\"5281\">11. Ghea\u021b\u0103 de M\u0103r Ro\u0219u<\/strong><\/h3>\n<p class=\"\" data-start=\"5284\" data-end=\"5415\">Gust de m\u0103r ro\u0219u crocant, completat de o not\u0103 de mentol r\u0103coritoare. O vape delicioas\u0103 \u0219i crocant\u0103 care r\u0103core\u0219te la fiecare inspira\u021bie.<\/p>\n<h3 class=\"\" data-start=\"5417\" data-end=\"5457\"><strong data-start=\"5421\" data-end=\"5455\">12. Afin\u0103 Cire\u0219\u0103 Mureaz\u0103<\/strong><\/h3>\n<p class=\"\" data-start=\"5458\" data-end=\"5587\">O trifect\u0103 de fructe - afine, cire\u0219e \u0219i meri\u0219oare - care se reunesc pentru a oferi o experien\u021b\u0103 dulce, acr\u0103 \u0219i tart\u0103 \u00eentr-o singur\u0103 puf\u0103tur\u0103.<\/p>\n<h3 class=\"\" data-start=\"5589\" data-end=\"5619\"><strong data-start=\"5593\" data-end=\"5617\">13. Blue Razz Cherry<\/strong><\/h3>\n<p class=\"\" data-start=\"5620\" data-end=\"5737\">Vibrant culoare albastr\u0103 arom\u0103 de zmeur\u0103 fuzionat\u0103 cu cire\u0219\u0103 suculent\u0103 pentru o experien\u021b\u0103 acru-dulce care cu siguran\u021b\u0103 v\u0103 va mul\u021bumi papilele gustative.<\/p>\n<h3 class=\"\" data-start=\"5739\" data-end=\"5762\"><strong data-start=\"5743\" data-end=\"5760\">14. Gust de strugure congelat<\/strong><\/h3>\n<p class=\"\" data-start=\"5763\" data-end=\"5857\">Gust de struguri dulce \u0219i bogat, stratificat cu mentol \u00eenghe\u021bat pentru o experien\u021b\u0103 de vape r\u0103coritoare \u0219i complet\u0103.<\/p>\n<h3 class=\"\" data-start=\"5859\" data-end=\"5882\"><strong data-start=\"5863\" data-end=\"5880\">15. Mango Ice<\/strong><\/h3>\n<p class=\"\" data-start=\"5883\" data-end=\"5989\">Gust exotic de mango tropical completat de o exhalare r\u0103coritoare de mentol. Combina\u021bia suprem\u0103 de fructe \u0219i r\u0103coare.<\/p>\n<h3 class=\"\" data-start=\"5991\" data-end=\"6021\"><strong data-start=\"5995\" data-end=\"6019\">16. Milkshake de banan\u0103<\/strong><\/h3>\n<p class=\"\" data-start=\"6022\" data-end=\"6157\">O arom\u0103 de desert de banan\u0103 cremoas\u0103 \u0219i vis\u0103toare care te face s\u0103 sim\u021bi c\u0103 te indulgi \u00eentr-un milkshake bogat. Perfect pentru o experien\u021b\u0103 de vaping dulce \u0219i lin\u0103.<\/p>\n<h3 class=\"\" data-start=\"6159\" data-end=\"6194\"><strong data-start=\"6163\" data-end=\"6192\">17. C\u0103p\u0219un\u0103 Pepene verde<\/strong><\/h3>\n<p class=\"\" data-start=\"6195\" data-end=\"6325\">O combina\u021bie suculent\u0103 \u0219i r\u0103coritoare de fructe de var\u0103, care amestec\u0103 c\u0103p\u0219uni dulci \u0219i pepene verde pentru o vapare fructat\u0103 ideal\u0103 pentru zilele calde.<\/p>\n<h3 class=\"\" data-start=\"6327\" data-end=\"6350\"><strong data-start=\"6331\" data-end=\"6348\">18. Pi\u0219c\u0103 de P\u00easca<\/strong><\/h3>\n<p class=\"\" data-start=\"6351\" data-end=\"6461\">Gust delicat de piersic\u0103 cu o finishare r\u0103coritoare de mentol. Dulce \u0219i neted, cu exact cantitatea potrivit\u0103 de prospe\u021bime.<\/p>\n<h3 class=\"\" data-start=\"6463\" data-end=\"6493\"><strong data-start=\"6467\" data-end=\"6491\">19. Afine pe Ghea\u021b\u0103<\/strong><\/h3>\n<p class=\"\" data-start=\"6494\" data-end=\"6595\">Mure suculente, asociate cu o briz\u0103 mentolat\u0103 r\u0103coritoare, cre\u00e2nd o experien\u021b\u0103 de vaporizare \u00eenghe\u021bat\u0103 \u0219i proasp\u0103t\u0103.<\/p>\n<h3 class=\"\" data-start=\"6597\" data-end=\"6624\"><strong data-start=\"6601\" data-end=\"6622\">20. L\u0103mad\u0103 Roz<\/strong><\/h3>\n<p class=\"\" data-start=\"6625\" data-end=\"6733\">O amestec de citrice roz picant cu arome acre \u0219i dulci care creeaz\u0103 o experien\u021b\u0103 de vape unic\u0103 \u0219i caracteristic\u0103.<\/p>\n<hr class=\"\" data-start=\"6735\" data-end=\"6738\" \/>\n<h2 class=\"\" data-start=\"6740\" data-end=\"6787\">Cine Ar Trebui S\u0103 Cumpere FUMOT RandM Tornado 7000?<\/h2>\n<p class=\"\" data-start=\"6789\" data-end=\"7119\">The \nacela\u0219i \nnu se traduce, se las\u0103 ca atare \nse las\u0103 ca atare \nThe <strong data-start=\"6793\" data-end=\"6821\">FUMOT RandM Tornado 7000<\/strong> este conceput at\u00e2t pentru vapori experimenta\u021bi, c\u00e2t \u0219i pentru \u00eencep\u0103tori. Dac\u0103 aprecia\u021bi performan\u021ba ridicat\u0103, u\u0219urin\u021ba \u00een utilizare \u0219i o gam\u0103 larg\u0103 de arome, acest dispozitiv este alegerea perfect\u0103. Indiferent dac\u0103 sunte\u021bi un vapori individual sau un comerciant care dore\u0219te s\u0103 ofere clien\u021bilor s\u0103i vape-uri de unic\u0103 folosin\u021b\u0103 de \u00eenalt\u0103 calitate, Tornado 7000 ofer\u0103 ceea ce trebuie.<\/p>\n<p class=\"\" data-start=\"7121\" data-end=\"7420\">Pentru comercian\u021bii cu am\u0103nuntul, <strong data-start=\"7136\" data-end=\"7154\">FumotXpress.de<\/strong> ofer\u0103 op\u021biuni de cump\u0103rare flexibile cu <strong data-start=\"7195\" data-end=\"7215\">f\u0103r\u0103 comand\u0103 minim\u0103<\/strong>Indiferent dac\u0103 ai nevoie de o singur\u0103 unitate sau dore\u0219ti s\u0103 cumperi \u00een cantit\u0103\u021bi mari, te avem acoperit. Livrare rapid\u0103 \u0219i sigur\u0103 direct de la noi <strong data-start=\"7337\" data-end=\"7359\">Depozit european<\/strong> asigur\u0103 c\u0103 produsele dumneavoastr\u0103 ajung prompt, \u00een termen de 3-7 zile.<\/p>\n<hr class=\"\" data-start=\"7422\" data-end=\"7425\" \/>\n<h2 class=\"\" data-start=\"7427\" data-end=\"7457\">De ce s\u0103 cump\u0103ra\u021bi de la FumotXpress.de?<\/h2>\n<p class=\"\" data-start=\"7459\" data-end=\"7651\">La <strong data-start=\"7462\" data-end=\"7480\">FumotXpress.de<\/strong>Ne m\u00e2ndrim c\u0103 oferim cele mai bune vape-uri de unic\u0103 folosin\u021b\u0103 de la m\u0103rci de top, cum ar fi <strong data-start=\"7560\" data-end=\"7604\"><a href=\"https:\/\/fumotxpress.de\/ro\/\">FUMOT,<\/a> Al Fakher, OBEELAB HHC, SMPO DL02<\/strong>\u0219i multe altele. Iat\u0103 de ce ar trebui s\u0103 face\u021bi cump\u0103r\u0103turi cu noi:<\/p>\n<ul data-start=\"7653\" data-end=\"7994\">\n<li class=\"\" data-start=\"7653\" data-end=\"7710\">\n<p class=\"\" data-start=\"7655\" data-end=\"7710\"><strong data-start=\"7655\" data-end=\"7708\">Cel Mai Mare V\u00e2nz\u0103tor Online de Vape de Unic\u0103 Folosin\u021b\u0103 din Germania<\/strong><\/p>\n<\/li>\n<li class=\"\" data-start=\"7711\" data-end=\"7784\">\n<p class=\"\" data-start=\"7713\" data-end=\"7784\"><strong data-start=\"7713\" data-end=\"7732\">Doar M\u0103rci de Top<\/strong> \u2013 FUMOT, Al Fakher, OBEELAB HHC, Fizzy, \u0219i multe altele.<\/p>\n<\/li>\n<li class=\"\" data-start=\"7785\" data-end=\"7840\">\n<p class=\"\" data-start=\"7787\" data-end=\"7840\"><strong data-start=\"7787\" data-end=\"7807\">F\u0103r\u0103 comand\u0103 minim\u0103<\/strong> \u2013 Cump\u0103ra\u021bi de la o singur\u0103 unitate.<\/p>\n<\/li>\n<li class=\"\" data-start=\"7841\" data-end=\"7921\">\n<p class=\"\" data-start=\"7843\" data-end=\"7921\"><strong data-start=\"7843\" data-end=\"7864\">Livrare rapid\u0103 \u00een UE<\/strong> \u2013 Livrare rapid\u0103 \u0219i sigur\u0103 din depozitul nostru european.<\/p>\n<\/li>\n<li class=\"\" data-start=\"7922\" data-end=\"7994\">\n<p class=\"\" data-start=\"7924\" data-end=\"7994\"><strong data-start=\"7924\" data-end=\"7949\">Angajament pentru Calitate<\/strong> \u2013 V\u00e2ndem numai produse originale \u0219i autentice.<\/p>\n<\/li>\n<\/ul>\n<hr class=\"\" data-start=\"7996\" data-end=\"7999\" \/>\n<h2 class=\"\" data-start=\"8001\" data-end=\"8008\">\u00centreb\u0103ri frecvente<\/h2>\n<p class=\"\" data-start=\"8010\" data-end=\"8218\"><strong data-start=\"8010\" data-end=\"8075\">Este FUMOT RandM Tornado 7000 vape-ul de unic\u0103 folosin\u021b\u0103 re\u00eenc\u0103rcabil?<\/strong><br data-start=\"8075\" data-end=\"8078\" \/>Da, Tornado 7000 are un <strong data-start=\"8111\" data-end=\"8143\">Baterie re\u00eenc\u0103rcabil\u0103 1000mAh<\/strong> care poate fi \u00eenc\u0103rcat prin USB, asigur\u00e2nd utilizarea maxim\u0103 a dispozitivului dvs.<\/p>\n<p class=\"\" data-start=\"8220\" data-end=\"8375\"><strong data-start=\"8220\" data-end=\"8259\">Ce niveluri de nicotin\u0103 sunt disponibile?<\/strong><br data-start=\"8259\" data-end=\"8262\" \/>Tornado 7000 ofer\u0103 <strong data-start=\"8286\" data-end=\"8317\">0%, 2%, 3% \u0219i 5% nicotin\u0103<\/strong> op\u021biuni, astfel \u00eenc\u00e2t s\u0103 pute\u021bi selecta nivelul care vi se potrive\u0219te cel mai bine.<\/p>\n<p class=\"\" data-start=\"8377\" data-end=\"8521\"><strong data-start=\"8377\" data-end=\"8412\">Este potrivit pentru \u00eencep\u0103tori?<\/strong><br data-start=\"8412\" data-end=\"8415\" \/>Absolut! Tornado 7000 este incredibil de u\u0219or de utilizat - pur \u0219i simplu despacheta\u021bi, \u00eenc\u0103rca\u021bi (dac\u0103 este necesar) \u0219i \u00eencepe\u021bi s\u0103 vapora\u021bi.<\/p>\n<p class=\"\" data-start=\"8523\" data-end=\"8659\"><strong data-start=\"8523\" data-end=\"8558\">C\u00e2te arome sunt disponibile?<\/strong><br data-start=\"8558\" data-end=\"8561\" \/>Tornado 7000 este livrat cu <strong data-start=\"8589\" data-end=\"8613\">20 de arome delicioase<\/strong>de la mentoli r\u0103coare la amestecuri fructate.<\/p>\n<p class=\"\" data-start=\"8661\" data-end=\"8790\"><strong data-start=\"8661\" data-end=\"8697\">FumotXpress.de<\/strong><br data-start=\"8697\" data-end=\"8700\" \/>Oper\u0103m din Germania \u0219i expedi\u0103m \u00een toat\u0103 UE, direct de la\u6211\u5011\u7684 <strong data-start=\"8766\" data-end=\"8788\">Depozit european<\/strong>.<\/p>\n<hr class=\"\" data-start=\"8792\" data-end=\"8795\" \/>\n<p class=\"\" data-start=\"8797\" data-end=\"8894\"><strong data-start=\"8797\" data-end=\"8827\">Cump\u0103ra\u021bi acum pe<a href=\"https:\/\/fumotxpress.de\/ro\/\"> FumotXpress.de<\/a><\/strong> \u0219i ridica\u021bi experien\u021ba dvs. de vapare cu **FUMOT RandM Tornado**<\/p>","protected":false},"excerpt":{"rendered":"<p>Cump\u0103ra\u021bi FUMOT RandM Tornado 7000 Puffs Vape de unic\u0103 folosin\u021b\u0103 la FumotXpress.de. Bucura\u021bi-v\u0103 de p\u00e2n\u0103 la 7000 de pufuri, op\u021biuni de nicotin\u0103 personalizabile \u0219i o gam\u0103 larg\u0103 de arome premium. Livrare rapid\u0103 \u00een UE din depozitul nostru european!<\/p>","protected":false},"featured_media":3737,"comment_status":"open","ping_status":"closed","template":"","meta":{"om_disable_all_campaigns":false},"product_brand":[],"product_cat":[24],"product_tag":[],"class_list":{"0":"post-3713","1":"product","2":"type-product","3":"status-publish","4":"has-post-thumbnail","6":"product_cat-fumot-tornado-disposable-vapes","8":"first","9":"instock","10":"shipping-taxable","11":"purchasable","12":"product-type-variable"},"_links":{"self":[{"href":"https:\/\/fumotxpress.de\/ro\/wp-json\/wp\/v2\/product\/3713","targetHints":{"allow":["GET"]}}],"collection":[{"href":"https:\/\/fumotxpress.de\/ro\/wp-json\/wp\/v2\/product"}],"about":[{"href":"https:\/\/fumotxpress.de\/ro\/wp-json\/wp\/v2\/types\/product"}],"replies":[{"embeddable":true,"href":"https:\/\/fumotxpress.de\/ro\/wp-json\/wp\/v2\/comments?post=3713"}],"wp:featuredmedia":[{"embeddable":true,"href":"https:\/\/fumotxpress.de\/ro\/wp-json\/wp\/v2\/media\/3737"}],"wp:attachment":[{"href":"https:\/\/fumotxpress.de\/ro\/wp-json\/wp\/v2\/media?parent=3713"}],"wp:term":[{"taxonomy":"product_brand","embeddable":true,"href":"https:\/\/fumotxpress.de\/ro\/wp-json\/wp\/v2\/product_brand?post=3713"},{"taxonomy":"product_cat","embeddable":true,"href":"https:\/\/fumotxpress.de\/ro\/wp-json\/wp\/v2\/product_cat?post=3713"},{"taxonomy":"product_tag","embeddable":true,"href":"https:\/\/fumotxpress.de\/ro\/wp-json\/wp\/v2\/product_tag?post=3713"}],"curies":[{"name":"wp","href":"https:\/\/api.w.org\/{rel}","templated":true}]}}