{"id":3476,"date":"2025-03-25T06:18:43","date_gmt":"2025-03-25T06:18:43","guid":{"rendered":"https:\/\/fumotxpress.de\/?post_type=product&#038;p=3476"},"modified":"2025-12-12T09:20:37","modified_gmt":"2025-12-12T09:20:37","slug":"smpo-tron35000-puffs-nicotina-cumpara-original-autentisch-reincarcabila-de-unica-folosinta-vapes-pen","status":"publish","type":"product","link":"https:\/\/fumotxpress.de\/ro\/produs\/smpo-tron35000-puffs-nicotina-cumpara-original-autentisch-reincarcabila-de-unica-folosinta-vapes-pen\/","title":{"rendered":"SMPO TRON35000 Puffs Nicotin\u0103 Cump\u0103ra\u021bi Vape Pen Re\u00eenc\u0103rcabil de Unic\u0103 Folosin\u021b\u0103 Autentic Original"},"content":{"rendered":"<article class=\"group\/turn w-full text-token-text-primary focus-visible:outline-none\" dir=\"auto\" tabindex=\"-1\" data-testid=\"conversation-turn-4\" data-scroll-anchor=\"true\">\n<div class=\"text-base my-auto mx-auto py-5 px-6\">\n<div class=\"mx-auto flex flex-1 text-base gap-4 md:gap-5 lg:gap-6 md:max-w-3xl lg:max-w-[40rem] xl:max-w-[48rem]\">\n<div class=\"group\/conversation-turn relative flex w-full min-w-0 flex-col agent-turn @xs\/thread:px-0 @sm\/thread:px-1.5 @md\/thread:px-4\">\n<div class=\"relative flex-col gap-1 md:gap-3\">\n<div class=\"flex max-w-full flex-col flex-grow\">\n<div class=\"min-h-8 text-message relative flex w-full flex-col items-end gap-2 whitespace-normal break-words text-start [.text-message+&amp;]:mt-5\" dir=\"auto\" data-message-author-role=\"assistant\" data-message-id=\"7b9d3162-65e3-476c-a359-47808af6c3e8\" data-message-model-slug=\"gpt-4o\">\n<div class=\"flex w-full flex-col gap-1 empty:hidden first:pt-[3px]\">\n<div class=\"markdown prose w-full break-words dark:prose-invert light\">\n<h2 class=\"\" data-start=\"0\" data-end=\"75\">SMPO TRON35000 Puffs Vaporizator de unic\u0103 folosin\u021b\u0103: Experien\u021ba suprem\u0103 Shisha<\/h2>\n<div style=\"width: 1020px;\" class=\"wp-video\"><!--[if lt IE 9]><script>document.createElement('video');<\/script><![endif]-->\n<video class=\"wp-video-shortcode\" id=\"video-3476-1\" width=\"1020\" height=\"574\" preload=\"metadata\" controls=\"controls\"><source type=\"video\/mp4\" src=\"https:\/\/fumotxpress.de\/wp-content\/uploads\/2025\/03\/Smpo-TRON35000-Shisha-\uff082\uff09.mp4?_=1\" \/><a href=\"https:\/\/fumotxpress.de\/wp-content\/uploads\/2025\/03\/Smpo-TRON35000-Shisha-\uff082\uff09.mp4\">https:\/\/fumotxpress.de\/wp-content\/uploads\/2025\/03\/Smpo-TRON35000-Shisha-\uff082\uff09.mp4<\/a><\/video><\/div>\n<p class=\"\" data-start=\"77\" data-end=\"763\">The \nacela\u0219i \nnu se traduce, se las\u0103 ca atare \nse las\u0103 ca atare \nThe <strong data-start=\"81\" data-end=\"125\">SMPO TRON35000 Puffs Vaporizator de Unic\u0103 Folosin\u021b\u0103<\/strong> este un dispozitiv de vaporizare de ultim\u0103 genera\u021bie care ofer\u0103 o experien\u021b\u0103 f\u0103r\u0103 egal pentru cei care iubesc vaporul lin \u0219i aromat. Cu un <strong data-start=\"245\" data-end=\"269\">Capacitate de 35.000 de pufuri<\/strong>, <strong data-start=\"271\" data-end=\"294\">niveluri sc\u0103zute de nicotin\u0103<\/strong>\u0219i o serie de caracteristici inovatoare, acest dispozitiv ridic\u0103 vape-ul de unic\u0103 folosin\u021b\u0103 la noi \u00een\u0103l\u021bimi. Ideal pentru cei care caut\u0103 o experien\u021b\u0103 de vape premium, f\u0103r\u0103 probleme, SMPO TRON35000 reune\u0219te tehnologie, confort \u0219i arom\u0103 excep\u021bional\u0103 \u00eentr-un pachet re\u00eenc\u0103rcabil elegant. Disponibil pentru cump\u0103rare exclusiv la <strong data-start=\"608\" data-end=\"626\">FumotXpress.de<\/strong>, cea mai mare platform\u0103 de retail online pentru vape-uri de unic\u0103 folosin\u021b\u0103 din Germania, acest dispozitiv promite autenticitate \u0219i satisfac\u021bie la fiecare puf.<\/p>\n<h3 class=\"\" data-start=\"765\" data-end=\"825\">De ce s\u0103 alegi vape pen-ul de unic\u0103 folosin\u021b\u0103 SMPO TRON35000 Puffs?<\/h3>\n<p class=\"\" data-start=\"827\" data-end=\"1282\">SMPO TRON35000 se remarc\u0103 printre alte vape-uri de unic\u0103 folosin\u021b\u0103 de pe pia\u021b\u0103, oferind un amestec unic de materiale de \u00eenalt\u0103 calitate, caracteristici avansate \u0219i tehnologie de ultim\u0103 or\u0103. Indiferent dac\u0103 sunte\u021bi un vaper experimentat sau nou \u00een lumea vape-urilor de unic\u0103 folosin\u021b\u0103, acest dispozitiv este conceput pentru a oferi o experien\u021b\u0103 excep\u021bional\u0103 la fiecare utilizare. S\u0103 arunc\u0103m o privire mai atent\u0103 asupra caracteristicilor \u0219i beneficiilor remarcabile care fac SMPO TRON35000 alegerea ideal\u0103 pentru nevoile dvs. de vaping.<\/p>\n<p data-start=\"827\" data-end=\"1282\"><img loading=\"lazy\" decoding=\"async\" class=\"alignnone size-full wp-image-3479\" src=\"https:\/\/fumotxpress.de\/wp-content\/uploads\/2025\/03\/01-scaled.jpg\" alt=\"\" width=\"2560\" height=\"2560\" srcset=\"https:\/\/fumotxpress.de\/wp-content\/uploads\/2025\/03\/01-scaled.jpg 2560w, https:\/\/fumotxpress.de\/wp-content\/uploads\/2025\/03\/01-300x300.jpg 300w, https:\/\/fumotxpress.de\/wp-content\/uploads\/2025\/03\/01-1024x1024.jpg 1024w, https:\/\/fumotxpress.de\/wp-content\/uploads\/2025\/03\/01-150x150.jpg 150w, https:\/\/fumotxpress.de\/wp-content\/uploads\/2025\/03\/01-768x768.jpg 768w, https:\/\/fumotxpress.de\/wp-content\/uploads\/2025\/03\/01-1536x1536.jpg 1536w, https:\/\/fumotxpress.de\/wp-content\/uploads\/2025\/03\/01-2048x2048.jpg 2048w, https:\/\/fumotxpress.de\/wp-content\/uploads\/2025\/03\/01-12x12.jpg 12w, https:\/\/fumotxpress.de\/wp-content\/uploads\/2025\/03\/01-247x247.jpg 247w, https:\/\/fumotxpress.de\/wp-content\/uploads\/2025\/03\/01-600x600.jpg 600w, https:\/\/fumotxpress.de\/wp-content\/uploads\/2025\/03\/01-100x100.jpg 100w\" sizes=\"auto, (max-width: 2560px) 100vw, 2560px\" \/><\/p>\n<h3 class=\"\" data-start=\"1284\" data-end=\"1344\">Caracteristici ale stiloului vape de unic\u0103 folosin\u021b\u0103 SMPO TRON35000 Puffs<\/h3>\n<ul data-start=\"1346\" data-end=\"4600\">\n<li class=\"\" data-start=\"1346\" data-end=\"1740\">\n<p class=\"\" data-start=\"1348\" data-end=\"1740\"><strong data-start=\"1348\" data-end=\"1372\">Capacitate de 35.000 de pufuri<\/strong>: Una dintre cele mai impresionante caracteristici ale SMPO TRON35000 este extraordinara sa <strong data-start=\"1453\" data-end=\"1477\">Capacitate de 35.000 de pufuri<\/strong>Acest lucru \u00eenseamn\u0103 c\u0103 utilizatorii se pot bucura de sesiuni lungi \u0219i ne\u00eentrerupte de vaping f\u0103r\u0103 a fi nevoie s\u0103 \u00eenlocuiasc\u0103 sau s\u0103 re\u00eencarce dispozitivul frecvent. Indiferent dac\u0103 sunte\u021bi un vaper ocazional sau un utilizator frecvent, acest num\u0103r mare de pufuri v\u0103 asigur\u0103 c\u0103 ob\u021bine\u021bi o valoare excelent\u0103 pentru banii dvs.<\/p>\n<\/li>\n<li class=\"\" data-start=\"1744\" data-end=\"2159\">\n<p class=\"\" data-start=\"1746\" data-end=\"2159\"><strong data-start=\"1746\" data-end=\"1773\">Sistem de bobine triple mesh<\/strong>: Dotat cu un avansat <strong data-start=\"1801\" data-end=\"1828\">Sistem de bobine triple mesh<\/strong>SMPO TRON35000 asigur\u0103 o produc\u021bie de vapori lin\u0103 \u0219i constant\u0103 la fiecare puf. Bobinele cu plas\u0103 permit o distribu\u021bie uniform\u0103 a c\u0103ldurii, rezult\u00e2nd arome bogate \u0219i intense f\u0103r\u0103 niciun gust ars. Tehnologia \u00eembun\u0103t\u0103\u021bit\u0103 a bobinei v\u0103 asigur\u0103 c\u0103 experimenta\u021bi poten\u021bialul maxim al fiec\u0103rui lichid de vape, f\u0103c\u00e2nd fiecare puf la fel de satisf\u0103c\u0103tor ca \u0219i ultimul.<\/p>\n<\/li>\n<li class=\"\" data-start=\"2161\" data-end=\"2621\">\n<p class=\"\" data-start=\"2163\" data-end=\"2621\"><strong data-start=\"2163\" data-end=\"2212\">Putere Nicotin\u0103 Sc\u0103zut\u0103 pentru o Experien\u021b\u0103 mai Soft\u0103<\/strong>: The <strong data-start=\"2218\" data-end=\"2234\">cu nicotin\u0103 sc\u0103zut\u0103<\/strong> Formularea SMPO TRON35000 \u00eel face ideal pentru cei care prefer\u0103 o experien\u021b\u0103 de vapare mai bl\u00e2nd\u0103 \u0219i mai pl\u0103cut\u0103. Ofer\u0103 exact echilibrul potrivit de arom\u0103 \u0219i putere de nicotin\u0103 f\u0103r\u0103 a provoca lovituri aspre \u00een g\u00e2t, permi\u021b\u00e2nd o sesiune f\u0103r\u0103 efort \u0219i relaxant\u0103. Acest lucru \u00eel face perfect pentru cei care doresc s\u0103 treac\u0103 la o cantitate mai mic\u0103 de nicotin\u0103 sau pentru cei care se bucur\u0103 de o vapare mai lin\u0103.<\/p>\n<\/li>\n<li class=\"\" data-start=\"2623\" data-end=\"3033\">\n<p class=\"\" data-start=\"2625\" data-end=\"3033\"><strong data-start=\"2625\" data-end=\"2653\">Re\u00eenc\u0103rcabile comoditate<\/strong>: Spre deosebire de majoritatea vape-urilor tradi\u021bionale de unic\u0103 folosin\u021b\u0103, <strong data-start=\"2701\" data-end=\"2719\">SMPO TRON35000<\/strong> este <strong data-start=\"2723\" data-end=\"2739\">re\u00eenc\u0103rcabil<\/strong>ofer\u0103 o op\u021biune mai durabil\u0103 \u0219i de lung\u0103 durat\u0103. Pur \u0219i simplu re\u00eenc\u0103rca\u021bi dispozitivul atunci c\u00e2nd bateria se epuizeaz\u0103 \u0219i pute\u021bi continua s\u0103 v\u0103 bucura\u021bi de aceea\u0219i performan\u021b\u0103 excelent\u0103 f\u0103r\u0103 a fi nevoie s\u0103 arunca\u021bi \u00eentreaga vape. Aceast\u0103 caracteristic\u0103 ecologic\u0103 reduce de\u0219eurile \u0219i maximizeaz\u0103 valoarea fiec\u0103rui cump\u0103r\u0103turi.<\/p>\n<\/li>\n<li class=\"\" data-start=\"3035\" data-end=\"3471\">\n<p class=\"\" data-start=\"3037\" data-end=\"3471\"><strong data-start=\"3037\" data-end=\"3082\">Ecran LED inteligent pentru monitorizare \u00een timp real<\/strong>: The <strong data-start=\"3088\" data-end=\"3108\">ecran LED inteligent<\/strong> integrat \u00een SMPO TRON35000 ofer\u0103 o caracteristic\u0103 modern\u0103 \u0219i practic\u0103 pentru utilizatori. Acesta ofer\u0103 informa\u021bii \u00een timp real despre ambele <strong data-start=\"3239\" data-end=\"3250\">baterie<\/strong> \u0219i <strong data-start=\"3255\" data-end=\"3274\">nivelurile de e-lichid<\/strong>, astfel \u00eenc\u00e2t ve\u021bi \u0219ti \u00eentotdeauna exact c\u00e2nd este timpul s\u0103 re\u00eenc\u0103rca\u021bi sau s\u0103 reumple\u021bi. Acest lucru ajut\u0103 la asigurarea c\u0103 nu r\u0103m\u00e2ne\u021bi niciodat\u0103 f\u0103r\u0103 energie sau e-lichid \u00een mod nea\u0219teptat, oferindu-v\u0103 o experien\u021b\u0103 de vaporizare lin\u0103 \u0219i f\u0103r\u0103 probleme.<\/p>\n<\/li>\n<li class=\"\" data-start=\"3473\" data-end=\"3831\">\n<p class=\"\" data-start=\"3475\" data-end=\"3831\"><strong data-start=\"3475\" data-end=\"3501\">Design Sleek \u0219i Portabil<\/strong>SMPO TRON35000 este conceput \u021bin\u00e2nd cont de portabilitate. Corpul s\u0103u elegant \u0219i u\u0219or face ca acesta s\u0103 fie u\u0219or de transportat, permi\u021b\u00e2ndu-v\u0103 s\u0103-l lua\u021bi oric\u00e2nd f\u0103r\u0103 a sacrifica stilul sau func\u021bionalitatea. Designul compact asigur\u0103 c\u0103 se potrive\u0219te confortabil \u00een m\u00e2n\u0103 sau \u00een buzunar, f\u0103c\u00e2ndu-l vape-ul ideal pentru cei care apreciaz\u0103 confortul \u0219i mobilitatea.<\/p>\n<\/li>\n<li class=\"\" data-start=\"3833\" data-end=\"4252\">\n<p class=\"\" data-start=\"3835\" data-end=\"4252\"><strong data-start=\"3835\" data-end=\"3856\">Calitate Autentic\u0103<\/strong>C\u00e2nd achizi\u021biona\u021bi <strong data-start=\"3880\" data-end=\"3898\">SMPO TRON35000<\/strong> de la <strong data-start=\"3904\" data-end=\"3922\">FumotXpress.de<\/strong>, e\u0219ti garantat un <strong data-start=\"3945\" data-end=\"3976\">produs autentic, original<\/strong>FumotXpress.de se angajeaz\u0103 s\u0103 ofere numai vape-uri de unic\u0103 folosin\u021b\u0103 autentice \u0219i de \u00eenalt\u0103 calitate, procurate direct de la m\u0103rci de \u00eencredere, cum ar fi <strong data-start=\"4106\" data-end=\"4114\">SMPO<\/strong>Clien\u021bii no\u0219tri se pot bucura cu \u00eencredere de experien\u021ba lor de vaporizare, \u0219tiind c\u0103 folosesc un produs construit cu calitate \u0219i fiabilitate \u00een minte.<\/p>\n<\/li>\n<li class=\"\" data-start=\"4254\" data-end=\"4600\">\n<p class=\"\" data-start=\"4256\" data-end=\"4600\"><strong data-start=\"4256\" data-end=\"4287\">Livrare Rapid\u0103 \u00een UE<\/strong>: Ca cel mai mare retailer de vape-uri de unic\u0103 folosin\u021b\u0103 din Germania, <strong data-start=\"4341\" data-end=\"4359\">FumotXpress.de<\/strong> livreaz\u0103 direct de la noi <strong data-start=\"4384\" data-end=\"4406\">Depozit european<\/strong>, asigur\u00e2nd c\u0103 comenzile dvs. sosesc \u00een cadrul <strong data-start=\"4448\" data-end=\"4460\">3-7 zile<\/strong>Nu exist\u0103 o cantitate minim\u0103 de comand\u0103, iar noi deservim at\u00e2t cump\u0103r\u0103tori individuali, c\u00e2t \u0219i grupuri de retail, f\u0103c\u00e2nd u\u0219or pentru tine s\u0103 cumperi dup\u0103 cum ai nevoie.<\/p>\n<\/li>\n<\/ul>\n<hr class=\"\" data-start=\"4602\" data-end=\"4605\" \/>\n<h3 class=\"\" data-start=\"4607\" data-end=\"4660\">SMPO TRON35000 Arome: O arom\u0103 pentru fiecare palat<\/h3>\n<p class=\"\" data-start=\"4662\" data-end=\"4981\">Unul dintre cele mai interesante aspecte ale <strong data-start=\"4702\" data-end=\"4720\">SMPO TRON35000<\/strong> este varietatea larg\u0103 de arome delicioase pe care le ofer\u0103. Fie c\u0103 dori\u021bi o combina\u021bie fructat\u0103, o lovitur\u0103 clasic\u0103 de ment\u0103 sau ceva mai exotic, exist\u0103 o arom\u0103 care s\u0103 se potriveasc\u0103 fiec\u0103rui gust. Mai jos este o privire detaliat\u0103 asupra aromelor disponibile \u00een colec\u021bia SMPO TRON35000.<\/p>\n<ol data-start=\"4983\" data-end=\"7063\">\n<li class=\"\" data-start=\"4983\" data-end=\"5279\">\n<p class=\"\" data-start=\"4986\" data-end=\"5279\"><strong data-start=\"4986\" data-end=\"5001\">Berry Burst<\/strong>O combina\u021bie r\u0103coritoare de fructe de p\u0103dure dulci \u0219i acri\u0219oare, <strong data-start=\"5053\" data-end=\"5068\">Berry Burst<\/strong> ofer\u0103 o explozie de bun\u0103tate fructat\u0103 la fiecare puf. Echilibrul de c\u0103p\u0219uni, zmeur\u0103 \u0219i afine creeaz\u0103 o experien\u021b\u0103 apetisant\u0103, perfect\u0103 pentru cei care iubesc aromele vibrante \u0219i r\u0103coritoare.<\/p>\n<\/li>\n<li class=\"\" data-start=\"5281\" data-end=\"5538\">\n<p class=\"\" data-start=\"5284\" data-end=\"5538\"><strong data-start=\"5284\" data-end=\"5297\">R\u0103citor de Ment\u0103<\/strong>Pentru cei care se bucur\u0103 de o vape r\u0103coritoare \u0219i revigorant\u0103, <strong data-start=\"5347\" data-end=\"5360\">R\u0103citor de Ment\u0103<\/strong> ofer\u0103 un amestec satisf\u0103c\u0103tor de mentol r\u0103coritor cu o dulcea\u021b\u0103 subtil\u0103. Este alegerea perfect\u0103 pentru oricine caut\u0103 o senza\u021bie r\u0103coritoare care las\u0103 gura s\u0103 se simt\u0103 proasp\u0103t\u0103 \u0219i curat\u0103.<\/p>\n<\/li>\n<li class=\"\" data-start=\"5540\" data-end=\"5800\">\n<p class=\"\" data-start=\"5543\" data-end=\"5800\"><strong data-start=\"5543\" data-end=\"5561\">Mango Tropical<\/strong>: <strong data-start=\"5563\" data-end=\"5581\">Mango Tropical<\/strong> transport\u0103 direct \u00eentr-o plaj\u0103 \u00eensorit\u0103 cu savoarea sa bogat\u0103 \u0219i suculent\u0103 de mango. Dulcea\u021ba tropical\u0103 combinat\u0103 cu un final neted \u0219i cremos face aceast\u0103 arom\u0103 o alegere irezistibil\u0103 pentru cei care iubesc amestecurile de fructe exotice.<\/p>\n<\/li>\n<li class=\"\" data-start=\"5802\" data-end=\"6043\">\n<p class=\"\" data-start=\"5805\" data-end=\"6043\"><strong data-start=\"5805\" data-end=\"5823\">Ghea\u021b\u0103 de pepene verde<\/strong>: <strong data-start=\"5825\" data-end=\"5843\">Ghea\u021b\u0103 de pepene verde<\/strong> este combina\u021bia perfect\u0103 de pepene verde r\u0103coritor \u0219i mentol \u00eenghe\u021bat. Aceast\u0103 arom\u0103 ofer\u0103 o senza\u021bie crocant\u0103 \u0219i r\u0103coare la fiecare puf, ideal\u0103 pentru cei care t\u00e2njesc dup\u0103 ceva dulce, r\u0103coritor \u0219i satisf\u0103c\u0103tor.<\/p>\n<\/li>\n<li class=\"\" data-start=\"6045\" data-end=\"6285\">\n<p class=\"\" data-start=\"6048\" data-end=\"6285\"><strong data-start=\"6048\" data-end=\"6067\">Limonad\u0103 de Citrus<\/strong>Pentru un gust picant \u0219i citric, <strong data-start=\"6099\" data-end=\"6118\">Limonad\u0103 de Citrus<\/strong> este un adev\u0103rat deliciu.  Gustul de l\u0103m\u00e2ie zesty este perfect echilibrat cu o not\u0103 de dulcea\u021b\u0103, oferind o arom\u0103 \u00eendr\u0103znea\u021b\u0103, dar r\u0103coritoare, care este perfect\u0103 pentru vaping pe tot parcursul zilei.<\/p>\n<\/li>\n<li class=\"\" data-start=\"6287\" data-end=\"6523\">\n<p class=\"\" data-start=\"6290\" data-end=\"6523\"><strong data-start=\"6290\" data-end=\"6306\">Grape Fusion<\/strong>: <strong data-start=\"6308\" data-end=\"6324\">Grape Fusion<\/strong> combin\u0103 gustul dulce \u0219i bogat al strugurilor coap\u021bi cu o not\u0103 de tonuri subtile \u0219i dulci. Aceast\u0103 arom\u0103 este perfect\u0103 pentru cei care iubesc o vape puternic\u0103 \u0219i plin\u0103 de fructe, care este at\u00e2t satisf\u0103c\u0103toare, c\u00e2t \u0219i aromat\u0103.<\/p>\n<\/li>\n<li class=\"\" data-start=\"6525\" data-end=\"6779\">\n<p class=\"\" data-start=\"6528\" data-end=\"6779\"><strong data-start=\"6528\" data-end=\"6545\">Peach Sunrise<\/strong>: The <strong data-start=\"6551\" data-end=\"6568\">Peach Sunrise<\/strong> Gustul este unul de piersic\u0103 dulce \u0219i suculent\u0103, cu o explozie citric\u0103 perfect\u0103 pentru var\u0103. El ofer\u0103 o arom\u0103 tropical\u0103 \u0219i fructat\u0103, care este at\u00e2t de r\u0103coritoare, c\u00e2t \u0219i de lini\u0219titoare, ideal\u0103 pentru cei care iubesc o experien\u021b\u0103 de vape lin\u0103, dar aromat\u0103.<\/p>\n<\/li>\n<li class=\"\" data-start=\"6781\" data-end=\"7063\">\n<p class=\"\" data-start=\"6784\" data-end=\"7063\"><strong data-start=\"6784\" data-end=\"6802\">Ghea\u021b\u0103 de c\u0103p\u0219uni<\/strong>Pentru o arom\u0103 de fructe clasic\u0103 cu o not\u0103 \u00eenghe\u021bat\u0103, <strong data-start=\"6850\" data-end=\"6868\">Ghea\u021b\u0103 de c\u0103p\u0219uni<\/strong> este alegerea perfect\u0103. Combin\u0103 dulcea\u021ba c\u0103p\u0219unilor coapte cu un efect de mentol r\u0103coritor, oferind o experien\u021b\u0103 revigorant\u0103 ideal\u0103 pentru cei care doresc o arom\u0103 fructat\u0103, dar \u0219i crocant\u0103.<\/p>\n<\/li>\n<\/ol>\n<hr class=\"\" data-start=\"7065\" data-end=\"7068\" \/>\n<h3 class=\"\" data-start=\"7070\" data-end=\"7122\">De ce s\u0103 cump\u0103ra\u021bi SMPO TRON35000 de la FumotXpress.de?<\/h3>\n<p class=\"\" data-start=\"7124\" data-end=\"7495\">La <strong data-start=\"7127\" data-end=\"7145\">FumotXpress.de<\/strong>Suntem m\u00e2ndri s\u0103 oferim <strong data-start=\"7173\" data-end=\"7217\">SMPO TRON35000 Puffs Vaporizator de Unic\u0103 Folosin\u021b\u0103<\/strong> \u0219i alte vape-uri de unic\u0103 folosin\u021b\u0103 de \u00eenalt\u0103 calitate direct clien\u021bilor din Germania \u0219i din toat\u0103 UE. Ca <strong data-start=\"7316\" data-end=\"7386\">cea mai mare platform\u0103 de retail online pentru vape-uri de unic\u0103 folosin\u021b\u0103 din Germania<\/strong>Ne concentr\u0103m pe oferirea unei experien\u021be de cump\u0103r\u0103turi u\u0219oare \u0219i convenabile, livrare rapid\u0103 \u0219i produse de \u00eenalt\u0103 calitate.<\/p>\n<p class=\"\" data-start=\"7497\" data-end=\"7541\">Prin alegerea FumotXpress.de, sunte\u021bi asigurat:<\/p>\n<ul data-start=\"7543\" data-end=\"7835\">\n<li class=\"\" data-start=\"7543\" data-end=\"7616\">\n<p class=\"\" data-start=\"7545\" data-end=\"7616\"><strong data-start=\"7545\" data-end=\"7567\">Produse Autentice<\/strong>: Doar vape-uri de unic\u0103 folosin\u021b\u0103 autentice \u0219i de \u00eenalt\u0103 calitate.<\/p>\n<\/li>\n<li class=\"\" data-start=\"7617\" data-end=\"7692\">\n<p class=\"\" data-start=\"7619\" data-end=\"7692\"><strong data-start=\"7619\" data-end=\"7636\">Livrare Rapid\u0103<\/strong>: Livrat \u00een 3-7 zile de la depozitul nostru european.<\/p>\n<\/li>\n<li class=\"\" data-start=\"7693\" data-end=\"7757\">\n<p class=\"\" data-start=\"7695\" data-end=\"7757\"><strong data-start=\"7695\" data-end=\"7715\">F\u0103r\u0103 comand\u0103 minim\u0103<\/strong>Pute\u021bi cump\u0103ra chiar \u0219i o singur\u0103 bucat\u0103 o dat\u0103.<\/p>\n<\/li>\n<li class=\"\" data-start=\"7758\" data-end=\"7835\">\n<p class=\"\" data-start=\"7760\" data-end=\"7835\"><strong data-start=\"7760\" data-end=\"7776\">Varian\u021b\u0103 larg\u0103<\/strong>: Explora\u021bi o varietate de produse vape premium de la m\u0103rci de top.<\/p>\n<\/li>\n<\/ul>\n<p><img loading=\"lazy\" decoding=\"async\" class=\"alignnone size-full wp-image-3478\" src=\"https:\/\/fumotxpress.de\/wp-content\/uploads\/2025\/03\/05-scaled.jpg\" alt=\"\" width=\"2560\" height=\"2560\" srcset=\"https:\/\/fumotxpress.de\/wp-content\/uploads\/2025\/03\/05-scaled.jpg 2560w, https:\/\/fumotxpress.de\/wp-content\/uploads\/2025\/03\/05-300x300.jpg 300w, https:\/\/fumotxpress.de\/wp-content\/uploads\/2025\/03\/05-1024x1024.jpg 1024w, https:\/\/fumotxpress.de\/wp-content\/uploads\/2025\/03\/05-150x150.jpg 150w, https:\/\/fumotxpress.de\/wp-content\/uploads\/2025\/03\/05-768x768.jpg 768w, https:\/\/fumotxpress.de\/wp-content\/uploads\/2025\/03\/05-1536x1536.jpg 1536w, https:\/\/fumotxpress.de\/wp-content\/uploads\/2025\/03\/05-2048x2048.jpg 2048w, https:\/\/fumotxpress.de\/wp-content\/uploads\/2025\/03\/05-12x12.jpg 12w, https:\/\/fumotxpress.de\/wp-content\/uploads\/2025\/03\/05-247x247.jpg 247w, https:\/\/fumotxpress.de\/wp-content\/uploads\/2025\/03\/05-600x600.jpg 600w, https:\/\/fumotxpress.de\/wp-content\/uploads\/2025\/03\/05-100x100.jpg 100w\" sizes=\"auto, (max-width: 2560px) 100vw, 2560px\" \/><\/p>\n<p>&nbsp;<\/p>\n<p class=\"\" data-start=\"7837\" data-end=\"8020\">Gata s\u0103 experimenta\u021bi ce e mai bun \u00een materie de vaporizare de unic\u0103 folosin\u021b\u0103? Merge\u021bi la <strong data-start=\"7896\" data-end=\"7914\">FumotXpress.de<\/strong> Ast\u0103zi \u0219i descoper\u0103 de ce suntem platforma de referin\u021b\u0103 pentru <strong data-start=\"7968\" data-end=\"8008\">Vape de unic\u0103 folosin\u021b\u0103 autentice, originale<\/strong> \u00een Germania!<\/p>\n<\/div>\n<\/div>\n<\/div>\n<\/div>\n<div class=\"flex justify-start\">\n<div class=\"-me-1 -ms-2.5 flex select-none items-center p-1 touch:-me-2 touch:-ms-3.5 -mt-1 transition-[mask-position] [mask-image:linear-gradient(to_var(--mask-direction),black_33%,transparent_66%)] [mask-position:var(--mask-from-pos)] [mask-size:300%_100%] [--mask-direction:right] [--mask-from-pos:100%_0] [--mask-to-pos:0_0] duration-[1.5s]\"><\/div>\n<\/div>\n<div class=\"mt-3 w-full empty:hidden\">\n<div class=\"text-center\"><\/div>\n<\/div>\n<\/div>\n<div class=\"absolute\">\n<div class=\"flex items-center justify-center\"><\/div>\n<\/div>\n<\/div>\n<\/div>\n<\/div>\n<\/article>\n<div class=\"pointer-events-none h-px w-px\" aria-hidden=\"true\" data-edge=\"true\"><\/div>","protected":false},"excerpt":{"rendered":"<p>Der <strong data-start=\"4\" data-end=\"48\">SMPO TRON35000 Puffs Vaporizator de Unic\u0103 Folosin\u021b\u0103<\/strong> Ofer\u0103, cu sistemul s\u0103u inovativ Triple Mesh Coil, o capacitate de 35.000 de trageri \u0219i o afi\u0219are inteligent\u0103 LED pentru nivelul de lichid \u0219i baterie, o experien\u021b\u0103 de vaporizare de neegalat, la niveluri sc\u0103zute de nicotin\u0103.<\/p>","protected":false},"featured_media":3750,"comment_status":"open","ping_status":"closed","template":"","meta":{"om_disable_all_campaigns":false},"product_brand":[],"product_cat":[119],"product_tag":[],"class_list":{"0":"post-3476","1":"product","2":"type-product","3":"status-publish","4":"has-post-thumbnail","6":"product_cat-smpo-tron35000-puffs","8":"first","9":"instock","10":"shipping-taxable","11":"purchasable","12":"product-type-variable"},"_links":{"self":[{"href":"https:\/\/fumotxpress.de\/ro\/wp-json\/wp\/v2\/product\/3476","targetHints":{"allow":["GET"]}}],"collection":[{"href":"https:\/\/fumotxpress.de\/ro\/wp-json\/wp\/v2\/product"}],"about":[{"href":"https:\/\/fumotxpress.de\/ro\/wp-json\/wp\/v2\/types\/product"}],"replies":[{"embeddable":true,"href":"https:\/\/fumotxpress.de\/ro\/wp-json\/wp\/v2\/comments?post=3476"}],"wp:featuredmedia":[{"embeddable":true,"href":"https:\/\/fumotxpress.de\/ro\/wp-json\/wp\/v2\/media\/3750"}],"wp:attachment":[{"href":"https:\/\/fumotxpress.de\/ro\/wp-json\/wp\/v2\/media?parent=3476"}],"wp:term":[{"taxonomy":"product_brand","embeddable":true,"href":"https:\/\/fumotxpress.de\/ro\/wp-json\/wp\/v2\/product_brand?post=3476"},{"taxonomy":"product_cat","embeddable":true,"href":"https:\/\/fumotxpress.de\/ro\/wp-json\/wp\/v2\/product_cat?post=3476"},{"taxonomy":"product_tag","embeddable":true,"href":"https:\/\/fumotxpress.de\/ro\/wp-json\/wp\/v2\/product_tag?post=3476"}],"curies":[{"name":"wp","href":"https:\/\/api.w.org\/{rel}","templated":true}]}}