{"id":30,"date":"2024-09-23T05:11:47","date_gmt":"2024-09-23T05:11:47","guid":{"rendered":"https:\/\/fumotxpress.de\/?post_type=product&#038;p=30"},"modified":"2025-07-13T13:11:13","modified_gmt":"2025-07-13T13:11:13","slug":"obee-hhc-einwegstift-1000mg-gramm-bar-warehouse-stilou-vape-reincarcabil-de-unica-folosinta","status":"publish","type":"product","link":"https:\/\/fumotxpress.de\/ro\/produs\/obee-hhc-einwegstift-1000mg-gramm-bar-warehouse-stilou-vape-reincarcabil-de-unica-folosinta\/","title":{"rendered":"OBEE HHC EINWEGSTIFT-1000MG GRAMM Bar Depozit Vape Pen reutilizabil de unic\u0103 folosin\u021b\u0103"},"content":{"rendered":"<h2><strong>OBEE HHC Einwegstift \u2013 1000 mg: Vaporizator de unic\u0103 folosin\u021b\u0103 re\u00eenc\u0103rcabil pentru o experien\u021b\u0103 premium<\/strong><\/h2>\n<p>Experimenta\u021bi un nou nivel de vaporizare cu<a href=\"https:\/\/fumotxpress.de\/ro\/\"> <strong>OBEE HHC Einwegstift \u2013 1000 mg \n\n(Translation is not needed for product names and technical specifications, however I will provide it if necessary)\n\n Nu necesita traducere: \nOBEE HHC Einwegstift \u2013 1000 mg<\/strong>,<\/a> disponibil acum \u00een exclusivitate pe <a href=\"https:\/\/fumotxpress.de\/ro\/\" target=\"_new\" rel=\"noopener\">FumotXpress.de<\/a>Acest stilou vape reutilizabil \u0219i de unic\u0103 folosin\u021b\u0103 combin\u0103 tehnologia de ultim\u0103 or\u0103 cu propriet\u0103\u021bile unice ale HHC, un canabinoid cunoscut pentru efectele sale bl\u00e2nde \u0219i de lung\u0103 durat\u0103. Stiloul OBEE HHC Einwegstift este conceput pentru vapori care prioritizeaz\u0103 calitatea \u0219i o experien\u021b\u0103 de arom\u0103 excep\u021bional\u0103. Compact, u\u0219or de utilizat \u0219i cu un design elegant, acest stilou vape este potrivit at\u00e2t pentru \u00eencep\u0103tori, c\u00e2t \u0219i pentru utilizatorii experimenta\u021bi, oferind o experien\u021b\u0103 de vaporizare u\u0219oar\u0103 \u0219i aromat\u0103.<\/p>\n<p>Ca cea mai mare platform\u0103 de retail online pentru vape-uri de unic\u0103 folosin\u021b\u0103 din Germania, FumotXpress.de ofer\u0103 cu m\u00e2ndrie o selec\u021bie curatoriat\u0103 de m\u0103rci premium, cum ar fi Al Fakher, Fizzy, OBEELAB HHC \u0219i SMPO DL02. Cu depozitul nostru european, garant\u0103m livrare rapid\u0103 \u0219i servicii fiabile \u00een toat\u0103 UE, \u00eendeplinind comenzile individuale f\u0103r\u0103 a fi necesar\u0103 o cantitate minim\u0103. Intr\u0103 \u00een lumea vapingului de \u00eenalt\u0103 calitate al\u0103turi de noi ast\u0103zi.<\/p>\n<h2>OBEE HHC EINWEGSTIFT-1000MG GRAMM Bar Ce este HHC?<\/h2>\n<p><strong>Hexahidrocannabinol (HHC)<\/strong> este un canabinoid extras din planta de canabis, similar cu THC, dar cu avantaje distincte. HHC este cunoscut pentru stabilitatea \u0219i rezisten\u021ba sa la oxidare \u0219i lumin\u0103 UV, f\u0103c\u00e2ndu-l o op\u021biune excelent\u0103 pentru produsele de vaporizare. Utilizatorii raporteaz\u0103 adesea efectele HHC ca fiind mai bl\u00e2nde \u0219i mai u\u0219or de gestionat dec\u00e2t THC, oferind o senza\u021bie de relaxare \u0219i calmare f\u0103r\u0103 efecte psihoactive intense. Acest lucru face HHC ideal pentru cei care caut\u0103 o relaxare u\u0219oar\u0103 f\u0103r\u0103 a se sim\u021bi cople\u0219i\u021bi, deoarece ofer\u0103 o experien\u021b\u0103 controlat\u0103 \u0219i pl\u0103cut\u0103.<\/p>\n<h2>OBEE HHC EINWEGSTIFT-1000MG Beneficiile Vapingului cu OBEE HHC<\/h2>\n<ul>\n<li><strong>Experien\u021b\u0103 Unic\u0103 de Arom\u0103<\/strong>: Stiloul de unic\u0103 folosin\u021b\u0103 OBEE HHC ofer\u0103 o arom\u0103 bogat\u0103 \u0219i tropical\u0103, transport\u00e2nd sim\u021burile tale \u00eentr-un paradis \u00eensorit.<\/li>\n<li><strong>Compact \u0219i portabil<\/strong>: Mic \u00een dimensiuni \u0219i convenabil, acest stilou vape de unic\u0103 folosin\u021b\u0103 de 1 ml este perfect pentru utilizare \u00een deplasare.<\/li>\n<li><strong>Con\u021binut Premium HHC<\/strong>Fiecare pen-ul con\u021bine HHC de \u00eenalt\u0103 calitate, atent selec\u021bionat pentru a asigura o experien\u021b\u0103 de vaporizare puternic\u0103, dar lin\u0103.<\/li>\n<li><strong>Design Utilizator-Convenabil<\/strong>Pur \u0219i simplu porni\u021bi-l \u0219i bucura\u021bi-v\u0103; nu sunt necesare configur\u0103ri complexe sau ajust\u0103ri.<\/li>\n<li><strong>Estetic\u0103 Elegant\u0103<\/strong>: Designul elegant al stiloului de unic\u0103 folosin\u021b\u0103 OBEE HHC este conceput pentru a completa stilul dvs., oferind \u00een acela\u0219i timp func\u021bionalitate de \u00eenalt\u0103 calitate.<\/li>\n<\/ul>\n<h2>OBEE HHC EINWEGSTIFT-1000MG GRAMM\u00a0 \u00a0Profil de arom\u0103: Tropicana Cookies<\/h2>\n<p>The \nacela\u0219i \nnu se traduce, se las\u0103 ca atare \nse las\u0103 ca atare \nThe <strong>Tropicana Cookies<\/strong> flavor ofer\u0103 o \u00eenc\u00e2ntare senzorial\u0103 care combin\u0103 fructele exotice tropicale cu notele calde \u0219i butoioase de fursecuri proasp\u0103t coapte. Fiecare puf dezv\u0103luie straturi de fructe dulci \u0219i coapte - evoc\u00e2nd mango \u0219i ananas - echilibrate cu un ton subtil de fursecuri care ofer\u0103 un final cald \u0219i primitor. Experien\u021ba este at\u00e2t de r\u0103coritoare, c\u00e2t \u0219i de satisf\u0103c\u0103toare, fiecare puf men\u021bin\u00e2ndu-\u0219i bog\u0103\u021bia chiar \u0219i dup\u0103 multiple trageri. Tropicana Cookies este ideal\u0103 pentru cei care caut\u0103 o c\u0103l\u0103torie memorabil\u0103 \u0219i aromat\u0103 la fiecare puf.<\/p>\n<p>Cu fiecare inspira\u021bie, amestecul de note fructate \u0219i unturoase se desf\u0103\u0219oar\u0103 frumos, oferind o experien\u021b\u0103 de gust cu adev\u0103rat multifa\u021betat\u0103. Acest profil de arom\u0103 se adreseaz\u0103 celor care apreciaz\u0103 at\u00e2t gusturile r\u0103coritoare, c\u00e2t \u0219i pe cele indulgente, oferind o experien\u021b\u0103 satisf\u0103c\u0103toare pentru fiecare palat.<\/p>\n<h2>De ce s\u0103 alege\u021bi FumotXpress.de pentru nevoile dvs. de vaporizare?<\/h2>\n<p>La <a href=\"https:\/\/fumotxpress.de\/ro\/\" target=\"_new\" rel=\"noopener\">FumotXpress.de<\/a>Ne dedic\u0103m s\u0103 v\u0103 oferim numai cele mai bune produse de vape de unic\u0103 folosin\u021b\u0103. Platforma noastr\u0103 s-a stabilit ca cel mai mare \u0219i de \u00eencredere retailer de vape de unic\u0103 folosin\u021b\u0103 din Germania, deservind o gam\u0103 larg\u0103 de clien\u021bi retail \u00een toat\u0103 UE. Ne m\u00e2ndrim cu oferirea de produse de \u00eenalt\u0103 calitate \u0219i servicii excep\u021bionale pentru clien\u021bi, asigur\u00e2nd c\u0103 fiecare client g\u0103se\u0219te satisfac\u021bie \u00een ofertele noastre.<\/p>\n<p>Indiferent dac\u0103 c\u0103uta\u021bi varietate \u00een arome sau efectele calmante ale HHC, OBEE HHC Einwegstift \u2013 1000 mg ofer\u0103 echilibrul perfect. Vizita\u021bi site-ul nostru ast\u0103zi pentru a explora \u00eentreaga noastr\u0103 gam\u0103 \u0219i pentru a experimenta asisten\u021b\u0103 clien\u021bi f\u0103r\u0103 precedent, livrare rapid\u0103 din depozitul nostru din UE \u0219i un angajament fa\u021b\u0103 de experien\u021be premium de vaporizare.<\/p>\n<h2>Punctele forte \u0219i caracteristicile produsului OBEE HHC Einwegstift \u2013 1000 mg<\/h2>\n<ul>\n<li><strong>Con\u021binut puternic HHC<\/strong>: Infuzat cu 1000 mg de HHC pur, de \u00eenalt\u0103 calitate, pentru o experien\u021b\u0103 relaxant\u0103 \u0219i echilibrat\u0103.<\/li>\n<li><strong>Design Re\u00eenc\u0103rcabil<\/strong>: Echipat cu o baterie re\u00eenc\u0103rcabil\u0103 fiabil\u0103 pentru a asigura c\u0103 vape pen-ul dureaz\u0103 la fiecare tragere.<\/li>\n<li><strong>Profil de arom\u0103 tropical\u0103<\/strong>Tropicana Cookies ofer\u0103 un amestec tentant de fructe tropicale cu un finis de cookie bogat.<\/li>\n<li><strong>U\u0219or de utilizat<\/strong>: gata pentru vaporizare f\u0103r\u0103 configurare complex\u0103 sau pa\u0219i suplimentari necesari.<\/li>\n<li><strong>C\u0103l\u0103torie-friendly<\/strong>Dimensiunile sale compacte \u0219i construc\u021bia u\u0219oar\u0103 \u00eel fac un companion ideal \u00een deplasare.<\/li>\n<li><strong>Calitate Premium de Construc\u021bie<\/strong>: Conceput cu o estetic\u0103 modern\u0103 \u0219i materiale robuste, asigur\u00e2nd longevitate \u0219i stil.<\/li>\n<\/ul>\n<h2>OBEE HHC EINWEGSTIFT-1000MG De ce HHC este alegerea ideal\u0103 pentru vapori<\/h2>\n<p>HHC se remarc\u0103 datorit\u0103 beneficiilor sale unice. Ca canabinoid, ofer\u0103 utilizatorilor o experien\u021b\u0103 de relaxare similar\u0103 cu THC, dar f\u0103r\u0103 efectele psihoactive intense, f\u0103c\u00e2ndu-l o alegere favorit\u0103 pentru cei care caut\u0103 relaxare f\u0103r\u0103 un efect puternic. Stabilitatea sa \u00eempotriva oxid\u0103rii \u0219i a razelor UV \u00eembun\u0103t\u0103\u021be\u0219te \u0219i mai mult adecvarea sa pentru produsele de vaporizare, deoarece men\u021bine poten\u021ba \u0219i integritatea aromei \u00een timp. Aceast\u0103 caracteristic\u0103 face ca HHC s\u0103 fie o alegere excelent\u0103 pentru persoanele care prefer\u0103 o experien\u021b\u0103 mai stabil\u0103, bl\u00e2nd\u0103 \u0219i pl\u0103cut\u0103.<\/p>\n<p>Cu HHC, vaperii se pot bucura de un efect lin \u0219i echilibrat, perfect pentru relaxare dup\u0103 o zi lung\u0103 sau pur \u0219i simplu pentru a se bucura de o sesiune de vaporizare aromat\u0103 f\u0103r\u0103 efecte intense.<\/p>\n<h2>Alegerea Aromelor<\/h2>\n<p>Al nostru <a href=\"https:\/\/fumotxpress.de\/ro\/\">OBEE HHC<\/a> Acesta este un produs care se prezinta sub forma unui Einwegstift \u2013 1000 mg \u0219i este \u00een prezent disponibil \u00een apetisantul gust Tropicana Cookies,  alte arome fiind poten\u021bial disponibile \u00een lans\u0103rile viitoare. Iat\u0103 o detaliere a profilului de arom\u0103 Tropicana Cookies:<\/p>\n<ul>\n<li><strong>Tropicana Cookies<\/strong>O fuziune unic\u0103 de fructe tropicale luxuriante combinate cu o not\u0103 de fundal de cookie-uri unturoase. Notele ini\u021biale de mango dulce \u0219i ananas v\u0103 salut\u0103 la inhalare, \u00een timp ce o sugestie delicat\u0103 de cookie proasp\u0103t copt completeaz\u0103 experien\u021ba la exhalare. Fiecare tragere este un echilibru de prospe\u021bime \u0219i indulgen\u021b\u0103, oferind o experien\u021b\u0103 de vapare cu adev\u0103rat satisf\u0103c\u0103toare.<\/li>\n<\/ul>\n<h2>Plasa\u021bi comanda dvs. cu FumotXpress.de<\/h2>\n<p>Ca platform\u0103 online lider din Germania pentru vape-uri de unic\u0103 folosin\u021b\u0103, FumotXpress.de este sursa dvs. de \u00eencredere pentru stilouri vape premium \u0219i e-lichide. \u00cen\u021belegem nevoile clien\u021bilor no\u0219tri, oferind o gam\u0103 de produse de \u00eenalt\u0103 calitate, livrare rapid\u0103 din depozitul nostru din UE \u0219i nicio cerin\u021b\u0103 minim\u0103 de comand\u0103. Fie c\u0103 sunte\u021bi \u00een c\u0103utarea unui singur stilou vape sau explora\u021bi mai multe m\u0103rci, avem o op\u021biune care se potrive\u0219te fiec\u0103rei preferin\u021be.<\/p>\n<h3>De ce s\u0103 cump\u0103ra\u021bi de la FumotXpress.de?<\/h3>\n<ul>\n<li><strong>Asigurarea Calit\u0103\u021bii<\/strong>: Select\u0103m numai cele mai bune m\u0103rci de vape de unic\u0103 folosin\u021b\u0103 pentru magazinul nostru, asigur\u00e2nd c\u0103 fiecare produs respect\u0103 standardele noastre \u00eenalte.<\/li>\n<li><strong>Pre\u021buri competitive<\/strong>: Bucura\u021bi-v\u0103 de op\u021biuni la pre\u021buri accesibile \u00een toate m\u0103rcile noastre, f\u0103r\u0103 comand\u0103 minim\u0103, ceea ce v\u0103 face u\u0219or s\u0103 \u00eencerca\u021bi noi arome sau s\u0103 v\u0103 aproviziona\u021bi cu favorite.<\/li>\n<li><strong>Livrare Rapid\u0103 \u00een UE<\/strong>Articolele noastre sunt expediate dintr-un depozit european, garant\u00e2nd livrarea \u00een termen de 3-7 zile pentru confort \u0219i vitez\u0103.<\/li>\n<li><strong>Asisten\u021b\u0103 clien\u021bi excep\u021bional\u0103<\/strong>Echipa noastr\u0103 este aici pentru a ajuta cu orice \u00eentreb\u0103ri sau preocup\u0103ri, asigur\u00e2nd o experien\u021b\u0103 de cump\u0103r\u0103turi f\u0103r\u0103 probleme.<\/li>\n<\/ul>\n<h2>OBEE HHC EINWEGSTIFT-1000MG Concluzii finale<\/h2>\n<p>OBEE HHC Einwegstift \u2013 1000 mg ofer\u0103 o experien\u021b\u0103 de vaporizare rafinat\u0103, cu un gust \u0219i un efect care sunt at\u00e2t pl\u0103cu\u021bi, c\u00e2t \u0219i echilibra\u021bi. Combin\u00e2nd HHC de calitate cu arom\u0103 delicioas\u0103 de Tropicana Cookies, acest stilou de vaporizare este conceput pentru cei care apreciaz\u0103 produse premium \u0219i satisf\u0103c\u0103toare. Comanda\u021bi ast\u0103zi pe FumotXpress.de \u0219i experimenta\u021bi o combina\u021bie unic\u0103 de arom\u0103 \u0219i relaxare - livrat\u0103 direct la dumneavoastr\u0103 din depozitul nostru european pentru un serviciu rapid \u0219i de \u00eencredere.<\/p>\n<p>Nu rata\u021bi aceast\u0103 experien\u021b\u0103 exclusiv\u0103 de vaporizare. Vizita\u021bi <a href=\"https:\/\/fumotxpress.de\/ro\/\" target=\"_new\" rel=\"noopener\">FumotXpress.de<\/a> Acum, pentru a explora OBEE HHC Einwegstift \u0219i a descoperi o nou\u0103 modalitate de a savura HHC la fiecare puf\u0103tura aromat\u0103.<\/p>","protected":false},"excerpt":{"rendered":"<p>Descoper\u0103 stiloul de vape de unic\u0103 folosin\u021b\u0103 re\u00eenc\u0103rcabil OBEE HHC 1000 mg pe FumotXpress.de - cel mai important retailer de vape din Germania, care ofer\u0103 transport rapid \u00een UE \u0219i arome premium pentru o experien\u021b\u0103 de vapare lin\u0103.<\/p>","protected":false},"featured_media":29,"comment_status":"open","ping_status":"closed","template":"","meta":{"om_disable_all_campaigns":false},"product_brand":[],"product_cat":[18,91,92,94,99,101,102,103,104,107,108,111,78,79,80,81,82,83,84,85,86,87,88,89,90,70,56,61,65,67],"product_tag":[],"class_list":{"0":"post-30","1":"product","2":"type-product","3":"status-publish","4":"has-post-thumbnail","6":"product_cat-hhc-obee-disposable-vapes","7":"product_cat-buy-best-disposable-vape-flavors","8":"product_cat-apple-flavor-disposable-vapes","9":"product_cat-blueberry-flavor-disposable-vapes","10":"product_cat-ice-flavor-disposable-vapes","11":"product_cat-lemon-flavor-disposable-vapes","12":"product_cat-lush-flavor-disposable-vapes","13":"product_cat-mango-flavor-disposable-vapes","14":"product_cat-mint-flavor-disposable-vapes","15":"product_cat-peach-flavor-disposable-vapes","16":"product_cat-pineapple-flavor-disposable-vapes","17":"product_cat-strawberry-flavor-disposable-vapes","18":"product_cat-best-disposable-vape-in-europe","19":"product_cat-buy-disposable-vapes-in-austria","20":"product_cat-buy-disposable-vapes-in-belgium","21":"product_cat-buy-disposable-vapes-in-france","22":"product_cat-buy-disposable-vapes-in-germany","23":"product_cat-buy-disposable-vapes-in-italy","24":"product_cat-buy-disposable-vapes-in-netherlands","25":"product_cat-buy-disposable-vapes-in-norway","26":"product_cat-buy-disposable-vapes-in-poland","27":"product_cat-buy-disposable-vapes-in-portugal","28":"product_cat-buy-disposable-vapes-in-spain","29":"product_cat-buy-disposable-vapes-in-sweden","30":"product_cat-buy-disposable-vapes-in-switzerland","31":"product_cat-shop-disposable-vapes-by-puffs","32":"product_cat-disposable-vape-types","33":"product_cat-big-puffs-disposable-vapes","34":"product_cat-lower-nicotine-disposable-vapes","35":"product_cat-rechargeable-disposable-vapes","37":"first","38":"instock","39":"shipping-taxable","40":"purchasable","41":"product-type-variable"},"_links":{"self":[{"href":"https:\/\/fumotxpress.de\/ro\/wp-json\/wp\/v2\/product\/30","targetHints":{"allow":["GET"]}}],"collection":[{"href":"https:\/\/fumotxpress.de\/ro\/wp-json\/wp\/v2\/product"}],"about":[{"href":"https:\/\/fumotxpress.de\/ro\/wp-json\/wp\/v2\/types\/product"}],"replies":[{"embeddable":true,"href":"https:\/\/fumotxpress.de\/ro\/wp-json\/wp\/v2\/comments?post=30"}],"wp:featuredmedia":[{"embeddable":true,"href":"https:\/\/fumotxpress.de\/ro\/wp-json\/wp\/v2\/media\/29"}],"wp:attachment":[{"href":"https:\/\/fumotxpress.de\/ro\/wp-json\/wp\/v2\/media?parent=30"}],"wp:term":[{"taxonomy":"product_brand","embeddable":true,"href":"https:\/\/fumotxpress.de\/ro\/wp-json\/wp\/v2\/product_brand?post=30"},{"taxonomy":"product_cat","embeddable":true,"href":"https:\/\/fumotxpress.de\/ro\/wp-json\/wp\/v2\/product_cat?post=30"},{"taxonomy":"product_tag","embeddable":true,"href":"https:\/\/fumotxpress.de\/ro\/wp-json\/wp\/v2\/product_tag?post=30"}],"curies":[{"name":"wp","href":"https:\/\/api.w.org\/{rel}","templated":true}]}}