{"id":2878,"date":"2024-12-27T10:33:47","date_gmt":"2024-12-27T10:33:47","guid":{"rendered":"https:\/\/fumotxpress.de\/?post_type=product&#038;p=2878"},"modified":"2025-07-16T07:27:51","modified_gmt":"2025-07-16T07:27:51","slug":"depozit-european-jnr-narghilea-narghilea-12000-pufuri-nicotina-scazuta-cumpara-stilou-original-autentic-autentic-reincarcabil-de-unica-folosinta","status":"publish","type":"product","link":"https:\/\/fumotxpress.de\/ro\/produs\/depozit-european-jnr-narghilea-narghilea-12000-pufuri-nicotina-scazuta-cumpara-stilou-original-autentic-autentic-reincarcabil-de-unica-folosinta\/","title":{"rendered":"Depozitul European JNR Shisha Hookah 12000 Puff-uri Nicotin\u0103 Sc\u0103zut\u0103 Cump\u0103ra\u021bi Vape Pen Re\u00eenc\u0103rcabil de Unic\u0103 Folosin\u021b\u0103 Autentic Original"},"content":{"rendered":"<h2><strong>Depozitul European JNR Shisha Hookah 12000 Puffs Nicotin\u0103 Sc\u0103zut\u0103 \u2013 Performan\u021b\u0103 Ridicat\u0103 Cump\u0103ra\u021bi Vape Pen Re\u00eenc\u0103rcabil Monousitoriu Autentic Original<\/strong><\/h2>\n<div style=\"width: 1020px;\" class=\"wp-video\"><!--[if lt IE 9]><script>document.createElement('video');<\/script><![endif]-->\n<video class=\"wp-video-shortcode\" id=\"video-2878-1\" width=\"1020\" height=\"1020\" preload=\"metadata\" controls=\"controls\"><source type=\"video\/mp4\" src=\"https:\/\/fumotxpress.de\/wp-content\/uploads\/2024\/12\/SHISHIA-3D-material.mp4?_=1\" \/><a href=\"https:\/\/fumotxpress.de\/wp-content\/uploads\/2024\/12\/SHISHIA-3D-material.mp4\">https:\/\/fumotxpress.de\/wp-content\/uploads\/2024\/12\/SHISHIA-3D-material.mp4<\/a><\/video><\/div>\n<h4><strong>Prezentare general\u0103 a produsului<\/strong><\/h4>\n<p>The \nacela\u0219i \nnu se traduce, se las\u0103 ca atare \nse las\u0103 ca atare \nThe <a href=\"https:\/\/fumotxpress.de\/ro\/?post_type=product&amp;p=2788&amp;preview=true\"><strong>JNR Shisha Hookah 12000 Vaporizator de unic\u0103 folosin\u021b\u0103<\/strong><\/a> redefineste confortul \u0219i calitatea premium \u00een lumea vapingului. Combin\u00e2nd farmecul tradi\u021bional al shisha-ului cu tehnologia modern\u0103, acest vape pen ofer\u0103 o experien\u021b\u0103 impresionant\u0103 <strong>12.000 de puf-uri capacitate<\/strong>, oferind un gust consistent \u0219i o vapoare lin\u0103. Conceput pentru u\u0219urin\u021ba \u00een utilizare, acest dispozitiv este perfect pentru vapori care apreciaz\u0103 portabilitatea f\u0103r\u0103 a compromite calitatea.<\/p>\n<p>Fabricat cu precizie, JNR Shisha Hookah 12000 este conceput special pentru pia\u021ba european\u0103, oferind <strong>Arome de shisha autentice<\/strong> \u00eentr-un format re\u00eenc\u0103rcabil, de unic\u0103 folosin\u021b\u0103. Acest dispozitiv elegant este conceput pentru a oferi utilizatorilor o experien\u021b\u0103 de lux, garant\u00e2nd \u00een acela\u0219i timp performan\u021b\u0103 fiabil\u0103 \u0219i consisten\u021b\u0103 a aromei. La<a href=\"https:\/\/fumotxpress.de\/ro\/\"> <strong>FumotXpress.de<\/strong>,<\/a> V\u0103 aducem acest produs premium la u\u0219a dumneavoastr\u0103, cu expediere din depozitul nostru european, asigur\u00e2nd livrarea \u00een cadrul <strong>3-7 zile<\/strong> \u00een toat\u0103 UE. Experimenta\u021bi vaporizarea premium ast\u0103zi\u2014\u00eencep\u00e2nd cu o singur\u0103 pies\u0103, cu <strong>f\u0103r\u0103 cantitate minim\u0103 de comand\u0103<\/strong>.<\/p>\n<hr \/>\n<h4><strong>Caracteristici cheie<\/strong><\/h4>\n<ul>\n<li><strong>Experien\u021ba Ultimate Shisha<\/strong>: Bucura\u021bi-v\u0103 de aromele tradi\u021bionale bogate ale shisha la fiecare tragere.<\/li>\n<li><strong>Capacitate de Puff Masiv\u0103<\/strong>: Bucura\u021bi-v\u0103 p\u00e2n\u0103 la <strong>12.000 de pufuri<\/strong>Perfect pentru sesiuni de lung\u0103 durat\u0103.<\/li>\n<li><strong>Re\u00eenc\u0103rcabile comoditate<\/strong>: Construit cu un <strong>Baterie re\u00eenc\u0103rcabil\u0103 250mAh<\/strong>maximiz\u00e2nd utilizarea lichidului pentru \u021big\u0103ri electronice.<\/li>\n<li><strong>Design Sleek \u0219i Portabil<\/strong>U\u0219or \u0219i ergonomic pentru vaporizare \u00een deplasare.<\/li>\n<li><strong>Tehnologie avansat\u0103 a bobinei de plas\u0103<\/strong>: Asigur\u0103 o arom\u0103 lin\u0103, consistent\u0103 \u0219i o produc\u021bie de vapori.<\/li>\n<li><strong>Tobac cu con\u021binut sc\u0103zut de nicotin\u0103 pentru o experien\u021b\u0103 echilibrat\u0103<\/strong>: Prezent\u00e2nd o <strong>2% sare de nicotin\u0103<\/strong> formul\u0103, care ofer\u0103 o senza\u021bie satisf\u0103c\u0103toare, dar \u00een acela\u0219i timp suav\u0103 pentru g\u00e2t.<\/li>\n<li><strong>Gam\u0103 Variat\u0103 de Arome<\/strong>: Alege\u021bi dintr-un total de 20 de arome meticulos selec\u021bionate.<\/li>\n<li><strong>Expediere depozit european<\/strong>: Livrare rapid\u0103 \u00een toat\u0103 UE, sus\u021binut\u0103 de platforma noastr\u0103 de \u00eencredere.<\/li>\n<\/ul>\n<hr \/>\n<h4><strong>Colec\u021bie de Arome<\/strong><\/h4>\n<p><img loading=\"lazy\" decoding=\"async\" class=\"alignnone size-full wp-image-2834\" src=\"https:\/\/fumotxpress.de\/wp-content\/uploads\/2024\/12\/\u8be6\u60c5\u9875-PC\u7aef_06.jpg\" alt=\"\" width=\"1920\" height=\"1527\" srcset=\"https:\/\/fumotxpress.de\/wp-content\/uploads\/2024\/12\/\u8be6\u60c5\u9875-PC\u7aef_06.jpg 1920w, https:\/\/fumotxpress.de\/wp-content\/uploads\/2024\/12\/\u8be6\u60c5\u9875-PC\u7aef_06-300x239.jpg 300w, https:\/\/fumotxpress.de\/wp-content\/uploads\/2024\/12\/\u8be6\u60c5\u9875-PC\u7aef_06-1024x814.jpg 1024w, https:\/\/fumotxpress.de\/wp-content\/uploads\/2024\/12\/\u8be6\u60c5\u9875-PC\u7aef_06-768x611.jpg 768w, https:\/\/fumotxpress.de\/wp-content\/uploads\/2024\/12\/\u8be6\u60c5\u9875-PC\u7aef_06-1536x1222.jpg 1536w, https:\/\/fumotxpress.de\/wp-content\/uploads\/2024\/12\/\u8be6\u60c5\u9875-PC\u7aef_06-15x12.jpg 15w, https:\/\/fumotxpress.de\/wp-content\/uploads\/2024\/12\/\u8be6\u60c5\u9875-PC\u7aef_06-600x477.jpg 600w\" sizes=\"auto, (max-width: 1920px) 100vw, 1920px\" \/><\/p>\n<p>Bucura\u021bi-v\u0103 de o varietate de <strong>20 de arome create cu expertiz\u0103<\/strong>Fiecare fiind conceput pentru a oferi o experien\u021b\u0103 unic\u0103 \u0219i satisf\u0103c\u0103toare.<\/p>\n<ol>\n<li><strong>Ghea\u021b\u0103 de Afine<\/strong>: Dulcea\u021ba afinelor coapte se \u00eent\u00e2lne\u0219te cu r\u0103coarea revigorant\u0103 a mentolului.<\/li>\n<li><strong>Cherry Watermelon Freeze<\/strong>O fuziune delicioas\u0103 de cire\u0219e \u0219i pepene verde cu un final \u00eenghe\u021bat.<\/li>\n<li><strong>M\u0103r congelat<\/strong>: Gust de m\u0103r crocant, accentuat de o not\u0103 subtil\u0103 de frig.<\/li>\n<li><strong>Gum\u0103 \u0219i Ment\u0103<\/strong>Clasicitatea dulcea a gumelor de mestecat echilibrat\u0103 cu menta proasp\u0103t\u0103.<\/li>\n<li><strong>Pere Mature<\/strong>O explozie de dulcea\u021b\u0103 natural\u0103 de la piersici coapte la soare.<\/li>\n<li><strong>Kiwi Mint<\/strong>Kiwi exotic asociat cu o not\u0103 de ment\u0103 r\u0103coritoare.<\/li>\n<li><strong>Lady Killa<\/strong>O combina\u021bie \u00eendr\u0103znea\u021b\u0103 \u0219i enigmatic\u0103 de fructe exotice.<\/li>\n<li><strong>Love 66 \n\n(Trebuie s\u0103 fie tradus doar textul care are nevoie de traducere. \u00cen acest caz \"Love\" \u0219i \"66\" sunt l\u0103sa\u021bi a\u0219a cum sunt deoarece \"Love\" poate fi \u00een\u021beles ca un termen care nu necesit\u0103 traducere \u00een acest context iar \"66\" este un num\u0103r.)\n\n Dragoste 66<\/strong>Note de fructe tropicale cu o senza\u021bie de r\u0103cire subtil\u0103.<\/li>\n<li><strong>Mix Berry Ice<\/strong>: Un amestec de fructe de p\u0103dure accentuat de o expira\u021bie r\u0103coroas\u0103.<\/li>\n<li><strong>Ananas de cocos<\/strong>Duo-ul tropical suprem de ananas suculent \u0219i nuc\u0103 de cocos cremoas\u0103.<\/li>\n<li><strong>Red Berry Slush<\/strong>O senza\u021bie r\u0103coritoare de slushy, cu infuzie de fructe de p\u0103dure.<\/li>\n<li><strong>Stafid\u0103 de c\u0103p\u0219uni<\/strong>O echilibru \u00eenc\u00e2nt\u0103tor de dulcea\u021b\u0103 de c\u0103p\u0219uni \u0219i bog\u0103\u021bie de struguri.<\/li>\n<li><strong>Strawberry Ice<\/strong>O r\u0103sucire \u00eenghe\u021bat\u0103 a c\u0103p\u0219unii clasice.<\/li>\n<li><strong>Strawberry Kiwi \n\n becomes \n\n Capsuni Kiwi<\/strong>O combina\u021bie vibrant\u0103 de c\u0103p\u0219uni dulci \u0219i kiwi acru.<\/li>\n<li><strong>Bomboane de c\u0103p\u0219uni \u0219i zmeur\u0103<\/strong>O explozie de bomboane acre \u0219i dulci.<\/li>\n<li><strong>Taurul Pepene<\/strong>: Pepene verde suculent cu o not\u0103 de esen\u021b\u0103 de b\u0103utur\u0103 energizant\u0103.<\/li>\n<li><strong>Ghea\u021b\u0103 de pepene verde<\/strong>Gust de pepene verde r\u0103coritor completat de o r\u0103coare \u00eenghe\u021bat\u0103.<\/li>\n<li><strong>Pepene verde C\u0103p\u0219un\u0103 Gum\u0103 de mestecat<\/strong>Note nostalgice de gum\u0103 de mestecat amestecate cu pepene verde \u0219i c\u0103p\u0219uni.<\/li>\n<li><strong>\u0218arpe Mamba Alb<\/strong>O amestec de fructe sofisticat \u0219i misterios cu o not\u0103 r\u0103coritoare.<\/li>\n<\/ol>\n<hr \/>\n<h4><strong>De ce s\u0103 alege\u021bi FumotXpress.de?<\/strong><\/h4>\n<ul>\n<li><strong>Furnizor de \u00eencredere<\/strong>: Expediat din magazinul nostru <strong>Depozit european<\/strong> pentru livrare rapid\u0103 \u0219i de \u00eencredere.<\/li>\n<li><strong>F\u0103r\u0103 comand\u0103 minim\u0103<\/strong>Cump\u0103ra\u021bi chiar \u0219i o singur\u0103 bucat\u0103 - ideal pentru utilizare personal\u0103 sau cu am\u0103nuntul.<\/li>\n<li><strong>Vast\u0103 selec\u021bie de arome premium<\/strong>: Bucura\u021bi-v\u0103 de o gam\u0103 larg\u0103 de <strong>20 de arome irezistibile<\/strong> personalizate pentru fiecare gust.<\/li>\n<li><strong>Livrare rapid\u0103 \u00een UE<\/strong>: Comenzi livrate \u00een cadrul <strong>3-7 zile<\/strong> \u00een loca\u021bia dvs.<\/li>\n<li><strong>Asigurarea Calit\u0103\u021bii de Neegalat<\/strong>: Ave\u021bi \u00eencredere \u00een dedicarea noastr\u0103 pentru produse superioare de vaporizare \u0219i satisfac\u021bia clien\u021bilor.<\/li>\n<\/ul>\n<hr \/>\n<h3>Gata s\u0103 ridica\u021bi experien\u021ba dvs. de vaporizare? Descoperi\u021bi<a href=\"https:\/\/fumotxpress.de\/ro\/\"> JNR Shisha Hookah 12000<\/a> Vape de unic\u0103 folosin\u021b\u0103 exclusiv pe <a href=\"https:\/\/fumotxpress.de\/ro\/\"><strong>FumotXpress.de<\/strong><\/a>\u2014 platforma european\u0103 de \u00eencredere pentru vape-uri de unic\u0103 folosin\u021b\u0103 de \u00eenalt\u0103 calitate.<\/h3>","protected":false},"excerpt":{"rendered":"<p>&#8220;<strong>Experimenta\u021bi vaparea premium cu JNR Shisha Hookah 12000 Puffs Disposable Vape<\/strong> \u2013 p\u00e2n\u0103 la 12.000 de pufuri, arome autentice, nicotin\u0103 sc\u0103zut\u0103 \u0219i livrare rapid\u0103 \u00een UE de la FumotXpress.de<\/p>","protected":false},"featured_media":2787,"comment_status":"open","ping_status":"closed","template":"","meta":{"om_disable_all_campaigns":false},"product_brand":[],"product_cat":[55,91,92,94,95,97,99,100,102,104,107,108,109,110,111,112,78,79,80,81,82,83,84,85,86,87,88,89,90,70,73,56,61,65,67,68],"product_tag":[],"class_list":{"0":"post-2878","1":"product","2":"type-product","3":"status-publish","4":"has-post-thumbnail","6":"product_cat-jnr-shisha-disposable-vapes","7":"product_cat-buy-best-disposable-vape-flavors","8":"product_cat-apple-flavor-disposable-vapes","9":"product_cat-blueberry-flavor-disposable-vapes","10":"product_cat-cherry-flavor-disposable-vapes","11":"product_cat-grape-flavor-disposable-vapes","12":"product_cat-ice-flavor-disposable-vapes","13":"product_cat-kiwi-flavor-disposable-vapes","14":"product_cat-lush-flavor-disposable-vapes","15":"product_cat-mint-flavor-disposable-vapes","16":"product_cat-peach-flavor-disposable-vapes","17":"product_cat-pineapple-flavor-disposable-vapes","18":"product_cat-raspberry-flavor-disposable-vapes","19":"product_cat-red-bull-flavor-disposable-vapes","20":"product_cat-strawberry-flavor-disposable-vapes","21":"product_cat-watermelon-flavor-disposable-vapes","22":"product_cat-best-disposable-vape-in-europe","23":"product_cat-buy-disposable-vapes-in-austria","24":"product_cat-buy-disposable-vapes-in-belgium","25":"product_cat-buy-disposable-vapes-in-france","26":"product_cat-buy-disposable-vapes-in-germany","27":"product_cat-buy-disposable-vapes-in-italy","28":"product_cat-buy-disposable-vapes-in-netherlands","29":"product_cat-buy-disposable-vapes-in-norway","30":"product_cat-buy-disposable-vapes-in-poland","31":"product_cat-buy-disposable-vapes-in-portugal","32":"product_cat-buy-disposable-vapes-in-spain","33":"product_cat-buy-disposable-vapes-in-sweden","34":"product_cat-buy-disposable-vapes-in-switzerland","35":"product_cat-shop-disposable-vapes-by-puffs","36":"product_cat-12000-puff-disposable-vape","37":"product_cat-disposable-vape-types","38":"product_cat-big-puffs-disposable-vapes","39":"product_cat-lower-nicotine-disposable-vapes","40":"product_cat-rechargeable-disposable-vapes","41":"product_cat-shisha-hookah-disposable-vapes","43":"first","44":"instock","45":"featured","46":"shipping-taxable","47":"purchasable","48":"product-type-variable"},"_links":{"self":[{"href":"https:\/\/fumotxpress.de\/ro\/wp-json\/wp\/v2\/product\/2878","targetHints":{"allow":["GET"]}}],"collection":[{"href":"https:\/\/fumotxpress.de\/ro\/wp-json\/wp\/v2\/product"}],"about":[{"href":"https:\/\/fumotxpress.de\/ro\/wp-json\/wp\/v2\/types\/product"}],"replies":[{"embeddable":true,"href":"https:\/\/fumotxpress.de\/ro\/wp-json\/wp\/v2\/comments?post=2878"}],"wp:featuredmedia":[{"embeddable":true,"href":"https:\/\/fumotxpress.de\/ro\/wp-json\/wp\/v2\/media\/2787"}],"wp:attachment":[{"href":"https:\/\/fumotxpress.de\/ro\/wp-json\/wp\/v2\/media?parent=2878"}],"wp:term":[{"taxonomy":"product_brand","embeddable":true,"href":"https:\/\/fumotxpress.de\/ro\/wp-json\/wp\/v2\/product_brand?post=2878"},{"taxonomy":"product_cat","embeddable":true,"href":"https:\/\/fumotxpress.de\/ro\/wp-json\/wp\/v2\/product_cat?post=2878"},{"taxonomy":"product_tag","embeddable":true,"href":"https:\/\/fumotxpress.de\/ro\/wp-json\/wp\/v2\/product_tag?post=2878"}],"curies":[{"name":"wp","href":"https:\/\/api.w.org\/{rel}","templated":true}]}}