{"id":2229,"date":"2024-12-10T08:30:28","date_gmt":"2024-12-10T08:30:28","guid":{"rendered":"https:\/\/fumotxpress.de\/?post_type=product&#038;p=2229"},"modified":"2025-11-24T07:50:10","modified_gmt":"2025-11-24T07:50:10","slug":"depozit-european-random-tornado-12000-puf-uri-cu-nicotina-scazuta-cumparare-original-authentisch-reincarcabil-de-unica-folosinta-vape-stilou-cutie-de-10-buc","status":"publish","type":"product","link":"https:\/\/fumotxpress.de\/ro\/produs\/depozit-european-random-tornado-12000-puf-uri-cu-nicotina-scazuta-cumparare-original-authentisch-reincarcabil-de-unica-folosinta-vape-stilou-cutie-de-10-buc\/","title":{"rendered":"Depozitul European Tornado Aleatoriu 12000 Puff-uri Nicotin\u0103 Sc\u0103zut\u0103 Cump\u0103ra\u021bi Vape Pen Re\u00eenc\u0103rcabil de Unic\u0103 Folosin\u021b\u0103 Autentic - Cutie cu 10 buc"},"content":{"rendered":"<h2><strong>Pen\u0103 de vape reutilizabil\u0103 \u0219i re\u00eenc\u0103rcabil\u0103 European Warehouse Random Tornado 12000 Puffs cu nicotin\u0103 sc\u0103zut\u0103, de unic\u0103 folosin\u021b\u0103 - Cutie cu 10 buc\u0103\u021bi<\/strong><\/h2>\n<p>Pentru vapoarele exigente care caut\u0103 o experien\u021b\u0103 de top, de lung\u0103 durat\u0103, <a href=\"https:\/\/fumotxpress.de\/ro\/?post_type=product&amp;p=2229&amp;preview=true\"><strong>Pen\u0103 de vape reutilizabil\u0103 Random Tornado 12000 Puffs, de unic\u0103 folosin\u021b\u0103, re\u00eenc\u0103rcabil\u0103<\/strong><\/a> este solu\u021bia suprem\u0103. Acest dispozitiv inovator este conceput pentru a oferi un gust excep\u021bional, o cantitate substan\u021bial\u0103 de pufuri \u0219i confortul re\u00eenc\u0103rc\u0103rii, toate acestea fiind incluse \u00eentr-o form\u0103 elegant\u0103 \u0219i portabil\u0103. Disponibil \u00eentr-o cutie cu 10 buc\u0103\u021bi, Random Tornado Vape Pen este perfect pentru grupurile de retail \u0219i pentru vaperii individuali care caut\u0103 produse de \u00eenalt\u0103 calitate de la un depozit european de \u00eencredere.<\/p>\n<h3>Prezentare general\u0103 a produsului: Performan\u021b\u0103 \u0219i confort f\u0103r\u0103 egal<\/h3>\n<p>The \nacela\u0219i \nnu se traduce, se las\u0103 ca atare \nse las\u0103 ca atare \nThe <strong>Tornad\u0103 Aleatorie<\/strong> se remarc\u0103 pe pia\u021ba aglomerat\u0103 a vapoarelor de unic\u0103 folosin\u021b\u0103 cu combina\u021bia sa impresionant\u0103 de caracteristici. Livr\u00e2nd <strong>p\u00e2n\u0103 la 12.000 de pufuri per dispozitiv<\/strong>aceast\u0103 vape pen este ideal\u0103 at\u00e2t pentru vaperii grei, c\u00e2t \u0219i pentru cei care doresc o experien\u021b\u0103 de lung\u0103 durat\u0103, f\u0103r\u0103 probleme. <strong>Capacitate de e-lichid 20 ml<\/strong> \u00eenseamn\u0103 c\u0103 po\u021bi vapora f\u0103r\u0103 teama constant\u0103 de a re\u00eenc\u0103rca sau \u00eenlocui dispozitivul, asigur\u00e2nd o satisfac\u021bie ne\u00eentrerupt\u0103.<\/p>\n<p>Ce diferen\u021biaz\u0103 cu adev\u0103rat aceast\u0103 vape pen, \u00eens\u0103, este faptul c\u0103 <strong>design reutilizabil<\/strong>Putere furnizat\u0103 de un <strong>Baterie 850 mAh<\/strong>, Random Tornado ofer\u0103 mai mult dec\u00e2t o op\u021biune de unic\u0103 folosin\u021b\u0103. Datorit\u0103 <strong>Port de \u00eenc\u0103rcare Type-C<\/strong>Utilizatorii pot re\u00eenc\u0103rca rapid stiloul, asigur\u00e2nd c\u0103 este gata pentru urm\u0103toarea rund\u0103 de vaporizare, f\u0103r\u0103 a fi nevoie de \u00eenlocuiri frecvente. Aceast\u0103 caracteristic\u0103 \u00eel face \u0219i mai ecologic, reduc\u00e2nd de\u0219eurile \u0219i oferind o valoare excelent\u0103 pentru bani.<\/p>\n<p>\u00cen plus, <strong>6 lumini RGB<\/strong> care ilumineaz\u0103 la fiecare inhalare adaug\u0103 un element vizual interesant experien\u021bei de vaporizare, ridic\u00e2nd sesiunile tale cu efecte colorate \u0219i atr\u0103g\u0103toare. Aceast\u0103 caracteristic\u0103 unic\u0103 este un punct de atrac\u021bie pentru vapatorii care apreciaz\u0103 at\u00e2t performan\u021ba, c\u00e2t \u0219i estetica.<\/p>\n<p>Indiferent dac\u0103 e\u0219ti un vaper experimentat sau nou pe pia\u021ba dispozitivelor de unic\u0103 folosin\u021b\u0103, <a href=\"https:\/\/fumotxpress.de\/ro\/\"><strong>Random Tornado 12000 Puffs<\/strong> <\/a>Vaporizatorul Rechargeable Disposable ofer\u0103 tot ce ave\u021bi nevoie pentru o experien\u021b\u0103 de vaporizare satisf\u0103c\u0103toare \u0219i personalizat\u0103. Caracteristica de debit de aer reglabil v\u0103 permite s\u0103 v\u0103 ajusta\u021bi stilul de vaporizare, asigur\u00e2nd trac\u021biunea perfect\u0103, indiferent dac\u0103 prefera\u021bi o tragere mai str\u00e2ns\u0103 sau o puf\u0103tur\u0103 mai aerisit\u0103 \u0219i mai \u00eenc\u0103rcat\u0103 de nori.<\/p>\n<h3>Caracteristici cheie ale stiloului vape reutilizabil \u0219i re\u00eenc\u0103rcabil Random Tornado 12000 Puffs<\/h3>\n<ul>\n<li><strong>12.000 de pufuri per dispozitiv<\/strong>: Unul dintre stilourile vape de unic\u0103 folosin\u021b\u0103 cu cea mai lung\u0103 durat\u0103 de pe pia\u021b\u0103, oferind o valoare excelent\u0103 pentru vaperii obi\u0219nui\u021bi.<\/li>\n<li><strong>Capacitate E-Liquid 20 ml<\/strong>: Pre\u00eenc\u0103rcat cu e-lichid premium pentru a reduce necesitatea de realiment\u0103ri frecvente.<\/li>\n<li><strong>2% Puterea nicotinei (20 mg)<\/strong>: Ofer\u0103 o senza\u021bie lin\u0103 \u0219i satisf\u0103c\u0103toare \u00een g\u00e2t, ideal\u0103 pentru cei care prefer\u0103 niveluri sc\u0103zute de nicotin\u0103.<\/li>\n<li><strong>Baterie Re\u00eenc\u0103rcabil\u0103 850 mAh<\/strong>Putere de durat\u0103 mai lung\u0103 cu multiple re\u00eenc\u0103rc\u0103ri pentru a asigura sesiuni ne\u00eentrerupte.<\/li>\n<li><strong>Port de \u00eenc\u0103rcare Type-C<\/strong>\u00cenc\u0103rcare rapid\u0103 \u0219i eficient\u0103 pentru o revenire rapid\u0103 la sesiunile dvs. de vape.<\/li>\n<li><strong>6 lumini RGB<\/strong>: Se lumineaz\u0103 la fiecare inspira\u021bie, ad\u0103ug\u00e2nd o experien\u021b\u0103 vizual\u0103 colorat\u0103 rutinei dvs. de vaporizare.<\/li>\n<li><strong>Controlul debitului de aer reglabil<\/strong>: Personaliza\u021bi-v\u0103 tragerea \u00een func\u021bie de preferin\u021bele dvs. personale pentru o experien\u021b\u0103 de vapare personalizat\u0103.<\/li>\n<li><strong>Compact \u0219i portabil<\/strong>Design u\u0219or \u0219i u\u0219or de transportat, perfect pentru vaporizare \u00een deplasare.<\/li>\n<\/ul>\n<h3>De ce s\u0103 alegi Random Tornado 12000 Puffs?<\/h3>\n<p>The \nacela\u0219i \nnu se traduce, se las\u0103 ca atare \nse las\u0103 ca atare \nThe <strong>Pen\u0103 de vape reutilizabil\u0103 Random Tornado 12000 Puffs, de unic\u0103 folosin\u021b\u0103, re\u00eenc\u0103rcabil\u0103<\/strong> Nu este doar un vaporizator de unic\u0103 folosin\u021b\u0103; este o solu\u021bie versatil\u0103 \u0219i de lung\u0103 durat\u0103 pentru toate nevoile dvs. de vaporizare. Iat\u0103 doar c\u00e2teva motive pentru care acest stilou vaporizator este alegerea perfect\u0103 pentru mul\u021bi:<\/p>\n<ul>\n<li><strong>Utilizare prelungit\u0103<\/strong>: Cu 12.000 de pufuri \u0219i 20 ml de e-lichid, acest dispozitiv asigur\u0103 c\u0103 pute\u021bi bucura de experien\u021ba de vaping pentru o perioad\u0103 prelungit\u0103 f\u0103r\u0103 a fi nevoie de \u00eenlocuiri frecvente.<\/li>\n<li><strong>Re\u00eenc\u0103rcabile comoditate<\/strong>: Spre deosebire de majoritatea op\u021biunilor de unic\u0103 folosin\u021b\u0103, acest vape pen poate fi re\u00eenc\u0103rcat, prelungind durata de via\u021b\u0103 \u0219i reduc\u00e2nd de\u0219eurile inutile.<\/li>\n<li><strong>Airflow personalizabil<\/strong>: Indiferent dac\u0103 v\u0103 bucura\u021bi de o tragere str\u00e2ns\u0103 \u0219i lin\u0103 sau prefera\u021bi o experien\u021b\u0103 mai aerisit\u0103 \u0219i mai u\u0219oar\u0103, fluxul de aer reglabil v\u0103 permite s\u0103 alege\u021bi stilul dvs. preferat.<\/li>\n<li><strong>Arome Premium<\/strong>Disponibile \u00eentr-o varietate de arome delicioase, fiecare fiind conceput\u0103 pentru a oferi o vaporizare bogat\u0103 \u0219i satisf\u0103c\u0103toare de fiecare dat\u0103.<\/li>\n<li><strong>Iluminare RGB elegant\u0103<\/strong>: Luminile RGB str\u0103lucitoare care str\u0103lucesc la fiecare puf fac Random Tornado s\u0103 ias\u0103 \u00een eviden\u021b\u0103 \u0219i adaug\u0103 o atingere distractiv\u0103 \u0219i personalizat\u0103 sesiunilor dvs. de vape.<\/li>\n<li><strong>Livrare Rapid\u0103 \u0219i De \u00eencredere<\/strong>: Toate comenzile sunt expediate rapid de la noi <strong>Depozit european<\/strong>, asigur\u00e2nd livrarea \u00een termen de 3-7 zile.<\/li>\n<li><strong>Autenticitate garantat\u0103<\/strong>C\u00e2nd cump\u0103ra\u021bi de la noi, sunte\u021bi asigurat c\u0103 primi\u021bi un <strong>autentic<\/strong> produs, direct de la produc\u0103tor.<\/li>\n<\/ul>\n<h3>Explora Gama Larg\u0103 de Arome<\/h3>\n<p>The \nacela\u0219i \nnu se traduce, se las\u0103 ca atare \nse las\u0103 ca atare \nThe <strong>Random Tornado 12000 Puffs<\/strong> Re\u00eenc\u0103rcabil\u0103 Vaporizor Pen de unic\u0103 folosin\u021b\u0103 disponibil \u00eentr-o selec\u021bie extins\u0103 de <strong>Arome premium pentru e-lichide<\/strong>conceput pentru a v\u0103 \u00eembun\u0103t\u0103\u021bi experien\u021ba de vaporizare la fiecare puf. Iat\u0103 o detaliere a celor mai populare arome disponibile:<\/p>\n<ol>\n<li><strong>Bubbelgum<\/strong>O arom\u0103 dulce \u0219i nostalgic\u0103 care te duce \u00eenapoi la zilele copil\u0103riei tale. Profilul s\u0103u zaharat \u0219i u\u0219or de mestecat ofer\u0103 o experien\u021b\u0103 de vaporizare satisf\u0103c\u0103toare, ideal\u0103 pentru cei care iubesc aromele juc\u0103u\u0219e \u0219i distractive.<\/li>\n<li><strong>Cherry Cola<\/strong>O combina\u021bie fizzy, r\u0103coritoare care une\u0219te aciditatea cire\u0219elor cu gustul clasic de cola. Aceast\u0103 arom\u0103 este perfect\u0103 pentru vapori care t\u00e2njesc dup\u0103 o experien\u021b\u0103 efervescent\u0103 \u0219i fructat\u0103.<\/li>\n<li><strong>Ghea\u021b\u0103 de struguri<\/strong>O arom\u0103 de struguri neted\u0103 \u0219i dulce, perfect echilibrat\u0103 cu o r\u0103sucire de mentol r\u0103coritoare \u0219i rece. Aceast\u0103 arom\u0103 este excelent\u0103 pentru cei care iubesc vape-urile fructate cu un finis r\u0103cit.<\/li>\n<li><strong>Ice Pop<\/strong>Acest gust acut \u0219i dulce imit\u0103 gustul unui acadea fructat.  senza\u021bia r\u0103coritoare la inhalare \u00eel face o alegere excelent\u0103 pentru cei care iubesc o vape dulce \u0219i r\u0103coritoare.<\/li>\n<li><strong>Mango pe ghea\u021b\u0103<\/strong>: Dulcea\u021ba tropical\u0103 a mangoilor coapte, combinat\u0103 cu o lovitur\u0103 de mentol crocant\u0103. Aceast\u0103 arom\u0103 ofer\u0103 un echilibru perfect de dulcea\u021b\u0103 fructat\u0103 \u0219i r\u0103coare r\u0103fr\u0103ge\u021bitoare.<\/li>\n<li><strong>Ment\u0103<\/strong>Un gust de ment\u0103 pur, revigorant, care r\u0103core\u0219te palatul la fiecare puf. Este alegerea ideal\u0103 pentru vapori care apreciaz\u0103 senza\u021bia curat\u0103 \u0219i r\u0103coroas\u0103.<\/li>\n<li><strong>Fructe de p\u0103dure amestecate<\/strong>O amestec vibrant de diferite tipuri de fructe de p\u0103dure, oferind un profil de arom\u0103 dulce \u0219i acru care explodeaz\u0103 cu bun\u0103tate fructat\u0103. Aceast\u0103 arom\u0103 este o alegere excelent\u0103 pentru cei care iubesc note complexe \u0219i stratificate de fructe de p\u0103dure.<\/li>\n<li><strong>Peach Ice<\/strong>O arom\u0103 de piersic\u0103 suculent\u0103 cu un finis mentolat neted \u0219i r\u0103coritor. Echilibrul perfect de dulcea\u021b\u0103 \u0219i r\u0103coare face aceast\u0103 arom\u0103 ideal\u0103 pentru zilele calde sau pentru oricine dore\u0219te o vape r\u0103coritoare pe baz\u0103 de fructe.<\/li>\n<li><strong>Strawberry Banana<\/strong>O combina\u021bie cremoas\u0103 \u0219i neted\u0103 de c\u0103p\u0219uni coapte \u0219i banane. Aceast\u0103 arom\u0103 ofer\u0103 o vapare dulce \u0219i calm\u0103, care este at\u00e2t de indulgent\u0103, c\u00e2t \u0219i de satisf\u0103c\u0103toare.<\/li>\n<\/ol>\n<h3>Alegerea Perfect\u0103 pentru Fiecare Vaper<\/h3>\n<p>Indiferent dac\u0103 e\u0219ti un vaper experimentat sau abia \u00eencepi, <strong><a href=\"https:\/\/fumotxpress.de\/ro\/\">Random Tornado 12000 Puffs<\/a> Vaporizator Re\u00eenc\u0103rcabil de Unic\u0103 Folosin\u021b\u0103<\/strong> ofer\u0103 performan\u021be, durabilitate \u0219i o varietate de arome f\u0103r\u0103 egal. Designul s\u0103u de lung\u0103 durat\u0103 v\u0103 asigur\u0103 c\u0103 nu va trebui s\u0103 \u00eenlocui\u021bi dispozitivul frecvent, \u00een timp ce fluxul de aer reglabil \u0219i caracteristica re\u00eenc\u0103rcabil\u0103 ofer\u0103 o experien\u021b\u0103 personalizat\u0103.<\/p>\n<p>Cu o selec\u021bie uluitoare de <strong>Arome premium<\/strong> s\u0103 alege\u021bi, ve\u021bi g\u0103si ceva care s\u0103 se potriveasc\u0103 fiec\u0103rui gust. \u00cen plus, <strong>Lumini RGB<\/strong> ad\u0103uga\u021bi un element vizual incitant, f\u0103c\u00e2nd experien\u021ba dvs. de vape cu adev\u0103rat unic\u0103.<\/p>\n<h3>De ce s\u0103 cump\u0103ra\u021bi de la FumotXpress.de?<\/h3>\n<p>La <strong>FumotXpress.de<\/strong>Ne m\u00e2ndrim c\u0103 suntem cea mai mare platform\u0103 de retail online pentru <strong>dispozitivele de vape de unic\u0103 folosin\u021b\u0103 \u00een Germania<\/strong>. Al nostru <strong>Depozit european<\/strong> asigur\u0103 c\u0103 comenzile dvs. sunt expediate rapid, sosind de obicei \u00een termen de 3-7 zile.  Oferim o selec\u021bie larg\u0103 de m\u0103rci premium, cum ar fi <strong>Al Fakher<\/strong>, <strong>Fizzy<\/strong>, <strong>OBEELAB HHC<\/strong>\u0219i <strong>SMPO DL02<\/strong> pentru a ne asigura c\u0103 primi\u021bi numai cele mai bune produse.<\/p>\n<p>C\u00e2nd cump\u0103ra\u021bi de la noi, pute\u021bi avea \u00eencredere c\u0103 primi\u021bi <strong>produse originale, autentice<\/strong> la pre\u021buri competitive, cu <strong>f\u0103r\u0103 cantitate minim\u0103 de comand\u0103<\/strong>Ne adres\u0103m \u00een principal grupurilor de retail, astfel \u00eenc\u00e2t pute\u021bi cump\u0103ra cu u\u0219urin\u021b\u0103 \u00een cantit\u0103\u021bi mari \u0219i pute\u021bi profita de serviciul nostru excep\u021bional.<\/p>\n<h3>Gata s\u0103 \u00ce\u021bi \u00cembun\u0103t\u0103\u021be\u0219ti Experien\u021ba de Vaping?<\/h3>\n<p>Nu rata\u021bi ocazia de a v\u0103 bucura de <strong>Pen\u0103 de vape reutilizabil\u0103 Random Tornado 12000 Puffs, de unic\u0103 folosin\u021b\u0103, re\u00eenc\u0103rcabil\u0103<\/strong>Disponibile \u00een cutii de <strong>10 pixuri<\/strong>este alegerea perfect\u0103 pentru cei care caut\u0103 un vape de \u00eencredere, de lung\u0103 durat\u0103, cu arom\u0103 superioar\u0103 \u0219i performan\u021b\u0103. Vizita\u021bi<a href=\"https:\/\/fumotxpress.de\/ro\/\"> <strong>FumotXpress.de<\/strong><\/a> Ast\u0103zi pentru a plasa comanda \u0219i a experimenta confortul suprem \u00een materie de vaporizare!<\/p>","protected":false},"excerpt":{"rendered":"<p>Cump\u0103ra\u021bi <strong>Pen\u0103 de vape reutilizabil\u0103 Random Tornado 12000 Puffs, de unic\u0103 folosin\u021b\u0103, re\u00eenc\u0103rcabil\u0103<\/strong> cu 20ml de e-lichid, oferind o arom\u0103 de lung\u0103 durat\u0103, flux de aer reglabil \u0219i expediere rapid\u0103 din depozitul nostru european.\u201d<\/p>","protected":false},"featured_media":2230,"comment_status":"open","ping_status":"closed","template":"","meta":{"om_disable_all_campaigns":false},"product_brand":[],"product_cat":[46,91,95,96,97,99,102,103,104,105,107,111,112,78,79,80,81,82,83,84,85,86,87,88,89,90,70,73,56,61,63,65,67],"product_tag":[],"class_list":{"0":"post-2229","1":"product","2":"type-product","3":"status-publish","4":"has-post-thumbnail","6":"product_cat-random-disposable-vapes","7":"product_cat-buy-best-disposable-vape-flavors","8":"product_cat-cherry-flavor-disposable-vapes","9":"product_cat-cola-flavor-disposable-vapes","10":"product_cat-grape-flavor-disposable-vapes","11":"product_cat-ice-flavor-disposable-vapes","12":"product_cat-lush-flavor-disposable-vapes","13":"product_cat-mango-flavor-disposable-vapes","14":"product_cat-mint-flavor-disposable-vapes","15":"product_cat-mixed-berries-flavor-disposable-vapes","16":"product_cat-peach-flavor-disposable-vapes","17":"product_cat-strawberry-flavor-disposable-vapes","18":"product_cat-watermelon-flavor-disposable-vapes","19":"product_cat-best-disposable-vape-in-europe","20":"product_cat-buy-disposable-vapes-in-austria","21":"product_cat-buy-disposable-vapes-in-belgium","22":"product_cat-buy-disposable-vapes-in-france","23":"product_cat-buy-disposable-vapes-in-germany","24":"product_cat-buy-disposable-vapes-in-italy","25":"product_cat-buy-disposable-vapes-in-netherlands","26":"product_cat-buy-disposable-vapes-in-norway","27":"product_cat-buy-disposable-vapes-in-poland","28":"product_cat-buy-disposable-vapes-in-portugal","29":"product_cat-buy-disposable-vapes-in-spain","30":"product_cat-buy-disposable-vapes-in-sweden","31":"product_cat-buy-disposable-vapes-in-switzerland","32":"product_cat-shop-disposable-vapes-by-puffs","33":"product_cat-12000-puff-disposable-vape","34":"product_cat-disposable-vape-types","35":"product_cat-big-puffs-disposable-vapes","36":"product_cat-digital-box-disposable-vapes","37":"product_cat-lower-nicotine-disposable-vapes","38":"product_cat-rechargeable-disposable-vapes","40":"first","41":"instock","42":"shipping-taxable","43":"purchasable","44":"product-type-variable"},"_links":{"self":[{"href":"https:\/\/fumotxpress.de\/ro\/wp-json\/wp\/v2\/product\/2229","targetHints":{"allow":["GET"]}}],"collection":[{"href":"https:\/\/fumotxpress.de\/ro\/wp-json\/wp\/v2\/product"}],"about":[{"href":"https:\/\/fumotxpress.de\/ro\/wp-json\/wp\/v2\/types\/product"}],"replies":[{"embeddable":true,"href":"https:\/\/fumotxpress.de\/ro\/wp-json\/wp\/v2\/comments?post=2229"}],"wp:featuredmedia":[{"embeddable":true,"href":"https:\/\/fumotxpress.de\/ro\/wp-json\/wp\/v2\/media\/2230"}],"wp:attachment":[{"href":"https:\/\/fumotxpress.de\/ro\/wp-json\/wp\/v2\/media?parent=2229"}],"wp:term":[{"taxonomy":"product_brand","embeddable":true,"href":"https:\/\/fumotxpress.de\/ro\/wp-json\/wp\/v2\/product_brand?post=2229"},{"taxonomy":"product_cat","embeddable":true,"href":"https:\/\/fumotxpress.de\/ro\/wp-json\/wp\/v2\/product_cat?post=2229"},{"taxonomy":"product_tag","embeddable":true,"href":"https:\/\/fumotxpress.de\/ro\/wp-json\/wp\/v2\/product_tag?post=2229"}],"curies":[{"name":"wp","href":"https:\/\/api.w.org\/{rel}","templated":true}]}}