{"id":2046,"date":"2024-12-05T13:17:45","date_gmt":"2024-12-05T13:17:45","guid":{"rendered":"https:\/\/fumotxpress.de\/?post_type=product&#038;p=2046"},"modified":"2025-11-24T07:50:10","modified_gmt":"2025-11-24T07:50:10","slug":"arymi-i-fun-28000-28k-puff-cumpara-stilou-vape-original-reincarcabil-de-unica-folosinta","status":"publish","type":"product","link":"https:\/\/fumotxpress.de\/ro\/produs\/arymi-i-fun-28000-28k-puff-cumpara-stilou-vape-original-reincarcabil-de-unica-folosinta\/","title":{"rendered":"Arymi I Fun 28000 28K Puff Cump\u0103ra\u021bi Vape Pen reutilizabil pentru re\u00eenc\u0103rcare cu dublu gust original autentic, de unic\u0103 folosin\u021b\u0103"},"content":{"rendered":"<h2>Penna de vape Arymi I Fun 28000 Puffs dubl\u0103 arom\u0103 de unic\u0103 folosin\u021b\u0103 - Experien\u021ba suprem\u0103 de vaporizare<\/h2>\n<p>Prezent\u00e2nd <a href=\"https:\/\/fumotxpress.de\/ro\/?post_type=product&amp;p=2046&amp;preview=true\">Pen vape de unic\u0103 folosin\u021b\u0103 Arymi I Fun 28000 puffs cu dublu gust<\/a>, un dispozitiv inovator conceput at\u00e2t pentru vapori experimenta\u021bi, c\u00e2t \u0219i pentru \u00eencep\u0103tori care caut\u0103 o experien\u021b\u0103 de vaporizare superioar\u0103. Fabricat de Kangertech Arymi, un lider \u00een industria vaporiz\u0103rii, aceast\u0103 vape de unic\u0103 folosin\u021b\u0103 este proiectat\u0103 pentru a oferi o c\u0103l\u0103torie extins\u0103 \u0219i satisf\u0103c\u0103toare de arom\u0103, cu 28.000 de pufuri per dispozitiv. Caracteristicile sale unice asigur\u0103 c\u0103 fiecare sesiune de vaporizare r\u0103m\u00e2ne consecvent\u0103, pl\u0103cut\u0103 \u0219i f\u0103r\u0103 probleme, oferind tot ce ave\u021bi nevoie \u00eentr-un format compact \u0219i portabil.<\/p>\n<p>Indiferent dac\u0103 sunte\u021bi un distribuitor de retail, un entuziast al vape-urilor sau pur \u0219i simplu c\u0103uta\u021bi un produs convenabil \u0219i de \u00eenalt\u0103 calitate, Arymi I Fun este o alegere excelent\u0103. Disponibil pentru cump\u0103rare pe <a href=\"https:\/\/fumotxpress.de\/ro\/\"><strong>FumotXpress.de<\/strong><\/a>, cea mai mare platform\u0103 de retail online pentru vape-uri de unic\u0103 folosin\u021b\u0103 din Deutschland, oferim aceste dispozitive f\u0103r\u0103 cantitate minim\u0103 de comand\u0103, livrare rapid\u0103 \u00een toat\u0103 Europa \u0219i condi\u021bii de plat\u0103 flexibile.<\/p>\n<h3>Caracteristici ale Arymi I Fun 28000 Puffs cu dublu gust Vape de unic\u0103 folosin\u021b\u0103<\/h3>\n<p>Arymi I Fun 28000 Puffs Disposable Vape combin\u0103 tehnologia, designul \u0219i performan\u021ba pentru a oferi o experien\u021b\u0103 de vaping de top. Iat\u0103 de ce se remarc\u0103:<\/p>\n<ul>\n<li><strong>Num\u0103r Mare de Pufuri (28.000 de pufuri)<\/strong>: La revedere \u00eenlocuirilor constante \u0219i salut pl\u0103cerii prelungite de vaporizare. Cu 28.000 de pufuri, Arymi I Fun ofer\u0103 o experien\u021b\u0103 de lung\u0103 durat\u0103, perfect\u0103 pentru cei care prefer\u0103 s\u0103 vapeze frecvent f\u0103r\u0103 s\u0103 se \u00eengrijoreze c\u0103 li se termin\u0103.<\/li>\n<li><strong>Design cu dou\u0103 camere cu dou\u0103 arome<\/strong>: Bucura\u021bi-v\u0103 de luxul a dou\u0103 op\u021biuni de arom\u0103 \u00eentr-un singur dispozitiv. Designul inovator cu dou\u0103 camere v\u0103 permite s\u0103 comuta\u021bi f\u0103r\u0103 efort \u00eentre dou\u0103 arome distincte, oferind varietate \u00een fiecare sesiune de vape.<\/li>\n<li><strong>Baterie re\u00eenc\u0103rcabil\u0103 600mAh<\/strong>: Dotat cu o baterie puternic\u0103 de 600mAh, Arymi I Fun asigur\u0103 o performan\u021b\u0103 constant\u0103 pe toat\u0103 durata de via\u021b\u0103. Tehnologia de \u00eenc\u0103rcare rapid\u0103 USB-C minimizeaz\u0103 timpul de inactivitate, permi\u021b\u00e2ndu-v\u0103 s\u0103 re\u00eenc\u0103rca\u021bi rapid \u0219i s\u0103 reveni\u021bi la rutina dvs. de vaping.<\/li>\n<li><strong>1.0\u03a9 Bobin\u0103 Dual Mesh<\/strong>Sistemul avansat de bobine cu dubl\u0103 plas\u0103 asigur\u0103 o vaporizare lin\u0103, bogat\u0103 \u0219i un profil de arom\u0103 mai complet, optimiz\u00e2nd experien\u021ba dvs. de vapare la fiecare puf.<\/li>\n<li><strong>Design elegant \u0219i portabil<\/strong>Cu forma sa elegant\u0103 \u0219i compact\u0103, Arymi I Fun este u\u0219or de transportat \u0219i confortabil de \u021binut \u00een m\u00e2n\u0103. Fie c\u0103 e\u0219ti \u00een deplasare sau te relaxezi acas\u0103, acest dispozitiv este \u00eenso\u021bitorul perfect pentru vaporizarea pe tot parcursul zilei.<\/li>\n<li><strong>F\u0103r\u0103 Scurgeri, Doar Arom\u0103<\/strong>Dispozitivul utilizeaz\u0103 tehnologia de separare lichid-bobin\u0103, care previne scurgerile, men\u021bin\u00e2nd \u00een acela\u0219i timp integritatea lichidului electronic. Dispozitivul asigur\u0103 c\u0103 fiecare puf este la fel de aromat ca \u0219i precedentul, oferind o performan\u021b\u0103 constant\u0103 pe toat\u0103 durata utiliz\u0103rii.<\/li>\n<li><strong>12 Op\u021biuni de Arom\u0103 Bogat\u0103<\/strong>Fiecare dispozitiv prezint\u0103 12 arome create cu expertiz\u0103, de la amestecuri de fructe la senza\u021bii infuzate cu mentol, permi\u021b\u00e2ndu-v\u0103 s\u0103 v\u0103 bucura\u021bi de o gam\u0103 divers\u0103 de arome care vor satisface fiecare preferin\u021b\u0103.<\/li>\n<\/ul>\n<h3>Specifica\u021bii detaliate<\/h3>\n<ul>\n<li><strong>Marc\u0103<\/strong>: Kangertech Arymi Vapes<\/li>\n<li><strong>Model<\/strong>: Arymi I Fun 28000 Puffs<\/li>\n<li><strong>Total Puffs<\/strong>: 28,000<\/li>\n<li><strong>Capacitatea bateriei<\/strong>: 600mAh<\/li>\n<li><strong>Puterea nicotinei<\/strong>: 2%<\/li>\n<li><strong>Capacitatea podului<\/strong>: 28mL<\/li>\n<li><strong>Element de \u00eenc\u0103lzire<\/strong>: Bobin\u0103 dual\u0103 Mesh 1,0\u03a9<\/li>\n<li><strong>Port de \u00eenc\u0103rcare<\/strong>: USB-C<\/li>\n<li><strong>Op\u021biuni de arom\u0103<\/strong>: 12 Arome<\/li>\n<li><strong>Ambalare<\/strong>: 10 dispozitive pe cutie<\/li>\n<\/ul>\n<p>&nbsp;<\/p>\n<p><img loading=\"lazy\" decoding=\"async\" class=\"alignnone size-full wp-image-2061\" src=\"https:\/\/fumotxpress.de\/wp-content\/uploads\/2024\/12\/all2.webp\" alt=\"Arymi I Fun 28000 28K Puff (translating not required for this, as it seems a product name and code) Arymi I Fun 28000 28K Puff \" width=\"1077\" height=\"1020\" srcset=\"https:\/\/fumotxpress.de\/wp-content\/uploads\/2024\/12\/all2.webp 1077w, https:\/\/fumotxpress.de\/wp-content\/uploads\/2024\/12\/all2-300x284.webp 300w, https:\/\/fumotxpress.de\/wp-content\/uploads\/2024\/12\/all2-1024x970.webp 1024w, https:\/\/fumotxpress.de\/wp-content\/uploads\/2024\/12\/all2-768x727.webp 768w, https:\/\/fumotxpress.de\/wp-content\/uploads\/2024\/12\/all2-13x12.webp 13w, https:\/\/fumotxpress.de\/wp-content\/uploads\/2024\/12\/all2-600x568.webp 600w\" sizes=\"auto, (max-width: 1077px) 100vw, 1077px\" \/><\/p>\n<h3>Lista de Arome pentru Arymi I Fun 28000 Puffs<\/h3>\n<p>Pune-te \u00eentr-o c\u0103l\u0103torie \u00eenc\u00e2nt\u0103toare de arome cu Arymi I Fun 28000 Puffs, care ofer\u0103 12 op\u021biuni ce satisfac diverse preferin\u021be gustative. Fiecare arom\u0103 este creat\u0103 cu m\u0103iestrie, oferind o experien\u021b\u0103 unic\u0103 de vaporizare.<\/p>\n<ol>\n<li><strong>Lush Ghea\u021b\u0103 &amp; Kiwi Passion Fruit Guava<\/strong><br \/>\nO combina\u021bie r\u0103coritoare de mentol r\u0103citor asociat cu dulcea\u021ba acr\u0103 a pasiunii, kiwi \u0219i guavei. Este combina\u021bia perfect\u0103 de fructe tropicale \u0219i o lovitur\u0103 r\u0103coritoare \u0219i revigorant\u0103.<\/li>\n<li><strong>Peach Glac\u00e9 &amp; Pepene Strawberry Watermelon<\/strong><br \/>\nO arom\u0103 de piersic\u0103 suculent\u0103, completat\u0103 de un amestec \u00eenghe\u021bat de c\u0103p\u0219uni \u0219i pepene verde, oferind o lovitur\u0103 dulce \u0219i \u00eenghe\u021bat\u0103 la fel de r\u0103coritoare ca \u0219i delicioas\u0103.<\/li>\n<li><strong>Bubble Fizz Cherry &amp; Blue Razz Lemonad\u0103<\/strong><br \/>\nSimte nostalgia sucului de cire\u0219e \u0219i dulcea\u021ba acr\u0103 a limonadei de zmeur\u0103 albastr\u0103. Aceast\u0103 arom\u0103 efervescent\u0103 te readuce cu g\u00e2ndul la amintirile de var\u0103, oferind o vape r\u0103coritoare \u0219i fizzy.<\/li>\n<li><strong>Fructe de P\u0103dure Amestecate &amp; Rum Pi\u00f1a Colada<\/strong><br \/>\nO delicioas\u0103 fuziune de fructe de p\u0103dure coapte, inclusiv c\u0103p\u0219uni \u0219i afine, amestecate cu bun\u0103tatea tropical\u0103 a pi\u00f1a colada. Nuan\u021bele de rom adaug\u0103 o \u00eentors\u0103tur\u0103 unic\u0103, f\u0103c\u00e2ndu-l perfect pentru cei care iubesc aromele exotice.<\/li>\n<li><strong>L\u0103m\u00e2ie Lime &amp; Blue Razz Gelatinoas\u0103<\/strong><br \/>\nO combina\u021bie picant\u0103 de l\u0103m\u00e2ie \u0219i lime zesty se \u00eent\u00e2lne\u0219te cu aroma dulce \u0219i mestecabil\u0103 a bomboanelor de zmeur\u0103 albastr\u0103. Aceast\u0103 combina\u021bie ofer\u0103 un echilibru de acru \u0219i dulce, ideal pentru cei care iubesc vape-urile cu gust de fructe \u0219i bomboane.<\/li>\n<li><strong>Zmeur\u0103, Strugure &amp; C\u0103p\u0219un\u0103, Dragon Fruit<\/strong><br \/>\nO combina\u021bie vibrant\u0103 de zmeur\u0103 \u0219i struguri, combinat\u0103 cu dulcea\u021ba exotic\u0103 a dragon fruitului. Aceast\u0103 combina\u021bie aromat\u0103 ofer\u0103 o vapare bogat\u0103 \u0219i acr\u0103 care \u00ee\u021bi taie r\u0103suflarea.<\/li>\n<li><strong>Mojito cu Mure \u0219i Zmeur\u0103 Albastr\u0103<\/strong><br \/>\nMure suculente \u0219i zmeur\u0103, combinate cu zestul proasp\u0103t \u0219i mentolat al mojito-ului, creeaz\u0103 un profil de arom\u0103 exaltant. O vape r\u0103coritoare \u0219i fructat\u0103, perfect\u0103 pentru o experien\u021b\u0103 revitalizant\u0103.<\/li>\n<li><strong>Dublu M\u0103r &amp; Afine Cire\u0219e Mure<\/strong><br \/>\nUn amestec dinamic de mere crocante duble cu aciditatea afinelor, cire\u0219elor \u0219i meri\u0219oarelor. Aceast\u0103 combina\u021bie orientat\u0103 spre fructe ofer\u0103 un echilibru perfect de dulce \u0219i acru.<\/li>\n<li><strong>M\u0103r Ro\u0219u Ghea\u021b\u0103 &amp; Vimto Crush<\/strong><br \/>\nExperimenta\u021bi senza\u021bia r\u0103coritoare a unui m\u0103r ro\u0219u crocant, asociat cu gustul nostalgic al Vimto-ului, completat cu o finishare mentolat\u0103 r\u0103coritoare pentru o \u00eentors\u0103tur\u0103 \u00eenghe\u021bat\u0103.<\/li>\n<li><strong>Cirea\u0219\u0103 Cola &amp; \u00cenghe\u021bat\u0103 de C\u0103p\u0219uni<\/strong><br \/>\nBucura\u021bi-v\u0103 de un amestec nostalgic de cola de cire\u0219e efervescent\u0103 combinat\u0103 cu \u00eenghe\u021bat\u0103 de c\u0103p\u0219uni neted\u0103 \u0219i cremoas\u0103. Aceast\u0103 arom\u0103 ofer\u0103 o experien\u021b\u0103 confortant\u0103, asem\u0103n\u0103toare desertului, la fiecare puf.<\/li>\n<li><strong>Rainbow Candy &amp; Energy Drink<\/strong><br \/>\nO explozie de fructe a unor bomboane colorate \u00een curcubeu se \u00eent\u00e2lne\u0219te cu gustul energic al unei b\u0103uturi energizante. Aceast\u0103 arom\u0103 este perfect\u0103 pentru cei care t\u00e2njesc dup\u0103 o vape distractiv\u0103 \u0219i vibrant\u0103 cu o lovitur\u0103.<\/li>\n<li><strong>Sm\u00e2nt\u00e2n\u0103 de Ment\u0103 \u0219i Lapte de Banan\u0103 R\u0103cit\u0103<\/strong><br \/>\nO arom\u0103 de ment\u0103 rece \u0219i r\u0103coritoare amestecat\u0103 cu dulcea\u021ba cremoas\u0103 a unui milkshake de banan\u0103. Aceast\u0103 vape lin\u0103 \u0219i lini\u0219titoare ofer\u0103 un tratament delicios dup\u0103 o zi lung\u0103.<\/li>\n<\/ol>\n<h3>De ce s\u0103 alege\u021bi FumotXpress.de?<\/h3>\n<p>Ca cea mai mare platform\u0103 online de comer\u021b cu ridicata pentru vape de unic\u0103 folosin\u021b\u0103 din Europa, <a href=\"https:\/\/fumotxpress.de\/ro\/\"><strong>FumotXpress.de<\/strong><\/a> ofer\u0103 mai mult dec\u00e2t pre\u021buri competitive:<\/p>\n<ul>\n<li><strong>Asigurarea Calit\u0103\u021bii<\/strong>Produsele noastre, inclusiv Arymi I Fun 28000 Puffs, sunt achizi\u021bionate direct de la produc\u0103tori reputa\u021bi, asigur\u00e2nd calitate \u0219i fiabilitate de top.<\/li>\n<li><strong>Livrare Rapid\u0103 \u0219i De \u00cencredere<\/strong>Oferim livrare rapid\u0103 \u00een toat\u0103 UE, cu timpi de expediere care variaz\u0103 de obicei \u00eentre 3 \u0219i 7 zile, astfel \u00eenc\u00e2t nu trebuie s\u0103 v\u0103 \u00eengrijora\u021bi niciodat\u0103 c\u0103 a\u0219tepta\u021bi prea mult timp pentru produsele dvs.<\/li>\n<li><strong>Op\u021biuni de plat\u0103 flexibile<\/strong>Oferim o varietate de metode de plat\u0103 pentru a face experien\u021ba dvs. de cump\u0103r\u0103turi c\u00e2t mai lin\u0103 posibil, inclusiv carduri de credit, PayPal \u0219i metode de plat\u0103 locale europene precum iDEAL \u0219i Bancontact.<\/li>\n<li><strong>F\u0103r\u0103 cantitate minim\u0103 de comand\u0103<\/strong>: Indiferent dac\u0103 cump\u0103ra\u021bi pentru utilizare personal\u0103 sau \u00een cantit\u0103\u021bi mari pentru v\u00e2nzare cu am\u0103nuntul, nu exist\u0103 nicio cerin\u021b\u0103 minim\u0103 de comand\u0103, ceea ce v\u0103 ofer\u0103 flexibilitatea de a cump\u0103ra at\u00e2ta sau c\u00e2t de mult ave\u021bi nevoie.<\/li>\n<li><strong>Serviciu clien\u021bi excep\u021bional<\/strong>Ne m\u00e2ndrim cu oferirea unui suport clien\u021bi excep\u021bional, asigur\u00e2nd c\u0103 nevoile dvs. sunt satisf\u0103cute \u00een fiecare etap\u0103 a procesului.<\/li>\n<\/ul>\n<h3>Comanda\u021bi Ast\u0103zi Arymi I Fun 28000 Puffs<\/h3>\n<p>Gata s\u0103 ridica\u021bi experien\u021ba dvs. de vaporizare? Cump\u0103ra\u021bi-v\u0103 <a href=\"https:\/\/fumotxpress.de\/ro\/\"><strong>Arymi I Fun 28000 Puffs<\/strong><\/a> stilou vape de unic\u0103 folosin\u021b\u0103 ast\u0103zi pe <a href=\"https:\/\/fumotxpress.de\/ro\/\"><strong>FumotXpress.de<\/strong><\/a>Livrarea rapid\u0103, cantitatea de comand\u0103 minim\u0103 inexistent\u0103 \u0219i selec\u021bia larg\u0103 de arome ne fac cea mai bun\u0103 alegere pentru grupurile de retail \u0219i pentru persoane fizice din toat\u0103 Europa. Ia-l pe al t\u0103u acum \u0219i bucur\u0103-te de o experien\u021b\u0103 de vaping satisf\u0103c\u0103toare \u0219i de lung\u0103 durat\u0103 ca nici alta!<\/p>","protected":false},"excerpt":{"rendered":"<p>Cump\u0103ra\u021bi originalul <strong>Arymi I Fun 28000 Puffs<\/strong> Vape Pen Re\u00eenc\u0103rcabile de Unic\u0103 Folosin\u021b\u0103 la FumotXpress.de. Bucura\u021bi-v\u0103 de p\u00e2n\u0103 la 28.000 de pufuri, op\u021biuni duble de arom\u0103 \u0219i livrare rapid\u0103 \u00een toat\u0103 UE.<\/p>","protected":false},"featured_media":2076,"comment_status":"open","ping_status":"closed","template":"","meta":{"om_disable_all_campaigns":false},"product_brand":[],"product_cat":[39,91,92,93,94,95,96,97,98,99,100,101,102,104,105,106,107,109,111,112,78,79,80,81,82,83,84,85,86,87,88,89,90,70,114,56,61,63,59,64,65,67],"product_tag":[],"class_list":{"0":"post-2046","1":"product","2":"type-product","3":"status-publish","4":"has-post-thumbnail","6":"product_cat-arymi-i-fun-28000-28k-puff","7":"product_cat-buy-best-disposable-vape-flavors","8":"product_cat-apple-flavor-disposable-vapes","9":"product_cat-blue-razz-flavor-disposable-vapes","10":"product_cat-blueberry-flavor-disposable-vapes","11":"product_cat-cherry-flavor-disposable-vapes","12":"product_cat-cola-flavor-disposable-vapes","13":"product_cat-grape-flavor-disposable-vapes","14":"product_cat-guava-flavor-disposable-vapes","15":"product_cat-ice-flavor-disposable-vapes","16":"product_cat-kiwi-flavor-disposable-vapes","17":"product_cat-lemon-flavor-disposable-vapes","18":"product_cat-lush-flavor-disposable-vapes","19":"product_cat-mint-flavor-disposable-vapes","20":"product_cat-mixed-berries-flavor-disposable-vapes","21":"product_cat-passion-fruit-flavor-disposable-vapes","22":"product_cat-peach-flavor-disposable-vapes","23":"product_cat-raspberry-flavor-disposable-vapes","24":"product_cat-strawberry-flavor-disposable-vapes","25":"product_cat-watermelon-flavor-disposable-vapes","26":"product_cat-best-disposable-vape-in-europe","27":"product_cat-buy-disposable-vapes-in-austria","28":"product_cat-buy-disposable-vapes-in-belgium","29":"product_cat-buy-disposable-vapes-in-france","30":"product_cat-buy-disposable-vapes-in-germany","31":"product_cat-buy-disposable-vapes-in-italy","32":"product_cat-buy-disposable-vapes-in-netherlands","33":"product_cat-buy-disposable-vapes-in-norway","34":"product_cat-buy-disposable-vapes-in-poland","35":"product_cat-buy-disposable-vapes-in-portugal","36":"product_cat-buy-disposable-vapes-in-spain","37":"product_cat-buy-disposable-vapes-in-sweden","38":"product_cat-buy-disposable-vapes-in-switzerland","39":"product_cat-shop-disposable-vapes-by-puffs","40":"product_cat-25000-puff-disposable-vape","41":"product_cat-disposable-vape-types","42":"product_cat-big-puffs-disposable-vapes","43":"product_cat-digital-box-disposable-vapes","44":"product_cat-dual-flavor-disposable-vapes","45":"product_cat-dual-mesh-disposable-vapes","46":"product_cat-lower-nicotine-disposable-vapes","47":"product_cat-rechargeable-disposable-vapes","49":"first","50":"instock","51":"shipping-taxable","52":"purchasable","53":"product-type-variable"},"_links":{"self":[{"href":"https:\/\/fumotxpress.de\/ro\/wp-json\/wp\/v2\/product\/2046","targetHints":{"allow":["GET"]}}],"collection":[{"href":"https:\/\/fumotxpress.de\/ro\/wp-json\/wp\/v2\/product"}],"about":[{"href":"https:\/\/fumotxpress.de\/ro\/wp-json\/wp\/v2\/types\/product"}],"replies":[{"embeddable":true,"href":"https:\/\/fumotxpress.de\/ro\/wp-json\/wp\/v2\/comments?post=2046"}],"wp:featuredmedia":[{"embeddable":true,"href":"https:\/\/fumotxpress.de\/ro\/wp-json\/wp\/v2\/media\/2076"}],"wp:attachment":[{"href":"https:\/\/fumotxpress.de\/ro\/wp-json\/wp\/v2\/media?parent=2046"}],"wp:term":[{"taxonomy":"product_brand","embeddable":true,"href":"https:\/\/fumotxpress.de\/ro\/wp-json\/wp\/v2\/product_brand?post=2046"},{"taxonomy":"product_cat","embeddable":true,"href":"https:\/\/fumotxpress.de\/ro\/wp-json\/wp\/v2\/product_cat?post=2046"},{"taxonomy":"product_tag","embeddable":true,"href":"https:\/\/fumotxpress.de\/ro\/wp-json\/wp\/v2\/product_tag?post=2046"}],"curies":[{"name":"wp","href":"https:\/\/api.w.org\/{rel}","templated":true}]}}