{"id":1633,"date":"2024-11-22T06:43:15","date_gmt":"2024-11-22T06:43:15","guid":{"rendered":"https:\/\/fumotxpress.de\/?post_type=product&#038;p=1633"},"modified":"2025-05-23T08:35:04","modified_gmt":"2025-05-23T08:35:04","slug":"depozit-european-ultima-dragoste-20000-pufuri-cu-nicotina-scazuta-cumpara-stilou-original-authentisch-reincarcabil-de-unica-folosinta","status":"publish","type":"product","link":"https:\/\/fumotxpress.de\/ro\/produs\/depozit-european-ultima-dragoste-20000-pufuri-cu-nicotina-scazuta-cumpara-stilou-original-authentisch-reincarcabil-de-unica-folosinta\/","title":{"rendered":"Depozitul European Ultima Iubire 20000 Puff-uri Nicotin\u0103 Sc\u0103zut\u0103 Cump\u0103ra\u021bi Vape Pen Re\u00eenc\u0103rcabil de Unic\u0103 Folosin\u021b\u0103 Autentic Original"},"content":{"rendered":"<div class=\"flex max-w-full flex-col flex-grow\">\n<div class=\"min-h-8 text-message flex w-full flex-col items-end gap-2 whitespace-normal break-words [.text-message+&amp;]:mt-5\" dir=\"auto\" data-message-author-role=\"assistant\" data-message-id=\"7774bd88-5843-480b-a616-9aa0730633a5\" data-client-thread-id=\"WEB:5163763a-dd3e-4377-a6ad-548896bb6062\" data-message-model-slug=\"gpt-4o\">\n<div class=\"flex w-full flex-col gap-1 empty:hidden first:pt-[3px]\">\n<div class=\"markdown prose w-full break-words dark:prose-invert light\">\n<h2><strong>Depozitul European Ultima Iubire 20000 Puff-uri Nicotin\u0103 Sc\u0103zut\u0103 Cump\u0103ra\u021bi Vape Pen Re\u00eenc\u0103rcabil de Unic\u0103 Folosin\u021b\u0103 Autentic Original<\/strong><\/h2>\n<p>The \nacela\u0219i \nnu se traduce, se las\u0103 ca atare \nse las\u0103 ca atare \nThe <strong><a href=\"https:\/\/fumotxpress.de\/ro\/\">Ultima Iubire 20000 Puff-uri Vaporizator Re\u00eenc\u0103rcabil de Unic\u0103 Folosin\u021b\u0103<\/a> Kit<\/strong> redefineaz\u0103 standardele de confort, performan\u021b\u0103 \u0219i stil \u00een vaporizare. Conceput cu vapatorii moderni \u00een minte, acest dispozitiv inovator ofer\u0103 o experien\u021b\u0103 premium de lung\u0103 durat\u0103, f\u0103r\u0103 a fi nevoie de \u00eenlocuiri frecvente. Indiferent dac\u0103 e\u0219ti un utilizator ocazional sau un vaper experimentat, <a href=\"https:\/\/fumotxpress.de\/ro\/\"><strong>Ultimul Kit Vape Love<\/strong><\/a> asigur\u0103 c\u0103 fiecare puf este aromat, neted \u0219i satisf\u0103c\u0103tor.<\/p>\n<p>Cu p\u00e2n\u0103 la <strong>20.000 pufuri<\/strong>, un design elegant tematic EURO2024, \u0219i o func\u021bie de re\u00eenc\u0103rcare, acest kit de vape combin\u0103 tehnologia avansat\u0103 cu practicitatea. Disponibil \u00een <strong>12 arome distinctive<\/strong>, acest dispozitiv garanteaz\u0103 o experien\u021b\u0103 de vaporizare personalizat\u0103 care se adapteaz\u0103 la fiecare gust.<\/p>\n<hr \/>\n<h2><strong>Depozitul European Ultima Iubire 20000 Puffs\u00a0<\/strong><strong>Descrierea detaliat\u0103 a produsului<\/strong><\/h2>\n<p>The \nacela\u0219i \nnu se traduce, se las\u0103 ca atare \nse las\u0103 ca atare \nThe <strong>Ultima Iubire 20000 Puff-uri Kit Vaporizator Re\u00eenc\u0103rcabil de Unic\u0103 Folosin\u021b\u0103<\/strong> este o minune a ingineriei \u0219i a excelen\u021bei estetice. Construit pentru cei care caut\u0103 fiabilitate \u0219i stil, vape pen-ul se m\u00e2ndre\u0219te cu un design durabil \u0219i spa\u021bios <strong>Rezervor de e-lichid de 22ml<\/strong>\u0219i un sistem integrat <strong>Baterie re\u00eenc\u0103rcabil\u0103 800mAh<\/strong>.<\/p>\n<p>Este <strong>EURO2024 Edi\u021bie Limitat\u0103<\/strong> Designul s\u0103rb\u0103tore\u0219te pasiunea global\u0103 pentru fotbal, garant\u00e2nd \u00een acela\u0219i timp performan\u021ba optim\u0103 de vaporizare. Conceput pentru a reduce de\u0219eurile, dispozitivul are un port de \u00eenc\u0103rcare convenabil \u00een partea de jos, permi\u021b\u00e2ndu-v\u0103 s\u0103 savura\u021bi fiecare pic\u0103tur\u0103 de e-lichid \u00eenainte de eliminare.<\/p>\n<h2><strong>Depozitul European Ultima Iubire 20000 Puffs <\/strong><strong>Nicotin\u0103 Redus\u0103 pentru o Experien\u021b\u0103 Echilibrat\u0103<\/strong><\/h2>\n<p>Dispozitivul vine preumplut cu <strong>2% nicotin\u0103 (20mg)<\/strong>oferind o lovitur\u0103 lin\u0103, dar satisf\u0103c\u0103toare, care se potrive\u0219te at\u00e2t \u00eencep\u0103torilor, c\u00e2t \u0219i utilizatorilor experimenta\u021bi. Aceast\u0103 concentra\u021bie sc\u0103zut\u0103 de nicotin\u0103 ofer\u0103 echilibrul perfect pentru a savura aromele bogate f\u0103r\u0103 intensitate cov\u00e2r\u0219itoare.<\/p>\n<h2><strong>Depozitul European Ultima Iubire 20000 Puffs <\/strong><strong>Tehnologie Avansat\u0103 pentru Vaping F\u0103r\u0103 Cus\u0103turi<\/strong><\/h2>\n<p>Cel \u00eencorporat <strong>0.6 Mesh Coil<\/strong> \u00eembun\u0103t\u0103\u021be\u0219te experien\u021ba de vaporizare prin producerea unei cantit\u0103\u021bi de vapori consistente \u0219i dense. Produc\u021bia de vapori este lin\u0103, ceea ce accentueaz\u0103 profilul de arom\u0103 al fiec\u0103rui puf. \u00cen plus, bateria intuitiv\u0103 \u0219i afi\u0219ajul nivelului de lichid v\u0103 \u021bin informa\u021bi despre starea dispozitivului, asigur\u00e2nd o sesiune de vaporizare f\u0103r\u0103 griji.<\/p>\n<hr \/>\n<h2><strong>Depozitul European Ultima Iubire 20000 Puffs <\/strong><strong>Caracteristici cheie ale kitului vape Last Love 20000 Puffs<\/strong><\/h2>\n<ul>\n<li><strong>20.000 de pufuri per dispozitiv<\/strong><br \/>\nBucura\u021bi-v\u0103 de o experien\u021b\u0103 extins\u0103 de vaporizare cu un num\u0103r impresionant de pufuri care dep\u0103\u0219e\u0219te majoritatea kiturilor de vape de unic\u0103 folosin\u021b\u0103.<\/li>\n<li><strong>Rezervor de E-Lichid 22ml<\/strong><br \/>\nUn rezervor generos ca m\u0103rime elimin\u0103 necesitatea de realiment\u0103ri frecvente, oferind o experien\u021b\u0103 ne\u00eentrerupt\u0103.<\/li>\n<li><strong>Port de Re\u00eenc\u0103rcare<\/strong><br \/>\nAmplasat la baza dispozitivului, portul re\u00eenc\u0103rcabil maximizeaz\u0103 utilitatea, asigur\u00e2nd c\u0103 nicio cantitate de lichid electronic s\u0103 nu fie irosit\u0103.<\/li>\n<li><strong>Baterie integrat\u0103 de 800mAh<\/strong><br \/>\nAceast\u0103 baterie puternic\u0103 \u0219i re\u00eenc\u0103rcabil\u0103 suport\u0103 sesiuni lungi de vaporizare, f\u0103c\u00e2nd-o o alegere rentabil\u0103 \u0219i ecologic\u0103.<\/li>\n<li><strong>0.6 Tehnologie Mesh Coil<\/strong><br \/>\n\u00cembun\u0103t\u0103\u021be\u0219te calitatea vaporului \u0219i intensitatea aromei, oferind o experien\u021b\u0103 de vaporizare lin\u0103 \u0219i constant\u0103.<\/li>\n<li><strong>Indicatori de nivel baterie \u0219i lichid<\/strong><br \/>\nR\u0103m\u00e2ne\u021bi informat cu monitorizarea \u00een timp real a duratei de via\u021b\u0103 a bateriei \u0219i a nivelurilor de e-lichid pentru o utilizare f\u0103r\u0103 \u00eentreruperi.<\/li>\n<li><strong>EURO2024 Edi\u021bie Limitat\u0103 Design<\/strong><br \/>\nUn design izbitor cu tematic\u0103 fotbalistic\u0103, care completeaz\u0103 func\u021bionalitatea premium a dispozitivului.<\/li>\n<li><strong>Vast\u0103 Selec\u021bie de Arome<\/strong><br \/>\nAlege\u021bi dintre 12 arome unice \u0219i incitante, fiecare creat\u0103 pentru o experien\u021b\u0103 de vaping unic\u0103.<\/li>\n<\/ul>\n<hr \/>\n<h2><strong>Depozitul European Ultima Iubire 20000 Puffs <\/strong><strong>Prezentare general\u0103 a aromelor<\/strong><\/h2>\n<h3><strong>Selec\u021bii de Arome<\/strong><\/h3>\n<ol>\n<li><strong>Lush Pepene verde<\/strong><br \/>\nSuculent, dulce \u0219i r\u0103coritor, aceast\u0103 arom\u0103 surprinde esen\u021ba pepenilor galbeni coap\u021bi cu un final crocant \u0219i r\u0103coare.<\/li>\n<li><strong>Mango Delight<\/strong><br \/>\nO explozie tropical\u0103 de mango suculent, oferind un gust bogat \u0219i fructat, cu o finish lin\u0103.<\/li>\n<li><strong>Blueberry Bliss \nse traduce in \nFericirea Afinei \n Nu ,  se lasa  Blueberry Bliss<\/strong><br \/>\nO explozie de afine proaspete cu o not\u0103 de dulcea\u021b\u0103, perfect\u0103 pentru iubitorii de fructe.<\/li>\n<li><strong>R\u0103citor de Ment\u0103<\/strong><br \/>\nO senza\u021bie minty revigorant\u0103 care las\u0103 un efect crocant, curat \u0219i r\u0103coritor la fiecare puf.<\/li>\n<li><strong>Strawberry Burst -&gt; Explozie de c\u0103p\u0219uni<\/strong><br \/>\nDulce \u0219i luxuriant\u0103, aceast\u0103 arom\u0103 combin\u0103 naturale\u021bea c\u0103p\u0219unilor cu o profunzime satisf\u0103c\u0103toare.<\/li>\n<li><strong>Mix Tropical<\/strong><br \/>\nO amestec\u0103tur\u0103 de fructe exotice combinate \u00eentr-un paradis tropical armonios \u0219i vibrant.<\/li>\n<li><strong>Vanilie Crema<\/strong><br \/>\nGlat \u0219i cremos, aceast\u0103 arom\u0103 indulgent\u0103 ofer\u0103 o experien\u021b\u0103 asem\u0103n\u0103toare unui desert decadent.<\/li>\n<li><strong>M\u0103r de ghea\u021b\u0103<\/strong><br \/>\nUn gust de m\u0103r tart, dar dulce, cu o r\u0103sucire rece \u0219i \u00eenghe\u021bat\u0103 care r\u0103core\u0219te palatul.<\/li>\n<li><strong>Explozie de struguri<\/strong><br \/>\nBold \u0219i suculent, aceast\u0103 arom\u0103 surprinde bog\u0103\u021bia strugurilor proaspe\u021bi cu o not\u0103 subtil\u0103 de aciditate.<\/li>\n<li><strong>Cherry Frost<\/strong><br \/>\nCire\u0219ele dulci se \u00eent\u00e2lnesc cu o finish r\u0103coroas\u0103 \u0219i \u00eenghe\u021bat\u0103, oferind o experien\u021b\u0103 de vapare pl\u0103cut\u0103 \u0219i echilibrat\u0103.<\/li>\n<li><strong>Cola Fizz<\/strong><br \/>\nBucura\u021bi-v\u0103 de gustul nostalgic al colei efervescente cu o not\u0103 de zest\u0103 citric\u0103 pentru un tratament spumant.<\/li>\n<li><strong>Peach Bliss -&gt;  Deliciu de P\u00easem \nnu,  Peach Bliss \nR\u0103spuns: Peach Bliss<\/strong><br \/>\nDulce, moale \u0219i aromatic\u0103, aceast\u0103 arom\u0103 de piersic\u0103 ofer\u0103 o senza\u021bie de vapare u\u0219oar\u0103 \u0219i pl\u0103cut\u0103.<\/li>\n<\/ol>\n<hr \/>\n<h2><strong>Depozitul European Ultima Iubire 20000 Puffs <\/strong><strong>De ce s\u0103 cump\u0103ra\u021bi de la FumotXpress.de?<\/strong><\/h2>\n<p>La <strong>FumotXpress.de<\/strong>Ne specializ\u0103m \u00een oferirea de vape-uri de unic\u0103 folosin\u021b\u0103 de top, inclusiv m\u0103rci de \u00eencredere precum <strong>Al Fakher<\/strong>, <strong>Fizzy<\/strong>, <strong>OBEELAB HHC<\/strong>\u0219i <strong>SMPO DL02<\/strong>Iat\u0103 de ce ar trebui s\u0103 face\u021bi cump\u0103r\u0103turi cu noi:<\/p>\n<ul>\n<li><strong>Cel mai mare retailer online din Germania<\/strong><br \/>\nSuntem platforma de referin\u021b\u0103 pentru achizi\u021bionarea de vape-uri de unic\u0103 folosin\u021b\u0103 autentice \u00een UE.<\/li>\n<li><strong>F\u0103r\u0103 cantitate minim\u0103 de comand\u0103<\/strong><br \/>\nCump\u0103ra\u021bi o singur\u0103 bucat\u0103 sau face\u021bi provizii pentru v\u00e2nzare cu am\u0103nuntul\u2014 toate la conven\u021bia dvs.<\/li>\n<li><strong>Livrare rapid\u0103 \u00een Europa<\/strong><br \/>\nAl nostru <strong>Depozit european<\/strong> asigur\u0103 c\u0103 comanda dvs. ajunge \u00een cadrul <strong>3-7 zile<\/strong>, garant\u00e2nd un proces de livrare rapid \u0219i fiabil.<\/li>\n<li><strong>Autenticitate garantat\u0103<\/strong><br \/>\nCump\u0103ra\u021bi cu \u00eencredere, \u0219tiind c\u0103 achizi\u021biona\u021bi produse autentice sus\u021binute de servicii excelente pentru clien\u021bi.<\/li>\n<\/ul>\n<hr \/>\n<h2><strong>Depozitul European Ultima Iubire 20000 Puffs <\/strong><strong>G\u00e2nduri finale<\/strong><\/h2>\n<p>The \nacela\u0219i \nnu se traduce, se las\u0103 ca atare \nse las\u0103 ca atare \nThe <strong>Ultima Iubire 20000 Puff-uri Kit Vaporizator Re\u00eenc\u0103rcabil de Unic\u0103 Folosin\u021b\u0103<\/strong> este alegerea suprem\u0103 pentru oricine caut\u0103 o experien\u021b\u0103 de vaporizare premium, cu o convenabilitate de neegalat. De la impresionantul num\u0103r de pufuri p\u00e2n\u0103 la designul s\u0103u ecologic re\u00eenc\u0103rcabil, acest dispozitiv este o m\u0103rturie a inova\u021biei moderne \u00een vaporizare.<\/p>\n<p>Vizita\u021bi <a href=\"https:\/\/fumotxpress.de\/ro\/\"><strong>FumotXpress.de<\/strong><\/a> ast\u0103zi pentru a explora vasta noastr\u0103 gam\u0103 de vape-uri de unic\u0103 folosin\u021b\u0103 \u0219i pentru a experimenta ce e mai bun \u00een materie de calitate \u0219i servicii. F\u0103r\u0103 cerin\u021be minime de comand\u0103 \u0219i cu livrare rapid\u0103 \u00een UE, vaparea nu a fost niciodat\u0103 at\u00e2t de u\u0219oar\u0103 sau accesibil\u0103!<\/p>\n<\/div>\n<\/div>\n<\/div>\n<\/div>","protected":false},"excerpt":{"rendered":"<p>Descoper\u0103 Last Love 20000 Puffs Rechargeable Disposable Vape Pen - autentic, de lung\u0103 durat\u0103 \u0219i cu nicotin\u0103 sc\u0103zut\u0103, disponibil \u00een depozitul nostru european cu livrare rapid\u0103!<\/p>","protected":false},"featured_media":1632,"comment_status":"open","ping_status":"closed","template":"","meta":{"om_disable_all_campaigns":false},"product_brand":[],"product_cat":[29,91,92,94,95,96,97,99,101,102,103,104,106,107,111,112,78,79,80,81,82,83,84,85,86,87,88,89,90,70,76,56,61,63,65,67],"product_tag":[],"class_list":{"0":"post-1633","1":"product","2":"type-product","3":"status-publish","4":"has-post-thumbnail","6":"product_cat-last-love-disposable-vapes","7":"product_cat-buy-best-disposable-vape-flavors","8":"product_cat-apple-flavor-disposable-vapes","9":"product_cat-blueberry-flavor-disposable-vapes","10":"product_cat-cherry-flavor-disposable-vapes","11":"product_cat-cola-flavor-disposable-vapes","12":"product_cat-grape-flavor-disposable-vapes","13":"product_cat-ice-flavor-disposable-vapes","14":"product_cat-lemon-flavor-disposable-vapes","15":"product_cat-lush-flavor-disposable-vapes","16":"product_cat-mango-flavor-disposable-vapes","17":"product_cat-mint-flavor-disposable-vapes","18":"product_cat-passion-fruit-flavor-disposable-vapes","19":"product_cat-peach-flavor-disposable-vapes","20":"product_cat-strawberry-flavor-disposable-vapes","21":"product_cat-watermelon-flavor-disposable-vapes","22":"product_cat-best-disposable-vape-in-europe","23":"product_cat-buy-disposable-vapes-in-austria","24":"product_cat-buy-disposable-vapes-in-belgium","25":"product_cat-buy-disposable-vapes-in-france","26":"product_cat-buy-disposable-vapes-in-germany","27":"product_cat-buy-disposable-vapes-in-italy","28":"product_cat-buy-disposable-vapes-in-netherlands","29":"product_cat-buy-disposable-vapes-in-norway","30":"product_cat-buy-disposable-vapes-in-poland","31":"product_cat-buy-disposable-vapes-in-portugal","32":"product_cat-buy-disposable-vapes-in-spain","33":"product_cat-buy-disposable-vapes-in-sweden","34":"product_cat-buy-disposable-vapes-in-switzerland","35":"product_cat-shop-disposable-vapes-by-puffs","36":"product_cat-20000-puff-disposable-vape","37":"product_cat-disposable-vape-types","38":"product_cat-big-puffs-disposable-vapes","39":"product_cat-digital-box-disposable-vapes","40":"product_cat-lower-nicotine-disposable-vapes","41":"product_cat-rechargeable-disposable-vapes","43":"first","44":"instock","45":"shipping-taxable","46":"purchasable","47":"product-type-variable"},"_links":{"self":[{"href":"https:\/\/fumotxpress.de\/ro\/wp-json\/wp\/v2\/product\/1633","targetHints":{"allow":["GET"]}}],"collection":[{"href":"https:\/\/fumotxpress.de\/ro\/wp-json\/wp\/v2\/product"}],"about":[{"href":"https:\/\/fumotxpress.de\/ro\/wp-json\/wp\/v2\/types\/product"}],"replies":[{"embeddable":true,"href":"https:\/\/fumotxpress.de\/ro\/wp-json\/wp\/v2\/comments?post=1633"}],"wp:featuredmedia":[{"embeddable":true,"href":"https:\/\/fumotxpress.de\/ro\/wp-json\/wp\/v2\/media\/1632"}],"wp:attachment":[{"href":"https:\/\/fumotxpress.de\/ro\/wp-json\/wp\/v2\/media?parent=1633"}],"wp:term":[{"taxonomy":"product_brand","embeddable":true,"href":"https:\/\/fumotxpress.de\/ro\/wp-json\/wp\/v2\/product_brand?post=1633"},{"taxonomy":"product_cat","embeddable":true,"href":"https:\/\/fumotxpress.de\/ro\/wp-json\/wp\/v2\/product_cat?post=1633"},{"taxonomy":"product_tag","embeddable":true,"href":"https:\/\/fumotxpress.de\/ro\/wp-json\/wp\/v2\/product_tag?post=1633"}],"curies":[{"name":"wp","href":"https:\/\/api.w.org\/{rel}","templated":true}]}}