{"id":1009,"date":"2024-11-07T06:29:10","date_gmt":"2024-11-07T06:29:10","guid":{"rendered":"https:\/\/fumotxpress.de\/?post_type=product&#038;p=1009"},"modified":"2025-05-23T07:04:07","modified_gmt":"2025-05-23T07:04:07","slug":"depozit-european-fumot-randm-tornado-15000-puf-uri-cu-nicotina-scazuta-cumpara-stilou-original-autentic-autentic-reincarcabil-de-unica-folosinta","status":"publish","type":"product","link":"https:\/\/fumotxpress.de\/ro\/produs\/depozit-european-fumot-randm-tornado-15000-puf-uri-cu-nicotina-scazuta-cumpara-stilou-original-autentic-autentic-reincarcabil-de-unica-folosinta\/","title":{"rendered":"Depozitul European Fumot RandM Tornado 15000 Puff-uri Nicotin\u0103 Sc\u0103zut\u0103 Cump\u0103ra\u021bi Vape Pen Re\u00eenc\u0103rcabil de Unic\u0103 Folosin\u021b\u0103 Autentic Original"},"content":{"rendered":"<h2><strong>Depozitul European Fumot RandM Tornado 15000 Puffs Vape Pen de unic\u0103 folosin\u021b\u0103 - O nou\u0103 er\u0103 \u00een vaporizare<\/strong><\/h2>\n<div style=\"width: 1020px;\" class=\"wp-video\"><!--[if lt IE 9]><script>document.createElement('video');<\/script><![endif]-->\n<video class=\"wp-video-shortcode\" id=\"video-1009-1\" width=\"1020\" height=\"574\" preload=\"metadata\" controls=\"controls\"><source type=\"video\/mp4\" src=\"https:\/\/fumotxpress.de\/wp-content\/uploads\/2024\/11\/tornado-15000-\u89c6\u9891-\u538b\u7f29\u7248.mp4?_=1\" \/><a href=\"https:\/\/fumotxpress.de\/wp-content\/uploads\/2024\/11\/tornado-15000-\u89c6\u9891-\u538b\u7f29\u7248.mp4\">https:\/\/fumotxpress.de\/wp-content\/uploads\/2024\/11\/tornado-15000-\u89c6\u9891-\u538b\u7f29\u7248.mp4<\/a><\/video><\/div>\n<p>Descoper\u0103 viitorul vaporiz\u0103rii cu <a href=\"https:\/\/fumotxpress.de\/ro\/produs\/depozit-european-fumot-randm-tornado-15000-puf-uri-cu-nicotina-scazuta-cumpara-stilou-original-autentic-autentic-reincarcabil-de-unica-folosinta\/\"><strong>Pen\u0103 de vape de unic\u0103 folosin\u021b\u0103 Fumot RandM Tornado 15000 pufuri<\/strong>,<\/a> disponibil acum \u00een exclusivitate pe <strong>FumotXpress.de<\/strong>\u2014principala platform\u0103 de retail online pentru vape-uri de unic\u0103 folosin\u021b\u0103 din Germania. Combin\u00e2nd tehnologia de ultim\u0103 or\u0103, confortul excep\u021bional \u0219i o gam\u0103 larg\u0103 de arome satisf\u0103c\u0103toare, RandM Tornado 15000 Puffs este conceput pentru a oferi o experien\u021b\u0103 de vaping f\u0103r\u0103 egal.<\/p>\n<p>Dac\u0103 sunte\u021bi \u00een c\u0103utarea unui dispozitiv de \u00eenalt\u0103 performan\u021b\u0103, u\u0219or de utilizat, care ofer\u0103 arom\u0103 constant\u0103, utilizare de lung\u0103 durat\u0103 \u0219i un design elegant, nu c\u0103uta\u021bi mai departe. Fumot RandM Tornado este solu\u021bia dvs. ideal\u0103 pentru un vape de unic\u0103 folosin\u021b\u0103 premium care se adreseaz\u0103 at\u00e2t \u00eencep\u0103torilor, c\u00e2t \u0219i cunosc\u0103torilor experimenta\u021bi deopotriv\u0103.<\/p>\n<h3>Fumot RandM Tornado 15000 Puffs \u2013 Prezentare general\u0103 a produsului<\/h3>\n<p>The \nacela\u0219i \nnu se traduce, se las\u0103 ca atare \nse las\u0103 ca atare \nThe <a href=\"https:\/\/fumotxpress.de\/ro\/\"><strong>Fumot RandM Tornado 15000 Puffs<\/strong> <\/a>Nu este doar o alt\u0103 vape de unic\u0103 folosin\u021b\u0103; este o revolu\u021bie \u00een materie de comoditate \u0219i performan\u021b\u0103. Cu un design masiv, <strong>15.000 pufuri<\/strong> Capacitate, acest dispozitiv ofer\u0103 mai mult dec\u00e2t suficient\u0103 satisfac\u021bie pentru vaping f\u0103r\u0103 re\u00eenc\u0103rc\u0103ri frecvente sau realiment\u0103ri. Conceput cu at\u00e2t estetica c\u00e2t \u0219i func\u021bionalitatea \u00een vedere, RandM Tornado dispune de un design elegant, caracteristici premium \u0219i o selec\u021bie fantastic\u0103 de arome, toate ad\u0103postite \u00eentr-un dispozitiv compact \u0219i u\u0219or de tip stilou.<\/p>\n<ul>\n<li><strong>Baterie Re\u00eenc\u0103rcabil\u0103 850mAh<\/strong>Acest dispozitiv se m\u00e2ndre\u0219te cu o baterie de lung\u0103 durat\u0103, asigur\u00e2nd c\u0103 fiecare sesiune de vaporizare este la fel de pl\u0103cut\u0103 ca \u0219i ultima. Cu <strong>\u00cenc\u0103rcare Type-C<\/strong> Pentru re\u00eenc\u0103rc\u0103ri mai rapide, pute\u021bi re\u00eenc\u0103rca rapid dispozitivul pentru o experien\u021b\u0103 continu\u0103.<\/li>\n<li><strong>Capacitate E-Liquid 25ml<\/strong>Rezervorul generos de e-lichid al RandM Tornado \u00eenseamn\u0103 c\u0103 nu trebuie s\u0103 v\u0103 face\u021bi griji cu privire la \u00eenlocuirea sau reumplerea constant\u0103 a dispozitivului. Aceast\u0103 capacitate mare asigur\u0103 c\u0103 ob\u021bine\u021bi maximum din experien\u021ba dvs. de vaporizare.<\/li>\n<li><strong>0,90hm Tehnologie Mesh Coil<\/strong>Cu aceast\u0103 tehnologie avansat\u0103 a bobinei, ob\u021bine\u021bi o produc\u021bie de vapori consistent\u0103 \u0219i profiluri de arom\u0103 bogate la fiecare puf. Indiferent dac\u0103 sunte\u021bi \u00een c\u0103utarea unei explozii de fructe sau a unei experien\u021be de mentol r\u0103coritoare, bobina mesh garanteaz\u0103 nori netezi \u0219i aromatici.<\/li>\n<li><strong>Controlul debitului de aer reglabil<\/strong>Aceast\u0103 func\u021bie v\u0103 permite s\u0103 regla\u021bi fin experien\u021ba de vaporizare \u00een func\u021bie de preferin\u021bele dvs. Indiferent dac\u0103 v\u0103 plac tragerile mai str\u00e2nse pentru un gust mai intens sau inhalarea mai u\u0219oar\u0103 pentru o experien\u021b\u0103 mai lin\u0103, controlul reglabil al fluxului de aer face acest lucru u\u0219or.<\/li>\n<li><strong>Indicator luminos RGB<\/strong>: Nu numai c\u0103 lumina RGB \u00eembun\u0103t\u0103\u021be\u0219te aspectul elegant al dispozitivului, dar indic\u0103 \u0219i starea curent\u0103 a bateriei. Bucura\u021bi-v\u0103 de un element vizual suplimentar pentru experien\u021ba dvs. de vaporizare, fie c\u0103 sunte\u021bi cu prietenii sau v\u0103 relaxa\u021bi acas\u0103.<\/li>\n<\/ul>\n<p>Cu toate aceste caracteristici puternice combinate, <strong>Fumot RandM Tornado 15000 Puffs<\/strong> ofer\u0103 o experien\u021b\u0103 de vaping excep\u021bional\u0103 de la prima p\u00e2n\u0103 la ultima puf\u0103tur\u0103.<\/p>\n<h3>Caracteristici cheie ale Fumot RandM Tornado 15000 Puffs Vape de unic\u0103 folosin\u021b\u0103<\/h3>\n<ul>\n<li><strong>Baterie 850mAh<\/strong>Asigur\u0103 o utilizare de lung\u0103 durat\u0103 f\u0103r\u0103 re\u00eenc\u0103rc\u0103ri frecvente.<\/li>\n<li><strong>Capacitate E-lichid 25ml<\/strong>Ofer\u0103 o cantitate generoas\u0103 de lichid electronic pentru sesiuni prelungite.<\/li>\n<li><strong>P\u00e2n\u0103 la 15000 de pufuri<\/strong>: Ofer\u0103 o durat\u0103 de via\u021b\u0103 excep\u021bional de lung\u0103 \u00een compara\u021bie cu majoritatea vape-urilor de unic\u0103 folosin\u021b\u0103.<\/li>\n<li><strong>0,90hm Mesh Coil<\/strong>: Livreaz\u0103 vapori netezi, bogati, cu arom\u0103 constant\u0103.<\/li>\n<li><strong>Port de \u00eenc\u0103rcare Type-C<\/strong>: Permite \u00eenc\u0103rcarea rapid\u0103 \u0219i eficient\u0103.<\/li>\n<li><strong>Controlul debitului de aer reglabil<\/strong>: Personalizeaz\u0103 tragerea pentru o experien\u021b\u0103 de vaporizare personalizat\u0103.<\/li>\n<li><strong>Indicator luminos RGB<\/strong>: Adaug\u0103 o not\u0103 vizual\u0103 \u0219i afi\u0219eaz\u0103 starea bateriei.<\/li>\n<li><\/li>\n<\/ul>\n<h3>Profil de Arom\u0103 \u00een Profunzime - O Explozie de Gust la Fiecare Puff<\/h3>\n<p>Ce seteaz\u0103 <strong>Fumot RandM Tornado 15000 Puffs<\/strong> Pe l\u00e2ng\u0103 alte vape-uri de unic\u0103 folosin\u021b\u0103, se remarc\u0103 prin selec\u021bia sa vast\u0103 \u0219i interesant\u0103 de arome. Conceput pentru a satisface toate preferin\u021bele gustative, Tornado 15000 vine cu o colec\u021bie de 41 de arome distincte, fiecare creat\u0103 cu grij\u0103 pentru a asigura o experien\u021b\u0103 de vape bogat\u0103 \u0219i satisf\u0103c\u0103toare. De la amestecuri de fructe la mentole reci, exist\u0103 ceva pentru toat\u0103 lumea.<\/p>\n<p>Iat\u0103 o prezentare a doar c\u00e2teva dintre aromele remarcabile pe care le pute\u021bi savura:<\/p>\n<p><strong>1. L\u0103mad\u0103 albastr\u0103 Razz<\/strong><br \/>\nO combina\u021bie perfect\u0103 de l\u0103m\u00e2ie acr\u0103 \u0219i zmeur\u0103 albastr\u0103 dulce, aceast\u0103 arom\u0103 atinge echilibrul ideal \u00eentre r\u0103coritor \u0219i fructat. Sharpitatea citric\u0103 a l\u0103m\u00e2ii completeaz\u0103 dulcea\u021ba lin\u0103 a zmeurii albastre, oferind o experien\u021b\u0103 vibrant\u0103 \u0219i zesty.<\/p>\n<p><strong>2. Pic\u0103 de piersic\u0103<\/strong><br \/>\nPentru iubitorii de arome suculente \u0219i fructate, <strong>Peach Ice<\/strong> este unul care iese \u00een eviden\u021b\u0103. Dulcea\u021ba piersicilor coap\u021bi este asociat\u0103 cu o finish r\u0103coritoare de mentol, oferind o vape revigorant\u0103 \u0219i r\u0103sc\u0103itoare, perfect\u0103 pentru orice moment al zilei.<\/p>\n<p><strong>3. M\u0103r acri\u0219or<\/strong><br \/>\nDac\u0103 e\u0219ti \u00een c\u0103utarea ceva \u00eendr\u0103zne\u021b, <strong>M\u0103r acri\u0219or<\/strong> Acest gust este obligatoriu. Aceast\u0103 vape acr\u0103 \u0219i tart\u0103 surprinde esen\u021ba merelor verzi cu o not\u0103 suplimentar\u0103 de aciditate care v\u0103 va excita papilele gustative la fiecare puf.<\/p>\n<p><strong>4. Ghea\u021b\u0103 de pepene verde<\/strong><br \/>\nBucura\u021bi-v\u0103 de gustul dulce \u0219i hidratant al pepenelui verde, completat de finisul \u00eenghe\u021bat al mentolei. <strong>Ghea\u021b\u0103 de pepene verde<\/strong> Este aroma perfect\u0103 de var\u0103 care te r\u0103core\u0219te la fiecare inhalare satisf\u0103c\u0103toare.<\/p>\n<p><strong>5. Afine pe Ghea\u021b\u0103<\/strong><br \/>\nThe \nacela\u0219i \nnu se traduce, se las\u0103 ca atare \nse las\u0103 ca atare \nThe <strong>Afine pe Ghea\u021b\u0103<\/strong> flavor ofer\u0103 o combina\u021bie perfect\u0103 de afine coapte \u0219i dulci, cu un strat suplimentar de prospe\u021bime \u00eenghe\u021bat\u0103. Acest echilibru \u00eentre fructe de p\u0103dure \u0219i mentol asigur\u0103 o experien\u021b\u0103 de vapare r\u0103coritoare, dar \u0219i dulce.<\/p>\n<p><strong>6. Ghea\u021b\u0103 de struguri<\/strong><br \/>\nO vedet\u0103 printre fani, <strong>Ghea\u021b\u0103 de struguri<\/strong> combin\u0103 aroma bogat\u0103 \u0219i aromat\u0103 a strugurilor copti cu o finishare r\u0103coritoare de mentol. Aceast\u0103 arom\u0103 ofer\u0103 fuziunea perfect\u0103 de dulcea\u021b\u0103 \u0219i r\u0103coare, f\u0103c\u00e2nd-o o alegere r\u0103coritoare pentru vapori care apreciaz\u0103 at\u00e2t notele fructate, c\u00e2t \u0219i pe cele mentolate.<\/p>\n<p>Cu o selec\u021bie de 41 de arome, <strong>Fumot RandM Tornado 15000 Puffs<\/strong> v\u0103 asigur\u0103 c\u0103 nu ve\u021bi ajunge niciodat\u0103 s\u0103 v\u0103 plictisi\u021bi de vape-ul dvs. Indiferent dac\u0103 prefera\u021bi arome fructate, r\u0103coritoare, acre sau dulci, acest dispozitiv are ceva pentru dvs.<\/p>\n<h3>De ce s\u0103 alegi Fumot RandM Tornado 15000 Puffs Vaporizator de unic\u0103 folosin\u021b\u0103?<\/h3>\n<p>The \nacela\u0219i \nnu se traduce, se las\u0103 ca atare \nse las\u0103 ca atare \nThe <strong>Fumot RandM Tornado 15000 Puffs<\/strong> Este construit cu confort, stil \u0219i performan\u021b\u0103 \u00een minte. Iat\u0103 de ce iese \u00een eviden\u021b\u0103:<\/p>\n<ul>\n<li><strong>Comoditate f\u0103r\u0103 precedent<\/strong>F\u0103r\u0103 nevoie de re\u00eenc\u0103rc\u0103ri sau \u00eentre\u021binere, pur \u0219i simplu bucura\u021bi-v\u0103 de dispozitiv p\u00e2n\u0103 c\u00e2nd este epuizat, apoi elimina\u021bi-l \u00een mod responsabil. Aceasta este experien\u021ba de vaporizare definitiv\u0103, f\u0103r\u0103 probleme.<\/li>\n<li><strong>Durabilitate<\/strong>: \u00cen ciuda faptului c\u0103 este o vape de unic\u0103 folosin\u021b\u0103, <strong>Tornado 15000<\/strong> este conceput pentru a dura mai mult dec\u00e2t majoritatea celorlalte, oferind o valoare superioar\u0103 cu mai pu\u021bine \u00eenlocuiri necesare.<\/li>\n<li><strong>Design elegant<\/strong>Corpulent \u0219i elegant, combinat cu lumina RGB personalizabil\u0103, ofer\u0103 acestui dispozitiv un aspect modern \u0219i stilat care completeaz\u0103 performan\u021ba excep\u021bional\u0103.<\/li>\n<li><strong>Experien\u021b\u0103 personalizabil\u0103<\/strong>: Fluxul de aer reglabil v\u0103 permite s\u0103 personaliza\u021bi trac\u021biunea, asigur\u00e2nd c\u0103 fiecare puf este exact a\u0219a cum v\u0103 place.<\/li>\n<li><strong>Disponibilitate Exclusiv\u0103<\/strong>: Disponibil numai la <a href=\"https:\/\/fumotxpress.de\/ro\/\"><strong>FumotXpress.de<\/strong><\/a>, cea mai mare platform\u0103 online din Germania pentru vape de unic\u0103 folosin\u021b\u0103, pute\u021bi avea \u00eencredere c\u0103 ob\u021bine\u021bi un produs de cea mai bun\u0103 calitate.<\/li>\n<\/ul>\n<h3>Cump\u0103ra\u021bi Acum Fumot RandM Tornado 15000 Puffs Vaporizator de Unic\u0103 Folosin\u021b\u0103<\/h3>\n<p>Experimenta\u021bi ce este mai bun \u00een materie de vaporizare cu <strong>Fumot RandM Tornado 15000 Puffs<\/strong> Vaporizator de unic\u0103 folosin\u021b\u0103. Disponibil exclusiv pe <strong>FumotXpress.de<\/strong>V\u0103 ve\u021bi bucura de livrare rapid\u0103 din depozitul nostru european la u\u0219a dvs., de obicei, \u00een termen de 3-7 zile. F\u0103r\u0103 cerin\u021be minime de comand\u0103, pute\u021bi cump\u0103ra at\u00e2tea c\u00e2t ave\u021bi nevoie cu u\u0219urin\u021b\u0103.<\/p>\n<p>R\u0103sfoi\u021bi \u00eentreaga noastr\u0103 selec\u021bie de vape-uri de unic\u0103 folosin\u021b\u0103 premium \u0219i explora\u021bi alte m\u0103rci de top, inclusiv <strong>Al Fakher<\/strong>, <strong>Fizzy<\/strong>, <strong>OBEELAB HHC<\/strong>\u0219i <strong>SMPO DL02<\/strong>Indiferent dac\u0103 e\u0219ti un grup de retail sau un vapator individual, <strong>FumotXpress.de<\/strong> este magazinul dvs. unic pentru toate nevoile dvs. de vaporizare de unic\u0103 folosin\u021b\u0103. Nu a\u0219tepta\u021bi - comanda\u021bi-v\u0103 <strong>Fumot RandM Tornado 15000 Puffs<\/strong> Ast\u0103zi \u0219i experimenta\u021bi satisfac\u021bia suprem\u0103 de vaporizare.<\/p>\n<h3>Concluzie<\/h3>\n<p>The \nacela\u0219i \nnu se traduce, se las\u0103 ca atare \nse las\u0103 ca atare \nThe <strong>Fumot RandM Tornado 15000 Puffs<\/strong> Tigara electronic\u0103 de unic\u0103 folosin\u021b\u0103 ofer\u0103 tot ce \u0219i-ar putea dori un vaper: longevitate, performan\u021b\u0103, arom\u0103 \u0219i stil. Fie c\u0103 e\u0219ti la \u00eenceputul c\u0103l\u0103toriei tale de vapare sau cau\u021bi s\u0103 \u00ee\u021bi upgradezi dispozitivul actual, aceast\u0103 vape de unic\u0103 folosin\u021b\u0103 asigur\u0103 o experien\u021b\u0103 excep\u021bional\u0103 la fiecare puf. Cump\u0103r\u0103 acum de la <a href=\"https:\/\/fumotxpress.de\/ro\/\"><strong>FumotXpress.de<\/strong> <\/a>\u0219i bucura\u021bi-v\u0103 de livrare rapid\u0103 \u0219i sigur\u0103 din depozitul nostru european.<img loading=\"lazy\" decoding=\"async\" class=\"alignnone size-full wp-image-1011\" src=\"https:\/\/fumotxpress.de\/wp-content\/uploads\/2024\/11\/Fumot-RandM-Tornado-15000-1-2048x1313-1.webp\" alt=\"Fumot-RandM-Tornado-15000-\" width=\"2048\" height=\"1313\" srcset=\"https:\/\/fumotxpress.de\/wp-content\/uploads\/2024\/11\/Fumot-RandM-Tornado-15000-1-2048x1313-1.webp 2048w, https:\/\/fumotxpress.de\/wp-content\/uploads\/2024\/11\/Fumot-RandM-Tornado-15000-1-2048x1313-1-600x385.webp 600w, https:\/\/fumotxpress.de\/wp-content\/uploads\/2024\/11\/Fumot-RandM-Tornado-15000-1-2048x1313-1-300x192.webp 300w, https:\/\/fumotxpress.de\/wp-content\/uploads\/2024\/11\/Fumot-RandM-Tornado-15000-1-2048x1313-1-1024x657.webp 1024w, https:\/\/fumotxpress.de\/wp-content\/uploads\/2024\/11\/Fumot-RandM-Tornado-15000-1-2048x1313-1-768x492.webp 768w, https:\/\/fumotxpress.de\/wp-content\/uploads\/2024\/11\/Fumot-RandM-Tornado-15000-1-2048x1313-1-1536x985.webp 1536w\" sizes=\"auto, (max-width: 2048px) 100vw, 2048px\" \/><\/p>","protected":false},"excerpt":{"rendered":"<p>Magazinul <strong>Pen\u0103 de vape de unic\u0103 folosin\u021b\u0103 Fumot RandM Tornado 15000 pufuri<\/strong> cu nicotin\u0103 sc\u0103zut\u0103, design re\u00eenc\u0103rcabil \u0219i 41 de arome delicioase. Cump\u0103ra\u021bi vape-uri originale \u0219i autentice de la FumotXpress.de \u0219i bucura\u021bi-v\u0103 de livrare rapid\u0103 \u00een toat\u0103 Europa!<\/p>","protected":false},"featured_media":1013,"comment_status":"open","ping_status":"closed","template":"","meta":{"om_disable_all_campaigns":false},"product_brand":[],"product_cat":[24,91,92,93,94,95,96,97,98,99,100,101,102,103,104,106,107,108,109,111,112,78,79,80,81,82,83,84,85,86,87,88,89,90,70,74,56,61,63,65,67,69],"product_tag":[],"class_list":{"0":"post-1009","1":"product","2":"type-product","3":"status-publish","4":"has-post-thumbnail","6":"product_cat-fumot-tornado-disposable-vapes","7":"product_cat-buy-best-disposable-vape-flavors","8":"product_cat-apple-flavor-disposable-vapes","9":"product_cat-blue-razz-flavor-disposable-vapes","10":"product_cat-blueberry-flavor-disposable-vapes","11":"product_cat-cherry-flavor-disposable-vapes","12":"product_cat-cola-flavor-disposable-vapes","13":"product_cat-grape-flavor-disposable-vapes","14":"product_cat-guava-flavor-disposable-vapes","15":"product_cat-ice-flavor-disposable-vapes","16":"product_cat-kiwi-flavor-disposable-vapes","17":"product_cat-lemon-flavor-disposable-vapes","18":"product_cat-lush-flavor-disposable-vapes","19":"product_cat-mango-flavor-disposable-vapes","20":"product_cat-mint-flavor-disposable-vapes","21":"product_cat-passion-fruit-flavor-disposable-vapes","22":"product_cat-peach-flavor-disposable-vapes","23":"product_cat-pineapple-flavor-disposable-vapes","24":"product_cat-raspberry-flavor-disposable-vapes","25":"product_cat-strawberry-flavor-disposable-vapes","26":"product_cat-watermelon-flavor-disposable-vapes","27":"product_cat-best-disposable-vape-in-europe","28":"product_cat-buy-disposable-vapes-in-austria","29":"product_cat-buy-disposable-vapes-in-belgium","30":"product_cat-buy-disposable-vapes-in-france","31":"product_cat-buy-disposable-vapes-in-germany","32":"product_cat-buy-disposable-vapes-in-italy","33":"product_cat-buy-disposable-vapes-in-netherlands","34":"product_cat-buy-disposable-vapes-in-norway","35":"product_cat-buy-disposable-vapes-in-poland","36":"product_cat-buy-disposable-vapes-in-portugal","37":"product_cat-buy-disposable-vapes-in-spain","38":"product_cat-buy-disposable-vapes-in-sweden","39":"product_cat-buy-disposable-vapes-in-switzerland","40":"product_cat-shop-disposable-vapes-by-puffs","41":"product_cat-15000-puff-disposable-vape","42":"product_cat-disposable-vape-types","43":"product_cat-big-puffs-disposable-vapes","44":"product_cat-digital-box-disposable-vapes","45":"product_cat-lower-nicotine-disposable-vapes","46":"product_cat-rechargeable-disposable-vapes","47":"product_cat-tornado-disposable-vapes","49":"first","50":"instock","51":"shipping-taxable","52":"purchasable","53":"product-type-variable"},"_links":{"self":[{"href":"https:\/\/fumotxpress.de\/ro\/wp-json\/wp\/v2\/product\/1009","targetHints":{"allow":["GET"]}}],"collection":[{"href":"https:\/\/fumotxpress.de\/ro\/wp-json\/wp\/v2\/product"}],"about":[{"href":"https:\/\/fumotxpress.de\/ro\/wp-json\/wp\/v2\/types\/product"}],"replies":[{"embeddable":true,"href":"https:\/\/fumotxpress.de\/ro\/wp-json\/wp\/v2\/comments?post=1009"}],"wp:featuredmedia":[{"embeddable":true,"href":"https:\/\/fumotxpress.de\/ro\/wp-json\/wp\/v2\/media\/1013"}],"wp:attachment":[{"href":"https:\/\/fumotxpress.de\/ro\/wp-json\/wp\/v2\/media?parent=1009"}],"wp:term":[{"taxonomy":"product_brand","embeddable":true,"href":"https:\/\/fumotxpress.de\/ro\/wp-json\/wp\/v2\/product_brand?post=1009"},{"taxonomy":"product_cat","embeddable":true,"href":"https:\/\/fumotxpress.de\/ro\/wp-json\/wp\/v2\/product_cat?post=1009"},{"taxonomy":"product_tag","embeddable":true,"href":"https:\/\/fumotxpress.de\/ro\/wp-json\/wp\/v2\/product_tag?post=1009"}],"curies":[{"name":"wp","href":"https:\/\/api.w.org\/{rel}","templated":true}]}}