{"id":1280,"date":"2024-11-09T09:06:45","date_gmt":"2024-11-09T09:06:45","guid":{"rendered":"https:\/\/fumotxpress.de\/?page_id=1280"},"modified":"2024-11-09T09:06:45","modified_gmt":"2024-11-09T09:06:45","slug":"cum-sa-cumparati-vape-de-unica-folosinta-pe-fumotxpress","status":"publish","type":"page","link":"https:\/\/fumotxpress.de\/ro\/cum-sa-cumparati-vape-de-unica-folosinta-pe-fumotxpress\/","title":{"rendered":"Cum s\u0103 cump\u0103ra\u021bi vape-uri de unic\u0103 folosin\u021b\u0103 pe Fumotxpress"},"content":{"rendered":"<p>Bun venit la Fumotxpress \u2013 sursa dvs. de \u00eencredere pentru vape-uri de unic\u0103 folosin\u021b\u0103 premium, livrate rapid \u0219i \u00een siguran\u021b\u0103 \u00een toat\u0103 Europa. Fie c\u0103 sunte\u021bi un entuziast experimentat al vape-urilor sau nou venit \u00een lumea vape-urilor de unic\u0103 folosin\u021b\u0103, cump\u0103r\u0103turile la noi sunt simple \u0219i convenabile. Urma\u021bi ace\u0219ti pa\u0219i u\u0219ori pentru a v\u0103 plasa comanda \u0219i pentru a v\u0103 bucura de produse vape de \u00eenalt\u0103 calitate de la m\u0103rci renumite precum Al Fakher, Fizzy, SMPO DL02 \u0219i OBEELAB HHC.<\/p>\n<h4>1. <strong>R\u0103sfoi\u021bi vasta noastr\u0103 colec\u021bie de vape-uri<\/strong><\/h4>\n<p>\u00cencepe\u021bi prin a explora selec\u021bia noastr\u0103 divers\u0103 de vape-uri de unic\u0103 folosin\u021b\u0103. Noi oferim o varietate de arome \u0219i niveluri de nicotin\u0103, toate fiind procurate de la unele dintre cele mai respectate m\u0103rci din industrie. Indiferent dac\u0103 c\u0103uta\u021bi op\u021biuni moi \u0219i fructate sau ceva mai exotic, avem ceva pentru toat\u0103 lumea. Pur \u0219i simplu naviga\u021bi prin categoriile noastre de produse, unde ve\u021bi g\u0103si:<\/p>\n<ul>\n<li><strong>Al Fakher<\/strong>Cunoscut pentru aromele sale bogate \u0219i autentice.<\/li>\n<li><strong>Fizzy<\/strong>O alegere premium pentru o experien\u021b\u0103 de vaporizare r\u0103coritoare.<\/li>\n<li><strong>SMPO DL02<\/strong>Pentru cei care caut\u0103 o experien\u021b\u0103 lin\u0103 \u0219i satisf\u0103c\u0103toare.<\/li>\n<li><strong>OBEELAB HHC<\/strong>O vape de unic\u0103 folosin\u021b\u0103 de ultim\u0103 genera\u021bie, de \u00eenalt\u0103 calitate, cu o experien\u021b\u0103 unic\u0103.<\/li>\n<\/ul>\n<p>Fiecare list\u0103 de produse include descrieri detaliate, op\u021biuni de arom\u0103 \u0219i pre\u021buri, astfel \u00eenc\u00e2t s\u0103 pute\u021bi lua o decizie \u00een cuno\u0219tin\u021b\u0103 de cauz\u0103.<\/p>\n<h4>2. <strong>Alege\u021bi Cantit\u0103\u021bile Dorite<\/strong><\/h4>\n<p>Odat\u0103 ce a\u021bi selectat vape-urile de unic\u0103 folosin\u021b\u0103 preferate, pute\u021bi alege cantitatea pe care dori\u021bi s\u0103 o cump\u0103ra\u021bi. La Fumotxpress, nu avem o comand\u0103 minim\u0103 obligatorie - indiferent dac\u0103 dori\u021bi doar un vape sau mai multe, alegerea este \u00een \u00eentregime a dvs. Ad\u0103uga\u021bi selec\u021biile \u00een co\u0219ul de cump\u0103r\u0103turi \u0219i sunte\u021bi gata s\u0103 trece\u021bi la urm\u0103torul pas.<\/p>\n<h4>3. <strong>Continua\u021bi la Checkout<\/strong><\/h4>\n<p>C\u00e2nd sunte\u021bi gata s\u0103 finaliza\u021bi achizi\u021bia, pur \u0219i simplu accesa\u021bi pagina de checkout. Aici, vi se va cere s\u0103 furniza\u021bi detaliile de expediere, inclusiv numele, adresa \u0219i informa\u021biile de contact. Asigura\u021bi-v\u0103 c\u0103 totul este corect pentru a asigura o livrare rapid\u0103 \u0219i precis\u0103. Dac\u0103 expedia\u021bi \u00een Germania sau \u00een UE \u00een general, asigura\u021bi-v\u0103 c\u0103 lua\u021bi not\u0103 de ofertele noastre de expediere gratuit\u0103:<\/p>\n<ul>\n<li><strong>Livrare gratuit\u0103 \u00een Germania<\/strong> la comenzile peste 49,99 \u20ac.<\/li>\n<li><strong>Livrare gratuit\u0103 \u00een UE<\/strong> la comenzile peste 99,99 \u20ac.<\/li>\n<\/ul>\n<h4>4. <strong>Selecta\u021bi Metoda de Plat\u0103<\/strong><\/h4>\n<p>La Fumotxpress, oferim multiple op\u021biuni de plat\u0103 securizate pentru a asigura o tranzac\u021bie lin\u0103 \u0219i convenabil\u0103:<\/p>\n<ul>\n<li><strong>PayPal<\/strong>: Rapid \u0219i securizat, cu protec\u021bie pentru cump\u0103r\u0103tor.<\/li>\n<li><strong>Criptomoned\u0103<\/strong>Pentru cei care prefer\u0103 s\u0103 utilizeze moneda digital\u0103.<\/li>\n<li><strong>Transfer Bancar SEPA<\/strong>Disponibil pentru clien\u021bii din UE, oferind o op\u021biune de transfer bancar fiabil\u0103.<\/li>\n<\/ul>\n<p>Odat\u0103 ce metoda de plat\u0103 este selectat\u0103, urma\u021bi instruc\u021biunile pentru a finaliza plata \u00een siguran\u021b\u0103.<\/p>\n<h4>5. <strong>Bucura\u021bi-v\u0103 de Livrare Rapid\u0103 \u0219i Fiabil\u0103<\/strong><\/h4>\n<p>Odat\u0103 ce comanda dvs. este plasat\u0103 \u0219i plata este confirmat\u0103, echipa noastr\u0103 va procesa \u0219i expedia rapid produsele dvs. din depozitul nostru european. \u00cen\u021belegem c\u00e2t de important este s\u0103 primi\u021bi produsele dvs. la timp, motiv pentru care urm\u0103rim livrarea \u00een termen de <strong>3-7 zile<\/strong>.<\/p>\n<ul>\n<li><strong>Livrare gratuit\u0103<\/strong>: Bucura\u021bi-v\u0103 de livrare gratuit\u0103 \u00een Germania pentru comenzile peste 49,99 \u20ac \u0219i \u00een toat\u0103 UE pentru comenzile peste 99,99 \u20ac.<\/li>\n<li><strong>Urm\u0103rire<\/strong>: Ve\u021bi primi detalii de urm\u0103rire odat\u0103 ce comanda dvs. a fost expediat\u0103, astfel \u00eenc\u00e2t s\u0103 pute\u021bi urm\u0103ri progresul acesteia p\u00e2n\u0103 la adresa dvs. de domiciliu.<\/li>\n<\/ul>\n<h4>6. <strong>Suport clien\u021bi \u2013 Suntem aici pentru tine<\/strong><\/h4>\n<p>Dac\u0103 ave\u021bi \u00eentreb\u0103ri sau ave\u021bi nevoie de asisten\u021b\u0103 \u00een timpul experien\u021bei de cump\u0103r\u0103turi, echipa noastr\u0103 de servicii clien\u021bi este \u00eentotdeauna preg\u0103tit\u0103 s\u0103 v\u0103 ajute. Ne pute\u021bi contacta prin e-mail la <strong><a rel=\"noopener\">info@fumotxpress.de<\/a><\/strong>Indiferent dac\u0103 ave\u021bi nevoie de ajutor pentru a alege un produs, pentru a urm\u0103ri comanda dvs. sau ave\u021bi orice alte \u00eentreb\u0103ri, suntem aici pentru a ne asigura c\u0103 experien\u021ba dvs. este c\u00e2t mai lin\u0103 posibil.<\/p>\n<hr \/>\n<h3>De ce s\u0103 alegi Fumotxpress?<\/h3>\n<ul>\n<li><strong>Produse Premium<\/strong>Oferim numai cele mai bune vape-uri de unic\u0103 folosin\u021b\u0103 de la m\u0103rci de \u00eencredere, garant\u00e2nd o experien\u021b\u0103 de \u00eenalt\u0103 calitate la fiecare achizi\u021bie.<\/li>\n<li><strong>Livrare Rapid\u0103<\/strong>: Cu sistemul nostru eficient de expediere, v\u0103 pute\u021bi a\u0219tepta ca comanda dvs. s\u0103 ajung\u0103 \u00een 3-7 zile \u00een toat\u0103 Europa.<\/li>\n<li><strong>Op\u021biuni de plat\u0103 flexibile<\/strong>: Pl\u0103ti\u021bi cu PayPal, criptomoned\u0103 sau transfer bancar SEPA pentru o tranzac\u021bie f\u0103r\u0103 probleme.<\/li>\n<li><strong>F\u0103r\u0103 comand\u0103 minim\u0103<\/strong>: Indiferent dac\u0103 ave\u021bi nevoie de un singur vaporizator de unic\u0103 folosin\u021b\u0103 sau de mai multe, nu avem nicio cerin\u021b\u0103 minim\u0103 de comand\u0103.<\/li>\n<\/ul>\n<hr \/>\n<p>Bucura\u021bi-v\u0103 de experien\u021ba de cump\u0103r\u0103turi la Fumotxpress, unde confortul se \u00eent\u00e2lne\u0219te cu calitatea. Ne a\u0219tept\u0103m s\u0103 v\u0103 satisfacem nevoile de vaporizare cu cele mai bune produse, livrare rapid\u0103 \u0219i servicii excelente pentru clien\u021bi.<\/p>","protected":false},"excerpt":{"rendered":"<p>Welcome to Fumotxpress \u2013 your trusted source for premium disposable vapes delivered quickly and securely across Europe. Whether you&#8217;re a seasoned vape enthusiast or new to the world of disposable vapes, shopping with us is simple and convenient. Follow these easy steps to place your order and enjoy top-quality vape products from renowned brands like [&#8230;]","protected":false},"author":1,"featured_media":0,"parent":0,"menu_order":0,"comment_status":"closed","ping_status":"closed","template":"page-blank-title-center.php","meta":{"om_disable_all_campaigns":false,"footnotes":""},"class_list":["post-1280","page","type-page","status-publish","hentry"],"_links":{"self":[{"href":"https:\/\/fumotxpress.de\/ro\/wp-json\/wp\/v2\/pages\/1280","targetHints":{"allow":["GET"]}}],"collection":[{"href":"https:\/\/fumotxpress.de\/ro\/wp-json\/wp\/v2\/pages"}],"about":[{"href":"https:\/\/fumotxpress.de\/ro\/wp-json\/wp\/v2\/types\/page"}],"author":[{"embeddable":true,"href":"https:\/\/fumotxpress.de\/ro\/wp-json\/wp\/v2\/users\/1"}],"replies":[{"embeddable":true,"href":"https:\/\/fumotxpress.de\/ro\/wp-json\/wp\/v2\/comments?post=1280"}],"version-history":[{"count":0,"href":"https:\/\/fumotxpress.de\/ro\/wp-json\/wp\/v2\/pages\/1280\/revisions"}],"wp:attachment":[{"href":"https:\/\/fumotxpress.de\/ro\/wp-json\/wp\/v2\/media?parent=1280"}],"curies":[{"name":"wp","href":"https:\/\/api.w.org\/{rel}","templated":true}]}}