{"id":1268,"date":"2024-11-09T08:08:21","date_gmt":"2024-11-09T08:08:21","guid":{"rendered":"https:\/\/fumotxpress.de\/?page_id=1268"},"modified":"2024-11-09T08:08:21","modified_gmt":"2024-11-09T08:08:21","slug":"politica-de-rambursare-fumotxpress","status":"publish","type":"page","link":"https:\/\/fumotxpress.de\/ro\/politica-de-rambursare-fumotxpress\/","title":{"rendered":"Politica de Rambursare Fumotxpress"},"content":{"rendered":"<p>La <strong>Fumotxpress<\/strong>Ne m\u00e2ndrim s\u0103 livr\u0103m vape-uri de unic\u0103 folosin\u021b\u0103 de \u00eenalt\u0103 calitate la u\u0219a dumneavoastr\u0103 \u00een toat\u0103 Europa. Satisfac\u021bia dumneavoastr\u0103 este prioritatea noastr\u0103 principal\u0103 \u0219i suntem angaja\u021bi s\u0103 oferim o experien\u021b\u0103 lin\u0103 \u0219i de \u00eencredere pentru to\u021bi clien\u021bii no\u0219tri. Mai jos este un ghid detaliat al politicii noastre de rambursare:<\/p>\n<h4>1. <strong>Cerin\u021be pentru ramburs\u0103ri<\/strong><\/h4>\n<p>Dorim ca dvs. s\u0103 fi\u021bi complet mul\u021bumit de achizi\u021bia dvs. Dac\u0103, din orice motiv, nu sunte\u021bi complet mul\u021bumit de produsul dvs., oferim o politic\u0103 de rambursare simpl\u0103. Ramburs\u0103rile sunt disponibile \u00een urm\u0103toarele condi\u021bii:<\/p>\n<ul>\n<li><strong>Produse deteriorate sau defecte:<\/strong> Dac\u0103 primi\u021bi un articol care este defect sau deteriorat \u00een timpul transportului, v\u0103 rug\u0103m s\u0103 ne anun\u021ba\u021bi \u00een termen de <strong>14 zile<\/strong> la primirea comenzii dvs. Vom emite cu bucurie o rambursare complet\u0103 sau vom \u00eenlocui articolul defect, f\u0103r\u0103 costuri suplimentare.<\/li>\n<li><strong>Element gre\u0219it recep\u021bionat:<\/strong> \u00cen cazul rar \u00een care articolul gre\u0219it a fost livrat c\u0103tre tine, contacteaz\u0103-ne \u00een cadrul <strong>14 zile<\/strong> De la chitan\u021b\u0103. V\u0103 vom trimite articolul corect \u0219i v\u0103 vom emite o rambursare complet\u0103 sau v\u0103 vom face schimbul, \u00een func\u021bie de preferin\u021ba dvs.<\/li>\n<li><strong>Anul\u0103ri de comenzi:<\/strong> Dac\u0103 v\u0103 r\u0103zg\u00e2ndi\u021bi \u0219i dori\u021bi s\u0103 anula\u021bi comanda, v\u0103 rug\u0103m s\u0103 ne contacta\u021bi \u00eenainte ca aceasta s\u0103 fie expediat\u0103. Dac\u0103 articolul nu a p\u0103r\u0103sit \u00eenc\u0103 depozitul nostru, vom procesa anularea \u0219i vom emite o rambursare integral\u0103. Din nefericire, odat\u0103 ce o comand\u0103 a fost expediat\u0103, anul\u0103rile nu pot fi procesate.<\/li>\n<\/ul>\n<h4>2. <strong>Procesul de returnare<\/strong><\/h4>\n<ul>\n<li>Pentru a \u00eencepe procesul de rambursare, v\u0103 rog <strong>contacta\u021bi-ne<\/strong> la <a rel=\"noopener\">info@fumotxpress.de<\/a> \u00eempreun\u0103 cu detaliile comenzii dvs. \u0219i o descriere a problemei. Un reprezentant al echipei noastre de servicii clien\u021bi v\u0103 va ghida prin procedura de returnare sau rambursare.<\/li>\n<li>V\u0103 rug\u0103m s\u0103 p\u0103stra\u021bi produsul \u00een starea sa original\u0103, nefolosit\u0103, pentru a fi eligibil pentru o rambursare. Articolele folosite sau deschise, din motive de igien\u0103 \u0219i siguran\u021b\u0103, nu sunt eligibile pentru retururi.<\/li>\n<li>Dac\u0103 returna\u021bi un produs, v\u0103 rug\u0103m s\u0103 v\u0103 asigura\u021bi c\u0103 este ambalat \u00een siguran\u021b\u0103 pentru a evita orice deteriorare suplimentar\u0103 \u00een timpul transportului. Costul transportului de retur este responsabilitatea clientului, cu excep\u021bia cazului \u00een care articolul este defect sau incorect.<\/li>\n<\/ul>\n<h4>3. <strong>Procesarea ramburs\u0103rilor<\/strong><\/h4>\n<p>Odat\u0103 ce cererea dvs. de returnare sau rambursare este aprobat\u0103, ve\u021bi primi un e-mail de confirmare. Ramburs\u0103rile vor fi procesate c\u0103tre metoda de plat\u0103 ini\u021bial\u0103, care poate include PayPal, card de credit sau transfer bancar (\u00een func\u021bie de metoda de plat\u0103).<\/p>\n<ul>\n<li><strong>Tranzac\u021bii PayPal:<\/strong> Dac\u0103 a\u021bi pl\u0103tit prin PayPal, rambursarea va fi acreditat\u0103 \u00een contul dvs. PayPal \u00een termen de <strong>5-7 zile lucr\u0103toare<\/strong>.<\/li>\n<li><strong>Pl\u0103\u021bi cu Card de Credit\/SEPA:<\/strong> Ramburs\u0103rile efectuate prin card de credit sau transfer bancar SEPA pot dura <strong>p\u00e2n\u0103 la 10 zile lucr\u0103toare<\/strong> pentru procesare.<\/li>\n<li><strong>Pl\u0103\u021bi cu criptomonede:<\/strong> Dac\u0103 a\u021bi pl\u0103tit folosind criptomoned\u0103, ramburs\u0103rile vor fi procesate \u00een aceea\u0219i criptomoned\u0103 care a fost utilizat\u0103 pentru plata ini\u021bial\u0103.<\/li>\n<\/ul>\n<h4>4. <strong>Articole nereturnabile<\/strong><\/h4>\n<p>Din motive de s\u0103n\u0103tate \u0219i igien\u0103, anumite articole nu pot fi returnate \u0219i nici rambursate, inclusiv:<\/p>\n<ul>\n<li>Vape-uri de unic\u0103 folosin\u021b\u0103 deschise sau folosite<\/li>\n<li>E-lichide \u0219i alte produse consumabile<\/li>\n<li>Produsele care au fost achizi\u021bionate \u00een ofert\u0103 sau cu discounturi promo\u021bionale (cu excep\u021bia celor defecte)<\/li>\n<\/ul>\n<h4>5. <strong>Taxe de expediere<\/strong><\/h4>\n<p>V\u0103 rug\u0103m s\u0103 re\u021bine\u021bi c\u0103, \u00een general, taxele de transport nu sunt rambursabile, cu excep\u021bia cazului \u00een care produsul este defect sau deteriorat. \u00cen cazul articolelor defecte sau incorecte, <strong>Fumotxpress<\/strong> vom acoperi costurile de transport pentru retur.<\/p>\n<h4>6. <strong>Schimburi<\/strong><\/h4>\n<p>Dac\u0103 dori\u021bi s\u0103 schimba\u021bi produsul cu unul diferit (cum ar fi o alt\u0103 arom\u0103 sau model), vom aranja schimbul la primirea produsului returnat. Orice diferen\u021b\u0103 de pre\u021b \u00eentre articolul original \u0219i cel schimbat va fi taxat\u0103 sau rambursat\u0103 \u00een consecin\u021b\u0103.<\/p>\n<h4>7. <strong>Comanda nu a fost primit\u0103 \/ Pierdut\u0103 \u00een tranzit<\/strong><\/h4>\n<p>\u00cen cazul \u00een care comanda dvs. este pierdut\u0103 sau nu este livrat\u0103 \u00een intervalul de timp stabilit (3-7 zile lucr\u0103toare pentru majoritatea \u021b\u0103rilor europene), v\u0103 rug\u0103m s\u0103 contacta\u021bi imediat echipa noastr\u0103 de servicii clien\u021bi. V\u0103 vom ajuta s\u0103 urm\u0103ri\u021bi coletul sau vom ini\u021bia o reclama\u021bie \u00eempreun\u0103 cu transportatorul pentru a localiza parcela. Dac\u0103 comanda nu poate fi g\u0103sit\u0103, v\u0103 vom oferi o \u00eenlocuire sau o rambursare, \u00een func\u021bie de preferin\u021ba dvs.<\/p>\n<h4>8. <strong>Serviciu clien\u021bi<\/strong><\/h4>\n<p>Pentru toate \u00eentreb\u0103rile legate de ramburs\u0103ri sau retururi, v\u0103 rug\u0103m s\u0103 contacta\u021bi echipa noastr\u0103 de servicii clien\u021bi la <a rel=\"noopener\">info@fumotxpress.de<\/a>Suntem disponibili s\u0103 v\u0103 asist\u0103m cu orice probleme pe care le pute\u021bi \u00eent\u00e2mpina \u0219i s\u0103 ne asigur\u0103m c\u0103 experien\u021ba dvs. cu <strong>Fumotxpress<\/strong> este f\u0103r\u0103 probleme.<\/p>\n<hr \/>\n<p><strong>Fumotxpress<\/strong> se str\u0103duie\u0219te s\u0103 ofere o experien\u021b\u0103 de cump\u0103r\u0103turi f\u0103r\u0103 \u00eentreruperi, cu produse de \u00eenalt\u0103 calitate, \u0219i suntem angaja\u021bi s\u0103 rezolv\u0103m orice probleme cu cel mai mare profesionalism \u0219i grij\u0103.<\/p>\n<p>V\u0103 mul\u021bumim pentru alegerea dvs. <strong>Fumotxpress<\/strong> \u2013 Vape de unic\u0103 folosin\u021b\u0103 premium din Germania!<\/p>","protected":false},"excerpt":{"rendered":"<p>At Fumotxpress, we take pride in delivering high-quality disposable vapes to your doorstep across Europe. Your satisfaction is our top priority, and we are committed to providing a smooth and reliable experience for all our customers. Below is a detailed guide to our refund policy: 1. Eligibility for Refunds We want you to be fully [&#8230;]","protected":false},"author":1,"featured_media":0,"parent":0,"menu_order":0,"comment_status":"closed","ping_status":"closed","template":"page-blank-title-center.php","meta":{"om_disable_all_campaigns":false,"footnotes":""},"class_list":["post-1268","page","type-page","status-publish","hentry"],"_links":{"self":[{"href":"https:\/\/fumotxpress.de\/ro\/wp-json\/wp\/v2\/pages\/1268","targetHints":{"allow":["GET"]}}],"collection":[{"href":"https:\/\/fumotxpress.de\/ro\/wp-json\/wp\/v2\/pages"}],"about":[{"href":"https:\/\/fumotxpress.de\/ro\/wp-json\/wp\/v2\/types\/page"}],"author":[{"embeddable":true,"href":"https:\/\/fumotxpress.de\/ro\/wp-json\/wp\/v2\/users\/1"}],"replies":[{"embeddable":true,"href":"https:\/\/fumotxpress.de\/ro\/wp-json\/wp\/v2\/comments?post=1268"}],"version-history":[{"count":0,"href":"https:\/\/fumotxpress.de\/ro\/wp-json\/wp\/v2\/pages\/1268\/revisions"}],"wp:attachment":[{"href":"https:\/\/fumotxpress.de\/ro\/wp-json\/wp\/v2\/media?parent=1268"}],"curies":[{"name":"wp","href":"https:\/\/api.w.org\/{rel}","templated":true}]}}