{"id":1253,"date":"2024-11-08T13:42:01","date_gmt":"2024-11-08T13:42:01","guid":{"rendered":"https:\/\/fumotxpress.de\/?page_id=1253"},"modified":"2024-11-08T13:44:16","modified_gmt":"2024-11-08T13:44:16","slug":"metode-de-plata-fumotxpress","status":"publish","type":"page","link":"https:\/\/fumotxpress.de\/ro\/metode-de-plata-fumotxpress\/","title":{"rendered":"Fumotxpress Metode de Plat\u0103"},"content":{"rendered":"<p>La Fumotxpress, oferim o gam\u0103 de op\u021biuni de plat\u0103 sigure \u0219i convenabile pentru a asigura o experien\u021b\u0103 de cump\u0103r\u0103turi f\u0103r\u0103 \u00eentreruperi.<\/p>\n<h4>PayPal<\/h4>\n<p>Pentru pl\u0103\u021bi rapide \u0219i sigure, accept\u0103m PayPal, care ofer\u0103 protec\u021bie extins\u0103 pentru cump\u0103r\u0103tori pentru lini\u0219tea sufletului.<\/p>\n<h4>Criptomoned\u0103<\/h4>\n<p>Accept\u0103m diverse criptomonede, oferind o modalitate modern\u0103 \u0219i flexibil\u0103 de a v\u0103 finaliza tranzac\u021biile.<\/p>\n<h4>Transfer Bancar SEPA<\/h4>\n<p>Pentru clien\u021bii din cadrul UE, sunt disponibile transferurile bancare SEPA, oferind o modalitate rentabil\u0103 de a pl\u0103ti direct din contul dvs. bancar.<\/p>\n<p><strong>Contacta\u021bi-ne<\/strong>: <a rel=\"noopener\">info@fumotxpress.de<\/a> pentru orice \u00eentreb\u0103ri. Bucura\u021bi-v\u0103 de livrare gratuit\u0103 pentru comenzile peste 49,99 \u20ac \u00een Germania \u0219i 99,99 \u20ac \u00een UE.<\/p>\n<h4>Nu exist\u0103 cerin\u021b\u0103 minim\u0103 de comand\u0103<\/h4>\n<p>Indiferent dac\u0103 sunte\u021bi un mic retailer sau un consumator care achizi\u021bioneaz\u0103 pentru utilizare personal\u0103, Fumotxpress ofer\u0103 <strong>Nu exist\u0103 cerin\u021be minime de comand\u0103<\/strong>Pute\u021bi cump\u0103ra o singur\u0103 buc\u0103\u021bic\u0103 din aroma dvs. preferat\u0103 de vape de unic\u0103 folosin\u021b\u0103 f\u0103r\u0103 nicio b\u0103taie de cap. Aceast\u0103 flexibilitate este perfect\u0103 pentru cei care doresc s\u0103 \u00eencerce diferite arome sau s\u0103 testeze un produs f\u0103r\u0103 a se angaja s\u0103 cumpere cantit\u0103\u021bi mari.<\/p>\n<h4>Op\u021biuni de Livrare Gratuit\u0103<\/h4>\n<p>Pentru a face experien\u021ba dvs. de cump\u0103r\u0103turi \u0219i mai bun\u0103, oferim <strong>livrare gratuit\u0103<\/strong> pentru comenzile care \u00eendeplinesc urm\u0103toarele criterii:<\/p>\n<ul>\n<li><strong>Germania<\/strong>: Comenzile peste 49,99 \u20ac calific\u0103 pentru transport gratuit \u00een Germania.<\/li>\n<li><strong>Uniunea European\u0103<\/strong>: Comenzile peste 99,99 \u20ac calific\u0103 pentru transport gratuit \u00een UE.<\/li>\n<\/ul>\n<p>\u00cen\u021belegem c\u0103 primirea comenzii dvs. rapid este important\u0103 \u0219i de aceea expedi\u0103m direct din depozitul nostru \u00een <strong>Germania<\/strong>Asigur\u0103m c\u0103 toate comenzile sunt expediate prompt, cu timpi de livrare de obicei \u00eentre <strong>3 p\u00e2n\u0103 la 7 zile<\/strong> \u00een \u00eentreaga UE.<\/p>\n<h3>Cum se pl\u0103te\u0219te<\/h3>\n<p>Dup\u0103 ce a\u021bi selectat articolele, alege\u021bi pur \u0219i simplu metoda de plat\u0103 preferat\u0103 la checkout. Pentru <strong>PayPal<\/strong> \u0219i <strong>Criptomoned\u0103<\/strong> pl\u0103\u021bi, ve\u021bi fi redirec\u021bionat c\u0103tre o poart\u0103 de plat\u0103 securizat\u0103 unde pute\u021bi finaliza tranzac\u021bia. Pentru <strong>Transferuri bancare SEPA<\/strong>Sistemul nostru v\u0103 va furniza detaliile bancare necesare pentru a finaliza transferul. Odat\u0103 ce plata dvs. este confirmat\u0103, vom procesa comanda dvs. \u0219i o vom expedia direct c\u0103tre dvs.<\/p>\n<hr \/>\n<h3>Contacta\u021bi-ne<\/h3>\n<p>Dac\u0103 ave\u021bi \u00eentreb\u0103ri privind metodele noastre de plat\u0103 sau ave\u021bi nevoie de asisten\u021b\u0103 cu o problem\u0103 de plat\u0103, nu ezita\u021bi s\u0103 ne contacta\u021bi la <strong><a rel=\"noopener\">info@fumotxpress.de<\/a><\/strong>Echipa noastr\u0103 de servicii clien\u021bi este \u00eentotdeauna preg\u0103tit\u0103 s\u0103 v\u0103 ajute.<\/p>\n<hr \/>\n<p>Consider\u0103m c\u0103 oferirea unei variet\u0103\u021bi de metode de plat\u0103 ajut\u0103 la satisfacerea preferin\u021belor diverse ale clien\u021bilor no\u0219tri, asigur\u00e2nd c\u0103 experien\u021ba dvs. de cump\u0103rare este c\u00e2t mai lin\u0103 \u0219i pl\u0103cut\u0103 posibil. Fie c\u0103 prefera\u021bi s\u0103 utiliza\u021bi metode tradi\u021bionale precum PayPal \u0219i transferurile bancare SEPA sau s\u0103 opta\u021bi pentru solu\u021bii mai moderne precum criptomoneda, noi avem solu\u021bia potrivit\u0103 pentru dvs.!<\/p>","protected":false},"excerpt":{"rendered":"<p>La Fumotxpress, oferim o gam\u0103 de op\u021biuni de plat\u0103 sigure \u0219i convenabile pentru a asigura o experien\u021b\u0103 de cump\u0103r\u0103turi f\u0103r\u0103 \u00eentreruperi. PayPal Pentru pl\u0103\u021bi rapide \u0219i sigure, accept\u0103m PayPal, care ofer\u0103 protec\u021bie extins\u0103 pentru cump\u0103r\u0103tori pentru lini\u0219tea sufletului. Criptomoned\u0103 Accept\u0103m diverse criptomonede, oferind o modalitate modern\u0103 \u0219i flexibil\u0103 de a finaliza tranzac\u021biile. Transfer bancar SEPA Pentru [\u2026]","protected":false},"author":1,"featured_media":0,"parent":0,"menu_order":0,"comment_status":"closed","ping_status":"closed","template":"page-blank-title-center.php","meta":{"om_disable_all_campaigns":false,"footnotes":""},"class_list":["post-1253","page","type-page","status-publish","hentry"],"_links":{"self":[{"href":"https:\/\/fumotxpress.de\/ro\/wp-json\/wp\/v2\/pages\/1253","targetHints":{"allow":["GET"]}}],"collection":[{"href":"https:\/\/fumotxpress.de\/ro\/wp-json\/wp\/v2\/pages"}],"about":[{"href":"https:\/\/fumotxpress.de\/ro\/wp-json\/wp\/v2\/types\/page"}],"author":[{"embeddable":true,"href":"https:\/\/fumotxpress.de\/ro\/wp-json\/wp\/v2\/users\/1"}],"replies":[{"embeddable":true,"href":"https:\/\/fumotxpress.de\/ro\/wp-json\/wp\/v2\/comments?post=1253"}],"version-history":[{"count":0,"href":"https:\/\/fumotxpress.de\/ro\/wp-json\/wp\/v2\/pages\/1253\/revisions"}],"wp:attachment":[{"href":"https:\/\/fumotxpress.de\/ro\/wp-json\/wp\/v2\/media?parent=1253"}],"curies":[{"name":"wp","href":"https:\/\/api.w.org\/{rel}","templated":true}]}}