{"id":877,"date":"2024-11-05T08:14:12","date_gmt":"2024-11-05T08:14:12","guid":{"rendered":"https:\/\/fumotxpress.de\/?post_type=product&#038;p=877"},"modified":"2025-07-16T07:27:51","modified_gmt":"2025-07-16T07:27:51","slug":"armazem-europeu-smpo-dl02-10000-baforadas-com-baixo-teor-de-nicotina-comprar-caneta-vapes-descartavel-recarregavel-autentica-original","status":"publish","type":"product","link":"https:\/\/fumotxpress.de\/pt\/produto\/armazem-europeu-smpo-dl02-10000-baforadas-com-baixo-teor-de-nicotina-comprar-caneta-vapes-descartavel-recarregavel-autentica-original\/","title":{"rendered":"Armaz\u00e9m Europeu SMPO Shisha 10000 Puffs Baixo Nicotina Compre Vapes Pen Descart\u00e1vel Recarreg\u00e1vel Original Aut\u00eantico"},"content":{"rendered":"<h2>Armaz\u00e9m Europeu <strong>SMPO Shisha 10000 Puffs 10000 Puffs \nnenhum \nSMPO Shisha 10000 Puffs 10000 Puffs \n\u00e9 \nSMPO Shisha 10000 Puffs \nApenas \nfoi \ntraduzido \ncomo \nnenhum \ntermo \nfoi \nencontrado \npara \nser \ntraduzido \nassim \nficou \nigual \nSMPO \n\u00e9 \num \nproduto \nou \nmarca \nassim \nficou \nSMPO \nShisha \n\u00e9 \num \ntipo \nde \nproduto \nassim \nShisha \n10000 \nPuffs \nfoi \ntraduzido \ncomo \n10000 \nPuffs \npor\u00e9m \npuffs \n\u00e9 \num \ntermo \ningl\u00eas \nque \nsignifica \nassim \nfoi \nmantido \no \noriginal \n10000 \nPuffs \nSMPO Shisha 10000 Puffs \nfica \nSMPO \nShisha \n10000 \nPuffs \nResposta \nSMPO Shisha 10000 Puffs<\/strong> Caneta Vape Descart\u00e1vel Recarreg\u00e1vel: Experi\u00eancia de Vapeo Premium para Entusiastas de Vape da Alemanha<\/h2>\n<p>Na FumotXpress, a maior plataforma de varejo online da Alemanha para vaporizadores descart\u00e1veis, estamos ansiosos para apresentar\u00a0<a href=\"https:\/\/fumotxpress.de\/pt\/produto\/armazem-europeu-smpo-dl02-10000-baforadas-com-baixo-teor-de-nicotina-comprar-caneta-vapes-descartavel-recarregavel-autentica-original\/\"><strong>Caneta Vape Descart\u00e1vel Recarreg\u00e1vel SMPO Shisha DL02 10000 Puffs<\/strong><\/a>. Projetado para aqueles que buscam um desempenho de vaporiza\u00e7\u00e3o de alto n\u00edvel sem compromisso, o SMPO DL02 oferece at\u00e9 10.000 tragadas de sabor premium e produ\u00e7\u00e3o de vapor consistente. Se voc\u00ea \u00e9 um vaper experiente ou est\u00e1 apenas come\u00e7ando sua jornada de vaporiza\u00e7\u00e3o, este dispositivo \u00e9 projetado para oferecer uma experi\u00eancia excepcional desde a primeira at\u00e9 a \u00faltima tragada.<\/p>\n<p>Este produto est\u00e1 dispon\u00edvel em embalagens pr\u00e1ticas a granel, permitindo que voc\u00ea estoque para uso prolongado ou para fins de varejo. Sem quantidade m\u00ednima de pedido e envio r\u00e1pido do nosso armaz\u00e9m europeu, a FumotXpress garante que suas necessidades de vaporiza\u00e7\u00e3o sejam atendidas de forma r\u00e1pida e eficiente em toda a UE.<\/p>\n<p><img loading=\"lazy\" decoding=\"async\" class=\"alignnone size-full wp-image-815\" src=\"https:\/\/fumotxpress.de\/wp-content\/uploads\/2024\/11\/SMPO-DL02-10000-Zuge-4-scaled-1.webp\" alt=\"SMPO-DL02-10000-Zuge\" width=\"2560\" height=\"2560\" srcset=\"https:\/\/fumotxpress.de\/wp-content\/uploads\/2024\/11\/SMPO-DL02-10000-Zuge-4-scaled-1.webp 2560w, https:\/\/fumotxpress.de\/wp-content\/uploads\/2024\/11\/SMPO-DL02-10000-Zuge-4-scaled-1-247x247.webp 247w, https:\/\/fumotxpress.de\/wp-content\/uploads\/2024\/11\/SMPO-DL02-10000-Zuge-4-scaled-1-100x100.webp 100w, https:\/\/fumotxpress.de\/wp-content\/uploads\/2024\/11\/SMPO-DL02-10000-Zuge-4-scaled-1-600x600.webp 600w, https:\/\/fumotxpress.de\/wp-content\/uploads\/2024\/11\/SMPO-DL02-10000-Zuge-4-scaled-1-300x300.webp 300w, https:\/\/fumotxpress.de\/wp-content\/uploads\/2024\/11\/SMPO-DL02-10000-Zuge-4-scaled-1-1024x1024.webp 1024w, https:\/\/fumotxpress.de\/wp-content\/uploads\/2024\/11\/SMPO-DL02-10000-Zuge-4-scaled-1-150x150.webp 150w, https:\/\/fumotxpress.de\/wp-content\/uploads\/2024\/11\/SMPO-DL02-10000-Zuge-4-scaled-1-768x768.webp 768w, https:\/\/fumotxpress.de\/wp-content\/uploads\/2024\/11\/SMPO-DL02-10000-Zuge-4-scaled-1-1536x1536.webp 1536w, https:\/\/fumotxpress.de\/wp-content\/uploads\/2024\/11\/SMPO-DL02-10000-Zuge-4-scaled-1-2048x2048.webp 2048w\" sizes=\"auto, (max-width: 2560px) 100vw, 2560px\" \/><\/p>\n<h3>Por que escolher o SMPO DL02 Caneta Vape Descart\u00e1vel?<\/h3>\n<p>O\u00a0<a href=\"https:\/\/fumotxpress.de\/pt\/\"><strong>SMPOShisha DL02<\/strong>\u00a0<\/a>se destaca entre os canetas de vape descart\u00e1veis devido \u00e0 sua durabilidade not\u00e1vel e recursos de ponta. Este dispositivo foi projetado para fornecer uma experi\u00eancia de vaporiza\u00e7\u00e3o perfeita com desempenho de longa dura\u00e7\u00e3o e uma variedade satisfat\u00f3ria de sabores. Aqui est\u00e1 o porqu\u00ea do\u00a0<strong>SMPO shisha DL02<\/strong>\u00a0\u00e9 uma escolha popular para vapers:<\/p>\n<ul>\n<li><strong>10.000 Puffs de Capacidade<\/strong>: Com incr\u00edveis 10.000 puffs por dispositivo, o SMPO DL02 oferece uma das experi\u00eancias mais duradouras da categoria de vape descart\u00e1vel. Essa capacidade estendida garante que voc\u00ea aproveite seu vape por um per\u00edodo prolongado sem se preocupar com substitui\u00e7\u00f5es frequentes.<\/li>\n<li><strong>Bateria Recarreg\u00e1vel 750mAh<\/strong>: A bateria potente e recarreg\u00e1vel garante um desempenho confi\u00e1vel ao longo do ciclo de vida do dispositivo. Basta recarregar via USB-C para uso cont\u00ednuo.<\/li>\n<li><strong>Tecnologia de Prote\u00e7\u00e3o contra Calor Seco CRUX<\/strong>: Este recurso inovador evita o superaquecimento e garante que o seu vape produza um sabor consistente em cada tragada.<\/li>\n<li><strong>Bobina de Malha 0,6\u03a9<\/strong>: A bobina de malha proporciona um aquecimento r\u00e1pido e vapor suave, otimizando o consumo de energia para uma experi\u00eancia de vaporiza\u00e7\u00e3o mais duradoura e eficiente.<\/li>\n<li><strong>Capacidade de E-L\u00edquido 20ml<\/strong>: Com um reservat\u00f3rio generoso de l\u00edquido eletr\u00f4nico, o SMPO DL02 garante que voc\u00ea tenha bastante l\u00edquido para sess\u00f5es longas e agrad\u00e1veis, tornando os reabastecimentos uma coisa do passado.<\/li>\n<li><strong>Controle de Fluxo de Ar Ajust\u00e1vel<\/strong>: Personalize sua experi\u00eancia de vaporiza\u00e7\u00e3o com o fluxo de ar ajust\u00e1vel, que permite que voc\u00ea personalize a densidade do vapor de acordo com sua prefer\u00eancia, seja voc\u00ea goste de tragadas sutis ou nuvens grossas.<\/li>\n<li><strong>Design Ergon\u00f4mico e Compacto<\/strong>: O design elegante e ergon\u00f4mico torna o SMPO Shisha DL02 confort\u00e1vel de segurar e f\u00e1cil de transportar, tornando-o ideal para uso em movimento.<\/li>\n<\/ul>\n<h3>SMPO DL02 \u2013 Uma Escolha Premium para Vapers<\/h3>\n<p>O\u00a0<strong>Caneta Vape Descart\u00e1vel SMPO Shisha DL02 10000 Puffs<\/strong>\u00a0\u00e9 elaborado para atender \u00e0s necessidades dos vapers modernos que priorizam desempenho, sabor e conveni\u00eancia. Seja voc\u00ea um vaper ocasional ou um usu\u00e1rio regular, esta caneta vape garante satisfa\u00e7\u00e3o com sua combina\u00e7\u00e3o de constru\u00e7\u00e3o dur\u00e1vel e recursos inovadores.<\/p>\n<p>Em\u00a0<strong>FumotXpress<\/strong>Estamos orgulhosos de oferecer este produto premium, adquirido diretamente de fabricantes confi\u00e1veis. Voc\u00ea pode compr\u00e1-lo em grandes quantidades, sem exig\u00eancia de pedido m\u00ednimo, tornando-o uma excelente op\u00e7\u00e3o tanto para usu\u00e1rios individuais quanto para grupos varejistas. Enviamos diretamente do nosso armaz\u00e9m na Europa, garantindo tempos de entrega r\u00e1pidos de 3 a 7 dias em toda a UE.<\/p>\n<h3>Sele\u00e7\u00e3o de Sabor: Um Espectro de Sabores Ricos<\/h3>\n<p>O\u00a0<strong>SMPO DL02<\/strong>\u00a0<a href=\"https:\/\/fumotxpress.de\/pt\/\">Caneta Vape Descart\u00e1vel<\/a> est\u00e1 dispon\u00edvel em uma ampla variedade de sabores, permitindo que voc\u00ea desfrute de uma nova experi\u00eancia de vaporiza\u00e7\u00e3o a cada tragada. Abaixo est\u00e1 uma vis\u00e3o detalhada dos diferentes perfis de sabor que voc\u00ea pode escolher:<\/p>\n<ol>\n<li><strong>Suco de Manga<\/strong><br \/>\nEste sabor tropical explode com a do\u00e7ura de mangos maduros, oferecendo um sabor refrescante e ex\u00f3tico que o transporta diretamente para uma praia banhada pelo sol. Perfeito para quem anseia por uma experi\u00eancia frutada e doce.<\/li>\n<li><strong>Manteiga de Amendoim<\/strong><br \/>\nUm sabor \u00fanico e indulgente que combina a riqueza cremosa e nozes da manteiga de amendoim com um acabamento suave. Ideal para aqueles que apreciam uma experi\u00eancia de vaporiza\u00e7\u00e3o mais saborosa, \u00e9 perfeito para uso di\u00e1rio.<\/li>\n<li><strong>Sorvete de Morango<\/strong><br \/>\nUma mistura doce e cremosa de morangos frescos e sorvete aveludado, este sabor proporciona uma experi\u00eancia de sobremesa satisfat\u00f3ria. \u00c9 uma op\u00e7\u00e3o suave e refrescante que proporciona um equil\u00edbrio delicioso de notas frutadas e cremosas.<\/li>\n<li><strong>Balas de Lim\u00e3o<\/strong><br \/>\nSe voc\u00ea \u00e9 f\u00e3 de sabores c\u00edtricos, esse sabor de lim\u00e3o picante e \u00e1cido misturado com uma do\u00e7ura a\u00e7ucarada vai deixar seus bot\u00f5es gustativos formigando. \u00c9 uma escolha perfeita para quem prefere um perfil de sabor fresco e acentuado com um final doce.<\/li>\n<li><strong>Mirtilos Misturados<\/strong><br \/>\nUma mistura vibrante de frutas vermelhas variadas, este sabor re\u00fane morangos doces, framboesas \u00e1cidas e mirtilos suculentos. \u00c9 um equil\u00edbrio perfeito de sabores frutados que \u00e9 ao mesmo tempo refrescante e satisfat\u00f3rio.<\/li>\n<li><strong>Morango Kiwi<\/strong><br \/>\nUma fus\u00e3o perfeita de morangos doces e kiwi azedo, esta combina\u00e7\u00e3o oferece um sabor fresco e vibrante que \u00e9 ao mesmo tempo azedo e doce. \u00c9 um sabor que agrada \u00e0 multid\u00e3o, ideal para os amantes de vape frutado.<\/li>\n<li><strong>Cranberry Uva<\/strong><br \/>\nEste sabor din\u00e2mico une a acidez do cranberry e a do\u00e7ura profunda da uva. O resultado \u00e9 um vape perfeitamente equilibrado que oferece complexidade e satisfa\u00e7\u00e3o em cada tragada.<\/li>\n<li><strong>Melancia Gelo<\/strong><br \/>\nSe voc\u00ea ama sabores frescos e refrescantes,\u00a0<strong>Melancia Gelo<\/strong>\u00a0vai dar no alvo. O sabor suculento e doce do mel\u00e3o de \u00e1gua \u00e9 complementado por um final gelado e refrescante que \u00e9 perfeito para dias quentes ou quando voc\u00ea s\u00f3 quer algo leve e revigorante.<\/li>\n<li><strong>Blueberry Ice<\/strong><br \/>\nEste sabor combina mirtilos maduros com uma explos\u00e3o de mentol fresca e intensa. O resultado \u00e9 um vape suave e refrescante com uma base frutada doce e um final mentolado, tornando-o um vape perfeito para o dia todo.<\/li>\n<li><strong>Vainilha Tabaco<\/strong><br \/>\nPara aqueles que preferem um sabor mais cl\u00e1ssico,\u00a0<strong>Vainilha Tabaco<\/strong>\u00a0oferece uma combina\u00e7\u00e3o suave e rica de tabaco robusto e a do\u00e7ura sutil de baunilha. \u00c9 um sabor refinado e equilibrado, perfeito para aqueles que gostam de um vape mais tradicional com um toque de do\u00e7ura.<\/li>\n<\/ol>\n<h3>Por que Comprar o SMPO DL02 Caneta Vape Descart\u00e1vel?<\/h3>\n<p>Existem v\u00e1rias raz\u00f5es pelas quais o\u00a0<strong>Caneta Vape Descart\u00e1vel SMPO Shishi DL02 10000 Puffs<\/strong>\u00a0\u00e9 uma escolha excelente para suas necessidades de vaporiza\u00e7\u00e3o:<\/p>\n<ul>\n<li><strong>Desempenho Duradouro<\/strong>: Com sua impressionante capacidade de 10.000 puffs, voc\u00ea pode desfrutar de sess\u00f5es prolongadas de vaporiza\u00e7\u00e3o sem a necessidade de substitui\u00e7\u00f5es frequentes.<\/li>\n<li><strong>Conveni\u00eancia Recarreg\u00e1vel<\/strong>: A bateria recarreg\u00e1vel de 750mAh garante que voc\u00ea possa usar o vape por muito tempo antes de precisar recarregar, reduzindo o desperd\u00edcio e aprimorando sua experi\u00eancia.<\/li>\n<li><strong>Recursos Avan\u00e7ados<\/strong>: A prote\u00e7\u00e3o contra calor seco do CRUX, a tecnologia de bobina de malha e o fluxo de ar ajust\u00e1vel proporcionam uma experi\u00eancia de vaporiza\u00e7\u00e3o superior que rivaliza com outros dispositivos descart\u00e1veis no mercado.<\/li>\n<li><strong>Ampla Sele\u00e7\u00e3o de Sabores<\/strong>Com uma ampla variedade de sabores emocionais, o\u00a0<strong>SMPO DL02<\/strong>\u00a0\u00e9 perfeito para quem deseja explorar diferentes experi\u00eancias de sabor.<\/li>\n<li><strong>Sem requisito de pedido m\u00ednimo<\/strong>Quer voc\u00ea esteja comprando para uso pessoal ou para revenda, voc\u00ea pode comprar apenas uma caneta, sem quantidade m\u00ednima de pedido.<\/li>\n<li><strong>Envio R\u00e1pido UE<\/strong>: A FumotXpress oferece envio r\u00e1pido e confi\u00e1vel em toda a UE, com produtos entregues em 3-7 dias.<\/li>\n<\/ul>\n<h3>Compre Seu SMPO DL02 10000 Puffs Vape Pen Descart\u00e1vel Hoje<\/h3>\n<p>O\u00a0<strong><a href=\"https:\/\/fumotxpress.de\/pt\/\">SMPO Shashi DL02 10000 Puffs<\/a> Caneta Vape Descart\u00e1vel<\/strong>\u00a0est\u00e1 agora dispon\u00edvel para compra em FumotXpress.de, o principal varejista alem\u00e3o de vaporizadores descart\u00e1veis. Com uma ampla sele\u00e7\u00e3o de sabores, recursos de alto desempenho e envio r\u00e1pido de nosso armaz\u00e9m europeu, este \u00e9 o dispositivo definitivo tanto para vapers casuais quanto para entusiastas. Visite\u00a0<a href=\"https:\/\/fumotxpress.de\/pt\/\"><strong>FumotXpress.de<\/strong><\/a>\u00a0para encomendar agora e desfrutar de envio r\u00e1pido e confi\u00e1vel diretamente \u00e0 sua porta.<\/p>\n<p>Para todas as suas necessidades de vaporizadores descart\u00e1veis, confie na FumotXpress por qualidade, servi\u00e7o e satisfa\u00e7\u00e3o!<\/p>","protected":false},"excerpt":{"rendered":"<p>Compre o <strong>SMPO DL02 10000 Puffs Recarreg\u00e1vel Caneta Vape Descart\u00e1vel<\/strong> em FumotXpress.de. Desfrute de desempenho duradouro, vapor suave e uma ampla sele\u00e7\u00e3o de sabores com envio r\u00e1pido pela UE!<\/p>","protected":false},"featured_media":875,"comment_status":"open","ping_status":"closed","template":"","meta":{"om_disable_all_campaigns":false},"product_brand":[],"product_cat":[22,91,94,97,99,100,101,103,104,105,111,112,78,79,80,81,82,83,84,85,86,87,88,89,90,70,72,56,61,65,67],"product_tag":[],"class_list":{"0":"post-877","1":"product","2":"type-product","3":"status-publish","4":"has-post-thumbnail","6":"product_cat-smpo-dl02-disposable-vapes","7":"product_cat-buy-best-disposable-vape-flavors","8":"product_cat-blueberry-flavor-disposable-vapes","9":"product_cat-grape-flavor-disposable-vapes","10":"product_cat-ice-flavor-disposable-vapes","11":"product_cat-kiwi-flavor-disposable-vapes","12":"product_cat-lemon-flavor-disposable-vapes","13":"product_cat-mango-flavor-disposable-vapes","14":"product_cat-mint-flavor-disposable-vapes","15":"product_cat-mixed-berries-flavor-disposable-vapes","16":"product_cat-strawberry-flavor-disposable-vapes","17":"product_cat-watermelon-flavor-disposable-vapes","18":"product_cat-best-disposable-vape-in-europe","19":"product_cat-buy-disposable-vapes-in-austria","20":"product_cat-buy-disposable-vapes-in-belgium","21":"product_cat-buy-disposable-vapes-in-france","22":"product_cat-buy-disposable-vapes-in-germany","23":"product_cat-buy-disposable-vapes-in-italy","24":"product_cat-buy-disposable-vapes-in-netherlands","25":"product_cat-buy-disposable-vapes-in-norway","26":"product_cat-buy-disposable-vapes-in-poland","27":"product_cat-buy-disposable-vapes-in-portugal","28":"product_cat-buy-disposable-vapes-in-spain","29":"product_cat-buy-disposable-vapes-in-sweden","30":"product_cat-buy-disposable-vapes-in-switzerland","31":"product_cat-shop-disposable-vapes-by-puffs","32":"product_cat-10000-puff-disposable-vape","33":"product_cat-disposable-vape-types","34":"product_cat-big-puffs-disposable-vapes","35":"product_cat-lower-nicotine-disposable-vapes","36":"product_cat-rechargeable-disposable-vapes","38":"first","39":"outofstock","40":"shipping-taxable","41":"product-type-variable"},"_links":{"self":[{"href":"https:\/\/fumotxpress.de\/pt\/wp-json\/wp\/v2\/product\/877","targetHints":{"allow":["GET"]}}],"collection":[{"href":"https:\/\/fumotxpress.de\/pt\/wp-json\/wp\/v2\/product"}],"about":[{"href":"https:\/\/fumotxpress.de\/pt\/wp-json\/wp\/v2\/types\/product"}],"replies":[{"embeddable":true,"href":"https:\/\/fumotxpress.de\/pt\/wp-json\/wp\/v2\/comments?post=877"}],"wp:featuredmedia":[{"embeddable":true,"href":"https:\/\/fumotxpress.de\/pt\/wp-json\/wp\/v2\/media\/875"}],"wp:attachment":[{"href":"https:\/\/fumotxpress.de\/pt\/wp-json\/wp\/v2\/media?parent=877"}],"wp:term":[{"taxonomy":"product_brand","embeddable":true,"href":"https:\/\/fumotxpress.de\/pt\/wp-json\/wp\/v2\/product_brand?post=877"},{"taxonomy":"product_cat","embeddable":true,"href":"https:\/\/fumotxpress.de\/pt\/wp-json\/wp\/v2\/product_cat?post=877"},{"taxonomy":"product_tag","embeddable":true,"href":"https:\/\/fumotxpress.de\/pt\/wp-json\/wp\/v2\/product_tag?post=877"}],"curies":[{"name":"wp","href":"https:\/\/api.w.org\/{rel}","templated":true}]}}