{"id":52,"date":"2024-09-23T08:32:31","date_gmt":"2024-09-23T08:32:31","guid":{"rendered":"https:\/\/fumotxpress.de\/?post_type=product&#038;p=52"},"modified":"2025-07-13T13:10:35","modified_gmt":"2025-07-13T13:10:35","slug":"efervescente-otimo-10-000-baforadas-2-5-vaporizadores-descartaveis-recarregaveis-com-baixo-teor-de-nicotina-e-grama","status":"publish","type":"product","link":"https:\/\/fumotxpress.de\/pt\/produto\/efervescente-otimo-10-000-baforadas-2-5-vaporizadores-descartaveis-recarregaveis-com-baixo-teor-de-nicotina-e-grama\/","title":{"rendered":"Fizzy Great 10000 Puffs 2% 5% Baixo Nicotina GRAMM Bar Recarreg\u00e1vel Vapes Descart\u00e1veis"},"content":{"rendered":"<h2><strong>Vape Incompar\u00e1vel com o Fizzy Great 10000 Puffs Descart\u00e1vel Vape<\/strong><\/h2>\n<p>O<a href=\"https:\/\/fumotxpress.de\/pt\/produto\/efervescente-otimo-10-000-baforadas-2-5-vaporizadores-descartaveis-recarregaveis-com-baixo-teor-de-nicotina-e-grama\/\"> <strong>Fizzy Great 10000 Puffs<\/strong> Vape Descart\u00e1vel<\/a> Redefine os padr\u00f5es dos vaporizadores descart\u00e1veis com sua extensa contagem de puffs, conveni\u00eancia recarreg\u00e1vel e entrega superior de sabor. Combinando tecnologia de vaporiza\u00e7\u00e3o de ponta com um design compacto e elegante, este vaporizador descart\u00e1vel \u00e9 perfeito tanto para vapers novatos quanto experientes que buscam qualidade e facilidade. Cada dispositivo oferece op\u00e7\u00f5es de baixa nicotina entre 2% e 5%, atendendo aos usu\u00e1rios que buscam uma experi\u00eancia de vaporiza\u00e7\u00e3o personalizada com longevidade impressionante.<\/p>\n<p><strong>Dispon\u00edvel em FumotXpress.de<\/strong>, a maior plataforma de varejo online da Alemanha para vaporizadores descart\u00e1veis,<a href=\"https:\/\/fumotxpress.de\/pt\/\"> Fizzy<\/a> O Great \u00e9 enviado do nosso armaz\u00e9m europeu, garantindo entrega r\u00e1pida \u00e0 UE em 3-7 dias. O nosso site oferece uma pol\u00edtica de quantidade m\u00ednima de encomenda, permitindo que os nossos clientes encomendem apenas uma unidade ou mais para atender \u00e0s suas necessidades.<\/p>\n<p><img loading=\"lazy\" decoding=\"async\" class=\"alignnone size-full wp-image-190\" src=\"https:\/\/fumotxpress.de\/wp-content\/uploads\/2024\/09\/Fizzy-Great-10000-Puffs-2-5-Low-Nicotine-Rechargeable-Disposable-Vapes-scaled.jpg\" alt=\"Fizzy Great 10000 Puffs 2% 5% Baixo Nicotina Recarreg\u00e1vel Vapes Descart\u00e1veis.\" width=\"1810\" height=\"2560\" srcset=\"https:\/\/fumotxpress.de\/wp-content\/uploads\/2024\/09\/Fizzy-Great-10000-Puffs-2-5-Low-Nicotine-Rechargeable-Disposable-Vapes-scaled.jpg 1810w, https:\/\/fumotxpress.de\/wp-content\/uploads\/2024\/09\/Fizzy-Great-10000-Puffs-2-5-Low-Nicotine-Rechargeable-Disposable-Vapes-scaled-600x849.jpg 600w, https:\/\/fumotxpress.de\/wp-content\/uploads\/2024\/09\/Fizzy-Great-10000-Puffs-2-5-Low-Nicotine-Rechargeable-Disposable-Vapes-212x300.jpg 212w, https:\/\/fumotxpress.de\/wp-content\/uploads\/2024\/09\/Fizzy-Great-10000-Puffs-2-5-Low-Nicotine-Rechargeable-Disposable-Vapes-724x1024.jpg 724w, https:\/\/fumotxpress.de\/wp-content\/uploads\/2024\/09\/Fizzy-Great-10000-Puffs-2-5-Low-Nicotine-Rechargeable-Disposable-Vapes-768x1086.jpg 768w, https:\/\/fumotxpress.de\/wp-content\/uploads\/2024\/09\/Fizzy-Great-10000-Puffs-2-5-Low-Nicotine-Rechargeable-Disposable-Vapes-1086x1536.jpg 1086w, https:\/\/fumotxpress.de\/wp-content\/uploads\/2024\/09\/Fizzy-Great-10000-Puffs-2-5-Low-Nicotine-Rechargeable-Disposable-Vapes-1448x2048.jpg 1448w\" sizes=\"auto, (max-width: 1810px) 100vw, 1810px\" \/><\/p>\n<h3>Recursos que Diferenciam Fizzy Great<\/h3>\n<p>Os pacotes de vape descart\u00e1veis Fizzy Great possuem recursos premium, desde uma bateria recarreg\u00e1vel de alta capacidade at\u00e9 um sistema de bobina inovador. Aqui est\u00e1 o que o torna uma escolha superior:<\/p>\n<ul>\n<li><strong>At\u00e9 10.000 Puffs<\/strong>: Capacidade massiva projetada para uso prolongado, ideal para quem busca conveni\u00eancia duradoura.<\/li>\n<li><strong>Bateria Recarreg\u00e1vel 650mAh<\/strong>: A bateria recarreg\u00e1vel minimiza o desperd\u00edcio, prolongando a vida \u00fatil do dispositivo e maximizando o valor.<\/li>\n<li><strong>Capacidade de E-L\u00edquido 18ml<\/strong>: Garante um uso prolongado com reabastecimentos m\u00ednimos, perfeito para uma experi\u00eancia de vaporiza\u00e7\u00e3o sem preocupa\u00e7\u00f5es.<\/li>\n<li><strong>Tecnologia de Bobina de Malha<\/strong>: Bobina de malha avan\u00e7ada promove sabores ricos e encorpados a cada tragada, aprimorando o perfil de sabor.<\/li>\n<li><strong>Op\u00e7\u00f5es de Baixo Nicotina (2% e 5%)<\/strong>: Oferece for\u00e7a de nicotina personaliz\u00e1vel, permitindo que voc\u00ea escolha com base em sua prefer\u00eancia.<\/li>\n<li><strong>Compacto e Port\u00e1til<\/strong>: O design leve e dur\u00e1vel facilita o transporte para qualquer lugar, mantendo o prazer ao alcance em todos os momentos.<\/li>\n<li><strong>Design Ecol\u00f3gico<\/strong>: A tecnologia recarreg\u00e1vel reduz o desperd\u00edcio, tornando-a uma escolha ambientalmente consciente.<\/li>\n<\/ul>\n<p>Cada elemento do Fizzy Great 10000 Puffs Disposable Vape foi cuidadosamente elaborado para proporcionar uma experi\u00eancia de vaporiza\u00e7\u00e3o suave e agrad\u00e1vel. Com sua funcionalidade recarreg\u00e1vel e pot\u00eancia de longa dura\u00e7\u00e3o, ele se destaca como uma op\u00e7\u00e3o premium entre os vaporizadores descart\u00e1veis.<\/p>\n<h3>Uma Aventura Saborosa com Fizzy Great<\/h3>\n<p>O <strong>Fizzy Great 10000 Puffs Vape Descart\u00e1vel<\/strong> \u00e9 elaborado com uma variedade de sabores refrescantes que atendem a diversos paladares. Cada perfil de sabor \u00e9 rico e satisfat\u00f3rio, projetado para oferecer uma experi\u00eancia suave e completa, desde o primeiro puff at\u00e9 o \u00faltimo. Aqui est\u00e1 uma sele\u00e7\u00e3o atraente de sabores dispon\u00edveis com o Fizzy Great:<\/p>\n<ol>\n<li><strong>Limonada<\/strong>: Uma mistura brilhante e c\u00edtrica que traz um toque de ver\u00e3o a cada inala\u00e7\u00e3o.<\/li>\n<li><strong>Morango Mel\u00e3o de \u00c1gua<\/strong>: Morangos doces e melancia suculenta se unem em um emparelhamento perfeito.<\/li>\n<li><strong>Blueberry Ice<\/strong>Mirtilos maduros real\u00e7ados com um refrescante acabamento de mentol.<\/li>\n<li><strong>P\u00eassego Manga<\/strong>Uma mistura tropical de p\u00eassego e manga com um sabor rico e suave.<\/li>\n<li><strong>Cool Mint \nn\u00e3o, Mint Cool \nou \nMenta Gelada<\/strong>Sabor de menta cl\u00e1ssico, tanto refrescante quanto revigorante.<\/li>\n<li><strong>Mirtilos Mistos<\/strong>Uma mistura de bagas para um perfil equilibrado, \u00e1cido e doce.<\/li>\n<li><strong>Pineapple Ice<\/strong>: Sabor de abacaxi ex\u00f3tico com uma exala\u00e7\u00e3o refrescante para um toque tropical.<\/li>\n<li><strong>Gelo de Ma\u00e7\u00e3 Vermelha<\/strong>Sabor de ma\u00e7\u00e3 crocante complementado por um toque de mentol refrescante.<\/li>\n<li><strong>Morango Banana<\/strong>: Banana lisa e morangos frescos se combinam para uma mistura cremosa.<\/li>\n<li><strong>Aloe Uva<\/strong>: Sabor \u00fanico de aloe com um final doce de uva.<\/li>\n<\/ol>\n<p>Cada sabor oferece uma experi\u00eancia \u00fanica, elaborada para proporcionar satisfa\u00e7\u00e3o e prazer em cada tragada. Se voc\u00ea prefere algo frutado, mentolado ou tropical, a sele\u00e7\u00e3o do Fizzy Great tem algo para satisfazer todos os gostos.<\/p>\n<h3>Por que escolher FumotXpress.de?<\/h3>\n<p>As <strong>Principal plataforma online da Alemanha para vaporizadores descart\u00e1veis<\/strong>, FumotXpress.de oferece uma experi\u00eancia de compras sem igual. N\u00f3s temos em estoque uma variedade de marcas populares, incluindo Al Fakher, Fizzy, OBEELAB HHC, e SMPO DL02, com envio r\u00e1pido em toda a UE e sem requisitos m\u00ednimos de pedido.<\/p>\n<p>Aqui est\u00e1 por que comprar na FumotXpress.de \u00e9 a melhor escolha para vaporizadores descart\u00e1veis de alta qualidade:<\/p>\n<ul>\n<li><strong>Ampla Sele\u00e7\u00e3o<\/strong>: Desde canetas infundidas com HHC at\u00e9 descart\u00e1veis recarreg\u00e1veis, nossa cole\u00e7\u00e3o \u00e9 personalizada para atender a todas as prefer\u00eancias.<\/li>\n<li><strong>Entrega R\u00e1pida<\/strong>: Nosso armaz\u00e9m europeu garante que sua encomenda chegue em 3-7 dias em toda a UE.<\/li>\n<li><strong>Sem requisito de pedido m\u00ednimo<\/strong>: Pedido a partir de uma pe\u00e7a, permitindo uma experi\u00eancia de compras conveniente e flex\u00edvel.<\/li>\n<li><strong>Servi\u00e7o Excepcional ao Cliente<\/strong>Nossa equipe \u00e9 dedicada a garantir uma experi\u00eancia de compras perfeita e satisfat\u00f3ria do in\u00edcio ao fim.<\/li>\n<li><strong>Pre\u00e7os Competitivos<\/strong>Pre\u00e7os acess\u00edveis em produtos premium permitem que voc\u00ea desfrute de qualidade sem compromisso.<\/li>\n<\/ul>\n<p>Ao escolher FumotXpress.de, voc\u00ea pode explorar os melhores vaporizadores descart\u00e1veis dispon\u00edveis no mercado, entregues diretamente \u00e0 sua porta com a facilidade das compras online.<\/p>\n<h3>Por que o Fizzy Great 10000 Puffs \u00e9 Perfeito para Cada Vaper<\/h3>\n<p>O <strong>Fizzy Great 10000 Puffs<\/strong> O Disposable Vape combina o melhor da tecnologia moderna de vaporiza\u00e7\u00e3o com uma variedade de sabores agrad\u00e1veis e recursos f\u00e1ceis de usar. Sua longa dura\u00e7\u00e3o de tragadas, bateria recarreg\u00e1vel e op\u00e7\u00f5es de sabores ricos o tornam uma escolha excepcional, seja voc\u00ea um vaper casual ou um usu\u00e1rio di\u00e1rio. Com seu design elegante e constru\u00e7\u00e3o de qualidade, o Fizzy Great oferece a experi\u00eancia de vaporiza\u00e7\u00e3o definitiva.<\/p>\n<p>Visite <a href=\"https:\/\/fumotxpress.de\/pt\/\"><strong>FumotXpress.de<\/strong><\/a> Hoje para fazer o seu pedido para o<a href=\"https:\/\/fumotxpress.de\/pt\/\"> <strong>Fizzy Great 10000 Puffs<\/strong> <\/a>e desfrute da conveni\u00eancia de um vape descart\u00e1vel que oferece satisfa\u00e7\u00e3o duradoura e sabor robusto em cada tragada.<\/p>","protected":false},"excerpt":{"rendered":"<p>Descubra a experi\u00eancia duradoura e cheia de sabor de <strong>Fizzy Great 10000 Puffs Recarreg\u00e1vel Vape Descart\u00e1vel<\/strong>, agora dispon\u00edvel com entrega r\u00e1pida na UE em FumotXpress.de.<\/p>","protected":false},"featured_media":54,"comment_status":"open","ping_status":"closed","template":"","meta":{"om_disable_all_campaigns":false},"product_brand":[],"product_cat":[20,91,92,94,97,99,101,103,104,105,106,107,108,109,111,112,78,79,80,81,82,83,84,85,86,87,88,89,90,70,72,56,61,65,67],"product_tag":[],"class_list":{"0":"post-52","1":"product","2":"type-product","3":"status-publish","4":"has-post-thumbnail","6":"product_cat-fizzy-disposable-vapes","7":"product_cat-buy-best-disposable-vape-flavors","8":"product_cat-apple-flavor-disposable-vapes","9":"product_cat-blueberry-flavor-disposable-vapes","10":"product_cat-grape-flavor-disposable-vapes","11":"product_cat-ice-flavor-disposable-vapes","12":"product_cat-lemon-flavor-disposable-vapes","13":"product_cat-mango-flavor-disposable-vapes","14":"product_cat-mint-flavor-disposable-vapes","15":"product_cat-mixed-berries-flavor-disposable-vapes","16":"product_cat-passion-fruit-flavor-disposable-vapes","17":"product_cat-peach-flavor-disposable-vapes","18":"product_cat-pineapple-flavor-disposable-vapes","19":"product_cat-raspberry-flavor-disposable-vapes","20":"product_cat-strawberry-flavor-disposable-vapes","21":"product_cat-watermelon-flavor-disposable-vapes","22":"product_cat-best-disposable-vape-in-europe","23":"product_cat-buy-disposable-vapes-in-austria","24":"product_cat-buy-disposable-vapes-in-belgium","25":"product_cat-buy-disposable-vapes-in-france","26":"product_cat-buy-disposable-vapes-in-germany","27":"product_cat-buy-disposable-vapes-in-italy","28":"product_cat-buy-disposable-vapes-in-netherlands","29":"product_cat-buy-disposable-vapes-in-norway","30":"product_cat-buy-disposable-vapes-in-poland","31":"product_cat-buy-disposable-vapes-in-portugal","32":"product_cat-buy-disposable-vapes-in-spain","33":"product_cat-buy-disposable-vapes-in-sweden","34":"product_cat-buy-disposable-vapes-in-switzerland","35":"product_cat-shop-disposable-vapes-by-puffs","36":"product_cat-10000-puff-disposable-vape","37":"product_cat-disposable-vape-types","38":"product_cat-big-puffs-disposable-vapes","39":"product_cat-lower-nicotine-disposable-vapes","40":"product_cat-rechargeable-disposable-vapes","42":"first","43":"instock","44":"shipping-taxable","45":"purchasable","46":"product-type-variable"},"_links":{"self":[{"href":"https:\/\/fumotxpress.de\/pt\/wp-json\/wp\/v2\/product\/52","targetHints":{"allow":["GET"]}}],"collection":[{"href":"https:\/\/fumotxpress.de\/pt\/wp-json\/wp\/v2\/product"}],"about":[{"href":"https:\/\/fumotxpress.de\/pt\/wp-json\/wp\/v2\/types\/product"}],"replies":[{"embeddable":true,"href":"https:\/\/fumotxpress.de\/pt\/wp-json\/wp\/v2\/comments?post=52"}],"wp:featuredmedia":[{"embeddable":true,"href":"https:\/\/fumotxpress.de\/pt\/wp-json\/wp\/v2\/media\/54"}],"wp:attachment":[{"href":"https:\/\/fumotxpress.de\/pt\/wp-json\/wp\/v2\/media?parent=52"}],"wp:term":[{"taxonomy":"product_brand","embeddable":true,"href":"https:\/\/fumotxpress.de\/pt\/wp-json\/wp\/v2\/product_brand?post=52"},{"taxonomy":"product_cat","embeddable":true,"href":"https:\/\/fumotxpress.de\/pt\/wp-json\/wp\/v2\/product_cat?post=52"},{"taxonomy":"product_tag","embeddable":true,"href":"https:\/\/fumotxpress.de\/pt\/wp-json\/wp\/v2\/product_tag?post=52"}],"curies":[{"name":"wp","href":"https:\/\/api.w.org\/{rel}","templated":true}]}}