{"id":476,"date":"2024-10-23T08:42:47","date_gmt":"2024-10-23T08:42:47","guid":{"rendered":"https:\/\/fumotxpress.de\/?post_type=product&#038;p=476"},"modified":"2025-07-16T07:27:51","modified_gmt":"2025-07-16T07:27:51","slug":"al-fakher-coroa-barra-12000-zuege-einweg-e-zigarette-com-nikotin","status":"publish","type":"product","link":"https:\/\/fumotxpress.de\/pt\/produto\/al-fakher-coroa-barra-12000-zuege-einweg-e-zigarette-com-nikotin\/","title":{"rendered":"Dep\u00f3sito Europeu Al Fakher Crown Bar 12000 Puffs Hookah Integrado Onda Sonora Baixo Nikotina Compre Original Aut\u00eantico Vapes Pen Recarreg\u00e1vel Descart\u00e1vel"},"content":{"rendered":"<h2><strong>Armaz\u00e9m Europeu Al Fakher Crown Bar 12000 Puffs<\/strong> Caneta Vape Descart\u00e1vel Recarreg\u00e1vel Integrada Hookah Onda Sonora Baixo Nikotina Compre Original Aut\u00eantico<\/h2>\n<p>O <a href=\"https:\/\/fumotxpress.de\/pt\/produto\/al-fakher-coroa-barra-12000-zuege-einweg-e-zigarette-com-nikotin\/\">AL Fakher Crown Bar 12000 Puffs \n(assumindo que \"Puff\" \u00e9 \"Puffs\", um termo comum para esse tipo de produto)<\/a> Caneta Vape Descart\u00e1vel Recarreg\u00e1vel combina luxo e conveni\u00eancia para uma experi\u00eancia de vaporiza\u00e7\u00e3o incompar\u00e1vel. Com at\u00e9 12.000 tragadas, design elegante e bateria recarreg\u00e1vel potente de 550mAh, este vape descart\u00e1vel premium \u00e9 projetado para elevar seu prazer de vaporiza\u00e7\u00e3o. Com tecnologia inovadora de bobina de malha, tela digital intuitiva para n\u00edveis de bateria e \u00f3leo e porta de carregamento USB Tipo-C, o <a href=\"https:\/\/fumotxpress.de\/pt\/\">AL Fakher<\/a> Crown Bar oferece um tra\u00e7o impressionante e suave que captura a ess\u00eancia do shisha em cada inala\u00e7\u00e3o. Exclusivamente dispon\u00edvel em<a href=\"https:\/\/fumotxpress.de\/pt\/\"> FumotXpress.de<\/a>, o maior varejista online de vaporizadores descart\u00e1veis na Alemanha, garantimos entrega r\u00e1pida em toda a Europa em 3 a 7 dias a partir de nosso armaz\u00e9m europeu. Compre vaporizadores descart\u00e1veis Al Fakher aut\u00eanticos sem quantidade m\u00ednima de pedido, ideais para uso pessoal ou varejo.<\/p>\n<p><img loading=\"lazy\" decoding=\"async\" class=\"alignnone wp-image-484 size-full\" src=\"https:\/\/fumotxpress.de\/wp-content\/uploads\/2024\/10\/AL-Fakher-Crown-Bar-12000-Zuge-Einweg-E-Zigarette-Mit-Nikotin.webp\" alt=\"Al Fakher Crown Bar 12000 Puffs\" width=\"800\" height=\"980\" srcset=\"https:\/\/fumotxpress.de\/wp-content\/uploads\/2024\/10\/AL-Fakher-Crown-Bar-12000-Zuge-Einweg-E-Zigarette-Mit-Nikotin.webp 800w, https:\/\/fumotxpress.de\/wp-content\/uploads\/2024\/10\/AL-Fakher-Crown-Bar-12000-Zuge-Einweg-E-Zigarette-Mit-Nikotin-600x735.webp 600w, https:\/\/fumotxpress.de\/wp-content\/uploads\/2024\/10\/AL-Fakher-Crown-Bar-12000-Zuge-Einweg-E-Zigarette-Mit-Nikotin-245x300.webp 245w, https:\/\/fumotxpress.de\/wp-content\/uploads\/2024\/10\/AL-Fakher-Crown-Bar-12000-Zuge-Einweg-E-Zigarette-Mit-Nikotin-768x941.webp 768w\" sizes=\"auto, (max-width: 800px) 100vw, 800px\" \/><\/p>\n<p>&nbsp;<\/p>\n<h2>Al Fakher Crown Bar 12000 Puffs Caracter\u00edsticas do Produto<\/h2>\n<ul>\n<li><strong>Alta Contagem de Puffs:<\/strong> At\u00e9 12.000 puffs para um longo per\u00edodo de divers\u00e3o sem substitui\u00e7\u00f5es frequentes.<\/li>\n<li><strong>Bateria Recarreg\u00e1vel:<\/strong> Equipado com uma bateria recarreg\u00e1vel de 550mAh que suporta uso prolongado e mant\u00e9m desempenho consistente.<\/li>\n<li><strong>Tecnologia de Bobina de Malha:<\/strong> Bobina de malha de 0,6 ohm avan\u00e7ada para nuvens ricas e saborosas e tragadas suaves Direct-To-Lung (DTL).<\/li>\n<li><strong>Porta de Carregamento Tipo-C:<\/strong> Porta de carregamento Type-C conveniente para r\u00e1pido e confi\u00e1vel reabastecimento de energia.<\/li>\n<li><strong>Exibi\u00e7\u00e3o Digital:<\/strong> Visor LED claro que indica tanto os n\u00edveis de bateria quanto de \u00f3leo para evitar interrup\u00e7\u00f5es durante o uso.<\/li>\n<li><strong>Projeto \u00e0 Prova de Vazamentos:<\/strong> Constru\u00eddo com tecnologia anti-vazamento para garantir uma experi\u00eancia limpa e sem problemas.<\/li>\n<li><strong>Compacto e Leve:<\/strong> Designo port\u00e1til ideal para uso em movimento, ainda potente e eficaz.<\/li>\n<li><strong>Baixo teor de nicotina:<\/strong> Perfeito para usu\u00e1rios que procuram uma op\u00e7\u00e3o com menor teor de nicotina sem sacrificar o sabor e a qualidade do vapor.<\/li>\n<li><strong>Ilumina\u00e7\u00e3o RGB Vibrante:<\/strong> O recurso de luz RGB elegante \u00e9 ativado a cada tragada, criando um efeito atraente para um toque adicional de estilo.<\/li>\n<\/ul>\n<h2>Al Fakher Crown Bar 12000 Puffs Sabores \u00danicos: Um Guia Detalhado<\/h2>\n<p>O AL Fakher Crown Bar 12000 Puff vem em uma sele\u00e7\u00e3o de sabores vibrantes e refrescantes projetados para satisfazer prefer\u00eancias diversas. Aqui est\u00e1 uma vis\u00e3o mais pr\u00f3xima de cada sabor dispon\u00edvel:<\/p>\n<h3>1. <strong>Mirtilo Hortel\u00e3<\/strong><\/h3>\n<p>Uma mistura cl\u00e1ssica que equilibra harmoniosamente a do\u00e7ura de mirtilos maduros com um final refrescante de hortel\u00e3. Cada inala\u00e7\u00e3o traz \u00e0 frente o sabor natural dos mirtilos, enquanto a hortel\u00e3 deixa uma sensa\u00e7\u00e3o refrescante, perfeita para uma experi\u00eancia fresca e revigorante.<\/p>\n<h3>2. <strong>Manga Paix\u00e3o<\/strong><\/h3>\n<p>Essa del\u00edcia tropical combina a ess\u00eancia suculenta de mangos maduros com a sutileza \u00e1cida do maracuj\u00e1, criando um perfil rico e ex\u00f3tico. Ideal para vapers que apreciam sabores frutados que oferecem um toque de do\u00e7ura equilibrado por um toque de acidez.<\/p>\n<h3>3. <strong>Melancia Gelo<\/strong><\/h3>\n<p>Um favorito para o ver\u00e3o, Watermelon Ice entrega o sabor suculento e atraente de melancia com um tom gelado adicional, deixando uma sensa\u00e7\u00e3o refrescante que permanece em cada exala\u00e7\u00e3o. \u00c9 a escolha perfeita para um vape refrescante durante o dia todo.<\/p>\n<h3>4. <strong>Refrigerante de Uva<\/strong><\/h3>\n<p>Este sabor captura a ess\u00eancia efervescente e doce do refrigerante de uva, trazendo uma sensa\u00e7\u00e3o de nostalgia em cada tragada. O sabor ousado de uva \u00e9 suave e tem uma efervesc\u00eancia alegre que faz com que cada tragada se sinta como um tratamento carbonatado.<\/p>\n<h3>5. <strong>Morango Kiwi<\/strong><\/h3>\n<p>Um duo cl\u00e1ssico, Strawberry Kiwi combina a do\u00e7ura de morangos maduros com o toque ligeiramente \u00e1cido do kiwi. Juntos, eles criam um sabor frutado equilibrado, refrescante e satisfat\u00f3rio, \u00f3timo para desfrutar o dia todo.<\/p>\n<h3>6. <strong>Abacaxi Coco<\/strong><\/h3>\n<p>Inspirado por sabores tropicais, o Pineapple Coconut oferece um sabor cremoso e refrescante que o transporta para uma escapada \u00e0 beira-mar. As notas de abacaxi suculentas s\u00e3o suavizadas pelo coco cremoso, criando um perfil delicioso e bem equilibrado.<\/p>\n<h3>7. <strong>Cola Ice<\/strong><\/h3>\n<p>Para aqueles que apreciam sabores \u00fanicos e aventureiros, o Cola Ice traz o sabor reconhec\u00edvel de cola com uma reviravolta fresca e gelada. O perfil de sabor \u00e9 reminiscente de um refrigerante gelado em um dia quente, proporcionando uma sensa\u00e7\u00e3o refrescante e gaseificada a cada tragada.<\/p>\n<h3>8. <strong>An\u00e9is de P\u00eassego<\/strong><\/h3>\n<p>Este sabor inspirado em doces oferece o sabor doce e suculento de an\u00e9is de p\u00eassego em cada tragada. Perfeito para vapers com um dente doce, o sabor \u00e9 id\u00eantico ao do doce cl\u00e1ssico com um retrogosto suculento de p\u00eassego.<\/p>\n<h3>9. <strong>Mel\u00e3o Mentolado<\/strong><\/h3>\n<p>Uma sofisticada fus\u00e3o de hortel\u00e3 e mel\u00e3o, este sabor \u00e9 refrescante, por\u00e9m sutilmente doce. O mel\u00e3o traz uma base suculenta enquanto a hortel\u00e3 completa o perfil de sabor, ideal para quem prefere uma experi\u00eancia fresca e crocante.<\/p>\n<h3>10. <strong>Raspas de Lim\u00e3o<\/strong><\/h3>\n<p>Uma op\u00e7\u00e3o c\u00edtrica e revigorante, o Lemon Zest combina o tangente do lim\u00e3o com uma leve do\u00e7ura, proporcionando um perfil acentuado e refrescante que \u00e9 ao mesmo tempo apetitoso e vibrante.<\/p>\n<h3>11. <strong>Berry Blast<\/strong><\/h3>\n<p>Cheio dos sabores ricos e profundos de mirtilos misturados, Berry Blast oferece uma explos\u00e3o de bondade de mirtilo que \u00e9 doce, mas equilibrada pela acidez natural das frutas. Perfeito para entusiastas de mirtilos que amam um vape ousado e frutado.<\/p>\n<h3>12. <strong>Ma\u00e7\u00e3 Cranberry<\/strong><\/h3>\n<p>Uma mistura \u00fanica que equilibra a croc\u00e2ncia de ma\u00e7\u00e3s frescas com a picada \u00e1cida de cranberries, Apple Cranberry proporciona um sabor din\u00e2mico que \u00e9 ao mesmo tempo suculento e ligeiramente \u00e1cido, tornando-se um vape intrigante para o dia todo.<\/p>\n<h3>13. <strong>Creme de Baunilha<\/strong><\/h3>\n<p>Para uma experi\u00eancia mais indulgente, o Vanilla Custard oferece o sabor cremoso e rico de creme de baunilha em cada tragada. Suave, aveludado e ligeiramente doce, esse sabor \u00e9 perfeito para quem procura uma op\u00e7\u00e3o semelhante a sobremesa.<\/p>\n<h3>14. <strong>Fizz Laranja<\/strong><\/h3>\n<p>Uma reviravolta refrescante, o Orange Fizz combina o sabor c\u00edtrico e \u00e1cido da laranja com um tom efervescente, reminiscente de uma bebida de laranja gaseificada. Este sabor \u00e9 brilhante, alegre e deixa uma sensa\u00e7\u00e3o sutil e cintilante.<\/p>\n<h3>15. <strong>Punch Tropical<\/strong><\/h3>\n<p>Experimente a mistura de v\u00e1rias frutas tropicais, do abacaxi ao manga e muito mais, tudo embrulhado em um \u00fanico sabor impactante. \u00c9 ideal para quem quer um gostinho de tr\u00f3picos em cada tragada.<\/p>\n<h2>Por que escolher o Al Fakher Crown Bar 12000 Puffs?<\/h2>\n<p>Em<a href=\"https:\/\/fumotxpress.de\/pt\/\"> FumotXpress.de<\/a>Estamos comprometidos em fornecer os dispositivos de vaporiza\u00e7\u00e3o descart\u00e1veis de maior qualidade, com servi\u00e7o r\u00e1pido e confi\u00e1vel em todo o mercado europeu. Como a maior plataforma online de dispositivos de vaporiza\u00e7\u00e3o descart\u00e1veis na Alemanha, oferecemos uma ampla gama de marcas premium, incluindo AL Fakher, Fizzy, OBEELAB HHC e SMPO DL02. Nossos produtos s\u00e3o todos provenientes de nosso armaz\u00e9m europeu, garantindo entrega r\u00e1pida (em 3-7 dias) sem quantidade m\u00ednima de pedido.<\/p>\n<p>Com o nosso site f\u00e1cil de navegar e servi\u00e7o ao cliente excepcional, a FumotXpress.de torna a compra das suas marcas favoritas de vaporizadores descart\u00e1veis uma experi\u00eancia perfeita e satisfat\u00f3ria.<\/p>","protected":false},"excerpt":{"rendered":"<p>Compre o aut\u00eantico<strong> AL Fakher Crown Bar 12000 Puffs \nbecomes \nAL Fakher Crown Bar 12000 Puffs<\/strong> Caneta Vape Descart\u00e1vel Recarreg\u00e1vel no FumotXpress.de - oferecendo sabores premium, at\u00e9 12.000 tragadas e entrega r\u00e1pida na UE a partir do nosso armaz\u00e9m europeu.<\/p>","protected":false},"featured_media":478,"comment_status":"open","ping_status":"closed","template":"","meta":{"om_disable_all_campaigns":false},"product_brand":[],"product_cat":[16,91,92,93,94,95,96,97,99,100,101,102,103,104,105,106,107,108,111,112,78,79,80,81,82,83,84,85,86,87,88,89,90,70,73,56,61,63,65,67,68],"product_tag":[],"class_list":{"0":"post-476","1":"product","2":"type-product","3":"status-publish","4":"has-post-thumbnail","6":"product_cat-al-fakher-disposable-vapes","7":"product_cat-buy-best-disposable-vape-flavors","8":"product_cat-apple-flavor-disposable-vapes","9":"product_cat-blue-razz-flavor-disposable-vapes","10":"product_cat-blueberry-flavor-disposable-vapes","11":"product_cat-cherry-flavor-disposable-vapes","12":"product_cat-cola-flavor-disposable-vapes","13":"product_cat-grape-flavor-disposable-vapes","14":"product_cat-ice-flavor-disposable-vapes","15":"product_cat-kiwi-flavor-disposable-vapes","16":"product_cat-lemon-flavor-disposable-vapes","17":"product_cat-lush-flavor-disposable-vapes","18":"product_cat-mango-flavor-disposable-vapes","19":"product_cat-mint-flavor-disposable-vapes","20":"product_cat-mixed-berries-flavor-disposable-vapes","21":"product_cat-passion-fruit-flavor-disposable-vapes","22":"product_cat-peach-flavor-disposable-vapes","23":"product_cat-pineapple-flavor-disposable-vapes","24":"product_cat-strawberry-flavor-disposable-vapes","25":"product_cat-watermelon-flavor-disposable-vapes","26":"product_cat-best-disposable-vape-in-europe","27":"product_cat-buy-disposable-vapes-in-austria","28":"product_cat-buy-disposable-vapes-in-belgium","29":"product_cat-buy-disposable-vapes-in-france","30":"product_cat-buy-disposable-vapes-in-germany","31":"product_cat-buy-disposable-vapes-in-italy","32":"product_cat-buy-disposable-vapes-in-netherlands","33":"product_cat-buy-disposable-vapes-in-norway","34":"product_cat-buy-disposable-vapes-in-poland","35":"product_cat-buy-disposable-vapes-in-portugal","36":"product_cat-buy-disposable-vapes-in-spain","37":"product_cat-buy-disposable-vapes-in-sweden","38":"product_cat-buy-disposable-vapes-in-switzerland","39":"product_cat-shop-disposable-vapes-by-puffs","40":"product_cat-12000-puff-disposable-vape","41":"product_cat-disposable-vape-types","42":"product_cat-big-puffs-disposable-vapes","43":"product_cat-digital-box-disposable-vapes","44":"product_cat-lower-nicotine-disposable-vapes","45":"product_cat-rechargeable-disposable-vapes","46":"product_cat-shisha-hookah-disposable-vapes","48":"first","49":"outofstock","50":"shipping-taxable","51":"product-type-variable"},"_links":{"self":[{"href":"https:\/\/fumotxpress.de\/pt\/wp-json\/wp\/v2\/product\/476","targetHints":{"allow":["GET"]}}],"collection":[{"href":"https:\/\/fumotxpress.de\/pt\/wp-json\/wp\/v2\/product"}],"about":[{"href":"https:\/\/fumotxpress.de\/pt\/wp-json\/wp\/v2\/types\/product"}],"replies":[{"embeddable":true,"href":"https:\/\/fumotxpress.de\/pt\/wp-json\/wp\/v2\/comments?post=476"}],"wp:featuredmedia":[{"embeddable":true,"href":"https:\/\/fumotxpress.de\/pt\/wp-json\/wp\/v2\/media\/478"}],"wp:attachment":[{"href":"https:\/\/fumotxpress.de\/pt\/wp-json\/wp\/v2\/media?parent=476"}],"wp:term":[{"taxonomy":"product_brand","embeddable":true,"href":"https:\/\/fumotxpress.de\/pt\/wp-json\/wp\/v2\/product_brand?post=476"},{"taxonomy":"product_cat","embeddable":true,"href":"https:\/\/fumotxpress.de\/pt\/wp-json\/wp\/v2\/product_cat?post=476"},{"taxonomy":"product_tag","embeddable":true,"href":"https:\/\/fumotxpress.de\/pt\/wp-json\/wp\/v2\/product_tag?post=476"}],"curies":[{"name":"wp","href":"https:\/\/api.w.org\/{rel}","templated":true}]}}