{"id":4413,"date":"2025-07-25T05:07:59","date_gmt":"2025-07-25T05:07:59","guid":{"rendered":"https:\/\/fumotxpress.de\/?post_type=product&#038;p=4413"},"modified":"2025-07-26T04:49:24","modified_gmt":"2025-07-26T04:49:24","slug":"elfbar-combo-pro-30000-puffs-vape-descartavel","status":"publish","type":"product","link":"https:\/\/fumotxpress.de\/pt\/produto\/elfbar-combo-pro-30000-puffs-vape-descartavel\/","title":{"rendered":"ELFBAR Combo Pro 30000 Puffs Descart\u00e1vel Vape  Uma caixa (10PCS)"},"content":{"rendered":"<h2><strong>Detalhes:<\/strong>Die maximale Zuganzahl des\u00a0<strong>ELF Bar Combo Pro 30000<\/strong><\/h2>\n<p>consiste em 30000 tragadas. Este dispositivo inovador de vape de uso \u00fanico combina tr\u00eas sabores, dois modos e dois sistemas de fluxo de ar em um dispositivo, proporcionando uma experi\u00eancia de vaporiza\u00e7\u00e3o incompar\u00e1vel. Isso \u00e9 conseguido atrav\u00e9s do uso de conceitos de design e t\u00e9cnicas de fabrica\u00e7\u00e3o de ponta. O design de fluxo de ar duplo e a combina\u00e7\u00e3o de sabores do ELF Bar Combo Pro 30000 s\u00e3o seus pontos fortes. O interruptor combo permite tr\u00eas variantes do Combo Pro 30000. Cada uma das tr\u00eas posi\u00e7\u00f5es do interruptor - lateral e central - representa um modo de sabor diferente. Ambos os lados do interruptor combo s\u00e3o ajust\u00e1veis.<\/p>\n<p><strong>Dados t\u00e9cnicos:<\/strong><br \/>\n700 mAh bateria<br \/>\n17 ml de capacidade<br \/>\n5 1\/3 St\u00e4rke<br \/>\nAt\u00e9 30.000 trens<br \/>\nSistema de fluxo de ar duplo<br \/>\nExibir<br \/>\nTipo-C<\/p>\n<p><strong>O pacote inclui:<\/strong><br \/>\n1 pe\u00e7a* Kit descart\u00e1vel ELF Bar Combo Pro 30000<\/p>\n<p><img decoding=\"async\" src=\"https:\/\/fumotxpress.de\/wp-content\/uploads\/2025\/07\/1750413917740.png\" alt=\"\" \/><\/p>","protected":false},"excerpt":{"rendered":"<p>700 mAh bateria<br \/>\n17 ml de capacidade<br \/>\n5 1\/3 St\u00e4rke<br \/>\nAt\u00e9 30.000 trens<br \/>\nSistema de fluxo de ar duplo<br \/>\nExibir<br \/>\nTipo-C<\/p>","protected":false},"featured_media":4414,"comment_status":"open","ping_status":"closed","template":"","meta":{"om_disable_all_campaigns":false},"product_brand":[],"product_cat":[130],"product_tag":[],"class_list":{"0":"post-4413","1":"product","2":"type-product","3":"status-publish","4":"has-post-thumbnail","6":"product_cat-elfbar-combo-pro-30000-puffs","8":"first","9":"instock","10":"shipping-taxable","11":"purchasable","12":"product-type-variable"},"_links":{"self":[{"href":"https:\/\/fumotxpress.de\/pt\/wp-json\/wp\/v2\/product\/4413","targetHints":{"allow":["GET"]}}],"collection":[{"href":"https:\/\/fumotxpress.de\/pt\/wp-json\/wp\/v2\/product"}],"about":[{"href":"https:\/\/fumotxpress.de\/pt\/wp-json\/wp\/v2\/types\/product"}],"replies":[{"embeddable":true,"href":"https:\/\/fumotxpress.de\/pt\/wp-json\/wp\/v2\/comments?post=4413"}],"wp:featuredmedia":[{"embeddable":true,"href":"https:\/\/fumotxpress.de\/pt\/wp-json\/wp\/v2\/media\/4414"}],"wp:attachment":[{"href":"https:\/\/fumotxpress.de\/pt\/wp-json\/wp\/v2\/media?parent=4413"}],"wp:term":[{"taxonomy":"product_brand","embeddable":true,"href":"https:\/\/fumotxpress.de\/pt\/wp-json\/wp\/v2\/product_brand?post=4413"},{"taxonomy":"product_cat","embeddable":true,"href":"https:\/\/fumotxpress.de\/pt\/wp-json\/wp\/v2\/product_cat?post=4413"},{"taxonomy":"product_tag","embeddable":true,"href":"https:\/\/fumotxpress.de\/pt\/wp-json\/wp\/v2\/product_tag?post=4413"}],"curies":[{"name":"wp","href":"https:\/\/api.w.org\/{rel}","templated":true}]}}