{"id":4175,"date":"2025-07-20T05:14:13","date_gmt":"2025-07-20T05:14:13","guid":{"rendered":"https:\/\/fumotxpress.de\/?post_type=product&#038;p=4175"},"modified":"2025-07-20T05:18:14","modified_gmt":"2025-07-20T05:18:14","slug":"adalya-adl-16k-puffs-pro-vape-descartavel-e-cigs-2-nicotina-forte-por-atacado-uma-caixa-10pcs","status":"publish","type":"product","link":"https:\/\/fumotxpress.de\/pt\/produto\/adalya-adl-16k-puffs-pro-vape-descartavel-e-cigs-2-nicotina-forte-por-atacado-uma-caixa-10pcs\/","title":{"rendered":"ADALYA ADL 16K puffs Pro Descart\u00e1vel Vape E cigs 2% Nicotina Forte Atacado uma caixa (10PCS)"},"content":{"rendered":"<p><img loading=\"lazy\" decoding=\"async\" class=\"alignnone size-full wp-image-4176\" src=\"https:\/\/fumotxpress.de\/wp-content\/uploads\/2025\/07\/Adalya16kpuffs-3.webp\" alt=\"\" width=\"959\" height=\"547\" srcset=\"https:\/\/fumotxpress.de\/wp-content\/uploads\/2025\/07\/Adalya16kpuffs-3.webp 959w, https:\/\/fumotxpress.de\/wp-content\/uploads\/2025\/07\/Adalya16kpuffs-3-300x171.webp 300w, https:\/\/fumotxpress.de\/wp-content\/uploads\/2025\/07\/Adalya16kpuffs-3-768x438.webp 768w, https:\/\/fumotxpress.de\/wp-content\/uploads\/2025\/07\/Adalya16kpuffs-3-18x10.webp 18w, https:\/\/fumotxpress.de\/wp-content\/uploads\/2025\/07\/Adalya16kpuffs-3-600x342.webp 600w\" sizes=\"auto, (max-width: 959px) 100vw, 959px\" \/><\/p>\n<p><strong><b>Especifica\u00e7\u00f5es<\/b><\/strong><\/p>\n<ul>\n<li>Capacidade de Puff: At\u00e9 16000 puffs<\/li>\n<li>Estilo de Pulveriza\u00e7\u00e3o: DTL (Direto-Ao-Pulm\u00e3o)<\/li>\n<li>Conte\u00fado de nicotina: 20mg (2%)<\/li>\n<li>Seguran\u00e7a: Bot\u00e3o de bloqueio<\/li>\n<li>Tipo de fluxo de ar: tiragem ajust\u00e1vel<\/li>\n<li>Resist\u00eancia da bobina: 0,6 Ohm<\/li>\n<li>Constru\u00e7\u00e3o da bobina: Resist\u00eancia da bobina<\/li>\n<li>Fluxo de ar ajust\u00e1vel<\/li>\n<li>Volume de e-l\u00edquido: 25 ml<\/li>\n<li>Capacidade da bateria: 850 mAh<\/li>\n<li>Carregamento: Porta C<\/li>\n<li>Tipo de Bateria: Recarreg\u00e1vel<\/li>\n<li>Resistente a vazamentos<\/li>\n<li>Visor digital mostrando o n\u00edvel da bateria e do \u00f3leo<\/li>\n<li>Nenhuma manuten\u00e7\u00e3o necess\u00e1ria<\/li>\n<\/ul>\n<p>&nbsp;<\/p>\n<p><strong><b>Principais Raz\u00f5es para Comprar<\/b><\/strong><\/p>\n<ul>\n<li>Frete gr\u00e1tis<\/li>\n<li>Garantia p\u00f3s-venda<\/li>\n<li>Pagamento seguro<\/li>\n<li>Entrega porta a porta em todo o mundo<\/li>\n<li>Desembara\u00e7o aduaneiro e seguro<\/li>\n<li>Rastreamento online<\/li>\n<li>Atendimento ao cliente online 24h<\/li>\n<\/ul>","protected":false},"excerpt":{"rendered":"<ul>\n<li>Capacidade de Puff: At\u00e9 16000 puffs<\/li>\n<li>Estilo de Pulveriza\u00e7\u00e3o: DTL (Direto-Ao-Pulm\u00e3o)<\/li>\n<li>Conte\u00fado de nicotina: 20mg (2%)<\/li>\n<\/ul>","protected":false},"featured_media":4177,"comment_status":"open","ping_status":"closed","template":"","meta":{"om_disable_all_campaigns":false},"product_brand":[],"product_cat":[126],"product_tag":[],"class_list":{"0":"post-4175","1":"product","2":"type-product","3":"status-publish","4":"has-post-thumbnail","6":"product_cat-adalya-adl-16k-puffs-pro","8":"first","9":"instock","10":"shipping-taxable","11":"purchasable","12":"product-type-variable"},"_links":{"self":[{"href":"https:\/\/fumotxpress.de\/pt\/wp-json\/wp\/v2\/product\/4175","targetHints":{"allow":["GET"]}}],"collection":[{"href":"https:\/\/fumotxpress.de\/pt\/wp-json\/wp\/v2\/product"}],"about":[{"href":"https:\/\/fumotxpress.de\/pt\/wp-json\/wp\/v2\/types\/product"}],"replies":[{"embeddable":true,"href":"https:\/\/fumotxpress.de\/pt\/wp-json\/wp\/v2\/comments?post=4175"}],"wp:featuredmedia":[{"embeddable":true,"href":"https:\/\/fumotxpress.de\/pt\/wp-json\/wp\/v2\/media\/4177"}],"wp:attachment":[{"href":"https:\/\/fumotxpress.de\/pt\/wp-json\/wp\/v2\/media?parent=4175"}],"wp:term":[{"taxonomy":"product_brand","embeddable":true,"href":"https:\/\/fumotxpress.de\/pt\/wp-json\/wp\/v2\/product_brand?post=4175"},{"taxonomy":"product_cat","embeddable":true,"href":"https:\/\/fumotxpress.de\/pt\/wp-json\/wp\/v2\/product_cat?post=4175"},{"taxonomy":"product_tag","embeddable":true,"href":"https:\/\/fumotxpress.de\/pt\/wp-json\/wp\/v2\/product_tag?post=4175"}],"curies":[{"name":"wp","href":"https:\/\/api.w.org\/{rel}","templated":true}]}}