{"id":4109,"date":"2025-07-17T06:54:16","date_gmt":"2025-07-17T06:54:16","guid":{"rendered":"https:\/\/fumotxpress.de\/?post_type=product&#038;p=4109"},"modified":"2025-08-07T15:46:01","modified_gmt":"2025-08-07T15:46:01","slug":"fumot-leopard-40k-40000-puffs-vape-descartavel-por-atacado","status":"publish","type":"product","link":"https:\/\/fumotxpress.de\/pt\/produto\/fumot-leopard-40k-40000-puffs-vape-descartavel-por-atacado\/","title":{"rendered":"Fumot Leopard 40000 Puffs Vape Descart\u00e1vel por Atacado"},"content":{"rendered":"<p>O\u00a0<a title=\"Fumot\" href=\"https:\/\/www.vape4wholesale.com\/product_brand\/fumot\" target=\"_blank\" rel=\"noopener\">Fumot<\/a>\u00a0Leopard 40K \u00e9 um vape descart\u00e1vel de alta capacidade que oferece at\u00e9 40.000 puffs. Projetado com bobinas de dupla malha e uma concha externa transparente, ele apresenta uma ilustra\u00e7\u00e3o de leopardo ousada que adiciona um toque visual \u00fanico. O indicador LED embutido n\u00e3o apenas mostra os n\u00edveis de e-l\u00edquido e bateria, mas tamb\u00e9m oferece efeitos de ilumina\u00e7\u00e3o vibrantes. O Leopard 40K est\u00e1 dispon\u00edvel em 25 sabores e oferece 4 op\u00e7\u00f5es de intensidade de nicotina para atender a uma variedade de prefer\u00eancias.<\/p>\n<p>O Dual Mesh Vape utiliza um elemento de aquecimento com duas camadas de material em malha, criando uma \u00e1rea de superf\u00edcie maior para o e-l\u00edquido entrar em contato e aquecer uniformemente. Isso resulta em um sabor mais suave e satisfat\u00f3rio, bem como um sabor mais est\u00e1vel ao longo da vida do vape.<\/p>\n<p>O display do Leopard 40k tamb\u00e9m mostra a pot\u00eancia e o n\u00edvel de e-l\u00edquido! O n\u00famero \u00e0 esquerda (acima do s\u00edmbolo de gota d'\u00e1gua) representa a quantidade de e-l\u00edquido atualmente restante no dispositivo, e o n\u00famero \u00e0 direita (acima do s\u00edmbolo da bateria) representa o status de pot\u00eancia atual do dispositivo.<\/p>\n<p>O Leopard 40K possui uma concha transparente cristalina que mostra brilhantemente sua impressionante ilustra\u00e7\u00e3o de leopardo em todos os detalhes. Cada linha, cor e express\u00e3o da obra de arte ganha vida, criando uma declara\u00e7\u00e3o visual ousada que o diferencia de designs de vape comuns.<\/p>\n<p>USB-C ou USB Tipo-C \u00e9 o mais recente padr\u00e3o universal para conex\u00e3o com fio de dispositivos inteligentes. \u00c9 o sucessor de padr\u00f5es mais antigos, como Micro-USB e USB-A, que ainda s\u00e3o comuns, mas est\u00e3o rapidamente desaparecendo. A bateria embutida de 700 mAh \u00e9 recarreg\u00e1vel, ent\u00e3o voc\u00ea n\u00e3o ficar\u00e1 preso com baterias descart\u00e1veis esgotadas at\u00e9 que o e-l\u00edquido acabe.<\/p>\n<h2><strong>Fumot Leopard 40K Puffs Vape Descart\u00e1vel Detalhes R\u00e1pidos<\/strong><\/h2>\n<ul>\n<li>\n<p class=\"ds-markdown-paragraph\"><strong>For\u00e7a da Nicotina:<\/strong> 2% (20mg)<\/p>\n<\/li>\n<li>\n<p class=\"ds-markdown-paragraph\"><strong>Bateria:<\/strong>\u00a0700mAh Recarreg\u00e1vel (USB Tipo-C)<\/p>\n<\/li>\n<li>\n<p class=\"ds-markdown-paragraph\"><strong>Contagem de Puffs:<\/strong>\u00a0At\u00e9\u00a0<strong>40.000 puffs<\/strong><\/p>\n<\/li>\n<li>\n<p class=\"ds-markdown-paragraph\"><strong>Tecnologia de Bobina:<\/strong>\u00a0<strong>Bobina de Dupla Malha<\/strong>\u00a0para um sabor mais rico<\/p>\n<\/li>\n<li>\n<p class=\"ds-markdown-paragraph\"><strong>Sabores:<\/strong>\u00a0<strong>16 op\u00e7\u00f5es premium<\/strong><\/p>\n<\/li>\n<li>\n<p class=\"ds-markdown-paragraph\"><strong>Exibir:<\/strong>\u00a0<strong>Tela HD<\/strong>\u00a0(indicadores de e-l\u00edquido e bateria)<\/p>\n<\/li>\n<\/ul>\n<h2><strong>Sabores Dispon\u00edveis<\/strong><\/h2>\n<ol>\n<li>Mirtilos Mistos<\/li>\n<li>Mirtilo Amora<\/li>\n<li>Morango Mel\u00e3o de \u00c1gua<\/li>\n<li>Sorvete de Morango<\/li>\n<li>Cherry Ice<\/li>\n<li>Melancia Gelo<\/li>\n<li>Kiwi Maracuj\u00e1 Goiaba<\/li>\n<li>Dr Blue<\/li>\n<li>Mirtilo sobre gelo<\/li>\n<li>Mirtilo P\u00eassego<\/li>\n<li>Limonada Rosa<\/li>\n<li>Morango Banana<\/li>\n<li>Goma de Mascar Watermelon<\/li>\n<li>P\u00eassego Manga Abacaxi<\/li>\n<li>Drag\u00e3o Negro Gelo<\/li>\n<li>Mirtilo Cereja Cranberry<\/li>\n<\/ol>\n<figure id=\"attachment_23232\" class=\"wp-caption alignnone\" aria-describedby=\"caption-attachment-23232\"><img loading=\"lazy\" decoding=\"async\" class=\"size-full wp-image-23232\" title=\"Fumot Leopard 40K 40000 Puffs Vape Descart\u00e1vel\" src=\"https:\/\/fumotxpress.de\/wp-content\/uploads\/2025\/07\/Fumot-Leopard-40K-40000-Puffs-Disposable-Vape-scaled.webp\" sizes=\"auto, (max-width: 2560px) 100vw, 2560px\" srcset=\"https:\/\/fumotxpress.de\/wp-content\/uploads\/2025\/07\/Fumot-Leopard-40K-40000-Puffs-Disposable-Vape-scaled.webp 2560w, https:\/\/fumotxpress.de\/wp-content\/uploads\/2025\/07\/Fumot-Leopard-40K-40000-Puffs-Disposable-Vape-300x180.webp 300w, https:\/\/fumotxpress.de\/wp-content\/uploads\/2025\/07\/Fumot-Leopard-40K-40000-Puffs-Disposable-Vape-1024x614.webp 1024w, https:\/\/fumotxpress.de\/wp-content\/uploads\/2025\/07\/Fumot-Leopard-40K-40000-Puffs-Disposable-Vape-768x461.webp 768w, https:\/\/fumotxpress.de\/wp-content\/uploads\/2025\/07\/Fumot-Leopard-40K-40000-Puffs-Disposable-Vape-1536x922.webp 1536w, https:\/\/fumotxpress.de\/wp-content\/uploads\/2025\/07\/Fumot-Leopard-40K-40000-Puffs-Disposable-Vape-2048x1229.webp 2048w, https:\/\/fumotxpress.de\/wp-content\/uploads\/2025\/07\/Fumot-Leopard-40K-40000-Puffs-Disposable-Vape-18x12.webp 18w, https:\/\/fumotxpress.de\/wp-content\/uploads\/2025\/07\/Fumot-Leopard-40K-40000-Puffs-Disposable-Vape-510x306.webp 510w, https:\/\/fumotxpress.de\/wp-content\/uploads\/2025\/07\/Fumot-Leopard-40K-40000-Puffs-Disposable-Vape-64x38.webp 64w\" alt=\"Fumot Leopard 40K 40000 Puffs Vape Descart\u00e1vel\" width=\"2560\" height=\"1536\" \/><figcaption id=\"caption-attachment-23232\" class=\"wp-caption-text\">Fumot Leopard 40K 40000 Puffs Vape Descart\u00e1vel<\/figcaption><\/figure>\n<h2>POR QUE N\u00d3S?<\/h2>\n<ul>\n<li>Fonte de vape real, confi\u00e1vel e profissional.<\/li>\n<li>100% Garantia Genu\u00edna: N\u00f3s somente fornecemos produtos originais e genu\u00ednos, recusamos a falsifica\u00e7\u00e3o.<\/li>\n<li>Garantia de Entrega 100%: Utilizamos o melhor m\u00e9todo de envio para garantir que voc\u00ea receba o pedido 100%.<\/li>\n<li>Fornecemos o n\u00famero de rastreamento e o r\u00f3tulo de envio ap\u00f3s a expedi\u00e7\u00e3o e rastreamos os produtos para voc\u00ea at\u00e9 que voc\u00ea os assine.<\/li>\n<li>Sem problemas alfandeg\u00e1rios, sem tarifas<\/li>\n<\/ul>","protected":false},"excerpt":{"rendered":"<ul>\n<li>\n<p class=\"ds-markdown-paragraph\"><strong>For\u00e7a da Nicotina:<\/strong> 2% (20mg)<\/p>\n<\/li>\n<li>\n<h4 class=\"ds-markdown-paragraph\"><strong>Bateria:<\/strong>\u00a0700mAh Recarreg\u00e1vel (USB Tipo-C)<\/h4>\n<\/li>\n<\/ul>","protected":false},"featured_media":4110,"comment_status":"open","ping_status":"closed","template":"","meta":{"om_disable_all_campaigns":false},"product_brand":[],"product_cat":[24,123],"product_tag":[],"class_list":{"0":"post-4109","1":"product","2":"type-product","3":"status-publish","4":"has-post-thumbnail","6":"product_cat-fumot-tornado-disposable-vapes","7":"product_cat-fumot-leopard-40k-40000-puffs","9":"first","10":"instock","11":"shipping-taxable","12":"purchasable","13":"product-type-variable"},"_links":{"self":[{"href":"https:\/\/fumotxpress.de\/pt\/wp-json\/wp\/v2\/product\/4109","targetHints":{"allow":["GET"]}}],"collection":[{"href":"https:\/\/fumotxpress.de\/pt\/wp-json\/wp\/v2\/product"}],"about":[{"href":"https:\/\/fumotxpress.de\/pt\/wp-json\/wp\/v2\/types\/product"}],"replies":[{"embeddable":true,"href":"https:\/\/fumotxpress.de\/pt\/wp-json\/wp\/v2\/comments?post=4109"}],"wp:featuredmedia":[{"embeddable":true,"href":"https:\/\/fumotxpress.de\/pt\/wp-json\/wp\/v2\/media\/4110"}],"wp:attachment":[{"href":"https:\/\/fumotxpress.de\/pt\/wp-json\/wp\/v2\/media?parent=4109"}],"wp:term":[{"taxonomy":"product_brand","embeddable":true,"href":"https:\/\/fumotxpress.de\/pt\/wp-json\/wp\/v2\/product_brand?post=4109"},{"taxonomy":"product_cat","embeddable":true,"href":"https:\/\/fumotxpress.de\/pt\/wp-json\/wp\/v2\/product_cat?post=4109"},{"taxonomy":"product_tag","embeddable":true,"href":"https:\/\/fumotxpress.de\/pt\/wp-json\/wp\/v2\/product_tag?post=4109"}],"curies":[{"name":"wp","href":"https:\/\/api.w.org\/{rel}","templated":true}]}}