{"id":3713,"date":"2025-04-11T12:41:26","date_gmt":"2025-04-11T12:41:26","guid":{"rendered":"https:\/\/fumotxpress.de\/?post_type=product&#038;p=3713"},"modified":"2025-05-20T09:51:56","modified_gmt":"2025-05-20T09:51:56","slug":"request-failed-with-status-code-574","status":"publish","type":"product","link":"https:\/\/fumotxpress.de\/pt\/produto\/request-failed-with-status-code-574\/","title":{"rendered":"Dep\u00f3sito Europeu Fumot RandM Tornado 7000 Puffs Baixo Nicotina Compre Original Aut\u00eantico Vapes Pen Recarreg\u00e1vel Descart\u00e1vel"},"content":{"rendered":"<h1 class=\"\" data-start=\"0\" data-end=\"81\"><a href=\"https:\/\/fumotxpress.de\/pt\/\">FUMOT RandM Tornado 7000 Puffs Vape Descart\u00e1vel<\/a> \u2013 A Experi\u00eancia de Vapeagem Definitiva<\/h1>\n<div style=\"width: 1020px;\" class=\"wp-video\"><!--[if lt IE 9]><script>document.createElement('video');<\/script><![endif]-->\n<video class=\"wp-video-shortcode\" id=\"video-3713-1\" width=\"1020\" height=\"574\" preload=\"metadata\" controls=\"controls\"><source type=\"video\/mp4\" src=\"https:\/\/fumotxpress.de\/wp-content\/uploads\/2025\/04\/AQOLfTyix6axaeO6TzluAYl6Rgo7NvU7N2qWjsiurqiQkUiM7ncEfMbEHWZKEcD4zPZgte2F6yGG9ZsX7hkJlXhH.mp4?_=1\" \/><a href=\"https:\/\/fumotxpress.de\/wp-content\/uploads\/2025\/04\/AQOLfTyix6axaeO6TzluAYl6Rgo7NvU7N2qWjsiurqiQkUiM7ncEfMbEHWZKEcD4zPZgte2F6yGG9ZsX7hkJlXhH.mp4\">https:\/\/fumotxpress.de\/wp-content\/uploads\/2025\/04\/AQOLfTyix6axaeO6TzluAYl6Rgo7NvU7N2qWjsiurqiQkUiM7ncEfMbEHWZKEcD4zPZgte2F6yGG9ZsX7hkJlXhH.mp4<\/a><\/video><\/div>\n<p class=\"\" data-start=\"83\" data-end=\"669\"><strong data-start=\"83\" data-end=\"118\">Liberando a Inova\u00e7\u00e3o no Vaping<\/strong><br data-start=\"118\" data-end=\"121\" \/>O FUMOT RandM Tornado 7000 Puffs Descart\u00e1vel Vape \u00e9 uma verdadeira revolu\u00e7\u00e3o no mundo do vaping. Projetado para aqueles que valorizam tanto o alto desempenho quanto o estilo, este caneta vape descart\u00e1vel redefine o padr\u00e3o. Se voc\u00ea \u00e9 um vaper experiente ou um rec\u00e9m-chegado, o Tornado 7000 promete uma experi\u00eancia excepcional que combina tecnologia poderosa com est\u00e9tica moderna. Dispon\u00edvel exclusivamente em <strong data-start=\"512\" data-end=\"530\">FumotXpress.de<\/strong>, a maior plataforma de varejo online para vaporizadores descart\u00e1veis na Alemanha, este produto \u00e9 sua porta de entrada para a melhor experi\u00eancia de vaporiza\u00e7\u00e3o na Europa.<\/p>\n<p class=\"\" data-start=\"671\" data-end=\"1145\">Criado com meticulosa aten\u00e7\u00e3o aos detalhes, o FUMOT RandM Tornado 7000 n\u00e3o \u00e9 apenas mais uma caneta vape descart\u00e1vel - \u00e9 uma fus\u00e3o de qualidade superior, alta capacidade e personaliza\u00e7\u00e3o personalizada. Com um design inspirado em grafite, ilumina\u00e7\u00e3o RGB e uma constru\u00e7\u00e3o elegante e ergon\u00f4mica, o Tornado 7000 \u00e9 t\u00e3o visualmente atraente quanto funcional. Perfeito para quem busca conveni\u00eancia, desempenho e uma ampla gama de sabores, este dispositivo foi projetado para superar as expectativas.<\/p>\n<p class=\"\" data-start=\"1147\" data-end=\"1444\"><strong data-start=\"1147\" data-end=\"1190\">Dispon\u00edvel exclusivamente no FumotXpress.de<\/strong>nossa pol\u00edtica de n\u00e3o haver pedido m\u00ednimo garante que compradores individuais e grupos de varejo possam acessar o Tornado 7000. Com envio r\u00e1pido e confi\u00e1vel de nossos <strong data-start=\"1341\" data-end=\"1363\">Armaz\u00e9m europeu<\/strong>, \u00e9 esperado que seu pedido chegue em at\u00e9 3-7 dias, n\u00e3o importa onde voc\u00ea esteja na UE.<\/p>\n<hr class=\"\" data-start=\"1446\" data-end=\"1449\" \/>\n<h2 class=\"\" data-start=\"1451\" data-end=\"1494\">Por que escolher o FUMOT<a href=\"https:\/\/fumotxpress.de\/pt\/\"> RandM Tornado 7000<\/a>?<\/h2>\n<p class=\"\" data-start=\"1496\" data-end=\"1631\">O FUMOT RandM Tornado 7000 \u00e9 mais do que apenas um vape descart\u00e1vel - \u00e9 uma declara\u00e7\u00e3o. Aqui est\u00e1 por que ele se destaca no mercado de vape lotado:<\/p>\n<h3 class=\"\" data-start=\"1633\" data-end=\"1672\"><strong data-start=\"1637\" data-end=\"1670\">Principais Recursos e Especifica\u00e7\u00f5es<\/strong><\/h3>\n<ul data-start=\"1674\" data-end=\"3283\">\n<li class=\"\" data-start=\"1674\" data-end=\"1870\">\n<p class=\"\" data-start=\"1676\" data-end=\"1870\"><strong data-start=\"1676\" data-end=\"1701\">7000 Puffs Por Dispositivo<\/strong>: Perfeito para uso a longo prazo, o Tornado 7000 oferece at\u00e9 <strong data-start=\"1760\" data-end=\"1774\">7000 puffs<\/strong> por dispositivo, proporcionando uma experi\u00eancia de vaporiza\u00e7\u00e3o prolongada sem a necessidade de substitui\u00e7\u00f5es constantes.<\/p>\n<\/li>\n<li class=\"\" data-start=\"1874\" data-end=\"2051\">\n<p class=\"\" data-start=\"1876\" data-end=\"2051\"><strong data-start=\"1876\" data-end=\"1902\">Capacidade de E-l\u00edquido 14ml<\/strong>: Pr\u00e9-preenchido com <strong data-start=\"1920\" data-end=\"1948\">e-l\u00edquido de alta qualidade<\/strong>, o Tornado 7000 oferece uma generosa capacidade de 14ml, garantindo uma satisfa\u00e7\u00e3o duradoura a cada tragada.<\/p>\n<\/li>\n<li class=\"\" data-start=\"2055\" data-end=\"2235\">\n<p class=\"\" data-start=\"2057\" data-end=\"2235\"><strong data-start=\"2057\" data-end=\"2092\">For\u00e7as de Nicotina Personaliz\u00e1veis<\/strong>: Escolha entre <strong data-start=\"2106\" data-end=\"2136\">0%, 2%, 3% ou 5% nicotina<\/strong> Op\u00e7\u00f5es para atender \u00e0s suas prefer\u00eancias pessoais, permitindo que voc\u00ea adapte a experi\u00eancia \u00e0s suas necessidades.<\/p>\n<\/li>\n<li class=\"\" data-start=\"2239\" data-end=\"2414\">\n<p class=\"\" data-start=\"2241\" data-end=\"2414\"><strong data-start=\"2241\" data-end=\"2284\">Bateria Recarreg\u00e1vel Integrada de 1000mAh<\/strong>: Apresentando um <strong data-start=\"2298\" data-end=\"2326\">Bateria recarreg\u00e1vel por USB<\/strong>, o Tornado 7000 permite que voc\u00ea aproveite seu dispositivo at\u00e9 a \u00faltima gota de e-l\u00edquido.<\/p>\n<\/li>\n<li class=\"\" data-start=\"2418\" data-end=\"2602\">\n<p class=\"\" data-start=\"2420\" data-end=\"2602\"><strong data-start=\"2420\" data-end=\"2449\">Sistema de Fluxo de Ar Ajust\u00e1vel<\/strong>: O <strong data-start=\"2455\" data-end=\"2477\">fluxo de ar ajust\u00e1vel<\/strong> O recurso permite personalizar sua tragada, seja voc\u00ea preferindo uma tragada mais apertada e controlada ou uma mais a\u00e9rea e aberta.<\/p>\n<\/li>\n<li class=\"\" data-start=\"2606\" data-end=\"2761\">\n<p class=\"\" data-start=\"2608\" data-end=\"2761\"><strong data-start=\"2608\" data-end=\"2632\">Tecnologia de Bobina de Malha<\/strong>: O Tornado 7000 usa <strong data-start=\"2656\" data-end=\"2680\">tecnologia de bobina de malha<\/strong>, garantindo vapores mais suaves, tragadas mais limpas e sabores mais intensos a cada tragada.<\/p>\n<\/li>\n<li class=\"\" data-start=\"2765\" data-end=\"2922\">\n<p class=\"\" data-start=\"2767\" data-end=\"2922\"><strong data-start=\"2767\" data-end=\"2787\">Design Ergon\u00f4mico<\/strong>: Equipado com um <strong data-start=\"2805\" data-end=\"2843\">boca de borracha macia, adequada para alimentos<\/strong>, esta caneta vape garante uma experi\u00eancia de inala\u00e7\u00e3o confort\u00e1vel e premium todas as vezes.<\/p>\n<\/li>\n<li class=\"\" data-start=\"2926\" data-end=\"3089\">\n<p class=\"\" data-start=\"2928\" data-end=\"3089\"><strong data-start=\"2928\" data-end=\"2949\">Exibi\u00e7\u00e3o de Luz RGB<\/strong>: Adicionando um toque visual, o <strong data-start=\"2978\" data-end=\"3007\">Visor de luz RGB de 6 cores<\/strong> torna o Tornado 7000 um dispositivo que chama a aten\u00e7\u00e3o, iluminando-se a cada tragada.<\/p>\n<\/li>\n<li class=\"\" data-start=\"3093\" data-end=\"3283\">\n<p class=\"\" data-start=\"3095\" data-end=\"3283\"><strong data-start=\"3095\" data-end=\"3121\">Embalagem Pronta para Varejo<\/strong>Ideal para varejistas, o Tornado 7000 vem em <strong data-start=\"3170\" data-end=\"3195\">Caixas de exibi\u00e7\u00e3o de 10 unidades<\/strong> e <strong data-start=\"3200\" data-end=\"3224\">240 unidades por caixa<\/strong>, tornando-o o produto perfeito para pedidos de varejo e atacado.<\/p>\n<\/li>\n<\/ul>\n<hr class=\"\" data-start=\"3285\" data-end=\"3288\" \/>\n<h2 class=\"\" data-start=\"3290\" data-end=\"3356\">Experi\u00eancia de Sabor \u2013 20 Perfis Diversos para Satisfazer Todos os Paladares<\/h2>\n<p class=\"\" data-start=\"3358\" data-end=\"3735\">Uma das principais atra\u00e7\u00f5es do FUMOT RandM Tornado 7000 \u00e9 sua impressionante sele\u00e7\u00e3o de <strong data-start=\"3448\" data-end=\"3481\">20 sabores deliciosos e din\u00e2micos<\/strong>Seja voc\u00ea um apreciador de misturas frutadas, refrescantes gelados ou del\u00edcias inspiradas em sobremesas, o Tornado 7000 tem algo para agradar a todos os vapers. Abaixo est\u00e1 a lista completa de sabores dispon\u00edveis, cada um cuidadosamente elaborado para proporcionar uma experi\u00eancia de vaporiza\u00e7\u00e3o inesquec\u00edvel:<\/p>\n<h3 class=\"\" data-start=\"3737\" data-end=\"3766\"><strong data-start=\"3741\" data-end=\"3764\">Sorvete de Groselha Preta<\/strong><\/h3>\n<p class=\"\" data-start=\"3767\" data-end=\"3903\">Uma explos\u00e3o n\u00edtida e ousada de groselha preta, perfeitamente equilibrada com um final refrescante de mentol. Ideal para amantes de frutas que apreciam um frescor revigorante.<\/p>\n<h3 class=\"\" data-start=\"3905\" data-end=\"3925\"><strong data-start=\"3909\" data-end=\"3923\">2. Picol\u00e9<\/strong><\/h3>\n<p class=\"\" data-start=\"3926\" data-end=\"4062\">Uma mistura nost\u00e1lgica de sabores de picol\u00e9 frutado que o transporta de volta para o ver\u00e3o. O sabor refrescante de mentol no final \u00e9 a cereja do bolo.<\/p>\n<h3 class=\"\" data-start=\"4064\" data-end=\"4095\"><strong data-start=\"4068\" data-end=\"4093\">3. Bluesour Framboesa<\/strong><\/h3>\n<p class=\"\" data-start=\"4096\" data-end=\"4213\">Uma fus\u00e3o de framboesa azul \u00e1cida com um toque c\u00edtrico que intriga as papilas gustativas. Um equil\u00edbrio perfeito de doce e \u00e1cido.<\/p>\n<h3 class=\"\" data-start=\"4215\" data-end=\"4245\"><strong data-start=\"4219\" data-end=\"4243\">4. Apple Berry Blast \nn\u00e3o necessita de tradu\u00e7\u00e3o, mas se fosse:\n4. Explos\u00e3o de Ma\u00e7\u00e3 e Mirtilo<\/strong><\/h3>\n<p class=\"\" data-start=\"4246\" data-end=\"4355\">Uma mistura doce e suculenta de ma\u00e7\u00e3s maduras combinadas com uma mistura de frutas vermelhas silvestres para um sabor refrescante e equilibrado.<\/p>\n<h3 class=\"\" data-start=\"4357\" data-end=\"4376\"><strong data-start=\"4361\" data-end=\"4374\">5. Cereja<\/strong><\/h3>\n<p class=\"\" data-start=\"4377\" data-end=\"4500\">Sabor de cereja puro e doce com a quantidade certa de acidez. Simples, por\u00e9m satisfat\u00f3rio, este sabor \u00e9 um cl\u00e1ssico atemporal.<\/p>\n<h3 class=\"\" data-start=\"4502\" data-end=\"4529\"><strong data-start=\"4506\" data-end=\"4527\">6. Pacific Cooler<\/strong><\/h3>\n<p class=\"\" data-start=\"4530\" data-end=\"4659\">Um ponche tropical de abacaxi, manga e c\u00edtrico, tudo envolvido em uma brisa refrescante de mentol. Uma experi\u00eancia verdadeiramente ex\u00f3tica e refrescante.<\/p>\n<h3 class=\"\" data-start=\"4661\" data-end=\"4688\"><strong data-start=\"4665\" data-end=\"4686\">7. Suco de Lim\u00e3o com Morango<\/strong><\/h3>\n<p class=\"\" data-start=\"4689\" data-end=\"4798\">Uma mistura perfeita de frutas vermelhas maduras e limonada azeda, criando uma mistura doce e \u00e1cida que refresca a cada tragada.<\/p>\n<h3 class=\"\" data-start=\"4800\" data-end=\"4824\"><strong data-start=\"4804\" data-end=\"4822\">8. Sangue de Tigre<\/strong><\/h3>\n<p class=\"\" data-start=\"4825\" data-end=\"4936\">Uma mistura ex\u00f3tica de morango, melancia e coco, oferecendo um sabor feroz e ousado que faz uma declara\u00e7\u00e3o.<\/p>\n<h3 class=\"\" data-start=\"4938\" data-end=\"4958\"><strong data-start=\"4942\" data-end=\"4956\">9. Sr. Azul<\/strong><\/h3>\n<p class=\"\" data-start=\"4959\" data-end=\"5075\">Uma combina\u00e7\u00e3o misteriosa de frutas vermelhas e mentol, com um toque de do\u00e7ura que adiciona uma reviravolta refrescante \u00e0 experi\u00eancia.<\/p>\n<h3 class=\"\" data-start=\"5077\" data-end=\"5105\"><strong data-start=\"5081\" data-end=\"5103\">10. Gelo de Energia Vermelha<\/strong><\/h3>\n<p class=\"\" data-start=\"5106\" data-end=\"5254\">Inspirado em bebidas energ\u00e9ticas, este sabor proporciona uma explos\u00e3o energizante com um toque refrescante e fresco de mentol. Perfeito para quem precisa de um impulso.<\/p>\n<h3 class=\"\" data-start=\"5256\" data-end=\"5283\"><strong data-start=\"5260\" data-end=\"5281\">11. Sorvete de Ma\u00e7\u00e3 Vermelha<\/strong><\/h3>\n<p class=\"\" data-start=\"5284\" data-end=\"5415\">Sabor de ma\u00e7\u00e3 vermelha crocante complementado por um toque refrescante de mentol. Um vape delicioso e crocante que refresca a cada inala\u00e7\u00e3o.<\/p>\n<h3 class=\"\" data-start=\"5417\" data-end=\"5457\"><strong data-start=\"5421\" data-end=\"5455\">Mirtilo Cereja Cranberry<\/strong><\/h3>\n<p class=\"\" data-start=\"5458\" data-end=\"5587\">Uma trifecta de frutas \u2014 mirtilo, cereja e cranberry \u2014 reunindo-se para proporcionar uma experi\u00eancia doce, \u00e1cida e picante em uma tragada.<\/p>\n<h3 class=\"\" data-start=\"5589\" data-end=\"5619\"><strong data-start=\"5593\" data-end=\"5617\">13. Blue Razz Cherry<\/strong><\/h3>\n<p class=\"\" data-start=\"5620\" data-end=\"5737\">Sabor de framboesa azul vibrante fundido com cereja suculenta para uma experi\u00eancia \u00e1cida-doce que certamente agradar\u00e1 ao seu paladar.<\/p>\n<h3 class=\"\" data-start=\"5739\" data-end=\"5762\"><strong data-start=\"5743\" data-end=\"5760\">14. Sabor Uva Gelado<\/strong><\/h3>\n<p class=\"\" data-start=\"5763\" data-end=\"5857\">Sabor de uva doce e intenso, em camadas com mentol gelado para uma experi\u00eancia de vape completa e refrescante.<\/p>\n<h3 class=\"\" data-start=\"5859\" data-end=\"5882\"><strong data-start=\"5863\" data-end=\"5880\">15. Manga Sorvete<\/strong><\/h3>\n<p class=\"\" data-start=\"5883\" data-end=\"5989\">Sabor de manga tropical ex\u00f3tico complementado por uma exala\u00e7\u00e3o refrescante de mentol. A combina\u00e7\u00e3o final de frutas e frescor.<\/p>\n<h3 class=\"\" data-start=\"5991\" data-end=\"6021\"><strong data-start=\"5995\" data-end=\"6019\">16. Batido de Leite de Banana<\/strong><\/h3>\n<p class=\"\" data-start=\"6022\" data-end=\"6157\">Um sabor de sobremesa de banana cremosa e sonhadora que parece se entregar a um milkshake rico. Perfeito para uma experi\u00eancia de vaporiza\u00e7\u00e3o doce e suave.<\/p>\n<h3 class=\"\" data-start=\"6159\" data-end=\"6194\"><strong data-start=\"6163\" data-end=\"6192\">17. Morango Mel\u00e3o<\/strong><\/h3>\n<p class=\"\" data-start=\"6195\" data-end=\"6325\">Uma mistura suculenta e refrescante de frutas de ver\u00e3o, combinando morango doce e melancia para um vape frutado ideal para dias quentes.<\/p>\n<h3 class=\"\" data-start=\"6327\" data-end=\"6350\"><strong data-start=\"6331\" data-end=\"6348\">18. P\u00eassego Gelo<\/strong><\/h3>\n<p class=\"\" data-start=\"6351\" data-end=\"6461\">Sabor de p\u00eassego delicado com um final refrescante de mentol. Doce e suave, com a quantidade certa de frescor.<\/p>\n<h3 class=\"\" data-start=\"6463\" data-end=\"6493\"><strong data-start=\"6467\" data-end=\"6491\">19. Mirtilo no Gelo<\/strong><\/h3>\n<p class=\"\" data-start=\"6494\" data-end=\"6595\">Mirtilos suculentos combinados com uma refrescante brisa de mentol, proporcionando uma experi\u00eancia de vaporiza\u00e7\u00e3o extremamente fresca.<\/p>\n<h3 class=\"\" data-start=\"6597\" data-end=\"6624\"><strong data-start=\"6601\" data-end=\"6622\">20. Limonada Rosa<\/strong><\/h3>\n<p class=\"\" data-start=\"6625\" data-end=\"6733\">Uma mistura c\u00edtrica rosa picante com sabores \u00e1cidos e doces que criam uma experi\u00eancia de vape \u00fanica e caracter\u00edstica.<\/p>\n<hr class=\"\" data-start=\"6735\" data-end=\"6738\" \/>\n<h2 class=\"\" data-start=\"6740\" data-end=\"6787\">Quem Deve Comprar o FUMOT RandM Tornado 7000?<\/h2>\n<p class=\"\" data-start=\"6789\" data-end=\"7119\">O <strong data-start=\"6793\" data-end=\"6821\">FUMOT RandM Tornado 7000<\/strong> \u00e9 projetado tanto para vapers experientes quanto para iniciantes. Se voc\u00ea valoriza alto desempenho, facilidade de uso e uma ampla variedade de sabores, este dispositivo \u00e9 a escolha perfeita. Seja voc\u00ea um vaper individual ou um varejista que busca oferecer aos seus clientes vaporizadores descart\u00e1veis de alta qualidade, o Tornado 7000 entrega.<\/p>\n<p class=\"\" data-start=\"7121\" data-end=\"7420\">Para os varejistas, <strong data-start=\"7136\" data-end=\"7154\">FumotXpress.de<\/strong> oferece op\u00e7\u00f5es de compra flex\u00edveis com <strong data-start=\"7195\" data-end=\"7215\">sem pedido m\u00ednimo<\/strong>. Se voc\u00ea precisar de apenas uma unidade ou desejar comprar em grandes quantidades, estamos aqui para ajudar. Envio r\u00e1pido e confi\u00e1vel diretamente de nossos <strong data-start=\"7337\" data-end=\"7359\">Armaz\u00e9m europeu<\/strong> garante que seus produtos cheguem prontamente, em 3-7 dias.<\/p>\n<hr class=\"\" data-start=\"7422\" data-end=\"7425\" \/>\n<h2 class=\"\" data-start=\"7427\" data-end=\"7457\">Por que comprar na FumotXpress.de?<\/h2>\n<p class=\"\" data-start=\"7459\" data-end=\"7651\">Em <strong data-start=\"7462\" data-end=\"7480\">FumotXpress.de<\/strong>, orgulhamo-nos de oferecer os melhores vaporizadores descart\u00e1veis de marcas l\u00edderes como <strong data-start=\"7560\" data-end=\"7604\"><a href=\"https:\/\/fumotxpress.de\/pt\/\">FUMOT,<\/a> Al Fakher, OBEELAB HHC, SMPO DL02<\/strong>, e muito mais. Aqui est\u00e1 o porqu\u00ea voc\u00ea deve comprar conosco:<\/p>\n<ul data-start=\"7653\" data-end=\"7994\">\n<li class=\"\" data-start=\"7653\" data-end=\"7710\">\n<p class=\"\" data-start=\"7655\" data-end=\"7710\"><strong data-start=\"7655\" data-end=\"7708\">Maior Varejista Online de Vapes Descart\u00e1veis da Alemanha<\/strong><\/p>\n<\/li>\n<li class=\"\" data-start=\"7711\" data-end=\"7784\">\n<p class=\"\" data-start=\"7713\" data-end=\"7784\"><strong data-start=\"7713\" data-end=\"7732\">Marcas Principais Apenas<\/strong> \u2013 FUMOT, Al Fakher, OBEELAB HHC, Fizzy, e mais.<\/p>\n<\/li>\n<li class=\"\" data-start=\"7785\" data-end=\"7840\">\n<p class=\"\" data-start=\"7787\" data-end=\"7840\"><strong data-start=\"7787\" data-end=\"7807\">Sem Pedido M\u00ednimo<\/strong> \u2013 Compre a partir de uma unidade.<\/p>\n<\/li>\n<li class=\"\" data-start=\"7841\" data-end=\"7921\">\n<p class=\"\" data-start=\"7843\" data-end=\"7921\"><strong data-start=\"7843\" data-end=\"7864\">Envio R\u00e1pido para a UE<\/strong> \u2013 Entrega r\u00e1pida e confi\u00e1vel a partir do nosso armaz\u00e9m europeu.<\/p>\n<\/li>\n<li class=\"\" data-start=\"7922\" data-end=\"7994\">\n<p class=\"\" data-start=\"7924\" data-end=\"7994\"><strong data-start=\"7924\" data-end=\"7949\">Compromisso com a Qualidade<\/strong> \u2013 Vendemos apenas produtos originais e aut\u00eanticos.<\/p>\n<\/li>\n<\/ul>\n<hr class=\"\" data-start=\"7996\" data-end=\"7999\" \/>\n<h2 class=\"\" data-start=\"8001\" data-end=\"8008\">Perguntas Frequentes<\/h2>\n<p class=\"\" data-start=\"8010\" data-end=\"8218\"><strong data-start=\"8010\" data-end=\"8075\">N\u00e3o, o FUMOT RandM Tornado 7000 \u00e9 um vape descart\u00e1vel.<\/strong><br data-start=\"8075\" data-end=\"8078\" \/>Sim, o Tornado 7000 possui um <strong data-start=\"8111\" data-end=\"8143\">Bateria recarreg\u00e1vel de 1000mAh<\/strong> que pode ser carregado via USB, garantindo que voc\u00ea obtenha o m\u00e1ximo do seu dispositivo.<\/p>\n<p class=\"\" data-start=\"8220\" data-end=\"8375\"><strong data-start=\"8220\" data-end=\"8259\">Quais n\u00edveis de nicotina est\u00e3o dispon\u00edveis?<\/strong><br data-start=\"8259\" data-end=\"8262\" \/>O Tornado 7000 oferece <strong data-start=\"8286\" data-end=\"8317\">0%, 2%, 3% e 5% nicotina<\/strong> op\u00e7\u00f5es, para que voc\u00ea possa selecionar o n\u00edvel que melhor se adapta a voc\u00ea.<\/p>\n<p class=\"\" data-start=\"8377\" data-end=\"8521\"><strong data-start=\"8377\" data-end=\"8412\">\u00c9 adequado para iniciantes?<\/strong><br data-start=\"8412\" data-end=\"8415\" \/>Absolutamente! O Tornado 7000 \u00e9 incrivelmente f\u00e1cil de usar - simplesmente desembale, carregue (se necess\u00e1rio) e comece a vaporizar.<\/p>\n<p class=\"\" data-start=\"8523\" data-end=\"8659\"><strong data-start=\"8523\" data-end=\"8558\">Quantas sabores est\u00e3o dispon\u00edveis?<\/strong><br data-start=\"8558\" data-end=\"8561\" \/>O Tornado 7000 vem com <strong data-start=\"8589\" data-end=\"8613\">20 sabores deliciosos<\/strong>variando de mentolas refrescantes a misturas frutadas.<\/p>\n<p class=\"\" data-start=\"8661\" data-end=\"8790\"><strong data-start=\"8661\" data-end=\"8697\">FumotXpress.de<\/strong><br data-start=\"8697\" data-end=\"8700\" \/>Operamos a partir da Alemanha e enviamos por toda a UE, diretamente de nossos <strong data-start=\"8766\" data-end=\"8788\">Armaz\u00e9m europeu<\/strong>.<\/p>\n<hr class=\"\" data-start=\"8792\" data-end=\"8795\" \/>\n<p class=\"\" data-start=\"8797\" data-end=\"8894\"><strong data-start=\"8797\" data-end=\"8827\">Compre agora em<a href=\"https:\/\/fumotxpress.de\/pt\/\"> FumotXpress.de<\/a><\/strong> e eleve sua experi\u00eancia de vaporiza\u00e7\u00e3o com o **FUMOT RandM Tornado**<\/p>","protected":false},"excerpt":{"rendered":"<p>Compre o FUMOT RandM Tornado 7000 Puffs Vape Descart\u00e1vel em FumotXpress.de. Desfrute de at\u00e9 7000 puffs, op\u00e7\u00f5es de nicotina personaliz\u00e1veis e uma ampla variedade de sabores premium. Envio r\u00e1pido pela UE do nosso armaz\u00e9m europeu!<\/p>","protected":false},"featured_media":3737,"comment_status":"open","ping_status":"closed","template":"","meta":{"om_disable_all_campaigns":false},"product_brand":[],"product_cat":[24],"product_tag":[],"class_list":{"0":"post-3713","1":"product","2":"type-product","3":"status-publish","4":"has-post-thumbnail","6":"product_cat-fumot-tornado-disposable-vapes","8":"first","9":"instock","10":"shipping-taxable","11":"purchasable","12":"product-type-variable"},"_links":{"self":[{"href":"https:\/\/fumotxpress.de\/pt\/wp-json\/wp\/v2\/product\/3713","targetHints":{"allow":["GET"]}}],"collection":[{"href":"https:\/\/fumotxpress.de\/pt\/wp-json\/wp\/v2\/product"}],"about":[{"href":"https:\/\/fumotxpress.de\/pt\/wp-json\/wp\/v2\/types\/product"}],"replies":[{"embeddable":true,"href":"https:\/\/fumotxpress.de\/pt\/wp-json\/wp\/v2\/comments?post=3713"}],"wp:featuredmedia":[{"embeddable":true,"href":"https:\/\/fumotxpress.de\/pt\/wp-json\/wp\/v2\/media\/3737"}],"wp:attachment":[{"href":"https:\/\/fumotxpress.de\/pt\/wp-json\/wp\/v2\/media?parent=3713"}],"wp:term":[{"taxonomy":"product_brand","embeddable":true,"href":"https:\/\/fumotxpress.de\/pt\/wp-json\/wp\/v2\/product_brand?post=3713"},{"taxonomy":"product_cat","embeddable":true,"href":"https:\/\/fumotxpress.de\/pt\/wp-json\/wp\/v2\/product_cat?post=3713"},{"taxonomy":"product_tag","embeddable":true,"href":"https:\/\/fumotxpress.de\/pt\/wp-json\/wp\/v2\/product_tag?post=3713"}],"curies":[{"name":"wp","href":"https:\/\/api.w.org\/{rel}","templated":true}]}}