{"id":3598,"date":"2025-04-02T13:57:30","date_gmt":"2025-04-02T13:57:30","guid":{"rendered":"https:\/\/fumotxpress.de\/?post_type=product&#038;p=3598"},"modified":"2025-12-23T11:48:07","modified_gmt":"2025-12-23T11:48:07","slug":"request-failed-with-status-code-564","status":"publish","type":"product","link":"https:\/\/fumotxpress.de\/pt\/produto\/request-failed-with-status-code-564\/","title":{"rendered":"Nexa Ultra 800mAh 20ml (40000 Puffs) Nicotina Compre Original Aut\u00eantico Caneta Vape Descart\u00e1vel Recarreg\u00e1vel"},"content":{"rendered":"<h1 class=\"\" data-start=\"0\" data-end=\"111\"><strong data-start=\"2\" data-end=\"109\"><a href=\"https:\/\/fumotxpress.de\/pt\/\">Nexa Ultra 800mAh 20ml (40.000 Puffs)<\/a> Caneta Vape Descart\u00e1vel Recarreg\u00e1vel \u2013 A Experi\u00eancia de Vapeo Definitiva<\/strong><\/h1>\n<div style=\"width: 640px;\" class=\"wp-video\"><!--[if lt IE 9]><script>document.createElement('video');<\/script><![endif]-->\n<video class=\"wp-video-shortcode\" id=\"video-3598-1\" width=\"640\" height=\"360\" preload=\"metadata\" controls=\"controls\"><source type=\"video\/mp4\" src=\"https:\/\/fumotxpress.de\/wp-content\/uploads\/2025\/04\/nexa-vape.mp4?_=1\" \/><a href=\"https:\/\/fumotxpress.de\/wp-content\/uploads\/2025\/04\/nexa-vape.mp4\">https:\/\/fumotxpress.de\/wp-content\/uploads\/2025\/04\/nexa-vape.mp4<\/a><\/video><\/div>\n<p class=\"\" data-start=\"113\" data-end=\"644\">O <strong data-start=\"117\" data-end=\"191\">Caneta Vape Descart\u00e1vel Recarreg\u00e1vel Nexa Ultra 800mAh 20ml (40.000 Puffs)<\/strong> \u00e9 um dispositivo de pr\u00f3xima gera\u00e7\u00e3o projetado para vapers que exigem longevidade, desempenho e personaliza\u00e7\u00e3o. Equipado com <strong data-start=\"306\" data-end=\"329\">tecnologia avan\u00e7ada<\/strong>, isto <strong data-start=\"336\" data-end=\"358\">vape de alta capacidade<\/strong> ofertas <strong data-start=\"366\" data-end=\"395\">configura\u00e7\u00f5es de pot\u00eancia ajust\u00e1veis<\/strong>, um <strong data-start=\"399\" data-end=\"424\">Tanque de l\u00edquido vis\u00edvel<\/strong>e <strong data-start=\"430\" data-end=\"464\">uma sele\u00e7\u00e3o premium de sabores<\/strong>\u2014tudo dentro de um design elegante e dur\u00e1vel. Se voc\u00ea est\u00e1 procurando por uma produ\u00e7\u00e3o de vapor intensa ou uma contagem de puffs prolongada, o Nexa Ultra tem a flexibilidade para se adaptar ao seu estilo de vaporiza\u00e7\u00e3o.<\/p>\n<hr class=\"\" data-start=\"646\" data-end=\"649\" \/>\n<h2 class=\"\" data-start=\"651\" data-end=\"712\"><strong data-start=\"654\" data-end=\"710\">Desempenho Inigual\u00e1vel com Modos de Pot\u00eancia Ajust\u00e1veis<\/strong><\/h2>\n<p class=\"\" data-start=\"714\" data-end=\"841\">Ao contr\u00e1rio dos vapes descart\u00e1veis padr\u00e3o, o <strong data-start=\"752\" data-end=\"766\"><a href=\"https:\/\/fumotxpress.de\/pt\/\">Nexa<\/a> Ultra<\/strong> \u00e9 projetado para personaliza\u00e7\u00e3o com seus <strong data-start=\"808\" data-end=\"838\">dois modos de pot\u00eancia ajust\u00e1veis<\/strong>:<\/p>\n<ul data-start=\"842\" data-end=\"1097\">\n<li class=\"\" data-start=\"842\" data-end=\"984\">\n<p class=\"\" data-start=\"844\" data-end=\"984\"><strong data-start=\"844\" data-end=\"874\">Modo Normal (40.000 Puffs)<\/strong> \u2013 Otimizado para longevidade, proporcionando um sabor consistente e uma experi\u00eancia satisfat\u00f3ria durante um per\u00edodo prolongado.<\/p>\n<\/li>\n<li class=\"\" data-start=\"985\" data-end=\"1097\">\n<p class=\"\" data-start=\"987\" data-end=\"1097\"><strong data-start=\"987\" data-end=\"1016\">Modo Turbo (25.000 Puffs)<\/strong> \u2013 Aumenta a pot\u00eancia para uma produ\u00e7\u00e3o de vapor aprimorada e uma entrega de sabor mais intensa.<\/p>\n<\/li>\n<\/ul>\n<p class=\"\" data-start=\"1099\" data-end=\"1361\">Este <strong data-start=\"1104\" data-end=\"1131\">sistema de pot\u00eancia ajust\u00e1vel<\/strong> permite que voc\u00ea <strong data-start=\"1146\" data-end=\"1189\">alternar entre efici\u00eancia e intensidade<\/strong>, atendendo tanto a vapers casuais quanto experientes. Se voc\u00ea preferir uma sess\u00e3o de vaporiza\u00e7\u00e3o prolongada e constante ou uma tragada mais potente e ousada, o Nexa Ultra se adapta \u00e0s suas necessidades.<\/p>\n<hr class=\"\" data-start=\"1363\" data-end=\"1366\" \/>\n<h2 class=\"\" data-start=\"1368\" data-end=\"1429\"><strong data-start=\"1371\" data-end=\"1427\">Recursos Inovadores para uma Experi\u00eancia de Vape Suave<\/strong><\/h2>\n<p class=\"\" data-start=\"1431\" data-end=\"1526\">Cada detalhe do <strong data-start=\"1451\" data-end=\"1465\">Nexa Ultra<\/strong> \u00e9 projetado para conveni\u00eancia, efici\u00eancia e satisfa\u00e7\u00e3o.<\/p>\n<ul data-start=\"1528\" data-end=\"2540\">\n<li class=\"\" data-start=\"1528\" data-end=\"1637\">\n<p class=\"\" data-start=\"1530\" data-end=\"1637\"><strong data-start=\"1530\" data-end=\"1566\">Capacidade M\u00e1xima de 40.000 Puffs<\/strong> \u2013 Uma contagem de baforadas l\u00edder de mercado garante uma experi\u00eancia de vaporiza\u00e7\u00e3o prolongada.<\/p>\n<\/li>\n<li class=\"\" data-start=\"1638\" data-end=\"1747\">\n<p class=\"\" data-start=\"1640\" data-end=\"1747\"><strong data-start=\"1640\" data-end=\"1674\">Bateria potente de 800mAh<\/strong> \u2013 Oferece desempenho confi\u00e1vel e suporta v\u00e1rias sess\u00f5es de vaporiza\u00e7\u00e3o.<\/p>\n<\/li>\n<li class=\"\" data-start=\"1748\" data-end=\"1827\">\n<p class=\"\" data-start=\"1750\" data-end=\"1827\"><strong data-start=\"1750\" data-end=\"1776\">Carregamento USB Tipo-C<\/strong> \u2013 Carregamento r\u00e1pido e eficiente mant\u00e9m voc\u00ea alimentado.<\/p>\n<\/li>\n<li class=\"\" data-start=\"1828\" data-end=\"1946\">\n<p class=\"\" data-start=\"1830\" data-end=\"1946\"><strong data-start=\"1830\" data-end=\"1859\">Capacidade de E-L\u00edquido 20mL<\/strong> \u2013 Recursos a <strong data-start=\"1873\" data-end=\"1898\">Tanque de l\u00edquido vis\u00edvel<\/strong>, permitindo que voc\u00ea monitore os n\u00edveis de suco com facilidade.<\/p>\n<\/li>\n<li class=\"\" data-start=\"1947\" data-end=\"2047\">\n<p class=\"\" data-start=\"1949\" data-end=\"2047\"><strong data-start=\"1949\" data-end=\"1974\">Fluxo de ar ajust\u00e1vel<\/strong> \u2013 Personalize a sua resist\u00eancia de tiragem para uma experi\u00eancia de vaporiza\u00e7\u00e3o personalizada.<\/p>\n<\/li>\n<li class=\"\" data-start=\"2048\" data-end=\"2168\">\n<p class=\"\" data-start=\"2050\" data-end=\"2168\"><strong data-start=\"2050\" data-end=\"2073\">Tela Curva 3D<\/strong> \u2013 Exibe a vida \u00fatil da bateria, a contagem de puffs e os n\u00edveis de e-l\u00edquido com uma est\u00e9tica moderna e de alta tecnologia.<\/p>\n<\/li>\n<li class=\"\" data-start=\"2169\" data-end=\"2295\">\n<p class=\"\" data-start=\"2171\" data-end=\"2295\"><strong data-start=\"2171\" data-end=\"2205\">50mg (5%) For\u00e7a de Nicotina<\/strong> \u2013 Oferece uma experi\u00eancia de nicotina forte e satisfat\u00f3ria para aqueles que preferem uma experi\u00eancia de nicotina ousada.<\/p>\n<\/li>\n<li class=\"\" data-start=\"2296\" data-end=\"2421\">\n<p class=\"\" data-start=\"2298\" data-end=\"2421\"><strong data-start=\"2298\" data-end=\"2326\">Constru\u00e7\u00e3o Dur\u00e1vel PC\/PCTG<\/strong> \u2013 Materiais de alta qualidade aumentam a durabilidade, mantendo uma <strong data-start=\"2391\" data-end=\"2418\">sensa\u00e7\u00e3o premium e ergon\u00f4mica<\/strong>.<\/p>\n<\/li>\n<li class=\"\" data-start=\"2422\" data-end=\"2540\">\n<p class=\"\" data-start=\"2424\" data-end=\"2540\"><strong data-start=\"2424\" data-end=\"2456\">Pr\u00e9-preenchido e pronto para uso<\/strong> \u2013 Vem totalmente montado e pr\u00e9-preenchido, permitindo que voc\u00ea comece a vaporizar imediatamente.<\/p>\n<\/li>\n<\/ul>\n<p class=\"\" data-start=\"2542\" data-end=\"2693\">Este <strong data-start=\"2547\" data-end=\"2572\">caneta vape rica em recursos<\/strong> fornece um <strong data-start=\"2584\" data-end=\"2619\">experi\u00eancia premium, sem complica\u00e7\u00f5es<\/strong> mantendo <strong data-start=\"2638\" data-end=\"2690\">forte produ\u00e7\u00e3o de vapor e entrega de sabor rica<\/strong>.<\/p>\n<hr class=\"\" data-start=\"2695\" data-end=\"2698\" \/>\n<h2 class=\"\" data-start=\"2700\" data-end=\"2760\"><strong data-start=\"2703\" data-end=\"2758\">Sele\u00e7\u00e3o de Sabor Premium - Personalizada para Cada Paladar<\/strong><\/h2>\n<p class=\"\" data-start=\"2762\" data-end=\"2997\">O <strong data-start=\"2766\" data-end=\"2809\">Nexa Ultra 40.000 Puffs Vape Descart\u00e1vel<\/strong> oferece uma sele\u00e7\u00e3o impressionante de <strong data-start=\"2844\" data-end=\"2875\">25 sabores cuidadosamente elaborados<\/strong>, atendendo a todas as prefer\u00eancias. Quer voc\u00ea anseie por misturas frutadas, geladas, cremosas ou refrescantes de hortel\u00e3, h\u00e1 um sabor para cada vaper.<\/p>\n<h3 class=\"\" data-start=\"2999\" data-end=\"3036\"><strong data-start=\"3003\" data-end=\"3034\">Lista de Sabores &amp; Descri\u00e7\u00f5es:<\/strong><\/h3>\n<ol data-start=\"3038\" data-end=\"5899\">\n<li class=\"\" data-start=\"3038\" data-end=\"3161\">\n<p class=\"\" data-start=\"3041\" data-end=\"3161\"><strong data-start=\"3041\" data-end=\"3059\">Sour Apple Ice<\/strong><br data-start=\"3059\" data-end=\"3062\" \/>Macas verdes crocantes com um toque azedo picante, finalizadas com uma exala\u00e7\u00e3o gelada para um sabor refrescante.<\/p>\n<\/li>\n<li class=\"\" data-start=\"3163\" data-end=\"3282\">\n<p class=\"\" data-start=\"3166\" data-end=\"3282\"><strong data-start=\"3166\" data-end=\"3190\">Mirtilo Melancia<\/strong><br data-start=\"3190\" data-end=\"3193\" \/>Mel\u00e3o suculento fusionado com mirtilos doces para uma mistura frutal perfeitamente equilibrada.<\/p>\n<\/li>\n<li class=\"\" data-start=\"3284\" data-end=\"3407\">\n<p class=\"\" data-start=\"3287\" data-end=\"3407\"><strong data-start=\"3287\" data-end=\"3305\">Melancia Gelo<\/strong><br data-start=\"3305\" data-end=\"3308\" \/>Do\u00e7ura cl\u00e1ssica de melancia combinada com um toque refrescante de mentol para um vape de ver\u00e3o revigorante.<\/p>\n<\/li>\n<li class=\"\" data-start=\"3409\" data-end=\"3543\">\n<p class=\"\" data-start=\"3412\" data-end=\"3543\"><strong data-start=\"3412\" data-end=\"3429\">Blue Razz Ice<\/strong><br data-start=\"3429\" data-end=\"3432\" \/>Uma deliciosa mistura de framboesas azuis \u00e1cidas com um toque de mentol gelado, proporcionando uma experi\u00eancia suave, por\u00e9m \u00e1cida.<\/p>\n<\/li>\n<li class=\"\" data-start=\"3545\" data-end=\"3661\">\n<p class=\"\" data-start=\"3548\" data-end=\"3661\"><strong data-start=\"3548\" data-end=\"3562\">Miami Mint<\/strong><br data-start=\"3562\" data-end=\"3565\" \/>Um sabor refrescante e ousado com notas de hortel\u00e3 inspirado em brisas oce\u00e2nicas frescas e tropicalidade.<\/p>\n<\/li>\n<li class=\"\" data-start=\"3663\" data-end=\"3787\">\n<p class=\"\" data-start=\"3666\" data-end=\"3787\"><strong data-start=\"3666\" data-end=\"3682\">Triplo Berry<\/strong><br data-start=\"3682\" data-end=\"3685\" \/>Uma combina\u00e7\u00e3o luxuosa de morangos, mirtilos e framboesas para uma explos\u00e3o de frutas vermelhas mistas.<\/p>\n<\/li>\n<li class=\"\" data-start=\"3789\" data-end=\"3914\">\n<p class=\"\" data-start=\"3792\" data-end=\"3914\"><strong data-start=\"3792\" data-end=\"3813\">Morango Banana<\/strong><br data-start=\"3813\" data-end=\"3816\" \/>O equil\u00edbrio perfeito de morangos maduros e bananas cremosas para um vape suave e satisfat\u00f3rio.<\/p>\n<\/li>\n<li class=\"\" data-start=\"3916\" data-end=\"4030\">\n<p class=\"\" data-start=\"3919\" data-end=\"4030\"><strong data-start=\"3919\" data-end=\"3932\">Cool Mint \nn\u00e3o, Mint Cool \nou \nMenta Gelada<\/strong><br data-start=\"3932\" data-end=\"3935\" \/>Menta pura e refrescante com um toque gelado - ideal para os amantes de mentol que apreciam uma sensa\u00e7\u00e3o refrescante.<\/p>\n<\/li>\n<li class=\"\" data-start=\"4032\" data-end=\"4153\">\n<p class=\"\" data-start=\"4035\" data-end=\"4153\"><strong data-start=\"4035\" data-end=\"4050\">Mango Oasis<\/strong><br data-start=\"4050\" data-end=\"4053\" \/>Manga ex\u00f3tica com um toque tropical, oferecendo uma inala\u00e7\u00e3o suculenta e doce com um acabamento refrescante.<\/p>\n<\/li>\n<li class=\"\" data-start=\"4155\" data-end=\"4283\">\n<p class=\"\" data-start=\"4159\" data-end=\"4283\"><strong data-start=\"4159\" data-end=\"4174\">Fcuking Fab<\/strong><br data-start=\"4174\" data-end=\"4177\" \/>Uma mistura misteriosa de sabores vibrantes e ousados, projetada para aqueles que amam uma experi\u00eancia frutal inesperada.<\/p>\n<\/li>\n<li class=\"\" data-start=\"4285\" data-end=\"4399\">\n<p class=\"\" data-start=\"4289\" data-end=\"4399\"><strong data-start=\"4289\" data-end=\"4304\">Cherry Bomb<\/strong><br data-start=\"4304\" data-end=\"4307\" \/>Um sabor de cereja profundo e rico, com do\u00e7ura intensa semelhante a bala e um retrogosto \u00e1cido.<\/p>\n<\/li>\n<li class=\"\" data-start=\"4401\" data-end=\"4497\">\n<p class=\"\" data-start=\"4405\" data-end=\"4497\"><strong data-start=\"4405\" data-end=\"4424\">Gelo de Gummy Branco<\/strong><br data-start=\"4424\" data-end=\"4427\" \/>Um sabor de confeito gelatinoso branco nost\u00e1lgico com um acabamento refrescante e gelado.<\/p>\n<\/li>\n<li class=\"\" data-start=\"4499\" data-end=\"4612\">\n<p class=\"\" data-start=\"4503\" data-end=\"4612\"><strong data-start=\"4503\" data-end=\"4512\">B-Pop<\/strong><br data-start=\"4512\" data-end=\"4515\" \/>Uma mistura inspirada em chiclete divertida que entrega um sabor doce e mastig\u00e1vel com um toque de fruta.<\/p>\n<\/li>\n<li class=\"\" data-start=\"4614\" data-end=\"4728\">\n<p class=\"\" data-start=\"4618\" data-end=\"4728\"><strong data-start=\"4618\" data-end=\"4639\">Georgia Peach Ice<\/strong><br data-start=\"4639\" data-end=\"4642\" \/>P\u00eassegos suculentos do sul com um acabamento gelado para um vape fresco, doce e refrescante.<\/p>\n<\/li>\n<li class=\"\" data-start=\"4730\" data-end=\"4849\">\n<p class=\"\" data-start=\"4734\" data-end=\"4849\"><strong data-start=\"4734\" data-end=\"4752\">Sorvete de Morango<\/strong><br data-start=\"4752\" data-end=\"4755\" \/>Morangos frescos cobertos por uma camada de mentol gelado para uma experi\u00eancia docemente arrefecedora.<\/p>\n<\/li>\n<li class=\"\" data-start=\"4851\" data-end=\"4956\">\n<p class=\"\" data-start=\"4855\" data-end=\"4956\"><strong data-start=\"4855\" data-end=\"4874\">Mel\u00e3o Azedo<\/strong><br data-start=\"4874\" data-end=\"4877\" \/>Um sabor de bala de melancia picante com um toque azedo e um final refrescante.<\/p>\n<\/li>\n<li class=\"\" data-start=\"4958\" data-end=\"5124\">\n<p class=\"\" data-start=\"4962\" data-end=\"5124\"><strong data-start=\"4962\" data-end=\"4978\">Mel\u00e3o Drag\u00e3o<\/strong> <em data-start=\"4979\" data-end=\"5015\">(Mel\u00e3o + P\u00eara + Fruta do Drag\u00e3o)<\/em><br data-start=\"5015\" data-end=\"5018\" \/>Uma mistura tropical de mel\u00e3o suculento, pera crocante e fruta drag\u00e3o ex\u00f3tica para uma combina\u00e7\u00e3o frutal \u00fanica.<\/p>\n<\/li>\n<li class=\"\" data-start=\"5126\" data-end=\"5243\">\n<p class=\"\" data-start=\"5130\" data-end=\"5243\"><strong data-start=\"5130\" data-end=\"5146\">Winter Green<\/strong><br data-start=\"5146\" data-end=\"5149\" \/>Uma mistura fresca e crocante de wintergreen, oferecendo uma sensa\u00e7\u00e3o refrescante de hortel\u00e3 a cada inala\u00e7\u00e3o.<\/p>\n<\/li>\n<li class=\"\" data-start=\"5245\" data-end=\"5395\">\n<p class=\"\" data-start=\"5249\" data-end=\"5395\"><strong data-start=\"5249\" data-end=\"5264\">Rosa e Azul<\/strong> <em data-start=\"5265\" data-end=\"5287\">(Pink Blueberry Ice) \n(Pink Blueberry Gelo)<\/em><br data-start=\"5287\" data-end=\"5290\" \/>Uma del\u00edcia infundida com frutas vermelhas e sabores de mirtilo doces e \u00e1cidos, finalizada com um toque gelado refrescante.<\/p>\n<\/li>\n<li class=\"\" data-start=\"5397\" data-end=\"5504\">\n<p class=\"\" data-start=\"5401\" data-end=\"5504\"><strong data-start=\"5401\" data-end=\"5415\">Cinna Roll<\/strong><br data-start=\"5415\" data-end=\"5418\" \/>Bolo de canela quente coberto com uma cobertura rica e cremosa - perfeito para os amantes de sobremesas.<\/p>\n<\/li>\n<li class=\"\" data-start=\"5506\" data-end=\"5639\">\n<p class=\"\" data-start=\"5510\" data-end=\"5639\"><strong data-start=\"5510\" data-end=\"5531\">Strawberry Colada<\/strong><br data-start=\"5531\" data-end=\"5534\" \/>Uma viagem tropical em cada tragada, misturando coco cremoso, morangos doces e abacaxi suculento.<\/p>\n<\/li>\n<li class=\"\" data-start=\"5641\" data-end=\"5757\">\n<p class=\"\" data-start=\"5645\" data-end=\"5757\"><strong data-start=\"5645\" data-end=\"5670\">Shake de Goiaba e Abacaxi<\/strong><br data-start=\"5670\" data-end=\"5673\" \/>Guava ex\u00f3tica e abacaxi maduro misturados em um sabor de milkshake suave e cremoso.<\/p>\n<\/li>\n<li class=\"\" data-start=\"5759\" data-end=\"5899\">\n<p class=\"\" data-start=\"5763\" data-end=\"5899\"><strong data-start=\"5763\" data-end=\"5779\">Citrus Bliss<\/strong> <em data-start=\"5780\" data-end=\"5802\">(Wild Orange + P\u00eara)<\/em><br data-start=\"5802\" data-end=\"5805\" \/>Uma explos\u00e3o c\u00edtrica de laranja combinada com a do\u00e7ura sutil de p\u00eara para um vape frutado equilibrado.<\/p>\n<\/li>\n<\/ol>\n<p class=\"\" data-start=\"5901\" data-end=\"6035\">Cada um destes <strong data-start=\"5915\" data-end=\"5934\">sabores premium<\/strong> \u00e9 elaborado para entregar um <strong data-start=\"5959\" data-end=\"5982\">rico e satisfat\u00f3rio<\/strong> experi\u00eancia, garantindo que cada tragada seja agrad\u00e1vel.<\/p>\n<hr class=\"\" data-start=\"6037\" data-end=\"6040\" \/>\n<h2 class=\"\" data-start=\"6042\" data-end=\"6116\"><strong data-start=\"6045\" data-end=\"6114\">Por que escolher o Nexa Ultra 800mAh 20ml (40.000 Puffs) Vape Descart\u00e1vel?<\/strong><\/h2>\n<p class=\"\" data-start=\"6118\" data-end=\"6648\">\u2714 <strong data-start=\"6120\" data-end=\"6155\">Vape descart\u00e1vel de longa dura\u00e7\u00e3o<\/strong> com at\u00e9 <strong data-start=\"6167\" data-end=\"6183\">40.000 puffs<\/strong> No modo normal.<br data-start=\"6199\" data-end=\"6202\" \/>\u2714 <strong data-start=\"6204\" data-end=\"6227\">Dois ajustes de pot\u00eancia<\/strong> permitir que os usu\u00e1rios alternem entre <strong data-start=\"6258\" data-end=\"6305\">Modo Turbo (25K puffs) e Modo Normal (40K puffs)<\/strong>.<br data-start=\"6306\" data-end=\"6309\" \/>\u2714 <strong data-start=\"6311\" data-end=\"6356\">Tanque de l\u00edquido vis\u00edvel e display curvo 3D<\/strong> oferecer uma experi\u00eancia intuitiva e amig\u00e1vel.<br data-start=\"6404\" data-end=\"6407\" \/>\u2714 <strong data-start=\"6409\" data-end=\"6448\">Configura\u00e7\u00f5es de fluxo de ar e pot\u00eancia ajust\u00e1veis<\/strong> atender a todas as prefer\u00eancias de vaporiza\u00e7\u00e3o.<br data-start=\"6481\" data-end=\"6484\" \/>\u2714 <strong data-start=\"6486\" data-end=\"6505\">Sabores premium<\/strong> com e-l\u00edquido de alta qualidade para <strong data-start=\"6537\" data-end=\"6564\">puffs suaves e saborosos<\/strong>.<br data-start=\"6565\" data-end=\"6568\" \/>\u2714 <strong data-start=\"6570\" data-end=\"6598\">Carregamento r\u00e1pido USB Tipo-C<\/strong> mant\u00e9m o dispositivo alimentado com tempo de inatividade m\u00ednimo.<\/p>\n<hr class=\"\" data-start=\"6650\" data-end=\"6653\" \/>\n<h2 class=\"\" data-start=\"6655\" data-end=\"6721\"><strong data-start=\"6658\" data-end=\"6719\">Onde Comprar o Nexa Ultra 40,000 Puffs Vape Descart\u00e1vel?<\/strong><\/h2>\n<p class=\"\" data-start=\"6723\" data-end=\"6939\">O <strong data-start=\"6727\" data-end=\"6801\">Caneta Vape Descart\u00e1vel Recarreg\u00e1vel Nexa Ultra 800mAh 20ml (40.000 Puffs)<\/strong> est\u00e1 dispon\u00edvel exclusivamente em <strong data-start=\"6830\" data-end=\"6875\"><a class=\"\" href=\"https:\/\/fumotxpress.de\/pt\/\" target=\"_new\" rel=\"noopener\" data-start=\"6832\" data-end=\"6873\">FumotXpress.de<\/a><\/strong> \u2013 <strong data-start=\"6878\" data-end=\"6936\">Maior varejista online da Alemanha para vaporizadores descart\u00e1veis<\/strong>.<\/p>\n<h3 class=\"\" data-start=\"6941\" data-end=\"6979\"><strong data-start=\"6945\" data-end=\"6977\">Por que Comprar na FumotXpress.de?<\/strong><\/h3>\n<p class=\"\" data-start=\"6981\" data-end=\"7188\">\u2705 <strong data-start=\"6983\" data-end=\"7003\">Sem pedido m\u00ednimo<\/strong> \u2013 Comprar de <strong data-start=\"7020\" data-end=\"7036\">apenas 1 pe\u00e7a<\/strong><br data-start=\"7036\" data-end=\"7039\" \/>\u2705 <strong data-start=\"7041\" data-end=\"7061\">Envio r\u00e1pido pela UE<\/strong> \u2013 <strong data-start=\"7064\" data-end=\"7084\">Entrega em 3-7 dias<\/strong> do nosso armaz\u00e9m europeu<br data-start=\"7112\" data-end=\"7115\" \/>\u2705 <strong data-start=\"7117\" data-end=\"7144\">100% Produtos Aut\u00eanticos<\/strong> \u2013 Vapes originais de alta qualidade garantidos<\/p>\n<p class=\"\" data-start=\"7190\" data-end=\"7322\">Atualize sua experi\u00eancia de vaporiza\u00e7\u00e3o hoje com o <strong data-start=\"7236\" data-end=\"7279\">Nexa Ultra <a href=\"https:\/\/fumotxpress.de\/pt\/\">40.000 Puffs Vape Descart\u00e1vel<\/a><\/strong>\u2014<strong data-start=\"7280\" data-end=\"7319\">onde a inova\u00e7\u00e3o encontra o desempenho.<\/strong> \ud83d\ude80<\/p>","protected":false},"excerpt":{"rendered":"<p><strong data-start=\"6727\" data-end=\"6801\">Caneta Vape Descart\u00e1vel Recarreg\u00e1vel Nexa Ultra 800mAh 20ml (40.000 Puffs)<\/strong> est\u00e1 dispon\u00edvel exclusivamente em <strong data-start=\"6830\" data-end=\"6875\"><a class=\"\" href=\"https:\/\/fumotxpress.de\/pt\/\" target=\"_new\" rel=\"noopener\" data-start=\"6832\" data-end=\"6873\">FumotXpress.de<\/a><\/strong> \u2013 <strong data-start=\"6878\" data-end=\"6936\">Maior varejista online da Alemanha para vaporizadores descart\u00e1veis<\/strong><\/p>","protected":false},"featured_media":3638,"comment_status":"open","ping_status":"closed","template":"","meta":{"om_disable_all_campaigns":false},"product_brand":[],"product_cat":[133],"product_tag":[],"class_list":{"0":"post-3598","1":"product","2":"type-product","3":"status-publish","4":"has-post-thumbnail","6":"product_cat-nexa-ultra","8":"first","9":"instock","10":"shipping-taxable","11":"purchasable","12":"product-type-variable"},"_links":{"self":[{"href":"https:\/\/fumotxpress.de\/pt\/wp-json\/wp\/v2\/product\/3598","targetHints":{"allow":["GET"]}}],"collection":[{"href":"https:\/\/fumotxpress.de\/pt\/wp-json\/wp\/v2\/product"}],"about":[{"href":"https:\/\/fumotxpress.de\/pt\/wp-json\/wp\/v2\/types\/product"}],"replies":[{"embeddable":true,"href":"https:\/\/fumotxpress.de\/pt\/wp-json\/wp\/v2\/comments?post=3598"}],"wp:featuredmedia":[{"embeddable":true,"href":"https:\/\/fumotxpress.de\/pt\/wp-json\/wp\/v2\/media\/3638"}],"wp:attachment":[{"href":"https:\/\/fumotxpress.de\/pt\/wp-json\/wp\/v2\/media?parent=3598"}],"wp:term":[{"taxonomy":"product_brand","embeddable":true,"href":"https:\/\/fumotxpress.de\/pt\/wp-json\/wp\/v2\/product_brand?post=3598"},{"taxonomy":"product_cat","embeddable":true,"href":"https:\/\/fumotxpress.de\/pt\/wp-json\/wp\/v2\/product_cat?post=3598"},{"taxonomy":"product_tag","embeddable":true,"href":"https:\/\/fumotxpress.de\/pt\/wp-json\/wp\/v2\/product_tag?post=3598"}],"curies":[{"name":"wp","href":"https:\/\/api.w.org\/{rel}","templated":true}]}}