{"id":3570,"date":"2025-04-02T13:50:56","date_gmt":"2025-04-02T13:50:56","guid":{"rendered":"https:\/\/fumotxpress.de\/?post_type=product&#038;p=3570"},"modified":"2025-05-20T09:51:56","modified_gmt":"2025-05-20T09:51:56","slug":"vozol-gear-shisha-20000-puffs-nicotine-buy-original-authentisch-rechargeable-disposable-vapes-pen","status":"publish","type":"product","link":"https:\/\/fumotxpress.de\/pt\/produto\/vozol-gear-shisha-20000-puffs-nicotine-buy-original-authentisch-rechargeable-disposable-vapes-pen\/","title":{"rendered":"VOZOL Gear Power 20K Puffs Nicotina Compre Original Aut\u00eantico Vapes Pen Recarreg\u00e1vel Descart\u00e1vel"},"content":{"rendered":"<article class=\"text-token-text-primary w-full\" dir=\"auto\" data-testid=\"conversation-turn-6\" data-scroll-anchor=\"false\">\n<div class=\"text-base my-auto mx-auto py-5 px-6\">\n<div class=\"mx-auto flex flex-1 text-base gap-4 md:gap-5 lg:gap-6 md:max-w-3xl lg:max-w-[40rem] xl:max-w-[48rem] group\/turn-messages focus-visible:outline-hidden\" tabindex=\"-1\">\n<div class=\"group\/conversation-turn relative flex w-full min-w-0 flex-col agent-turn @xs\/thread:px-0 @sm\/thread:px-1.5 @md\/thread:px-4\">\n<div class=\"relative flex-col gap-1 md:gap-3\">\n<div class=\"flex max-w-full flex-col grow\">\n<div class=\"min-h-8 text-message relative flex w-full flex-col items-end gap-2 text-start break-words whitespace-normal [.text-message+&amp;]:mt-5\" dir=\"auto\" data-message-author-role=\"assistant\" data-message-id=\"f59f8660-f9df-483a-8b46-3e34e0a965d9\" data-message-model-slug=\"gpt-4o\">\n<div class=\"flex w-full flex-col gap-1 empty:hidden first:pt-[3px]\">\n<div class=\"markdown prose dark:prose-invert w-full break-words light\">\n<h2 class=\"\" data-start=\"0\" data-end=\"92\"><strong data-start=\"3\" data-end=\"90\"><a href=\"https:\/\/fumotxpress.de\/pt\/\">VOZOL Gear Power 20K<\/a> Vape Descart\u00e1vel \u2013 A Experi\u00eancia de Vaporiza\u00e7\u00e3o de Alta Capacidade Definitiva<\/strong><\/h2>\n<p class=\"\" data-start=\"94\" data-end=\"643\">Para vapers que exigem desempenho excepcional, longevidade e inova\u00e7\u00e3o de ponta, o <strong data-start=\"185\" data-end=\"225\">VOZOL Gear Power 20K Vape Descart\u00e1vel<\/strong> destaca-se como um divisor de \u00e1guas. Projetado com <strong data-start=\"268\" data-end=\"291\">Tecnologia S.i.L.C.<\/strong>este dispositivo garante que as tragadas sejam extremamente suaves e consistentes, maximizando ambas <strong data-start=\"364\" data-end=\"384\">intensidade do sabor<\/strong> e <strong data-start=\"389\" data-end=\"409\">produ\u00e7\u00e3o de vapor<\/strong>. Projetado para aqueles que valorizam tanto a conveni\u00eancia quanto recursos avan\u00e7ados, o VOZOL Gear 20K oferece <strong data-start=\"506\" data-end=\"532\">dois modos de pot\u00eancia exclusivos<\/strong>um <strong data-start=\"537\" data-end=\"572\">tela inteligente de tela cheia<\/strong>e um <strong data-start=\"580\" data-end=\"605\">sistema de bobina de malha dupla<\/strong> para a experi\u00eancia de vaporiza\u00e7\u00e3o definitiva.<\/p>\n<h3 class=\"\" data-start=\"645\" data-end=\"698\"><strong data-start=\"649\" data-end=\"696\">Desempenho Inigual\u00e1vel com Dois Modos de Alimenta\u00e7\u00e3o<\/strong><\/h3>\n<p class=\"\" data-start=\"700\" data-end=\"809\">O <strong data-start=\"704\" data-end=\"728\"><a href=\"https:\/\/fumotxpress.de\/pt\/\">VOZOL<\/a> Gear Power 20K<\/strong> \u00e9 projetado para satisfa\u00e7\u00e3o prolongada com seu exclusivo <strong data-start=\"783\" data-end=\"806\">configura\u00e7\u00f5es de dupla pot\u00eancia<\/strong>:<\/p>\n<ul data-start=\"810\" data-end=\"996\">\n<li class=\"\" data-start=\"810\" data-end=\"898\">\n<p class=\"\" data-start=\"812\" data-end=\"898\"><strong data-start=\"812\" data-end=\"839\">Modo Eco (20.000 Puffs)<\/strong> \u2013 Maximiza a longevidade para uma experi\u00eancia de vaporiza\u00e7\u00e3o prolongada.<\/p>\n<\/li>\n<li class=\"\" data-start=\"899\" data-end=\"996\">\n<p class=\"\" data-start=\"901\" data-end=\"996\"><strong data-start=\"901\" data-end=\"930\">Modo de Energia (12.000 Puffs)<\/strong> \u2013 Aumenta a produ\u00e7\u00e3o de vapor e a intensidade para uma tragada ousada e rica.<\/p>\n<\/li>\n<\/ul>\n<p class=\"\" data-start=\"998\" data-end=\"1157\">Este sistema flex\u00edvel permite que voc\u00ea personalize sua experi\u00eancia de vaporiza\u00e7\u00e3o com base em suas <strong data-start=\"1080\" data-end=\"1115\">intensidade e longevidade desejadas<\/strong>, tornando-o um ajuste perfeito para qualquer vaper.<\/p>\n<h3 class=\"\" data-start=\"1159\" data-end=\"1212\"><strong data-start=\"1163\" data-end=\"1210\">Recursos Avan\u00e7ados para uma Experi\u00eancia Tranquila<\/strong><\/h3>\n<p class=\"\" data-start=\"1214\" data-end=\"1317\">O <strong data-start=\"1218\" data-end=\"1242\">VOZOL Gear Power 20K<\/strong> est\u00e1 repleto de aprimoramentos de alta tecnologia que elevam cada sess\u00e3o de vaporiza\u00e7\u00e3o:<\/p>\n<ul data-start=\"1319\" data-end=\"1854\">\n<li class=\"\" data-start=\"1319\" data-end=\"1417\">\n<p class=\"\" data-start=\"1321\" data-end=\"1417\"><strong data-start=\"1321\" data-end=\"1347\">Tecnologia S.i.L.C.<\/strong> \u2013 Garante desenhos ultra-suaves e consistentes com fluxo de ar otimizado.<\/p>\n<\/li>\n<li class=\"\" data-start=\"1418\" data-end=\"1522\">\n<p class=\"\" data-start=\"1420\" data-end=\"1522\"><strong data-start=\"1420\" data-end=\"1448\">Sistema de Bobina de Malha Dupla<\/strong> \u2013 Entrega sabores intensos e corpulentos com produ\u00e7\u00e3o de vapor aprimorada.<\/p>\n<\/li>\n<li class=\"\" data-start=\"1523\" data-end=\"1614\">\n<p class=\"\" data-start=\"1525\" data-end=\"1614\"><strong data-start=\"1525\" data-end=\"1549\">Tela de Visualiza\u00e7\u00e3o Completa<\/strong> \u2013 Monitoramento em tempo real da bateria e do e-l\u00edquido para controle total.<\/p>\n<\/li>\n<li class=\"\" data-start=\"1615\" data-end=\"1739\">\n<p class=\"\" data-start=\"1617\" data-end=\"1739\"><strong data-start=\"1617\" data-end=\"1648\">20mL de E-L\u00edquido Pr\u00e9-Preenchido<\/strong> \u2013 Grande capacidade preenchida com <strong data-start=\"1678\" data-end=\"1700\">5% (50mg) nicotina<\/strong>garantindo uma satisfa\u00e7\u00e3o duradoura.<\/p>\n<\/li>\n<li class=\"\" data-start=\"1740\" data-end=\"1854\">\n<p class=\"\" data-start=\"1742\" data-end=\"1854\"><strong data-start=\"1742\" data-end=\"1768\">Desenho Recarreg\u00e1vel<\/strong> \u2013 Ecol\u00f3gico e econ\u00f4mico, permitindo que voc\u00ea obtenha o m\u00e1ximo do seu dispositivo.<\/p>\n<\/li>\n<\/ul>\n<p class=\"\" data-start=\"1856\" data-end=\"2039\">O <strong data-start=\"1860\" data-end=\"1891\">tela digital de tela cheia<\/strong> \u00e9 um recurso de destaque, oferecendo uma maneira intuitiva de rastrear <strong data-start=\"1950\" data-end=\"1986\">vida \u00fatil da bateria e n\u00edveis de e-l\u00edquido<\/strong>para que voc\u00ea nunca experimente interrup\u00e7\u00f5es inesperadas.<\/p>\n<h3 class=\"\" data-start=\"2041\" data-end=\"2087\"><strong data-start=\"2045\" data-end=\"2085\">Por que escolher o VOZOL Gear Power 20K?<\/strong><\/h3>\n<ul data-start=\"2089\" data-end=\"2511\">\n<li class=\"\" data-start=\"2089\" data-end=\"2170\">\n<p class=\"\" data-start=\"2091\" data-end=\"2170\"><strong data-start=\"2091\" data-end=\"2119\">Capacidade de Puff Estendida<\/strong> \u2013 At\u00e9 <strong data-start=\"2128\" data-end=\"2144\">20.000 puffs<\/strong> para uso duradouro.<\/p>\n<\/li>\n<li class=\"\" data-start=\"2171\" data-end=\"2251\">\n<p class=\"\" data-start=\"2173\" data-end=\"2251\"><strong data-start=\"2173\" data-end=\"2202\">Sabor Superior &amp; Vapor<\/strong> \u2013 O sistema de bobina de dupla malha melhora cada inala\u00e7\u00e3o.<\/p>\n<\/li>\n<li class=\"\" data-start=\"2252\" data-end=\"2337\">\n<p class=\"\" data-start=\"2254\" data-end=\"2337\"><strong data-start=\"2254\" data-end=\"2282\">\u2705 Design Inteligente e Estiloso<\/strong> \u2013 F\u00e1cil de ler <strong data-start=\"2298\" data-end=\"2318\">tela de visualiza\u00e7\u00e3o completa<\/strong> por conveni\u00eancia.<\/p>\n<\/li>\n<li class=\"\" data-start=\"2338\" data-end=\"2426\">\n<p class=\"\" data-start=\"2340\" data-end=\"2426\"><strong data-start=\"2340\" data-end=\"2370\">\u2705 Recarreg\u00e1vel e Eficiente<\/strong> \u2013 <strong data-start=\"2373\" data-end=\"2389\">Amig\u00e1vel ao meio ambiente<\/strong> escolha sem comprometer a pot\u00eancia.<\/p>\n<\/li>\n<li class=\"\" data-start=\"2427\" data-end=\"2511\">\n<p class=\"\" data-start=\"2429\" data-end=\"2511\"><strong data-start=\"2429\" data-end=\"2457\">Alta For\u00e7a de Nicotina<\/strong> \u2013 <strong data-start=\"2460\" data-end=\"2482\">5% (50mg) nicotina<\/strong> para batidas profundas e satisfat\u00f3rias.<\/p>\n<\/li>\n<\/ul>\n<p class=\"\" data-start=\"2513\" data-end=\"2659\">Seja voc\u00ea est\u00e1 procurando por <strong data-start=\"2540\" data-end=\"2603\">longevidade, recursos inteligentes ou uma experi\u00eancia de vaporiza\u00e7\u00e3o aprimorada<\/strong>, o <strong data-start=\"2609\" data-end=\"2633\">VOZOL Gear Power 20K<\/strong> atende em todos os aspectos.<\/p>\n<h3 class=\"\" data-start=\"2661\" data-end=\"2709\"><strong data-start=\"2665\" data-end=\"2707\">Onde Comprar o VOZOL Gear Power 20K?<\/strong><\/h3>\n<p class=\"\" data-start=\"2711\" data-end=\"2916\">O <strong data-start=\"2715\" data-end=\"2755\">VOZOL Gear Power 20K Vape Descart\u00e1vel<\/strong> est\u00e1 dispon\u00edvel para compra exclusivamente em <strong data-start=\"2797\" data-end=\"2842\"><a class=\"\" href=\"https:\/\/fumotxpress.de\/pt\/\" target=\"_new\" rel=\"noopener\" data-start=\"2799\" data-end=\"2840\">FumotXpress.de<\/a><\/strong> \u2013 <strong data-start=\"2845\" data-end=\"2903\">Maior varejista online da Alemanha para vaporizadores descart\u00e1veis<\/strong>. Oferecemos:<\/p>\n<p class=\"\" data-start=\"2918\" data-end=\"3112\">\u2714 <strong data-start=\"2920\" data-end=\"2952\">Sem requisito de pedido m\u00ednimo<\/strong> \u2013 Compre de <strong data-start=\"2964\" data-end=\"2980\">apenas 1 pe\u00e7a<\/strong><br data-start=\"2980\" data-end=\"2983\" \/>\u2714 <strong data-start=\"2985\" data-end=\"3005\">Envio r\u00e1pido pela UE<\/strong> \u2013 <strong data-start=\"3008\" data-end=\"3028\">Entrega em 3-7 dias<\/strong> do nosso armaz\u00e9m europeu<br data-start=\"3056\" data-end=\"3059\" \/>\u2714 <strong data-start=\"3061\" data-end=\"3088\">100% Produtos Aut\u00eanticos<\/strong> \u2013 Compre com confian\u00e7a<\/p>\n<p class=\"\" data-start=\"3114\" data-end=\"3243\">Atualize sua experi\u00eancia de vaporiza\u00e7\u00e3o hoje com o <strong data-start=\"3160\" data-end=\"3184\">VOZOL Gear Power 20K<\/strong> \u2013 <strong data-start=\"3187\" data-end=\"3239\">pot\u00eancia, desempenho e perfei\u00e7\u00e3o em cada tragada<\/strong>.<\/p>\n<\/div>\n<\/div>\n<\/div>\n<\/div>\n<div class=\"flex absolute right-0 left-0 flex justify-start\">\n<div class=\"touch:-me-2 touch:-ms-3.5 -ms-2.5 -me-1 flex items-center p-1 select-none -mt-1 focus-within:transition-none hover:transition-none duration-500 group-hover\/turn-messages:delay-300 pointer-events-none [mask-image:linear-gradient(to_right,black_33%,transparent_66%)] [mask-position:100%_0%] [mask-size:300%_100%] motion-safe:transition-[mask-position] group-hover\/turn-messages:pointer-events-auto group-hover\/turn-messages:[mask-position:0_0] group-focus-within\/turn-messages:pointer-events-auto group-focus-within\/turn-messages:[mask-position:0_0] has-data-[state=open]:pointer-events-auto has-data-[state=open]:[mask-position:0_0]\"><\/div>\n<\/div>\n<\/div>\n<\/div>\n<\/div>\n<\/div>\n<\/article>","protected":false},"excerpt":{"rendered":"<p>Compre o <strong data-start=\"8\" data-end=\"48\">VOZOL Gear Power 20K Vape Descart\u00e1vel<\/strong> em \nno \na \npara \nde \nna \npor \ncom \ncontra \nsem \nsob \nsobre \nap\u00f3s \nantes \ndurante \nentre \ndesde \ndentro \nfora \nmediante \npara \nsem \nsob \nsobre \natr\u00e1s \nperto \nlonge \ndiante \njunto \nacima \nabaixo \nal\u00e9m \naqu\u00e9m \naqui \n acol\u00e1 \nl\u00e1 \nca \neu \ntu \nele \nn\u00f3s \nv\u00f3s \neles \nme \nte \no \na \nse \nnos \nvos \nse \nsi \nmim \nti \nsi \nn\u00f3s \nv\u00f3s \neles \nse \nme \nte \nse \nnos \nvos \nsi \nmim \nti \nsi \neu \ntu \nele \nn\u00f3s \nv\u00f3s \neles \nde \na \no \nque \nquem \nqual \nquais \nque \nquais \ncujo \ncuja \ncujos \ncuja \ncujas \nque \nquem \nque \no \na \nos \nas \nolhando \nolhando \nvendo \nvendo \nouvindo \nouvindo \nfazendo \ndizendo \ndisser \ndissera \ndisse \ndizia \ndize \ndizei \ndiz \ndizem \ndizia \ndiz\u00edamos \ndiz\u00edeis \ndiziam \ndiz \ndiz \ndize \ndizemos \ndizeis \ndizem \ndizia \ndizias \ndizia \ndiz\u00edamos \ndiz\u00edeis \ndiziam \ndiz \ndiz \ndize \ndiz \ndizemos \ndizei \ndiz \ndizem \ndissera \ndisseras \ndissera \ndisseramos \ndisserdes \ndisseram \ndisse \ndisser \ndisse \ndissera \ndisseramos \ndisserdes \ndisseram \ndisse \ndisser \ndisse \ndisser \ndisse \ndisser \ndisse \ndisser \ndisse \ndisser \ndisse \ndisser \ndisse \ndisser \ndisse \ndisser \ndisse \ndisser \ndisse \ndisser \ndisse \ndisser \ndisse \ndisser \ndisse \ndisser \ndisse \ndisser \ndisse \ndisser \ndisse \ndisser \ndisse \ndisser \ndisse \ndisser \ndisse \ndisser \ndisse \ndisser \ndisse \ndisser \ndisse \ndisser \ndisse \ndisser \ndisse \ndisser \ndisse \ndisser \ndisse \ndisser \ndisse \ndisser \ndisse \ndisser \ndisse \ndisser \ndisse \ndisser \ndisse \ndisser \ndisse \ndisser \ndisse \ndisser \ndisse \ndisser \ndisse \ndisser \ndisse \ndisser \ndisse \ndisser \ndisse \ndisser \ndisse \ndisser \ndisse \ndisser \ndisse \ndisser \ndisse \ndisser \ndisse \ndisser \ndisse \ndisser \ndisse \ndisser \ndisse \ndisser \ndisse \ndisser \ndisse \ndisser \ndisse \ndisser \ndisse \ndisser \ndisse \ndisser \ndisse \ndisser \ndisse \ndisser \ndisse \ndisser \ndisse \ndisser \ndisse \ndisser \ndisse \ndisser \ndisse \ndisassistant\n\nat -&gt; em \nNo entanto, \"at\" geralmente \u00e9 traduzido como \"em\" ou \"no\". Sem mais contexto, a melhor tradu\u00e7\u00e3o \u00e9:\n\nem <strong data-start=\"52\" data-end=\"70\">FumotXpress.de<\/strong> \u2013 at\u00e9 <strong data-start=\"79\" data-end=\"95\">20.000 puffs<\/strong>, <strong data-start=\"97\" data-end=\"117\">modos de dupla pot\u00eancia<\/strong>, <strong data-start=\"119\" data-end=\"142\">tela cheia<\/strong>e <strong data-start=\"148\" data-end=\"176\">rich 5% sabores de nicotina<\/strong>. Envio r\u00e1pido para a UE em <strong data-start=\"198\" data-end=\"210\">3-7 dias<\/strong>!<\/p>","protected":false},"featured_media":3593,"comment_status":"open","ping_status":"closed","template":"","meta":{"om_disable_all_campaigns":false},"product_brand":[],"product_cat":[23],"product_tag":[],"class_list":{"0":"post-3570","1":"product","2":"type-product","3":"status-publish","4":"has-post-thumbnail","6":"product_cat-vozol-disposable-vapes","8":"first","9":"instock","10":"shipping-taxable","11":"purchasable","12":"product-type-variable"},"_links":{"self":[{"href":"https:\/\/fumotxpress.de\/pt\/wp-json\/wp\/v2\/product\/3570","targetHints":{"allow":["GET"]}}],"collection":[{"href":"https:\/\/fumotxpress.de\/pt\/wp-json\/wp\/v2\/product"}],"about":[{"href":"https:\/\/fumotxpress.de\/pt\/wp-json\/wp\/v2\/types\/product"}],"replies":[{"embeddable":true,"href":"https:\/\/fumotxpress.de\/pt\/wp-json\/wp\/v2\/comments?post=3570"}],"wp:featuredmedia":[{"embeddable":true,"href":"https:\/\/fumotxpress.de\/pt\/wp-json\/wp\/v2\/media\/3593"}],"wp:attachment":[{"href":"https:\/\/fumotxpress.de\/pt\/wp-json\/wp\/v2\/media?parent=3570"}],"wp:term":[{"taxonomy":"product_brand","embeddable":true,"href":"https:\/\/fumotxpress.de\/pt\/wp-json\/wp\/v2\/product_brand?post=3570"},{"taxonomy":"product_cat","embeddable":true,"href":"https:\/\/fumotxpress.de\/pt\/wp-json\/wp\/v2\/product_cat?post=3570"},{"taxonomy":"product_tag","embeddable":true,"href":"https:\/\/fumotxpress.de\/pt\/wp-json\/wp\/v2\/product_tag?post=3570"}],"curies":[{"name":"wp","href":"https:\/\/api.w.org\/{rel}","templated":true}]}}